{"id":651439,"date":"2026-01-07T11:53:28","date_gmt":"2026-01-07T10:53:28","guid":{"rendered":"https:\/\/www.daisho.be\/produit\/expander-widerstandsbaender-5-stueck\/"},"modified":"2026-03-04T15:57:49","modified_gmt":"2026-03-04T14:57:49","slug":"expander-widerstandsbaender-5-stueck","status":"publish","type":"product","link":"https:\/\/www.daisho.be\/de\/produit\/expander-widerstandsbaender-5-stueck\/","title":{"rendered":"Expander Widerstandsb\u00e4nder (5 St\u00fcck)"},"content":{"rendered":"<p>Expander &#8211; Die Widerstandsb\u00e4nder erm\u00f6glichen ein effektives und abwechslungsreiches Ganzk\u00f6rpertraining aller Muskelgruppen.<br \/>\nMit den f\u00fcnf verschiedenen Gurten k\u00f6nnen 29 verschiedene Widerstandsstufen kombiniert werden. Dadurch k\u00f6nnen die Trainingsanreize gezielt gesteigert und variiert werden.<br \/>\nDas 11-teilige Set mit viel Zubeh\u00f6r ist sowohl f\u00fcr Anf\u00e4nger als auch f\u00fcr erfahrene Athleten geeignet. Das Set ist der ideale Begleiter f\u00fcr das Training zu Hause, im B\u00fcro oder unterwegs.<br \/>\nInhalt: 5 Widerstandsb\u00e4nder in verschiedenen H\u00e4rtegraden, L\u00e4nge 120cm), 2 gepolsterte Griffe, 2 Fu\u00dfgurte, 1 T\u00fcranker, 1 Aufbewahrungstasche.  <\/p>\n","protected":false},"excerpt":{"rendered":"<p>Expander &#8211; Die Widerstandsb\u00e4nder erm\u00f6glichen ein effektives und abwechslungsreiches Ganzk\u00f6rpertraining aller Muskelgruppen. Mit den f\u00fcnf verschiedenen Gurten k\u00f6nnen 29 verschiedene Widerstandsstufen kombiniert werden. Dadurch k\u00f6nnen die Trainingsanreize gezielt gesteigert und variiert werden. Das 11-teilige Set mit viel Zubeh\u00f6r ist sowohl f\u00fcr Anf\u00e4nger als auch f\u00fcr erfahrene Athleten geeignet. Das Set ist der ideale Begleiter f\u00fcr [&hellip;]<\/p>\n","protected":false},"featured_media":665846,"comment_status":"open","ping_status":"closed","template":"","meta":{"inline_featured_image":false},"product_brand":[],"product_cat":[2055,2043],"product_tag":[2196],"sport":[],"class_list":{"0":"post-651439","1":"product","2":"type-product","3":"status-publish","4":"has-post-thumbnail","6":"product_cat-karate-trainingsmaterial","7":"product_cat-trainingsmaterial-boxen","8":"product_tag-schildkrot-de","9":"pa_size-sans-taille-defaut","11":"first","12":"instock","13":"sale","14":"taxable","15":"shipping-taxable","16":"purchasable","17":"product-type-simple"},"yoast_head":"<!-- This site is optimized with the Yoast SEO plugin v27.2 - https:\/\/yoast.com\/product\/yoast-seo-wordpress\/ -->\n<title>Expander Widerstandsb\u00e4nder (5 St\u00fcck) &#8211; Daisho<\/title>\n<meta name=\"description\" content=\"Sind Sie auf der Suche nach der besten Ausr\u00fcstung f\u00fcr Ihren Muskelaufbau? Entdecken Sie die Widerstandsb\u00e4nder auf unserer Website www.daisho.be|Daisho.\" \/>\n<meta name=\"robots\" content=\"index, follow, max-snippet:-1, max-image-preview:large, max-video-preview:-1\" \/>\n<link rel=\"canonical\" href=\"https:\/\/www.daisho.be\/de\/produit\/expander-widerstandsbaender-5-stueck\/\" \/>\n<meta property=\"og:locale\" content=\"de_DE\" \/>\n<meta property=\"og:type\" content=\"article\" \/>\n<meta property=\"og:title\" content=\"Expander Widerstandsb\u00e4nder (5 St\u00fcck) &#8211; Daisho\" \/>\n<meta property=\"og:description\" content=\"Sind Sie auf der Suche nach der besten Ausr\u00fcstung f\u00fcr Ihren Muskelaufbau? Entdecken Sie die Widerstandsb\u00e4nder auf unserer Website www.daisho.be|Daisho.\" \/>\n<meta property=\"og:url\" content=\"https:\/\/www.daisho.be\/de\/produit\/expander-widerstandsbaender-5-stueck\/\" \/>\n<meta property=\"og:site_name\" content=\"Daisho\" \/>\n<meta property=\"article:modified_time\" content=\"2026-03-04T14:57:49+00:00\" \/>\n<meta property=\"og:image\" content=\"https:\/\/www.daisho.be\/wp-content\/uploads\/2026\/01\/image-17.png\" \/>\n\t<meta property=\"og:image:width\" content=\"240\" \/>\n\t<meta property=\"og:image:height\" content=\"216\" \/>\n\t<meta property=\"og:image:type\" content=\"image\/png\" \/>\n<meta name=\"twitter:card\" content=\"summary_large_image\" \/>\n<script type=\"application\/ld+json\" class=\"yoast-schema-graph\">{\"@context\":\"https:\/\/schema.org\",\"@graph\":[{\"@type\":\"WebPage\",\"@id\":\"https:\/\/www.daisho.be\/de\/produit\/expander-widerstandsbaender-5-stueck\/\",\"url\":\"https:\/\/www.daisho.be\/de\/produit\/expander-widerstandsbaender-5-stueck\/\",\"name\":\"Expander Widerstandsb\u00e4nder (5 St\u00fcck) &#8211; Daisho\",\"isPartOf\":{\"@id\":\"https:\/\/www.daisho.be\/de\/#website\"},\"primaryImageOfPage\":{\"@id\":\"https:\/\/www.daisho.be\/de\/produit\/expander-widerstandsbaender-5-stueck\/#primaryimage\"},\"image\":{\"@id\":\"https:\/\/www.daisho.be\/de\/produit\/expander-widerstandsbaender-5-stueck\/#primaryimage\"},\"thumbnailUrl\":\"https:\/\/www.daisho.be\/wp-content\/uploads\/2026\/01\/image-17.png\",\"datePublished\":\"2026-01-07T10:53:28+00:00\",\"dateModified\":\"2026-03-04T14:57:49+00:00\",\"description\":\"Sind Sie auf der Suche nach der besten Ausr\u00fcstung f\u00fcr Ihren Muskelaufbau? Entdecken Sie die Widerstandsb\u00e4nder auf unserer Website www.daisho.be|Daisho.\",\"breadcrumb\":{\"@id\":\"https:\/\/www.daisho.be\/de\/produit\/expander-widerstandsbaender-5-stueck\/#breadcrumb\"},\"inLanguage\":\"de\",\"potentialAction\":[{\"@type\":\"ReadAction\",\"target\":[\"https:\/\/www.daisho.be\/de\/produit\/expander-widerstandsbaender-5-stueck\/\"]}]},{\"@type\":\"ImageObject\",\"inLanguage\":\"de\",\"@id\":\"https:\/\/www.daisho.be\/de\/produit\/expander-widerstandsbaender-5-stueck\/#primaryimage\",\"url\":\"https:\/\/www.daisho.be\/wp-content\/uploads\/2026\/01\/image-17.png\",\"contentUrl\":\"https:\/\/www.daisho.be\/wp-content\/uploads\/2026\/01\/image-17.png\",\"width\":240,\"height\":216,\"caption\":\"Expander Widerstandsb\u00e4nder (5 St\u00fcck)-1\"},{\"@type\":\"BreadcrumbList\",\"@id\":\"https:\/\/www.daisho.be\/de\/produit\/expander-widerstandsbaender-5-stueck\/#breadcrumb\",\"itemListElement\":[{\"@type\":\"ListItem\",\"position\":1,\"name\":\"Accueil\",\"item\":\"https:\/\/www.daisho.be\/de\/\"},{\"@type\":\"ListItem\",\"position\":2,\"name\":\"Produkte\",\"item\":\"https:\/\/www.daisho.be\/de\/produkte\/\"},{\"@type\":\"ListItem\",\"position\":3,\"name\":\"Ausr\u00fcstung und Kleidung f\u00fcr Kampfkunst und Kampfsport\",\"item\":\"https:\/\/www.daisho.be\/de\/categorie-produit\/ausrustung-und-kleidung-fur-kampfkunst-und-kampfsport\/\"},{\"@type\":\"ListItem\",\"position\":4,\"name\":\"Karate\",\"item\":\"https:\/\/www.daisho.be\/de\/categorie-produit\/ausrustung-und-kleidung-fur-kampfkunst-und-kampfsport\/karate-de-2\/\"},{\"@type\":\"ListItem\",\"position\":5,\"name\":\"Karate Trainingsmaterial\",\"item\":\"https:\/\/www.daisho.be\/de\/categorie-produit\/ausrustung-und-kleidung-fur-kampfkunst-und-kampfsport\/karate-de-2\/karate-trainingsmaterial\/\"},{\"@type\":\"ListItem\",\"position\":6,\"name\":\"Expander Widerstandsb\u00e4nder (5 St\u00fcck)\"}]},{\"@type\":\"WebSite\",\"@id\":\"https:\/\/www.daisho.be\/de\/#website\",\"url\":\"https:\/\/www.daisho.be\/de\/\",\"name\":\"Daisho\",\"description\":\"Sp&eacute;cialiste de l'&eacute;quipement sportif d'arts martiaux\",\"publisher\":{\"@id\":\"https:\/\/www.daisho.be\/de\/#organization\"},\"potentialAction\":[{\"@type\":\"SearchAction\",\"target\":{\"@type\":\"EntryPoint\",\"urlTemplate\":\"https:\/\/www.daisho.be\/de\/?s={search_term_string}\"},\"query-input\":{\"@type\":\"PropertyValueSpecification\",\"valueRequired\":true,\"valueName\":\"search_term_string\"}}],\"inLanguage\":\"de\"},{\"@type\":\"Organization\",\"@id\":\"https:\/\/www.daisho.be\/de\/#organization\",\"name\":\"Daisho\",\"url\":\"https:\/\/www.daisho.be\/de\/\",\"logo\":{\"@type\":\"ImageObject\",\"inLanguage\":\"de\",\"@id\":\"https:\/\/www.daisho.be\/de\/#\/schema\/logo\/image\/\",\"url\":\"https:\/\/www.daisho.be\/wp-content\/uploads\/2019\/07\/color-nothing-horizontale4x-e1564486100247.png\",\"contentUrl\":\"https:\/\/www.daisho.be\/wp-content\/uploads\/2019\/07\/color-nothing-horizontale4x-e1564486100247.png\",\"width\":1547,\"height\":385,\"caption\":\"Daisho\"},\"image\":{\"@id\":\"https:\/\/www.daisho.be\/de\/#\/schema\/logo\/image\/\"}}]}<\/script>\n<!-- \/ Yoast SEO plugin. -->","yoast_head_json":{"title":"Expander Widerstandsb\u00e4nder (5 St\u00fcck) &#8211; Daisho","description":"Sind Sie auf der Suche nach der besten Ausr\u00fcstung f\u00fcr Ihren Muskelaufbau? Entdecken Sie die Widerstandsb\u00e4nder auf unserer Website www.daisho.be|Daisho.","robots":{"index":"index","follow":"follow","max-snippet":"max-snippet:-1","max-image-preview":"max-image-preview:large","max-video-preview":"max-video-preview:-1"},"canonical":"https:\/\/www.daisho.be\/de\/produit\/expander-widerstandsbaender-5-stueck\/","og_locale":"de_DE","og_type":"article","og_title":"Expander Widerstandsb\u00e4nder (5 St\u00fcck) &#8211; Daisho","og_description":"Sind Sie auf der Suche nach der besten Ausr\u00fcstung f\u00fcr Ihren Muskelaufbau? Entdecken Sie die Widerstandsb\u00e4nder auf unserer Website www.daisho.be|Daisho.","og_url":"https:\/\/www.daisho.be\/de\/produit\/expander-widerstandsbaender-5-stueck\/","og_site_name":"Daisho","article_modified_time":"2026-03-04T14:57:49+00:00","og_image":[{"width":240,"height":216,"url":"https:\/\/www.daisho.be\/wp-content\/uploads\/2026\/01\/image-17.png","type":"image\/png"}],"twitter_card":"summary_large_image","schema":{"@context":"https:\/\/schema.org","@graph":[{"@type":"WebPage","@id":"https:\/\/www.daisho.be\/de\/produit\/expander-widerstandsbaender-5-stueck\/","url":"https:\/\/www.daisho.be\/de\/produit\/expander-widerstandsbaender-5-stueck\/","name":"Expander Widerstandsb\u00e4nder (5 St\u00fcck) &#8211; Daisho","isPartOf":{"@id":"https:\/\/www.daisho.be\/de\/#website"},"primaryImageOfPage":{"@id":"https:\/\/www.daisho.be\/de\/produit\/expander-widerstandsbaender-5-stueck\/#primaryimage"},"image":{"@id":"https:\/\/www.daisho.be\/de\/produit\/expander-widerstandsbaender-5-stueck\/#primaryimage"},"thumbnailUrl":"https:\/\/www.daisho.be\/wp-content\/uploads\/2026\/01\/image-17.png","datePublished":"2026-01-07T10:53:28+00:00","dateModified":"2026-03-04T14:57:49+00:00","description":"Sind Sie auf der Suche nach der besten Ausr\u00fcstung f\u00fcr Ihren Muskelaufbau? Entdecken Sie die Widerstandsb\u00e4nder auf unserer Website www.daisho.be|Daisho.","breadcrumb":{"@id":"https:\/\/www.daisho.be\/de\/produit\/expander-widerstandsbaender-5-stueck\/#breadcrumb"},"inLanguage":"de","potentialAction":[{"@type":"ReadAction","target":["https:\/\/www.daisho.be\/de\/produit\/expander-widerstandsbaender-5-stueck\/"]}]},{"@type":"ImageObject","inLanguage":"de","@id":"https:\/\/www.daisho.be\/de\/produit\/expander-widerstandsbaender-5-stueck\/#primaryimage","url":"https:\/\/www.daisho.be\/wp-content\/uploads\/2026\/01\/image-17.png","contentUrl":"https:\/\/www.daisho.be\/wp-content\/uploads\/2026\/01\/image-17.png","width":240,"height":216,"caption":"Expander Widerstandsb\u00e4nder (5 St\u00fcck)-1"},{"@type":"BreadcrumbList","@id":"https:\/\/www.daisho.be\/de\/produit\/expander-widerstandsbaender-5-stueck\/#breadcrumb","itemListElement":[{"@type":"ListItem","position":1,"name":"Accueil","item":"https:\/\/www.daisho.be\/de\/"},{"@type":"ListItem","position":2,"name":"Produkte","item":"https:\/\/www.daisho.be\/de\/produkte\/"},{"@type":"ListItem","position":3,"name":"Ausr\u00fcstung und Kleidung f\u00fcr Kampfkunst und Kampfsport","item":"https:\/\/www.daisho.be\/de\/categorie-produit\/ausrustung-und-kleidung-fur-kampfkunst-und-kampfsport\/"},{"@type":"ListItem","position":4,"name":"Karate","item":"https:\/\/www.daisho.be\/de\/categorie-produit\/ausrustung-und-kleidung-fur-kampfkunst-und-kampfsport\/karate-de-2\/"},{"@type":"ListItem","position":5,"name":"Karate Trainingsmaterial","item":"https:\/\/www.daisho.be\/de\/categorie-produit\/ausrustung-und-kleidung-fur-kampfkunst-und-kampfsport\/karate-de-2\/karate-trainingsmaterial\/"},{"@type":"ListItem","position":6,"name":"Expander Widerstandsb\u00e4nder (5 St\u00fcck)"}]},{"@type":"WebSite","@id":"https:\/\/www.daisho.be\/de\/#website","url":"https:\/\/www.daisho.be\/de\/","name":"Daisho","description":"Sp&eacute;cialiste de l'&eacute;quipement sportif d'arts martiaux","publisher":{"@id":"https:\/\/www.daisho.be\/de\/#organization"},"potentialAction":[{"@type":"SearchAction","target":{"@type":"EntryPoint","urlTemplate":"https:\/\/www.daisho.be\/de\/?s={search_term_string}"},"query-input":{"@type":"PropertyValueSpecification","valueRequired":true,"valueName":"search_term_string"}}],"inLanguage":"de"},{"@type":"Organization","@id":"https:\/\/www.daisho.be\/de\/#organization","name":"Daisho","url":"https:\/\/www.daisho.be\/de\/","logo":{"@type":"ImageObject","inLanguage":"de","@id":"https:\/\/www.daisho.be\/de\/#\/schema\/logo\/image\/","url":"https:\/\/www.daisho.be\/wp-content\/uploads\/2019\/07\/color-nothing-horizontale4x-e1564486100247.png","contentUrl":"https:\/\/www.daisho.be\/wp-content\/uploads\/2019\/07\/color-nothing-horizontale4x-e1564486100247.png","width":1547,"height":385,"caption":"Daisho"},"image":{"@id":"https:\/\/www.daisho.be\/de\/#\/schema\/logo\/image\/"}}]}},"_links":{"self":[{"href":"https:\/\/www.daisho.be\/de\/wp-json\/wp\/v2\/product\/651439","targetHints":{"allow":["GET"]}}],"collection":[{"href":"https:\/\/www.daisho.be\/de\/wp-json\/wp\/v2\/product"}],"about":[{"href":"https:\/\/www.daisho.be\/de\/wp-json\/wp\/v2\/types\/product"}],"replies":[{"embeddable":true,"href":"https:\/\/www.daisho.be\/de\/wp-json\/wp\/v2\/comments?post=651439"}],"wp:featuredmedia":[{"embeddable":true,"href":"https:\/\/www.daisho.be\/de\/wp-json\/wp\/v2\/media\/665846"}],"wp:attachment":[{"href":"https:\/\/www.daisho.be\/de\/wp-json\/wp\/v2\/media?parent=651439"}],"wp:term":[{"taxonomy":"product_brand","embeddable":true,"href":"https:\/\/www.daisho.be\/de\/wp-json\/wp\/v2\/product_brand?post=651439"},{"taxonomy":"product_cat","embeddable":true,"href":"https:\/\/www.daisho.be\/de\/wp-json\/wp\/v2\/product_cat?post=651439"},{"taxonomy":"product_tag","embeddable":true,"href":"https:\/\/www.daisho.be\/de\/wp-json\/wp\/v2\/product_tag?post=651439"},{"taxonomy":"sport","embeddable":true,"href":"https:\/\/www.daisho.be\/de\/wp-json\/wp\/v2\/sport?post=651439"}],"curies":[{"name":"wp","href":"https:\/\/api.w.org\/{rel}","templated":true}]}}