{"id":651201,"date":"2026-01-06T16:30:14","date_gmt":"2026-01-06T15:30:14","guid":{"rendered":"https:\/\/www.daisho.be\/produit\/widerstandsgummi\/"},"modified":"2026-02-02T17:03:02","modified_gmt":"2026-02-02T16:03:02","slug":"widerstandsgummi","status":"publish","type":"product","link":"https:\/\/www.daisho.be\/de\/produit\/widerstandsgummi\/","title":{"rendered":"WIDERSTANDSGUMMI"},"content":{"rendered":"<p>Latex-Widerstandsgummi mit Schwammgriffen.<br \/>\nLeicht, klein und sehr einfach zu transportieren.<br \/>\nAusr\u00fcstung mit hoher Haltbarkeit dank des mit Stoff \u00fcberzogenen Gummibandes.<br \/>\nHochwertiger, weicher Schwammgriff, erm\u00f6glicht einen bequemen und sicheren Griff.<br \/>\nFarben: Gr\u00fcn, Blau &amp; Rot (je nach Widerstand).<br \/>\n3 Widerstandsstufen:<br \/>\n&#8211; Geringer Widerstand. (Gr\u00fcn)<br \/>\n&#8211; Mittlerer Widerstand. (Blau)<br \/>\n&#8211; Starker Widerstand. (Rot)   <\/p>\n","protected":false},"excerpt":{"rendered":"<p>Latex-Widerstandsgummi mit Schwammgriffen. Leicht, klein und sehr einfach zu transportieren. Ausr\u00fcstung mit hoher Haltbarkeit dank des mit Stoff \u00fcberzogenen Gummibandes. Hochwertiger, weicher Schwammgriff, erm\u00f6glicht einen bequemen und sicheren Griff. Farben: Gr\u00fcn, Blau &amp; Rot (je nach Widerstand). 3 Widerstandsstufen: &#8211; Geringer Widerstand. (Gr\u00fcn) &#8211; Mittlerer Widerstand. (Blau) &#8211; Starker Widerstand. (Rot)<\/p>\n","protected":false},"featured_media":652319,"comment_status":"open","ping_status":"closed","template":"","meta":{"inline_featured_image":false},"product_brand":[],"product_cat":[2054],"product_tag":[2223],"sport":[],"class_list":{"0":"post-651201","1":"product","2":"type-product","3":"status-publish","4":"has-post-thumbnail","6":"product_cat-trainingsmaterial","7":"product_tag-ellipse-de","8":"pa_size-bleu","9":"pa_size-jaune","10":"pa_size-rouge","11":"pa_size-vert","13":"first","14":"instock","15":"sale","16":"taxable","17":"shipping-taxable","18":"purchasable","19":"product-type-variable"},"yoast_head":"<!-- This site is optimized with the Yoast SEO plugin v27.2 - https:\/\/yoast.com\/product\/yoast-seo-wordpress\/ -->\n<title>WIDERSTANDSGUMMI &#8211; Daisho<\/title>\n<meta name=\"description\" content=\"Trainieren Sie Ihren ganzen K\u00f6rper mit den elastischen Widerstandsb\u00e4ndern mit bequemen und rutschfesten Griffen. Sie finden sie unter www.synergies-vector.com\" \/>\n<meta name=\"robots\" content=\"index, follow, max-snippet:-1, max-image-preview:large, max-video-preview:-1\" \/>\n<link rel=\"canonical\" href=\"https:\/\/www.daisho.be\/de\/produit\/widerstandsgummi\/\" \/>\n<meta property=\"og:locale\" content=\"de_DE\" \/>\n<meta property=\"og:type\" content=\"article\" \/>\n<meta property=\"og:title\" content=\"WIDERSTANDSGUMMI &#8211; Daisho\" \/>\n<meta property=\"og:description\" content=\"Trainieren Sie Ihren ganzen K\u00f6rper mit den elastischen Widerstandsb\u00e4ndern mit bequemen und rutschfesten Griffen. Sie finden sie unter www.synergies-vector.com\" \/>\n<meta property=\"og:url\" content=\"https:\/\/www.daisho.be\/de\/produit\/widerstandsgummi\/\" \/>\n<meta property=\"og:site_name\" content=\"Daisho\" \/>\n<meta property=\"article:modified_time\" content=\"2026-02-02T16:03:02+00:00\" \/>\n<meta property=\"og:image\" content=\"https:\/\/www.daisho.be\/wp-content\/uploads\/2026\/01\/image-158.jpg\" \/>\n\t<meta property=\"og:image:width\" content=\"1000\" \/>\n\t<meta property=\"og:image:height\" content=\"1000\" \/>\n\t<meta property=\"og:image:type\" content=\"image\/jpeg\" \/>\n<meta name=\"twitter:card\" content=\"summary_large_image\" \/>\n<script type=\"application\/ld+json\" class=\"yoast-schema-graph\">{\"@context\":\"https:\/\/schema.org\",\"@graph\":[{\"@type\":\"WebPage\",\"@id\":\"https:\/\/www.daisho.be\/de\/produit\/widerstandsgummi\/\",\"url\":\"https:\/\/www.daisho.be\/de\/produit\/widerstandsgummi\/\",\"name\":\"WIDERSTANDSGUMMI &#8211; Daisho\",\"isPartOf\":{\"@id\":\"https:\/\/www.daisho.be\/de\/#website\"},\"primaryImageOfPage\":{\"@id\":\"https:\/\/www.daisho.be\/de\/produit\/widerstandsgummi\/#primaryimage\"},\"image\":{\"@id\":\"https:\/\/www.daisho.be\/de\/produit\/widerstandsgummi\/#primaryimage\"},\"thumbnailUrl\":\"https:\/\/www.daisho.be\/wp-content\/uploads\/2026\/01\/image-158.jpg\",\"datePublished\":\"2026-01-06T15:30:14+00:00\",\"dateModified\":\"2026-02-02T16:03:02+00:00\",\"description\":\"Trainieren Sie Ihren ganzen K\u00f6rper mit den elastischen Widerstandsb\u00e4ndern mit bequemen und rutschfesten Griffen. Sie finden sie unter www.synergies-vector.com\",\"breadcrumb\":{\"@id\":\"https:\/\/www.daisho.be\/de\/produit\/widerstandsgummi\/#breadcrumb\"},\"inLanguage\":\"de\",\"potentialAction\":[{\"@type\":\"ReadAction\",\"target\":[\"https:\/\/www.daisho.be\/de\/produit\/widerstandsgummi\/\"]}]},{\"@type\":\"ImageObject\",\"inLanguage\":\"de\",\"@id\":\"https:\/\/www.daisho.be\/de\/produit\/widerstandsgummi\/#primaryimage\",\"url\":\"https:\/\/www.daisho.be\/wp-content\/uploads\/2026\/01\/image-158.jpg\",\"contentUrl\":\"https:\/\/www.daisho.be\/wp-content\/uploads\/2026\/01\/image-158.jpg\",\"width\":1000,\"height\":1000,\"caption\":\"ELASTISCHER WIDERSTAND-1\"},{\"@type\":\"BreadcrumbList\",\"@id\":\"https:\/\/www.daisho.be\/de\/produit\/widerstandsgummi\/#breadcrumb\",\"itemListElement\":[{\"@type\":\"ListItem\",\"position\":1,\"name\":\"Accueil\",\"item\":\"https:\/\/www.daisho.be\/de\/\"},{\"@type\":\"ListItem\",\"position\":2,\"name\":\"Produkte\",\"item\":\"https:\/\/www.daisho.be\/de\/produkte\/\"},{\"@type\":\"ListItem\",\"position\":3,\"name\":\"Kampfsportarten\",\"item\":\"https:\/\/www.daisho.be\/de\/categorie-produit\/kampfsportarten\/\"},{\"@type\":\"ListItem\",\"position\":4,\"name\":\"Trainingsmaterial\",\"item\":\"https:\/\/www.daisho.be\/de\/categorie-produit\/kampfsportarten\/trainingsmaterial\/\"},{\"@type\":\"ListItem\",\"position\":5,\"name\":\"WIDERSTANDSGUMMI\"}]},{\"@type\":\"WebSite\",\"@id\":\"https:\/\/www.daisho.be\/de\/#website\",\"url\":\"https:\/\/www.daisho.be\/de\/\",\"name\":\"Daisho\",\"description\":\"Sp&eacute;cialiste de l'&eacute;quipement sportif d'arts martiaux\",\"publisher\":{\"@id\":\"https:\/\/www.daisho.be\/de\/#organization\"},\"potentialAction\":[{\"@type\":\"SearchAction\",\"target\":{\"@type\":\"EntryPoint\",\"urlTemplate\":\"https:\/\/www.daisho.be\/de\/?s={search_term_string}\"},\"query-input\":{\"@type\":\"PropertyValueSpecification\",\"valueRequired\":true,\"valueName\":\"search_term_string\"}}],\"inLanguage\":\"de\"},{\"@type\":\"Organization\",\"@id\":\"https:\/\/www.daisho.be\/de\/#organization\",\"name\":\"Daisho\",\"url\":\"https:\/\/www.daisho.be\/de\/\",\"logo\":{\"@type\":\"ImageObject\",\"inLanguage\":\"de\",\"@id\":\"https:\/\/www.daisho.be\/de\/#\/schema\/logo\/image\/\",\"url\":\"https:\/\/www.daisho.be\/wp-content\/uploads\/2019\/07\/color-nothing-horizontale4x-e1564486100247.png\",\"contentUrl\":\"https:\/\/www.daisho.be\/wp-content\/uploads\/2019\/07\/color-nothing-horizontale4x-e1564486100247.png\",\"width\":1547,\"height\":385,\"caption\":\"Daisho\"},\"image\":{\"@id\":\"https:\/\/www.daisho.be\/de\/#\/schema\/logo\/image\/\"}}]}<\/script>\n<!-- \/ Yoast SEO plugin. -->","yoast_head_json":{"title":"WIDERSTANDSGUMMI &#8211; Daisho","description":"Trainieren Sie Ihren ganzen K\u00f6rper mit den elastischen Widerstandsb\u00e4ndern mit bequemen und rutschfesten Griffen. Sie finden sie unter www.synergies-vector.com","robots":{"index":"index","follow":"follow","max-snippet":"max-snippet:-1","max-image-preview":"max-image-preview:large","max-video-preview":"max-video-preview:-1"},"canonical":"https:\/\/www.daisho.be\/de\/produit\/widerstandsgummi\/","og_locale":"de_DE","og_type":"article","og_title":"WIDERSTANDSGUMMI &#8211; Daisho","og_description":"Trainieren Sie Ihren ganzen K\u00f6rper mit den elastischen Widerstandsb\u00e4ndern mit bequemen und rutschfesten Griffen. Sie finden sie unter www.synergies-vector.com","og_url":"https:\/\/www.daisho.be\/de\/produit\/widerstandsgummi\/","og_site_name":"Daisho","article_modified_time":"2026-02-02T16:03:02+00:00","og_image":[{"width":1000,"height":1000,"url":"https:\/\/www.daisho.be\/wp-content\/uploads\/2026\/01\/image-158.jpg","type":"image\/jpeg"}],"twitter_card":"summary_large_image","schema":{"@context":"https:\/\/schema.org","@graph":[{"@type":"WebPage","@id":"https:\/\/www.daisho.be\/de\/produit\/widerstandsgummi\/","url":"https:\/\/www.daisho.be\/de\/produit\/widerstandsgummi\/","name":"WIDERSTANDSGUMMI &#8211; Daisho","isPartOf":{"@id":"https:\/\/www.daisho.be\/de\/#website"},"primaryImageOfPage":{"@id":"https:\/\/www.daisho.be\/de\/produit\/widerstandsgummi\/#primaryimage"},"image":{"@id":"https:\/\/www.daisho.be\/de\/produit\/widerstandsgummi\/#primaryimage"},"thumbnailUrl":"https:\/\/www.daisho.be\/wp-content\/uploads\/2026\/01\/image-158.jpg","datePublished":"2026-01-06T15:30:14+00:00","dateModified":"2026-02-02T16:03:02+00:00","description":"Trainieren Sie Ihren ganzen K\u00f6rper mit den elastischen Widerstandsb\u00e4ndern mit bequemen und rutschfesten Griffen. Sie finden sie unter www.synergies-vector.com","breadcrumb":{"@id":"https:\/\/www.daisho.be\/de\/produit\/widerstandsgummi\/#breadcrumb"},"inLanguage":"de","potentialAction":[{"@type":"ReadAction","target":["https:\/\/www.daisho.be\/de\/produit\/widerstandsgummi\/"]}]},{"@type":"ImageObject","inLanguage":"de","@id":"https:\/\/www.daisho.be\/de\/produit\/widerstandsgummi\/#primaryimage","url":"https:\/\/www.daisho.be\/wp-content\/uploads\/2026\/01\/image-158.jpg","contentUrl":"https:\/\/www.daisho.be\/wp-content\/uploads\/2026\/01\/image-158.jpg","width":1000,"height":1000,"caption":"ELASTISCHER WIDERSTAND-1"},{"@type":"BreadcrumbList","@id":"https:\/\/www.daisho.be\/de\/produit\/widerstandsgummi\/#breadcrumb","itemListElement":[{"@type":"ListItem","position":1,"name":"Accueil","item":"https:\/\/www.daisho.be\/de\/"},{"@type":"ListItem","position":2,"name":"Produkte","item":"https:\/\/www.daisho.be\/de\/produkte\/"},{"@type":"ListItem","position":3,"name":"Kampfsportarten","item":"https:\/\/www.daisho.be\/de\/categorie-produit\/kampfsportarten\/"},{"@type":"ListItem","position":4,"name":"Trainingsmaterial","item":"https:\/\/www.daisho.be\/de\/categorie-produit\/kampfsportarten\/trainingsmaterial\/"},{"@type":"ListItem","position":5,"name":"WIDERSTANDSGUMMI"}]},{"@type":"WebSite","@id":"https:\/\/www.daisho.be\/de\/#website","url":"https:\/\/www.daisho.be\/de\/","name":"Daisho","description":"Sp&eacute;cialiste de l'&eacute;quipement sportif d'arts martiaux","publisher":{"@id":"https:\/\/www.daisho.be\/de\/#organization"},"potentialAction":[{"@type":"SearchAction","target":{"@type":"EntryPoint","urlTemplate":"https:\/\/www.daisho.be\/de\/?s={search_term_string}"},"query-input":{"@type":"PropertyValueSpecification","valueRequired":true,"valueName":"search_term_string"}}],"inLanguage":"de"},{"@type":"Organization","@id":"https:\/\/www.daisho.be\/de\/#organization","name":"Daisho","url":"https:\/\/www.daisho.be\/de\/","logo":{"@type":"ImageObject","inLanguage":"de","@id":"https:\/\/www.daisho.be\/de\/#\/schema\/logo\/image\/","url":"https:\/\/www.daisho.be\/wp-content\/uploads\/2019\/07\/color-nothing-horizontale4x-e1564486100247.png","contentUrl":"https:\/\/www.daisho.be\/wp-content\/uploads\/2019\/07\/color-nothing-horizontale4x-e1564486100247.png","width":1547,"height":385,"caption":"Daisho"},"image":{"@id":"https:\/\/www.daisho.be\/de\/#\/schema\/logo\/image\/"}}]}},"_links":{"self":[{"href":"https:\/\/www.daisho.be\/de\/wp-json\/wp\/v2\/product\/651201","targetHints":{"allow":["GET"]}}],"collection":[{"href":"https:\/\/www.daisho.be\/de\/wp-json\/wp\/v2\/product"}],"about":[{"href":"https:\/\/www.daisho.be\/de\/wp-json\/wp\/v2\/types\/product"}],"replies":[{"embeddable":true,"href":"https:\/\/www.daisho.be\/de\/wp-json\/wp\/v2\/comments?post=651201"}],"wp:featuredmedia":[{"embeddable":true,"href":"https:\/\/www.daisho.be\/de\/wp-json\/wp\/v2\/media\/652319"}],"wp:attachment":[{"href":"https:\/\/www.daisho.be\/de\/wp-json\/wp\/v2\/media?parent=651201"}],"wp:term":[{"taxonomy":"product_brand","embeddable":true,"href":"https:\/\/www.daisho.be\/de\/wp-json\/wp\/v2\/product_brand?post=651201"},{"taxonomy":"product_cat","embeddable":true,"href":"https:\/\/www.daisho.be\/de\/wp-json\/wp\/v2\/product_cat?post=651201"},{"taxonomy":"product_tag","embeddable":true,"href":"https:\/\/www.daisho.be\/de\/wp-json\/wp\/v2\/product_tag?post=651201"},{"taxonomy":"sport","embeddable":true,"href":"https:\/\/www.daisho.be\/de\/wp-json\/wp\/v2\/sport?post=651201"}],"curies":[{"name":"wp","href":"https:\/\/api.w.org\/{rel}","templated":true}]}}