{"id":651148,"date":"2026-01-06T13:26:25","date_gmt":"2026-01-06T12:26:25","guid":{"rendered":"https:\/\/www.daisho.be\/produit\/spin-ball\/"},"modified":"2026-03-10T14:44:33","modified_gmt":"2026-03-10T13:44:33","slug":"spin-ball","status":"publish","type":"product","link":"https:\/\/www.daisho.be\/de\/produit\/spin-ball\/","title":{"rendered":"SPIN BALL"},"content":{"rendered":"<p>Spinball, Trainingsger\u00e4t f\u00fcr H\u00e4nde und Arme, \u00d8 70mm, 255g.<\/p>\n<p>Drehen Sie den Rotor mit bis zu 12.000 Umdrehungen pro Minute &#8211; nur durch Muskelkraft. Je h\u00f6her die Rotationsgeschwindigkeit, desto besser die Wirkung. Die h\u00f6chste erreichbare Kraft liegt bei 15,0kg.  <\/p>\n<p style=\"font-weight: 400\">Mit diesem kleinen Ball k\u00f6nnen Sie die Kraft der oberen und unteren Arme, der Schultern, der Brust und der H\u00e4nde trainieren.<\/p>\n","protected":false},"excerpt":{"rendered":"<p>Spinball, Trainingsger\u00e4t f\u00fcr H\u00e4nde und Arme, \u00d8 70mm, 255g. Drehen Sie den Rotor mit bis zu 12.000 Umdrehungen pro Minute &#8211; nur durch Muskelkraft. Je h\u00f6her die Rotationsgeschwindigkeit, desto besser die Wirkung. Die h\u00f6chste erreichbare Kraft liegt bei 15,0kg. Mit diesem kleinen Ball k\u00f6nnen Sie die Kraft der oberen und unteren Arme, der Schultern, der [&hellip;]<\/p>\n","protected":false},"featured_media":667177,"comment_status":"open","ping_status":"closed","template":"","meta":{"inline_featured_image":false},"product_brand":[],"product_cat":[2210,2054],"product_tag":[2196],"sport":[],"class_list":{"0":"post-651148","1":"product","2":"type-product","3":"status-publish","4":"has-post-thumbnail","6":"product_cat-massage-therapie","7":"product_cat-trainingsmaterial","8":"product_tag-schildkrot-de","9":"pa_size-sans-taille-defaut","11":"first","12":"instock","13":"sale","14":"taxable","15":"shipping-taxable","16":"purchasable","17":"product-type-variable"},"yoast_head":"<!-- This site is optimized with the Yoast SEO plugin v27.2 - https:\/\/yoast.com\/product\/yoast-seo-wordpress\/ -->\n<title>SPIN BALL &#8211; Daisho<\/title>\n<meta name=\"description\" content=\"Entdecken Sie den Spinball von SCHILDKR\u00d6T. Mit diesem Ball k\u00f6nnen Sie Ihren Oberk\u00f6rper und vor allem Ihre H\u00e4nde und Arme trainieren. Sie finden ihn unter www.daisho.be\" \/>\n<meta name=\"robots\" content=\"index, follow, max-snippet:-1, max-image-preview:large, max-video-preview:-1\" \/>\n<link rel=\"canonical\" href=\"https:\/\/www.daisho.be\/de\/produit\/spin-ball\/\" \/>\n<meta property=\"og:locale\" content=\"de_DE\" \/>\n<meta property=\"og:type\" content=\"article\" \/>\n<meta property=\"og:title\" content=\"SPIN BALL &#8211; Daisho\" \/>\n<meta property=\"og:description\" content=\"Entdecken Sie den Spinball von SCHILDKR\u00d6T. Mit diesem Ball k\u00f6nnen Sie Ihren Oberk\u00f6rper und vor allem Ihre H\u00e4nde und Arme trainieren. Sie finden ihn unter www.daisho.be\" \/>\n<meta property=\"og:url\" content=\"https:\/\/www.daisho.be\/de\/produit\/spin-ball\/\" \/>\n<meta property=\"og:site_name\" content=\"Daisho\" \/>\n<meta property=\"article:modified_time\" content=\"2026-03-10T13:44:33+00:00\" \/>\n<meta property=\"og:image\" content=\"https:\/\/www.daisho.be\/wp-content\/uploads\/2026\/01\/image-14.png\" \/>\n\t<meta property=\"og:image:width\" content=\"478\" \/>\n\t<meta property=\"og:image:height\" content=\"463\" \/>\n\t<meta property=\"og:image:type\" content=\"image\/png\" \/>\n<meta name=\"twitter:card\" content=\"summary_large_image\" \/>\n<script type=\"application\/ld+json\" class=\"yoast-schema-graph\">{\"@context\":\"https:\/\/schema.org\",\"@graph\":[{\"@type\":\"WebPage\",\"@id\":\"https:\/\/www.daisho.be\/de\/produit\/spin-ball\/\",\"url\":\"https:\/\/www.daisho.be\/de\/produit\/spin-ball\/\",\"name\":\"SPIN BALL &#8211; Daisho\",\"isPartOf\":{\"@id\":\"https:\/\/www.daisho.be\/de\/#website\"},\"primaryImageOfPage\":{\"@id\":\"https:\/\/www.daisho.be\/de\/produit\/spin-ball\/#primaryimage\"},\"image\":{\"@id\":\"https:\/\/www.daisho.be\/de\/produit\/spin-ball\/#primaryimage\"},\"thumbnailUrl\":\"https:\/\/www.daisho.be\/wp-content\/uploads\/2026\/01\/image-14.png\",\"datePublished\":\"2026-01-06T12:26:25+00:00\",\"dateModified\":\"2026-03-10T13:44:33+00:00\",\"description\":\"Entdecken Sie den Spinball von SCHILDKR\u00d6T. Mit diesem Ball k\u00f6nnen Sie Ihren Oberk\u00f6rper und vor allem Ihre H\u00e4nde und Arme trainieren. Sie finden ihn unter www.daisho.be\",\"breadcrumb\":{\"@id\":\"https:\/\/www.daisho.be\/de\/produit\/spin-ball\/#breadcrumb\"},\"inLanguage\":\"de\",\"potentialAction\":[{\"@type\":\"ReadAction\",\"target\":[\"https:\/\/www.daisho.be\/de\/produit\/spin-ball\/\"]}]},{\"@type\":\"ImageObject\",\"inLanguage\":\"de\",\"@id\":\"https:\/\/www.daisho.be\/de\/produit\/spin-ball\/#primaryimage\",\"url\":\"https:\/\/www.daisho.be\/wp-content\/uploads\/2026\/01\/image-14.png\",\"contentUrl\":\"https:\/\/www.daisho.be\/wp-content\/uploads\/2026\/01\/image-14.png\",\"width\":478,\"height\":463,\"caption\":\"SPIN BALL-1\"},{\"@type\":\"BreadcrumbList\",\"@id\":\"https:\/\/www.daisho.be\/de\/produit\/spin-ball\/#breadcrumb\",\"itemListElement\":[{\"@type\":\"ListItem\",\"position\":1,\"name\":\"Accueil\",\"item\":\"https:\/\/www.daisho.be\/de\/\"},{\"@type\":\"ListItem\",\"position\":2,\"name\":\"Produkte\",\"item\":\"https:\/\/www.daisho.be\/de\/produkte\/\"},{\"@type\":\"ListItem\",\"position\":3,\"name\":\"Sportlerpflege\",\"item\":\"https:\/\/www.daisho.be\/de\/categorie-produit\/sportlerpflege\/\"},{\"@type\":\"ListItem\",\"position\":4,\"name\":\"Massage-Therapie\",\"item\":\"https:\/\/www.daisho.be\/de\/categorie-produit\/sportlerpflege\/massage-therapie\/\"},{\"@type\":\"ListItem\",\"position\":5,\"name\":\"SPIN BALL\"}]},{\"@type\":\"WebSite\",\"@id\":\"https:\/\/www.daisho.be\/de\/#website\",\"url\":\"https:\/\/www.daisho.be\/de\/\",\"name\":\"Daisho\",\"description\":\"Sp&eacute;cialiste de l'&eacute;quipement sportif d'arts martiaux\",\"publisher\":{\"@id\":\"https:\/\/www.daisho.be\/de\/#organization\"},\"potentialAction\":[{\"@type\":\"SearchAction\",\"target\":{\"@type\":\"EntryPoint\",\"urlTemplate\":\"https:\/\/www.daisho.be\/de\/?s={search_term_string}\"},\"query-input\":{\"@type\":\"PropertyValueSpecification\",\"valueRequired\":true,\"valueName\":\"search_term_string\"}}],\"inLanguage\":\"de\"},{\"@type\":\"Organization\",\"@id\":\"https:\/\/www.daisho.be\/de\/#organization\",\"name\":\"Daisho\",\"url\":\"https:\/\/www.daisho.be\/de\/\",\"logo\":{\"@type\":\"ImageObject\",\"inLanguage\":\"de\",\"@id\":\"https:\/\/www.daisho.be\/de\/#\/schema\/logo\/image\/\",\"url\":\"https:\/\/www.daisho.be\/wp-content\/uploads\/2019\/07\/color-nothing-horizontale4x-e1564486100247.png\",\"contentUrl\":\"https:\/\/www.daisho.be\/wp-content\/uploads\/2019\/07\/color-nothing-horizontale4x-e1564486100247.png\",\"width\":1547,\"height\":385,\"caption\":\"Daisho\"},\"image\":{\"@id\":\"https:\/\/www.daisho.be\/de\/#\/schema\/logo\/image\/\"}}]}<\/script>\n<!-- \/ Yoast SEO plugin. -->","yoast_head_json":{"title":"SPIN BALL &#8211; Daisho","description":"Entdecken Sie den Spinball von SCHILDKR\u00d6T. Mit diesem Ball k\u00f6nnen Sie Ihren Oberk\u00f6rper und vor allem Ihre H\u00e4nde und Arme trainieren. Sie finden ihn unter www.daisho.be","robots":{"index":"index","follow":"follow","max-snippet":"max-snippet:-1","max-image-preview":"max-image-preview:large","max-video-preview":"max-video-preview:-1"},"canonical":"https:\/\/www.daisho.be\/de\/produit\/spin-ball\/","og_locale":"de_DE","og_type":"article","og_title":"SPIN BALL &#8211; Daisho","og_description":"Entdecken Sie den Spinball von SCHILDKR\u00d6T. Mit diesem Ball k\u00f6nnen Sie Ihren Oberk\u00f6rper und vor allem Ihre H\u00e4nde und Arme trainieren. Sie finden ihn unter www.daisho.be","og_url":"https:\/\/www.daisho.be\/de\/produit\/spin-ball\/","og_site_name":"Daisho","article_modified_time":"2026-03-10T13:44:33+00:00","og_image":[{"width":478,"height":463,"url":"https:\/\/www.daisho.be\/wp-content\/uploads\/2026\/01\/image-14.png","type":"image\/png"}],"twitter_card":"summary_large_image","schema":{"@context":"https:\/\/schema.org","@graph":[{"@type":"WebPage","@id":"https:\/\/www.daisho.be\/de\/produit\/spin-ball\/","url":"https:\/\/www.daisho.be\/de\/produit\/spin-ball\/","name":"SPIN BALL &#8211; Daisho","isPartOf":{"@id":"https:\/\/www.daisho.be\/de\/#website"},"primaryImageOfPage":{"@id":"https:\/\/www.daisho.be\/de\/produit\/spin-ball\/#primaryimage"},"image":{"@id":"https:\/\/www.daisho.be\/de\/produit\/spin-ball\/#primaryimage"},"thumbnailUrl":"https:\/\/www.daisho.be\/wp-content\/uploads\/2026\/01\/image-14.png","datePublished":"2026-01-06T12:26:25+00:00","dateModified":"2026-03-10T13:44:33+00:00","description":"Entdecken Sie den Spinball von SCHILDKR\u00d6T. Mit diesem Ball k\u00f6nnen Sie Ihren Oberk\u00f6rper und vor allem Ihre H\u00e4nde und Arme trainieren. Sie finden ihn unter www.daisho.be","breadcrumb":{"@id":"https:\/\/www.daisho.be\/de\/produit\/spin-ball\/#breadcrumb"},"inLanguage":"de","potentialAction":[{"@type":"ReadAction","target":["https:\/\/www.daisho.be\/de\/produit\/spin-ball\/"]}]},{"@type":"ImageObject","inLanguage":"de","@id":"https:\/\/www.daisho.be\/de\/produit\/spin-ball\/#primaryimage","url":"https:\/\/www.daisho.be\/wp-content\/uploads\/2026\/01\/image-14.png","contentUrl":"https:\/\/www.daisho.be\/wp-content\/uploads\/2026\/01\/image-14.png","width":478,"height":463,"caption":"SPIN BALL-1"},{"@type":"BreadcrumbList","@id":"https:\/\/www.daisho.be\/de\/produit\/spin-ball\/#breadcrumb","itemListElement":[{"@type":"ListItem","position":1,"name":"Accueil","item":"https:\/\/www.daisho.be\/de\/"},{"@type":"ListItem","position":2,"name":"Produkte","item":"https:\/\/www.daisho.be\/de\/produkte\/"},{"@type":"ListItem","position":3,"name":"Sportlerpflege","item":"https:\/\/www.daisho.be\/de\/categorie-produit\/sportlerpflege\/"},{"@type":"ListItem","position":4,"name":"Massage-Therapie","item":"https:\/\/www.daisho.be\/de\/categorie-produit\/sportlerpflege\/massage-therapie\/"},{"@type":"ListItem","position":5,"name":"SPIN BALL"}]},{"@type":"WebSite","@id":"https:\/\/www.daisho.be\/de\/#website","url":"https:\/\/www.daisho.be\/de\/","name":"Daisho","description":"Sp&eacute;cialiste de l'&eacute;quipement sportif d'arts martiaux","publisher":{"@id":"https:\/\/www.daisho.be\/de\/#organization"},"potentialAction":[{"@type":"SearchAction","target":{"@type":"EntryPoint","urlTemplate":"https:\/\/www.daisho.be\/de\/?s={search_term_string}"},"query-input":{"@type":"PropertyValueSpecification","valueRequired":true,"valueName":"search_term_string"}}],"inLanguage":"de"},{"@type":"Organization","@id":"https:\/\/www.daisho.be\/de\/#organization","name":"Daisho","url":"https:\/\/www.daisho.be\/de\/","logo":{"@type":"ImageObject","inLanguage":"de","@id":"https:\/\/www.daisho.be\/de\/#\/schema\/logo\/image\/","url":"https:\/\/www.daisho.be\/wp-content\/uploads\/2019\/07\/color-nothing-horizontale4x-e1564486100247.png","contentUrl":"https:\/\/www.daisho.be\/wp-content\/uploads\/2019\/07\/color-nothing-horizontale4x-e1564486100247.png","width":1547,"height":385,"caption":"Daisho"},"image":{"@id":"https:\/\/www.daisho.be\/de\/#\/schema\/logo\/image\/"}}]}},"_links":{"self":[{"href":"https:\/\/www.daisho.be\/de\/wp-json\/wp\/v2\/product\/651148","targetHints":{"allow":["GET"]}}],"collection":[{"href":"https:\/\/www.daisho.be\/de\/wp-json\/wp\/v2\/product"}],"about":[{"href":"https:\/\/www.daisho.be\/de\/wp-json\/wp\/v2\/types\/product"}],"replies":[{"embeddable":true,"href":"https:\/\/www.daisho.be\/de\/wp-json\/wp\/v2\/comments?post=651148"}],"wp:featuredmedia":[{"embeddable":true,"href":"https:\/\/www.daisho.be\/de\/wp-json\/wp\/v2\/media\/667177"}],"wp:attachment":[{"href":"https:\/\/www.daisho.be\/de\/wp-json\/wp\/v2\/media?parent=651148"}],"wp:term":[{"taxonomy":"product_brand","embeddable":true,"href":"https:\/\/www.daisho.be\/de\/wp-json\/wp\/v2\/product_brand?post=651148"},{"taxonomy":"product_cat","embeddable":true,"href":"https:\/\/www.daisho.be\/de\/wp-json\/wp\/v2\/product_cat?post=651148"},{"taxonomy":"product_tag","embeddable":true,"href":"https:\/\/www.daisho.be\/de\/wp-json\/wp\/v2\/product_tag?post=651148"},{"taxonomy":"sport","embeddable":true,"href":"https:\/\/www.daisho.be\/de\/wp-json\/wp\/v2\/sport?post=651148"}],"curies":[{"name":"wp","href":"https:\/\/api.w.org\/{rel}","templated":true}]}}