{"id":650454,"date":"2026-01-03T17:43:58","date_gmt":"2026-01-03T16:43:58","guid":{"rendered":"https:\/\/www.daisho.be\/produit\/multifunktionsleiste\/"},"modified":"2026-01-03T17:44:12","modified_gmt":"2026-01-03T16:44:12","slug":"multifunktionsleiste","status":"publish","type":"product","link":"https:\/\/www.daisho.be\/de\/produit\/multifunktionsleiste\/","title":{"rendered":"Multifunktionsleiste"},"content":{"rendered":"<p>Erm\u00f6glicht ein komplettes Training des Oberk\u00f6rpers mit 4 \u00dcbungen (Pull-up, Push-up, Sit-up und Dip).<br \/>\nGriffe mit Schaumstoff\u00fcberzug f\u00fcr mehr Komfort.<br \/>\nF\u00fcr T\u00fcrrahmen von 61 bis 82 cm mit \u00fcberstehendem Rahmen.<br \/>\nEs wird empfohlen, das Ger\u00e4t nicht mit dem Kopf nach unten zu benutzen.<br \/>\n\u00dcbungsposter im Lieferumfang enthalten.<br \/>\nMaterial: Stahl und Schaumstoffgriffe.<br \/>\n&#8211; L\u00e4nge: 95 cm<br \/>\n&#8211; Breite: 35 cm<br \/>\n&#8211; H\u00f6he: 26 cm<br \/>\n&#8211; Durchmesser des Griffs: 3,5 cm<br \/>\n&#8211; Maximales Gewicht: 120 kg<br \/>\n&#8211; Gewicht: 1,5 kg<br \/>\n&#8211; Material: Stahl<br \/>\n&#8211; Griffe aus Schaumstoff &#8211; Material: Stahl &#8211; Griffe aus Schaumstoff<\/p>\n","protected":false},"excerpt":{"rendered":"<p>Erm\u00f6glicht ein komplettes Training des Oberk\u00f6rpers mit 4 \u00dcbungen (Pull-up, Push-up, Sit-up und Dip). Griffe mit Schaumstoff\u00fcberzug f\u00fcr mehr Komfort. F\u00fcr T\u00fcrrahmen von 61 bis 82 cm mit \u00fcberstehendem Rahmen. Es wird empfohlen, das Ger\u00e4t nicht mit dem Kopf nach unten zu benutzen. \u00dcbungsposter im Lieferumfang enthalten. Material: Stahl und Schaumstoffgriffe. &#8211; L\u00e4nge: 95 cm [&hellip;]<\/p>\n","protected":false},"featured_media":650436,"comment_status":"open","ping_status":"closed","template":"","meta":{"inline_featured_image":false},"product_brand":[],"product_cat":[2054],"product_tag":[2225],"sport":[],"class_list":{"0":"post-650454","1":"product","2":"type-product","3":"status-publish","4":"has-post-thumbnail","6":"product_cat-trainingsmaterial","7":"product_tag-sveltus-de","8":"pa_size-sans-taille-defaut","10":"first","11":"instock","12":"taxable","13":"shipping-taxable","14":"purchasable","15":"product-type-simple"},"yoast_head":"<!-- This site is optimized with the Yoast SEO plugin v27.2 - https:\/\/yoast.com\/product\/yoast-seo-wordpress\/ -->\n<title>Multifunktionsleiste &#8211; Daisho<\/title>\n<meta name=\"robots\" content=\"index, follow, max-snippet:-1, max-image-preview:large, max-video-preview:-1\" \/>\n<link rel=\"canonical\" href=\"https:\/\/www.daisho.be\/de\/produit\/multifunktionsleiste\/\" \/>\n<meta property=\"og:locale\" content=\"de_DE\" \/>\n<meta property=\"og:type\" content=\"article\" \/>\n<meta property=\"og:title\" content=\"Multifunktionsleiste &#8211; Daisho\" \/>\n<meta property=\"og:description\" content=\"Erm\u00f6glicht ein komplettes Training des Oberk\u00f6rpers mit 4 \u00dcbungen (Pull-up, Push-up, Sit-up und Dip). Griffe mit Schaumstoff\u00fcberzug f\u00fcr mehr Komfort. F\u00fcr T\u00fcrrahmen von 61 bis 82 cm mit \u00fcberstehendem Rahmen. Es wird empfohlen, das Ger\u00e4t nicht mit dem Kopf nach unten zu benutzen. \u00dcbungsposter im Lieferumfang enthalten. Material: Stahl und Schaumstoffgriffe. &#8211; L\u00e4nge: 95 cm [&hellip;]\" \/>\n<meta property=\"og:url\" content=\"https:\/\/www.daisho.be\/de\/produit\/multifunktionsleiste\/\" \/>\n<meta property=\"og:site_name\" content=\"Daisho\" \/>\n<meta property=\"article:modified_time\" content=\"2026-01-03T16:44:12+00:00\" \/>\n<meta property=\"og:image\" content=\"https:\/\/www.daisho.be\/wp-content\/uploads\/2026\/01\/image-125-scaled.jpg\" \/>\n\t<meta property=\"og:image:width\" content=\"2048\" \/>\n\t<meta property=\"og:image:height\" content=\"1027\" \/>\n\t<meta property=\"og:image:type\" content=\"image\/jpeg\" \/>\n<meta name=\"twitter:card\" content=\"summary_large_image\" \/>\n<script type=\"application\/ld+json\" class=\"yoast-schema-graph\">{\"@context\":\"https:\/\/schema.org\",\"@graph\":[{\"@type\":\"WebPage\",\"@id\":\"https:\/\/www.daisho.be\/de\/produit\/multifunktionsleiste\/\",\"url\":\"https:\/\/www.daisho.be\/de\/produit\/multifunktionsleiste\/\",\"name\":\"Multifunktionsleiste &#8211; Daisho\",\"isPartOf\":{\"@id\":\"https:\/\/www.daisho.be\/de\/#website\"},\"primaryImageOfPage\":{\"@id\":\"https:\/\/www.daisho.be\/de\/produit\/multifunktionsleiste\/#primaryimage\"},\"image\":{\"@id\":\"https:\/\/www.daisho.be\/de\/produit\/multifunktionsleiste\/#primaryimage\"},\"thumbnailUrl\":\"https:\/\/www.daisho.be\/wp-content\/uploads\/2026\/01\/image-125-scaled.jpg\",\"datePublished\":\"2026-01-03T16:43:58+00:00\",\"dateModified\":\"2026-01-03T16:44:12+00:00\",\"breadcrumb\":{\"@id\":\"https:\/\/www.daisho.be\/de\/produit\/multifunktionsleiste\/#breadcrumb\"},\"inLanguage\":\"de\",\"potentialAction\":[{\"@type\":\"ReadAction\",\"target\":[\"https:\/\/www.daisho.be\/de\/produit\/multifunktionsleiste\/\"]}]},{\"@type\":\"ImageObject\",\"inLanguage\":\"de\",\"@id\":\"https:\/\/www.daisho.be\/de\/produit\/multifunktionsleiste\/#primaryimage\",\"url\":\"https:\/\/www.daisho.be\/wp-content\/uploads\/2026\/01\/image-125-scaled.jpg\",\"contentUrl\":\"https:\/\/www.daisho.be\/wp-content\/uploads\/2026\/01\/image-125-scaled.jpg\",\"width\":2048,\"height\":1027,\"caption\":\"Barre multifonction-1\"},{\"@type\":\"BreadcrumbList\",\"@id\":\"https:\/\/www.daisho.be\/de\/produit\/multifunktionsleiste\/#breadcrumb\",\"itemListElement\":[{\"@type\":\"ListItem\",\"position\":1,\"name\":\"Accueil\",\"item\":\"https:\/\/www.daisho.be\/de\/\"},{\"@type\":\"ListItem\",\"position\":2,\"name\":\"Produkte\",\"item\":\"https:\/\/www.daisho.be\/de\/produkte\/\"},{\"@type\":\"ListItem\",\"position\":3,\"name\":\"Kampfsportarten\",\"item\":\"https:\/\/www.daisho.be\/de\/categorie-produit\/kampfsportarten\/\"},{\"@type\":\"ListItem\",\"position\":4,\"name\":\"Trainingsmaterial\",\"item\":\"https:\/\/www.daisho.be\/de\/categorie-produit\/kampfsportarten\/trainingsmaterial\/\"},{\"@type\":\"ListItem\",\"position\":5,\"name\":\"Multifunktionsleiste\"}]},{\"@type\":\"WebSite\",\"@id\":\"https:\/\/www.daisho.be\/de\/#website\",\"url\":\"https:\/\/www.daisho.be\/de\/\",\"name\":\"Daisho\",\"description\":\"Sp&eacute;cialiste de l'&eacute;quipement sportif d'arts martiaux\",\"publisher\":{\"@id\":\"https:\/\/www.daisho.be\/de\/#organization\"},\"potentialAction\":[{\"@type\":\"SearchAction\",\"target\":{\"@type\":\"EntryPoint\",\"urlTemplate\":\"https:\/\/www.daisho.be\/de\/?s={search_term_string}\"},\"query-input\":{\"@type\":\"PropertyValueSpecification\",\"valueRequired\":true,\"valueName\":\"search_term_string\"}}],\"inLanguage\":\"de\"},{\"@type\":\"Organization\",\"@id\":\"https:\/\/www.daisho.be\/de\/#organization\",\"name\":\"Daisho\",\"url\":\"https:\/\/www.daisho.be\/de\/\",\"logo\":{\"@type\":\"ImageObject\",\"inLanguage\":\"de\",\"@id\":\"https:\/\/www.daisho.be\/de\/#\/schema\/logo\/image\/\",\"url\":\"https:\/\/www.daisho.be\/wp-content\/uploads\/2019\/07\/color-nothing-horizontale4x-e1564486100247.png\",\"contentUrl\":\"https:\/\/www.daisho.be\/wp-content\/uploads\/2019\/07\/color-nothing-horizontale4x-e1564486100247.png\",\"width\":1547,\"height\":385,\"caption\":\"Daisho\"},\"image\":{\"@id\":\"https:\/\/www.daisho.be\/de\/#\/schema\/logo\/image\/\"}}]}<\/script>\n<!-- \/ Yoast SEO plugin. -->","yoast_head_json":{"title":"Multifunktionsleiste &#8211; Daisho","robots":{"index":"index","follow":"follow","max-snippet":"max-snippet:-1","max-image-preview":"max-image-preview:large","max-video-preview":"max-video-preview:-1"},"canonical":"https:\/\/www.daisho.be\/de\/produit\/multifunktionsleiste\/","og_locale":"de_DE","og_type":"article","og_title":"Multifunktionsleiste &#8211; Daisho","og_description":"Erm\u00f6glicht ein komplettes Training des Oberk\u00f6rpers mit 4 \u00dcbungen (Pull-up, Push-up, Sit-up und Dip). Griffe mit Schaumstoff\u00fcberzug f\u00fcr mehr Komfort. F\u00fcr T\u00fcrrahmen von 61 bis 82 cm mit \u00fcberstehendem Rahmen. Es wird empfohlen, das Ger\u00e4t nicht mit dem Kopf nach unten zu benutzen. \u00dcbungsposter im Lieferumfang enthalten. Material: Stahl und Schaumstoffgriffe. &#8211; L\u00e4nge: 95 cm [&hellip;]","og_url":"https:\/\/www.daisho.be\/de\/produit\/multifunktionsleiste\/","og_site_name":"Daisho","article_modified_time":"2026-01-03T16:44:12+00:00","og_image":[{"width":2048,"height":1027,"url":"https:\/\/www.daisho.be\/wp-content\/uploads\/2026\/01\/image-125-scaled.jpg","type":"image\/jpeg"}],"twitter_card":"summary_large_image","schema":{"@context":"https:\/\/schema.org","@graph":[{"@type":"WebPage","@id":"https:\/\/www.daisho.be\/de\/produit\/multifunktionsleiste\/","url":"https:\/\/www.daisho.be\/de\/produit\/multifunktionsleiste\/","name":"Multifunktionsleiste &#8211; Daisho","isPartOf":{"@id":"https:\/\/www.daisho.be\/de\/#website"},"primaryImageOfPage":{"@id":"https:\/\/www.daisho.be\/de\/produit\/multifunktionsleiste\/#primaryimage"},"image":{"@id":"https:\/\/www.daisho.be\/de\/produit\/multifunktionsleiste\/#primaryimage"},"thumbnailUrl":"https:\/\/www.daisho.be\/wp-content\/uploads\/2026\/01\/image-125-scaled.jpg","datePublished":"2026-01-03T16:43:58+00:00","dateModified":"2026-01-03T16:44:12+00:00","breadcrumb":{"@id":"https:\/\/www.daisho.be\/de\/produit\/multifunktionsleiste\/#breadcrumb"},"inLanguage":"de","potentialAction":[{"@type":"ReadAction","target":["https:\/\/www.daisho.be\/de\/produit\/multifunktionsleiste\/"]}]},{"@type":"ImageObject","inLanguage":"de","@id":"https:\/\/www.daisho.be\/de\/produit\/multifunktionsleiste\/#primaryimage","url":"https:\/\/www.daisho.be\/wp-content\/uploads\/2026\/01\/image-125-scaled.jpg","contentUrl":"https:\/\/www.daisho.be\/wp-content\/uploads\/2026\/01\/image-125-scaled.jpg","width":2048,"height":1027,"caption":"Barre multifonction-1"},{"@type":"BreadcrumbList","@id":"https:\/\/www.daisho.be\/de\/produit\/multifunktionsleiste\/#breadcrumb","itemListElement":[{"@type":"ListItem","position":1,"name":"Accueil","item":"https:\/\/www.daisho.be\/de\/"},{"@type":"ListItem","position":2,"name":"Produkte","item":"https:\/\/www.daisho.be\/de\/produkte\/"},{"@type":"ListItem","position":3,"name":"Kampfsportarten","item":"https:\/\/www.daisho.be\/de\/categorie-produit\/kampfsportarten\/"},{"@type":"ListItem","position":4,"name":"Trainingsmaterial","item":"https:\/\/www.daisho.be\/de\/categorie-produit\/kampfsportarten\/trainingsmaterial\/"},{"@type":"ListItem","position":5,"name":"Multifunktionsleiste"}]},{"@type":"WebSite","@id":"https:\/\/www.daisho.be\/de\/#website","url":"https:\/\/www.daisho.be\/de\/","name":"Daisho","description":"Sp&eacute;cialiste de l'&eacute;quipement sportif d'arts martiaux","publisher":{"@id":"https:\/\/www.daisho.be\/de\/#organization"},"potentialAction":[{"@type":"SearchAction","target":{"@type":"EntryPoint","urlTemplate":"https:\/\/www.daisho.be\/de\/?s={search_term_string}"},"query-input":{"@type":"PropertyValueSpecification","valueRequired":true,"valueName":"search_term_string"}}],"inLanguage":"de"},{"@type":"Organization","@id":"https:\/\/www.daisho.be\/de\/#organization","name":"Daisho","url":"https:\/\/www.daisho.be\/de\/","logo":{"@type":"ImageObject","inLanguage":"de","@id":"https:\/\/www.daisho.be\/de\/#\/schema\/logo\/image\/","url":"https:\/\/www.daisho.be\/wp-content\/uploads\/2019\/07\/color-nothing-horizontale4x-e1564486100247.png","contentUrl":"https:\/\/www.daisho.be\/wp-content\/uploads\/2019\/07\/color-nothing-horizontale4x-e1564486100247.png","width":1547,"height":385,"caption":"Daisho"},"image":{"@id":"https:\/\/www.daisho.be\/de\/#\/schema\/logo\/image\/"}}]}},"_links":{"self":[{"href":"https:\/\/www.daisho.be\/de\/wp-json\/wp\/v2\/product\/650454","targetHints":{"allow":["GET"]}}],"collection":[{"href":"https:\/\/www.daisho.be\/de\/wp-json\/wp\/v2\/product"}],"about":[{"href":"https:\/\/www.daisho.be\/de\/wp-json\/wp\/v2\/types\/product"}],"replies":[{"embeddable":true,"href":"https:\/\/www.daisho.be\/de\/wp-json\/wp\/v2\/comments?post=650454"}],"wp:featuredmedia":[{"embeddable":true,"href":"https:\/\/www.daisho.be\/de\/wp-json\/wp\/v2\/media\/650436"}],"wp:attachment":[{"href":"https:\/\/www.daisho.be\/de\/wp-json\/wp\/v2\/media?parent=650454"}],"wp:term":[{"taxonomy":"product_brand","embeddable":true,"href":"https:\/\/www.daisho.be\/de\/wp-json\/wp\/v2\/product_brand?post=650454"},{"taxonomy":"product_cat","embeddable":true,"href":"https:\/\/www.daisho.be\/de\/wp-json\/wp\/v2\/product_cat?post=650454"},{"taxonomy":"product_tag","embeddable":true,"href":"https:\/\/www.daisho.be\/de\/wp-json\/wp\/v2\/product_tag?post=650454"},{"taxonomy":"sport","embeddable":true,"href":"https:\/\/www.daisho.be\/de\/wp-json\/wp\/v2\/sport?post=650454"}],"curies":[{"name":"wp","href":"https:\/\/api.w.org\/{rel}","templated":true}]}}