{"id":650430,"date":"2026-01-03T17:42:51","date_gmt":"2026-01-03T16:42:51","guid":{"rendered":"https:\/\/www.daisho.be\/produit\/push-nup-paar-schachtel\/"},"modified":"2026-01-03T17:42:51","modified_gmt":"2026-01-03T16:42:51","slug":"push-nup-paar-schachtel","status":"publish","type":"product","link":"https:\/\/www.daisho.be\/de\/produit\/push-nup-paar-schachtel\/","title":{"rendered":"Push n&#8217;up (Paar) Schachtel"},"content":{"rendered":"<p>Entwickelt und konzipiert f\u00fcr das Krafttraining (Liegest\u00fctz, K\u00f6rperhaltung) im stabilen oder unausgeglichenen Modus.<br \/>\nDie ergonomische Form erleichtert das Greifen und der Bezug bietet maximalen Komfort.<br \/>\nUnabh\u00e4ngig von der Position und dem \u00d6ffnungswinkel der Arme bleibt dieser Push Up stabil (Anti-Kippvorrichtung).<br \/>\n2 Griffe sind m\u00f6glich: flache oder geneigte H\u00e4nde, um die Muskeln je nach gew\u00fcnschter Arbeit st\u00e4rker zu beanspruchen.<br \/>\nRutschfeste Sohle<\/p>\n","protected":false},"excerpt":{"rendered":"<p>Entwickelt und konzipiert f\u00fcr das Krafttraining (Liegest\u00fctz, K\u00f6rperhaltung) im stabilen oder unausgeglichenen Modus. Die ergonomische Form erleichtert das Greifen und der Bezug bietet maximalen Komfort. Unabh\u00e4ngig von der Position und dem \u00d6ffnungswinkel der Arme bleibt dieser Push Up stabil (Anti-Kippvorrichtung). 2 Griffe sind m\u00f6glich: flache oder geneigte H\u00e4nde, um die Muskeln je nach gew\u00fcnschter Arbeit [&hellip;]<\/p>\n","protected":false},"featured_media":650414,"comment_status":"open","ping_status":"closed","template":"","meta":{"inline_featured_image":false},"product_brand":[],"product_cat":[2054],"product_tag":[2225],"sport":[],"class_list":{"0":"post-650430","1":"product","2":"type-product","3":"status-publish","4":"has-post-thumbnail","6":"product_cat-trainingsmaterial","7":"product_tag-sveltus-de","8":"pa_size-sans-taille-defaut","10":"first","11":"instock","12":"taxable","13":"shipping-taxable","14":"purchasable","15":"product-type-variable"},"yoast_head":"<!-- This site is optimized with the Yoast SEO plugin v27.2 - https:\/\/yoast.com\/product\/yoast-seo-wordpress\/ -->\n<title>Push n&#039;up (Paar) Schachtel &#8211; Daisho<\/title>\n<meta name=\"robots\" content=\"index, follow, max-snippet:-1, max-image-preview:large, max-video-preview:-1\" \/>\n<link rel=\"canonical\" href=\"https:\/\/www.daisho.be\/de\/produit\/push-nup-paar-schachtel\/\" \/>\n<meta property=\"og:locale\" content=\"de_DE\" \/>\n<meta property=\"og:type\" content=\"article\" \/>\n<meta property=\"og:title\" content=\"Push n&#039;up (Paar) Schachtel &#8211; Daisho\" \/>\n<meta property=\"og:description\" content=\"Entwickelt und konzipiert f\u00fcr das Krafttraining (Liegest\u00fctz, K\u00f6rperhaltung) im stabilen oder unausgeglichenen Modus. Die ergonomische Form erleichtert das Greifen und der Bezug bietet maximalen Komfort. Unabh\u00e4ngig von der Position und dem \u00d6ffnungswinkel der Arme bleibt dieser Push Up stabil (Anti-Kippvorrichtung). 2 Griffe sind m\u00f6glich: flache oder geneigte H\u00e4nde, um die Muskeln je nach gew\u00fcnschter Arbeit [&hellip;]\" \/>\n<meta property=\"og:url\" content=\"https:\/\/www.daisho.be\/de\/produit\/push-nup-paar-schachtel\/\" \/>\n<meta property=\"og:site_name\" content=\"Daisho\" \/>\n<meta property=\"og:image\" content=\"https:\/\/www.daisho.be\/wp-content\/uploads\/2026\/01\/image-121.jpg\" \/>\n\t<meta property=\"og:image:width\" content=\"1772\" \/>\n\t<meta property=\"og:image:height\" content=\"961\" \/>\n\t<meta property=\"og:image:type\" content=\"image\/jpeg\" \/>\n<meta name=\"twitter:card\" content=\"summary_large_image\" \/>\n<script type=\"application\/ld+json\" class=\"yoast-schema-graph\">{\"@context\":\"https:\/\/schema.org\",\"@graph\":[{\"@type\":\"WebPage\",\"@id\":\"https:\/\/www.daisho.be\/de\/produit\/push-nup-paar-schachtel\/\",\"url\":\"https:\/\/www.daisho.be\/de\/produit\/push-nup-paar-schachtel\/\",\"name\":\"Push n'up (Paar) Schachtel &#8211; Daisho\",\"isPartOf\":{\"@id\":\"https:\/\/www.daisho.be\/de\/#website\"},\"primaryImageOfPage\":{\"@id\":\"https:\/\/www.daisho.be\/de\/produit\/push-nup-paar-schachtel\/#primaryimage\"},\"image\":{\"@id\":\"https:\/\/www.daisho.be\/de\/produit\/push-nup-paar-schachtel\/#primaryimage\"},\"thumbnailUrl\":\"https:\/\/www.daisho.be\/wp-content\/uploads\/2026\/01\/image-121.jpg\",\"datePublished\":\"2026-01-03T16:42:51+00:00\",\"breadcrumb\":{\"@id\":\"https:\/\/www.daisho.be\/de\/produit\/push-nup-paar-schachtel\/#breadcrumb\"},\"inLanguage\":\"de\",\"potentialAction\":[{\"@type\":\"ReadAction\",\"target\":[\"https:\/\/www.daisho.be\/de\/produit\/push-nup-paar-schachtel\/\"]}]},{\"@type\":\"ImageObject\",\"inLanguage\":\"de\",\"@id\":\"https:\/\/www.daisho.be\/de\/produit\/push-nup-paar-schachtel\/#primaryimage\",\"url\":\"https:\/\/www.daisho.be\/wp-content\/uploads\/2026\/01\/image-121.jpg\",\"contentUrl\":\"https:\/\/www.daisho.be\/wp-content\/uploads\/2026\/01\/image-121.jpg\",\"width\":1772,\"height\":961,\"caption\":\"Push n'up (la paire) bo\u00eete-1\"},{\"@type\":\"BreadcrumbList\",\"@id\":\"https:\/\/www.daisho.be\/de\/produit\/push-nup-paar-schachtel\/#breadcrumb\",\"itemListElement\":[{\"@type\":\"ListItem\",\"position\":1,\"name\":\"Accueil\",\"item\":\"https:\/\/www.daisho.be\/de\/\"},{\"@type\":\"ListItem\",\"position\":2,\"name\":\"Produkte\",\"item\":\"https:\/\/www.daisho.be\/de\/produkte\/\"},{\"@type\":\"ListItem\",\"position\":3,\"name\":\"Kampfsportarten\",\"item\":\"https:\/\/www.daisho.be\/de\/categorie-produit\/kampfsportarten\/\"},{\"@type\":\"ListItem\",\"position\":4,\"name\":\"Trainingsmaterial\",\"item\":\"https:\/\/www.daisho.be\/de\/categorie-produit\/kampfsportarten\/trainingsmaterial\/\"},{\"@type\":\"ListItem\",\"position\":5,\"name\":\"Push n&#8217;up (Paar) Schachtel\"}]},{\"@type\":\"WebSite\",\"@id\":\"https:\/\/www.daisho.be\/de\/#website\",\"url\":\"https:\/\/www.daisho.be\/de\/\",\"name\":\"Daisho\",\"description\":\"Sp&eacute;cialiste de l'&eacute;quipement sportif d'arts martiaux\",\"publisher\":{\"@id\":\"https:\/\/www.daisho.be\/de\/#organization\"},\"potentialAction\":[{\"@type\":\"SearchAction\",\"target\":{\"@type\":\"EntryPoint\",\"urlTemplate\":\"https:\/\/www.daisho.be\/de\/?s={search_term_string}\"},\"query-input\":{\"@type\":\"PropertyValueSpecification\",\"valueRequired\":true,\"valueName\":\"search_term_string\"}}],\"inLanguage\":\"de\"},{\"@type\":\"Organization\",\"@id\":\"https:\/\/www.daisho.be\/de\/#organization\",\"name\":\"Daisho\",\"url\":\"https:\/\/www.daisho.be\/de\/\",\"logo\":{\"@type\":\"ImageObject\",\"inLanguage\":\"de\",\"@id\":\"https:\/\/www.daisho.be\/de\/#\/schema\/logo\/image\/\",\"url\":\"https:\/\/www.daisho.be\/wp-content\/uploads\/2019\/07\/color-nothing-horizontale4x-e1564486100247.png\",\"contentUrl\":\"https:\/\/www.daisho.be\/wp-content\/uploads\/2019\/07\/color-nothing-horizontale4x-e1564486100247.png\",\"width\":1547,\"height\":385,\"caption\":\"Daisho\"},\"image\":{\"@id\":\"https:\/\/www.daisho.be\/de\/#\/schema\/logo\/image\/\"}}]}<\/script>\n<!-- \/ Yoast SEO plugin. -->","yoast_head_json":{"title":"Push n'up (Paar) Schachtel &#8211; Daisho","robots":{"index":"index","follow":"follow","max-snippet":"max-snippet:-1","max-image-preview":"max-image-preview:large","max-video-preview":"max-video-preview:-1"},"canonical":"https:\/\/www.daisho.be\/de\/produit\/push-nup-paar-schachtel\/","og_locale":"de_DE","og_type":"article","og_title":"Push n'up (Paar) Schachtel &#8211; Daisho","og_description":"Entwickelt und konzipiert f\u00fcr das Krafttraining (Liegest\u00fctz, K\u00f6rperhaltung) im stabilen oder unausgeglichenen Modus. Die ergonomische Form erleichtert das Greifen und der Bezug bietet maximalen Komfort. Unabh\u00e4ngig von der Position und dem \u00d6ffnungswinkel der Arme bleibt dieser Push Up stabil (Anti-Kippvorrichtung). 2 Griffe sind m\u00f6glich: flache oder geneigte H\u00e4nde, um die Muskeln je nach gew\u00fcnschter Arbeit [&hellip;]","og_url":"https:\/\/www.daisho.be\/de\/produit\/push-nup-paar-schachtel\/","og_site_name":"Daisho","og_image":[{"width":1772,"height":961,"url":"https:\/\/www.daisho.be\/wp-content\/uploads\/2026\/01\/image-121.jpg","type":"image\/jpeg"}],"twitter_card":"summary_large_image","schema":{"@context":"https:\/\/schema.org","@graph":[{"@type":"WebPage","@id":"https:\/\/www.daisho.be\/de\/produit\/push-nup-paar-schachtel\/","url":"https:\/\/www.daisho.be\/de\/produit\/push-nup-paar-schachtel\/","name":"Push n'up (Paar) Schachtel &#8211; Daisho","isPartOf":{"@id":"https:\/\/www.daisho.be\/de\/#website"},"primaryImageOfPage":{"@id":"https:\/\/www.daisho.be\/de\/produit\/push-nup-paar-schachtel\/#primaryimage"},"image":{"@id":"https:\/\/www.daisho.be\/de\/produit\/push-nup-paar-schachtel\/#primaryimage"},"thumbnailUrl":"https:\/\/www.daisho.be\/wp-content\/uploads\/2026\/01\/image-121.jpg","datePublished":"2026-01-03T16:42:51+00:00","breadcrumb":{"@id":"https:\/\/www.daisho.be\/de\/produit\/push-nup-paar-schachtel\/#breadcrumb"},"inLanguage":"de","potentialAction":[{"@type":"ReadAction","target":["https:\/\/www.daisho.be\/de\/produit\/push-nup-paar-schachtel\/"]}]},{"@type":"ImageObject","inLanguage":"de","@id":"https:\/\/www.daisho.be\/de\/produit\/push-nup-paar-schachtel\/#primaryimage","url":"https:\/\/www.daisho.be\/wp-content\/uploads\/2026\/01\/image-121.jpg","contentUrl":"https:\/\/www.daisho.be\/wp-content\/uploads\/2026\/01\/image-121.jpg","width":1772,"height":961,"caption":"Push n'up (la paire) bo\u00eete-1"},{"@type":"BreadcrumbList","@id":"https:\/\/www.daisho.be\/de\/produit\/push-nup-paar-schachtel\/#breadcrumb","itemListElement":[{"@type":"ListItem","position":1,"name":"Accueil","item":"https:\/\/www.daisho.be\/de\/"},{"@type":"ListItem","position":2,"name":"Produkte","item":"https:\/\/www.daisho.be\/de\/produkte\/"},{"@type":"ListItem","position":3,"name":"Kampfsportarten","item":"https:\/\/www.daisho.be\/de\/categorie-produit\/kampfsportarten\/"},{"@type":"ListItem","position":4,"name":"Trainingsmaterial","item":"https:\/\/www.daisho.be\/de\/categorie-produit\/kampfsportarten\/trainingsmaterial\/"},{"@type":"ListItem","position":5,"name":"Push n&#8217;up (Paar) Schachtel"}]},{"@type":"WebSite","@id":"https:\/\/www.daisho.be\/de\/#website","url":"https:\/\/www.daisho.be\/de\/","name":"Daisho","description":"Sp&eacute;cialiste de l'&eacute;quipement sportif d'arts martiaux","publisher":{"@id":"https:\/\/www.daisho.be\/de\/#organization"},"potentialAction":[{"@type":"SearchAction","target":{"@type":"EntryPoint","urlTemplate":"https:\/\/www.daisho.be\/de\/?s={search_term_string}"},"query-input":{"@type":"PropertyValueSpecification","valueRequired":true,"valueName":"search_term_string"}}],"inLanguage":"de"},{"@type":"Organization","@id":"https:\/\/www.daisho.be\/de\/#organization","name":"Daisho","url":"https:\/\/www.daisho.be\/de\/","logo":{"@type":"ImageObject","inLanguage":"de","@id":"https:\/\/www.daisho.be\/de\/#\/schema\/logo\/image\/","url":"https:\/\/www.daisho.be\/wp-content\/uploads\/2019\/07\/color-nothing-horizontale4x-e1564486100247.png","contentUrl":"https:\/\/www.daisho.be\/wp-content\/uploads\/2019\/07\/color-nothing-horizontale4x-e1564486100247.png","width":1547,"height":385,"caption":"Daisho"},"image":{"@id":"https:\/\/www.daisho.be\/de\/#\/schema\/logo\/image\/"}}]}},"_links":{"self":[{"href":"https:\/\/www.daisho.be\/de\/wp-json\/wp\/v2\/product\/650430","targetHints":{"allow":["GET"]}}],"collection":[{"href":"https:\/\/www.daisho.be\/de\/wp-json\/wp\/v2\/product"}],"about":[{"href":"https:\/\/www.daisho.be\/de\/wp-json\/wp\/v2\/types\/product"}],"replies":[{"embeddable":true,"href":"https:\/\/www.daisho.be\/de\/wp-json\/wp\/v2\/comments?post=650430"}],"wp:featuredmedia":[{"embeddable":true,"href":"https:\/\/www.daisho.be\/de\/wp-json\/wp\/v2\/media\/650414"}],"wp:attachment":[{"href":"https:\/\/www.daisho.be\/de\/wp-json\/wp\/v2\/media?parent=650430"}],"wp:term":[{"taxonomy":"product_brand","embeddable":true,"href":"https:\/\/www.daisho.be\/de\/wp-json\/wp\/v2\/product_brand?post=650430"},{"taxonomy":"product_cat","embeddable":true,"href":"https:\/\/www.daisho.be\/de\/wp-json\/wp\/v2\/product_cat?post=650430"},{"taxonomy":"product_tag","embeddable":true,"href":"https:\/\/www.daisho.be\/de\/wp-json\/wp\/v2\/product_tag?post=650430"},{"taxonomy":"sport","embeddable":true,"href":"https:\/\/www.daisho.be\/de\/wp-json\/wp\/v2\/sport?post=650430"}],"curies":[{"name":"wp","href":"https:\/\/api.w.org\/{rel}","templated":true}]}}