{"id":650372,"date":"2026-01-03T17:36:18","date_gmt":"2026-01-03T16:36:18","guid":{"rendered":"https:\/\/www.daisho.be\/produit\/functional-slider-premium-poster\/"},"modified":"2026-01-03T17:36:18","modified_gmt":"2026-01-03T16:36:18","slug":"functional-slider-premium-poster","status":"publish","type":"product","link":"https:\/\/www.daisho.be\/de\/produit\/functional-slider-premium-poster\/","title":{"rendered":"Functional slider premium + Poster"},"content":{"rendered":"<p>Ideal zur St\u00e4rkung Ihrer Muskelgruppen und zum Training der gesamten Bauchmuskulatur durch gleitende Bewegungen.<br \/>\nKann auf jedem Untergrund verwendet werden. Ergonomisches Design f\u00fcr einen besseren Halt an H\u00e4nden und F\u00fc\u00dfen. Integrierte Befestigungen.<br \/>\n\u00dcbungsposter im Lieferumfang enthalten.<br \/>\nWird paarweise verkauft.<br \/>\n&#8211; L\u00e4nge: 19,5 cm<br \/>\n&#8211; Breite: 22,5 cm<br \/>\n&#8211; Dicke: 1,5 cm<br \/>\n&#8211; Dichte: 220 kg\/m3<br \/>\n&#8211; Gewicht: 450 g<br \/>\n&#8211; Material: PP + EVA  <\/p>\n","protected":false},"excerpt":{"rendered":"<p>Ideal zur St\u00e4rkung Ihrer Muskelgruppen und zum Training der gesamten Bauchmuskulatur durch gleitende Bewegungen. Kann auf jedem Untergrund verwendet werden. Ergonomisches Design f\u00fcr einen besseren Halt an H\u00e4nden und F\u00fc\u00dfen. Integrierte Befestigungen. \u00dcbungsposter im Lieferumfang enthalten. Wird paarweise verkauft. &#8211; L\u00e4nge: 19,5 cm &#8211; Breite: 22,5 cm &#8211; Dicke: 1,5 cm &#8211; Dichte: 220 kg\/m3 [&hellip;]<\/p>\n","protected":false},"featured_media":650360,"comment_status":"open","ping_status":"closed","template":"","meta":{"inline_featured_image":false},"product_brand":[],"product_cat":[2356],"product_tag":[2225],"sport":[],"class_list":{"0":"post-650372","1":"product","2":"type-product","3":"status-publish","4":"has-post-thumbnail","6":"product_cat-andere-de","7":"product_tag-sveltus-de","8":"pa_size-sans-taille-defaut","10":"first","11":"instock","12":"taxable","13":"shipping-taxable","14":"purchasable","15":"product-type-variable"},"yoast_head":"<!-- This site is optimized with the Yoast SEO plugin v27.2 - https:\/\/yoast.com\/product\/yoast-seo-wordpress\/ -->\n<title>Functional slider premium + Poster &#8211; Daisho<\/title>\n<meta name=\"robots\" content=\"index, follow, max-snippet:-1, max-image-preview:large, max-video-preview:-1\" \/>\n<link rel=\"canonical\" href=\"https:\/\/www.daisho.be\/de\/produit\/functional-slider-premium-poster\/\" \/>\n<meta property=\"og:locale\" content=\"de_DE\" \/>\n<meta property=\"og:type\" content=\"article\" \/>\n<meta property=\"og:title\" content=\"Functional slider premium + Poster &#8211; Daisho\" \/>\n<meta property=\"og:description\" content=\"Ideal zur St\u00e4rkung Ihrer Muskelgruppen und zum Training der gesamten Bauchmuskulatur durch gleitende Bewegungen. Kann auf jedem Untergrund verwendet werden. Ergonomisches Design f\u00fcr einen besseren Halt an H\u00e4nden und F\u00fc\u00dfen. Integrierte Befestigungen. \u00dcbungsposter im Lieferumfang enthalten. Wird paarweise verkauft. &#8211; L\u00e4nge: 19,5 cm &#8211; Breite: 22,5 cm &#8211; Dicke: 1,5 cm &#8211; Dichte: 220 kg\/m3 [&hellip;]\" \/>\n<meta property=\"og:url\" content=\"https:\/\/www.daisho.be\/de\/produit\/functional-slider-premium-poster\/\" \/>\n<meta property=\"og:site_name\" content=\"Daisho\" \/>\n<meta property=\"og:image\" content=\"https:\/\/www.daisho.be\/wp-content\/uploads\/2026\/01\/image-116-scaled.jpg\" \/>\n\t<meta property=\"og:image:width\" content=\"2048\" \/>\n\t<meta property=\"og:image:height\" content=\"1289\" \/>\n\t<meta property=\"og:image:type\" content=\"image\/jpeg\" \/>\n<meta name=\"twitter:card\" content=\"summary_large_image\" \/>\n<script type=\"application\/ld+json\" class=\"yoast-schema-graph\">{\"@context\":\"https:\/\/schema.org\",\"@graph\":[{\"@type\":\"WebPage\",\"@id\":\"https:\/\/www.daisho.be\/de\/produit\/functional-slider-premium-poster\/\",\"url\":\"https:\/\/www.daisho.be\/de\/produit\/functional-slider-premium-poster\/\",\"name\":\"Functional slider premium + Poster &#8211; Daisho\",\"isPartOf\":{\"@id\":\"https:\/\/www.daisho.be\/de\/#website\"},\"primaryImageOfPage\":{\"@id\":\"https:\/\/www.daisho.be\/de\/produit\/functional-slider-premium-poster\/#primaryimage\"},\"image\":{\"@id\":\"https:\/\/www.daisho.be\/de\/produit\/functional-slider-premium-poster\/#primaryimage\"},\"thumbnailUrl\":\"https:\/\/www.daisho.be\/wp-content\/uploads\/2026\/01\/image-116-scaled.jpg\",\"datePublished\":\"2026-01-03T16:36:18+00:00\",\"breadcrumb\":{\"@id\":\"https:\/\/www.daisho.be\/de\/produit\/functional-slider-premium-poster\/#breadcrumb\"},\"inLanguage\":\"de\",\"potentialAction\":[{\"@type\":\"ReadAction\",\"target\":[\"https:\/\/www.daisho.be\/de\/produit\/functional-slider-premium-poster\/\"]}]},{\"@type\":\"ImageObject\",\"inLanguage\":\"de\",\"@id\":\"https:\/\/www.daisho.be\/de\/produit\/functional-slider-premium-poster\/#primaryimage\",\"url\":\"https:\/\/www.daisho.be\/wp-content\/uploads\/2026\/01\/image-116-scaled.jpg\",\"contentUrl\":\"https:\/\/www.daisho.be\/wp-content\/uploads\/2026\/01\/image-116-scaled.jpg\",\"width\":2048,\"height\":1289,\"caption\":\"Functional slider premium + poster-1\"},{\"@type\":\"BreadcrumbList\",\"@id\":\"https:\/\/www.daisho.be\/de\/produit\/functional-slider-premium-poster\/#breadcrumb\",\"itemListElement\":[{\"@type\":\"ListItem\",\"position\":1,\"name\":\"Accueil\",\"item\":\"https:\/\/www.daisho.be\/de\/\"},{\"@type\":\"ListItem\",\"position\":2,\"name\":\"Produkte\",\"item\":\"https:\/\/www.daisho.be\/de\/produkte\/\"},{\"@type\":\"ListItem\",\"position\":3,\"name\":\"Andere\",\"item\":\"https:\/\/www.daisho.be\/de\/categorie-produit\/andere-de\/\"},{\"@type\":\"ListItem\",\"position\":4,\"name\":\"Functional slider premium + Poster\"}]},{\"@type\":\"WebSite\",\"@id\":\"https:\/\/www.daisho.be\/de\/#website\",\"url\":\"https:\/\/www.daisho.be\/de\/\",\"name\":\"Daisho\",\"description\":\"Sp&eacute;cialiste de l'&eacute;quipement sportif d'arts martiaux\",\"publisher\":{\"@id\":\"https:\/\/www.daisho.be\/de\/#organization\"},\"potentialAction\":[{\"@type\":\"SearchAction\",\"target\":{\"@type\":\"EntryPoint\",\"urlTemplate\":\"https:\/\/www.daisho.be\/de\/?s={search_term_string}\"},\"query-input\":{\"@type\":\"PropertyValueSpecification\",\"valueRequired\":true,\"valueName\":\"search_term_string\"}}],\"inLanguage\":\"de\"},{\"@type\":\"Organization\",\"@id\":\"https:\/\/www.daisho.be\/de\/#organization\",\"name\":\"Daisho\",\"url\":\"https:\/\/www.daisho.be\/de\/\",\"logo\":{\"@type\":\"ImageObject\",\"inLanguage\":\"de\",\"@id\":\"https:\/\/www.daisho.be\/de\/#\/schema\/logo\/image\/\",\"url\":\"https:\/\/www.daisho.be\/wp-content\/uploads\/2019\/07\/color-nothing-horizontale4x-e1564486100247.png\",\"contentUrl\":\"https:\/\/www.daisho.be\/wp-content\/uploads\/2019\/07\/color-nothing-horizontale4x-e1564486100247.png\",\"width\":1547,\"height\":385,\"caption\":\"Daisho\"},\"image\":{\"@id\":\"https:\/\/www.daisho.be\/de\/#\/schema\/logo\/image\/\"}}]}<\/script>\n<!-- \/ Yoast SEO plugin. -->","yoast_head_json":{"title":"Functional slider premium + Poster &#8211; Daisho","robots":{"index":"index","follow":"follow","max-snippet":"max-snippet:-1","max-image-preview":"max-image-preview:large","max-video-preview":"max-video-preview:-1"},"canonical":"https:\/\/www.daisho.be\/de\/produit\/functional-slider-premium-poster\/","og_locale":"de_DE","og_type":"article","og_title":"Functional slider premium + Poster &#8211; Daisho","og_description":"Ideal zur St\u00e4rkung Ihrer Muskelgruppen und zum Training der gesamten Bauchmuskulatur durch gleitende Bewegungen. Kann auf jedem Untergrund verwendet werden. Ergonomisches Design f\u00fcr einen besseren Halt an H\u00e4nden und F\u00fc\u00dfen. Integrierte Befestigungen. \u00dcbungsposter im Lieferumfang enthalten. Wird paarweise verkauft. &#8211; L\u00e4nge: 19,5 cm &#8211; Breite: 22,5 cm &#8211; Dicke: 1,5 cm &#8211; Dichte: 220 kg\/m3 [&hellip;]","og_url":"https:\/\/www.daisho.be\/de\/produit\/functional-slider-premium-poster\/","og_site_name":"Daisho","og_image":[{"width":2048,"height":1289,"url":"https:\/\/www.daisho.be\/wp-content\/uploads\/2026\/01\/image-116-scaled.jpg","type":"image\/jpeg"}],"twitter_card":"summary_large_image","schema":{"@context":"https:\/\/schema.org","@graph":[{"@type":"WebPage","@id":"https:\/\/www.daisho.be\/de\/produit\/functional-slider-premium-poster\/","url":"https:\/\/www.daisho.be\/de\/produit\/functional-slider-premium-poster\/","name":"Functional slider premium + Poster &#8211; Daisho","isPartOf":{"@id":"https:\/\/www.daisho.be\/de\/#website"},"primaryImageOfPage":{"@id":"https:\/\/www.daisho.be\/de\/produit\/functional-slider-premium-poster\/#primaryimage"},"image":{"@id":"https:\/\/www.daisho.be\/de\/produit\/functional-slider-premium-poster\/#primaryimage"},"thumbnailUrl":"https:\/\/www.daisho.be\/wp-content\/uploads\/2026\/01\/image-116-scaled.jpg","datePublished":"2026-01-03T16:36:18+00:00","breadcrumb":{"@id":"https:\/\/www.daisho.be\/de\/produit\/functional-slider-premium-poster\/#breadcrumb"},"inLanguage":"de","potentialAction":[{"@type":"ReadAction","target":["https:\/\/www.daisho.be\/de\/produit\/functional-slider-premium-poster\/"]}]},{"@type":"ImageObject","inLanguage":"de","@id":"https:\/\/www.daisho.be\/de\/produit\/functional-slider-premium-poster\/#primaryimage","url":"https:\/\/www.daisho.be\/wp-content\/uploads\/2026\/01\/image-116-scaled.jpg","contentUrl":"https:\/\/www.daisho.be\/wp-content\/uploads\/2026\/01\/image-116-scaled.jpg","width":2048,"height":1289,"caption":"Functional slider premium + poster-1"},{"@type":"BreadcrumbList","@id":"https:\/\/www.daisho.be\/de\/produit\/functional-slider-premium-poster\/#breadcrumb","itemListElement":[{"@type":"ListItem","position":1,"name":"Accueil","item":"https:\/\/www.daisho.be\/de\/"},{"@type":"ListItem","position":2,"name":"Produkte","item":"https:\/\/www.daisho.be\/de\/produkte\/"},{"@type":"ListItem","position":3,"name":"Andere","item":"https:\/\/www.daisho.be\/de\/categorie-produit\/andere-de\/"},{"@type":"ListItem","position":4,"name":"Functional slider premium + Poster"}]},{"@type":"WebSite","@id":"https:\/\/www.daisho.be\/de\/#website","url":"https:\/\/www.daisho.be\/de\/","name":"Daisho","description":"Sp&eacute;cialiste de l'&eacute;quipement sportif d'arts martiaux","publisher":{"@id":"https:\/\/www.daisho.be\/de\/#organization"},"potentialAction":[{"@type":"SearchAction","target":{"@type":"EntryPoint","urlTemplate":"https:\/\/www.daisho.be\/de\/?s={search_term_string}"},"query-input":{"@type":"PropertyValueSpecification","valueRequired":true,"valueName":"search_term_string"}}],"inLanguage":"de"},{"@type":"Organization","@id":"https:\/\/www.daisho.be\/de\/#organization","name":"Daisho","url":"https:\/\/www.daisho.be\/de\/","logo":{"@type":"ImageObject","inLanguage":"de","@id":"https:\/\/www.daisho.be\/de\/#\/schema\/logo\/image\/","url":"https:\/\/www.daisho.be\/wp-content\/uploads\/2019\/07\/color-nothing-horizontale4x-e1564486100247.png","contentUrl":"https:\/\/www.daisho.be\/wp-content\/uploads\/2019\/07\/color-nothing-horizontale4x-e1564486100247.png","width":1547,"height":385,"caption":"Daisho"},"image":{"@id":"https:\/\/www.daisho.be\/de\/#\/schema\/logo\/image\/"}}]}},"_links":{"self":[{"href":"https:\/\/www.daisho.be\/de\/wp-json\/wp\/v2\/product\/650372","targetHints":{"allow":["GET"]}}],"collection":[{"href":"https:\/\/www.daisho.be\/de\/wp-json\/wp\/v2\/product"}],"about":[{"href":"https:\/\/www.daisho.be\/de\/wp-json\/wp\/v2\/types\/product"}],"replies":[{"embeddable":true,"href":"https:\/\/www.daisho.be\/de\/wp-json\/wp\/v2\/comments?post=650372"}],"wp:featuredmedia":[{"embeddable":true,"href":"https:\/\/www.daisho.be\/de\/wp-json\/wp\/v2\/media\/650360"}],"wp:attachment":[{"href":"https:\/\/www.daisho.be\/de\/wp-json\/wp\/v2\/media?parent=650372"}],"wp:term":[{"taxonomy":"product_brand","embeddable":true,"href":"https:\/\/www.daisho.be\/de\/wp-json\/wp\/v2\/product_brand?post=650372"},{"taxonomy":"product_cat","embeddable":true,"href":"https:\/\/www.daisho.be\/de\/wp-json\/wp\/v2\/product_cat?post=650372"},{"taxonomy":"product_tag","embeddable":true,"href":"https:\/\/www.daisho.be\/de\/wp-json\/wp\/v2\/product_tag?post=650372"},{"taxonomy":"sport","embeddable":true,"href":"https:\/\/www.daisho.be\/de\/wp-json\/wp\/v2\/sport?post=650372"}],"curies":[{"name":"wp","href":"https:\/\/api.w.org\/{rel}","templated":true}]}}