{"id":650314,"date":"2026-01-03T17:16:26","date_gmt":"2026-01-03T16:16:26","guid":{"rendered":"https:\/\/www.daisho.be\/produit\/beschwerbarer-guertel\/"},"modified":"2026-01-03T17:16:43","modified_gmt":"2026-01-03T16:16:43","slug":"beschwerbarer-guertel","status":"publish","type":"product","link":"https:\/\/www.daisho.be\/de\/produit\/beschwerbarer-guertel\/","title":{"rendered":"Beschwerbarer G\u00fcrtel"},"content":{"rendered":"<p>Erm\u00f6glicht das Anbringen von Gewichten bei K\u00f6rpergewichts\u00fcbungen, um Ihr Training z.B. bei Klimmz\u00fcgen und Dips zu intensivieren.<br \/>\nDieser robuste Nylong\u00fcrtel erm\u00f6glicht durch seine starke Kette das Anbringen von Gewichten bis zu 100 kg.<br \/>\nDer G\u00fcrtel ist ergonomisch geformt, damit er nicht verrutscht und unterst\u00fctzt Ihren R\u00fccken durch einen bequemen gepolsterten Bereich. Ausgestattet mit zwei Ringen und einer Kette mit Karabinerhaken.<br \/>\nEinheitsgr\u00f6\u00dfe. Wird ohne Gewichte verkauft.<br \/>\n-\u00a2 L\u00e4nge: 83.5 cm<br \/>\n-\u00a2 Breite: 11.5 \/ 17.5 cm<br \/>\n-\u00a2 Kettenl\u00e4nge: 95 cm<br \/>\n-\u00a2 Gewicht: 80 kg<br \/>\n-\u00a2 Gewicht: 870 g<br \/>\n-\u00a2 EVA Zusammensetzung<br \/>\n-\u00a2 Polyesterfaser<br \/>\n-\u00a2 Gusseiserne verzinkte Kette  <\/p>\n","protected":false},"excerpt":{"rendered":"<p>Erm\u00f6glicht das Anbringen von Gewichten bei K\u00f6rpergewichts\u00fcbungen, um Ihr Training z.B. bei Klimmz\u00fcgen und Dips zu intensivieren. Dieser robuste Nylong\u00fcrtel erm\u00f6glicht durch seine starke Kette das Anbringen von Gewichten bis zu 100 kg. Der G\u00fcrtel ist ergonomisch geformt, damit er nicht verrutscht und unterst\u00fctzt Ihren R\u00fccken durch einen bequemen gepolsterten Bereich. Ausgestattet mit zwei Ringen [&hellip;]<\/p>\n","protected":false},"featured_media":650300,"comment_status":"open","ping_status":"closed","template":"","meta":{"inline_featured_image":false},"product_brand":[],"product_cat":[2356],"product_tag":[2225],"sport":[],"class_list":{"0":"post-650314","1":"product","2":"type-product","3":"status-publish","4":"has-post-thumbnail","6":"product_cat-andere-de","7":"product_tag-sveltus-de","8":"pa_size-sans-taille-defaut","10":"first","11":"instock","12":"taxable","13":"shipping-taxable","14":"purchasable","15":"product-type-variable"},"yoast_head":"<!-- This site is optimized with the Yoast SEO plugin v27.2 - https:\/\/yoast.com\/product\/yoast-seo-wordpress\/ -->\n<title>Beschwerbarer G\u00fcrtel &#8211; Daisho<\/title>\n<meta name=\"robots\" content=\"index, follow, max-snippet:-1, max-image-preview:large, max-video-preview:-1\" \/>\n<link rel=\"canonical\" href=\"https:\/\/www.daisho.be\/de\/produit\/beschwerbarer-guertel\/\" \/>\n<meta property=\"og:locale\" content=\"de_DE\" \/>\n<meta property=\"og:type\" content=\"article\" \/>\n<meta property=\"og:title\" content=\"Beschwerbarer G\u00fcrtel &#8211; Daisho\" \/>\n<meta property=\"og:description\" content=\"Erm\u00f6glicht das Anbringen von Gewichten bei K\u00f6rpergewichts\u00fcbungen, um Ihr Training z.B. bei Klimmz\u00fcgen und Dips zu intensivieren. Dieser robuste Nylong\u00fcrtel erm\u00f6glicht durch seine starke Kette das Anbringen von Gewichten bis zu 100 kg. Der G\u00fcrtel ist ergonomisch geformt, damit er nicht verrutscht und unterst\u00fctzt Ihren R\u00fccken durch einen bequemen gepolsterten Bereich. Ausgestattet mit zwei Ringen [&hellip;]\" \/>\n<meta property=\"og:url\" content=\"https:\/\/www.daisho.be\/de\/produit\/beschwerbarer-guertel\/\" \/>\n<meta property=\"og:site_name\" content=\"Daisho\" \/>\n<meta property=\"article:modified_time\" content=\"2026-01-03T16:16:43+00:00\" \/>\n<meta property=\"og:image\" content=\"https:\/\/www.daisho.be\/wp-content\/uploads\/2026\/01\/image-108-scaled.jpg\" \/>\n\t<meta property=\"og:image:width\" content=\"1540\" \/>\n\t<meta property=\"og:image:height\" content=\"2048\" \/>\n\t<meta property=\"og:image:type\" content=\"image\/jpeg\" \/>\n<meta name=\"twitter:card\" content=\"summary_large_image\" \/>\n<meta name=\"twitter:label1\" content=\"Gesch\u00e4tzte Lesezeit\" \/>\n\t<meta name=\"twitter:data1\" content=\"1\u00a0Minute\" \/>\n<script type=\"application\/ld+json\" class=\"yoast-schema-graph\">{\"@context\":\"https:\/\/schema.org\",\"@graph\":[{\"@type\":\"WebPage\",\"@id\":\"https:\/\/www.daisho.be\/de\/produit\/beschwerbarer-guertel\/\",\"url\":\"https:\/\/www.daisho.be\/de\/produit\/beschwerbarer-guertel\/\",\"name\":\"Beschwerbarer G\u00fcrtel &#8211; Daisho\",\"isPartOf\":{\"@id\":\"https:\/\/www.daisho.be\/de\/#website\"},\"primaryImageOfPage\":{\"@id\":\"https:\/\/www.daisho.be\/de\/produit\/beschwerbarer-guertel\/#primaryimage\"},\"image\":{\"@id\":\"https:\/\/www.daisho.be\/de\/produit\/beschwerbarer-guertel\/#primaryimage\"},\"thumbnailUrl\":\"https:\/\/www.daisho.be\/wp-content\/uploads\/2026\/01\/image-108-scaled.jpg\",\"datePublished\":\"2026-01-03T16:16:26+00:00\",\"dateModified\":\"2026-01-03T16:16:43+00:00\",\"breadcrumb\":{\"@id\":\"https:\/\/www.daisho.be\/de\/produit\/beschwerbarer-guertel\/#breadcrumb\"},\"inLanguage\":\"de\",\"potentialAction\":[{\"@type\":\"ReadAction\",\"target\":[\"https:\/\/www.daisho.be\/de\/produit\/beschwerbarer-guertel\/\"]}]},{\"@type\":\"ImageObject\",\"inLanguage\":\"de\",\"@id\":\"https:\/\/www.daisho.be\/de\/produit\/beschwerbarer-guertel\/#primaryimage\",\"url\":\"https:\/\/www.daisho.be\/wp-content\/uploads\/2026\/01\/image-108-scaled.jpg\",\"contentUrl\":\"https:\/\/www.daisho.be\/wp-content\/uploads\/2026\/01\/image-108-scaled.jpg\",\"width\":1540,\"height\":2048,\"caption\":\"Ceinture lestable-1\"},{\"@type\":\"BreadcrumbList\",\"@id\":\"https:\/\/www.daisho.be\/de\/produit\/beschwerbarer-guertel\/#breadcrumb\",\"itemListElement\":[{\"@type\":\"ListItem\",\"position\":1,\"name\":\"Accueil\",\"item\":\"https:\/\/www.daisho.be\/de\/\"},{\"@type\":\"ListItem\",\"position\":2,\"name\":\"Produkte\",\"item\":\"https:\/\/www.daisho.be\/de\/produkte\/\"},{\"@type\":\"ListItem\",\"position\":3,\"name\":\"Andere\",\"item\":\"https:\/\/www.daisho.be\/de\/categorie-produit\/andere-de\/\"},{\"@type\":\"ListItem\",\"position\":4,\"name\":\"Beschwerbarer G\u00fcrtel\"}]},{\"@type\":\"WebSite\",\"@id\":\"https:\/\/www.daisho.be\/de\/#website\",\"url\":\"https:\/\/www.daisho.be\/de\/\",\"name\":\"Daisho\",\"description\":\"Sp&eacute;cialiste de l'&eacute;quipement sportif d'arts martiaux\",\"publisher\":{\"@id\":\"https:\/\/www.daisho.be\/de\/#organization\"},\"potentialAction\":[{\"@type\":\"SearchAction\",\"target\":{\"@type\":\"EntryPoint\",\"urlTemplate\":\"https:\/\/www.daisho.be\/de\/?s={search_term_string}\"},\"query-input\":{\"@type\":\"PropertyValueSpecification\",\"valueRequired\":true,\"valueName\":\"search_term_string\"}}],\"inLanguage\":\"de\"},{\"@type\":\"Organization\",\"@id\":\"https:\/\/www.daisho.be\/de\/#organization\",\"name\":\"Daisho\",\"url\":\"https:\/\/www.daisho.be\/de\/\",\"logo\":{\"@type\":\"ImageObject\",\"inLanguage\":\"de\",\"@id\":\"https:\/\/www.daisho.be\/de\/#\/schema\/logo\/image\/\",\"url\":\"https:\/\/www.daisho.be\/wp-content\/uploads\/2019\/07\/color-nothing-horizontale4x-e1564486100247.png\",\"contentUrl\":\"https:\/\/www.daisho.be\/wp-content\/uploads\/2019\/07\/color-nothing-horizontale4x-e1564486100247.png\",\"width\":1547,\"height\":385,\"caption\":\"Daisho\"},\"image\":{\"@id\":\"https:\/\/www.daisho.be\/de\/#\/schema\/logo\/image\/\"}}]}<\/script>\n<!-- \/ Yoast SEO plugin. -->","yoast_head_json":{"title":"Beschwerbarer G\u00fcrtel &#8211; Daisho","robots":{"index":"index","follow":"follow","max-snippet":"max-snippet:-1","max-image-preview":"max-image-preview:large","max-video-preview":"max-video-preview:-1"},"canonical":"https:\/\/www.daisho.be\/de\/produit\/beschwerbarer-guertel\/","og_locale":"de_DE","og_type":"article","og_title":"Beschwerbarer G\u00fcrtel &#8211; Daisho","og_description":"Erm\u00f6glicht das Anbringen von Gewichten bei K\u00f6rpergewichts\u00fcbungen, um Ihr Training z.B. bei Klimmz\u00fcgen und Dips zu intensivieren. Dieser robuste Nylong\u00fcrtel erm\u00f6glicht durch seine starke Kette das Anbringen von Gewichten bis zu 100 kg. Der G\u00fcrtel ist ergonomisch geformt, damit er nicht verrutscht und unterst\u00fctzt Ihren R\u00fccken durch einen bequemen gepolsterten Bereich. Ausgestattet mit zwei Ringen [&hellip;]","og_url":"https:\/\/www.daisho.be\/de\/produit\/beschwerbarer-guertel\/","og_site_name":"Daisho","article_modified_time":"2026-01-03T16:16:43+00:00","og_image":[{"width":1540,"height":2048,"url":"https:\/\/www.daisho.be\/wp-content\/uploads\/2026\/01\/image-108-scaled.jpg","type":"image\/jpeg"}],"twitter_card":"summary_large_image","twitter_misc":{"Gesch\u00e4tzte Lesezeit":"1\u00a0Minute"},"schema":{"@context":"https:\/\/schema.org","@graph":[{"@type":"WebPage","@id":"https:\/\/www.daisho.be\/de\/produit\/beschwerbarer-guertel\/","url":"https:\/\/www.daisho.be\/de\/produit\/beschwerbarer-guertel\/","name":"Beschwerbarer G\u00fcrtel &#8211; Daisho","isPartOf":{"@id":"https:\/\/www.daisho.be\/de\/#website"},"primaryImageOfPage":{"@id":"https:\/\/www.daisho.be\/de\/produit\/beschwerbarer-guertel\/#primaryimage"},"image":{"@id":"https:\/\/www.daisho.be\/de\/produit\/beschwerbarer-guertel\/#primaryimage"},"thumbnailUrl":"https:\/\/www.daisho.be\/wp-content\/uploads\/2026\/01\/image-108-scaled.jpg","datePublished":"2026-01-03T16:16:26+00:00","dateModified":"2026-01-03T16:16:43+00:00","breadcrumb":{"@id":"https:\/\/www.daisho.be\/de\/produit\/beschwerbarer-guertel\/#breadcrumb"},"inLanguage":"de","potentialAction":[{"@type":"ReadAction","target":["https:\/\/www.daisho.be\/de\/produit\/beschwerbarer-guertel\/"]}]},{"@type":"ImageObject","inLanguage":"de","@id":"https:\/\/www.daisho.be\/de\/produit\/beschwerbarer-guertel\/#primaryimage","url":"https:\/\/www.daisho.be\/wp-content\/uploads\/2026\/01\/image-108-scaled.jpg","contentUrl":"https:\/\/www.daisho.be\/wp-content\/uploads\/2026\/01\/image-108-scaled.jpg","width":1540,"height":2048,"caption":"Ceinture lestable-1"},{"@type":"BreadcrumbList","@id":"https:\/\/www.daisho.be\/de\/produit\/beschwerbarer-guertel\/#breadcrumb","itemListElement":[{"@type":"ListItem","position":1,"name":"Accueil","item":"https:\/\/www.daisho.be\/de\/"},{"@type":"ListItem","position":2,"name":"Produkte","item":"https:\/\/www.daisho.be\/de\/produkte\/"},{"@type":"ListItem","position":3,"name":"Andere","item":"https:\/\/www.daisho.be\/de\/categorie-produit\/andere-de\/"},{"@type":"ListItem","position":4,"name":"Beschwerbarer G\u00fcrtel"}]},{"@type":"WebSite","@id":"https:\/\/www.daisho.be\/de\/#website","url":"https:\/\/www.daisho.be\/de\/","name":"Daisho","description":"Sp&eacute;cialiste de l'&eacute;quipement sportif d'arts martiaux","publisher":{"@id":"https:\/\/www.daisho.be\/de\/#organization"},"potentialAction":[{"@type":"SearchAction","target":{"@type":"EntryPoint","urlTemplate":"https:\/\/www.daisho.be\/de\/?s={search_term_string}"},"query-input":{"@type":"PropertyValueSpecification","valueRequired":true,"valueName":"search_term_string"}}],"inLanguage":"de"},{"@type":"Organization","@id":"https:\/\/www.daisho.be\/de\/#organization","name":"Daisho","url":"https:\/\/www.daisho.be\/de\/","logo":{"@type":"ImageObject","inLanguage":"de","@id":"https:\/\/www.daisho.be\/de\/#\/schema\/logo\/image\/","url":"https:\/\/www.daisho.be\/wp-content\/uploads\/2019\/07\/color-nothing-horizontale4x-e1564486100247.png","contentUrl":"https:\/\/www.daisho.be\/wp-content\/uploads\/2019\/07\/color-nothing-horizontale4x-e1564486100247.png","width":1547,"height":385,"caption":"Daisho"},"image":{"@id":"https:\/\/www.daisho.be\/de\/#\/schema\/logo\/image\/"}}]}},"_links":{"self":[{"href":"https:\/\/www.daisho.be\/de\/wp-json\/wp\/v2\/product\/650314","targetHints":{"allow":["GET"]}}],"collection":[{"href":"https:\/\/www.daisho.be\/de\/wp-json\/wp\/v2\/product"}],"about":[{"href":"https:\/\/www.daisho.be\/de\/wp-json\/wp\/v2\/types\/product"}],"replies":[{"embeddable":true,"href":"https:\/\/www.daisho.be\/de\/wp-json\/wp\/v2\/comments?post=650314"}],"wp:featuredmedia":[{"embeddable":true,"href":"https:\/\/www.daisho.be\/de\/wp-json\/wp\/v2\/media\/650300"}],"wp:attachment":[{"href":"https:\/\/www.daisho.be\/de\/wp-json\/wp\/v2\/media?parent=650314"}],"wp:term":[{"taxonomy":"product_brand","embeddable":true,"href":"https:\/\/www.daisho.be\/de\/wp-json\/wp\/v2\/product_brand?post=650314"},{"taxonomy":"product_cat","embeddable":true,"href":"https:\/\/www.daisho.be\/de\/wp-json\/wp\/v2\/product_cat?post=650314"},{"taxonomy":"product_tag","embeddable":true,"href":"https:\/\/www.daisho.be\/de\/wp-json\/wp\/v2\/product_tag?post=650314"},{"taxonomy":"sport","embeddable":true,"href":"https:\/\/www.daisho.be\/de\/wp-json\/wp\/v2\/sport?post=650314"}],"curies":[{"name":"wp","href":"https:\/\/api.w.org\/{rel}","templated":true}]}}