{"id":649925,"date":"2026-01-03T15:59:15","date_gmt":"2026-01-03T14:59:15","guid":{"rendered":"https:\/\/www.daisho.be\/produit\/massageroller-camouflage\/"},"modified":"2026-01-03T15:59:15","modified_gmt":"2026-01-03T14:59:15","slug":"massageroller-camouflage","status":"publish","type":"product","link":"https:\/\/www.daisho.be\/de\/produit\/massageroller-camouflage\/","title":{"rendered":"Massageroller Camouflage"},"content":{"rendered":"<p>Lindert Muskelschmerzen und verbessert die Blutzirkulation.<br \/>\nNivellierte Oberfl\u00e4che f\u00fcr eine effektive Selbstmassage.<br \/>\nDie aspirierte Oberfl\u00e4che mobilisiert das Gewebe vor dem Training und hilft bei der Regeneration nach der Anstrengung.<br \/>\nDie verschiedenen Breiten erm\u00f6glichen es, das Gef\u00fchl der H\u00e4nde eines Massagetherapeuten zu reproduzieren.<\/p>\n<p>  &#8211; L\u00e4nge: 33 cm &#8211; Durchmesser: 14 cm<br \/>\n &#8211; Dichte: 135 kg\/m3<br \/>\n&#8211; Gewicht: 500 g<br \/>\n&#8211; Material: PP-Rohr &#8211; PU-Schaumstoff<\/p>\n","protected":false},"excerpt":{"rendered":"<p>Lindert Muskelschmerzen und verbessert die Blutzirkulation. Nivellierte Oberfl\u00e4che f\u00fcr eine effektive Selbstmassage. Die aspirierte Oberfl\u00e4che mobilisiert das Gewebe vor dem Training und hilft bei der Regeneration nach der Anstrengung. Die verschiedenen Breiten erm\u00f6glichen es, das Gef\u00fchl der H\u00e4nde eines Massagetherapeuten zu reproduzieren. &#8211; L\u00e4nge: 33 cm &#8211; Durchmesser: 14 cm &#8211; Dichte: 135 kg\/m3 &#8211; [&hellip;]<\/p>\n","protected":false},"featured_media":649915,"comment_status":"open","ping_status":"closed","template":"","meta":{"inline_featured_image":false},"product_brand":[],"product_cat":[2210,2169],"product_tag":[2225],"sport":[],"class_list":{"0":"post-649925","1":"product","2":"type-product","3":"status-publish","4":"has-post-thumbnail","6":"product_cat-massage-therapie","7":"product_cat-pflege","8":"product_tag-sveltus-de","9":"pa_size-sans-taille-defaut","11":"first","12":"instock","13":"taxable","14":"shipping-taxable","15":"purchasable","16":"product-type-simple"},"yoast_head":"<!-- This site is optimized with the Yoast SEO plugin v27.2 - https:\/\/yoast.com\/product\/yoast-seo-wordpress\/ -->\n<title>Massageroller Camouflage &#8211; Daisho<\/title>\n<meta name=\"robots\" content=\"index, follow, max-snippet:-1, max-image-preview:large, max-video-preview:-1\" \/>\n<link rel=\"canonical\" href=\"https:\/\/www.daisho.be\/de\/produit\/massageroller-camouflage\/\" \/>\n<meta property=\"og:locale\" content=\"de_DE\" \/>\n<meta property=\"og:type\" content=\"article\" \/>\n<meta property=\"og:title\" content=\"Massageroller Camouflage &#8211; Daisho\" \/>\n<meta property=\"og:description\" content=\"Lindert Muskelschmerzen und verbessert die Blutzirkulation. Nivellierte Oberfl\u00e4che f\u00fcr eine effektive Selbstmassage. Die aspirierte Oberfl\u00e4che mobilisiert das Gewebe vor dem Training und hilft bei der Regeneration nach der Anstrengung. Die verschiedenen Breiten erm\u00f6glichen es, das Gef\u00fchl der H\u00e4nde eines Massagetherapeuten zu reproduzieren. &#8211; L\u00e4nge: 33 cm &#8211; Durchmesser: 14 cm &#8211; Dichte: 135 kg\/m3 &#8211; [&hellip;]\" \/>\n<meta property=\"og:url\" content=\"https:\/\/www.daisho.be\/de\/produit\/massageroller-camouflage\/\" \/>\n<meta property=\"og:site_name\" content=\"Daisho\" \/>\n<meta property=\"og:image\" content=\"https:\/\/www.daisho.be\/wp-content\/uploads\/2026\/01\/image-54-scaled.jpg\" \/>\n\t<meta property=\"og:image:width\" content=\"1953\" \/>\n\t<meta property=\"og:image:height\" content=\"2048\" \/>\n\t<meta property=\"og:image:type\" content=\"image\/jpeg\" \/>\n<meta name=\"twitter:card\" content=\"summary_large_image\" \/>\n<script type=\"application\/ld+json\" class=\"yoast-schema-graph\">{\"@context\":\"https:\/\/schema.org\",\"@graph\":[{\"@type\":\"WebPage\",\"@id\":\"https:\/\/www.daisho.be\/de\/produit\/massageroller-camouflage\/\",\"url\":\"https:\/\/www.daisho.be\/de\/produit\/massageroller-camouflage\/\",\"name\":\"Massageroller Camouflage &#8211; Daisho\",\"isPartOf\":{\"@id\":\"https:\/\/www.daisho.be\/de\/#website\"},\"primaryImageOfPage\":{\"@id\":\"https:\/\/www.daisho.be\/de\/produit\/massageroller-camouflage\/#primaryimage\"},\"image\":{\"@id\":\"https:\/\/www.daisho.be\/de\/produit\/massageroller-camouflage\/#primaryimage\"},\"thumbnailUrl\":\"https:\/\/www.daisho.be\/wp-content\/uploads\/2026\/01\/image-54-scaled.jpg\",\"datePublished\":\"2026-01-03T14:59:15+00:00\",\"breadcrumb\":{\"@id\":\"https:\/\/www.daisho.be\/de\/produit\/massageroller-camouflage\/#breadcrumb\"},\"inLanguage\":\"de\",\"potentialAction\":[{\"@type\":\"ReadAction\",\"target\":[\"https:\/\/www.daisho.be\/de\/produit\/massageroller-camouflage\/\"]}]},{\"@type\":\"ImageObject\",\"inLanguage\":\"de\",\"@id\":\"https:\/\/www.daisho.be\/de\/produit\/massageroller-camouflage\/#primaryimage\",\"url\":\"https:\/\/www.daisho.be\/wp-content\/uploads\/2026\/01\/image-54-scaled.jpg\",\"contentUrl\":\"https:\/\/www.daisho.be\/wp-content\/uploads\/2026\/01\/image-54-scaled.jpg\",\"width\":1953,\"height\":2048,\"caption\":\"Rouleau de massage camouflage -1\"},{\"@type\":\"BreadcrumbList\",\"@id\":\"https:\/\/www.daisho.be\/de\/produit\/massageroller-camouflage\/#breadcrumb\",\"itemListElement\":[{\"@type\":\"ListItem\",\"position\":1,\"name\":\"Accueil\",\"item\":\"https:\/\/www.daisho.be\/de\/\"},{\"@type\":\"ListItem\",\"position\":2,\"name\":\"Produkte\",\"item\":\"https:\/\/www.daisho.be\/de\/produkte\/\"},{\"@type\":\"ListItem\",\"position\":3,\"name\":\"Sportlerpflege\",\"item\":\"https:\/\/www.daisho.be\/de\/categorie-produit\/sportlerpflege\/\"},{\"@type\":\"ListItem\",\"position\":4,\"name\":\"Massage-Therapie\",\"item\":\"https:\/\/www.daisho.be\/de\/categorie-produit\/sportlerpflege\/massage-therapie\/\"},{\"@type\":\"ListItem\",\"position\":5,\"name\":\"Massageroller Camouflage\"}]},{\"@type\":\"WebSite\",\"@id\":\"https:\/\/www.daisho.be\/de\/#website\",\"url\":\"https:\/\/www.daisho.be\/de\/\",\"name\":\"Daisho\",\"description\":\"Sp&eacute;cialiste de l'&eacute;quipement sportif d'arts martiaux\",\"publisher\":{\"@id\":\"https:\/\/www.daisho.be\/de\/#organization\"},\"potentialAction\":[{\"@type\":\"SearchAction\",\"target\":{\"@type\":\"EntryPoint\",\"urlTemplate\":\"https:\/\/www.daisho.be\/de\/?s={search_term_string}\"},\"query-input\":{\"@type\":\"PropertyValueSpecification\",\"valueRequired\":true,\"valueName\":\"search_term_string\"}}],\"inLanguage\":\"de\"},{\"@type\":\"Organization\",\"@id\":\"https:\/\/www.daisho.be\/de\/#organization\",\"name\":\"Daisho\",\"url\":\"https:\/\/www.daisho.be\/de\/\",\"logo\":{\"@type\":\"ImageObject\",\"inLanguage\":\"de\",\"@id\":\"https:\/\/www.daisho.be\/de\/#\/schema\/logo\/image\/\",\"url\":\"https:\/\/www.daisho.be\/wp-content\/uploads\/2019\/07\/color-nothing-horizontale4x-e1564486100247.png\",\"contentUrl\":\"https:\/\/www.daisho.be\/wp-content\/uploads\/2019\/07\/color-nothing-horizontale4x-e1564486100247.png\",\"width\":1547,\"height\":385,\"caption\":\"Daisho\"},\"image\":{\"@id\":\"https:\/\/www.daisho.be\/de\/#\/schema\/logo\/image\/\"}}]}<\/script>\n<!-- \/ Yoast SEO plugin. -->","yoast_head_json":{"title":"Massageroller Camouflage &#8211; Daisho","robots":{"index":"index","follow":"follow","max-snippet":"max-snippet:-1","max-image-preview":"max-image-preview:large","max-video-preview":"max-video-preview:-1"},"canonical":"https:\/\/www.daisho.be\/de\/produit\/massageroller-camouflage\/","og_locale":"de_DE","og_type":"article","og_title":"Massageroller Camouflage &#8211; Daisho","og_description":"Lindert Muskelschmerzen und verbessert die Blutzirkulation. Nivellierte Oberfl\u00e4che f\u00fcr eine effektive Selbstmassage. Die aspirierte Oberfl\u00e4che mobilisiert das Gewebe vor dem Training und hilft bei der Regeneration nach der Anstrengung. Die verschiedenen Breiten erm\u00f6glichen es, das Gef\u00fchl der H\u00e4nde eines Massagetherapeuten zu reproduzieren. &#8211; L\u00e4nge: 33 cm &#8211; Durchmesser: 14 cm &#8211; Dichte: 135 kg\/m3 &#8211; [&hellip;]","og_url":"https:\/\/www.daisho.be\/de\/produit\/massageroller-camouflage\/","og_site_name":"Daisho","og_image":[{"width":1953,"height":2048,"url":"https:\/\/www.daisho.be\/wp-content\/uploads\/2026\/01\/image-54-scaled.jpg","type":"image\/jpeg"}],"twitter_card":"summary_large_image","schema":{"@context":"https:\/\/schema.org","@graph":[{"@type":"WebPage","@id":"https:\/\/www.daisho.be\/de\/produit\/massageroller-camouflage\/","url":"https:\/\/www.daisho.be\/de\/produit\/massageroller-camouflage\/","name":"Massageroller Camouflage &#8211; Daisho","isPartOf":{"@id":"https:\/\/www.daisho.be\/de\/#website"},"primaryImageOfPage":{"@id":"https:\/\/www.daisho.be\/de\/produit\/massageroller-camouflage\/#primaryimage"},"image":{"@id":"https:\/\/www.daisho.be\/de\/produit\/massageroller-camouflage\/#primaryimage"},"thumbnailUrl":"https:\/\/www.daisho.be\/wp-content\/uploads\/2026\/01\/image-54-scaled.jpg","datePublished":"2026-01-03T14:59:15+00:00","breadcrumb":{"@id":"https:\/\/www.daisho.be\/de\/produit\/massageroller-camouflage\/#breadcrumb"},"inLanguage":"de","potentialAction":[{"@type":"ReadAction","target":["https:\/\/www.daisho.be\/de\/produit\/massageroller-camouflage\/"]}]},{"@type":"ImageObject","inLanguage":"de","@id":"https:\/\/www.daisho.be\/de\/produit\/massageroller-camouflage\/#primaryimage","url":"https:\/\/www.daisho.be\/wp-content\/uploads\/2026\/01\/image-54-scaled.jpg","contentUrl":"https:\/\/www.daisho.be\/wp-content\/uploads\/2026\/01\/image-54-scaled.jpg","width":1953,"height":2048,"caption":"Rouleau de massage camouflage -1"},{"@type":"BreadcrumbList","@id":"https:\/\/www.daisho.be\/de\/produit\/massageroller-camouflage\/#breadcrumb","itemListElement":[{"@type":"ListItem","position":1,"name":"Accueil","item":"https:\/\/www.daisho.be\/de\/"},{"@type":"ListItem","position":2,"name":"Produkte","item":"https:\/\/www.daisho.be\/de\/produkte\/"},{"@type":"ListItem","position":3,"name":"Sportlerpflege","item":"https:\/\/www.daisho.be\/de\/categorie-produit\/sportlerpflege\/"},{"@type":"ListItem","position":4,"name":"Massage-Therapie","item":"https:\/\/www.daisho.be\/de\/categorie-produit\/sportlerpflege\/massage-therapie\/"},{"@type":"ListItem","position":5,"name":"Massageroller Camouflage"}]},{"@type":"WebSite","@id":"https:\/\/www.daisho.be\/de\/#website","url":"https:\/\/www.daisho.be\/de\/","name":"Daisho","description":"Sp&eacute;cialiste de l'&eacute;quipement sportif d'arts martiaux","publisher":{"@id":"https:\/\/www.daisho.be\/de\/#organization"},"potentialAction":[{"@type":"SearchAction","target":{"@type":"EntryPoint","urlTemplate":"https:\/\/www.daisho.be\/de\/?s={search_term_string}"},"query-input":{"@type":"PropertyValueSpecification","valueRequired":true,"valueName":"search_term_string"}}],"inLanguage":"de"},{"@type":"Organization","@id":"https:\/\/www.daisho.be\/de\/#organization","name":"Daisho","url":"https:\/\/www.daisho.be\/de\/","logo":{"@type":"ImageObject","inLanguage":"de","@id":"https:\/\/www.daisho.be\/de\/#\/schema\/logo\/image\/","url":"https:\/\/www.daisho.be\/wp-content\/uploads\/2019\/07\/color-nothing-horizontale4x-e1564486100247.png","contentUrl":"https:\/\/www.daisho.be\/wp-content\/uploads\/2019\/07\/color-nothing-horizontale4x-e1564486100247.png","width":1547,"height":385,"caption":"Daisho"},"image":{"@id":"https:\/\/www.daisho.be\/de\/#\/schema\/logo\/image\/"}}]}},"_links":{"self":[{"href":"https:\/\/www.daisho.be\/de\/wp-json\/wp\/v2\/product\/649925","targetHints":{"allow":["GET"]}}],"collection":[{"href":"https:\/\/www.daisho.be\/de\/wp-json\/wp\/v2\/product"}],"about":[{"href":"https:\/\/www.daisho.be\/de\/wp-json\/wp\/v2\/types\/product"}],"replies":[{"embeddable":true,"href":"https:\/\/www.daisho.be\/de\/wp-json\/wp\/v2\/comments?post=649925"}],"wp:featuredmedia":[{"embeddable":true,"href":"https:\/\/www.daisho.be\/de\/wp-json\/wp\/v2\/media\/649915"}],"wp:attachment":[{"href":"https:\/\/www.daisho.be\/de\/wp-json\/wp\/v2\/media?parent=649925"}],"wp:term":[{"taxonomy":"product_brand","embeddable":true,"href":"https:\/\/www.daisho.be\/de\/wp-json\/wp\/v2\/product_brand?post=649925"},{"taxonomy":"product_cat","embeddable":true,"href":"https:\/\/www.daisho.be\/de\/wp-json\/wp\/v2\/product_cat?post=649925"},{"taxonomy":"product_tag","embeddable":true,"href":"https:\/\/www.daisho.be\/de\/wp-json\/wp\/v2\/product_tag?post=649925"},{"taxonomy":"sport","embeddable":true,"href":"https:\/\/www.daisho.be\/de\/wp-json\/wp\/v2\/sport?post=649925"}],"curies":[{"name":"wp","href":"https:\/\/api.w.org\/{rel}","templated":true}]}}