{"id":649886,"date":"2026-01-03T15:48:25","date_gmt":"2026-01-03T14:48:25","guid":{"rendered":"https:\/\/www.daisho.be\/produit\/barren-72cm-orange\/"},"modified":"2026-01-03T15:48:25","modified_gmt":"2026-01-03T14:48:25","slug":"barren-72cm-orange","status":"publish","type":"product","link":"https:\/\/www.daisho.be\/de\/produit\/barren-72cm-orange\/","title":{"rendered":"Barren 72cm &#8211; orange"},"content":{"rendered":"<p>Einfach zu verwenden und multifunktional f\u00fcr ein komplettes Training (Liegest\u00fctze, Dips, Kr\u00e4ftigung der hinteren Kette, Gleichgewicht).<br \/>\nSie k\u00f6nnen die Intensit\u00e4t des Trainings anhand Ihres K\u00f6rpergewichts bestimmen.<br \/>\nStellen Sie die Bodenstabilit\u00e4t durch einfaches Drehen der 8 Kunststoffkappen ein.<br \/>\nInklusive Aufbauanleitung.<br \/>\nWird als Paar verkauft.<br \/>\n&#8211; L\u00e4nge: 63 cm<br \/>\n&#8211; Breite: 37,5 cm<br \/>\n&#8211; H\u00f6he: 72 cm<br \/>\n&#8211; Maximales Gewicht: 150 kg<br \/>\n&#8211; Gewicht: 4 kg x 2<br \/>\n&#8211; Material: Stahlrohr mit Schaumstoffpolsterung<\/p>\n","protected":false},"excerpt":{"rendered":"<p>Einfach zu verwenden und multifunktional f\u00fcr ein komplettes Training (Liegest\u00fctze, Dips, Kr\u00e4ftigung der hinteren Kette, Gleichgewicht). Sie k\u00f6nnen die Intensit\u00e4t des Trainings anhand Ihres K\u00f6rpergewichts bestimmen. Stellen Sie die Bodenstabilit\u00e4t durch einfaches Drehen der 8 Kunststoffkappen ein. Inklusive Aufbauanleitung. Wird als Paar verkauft. &#8211; L\u00e4nge: 63 cm &#8211; Breite: 37,5 cm &#8211; H\u00f6he: 72 cm [&hellip;]<\/p>\n","protected":false},"featured_media":649878,"comment_status":"open","ping_status":"closed","template":"","meta":{"inline_featured_image":false},"product_brand":[],"product_cat":[2055,2054],"product_tag":[2225],"sport":[],"class_list":{"0":"post-649886","1":"product","2":"type-product","3":"status-publish","4":"has-post-thumbnail","6":"product_cat-karate-trainingsmaterial","7":"product_cat-trainingsmaterial","8":"product_tag-sveltus-de","9":"pa_size-sans-taille-defaut","11":"first","12":"instock","13":"taxable","14":"shipping-taxable","15":"purchasable","16":"product-type-variable"},"yoast_head":"<!-- This site is optimized with the Yoast SEO plugin v27.2 - https:\/\/yoast.com\/product\/yoast-seo-wordpress\/ -->\n<title>Barren 72cm - orange &#8211; Daisho<\/title>\n<meta name=\"robots\" content=\"index, follow, max-snippet:-1, max-image-preview:large, max-video-preview:-1\" \/>\n<link rel=\"canonical\" href=\"https:\/\/www.daisho.be\/de\/produit\/barren-72cm-orange\/\" \/>\n<meta property=\"og:locale\" content=\"de_DE\" \/>\n<meta property=\"og:type\" content=\"article\" \/>\n<meta property=\"og:title\" content=\"Barren 72cm - orange &#8211; Daisho\" \/>\n<meta property=\"og:description\" content=\"Einfach zu verwenden und multifunktional f\u00fcr ein komplettes Training (Liegest\u00fctze, Dips, Kr\u00e4ftigung der hinteren Kette, Gleichgewicht). Sie k\u00f6nnen die Intensit\u00e4t des Trainings anhand Ihres K\u00f6rpergewichts bestimmen. Stellen Sie die Bodenstabilit\u00e4t durch einfaches Drehen der 8 Kunststoffkappen ein. Inklusive Aufbauanleitung. Wird als Paar verkauft. &#8211; L\u00e4nge: 63 cm &#8211; Breite: 37,5 cm &#8211; H\u00f6he: 72 cm [&hellip;]\" \/>\n<meta property=\"og:url\" content=\"https:\/\/www.daisho.be\/de\/produit\/barren-72cm-orange\/\" \/>\n<meta property=\"og:site_name\" content=\"Daisho\" \/>\n<meta property=\"og:image\" content=\"https:\/\/www.daisho.be\/wp-content\/uploads\/2026\/01\/image-51-scaled.jpg\" \/>\n\t<meta property=\"og:image:width\" content=\"1998\" \/>\n\t<meta property=\"og:image:height\" content=\"2048\" \/>\n\t<meta property=\"og:image:type\" content=\"image\/jpeg\" \/>\n<meta name=\"twitter:card\" content=\"summary_large_image\" \/>\n<script type=\"application\/ld+json\" class=\"yoast-schema-graph\">{\"@context\":\"https:\/\/schema.org\",\"@graph\":[{\"@type\":\"WebPage\",\"@id\":\"https:\/\/www.daisho.be\/de\/produit\/barren-72cm-orange\/\",\"url\":\"https:\/\/www.daisho.be\/de\/produit\/barren-72cm-orange\/\",\"name\":\"Barren 72cm - orange &#8211; Daisho\",\"isPartOf\":{\"@id\":\"https:\/\/www.daisho.be\/de\/#website\"},\"primaryImageOfPage\":{\"@id\":\"https:\/\/www.daisho.be\/de\/produit\/barren-72cm-orange\/#primaryimage\"},\"image\":{\"@id\":\"https:\/\/www.daisho.be\/de\/produit\/barren-72cm-orange\/#primaryimage\"},\"thumbnailUrl\":\"https:\/\/www.daisho.be\/wp-content\/uploads\/2026\/01\/image-51-scaled.jpg\",\"datePublished\":\"2026-01-03T14:48:25+00:00\",\"breadcrumb\":{\"@id\":\"https:\/\/www.daisho.be\/de\/produit\/barren-72cm-orange\/#breadcrumb\"},\"inLanguage\":\"de\",\"potentialAction\":[{\"@type\":\"ReadAction\",\"target\":[\"https:\/\/www.daisho.be\/de\/produit\/barren-72cm-orange\/\"]}]},{\"@type\":\"ImageObject\",\"inLanguage\":\"de\",\"@id\":\"https:\/\/www.daisho.be\/de\/produit\/barren-72cm-orange\/#primaryimage\",\"url\":\"https:\/\/www.daisho.be\/wp-content\/uploads\/2026\/01\/image-51-scaled.jpg\",\"contentUrl\":\"https:\/\/www.daisho.be\/wp-content\/uploads\/2026\/01\/image-51-scaled.jpg\",\"width\":1998,\"height\":2048,\"caption\":\"Barres parall\u00e8les 72cm - orange -1\"},{\"@type\":\"BreadcrumbList\",\"@id\":\"https:\/\/www.daisho.be\/de\/produit\/barren-72cm-orange\/#breadcrumb\",\"itemListElement\":[{\"@type\":\"ListItem\",\"position\":1,\"name\":\"Accueil\",\"item\":\"https:\/\/www.daisho.be\/de\/\"},{\"@type\":\"ListItem\",\"position\":2,\"name\":\"Produkte\",\"item\":\"https:\/\/www.daisho.be\/de\/produkte\/\"},{\"@type\":\"ListItem\",\"position\":3,\"name\":\"Ausr\u00fcstung und Kleidung f\u00fcr Kampfkunst und Kampfsport\",\"item\":\"https:\/\/www.daisho.be\/de\/categorie-produit\/ausrustung-und-kleidung-fur-kampfkunst-und-kampfsport\/\"},{\"@type\":\"ListItem\",\"position\":4,\"name\":\"Karate\",\"item\":\"https:\/\/www.daisho.be\/de\/categorie-produit\/ausrustung-und-kleidung-fur-kampfkunst-und-kampfsport\/karate-de-2\/\"},{\"@type\":\"ListItem\",\"position\":5,\"name\":\"Karate Trainingsmaterial\",\"item\":\"https:\/\/www.daisho.be\/de\/categorie-produit\/ausrustung-und-kleidung-fur-kampfkunst-und-kampfsport\/karate-de-2\/karate-trainingsmaterial\/\"},{\"@type\":\"ListItem\",\"position\":6,\"name\":\"Barren 72cm &#8211; orange\"}]},{\"@type\":\"WebSite\",\"@id\":\"https:\/\/www.daisho.be\/de\/#website\",\"url\":\"https:\/\/www.daisho.be\/de\/\",\"name\":\"Daisho\",\"description\":\"Sp&eacute;cialiste de l'&eacute;quipement sportif d'arts martiaux\",\"publisher\":{\"@id\":\"https:\/\/www.daisho.be\/de\/#organization\"},\"potentialAction\":[{\"@type\":\"SearchAction\",\"target\":{\"@type\":\"EntryPoint\",\"urlTemplate\":\"https:\/\/www.daisho.be\/de\/?s={search_term_string}\"},\"query-input\":{\"@type\":\"PropertyValueSpecification\",\"valueRequired\":true,\"valueName\":\"search_term_string\"}}],\"inLanguage\":\"de\"},{\"@type\":\"Organization\",\"@id\":\"https:\/\/www.daisho.be\/de\/#organization\",\"name\":\"Daisho\",\"url\":\"https:\/\/www.daisho.be\/de\/\",\"logo\":{\"@type\":\"ImageObject\",\"inLanguage\":\"de\",\"@id\":\"https:\/\/www.daisho.be\/de\/#\/schema\/logo\/image\/\",\"url\":\"https:\/\/www.daisho.be\/wp-content\/uploads\/2019\/07\/color-nothing-horizontale4x-e1564486100247.png\",\"contentUrl\":\"https:\/\/www.daisho.be\/wp-content\/uploads\/2019\/07\/color-nothing-horizontale4x-e1564486100247.png\",\"width\":1547,\"height\":385,\"caption\":\"Daisho\"},\"image\":{\"@id\":\"https:\/\/www.daisho.be\/de\/#\/schema\/logo\/image\/\"}}]}<\/script>\n<!-- \/ Yoast SEO plugin. -->","yoast_head_json":{"title":"Barren 72cm - orange &#8211; Daisho","robots":{"index":"index","follow":"follow","max-snippet":"max-snippet:-1","max-image-preview":"max-image-preview:large","max-video-preview":"max-video-preview:-1"},"canonical":"https:\/\/www.daisho.be\/de\/produit\/barren-72cm-orange\/","og_locale":"de_DE","og_type":"article","og_title":"Barren 72cm - orange &#8211; Daisho","og_description":"Einfach zu verwenden und multifunktional f\u00fcr ein komplettes Training (Liegest\u00fctze, Dips, Kr\u00e4ftigung der hinteren Kette, Gleichgewicht). Sie k\u00f6nnen die Intensit\u00e4t des Trainings anhand Ihres K\u00f6rpergewichts bestimmen. Stellen Sie die Bodenstabilit\u00e4t durch einfaches Drehen der 8 Kunststoffkappen ein. Inklusive Aufbauanleitung. Wird als Paar verkauft. &#8211; L\u00e4nge: 63 cm &#8211; Breite: 37,5 cm &#8211; H\u00f6he: 72 cm [&hellip;]","og_url":"https:\/\/www.daisho.be\/de\/produit\/barren-72cm-orange\/","og_site_name":"Daisho","og_image":[{"width":1998,"height":2048,"url":"https:\/\/www.daisho.be\/wp-content\/uploads\/2026\/01\/image-51-scaled.jpg","type":"image\/jpeg"}],"twitter_card":"summary_large_image","schema":{"@context":"https:\/\/schema.org","@graph":[{"@type":"WebPage","@id":"https:\/\/www.daisho.be\/de\/produit\/barren-72cm-orange\/","url":"https:\/\/www.daisho.be\/de\/produit\/barren-72cm-orange\/","name":"Barren 72cm - orange &#8211; Daisho","isPartOf":{"@id":"https:\/\/www.daisho.be\/de\/#website"},"primaryImageOfPage":{"@id":"https:\/\/www.daisho.be\/de\/produit\/barren-72cm-orange\/#primaryimage"},"image":{"@id":"https:\/\/www.daisho.be\/de\/produit\/barren-72cm-orange\/#primaryimage"},"thumbnailUrl":"https:\/\/www.daisho.be\/wp-content\/uploads\/2026\/01\/image-51-scaled.jpg","datePublished":"2026-01-03T14:48:25+00:00","breadcrumb":{"@id":"https:\/\/www.daisho.be\/de\/produit\/barren-72cm-orange\/#breadcrumb"},"inLanguage":"de","potentialAction":[{"@type":"ReadAction","target":["https:\/\/www.daisho.be\/de\/produit\/barren-72cm-orange\/"]}]},{"@type":"ImageObject","inLanguage":"de","@id":"https:\/\/www.daisho.be\/de\/produit\/barren-72cm-orange\/#primaryimage","url":"https:\/\/www.daisho.be\/wp-content\/uploads\/2026\/01\/image-51-scaled.jpg","contentUrl":"https:\/\/www.daisho.be\/wp-content\/uploads\/2026\/01\/image-51-scaled.jpg","width":1998,"height":2048,"caption":"Barres parall\u00e8les 72cm - orange -1"},{"@type":"BreadcrumbList","@id":"https:\/\/www.daisho.be\/de\/produit\/barren-72cm-orange\/#breadcrumb","itemListElement":[{"@type":"ListItem","position":1,"name":"Accueil","item":"https:\/\/www.daisho.be\/de\/"},{"@type":"ListItem","position":2,"name":"Produkte","item":"https:\/\/www.daisho.be\/de\/produkte\/"},{"@type":"ListItem","position":3,"name":"Ausr\u00fcstung und Kleidung f\u00fcr Kampfkunst und Kampfsport","item":"https:\/\/www.daisho.be\/de\/categorie-produit\/ausrustung-und-kleidung-fur-kampfkunst-und-kampfsport\/"},{"@type":"ListItem","position":4,"name":"Karate","item":"https:\/\/www.daisho.be\/de\/categorie-produit\/ausrustung-und-kleidung-fur-kampfkunst-und-kampfsport\/karate-de-2\/"},{"@type":"ListItem","position":5,"name":"Karate Trainingsmaterial","item":"https:\/\/www.daisho.be\/de\/categorie-produit\/ausrustung-und-kleidung-fur-kampfkunst-und-kampfsport\/karate-de-2\/karate-trainingsmaterial\/"},{"@type":"ListItem","position":6,"name":"Barren 72cm &#8211; orange"}]},{"@type":"WebSite","@id":"https:\/\/www.daisho.be\/de\/#website","url":"https:\/\/www.daisho.be\/de\/","name":"Daisho","description":"Sp&eacute;cialiste de l'&eacute;quipement sportif d'arts martiaux","publisher":{"@id":"https:\/\/www.daisho.be\/de\/#organization"},"potentialAction":[{"@type":"SearchAction","target":{"@type":"EntryPoint","urlTemplate":"https:\/\/www.daisho.be\/de\/?s={search_term_string}"},"query-input":{"@type":"PropertyValueSpecification","valueRequired":true,"valueName":"search_term_string"}}],"inLanguage":"de"},{"@type":"Organization","@id":"https:\/\/www.daisho.be\/de\/#organization","name":"Daisho","url":"https:\/\/www.daisho.be\/de\/","logo":{"@type":"ImageObject","inLanguage":"de","@id":"https:\/\/www.daisho.be\/de\/#\/schema\/logo\/image\/","url":"https:\/\/www.daisho.be\/wp-content\/uploads\/2019\/07\/color-nothing-horizontale4x-e1564486100247.png","contentUrl":"https:\/\/www.daisho.be\/wp-content\/uploads\/2019\/07\/color-nothing-horizontale4x-e1564486100247.png","width":1547,"height":385,"caption":"Daisho"},"image":{"@id":"https:\/\/www.daisho.be\/de\/#\/schema\/logo\/image\/"}}]}},"_links":{"self":[{"href":"https:\/\/www.daisho.be\/de\/wp-json\/wp\/v2\/product\/649886","targetHints":{"allow":["GET"]}}],"collection":[{"href":"https:\/\/www.daisho.be\/de\/wp-json\/wp\/v2\/product"}],"about":[{"href":"https:\/\/www.daisho.be\/de\/wp-json\/wp\/v2\/types\/product"}],"replies":[{"embeddable":true,"href":"https:\/\/www.daisho.be\/de\/wp-json\/wp\/v2\/comments?post=649886"}],"wp:featuredmedia":[{"embeddable":true,"href":"https:\/\/www.daisho.be\/de\/wp-json\/wp\/v2\/media\/649878"}],"wp:attachment":[{"href":"https:\/\/www.daisho.be\/de\/wp-json\/wp\/v2\/media?parent=649886"}],"wp:term":[{"taxonomy":"product_brand","embeddable":true,"href":"https:\/\/www.daisho.be\/de\/wp-json\/wp\/v2\/product_brand?post=649886"},{"taxonomy":"product_cat","embeddable":true,"href":"https:\/\/www.daisho.be\/de\/wp-json\/wp\/v2\/product_cat?post=649886"},{"taxonomy":"product_tag","embeddable":true,"href":"https:\/\/www.daisho.be\/de\/wp-json\/wp\/v2\/product_tag?post=649886"},{"taxonomy":"sport","embeddable":true,"href":"https:\/\/www.daisho.be\/de\/wp-json\/wp\/v2\/sport?post=649886"}],"curies":[{"name":"wp","href":"https:\/\/api.w.org\/{rel}","templated":true}]}}