{"id":646220,"date":"2025-12-24T15:28:17","date_gmt":"2025-12-24T14:28:17","guid":{"rendered":"https:\/\/www.daisho.be\/produit\/unterarmschuetzer-adidas-taekwondo-ce\/"},"modified":"2025-12-24T15:28:17","modified_gmt":"2025-12-24T14:28:17","slug":"unterarmschuetzer-adidas-taekwondo-ce","status":"publish","type":"product","link":"https:\/\/www.daisho.be\/de\/produit\/unterarmschuetzer-adidas-taekwondo-ce\/","title":{"rendered":"Unterarmsch\u00fctzer adidas Taekwondo CE"},"content":{"rendered":"<p>Diese adidas Unterarmsch\u00fctzer absorbieren alle Schl\u00e4ge perfekt und verteilen sie dann sehr gleichm\u00e4\u00dfig, um den Aufprall zu reduzieren. Die Unterarmsch\u00fctzer sind WTF-gepr\u00fcft und mit einem CE-Zeichen versehen.<br \/>\nDas Besondere an diesen Sch\u00fctzern ist, dass sie mit den besten K\u00e4mpfern der Welt zusammengebaut wurden. Dadurch erhalten Sie eine perfekte und ultimative Passform.<br \/>\nDie Unterarmsch\u00fctzer sind anatomisch geformt und passen sich daher perfekt an, um Ihre Schienbeine optimal zu sch\u00fctzen. Die Unterarmsch\u00fctzer passen sich mit Hilfe der elastischen Socke auf der R\u00fcckseite perfekt um Ihr Bein herum an. Die extra dicke Polsterung mit allen losen Stollen bietet perfekten Schutz.<br \/>\nVorteile:<br \/>\n&#8211; gute Trittd\u00e4mpfung<br \/>\n&#8211; sicher f\u00fcr den Gegner<br \/>\n&#8211; mit elastischer Socke<br \/>\n&#8211; WTF-gepr\u00fcft<br \/>\n&#8211; mit adidas-Logo    <\/p>\n","protected":false},"excerpt":{"rendered":"<p>Diese adidas Unterarmsch\u00fctzer absorbieren alle Schl\u00e4ge perfekt und verteilen sie dann sehr gleichm\u00e4\u00dfig, um den Aufprall zu reduzieren. Die Unterarmsch\u00fctzer sind WTF-gepr\u00fcft und mit einem CE-Zeichen versehen. Das Besondere an diesen Sch\u00fctzern ist, dass sie mit den besten K\u00e4mpfern der Welt zusammengebaut wurden. Dadurch erhalten Sie eine perfekte und ultimative Passform. Die Unterarmsch\u00fctzer sind anatomisch [&hellip;]<\/p>\n","protected":false},"featured_media":646205,"comment_status":"open","ping_status":"closed","template":"","meta":{"inline_featured_image":false},"product_brand":[],"product_cat":[2051,2092,2183],"product_tag":[2178],"sport":[],"class_list":{"0":"post-646220","1":"product","2":"type-product","3":"status-publish","4":"has-post-thumbnail","6":"product_cat-schutz","7":"product_cat-taekwondo-protektoren","8":"product_cat-taekwondo-protektoren-adidas","9":"product_tag-adidas-de","10":"pa_size-xl","12":"first","13":"instock","14":"taxable","15":"shipping-taxable","16":"purchasable","17":"product-type-variable"},"yoast_head":"<!-- This site is optimized with the Yoast SEO plugin v27.2 - https:\/\/yoast.com\/product\/yoast-seo-wordpress\/ -->\n<title>Unterarmsch\u00fctzer adidas Taekwondo CE &#8211; Daisho<\/title>\n<meta name=\"robots\" content=\"index, follow, max-snippet:-1, max-image-preview:large, max-video-preview:-1\" \/>\n<link rel=\"canonical\" href=\"https:\/\/www.daisho.be\/de\/produit\/unterarmschuetzer-adidas-taekwondo-ce\/\" \/>\n<meta property=\"og:locale\" content=\"de_DE\" \/>\n<meta property=\"og:type\" content=\"article\" \/>\n<meta property=\"og:title\" content=\"Unterarmsch\u00fctzer adidas Taekwondo CE &#8211; Daisho\" \/>\n<meta property=\"og:description\" content=\"Diese adidas Unterarmsch\u00fctzer absorbieren alle Schl\u00e4ge perfekt und verteilen sie dann sehr gleichm\u00e4\u00dfig, um den Aufprall zu reduzieren. Die Unterarmsch\u00fctzer sind WTF-gepr\u00fcft und mit einem CE-Zeichen versehen. Das Besondere an diesen Sch\u00fctzern ist, dass sie mit den besten K\u00e4mpfern der Welt zusammengebaut wurden. Dadurch erhalten Sie eine perfekte und ultimative Passform. Die Unterarmsch\u00fctzer sind anatomisch [&hellip;]\" \/>\n<meta property=\"og:url\" content=\"https:\/\/www.daisho.be\/de\/produit\/unterarmschuetzer-adidas-taekwondo-ce\/\" \/>\n<meta property=\"og:site_name\" content=\"Daisho\" \/>\n<meta property=\"og:image\" content=\"https:\/\/www.daisho.be\/wp-content\/uploads\/2025\/12\/image-109.jpg\" \/>\n\t<meta property=\"og:image:width\" content=\"650\" \/>\n\t<meta property=\"og:image:height\" content=\"650\" \/>\n\t<meta property=\"og:image:type\" content=\"image\/jpeg\" \/>\n<meta name=\"twitter:card\" content=\"summary_large_image\" \/>\n<meta name=\"twitter:label1\" content=\"Gesch\u00e4tzte Lesezeit\" \/>\n\t<meta name=\"twitter:data1\" content=\"1\u00a0Minute\" \/>\n<script type=\"application\/ld+json\" class=\"yoast-schema-graph\">{\"@context\":\"https:\/\/schema.org\",\"@graph\":[{\"@type\":\"WebPage\",\"@id\":\"https:\/\/www.daisho.be\/de\/produit\/unterarmschuetzer-adidas-taekwondo-ce\/\",\"url\":\"https:\/\/www.daisho.be\/de\/produit\/unterarmschuetzer-adidas-taekwondo-ce\/\",\"name\":\"Unterarmsch\u00fctzer adidas Taekwondo CE &#8211; Daisho\",\"isPartOf\":{\"@id\":\"https:\/\/www.daisho.be\/de\/#website\"},\"primaryImageOfPage\":{\"@id\":\"https:\/\/www.daisho.be\/de\/produit\/unterarmschuetzer-adidas-taekwondo-ce\/#primaryimage\"},\"image\":{\"@id\":\"https:\/\/www.daisho.be\/de\/produit\/unterarmschuetzer-adidas-taekwondo-ce\/#primaryimage\"},\"thumbnailUrl\":\"https:\/\/www.daisho.be\/wp-content\/uploads\/2025\/12\/image-109.jpg\",\"datePublished\":\"2025-12-24T14:28:17+00:00\",\"breadcrumb\":{\"@id\":\"https:\/\/www.daisho.be\/de\/produit\/unterarmschuetzer-adidas-taekwondo-ce\/#breadcrumb\"},\"inLanguage\":\"de\",\"potentialAction\":[{\"@type\":\"ReadAction\",\"target\":[\"https:\/\/www.daisho.be\/de\/produit\/unterarmschuetzer-adidas-taekwondo-ce\/\"]}]},{\"@type\":\"ImageObject\",\"inLanguage\":\"de\",\"@id\":\"https:\/\/www.daisho.be\/de\/produit\/unterarmschuetzer-adidas-taekwondo-ce\/#primaryimage\",\"url\":\"https:\/\/www.daisho.be\/wp-content\/uploads\/2025\/12\/image-109.jpg\",\"contentUrl\":\"https:\/\/www.daisho.be\/wp-content\/uploads\/2025\/12\/image-109.jpg\",\"width\":650,\"height\":650,\"caption\":\"Protections Avant-bras adidas Taekwondo CE-1\"},{\"@type\":\"BreadcrumbList\",\"@id\":\"https:\/\/www.daisho.be\/de\/produit\/unterarmschuetzer-adidas-taekwondo-ce\/#breadcrumb\",\"itemListElement\":[{\"@type\":\"ListItem\",\"position\":1,\"name\":\"Accueil\",\"item\":\"https:\/\/www.daisho.be\/de\/\"},{\"@type\":\"ListItem\",\"position\":2,\"name\":\"Produkte\",\"item\":\"https:\/\/www.daisho.be\/de\/produkte\/\"},{\"@type\":\"ListItem\",\"position\":3,\"name\":\"Ausr\u00fcstung und Kleidung f\u00fcr Kampfkunst und Kampfsport\",\"item\":\"https:\/\/www.daisho.be\/de\/categorie-produit\/ausrustung-und-kleidung-fur-kampfkunst-und-kampfsport\/\"},{\"@type\":\"ListItem\",\"position\":4,\"name\":\"Taekwondo\",\"item\":\"https:\/\/www.daisho.be\/de\/categorie-produit\/ausrustung-und-kleidung-fur-kampfkunst-und-kampfsport\/taekwondo-de-2\/\"},{\"@type\":\"ListItem\",\"position\":5,\"name\":\"Taekwondo Protektoren\",\"item\":\"https:\/\/www.daisho.be\/de\/categorie-produit\/ausrustung-und-kleidung-fur-kampfkunst-und-kampfsport\/taekwondo-de-2\/taekwondo-protektoren\/\"},{\"@type\":\"ListItem\",\"position\":6,\"name\":\"Unterarmsch\u00fctzer adidas Taekwondo CE\"}]},{\"@type\":\"WebSite\",\"@id\":\"https:\/\/www.daisho.be\/de\/#website\",\"url\":\"https:\/\/www.daisho.be\/de\/\",\"name\":\"Daisho\",\"description\":\"Sp&eacute;cialiste de l'&eacute;quipement sportif d'arts martiaux\",\"publisher\":{\"@id\":\"https:\/\/www.daisho.be\/de\/#organization\"},\"potentialAction\":[{\"@type\":\"SearchAction\",\"target\":{\"@type\":\"EntryPoint\",\"urlTemplate\":\"https:\/\/www.daisho.be\/de\/?s={search_term_string}\"},\"query-input\":{\"@type\":\"PropertyValueSpecification\",\"valueRequired\":true,\"valueName\":\"search_term_string\"}}],\"inLanguage\":\"de\"},{\"@type\":\"Organization\",\"@id\":\"https:\/\/www.daisho.be\/de\/#organization\",\"name\":\"Daisho\",\"url\":\"https:\/\/www.daisho.be\/de\/\",\"logo\":{\"@type\":\"ImageObject\",\"inLanguage\":\"de\",\"@id\":\"https:\/\/www.daisho.be\/de\/#\/schema\/logo\/image\/\",\"url\":\"https:\/\/www.daisho.be\/wp-content\/uploads\/2019\/07\/color-nothing-horizontale4x-e1564486100247.png\",\"contentUrl\":\"https:\/\/www.daisho.be\/wp-content\/uploads\/2019\/07\/color-nothing-horizontale4x-e1564486100247.png\",\"width\":1547,\"height\":385,\"caption\":\"Daisho\"},\"image\":{\"@id\":\"https:\/\/www.daisho.be\/de\/#\/schema\/logo\/image\/\"}}]}<\/script>\n<!-- \/ Yoast SEO plugin. -->","yoast_head_json":{"title":"Unterarmsch\u00fctzer adidas Taekwondo CE &#8211; Daisho","robots":{"index":"index","follow":"follow","max-snippet":"max-snippet:-1","max-image-preview":"max-image-preview:large","max-video-preview":"max-video-preview:-1"},"canonical":"https:\/\/www.daisho.be\/de\/produit\/unterarmschuetzer-adidas-taekwondo-ce\/","og_locale":"de_DE","og_type":"article","og_title":"Unterarmsch\u00fctzer adidas Taekwondo CE &#8211; Daisho","og_description":"Diese adidas Unterarmsch\u00fctzer absorbieren alle Schl\u00e4ge perfekt und verteilen sie dann sehr gleichm\u00e4\u00dfig, um den Aufprall zu reduzieren. Die Unterarmsch\u00fctzer sind WTF-gepr\u00fcft und mit einem CE-Zeichen versehen. Das Besondere an diesen Sch\u00fctzern ist, dass sie mit den besten K\u00e4mpfern der Welt zusammengebaut wurden. Dadurch erhalten Sie eine perfekte und ultimative Passform. Die Unterarmsch\u00fctzer sind anatomisch [&hellip;]","og_url":"https:\/\/www.daisho.be\/de\/produit\/unterarmschuetzer-adidas-taekwondo-ce\/","og_site_name":"Daisho","og_image":[{"width":650,"height":650,"url":"https:\/\/www.daisho.be\/wp-content\/uploads\/2025\/12\/image-109.jpg","type":"image\/jpeg"}],"twitter_card":"summary_large_image","twitter_misc":{"Gesch\u00e4tzte Lesezeit":"1\u00a0Minute"},"schema":{"@context":"https:\/\/schema.org","@graph":[{"@type":"WebPage","@id":"https:\/\/www.daisho.be\/de\/produit\/unterarmschuetzer-adidas-taekwondo-ce\/","url":"https:\/\/www.daisho.be\/de\/produit\/unterarmschuetzer-adidas-taekwondo-ce\/","name":"Unterarmsch\u00fctzer adidas Taekwondo CE &#8211; Daisho","isPartOf":{"@id":"https:\/\/www.daisho.be\/de\/#website"},"primaryImageOfPage":{"@id":"https:\/\/www.daisho.be\/de\/produit\/unterarmschuetzer-adidas-taekwondo-ce\/#primaryimage"},"image":{"@id":"https:\/\/www.daisho.be\/de\/produit\/unterarmschuetzer-adidas-taekwondo-ce\/#primaryimage"},"thumbnailUrl":"https:\/\/www.daisho.be\/wp-content\/uploads\/2025\/12\/image-109.jpg","datePublished":"2025-12-24T14:28:17+00:00","breadcrumb":{"@id":"https:\/\/www.daisho.be\/de\/produit\/unterarmschuetzer-adidas-taekwondo-ce\/#breadcrumb"},"inLanguage":"de","potentialAction":[{"@type":"ReadAction","target":["https:\/\/www.daisho.be\/de\/produit\/unterarmschuetzer-adidas-taekwondo-ce\/"]}]},{"@type":"ImageObject","inLanguage":"de","@id":"https:\/\/www.daisho.be\/de\/produit\/unterarmschuetzer-adidas-taekwondo-ce\/#primaryimage","url":"https:\/\/www.daisho.be\/wp-content\/uploads\/2025\/12\/image-109.jpg","contentUrl":"https:\/\/www.daisho.be\/wp-content\/uploads\/2025\/12\/image-109.jpg","width":650,"height":650,"caption":"Protections Avant-bras adidas Taekwondo CE-1"},{"@type":"BreadcrumbList","@id":"https:\/\/www.daisho.be\/de\/produit\/unterarmschuetzer-adidas-taekwondo-ce\/#breadcrumb","itemListElement":[{"@type":"ListItem","position":1,"name":"Accueil","item":"https:\/\/www.daisho.be\/de\/"},{"@type":"ListItem","position":2,"name":"Produkte","item":"https:\/\/www.daisho.be\/de\/produkte\/"},{"@type":"ListItem","position":3,"name":"Ausr\u00fcstung und Kleidung f\u00fcr Kampfkunst und Kampfsport","item":"https:\/\/www.daisho.be\/de\/categorie-produit\/ausrustung-und-kleidung-fur-kampfkunst-und-kampfsport\/"},{"@type":"ListItem","position":4,"name":"Taekwondo","item":"https:\/\/www.daisho.be\/de\/categorie-produit\/ausrustung-und-kleidung-fur-kampfkunst-und-kampfsport\/taekwondo-de-2\/"},{"@type":"ListItem","position":5,"name":"Taekwondo Protektoren","item":"https:\/\/www.daisho.be\/de\/categorie-produit\/ausrustung-und-kleidung-fur-kampfkunst-und-kampfsport\/taekwondo-de-2\/taekwondo-protektoren\/"},{"@type":"ListItem","position":6,"name":"Unterarmsch\u00fctzer adidas Taekwondo CE"}]},{"@type":"WebSite","@id":"https:\/\/www.daisho.be\/de\/#website","url":"https:\/\/www.daisho.be\/de\/","name":"Daisho","description":"Sp&eacute;cialiste de l'&eacute;quipement sportif d'arts martiaux","publisher":{"@id":"https:\/\/www.daisho.be\/de\/#organization"},"potentialAction":[{"@type":"SearchAction","target":{"@type":"EntryPoint","urlTemplate":"https:\/\/www.daisho.be\/de\/?s={search_term_string}"},"query-input":{"@type":"PropertyValueSpecification","valueRequired":true,"valueName":"search_term_string"}}],"inLanguage":"de"},{"@type":"Organization","@id":"https:\/\/www.daisho.be\/de\/#organization","name":"Daisho","url":"https:\/\/www.daisho.be\/de\/","logo":{"@type":"ImageObject","inLanguage":"de","@id":"https:\/\/www.daisho.be\/de\/#\/schema\/logo\/image\/","url":"https:\/\/www.daisho.be\/wp-content\/uploads\/2019\/07\/color-nothing-horizontale4x-e1564486100247.png","contentUrl":"https:\/\/www.daisho.be\/wp-content\/uploads\/2019\/07\/color-nothing-horizontale4x-e1564486100247.png","width":1547,"height":385,"caption":"Daisho"},"image":{"@id":"https:\/\/www.daisho.be\/de\/#\/schema\/logo\/image\/"}}]}},"_links":{"self":[{"href":"https:\/\/www.daisho.be\/de\/wp-json\/wp\/v2\/product\/646220","targetHints":{"allow":["GET"]}}],"collection":[{"href":"https:\/\/www.daisho.be\/de\/wp-json\/wp\/v2\/product"}],"about":[{"href":"https:\/\/www.daisho.be\/de\/wp-json\/wp\/v2\/types\/product"}],"replies":[{"embeddable":true,"href":"https:\/\/www.daisho.be\/de\/wp-json\/wp\/v2\/comments?post=646220"}],"wp:featuredmedia":[{"embeddable":true,"href":"https:\/\/www.daisho.be\/de\/wp-json\/wp\/v2\/media\/646205"}],"wp:attachment":[{"href":"https:\/\/www.daisho.be\/de\/wp-json\/wp\/v2\/media?parent=646220"}],"wp:term":[{"taxonomy":"product_brand","embeddable":true,"href":"https:\/\/www.daisho.be\/de\/wp-json\/wp\/v2\/product_brand?post=646220"},{"taxonomy":"product_cat","embeddable":true,"href":"https:\/\/www.daisho.be\/de\/wp-json\/wp\/v2\/product_cat?post=646220"},{"taxonomy":"product_tag","embeddable":true,"href":"https:\/\/www.daisho.be\/de\/wp-json\/wp\/v2\/product_tag?post=646220"},{"taxonomy":"sport","embeddable":true,"href":"https:\/\/www.daisho.be\/de\/wp-json\/wp\/v2\/sport?post=646220"}],"curies":[{"name":"wp","href":"https:\/\/api.w.org\/{rel}","templated":true}]}}