{"id":645995,"date":"2025-12-24T11:18:28","date_gmt":"2025-12-24T10:18:28","guid":{"rendered":"https:\/\/www.daisho.be\/produit\/pao-iranien-adidas-mit-zwei-haenden\/"},"modified":"2025-12-24T11:18:28","modified_gmt":"2025-12-24T10:18:28","slug":"pao-iranien-adidas-mit-zwei-haenden","status":"publish","type":"product","link":"https:\/\/www.daisho.be\/de\/produit\/pao-iranien-adidas-mit-zwei-haenden\/","title":{"rendered":"PAO IRANIEN adidas mit zwei H\u00e4nden"},"content":{"rendered":"<p>Schild im iranischen Stil aus strapazierf\u00e4higem PU, hochfeste Polymax&#x2122;-Schaumpolsterung f\u00fcr verbesserte Haltbarkeit und optimale Sto\u00dfd\u00e4mpfung w\u00e4hrend des Trainings. Drei verst\u00e4rkte Griffe zur Verbesserung der Griffigkeit. Speziell entwickelt f\u00fcr Kampf- und Kickboxtechniken. Eleganter adidas-Logoaufdruck auf der Vorderseite des Schildes.<br \/>\nAn der R\u00fcckseite sind Nylonriemen befestigt, um das Kickpad zu fixieren.<br \/>\nDie Polsterung besteht aus einer luftdurchl\u00e4ssigen &#8222;Polymax&#8220;-Schaumstoffpolsterung, die sicherstellt, dass das Kickpad keinen Hohlraum erzeugt. Die Polsterung absorbiert Schl\u00e4ge und Tritte perfekt und sorgt so f\u00fcr einen hohen Trainingskomfort. Das Kissen ist ideal, um Ihre Schl\u00e4ge und Tritte zu \u00fcben, sowohl auf der Vorderseite als auch auf der Seite Ihres Trainingspartners.<br \/>\nDieses Handkissen ist f\u00fcr alle Kampfk\u00fcnstler geeignet. Sowohl f\u00fcr den Trainer als auch f\u00fcr den Sch\u00fcler.<br \/>\nVorteile:<br \/>\n&#8211; PU3G<br \/>\n&#8211; hochabsorbierende Luftschaumpolsterung<br \/>\n&#8211; Nylonriemen auf der R\u00fcckseite<br \/>\n&#8211; geeignet f\u00fcr Trainer und Sch\u00fcler      <\/p>\n","protected":false},"excerpt":{"rendered":"<p>Schild im iranischen Stil aus strapazierf\u00e4higem PU, hochfeste Polymax&#x2122;-Schaumpolsterung f\u00fcr verbesserte Haltbarkeit und optimale Sto\u00dfd\u00e4mpfung w\u00e4hrend des Trainings. Drei verst\u00e4rkte Griffe zur Verbesserung der Griffigkeit. Speziell entwickelt f\u00fcr Kampf- und Kickboxtechniken. Eleganter adidas-Logoaufdruck auf der Vorderseite des Schildes. An der R\u00fcckseite sind Nylonriemen befestigt, um das Kickpad zu fixieren. Die Polsterung besteht aus einer luftdurchl\u00e4ssigen [&hellip;]<\/p>\n","protected":false},"featured_media":645979,"comment_status":"open","ping_status":"closed","template":"","meta":{"inline_featured_image":false},"product_brand":[],"product_cat":[2134,2279,2252,2251],"product_tag":[2178],"sport":[],"class_list":{"0":"post-645995","1":"product","2":"type-product","3":"status-publish","4":"has-post-thumbnail","6":"product_cat-boxsacke-de","7":"product_cat-boxsacke-und-trainingszubehor-de","8":"product_cat-boxsacke-und-trainingszubehor","9":"product_cat-boxsacke-und-trainingszubehor-karate","10":"product_tag-adidas-de","11":"pa_size-sans-taille-defaut","13":"first","14":"instock","15":"taxable","16":"shipping-taxable","17":"purchasable","18":"product-type-variable"},"yoast_head":"<!-- This site is optimized with the Yoast SEO plugin v27.2 - https:\/\/yoast.com\/product\/yoast-seo-wordpress\/ -->\n<title>PAO IRANIEN adidas mit zwei H\u00e4nden &#8211; Daisho<\/title>\n<meta name=\"robots\" content=\"index, follow, max-snippet:-1, max-image-preview:large, max-video-preview:-1\" \/>\n<link rel=\"canonical\" href=\"https:\/\/www.daisho.be\/de\/produit\/pao-iranien-adidas-mit-zwei-haenden\/\" \/>\n<meta property=\"og:locale\" content=\"de_DE\" \/>\n<meta property=\"og:type\" content=\"article\" \/>\n<meta property=\"og:title\" content=\"PAO IRANIEN adidas mit zwei H\u00e4nden &#8211; Daisho\" \/>\n<meta property=\"og:description\" content=\"Schild im iranischen Stil aus strapazierf\u00e4higem PU, hochfeste Polymax&#x2122;-Schaumpolsterung f\u00fcr verbesserte Haltbarkeit und optimale Sto\u00dfd\u00e4mpfung w\u00e4hrend des Trainings. Drei verst\u00e4rkte Griffe zur Verbesserung der Griffigkeit. Speziell entwickelt f\u00fcr Kampf- und Kickboxtechniken. Eleganter adidas-Logoaufdruck auf der Vorderseite des Schildes. An der R\u00fcckseite sind Nylonriemen befestigt, um das Kickpad zu fixieren. Die Polsterung besteht aus einer luftdurchl\u00e4ssigen [&hellip;]\" \/>\n<meta property=\"og:url\" content=\"https:\/\/www.daisho.be\/de\/produit\/pao-iranien-adidas-mit-zwei-haenden\/\" \/>\n<meta property=\"og:site_name\" content=\"Daisho\" \/>\n<meta property=\"og:image\" content=\"https:\/\/www.daisho.be\/wp-content\/uploads\/2025\/12\/image-95.jpg\" \/>\n\t<meta property=\"og:image:width\" content=\"650\" \/>\n\t<meta property=\"og:image:height\" content=\"650\" \/>\n\t<meta property=\"og:image:type\" content=\"image\/jpeg\" \/>\n<meta name=\"twitter:card\" content=\"summary_large_image\" \/>\n<meta name=\"twitter:label1\" content=\"Gesch\u00e4tzte Lesezeit\" \/>\n\t<meta name=\"twitter:data1\" content=\"1\u00a0Minute\" \/>\n<script type=\"application\/ld+json\" class=\"yoast-schema-graph\">{\"@context\":\"https:\/\/schema.org\",\"@graph\":[{\"@type\":\"WebPage\",\"@id\":\"https:\/\/www.daisho.be\/de\/produit\/pao-iranien-adidas-mit-zwei-haenden\/\",\"url\":\"https:\/\/www.daisho.be\/de\/produit\/pao-iranien-adidas-mit-zwei-haenden\/\",\"name\":\"PAO IRANIEN adidas mit zwei H\u00e4nden &#8211; Daisho\",\"isPartOf\":{\"@id\":\"https:\/\/www.daisho.be\/de\/#website\"},\"primaryImageOfPage\":{\"@id\":\"https:\/\/www.daisho.be\/de\/produit\/pao-iranien-adidas-mit-zwei-haenden\/#primaryimage\"},\"image\":{\"@id\":\"https:\/\/www.daisho.be\/de\/produit\/pao-iranien-adidas-mit-zwei-haenden\/#primaryimage\"},\"thumbnailUrl\":\"https:\/\/www.daisho.be\/wp-content\/uploads\/2025\/12\/image-95.jpg\",\"datePublished\":\"2025-12-24T10:18:28+00:00\",\"breadcrumb\":{\"@id\":\"https:\/\/www.daisho.be\/de\/produit\/pao-iranien-adidas-mit-zwei-haenden\/#breadcrumb\"},\"inLanguage\":\"de\",\"potentialAction\":[{\"@type\":\"ReadAction\",\"target\":[\"https:\/\/www.daisho.be\/de\/produit\/pao-iranien-adidas-mit-zwei-haenden\/\"]}]},{\"@type\":\"ImageObject\",\"inLanguage\":\"de\",\"@id\":\"https:\/\/www.daisho.be\/de\/produit\/pao-iranien-adidas-mit-zwei-haenden\/#primaryimage\",\"url\":\"https:\/\/www.daisho.be\/wp-content\/uploads\/2025\/12\/image-95.jpg\",\"contentUrl\":\"https:\/\/www.daisho.be\/wp-content\/uploads\/2025\/12\/image-95.jpg\",\"width\":650,\"height\":650,\"caption\":\"PAO IRANIEN adidas \u00e0 double main-1\"},{\"@type\":\"BreadcrumbList\",\"@id\":\"https:\/\/www.daisho.be\/de\/produit\/pao-iranien-adidas-mit-zwei-haenden\/#breadcrumb\",\"itemListElement\":[{\"@type\":\"ListItem\",\"position\":1,\"name\":\"Accueil\",\"item\":\"https:\/\/www.daisho.be\/de\/\"},{\"@type\":\"ListItem\",\"position\":2,\"name\":\"Produkte\",\"item\":\"https:\/\/www.daisho.be\/de\/produkte\/\"},{\"@type\":\"ListItem\",\"position\":3,\"name\":\"Ausr\u00fcstung und Kleidung f\u00fcr Kampfkunst und Kampfsport\",\"item\":\"https:\/\/www.daisho.be\/de\/categorie-produit\/ausrustung-und-kleidung-fur-kampfkunst-und-kampfsport\/\"},{\"@type\":\"ListItem\",\"position\":4,\"name\":\"Boxen\",\"item\":\"https:\/\/www.daisho.be\/de\/categorie-produit\/ausrustung-und-kleidung-fur-kampfkunst-und-kampfsport\/boxen-de\/\"},{\"@type\":\"ListItem\",\"position\":5,\"name\":\"Boxs\u00e4cke\",\"item\":\"https:\/\/www.daisho.be\/de\/categorie-produit\/ausrustung-und-kleidung-fur-kampfkunst-und-kampfsport\/boxen-de\/boxsacke-de\/\"},{\"@type\":\"ListItem\",\"position\":6,\"name\":\"PAO IRANIEN adidas mit zwei H\u00e4nden\"}]},{\"@type\":\"WebSite\",\"@id\":\"https:\/\/www.daisho.be\/de\/#website\",\"url\":\"https:\/\/www.daisho.be\/de\/\",\"name\":\"Daisho\",\"description\":\"Sp&eacute;cialiste de l'&eacute;quipement sportif d'arts martiaux\",\"publisher\":{\"@id\":\"https:\/\/www.daisho.be\/de\/#organization\"},\"potentialAction\":[{\"@type\":\"SearchAction\",\"target\":{\"@type\":\"EntryPoint\",\"urlTemplate\":\"https:\/\/www.daisho.be\/de\/?s={search_term_string}\"},\"query-input\":{\"@type\":\"PropertyValueSpecification\",\"valueRequired\":true,\"valueName\":\"search_term_string\"}}],\"inLanguage\":\"de\"},{\"@type\":\"Organization\",\"@id\":\"https:\/\/www.daisho.be\/de\/#organization\",\"name\":\"Daisho\",\"url\":\"https:\/\/www.daisho.be\/de\/\",\"logo\":{\"@type\":\"ImageObject\",\"inLanguage\":\"de\",\"@id\":\"https:\/\/www.daisho.be\/de\/#\/schema\/logo\/image\/\",\"url\":\"https:\/\/www.daisho.be\/wp-content\/uploads\/2019\/07\/color-nothing-horizontale4x-e1564486100247.png\",\"contentUrl\":\"https:\/\/www.daisho.be\/wp-content\/uploads\/2019\/07\/color-nothing-horizontale4x-e1564486100247.png\",\"width\":1547,\"height\":385,\"caption\":\"Daisho\"},\"image\":{\"@id\":\"https:\/\/www.daisho.be\/de\/#\/schema\/logo\/image\/\"}}]}<\/script>\n<!-- \/ Yoast SEO plugin. -->","yoast_head_json":{"title":"PAO IRANIEN adidas mit zwei H\u00e4nden &#8211; Daisho","robots":{"index":"index","follow":"follow","max-snippet":"max-snippet:-1","max-image-preview":"max-image-preview:large","max-video-preview":"max-video-preview:-1"},"canonical":"https:\/\/www.daisho.be\/de\/produit\/pao-iranien-adidas-mit-zwei-haenden\/","og_locale":"de_DE","og_type":"article","og_title":"PAO IRANIEN adidas mit zwei H\u00e4nden &#8211; Daisho","og_description":"Schild im iranischen Stil aus strapazierf\u00e4higem PU, hochfeste Polymax&#x2122;-Schaumpolsterung f\u00fcr verbesserte Haltbarkeit und optimale Sto\u00dfd\u00e4mpfung w\u00e4hrend des Trainings. Drei verst\u00e4rkte Griffe zur Verbesserung der Griffigkeit. Speziell entwickelt f\u00fcr Kampf- und Kickboxtechniken. Eleganter adidas-Logoaufdruck auf der Vorderseite des Schildes. An der R\u00fcckseite sind Nylonriemen befestigt, um das Kickpad zu fixieren. Die Polsterung besteht aus einer luftdurchl\u00e4ssigen [&hellip;]","og_url":"https:\/\/www.daisho.be\/de\/produit\/pao-iranien-adidas-mit-zwei-haenden\/","og_site_name":"Daisho","og_image":[{"width":650,"height":650,"url":"https:\/\/www.daisho.be\/wp-content\/uploads\/2025\/12\/image-95.jpg","type":"image\/jpeg"}],"twitter_card":"summary_large_image","twitter_misc":{"Gesch\u00e4tzte Lesezeit":"1\u00a0Minute"},"schema":{"@context":"https:\/\/schema.org","@graph":[{"@type":"WebPage","@id":"https:\/\/www.daisho.be\/de\/produit\/pao-iranien-adidas-mit-zwei-haenden\/","url":"https:\/\/www.daisho.be\/de\/produit\/pao-iranien-adidas-mit-zwei-haenden\/","name":"PAO IRANIEN adidas mit zwei H\u00e4nden &#8211; Daisho","isPartOf":{"@id":"https:\/\/www.daisho.be\/de\/#website"},"primaryImageOfPage":{"@id":"https:\/\/www.daisho.be\/de\/produit\/pao-iranien-adidas-mit-zwei-haenden\/#primaryimage"},"image":{"@id":"https:\/\/www.daisho.be\/de\/produit\/pao-iranien-adidas-mit-zwei-haenden\/#primaryimage"},"thumbnailUrl":"https:\/\/www.daisho.be\/wp-content\/uploads\/2025\/12\/image-95.jpg","datePublished":"2025-12-24T10:18:28+00:00","breadcrumb":{"@id":"https:\/\/www.daisho.be\/de\/produit\/pao-iranien-adidas-mit-zwei-haenden\/#breadcrumb"},"inLanguage":"de","potentialAction":[{"@type":"ReadAction","target":["https:\/\/www.daisho.be\/de\/produit\/pao-iranien-adidas-mit-zwei-haenden\/"]}]},{"@type":"ImageObject","inLanguage":"de","@id":"https:\/\/www.daisho.be\/de\/produit\/pao-iranien-adidas-mit-zwei-haenden\/#primaryimage","url":"https:\/\/www.daisho.be\/wp-content\/uploads\/2025\/12\/image-95.jpg","contentUrl":"https:\/\/www.daisho.be\/wp-content\/uploads\/2025\/12\/image-95.jpg","width":650,"height":650,"caption":"PAO IRANIEN adidas \u00e0 double main-1"},{"@type":"BreadcrumbList","@id":"https:\/\/www.daisho.be\/de\/produit\/pao-iranien-adidas-mit-zwei-haenden\/#breadcrumb","itemListElement":[{"@type":"ListItem","position":1,"name":"Accueil","item":"https:\/\/www.daisho.be\/de\/"},{"@type":"ListItem","position":2,"name":"Produkte","item":"https:\/\/www.daisho.be\/de\/produkte\/"},{"@type":"ListItem","position":3,"name":"Ausr\u00fcstung und Kleidung f\u00fcr Kampfkunst und Kampfsport","item":"https:\/\/www.daisho.be\/de\/categorie-produit\/ausrustung-und-kleidung-fur-kampfkunst-und-kampfsport\/"},{"@type":"ListItem","position":4,"name":"Boxen","item":"https:\/\/www.daisho.be\/de\/categorie-produit\/ausrustung-und-kleidung-fur-kampfkunst-und-kampfsport\/boxen-de\/"},{"@type":"ListItem","position":5,"name":"Boxs\u00e4cke","item":"https:\/\/www.daisho.be\/de\/categorie-produit\/ausrustung-und-kleidung-fur-kampfkunst-und-kampfsport\/boxen-de\/boxsacke-de\/"},{"@type":"ListItem","position":6,"name":"PAO IRANIEN adidas mit zwei H\u00e4nden"}]},{"@type":"WebSite","@id":"https:\/\/www.daisho.be\/de\/#website","url":"https:\/\/www.daisho.be\/de\/","name":"Daisho","description":"Sp&eacute;cialiste de l'&eacute;quipement sportif d'arts martiaux","publisher":{"@id":"https:\/\/www.daisho.be\/de\/#organization"},"potentialAction":[{"@type":"SearchAction","target":{"@type":"EntryPoint","urlTemplate":"https:\/\/www.daisho.be\/de\/?s={search_term_string}"},"query-input":{"@type":"PropertyValueSpecification","valueRequired":true,"valueName":"search_term_string"}}],"inLanguage":"de"},{"@type":"Organization","@id":"https:\/\/www.daisho.be\/de\/#organization","name":"Daisho","url":"https:\/\/www.daisho.be\/de\/","logo":{"@type":"ImageObject","inLanguage":"de","@id":"https:\/\/www.daisho.be\/de\/#\/schema\/logo\/image\/","url":"https:\/\/www.daisho.be\/wp-content\/uploads\/2019\/07\/color-nothing-horizontale4x-e1564486100247.png","contentUrl":"https:\/\/www.daisho.be\/wp-content\/uploads\/2019\/07\/color-nothing-horizontale4x-e1564486100247.png","width":1547,"height":385,"caption":"Daisho"},"image":{"@id":"https:\/\/www.daisho.be\/de\/#\/schema\/logo\/image\/"}}]}},"_links":{"self":[{"href":"https:\/\/www.daisho.be\/de\/wp-json\/wp\/v2\/product\/645995","targetHints":{"allow":["GET"]}}],"collection":[{"href":"https:\/\/www.daisho.be\/de\/wp-json\/wp\/v2\/product"}],"about":[{"href":"https:\/\/www.daisho.be\/de\/wp-json\/wp\/v2\/types\/product"}],"replies":[{"embeddable":true,"href":"https:\/\/www.daisho.be\/de\/wp-json\/wp\/v2\/comments?post=645995"}],"wp:featuredmedia":[{"embeddable":true,"href":"https:\/\/www.daisho.be\/de\/wp-json\/wp\/v2\/media\/645979"}],"wp:attachment":[{"href":"https:\/\/www.daisho.be\/de\/wp-json\/wp\/v2\/media?parent=645995"}],"wp:term":[{"taxonomy":"product_brand","embeddable":true,"href":"https:\/\/www.daisho.be\/de\/wp-json\/wp\/v2\/product_brand?post=645995"},{"taxonomy":"product_cat","embeddable":true,"href":"https:\/\/www.daisho.be\/de\/wp-json\/wp\/v2\/product_cat?post=645995"},{"taxonomy":"product_tag","embeddable":true,"href":"https:\/\/www.daisho.be\/de\/wp-json\/wp\/v2\/product_tag?post=645995"},{"taxonomy":"sport","embeddable":true,"href":"https:\/\/www.daisho.be\/de\/wp-json\/wp\/v2\/sport?post=645995"}],"curies":[{"name":"wp","href":"https:\/\/api.w.org\/{rel}","templated":true}]}}