{"id":644475,"date":"2025-12-21T12:42:25","date_gmt":"2025-12-21T11:42:25","guid":{"rendered":"https:\/\/www.daisho.be\/produit\/packung-mit-6-wiederverwendbaren-kompressen-heiss-kalt-10x26cm\/"},"modified":"2025-12-21T12:42:25","modified_gmt":"2025-12-21T11:42:25","slug":"packung-mit-6-wiederverwendbaren-kompressen-heiss-kalt-10x26cm","status":"publish","type":"product","link":"https:\/\/www.daisho.be\/de\/produit\/packung-mit-6-wiederverwendbaren-kompressen-heiss-kalt-10x26cm\/","title":{"rendered":"Packung mit 6 wiederverwendbaren Kompressen Hei\u00df\/Kalt 10x26cm"},"content":{"rendered":"<p>Wiederverwendbares Gelkissen.<br \/>\nDie Lieferung erfolgt mit einem reizarmen Vliesbezug f\u00fcr zus\u00e4tzlichen Komfort.<br \/>\nPackung mit 6 Kompressen in der Gr\u00f6\u00dfe 10&#215;26 cm.<\/p>\n","protected":false},"excerpt":{"rendered":"<p>Wiederverwendbares Gelkissen. Die Lieferung erfolgt mit einem reizarmen Vliesbezug f\u00fcr zus\u00e4tzlichen Komfort. Packung mit 6 Kompressen in der Gr\u00f6\u00dfe 10&#215;26 cm.<\/p>\n","protected":false},"featured_media":644461,"comment_status":"open","ping_status":"closed","template":"","meta":{"inline_featured_image":false},"product_brand":[],"product_cat":[2169,2078],"product_tag":[2340],"sport":[],"class_list":{"0":"post-644475","1":"product","2":"type-product","3":"status-publish","4":"has-post-thumbnail","6":"product_cat-pflege","7":"product_cat-streifen-tapes","8":"product_tag-pic-solution-de","9":"pa_size-sans-taille-defaut","11":"first","12":"instock","13":"taxable","14":"shipping-taxable","15":"purchasable","16":"product-type-variable"},"yoast_head":"<!-- This site is optimized with the Yoast SEO plugin v27.2 - https:\/\/yoast.com\/product\/yoast-seo-wordpress\/ -->\n<title>Packung mit 6 wiederverwendbaren Kompressen Hei\u00df\/Kalt 10x26cm &#8211; Daisho<\/title>\n<meta name=\"robots\" content=\"index, follow, max-snippet:-1, max-image-preview:large, max-video-preview:-1\" \/>\n<link rel=\"canonical\" href=\"https:\/\/www.daisho.be\/de\/produit\/packung-mit-6-wiederverwendbaren-kompressen-heiss-kalt-10x26cm\/\" \/>\n<meta property=\"og:locale\" content=\"de_DE\" \/>\n<meta property=\"og:type\" content=\"article\" \/>\n<meta property=\"og:title\" content=\"Packung mit 6 wiederverwendbaren Kompressen Hei\u00df\/Kalt 10x26cm &#8211; Daisho\" \/>\n<meta property=\"og:description\" content=\"Wiederverwendbares Gelkissen. Die Lieferung erfolgt mit einem reizarmen Vliesbezug f\u00fcr zus\u00e4tzlichen Komfort. Packung mit 6 Kompressen in der Gr\u00f6\u00dfe 10&#215;26 cm.\" \/>\n<meta property=\"og:url\" content=\"https:\/\/www.daisho.be\/de\/produit\/packung-mit-6-wiederverwendbaren-kompressen-heiss-kalt-10x26cm\/\" \/>\n<meta property=\"og:site_name\" content=\"Daisho\" \/>\n<meta property=\"og:image\" content=\"https:\/\/www.daisho.be\/wp-content\/uploads\/2025\/12\/image-69.jpg\" \/>\n\t<meta property=\"og:image:width\" content=\"1059\" \/>\n\t<meta property=\"og:image:height\" content=\"1059\" \/>\n\t<meta property=\"og:image:type\" content=\"image\/jpeg\" \/>\n<meta name=\"twitter:card\" content=\"summary_large_image\" \/>\n<script type=\"application\/ld+json\" class=\"yoast-schema-graph\">{\"@context\":\"https:\/\/schema.org\",\"@graph\":[{\"@type\":\"WebPage\",\"@id\":\"https:\/\/www.daisho.be\/de\/produit\/packung-mit-6-wiederverwendbaren-kompressen-heiss-kalt-10x26cm\/\",\"url\":\"https:\/\/www.daisho.be\/de\/produit\/packung-mit-6-wiederverwendbaren-kompressen-heiss-kalt-10x26cm\/\",\"name\":\"Packung mit 6 wiederverwendbaren Kompressen Hei\u00df\/Kalt 10x26cm &#8211; Daisho\",\"isPartOf\":{\"@id\":\"https:\/\/www.daisho.be\/de\/#website\"},\"primaryImageOfPage\":{\"@id\":\"https:\/\/www.daisho.be\/de\/produit\/packung-mit-6-wiederverwendbaren-kompressen-heiss-kalt-10x26cm\/#primaryimage\"},\"image\":{\"@id\":\"https:\/\/www.daisho.be\/de\/produit\/packung-mit-6-wiederverwendbaren-kompressen-heiss-kalt-10x26cm\/#primaryimage\"},\"thumbnailUrl\":\"https:\/\/www.daisho.be\/wp-content\/uploads\/2025\/12\/image-69.jpg\",\"datePublished\":\"2025-12-21T11:42:25+00:00\",\"breadcrumb\":{\"@id\":\"https:\/\/www.daisho.be\/de\/produit\/packung-mit-6-wiederverwendbaren-kompressen-heiss-kalt-10x26cm\/#breadcrumb\"},\"inLanguage\":\"de\",\"potentialAction\":[{\"@type\":\"ReadAction\",\"target\":[\"https:\/\/www.daisho.be\/de\/produit\/packung-mit-6-wiederverwendbaren-kompressen-heiss-kalt-10x26cm\/\"]}]},{\"@type\":\"ImageObject\",\"inLanguage\":\"de\",\"@id\":\"https:\/\/www.daisho.be\/de\/produit\/packung-mit-6-wiederverwendbaren-kompressen-heiss-kalt-10x26cm\/#primaryimage\",\"url\":\"https:\/\/www.daisho.be\/wp-content\/uploads\/2025\/12\/image-69.jpg\",\"contentUrl\":\"https:\/\/www.daisho.be\/wp-content\/uploads\/2025\/12\/image-69.jpg\",\"width\":1059,\"height\":1059,\"caption\":\"Boite de 6 compresses r\u00e9utilisables Chaud\/Froid 10x26cm-1\"},{\"@type\":\"BreadcrumbList\",\"@id\":\"https:\/\/www.daisho.be\/de\/produit\/packung-mit-6-wiederverwendbaren-kompressen-heiss-kalt-10x26cm\/#breadcrumb\",\"itemListElement\":[{\"@type\":\"ListItem\",\"position\":1,\"name\":\"Accueil\",\"item\":\"https:\/\/www.daisho.be\/de\/\"},{\"@type\":\"ListItem\",\"position\":2,\"name\":\"Produkte\",\"item\":\"https:\/\/www.daisho.be\/de\/produkte\/\"},{\"@type\":\"ListItem\",\"position\":3,\"name\":\"Kampfsportarten\",\"item\":\"https:\/\/www.daisho.be\/de\/categorie-produit\/kampfsportarten\/\"},{\"@type\":\"ListItem\",\"position\":4,\"name\":\"Pflege\",\"item\":\"https:\/\/www.daisho.be\/de\/categorie-produit\/kampfsportarten\/pflege\/\"},{\"@type\":\"ListItem\",\"position\":5,\"name\":\"Packung mit 6 wiederverwendbaren Kompressen Hei\u00df\/Kalt 10x26cm\"}]},{\"@type\":\"WebSite\",\"@id\":\"https:\/\/www.daisho.be\/de\/#website\",\"url\":\"https:\/\/www.daisho.be\/de\/\",\"name\":\"Daisho\",\"description\":\"Sp&eacute;cialiste de l'&eacute;quipement sportif d'arts martiaux\",\"publisher\":{\"@id\":\"https:\/\/www.daisho.be\/de\/#organization\"},\"potentialAction\":[{\"@type\":\"SearchAction\",\"target\":{\"@type\":\"EntryPoint\",\"urlTemplate\":\"https:\/\/www.daisho.be\/de\/?s={search_term_string}\"},\"query-input\":{\"@type\":\"PropertyValueSpecification\",\"valueRequired\":true,\"valueName\":\"search_term_string\"}}],\"inLanguage\":\"de\"},{\"@type\":\"Organization\",\"@id\":\"https:\/\/www.daisho.be\/de\/#organization\",\"name\":\"Daisho\",\"url\":\"https:\/\/www.daisho.be\/de\/\",\"logo\":{\"@type\":\"ImageObject\",\"inLanguage\":\"de\",\"@id\":\"https:\/\/www.daisho.be\/de\/#\/schema\/logo\/image\/\",\"url\":\"https:\/\/www.daisho.be\/wp-content\/uploads\/2019\/07\/color-nothing-horizontale4x-e1564486100247.png\",\"contentUrl\":\"https:\/\/www.daisho.be\/wp-content\/uploads\/2019\/07\/color-nothing-horizontale4x-e1564486100247.png\",\"width\":1547,\"height\":385,\"caption\":\"Daisho\"},\"image\":{\"@id\":\"https:\/\/www.daisho.be\/de\/#\/schema\/logo\/image\/\"}}]}<\/script>\n<!-- \/ Yoast SEO plugin. -->","yoast_head_json":{"title":"Packung mit 6 wiederverwendbaren Kompressen Hei\u00df\/Kalt 10x26cm &#8211; Daisho","robots":{"index":"index","follow":"follow","max-snippet":"max-snippet:-1","max-image-preview":"max-image-preview:large","max-video-preview":"max-video-preview:-1"},"canonical":"https:\/\/www.daisho.be\/de\/produit\/packung-mit-6-wiederverwendbaren-kompressen-heiss-kalt-10x26cm\/","og_locale":"de_DE","og_type":"article","og_title":"Packung mit 6 wiederverwendbaren Kompressen Hei\u00df\/Kalt 10x26cm &#8211; Daisho","og_description":"Wiederverwendbares Gelkissen. Die Lieferung erfolgt mit einem reizarmen Vliesbezug f\u00fcr zus\u00e4tzlichen Komfort. Packung mit 6 Kompressen in der Gr\u00f6\u00dfe 10&#215;26 cm.","og_url":"https:\/\/www.daisho.be\/de\/produit\/packung-mit-6-wiederverwendbaren-kompressen-heiss-kalt-10x26cm\/","og_site_name":"Daisho","og_image":[{"width":1059,"height":1059,"url":"https:\/\/www.daisho.be\/wp-content\/uploads\/2025\/12\/image-69.jpg","type":"image\/jpeg"}],"twitter_card":"summary_large_image","schema":{"@context":"https:\/\/schema.org","@graph":[{"@type":"WebPage","@id":"https:\/\/www.daisho.be\/de\/produit\/packung-mit-6-wiederverwendbaren-kompressen-heiss-kalt-10x26cm\/","url":"https:\/\/www.daisho.be\/de\/produit\/packung-mit-6-wiederverwendbaren-kompressen-heiss-kalt-10x26cm\/","name":"Packung mit 6 wiederverwendbaren Kompressen Hei\u00df\/Kalt 10x26cm &#8211; Daisho","isPartOf":{"@id":"https:\/\/www.daisho.be\/de\/#website"},"primaryImageOfPage":{"@id":"https:\/\/www.daisho.be\/de\/produit\/packung-mit-6-wiederverwendbaren-kompressen-heiss-kalt-10x26cm\/#primaryimage"},"image":{"@id":"https:\/\/www.daisho.be\/de\/produit\/packung-mit-6-wiederverwendbaren-kompressen-heiss-kalt-10x26cm\/#primaryimage"},"thumbnailUrl":"https:\/\/www.daisho.be\/wp-content\/uploads\/2025\/12\/image-69.jpg","datePublished":"2025-12-21T11:42:25+00:00","breadcrumb":{"@id":"https:\/\/www.daisho.be\/de\/produit\/packung-mit-6-wiederverwendbaren-kompressen-heiss-kalt-10x26cm\/#breadcrumb"},"inLanguage":"de","potentialAction":[{"@type":"ReadAction","target":["https:\/\/www.daisho.be\/de\/produit\/packung-mit-6-wiederverwendbaren-kompressen-heiss-kalt-10x26cm\/"]}]},{"@type":"ImageObject","inLanguage":"de","@id":"https:\/\/www.daisho.be\/de\/produit\/packung-mit-6-wiederverwendbaren-kompressen-heiss-kalt-10x26cm\/#primaryimage","url":"https:\/\/www.daisho.be\/wp-content\/uploads\/2025\/12\/image-69.jpg","contentUrl":"https:\/\/www.daisho.be\/wp-content\/uploads\/2025\/12\/image-69.jpg","width":1059,"height":1059,"caption":"Boite de 6 compresses r\u00e9utilisables Chaud\/Froid 10x26cm-1"},{"@type":"BreadcrumbList","@id":"https:\/\/www.daisho.be\/de\/produit\/packung-mit-6-wiederverwendbaren-kompressen-heiss-kalt-10x26cm\/#breadcrumb","itemListElement":[{"@type":"ListItem","position":1,"name":"Accueil","item":"https:\/\/www.daisho.be\/de\/"},{"@type":"ListItem","position":2,"name":"Produkte","item":"https:\/\/www.daisho.be\/de\/produkte\/"},{"@type":"ListItem","position":3,"name":"Kampfsportarten","item":"https:\/\/www.daisho.be\/de\/categorie-produit\/kampfsportarten\/"},{"@type":"ListItem","position":4,"name":"Pflege","item":"https:\/\/www.daisho.be\/de\/categorie-produit\/kampfsportarten\/pflege\/"},{"@type":"ListItem","position":5,"name":"Packung mit 6 wiederverwendbaren Kompressen Hei\u00df\/Kalt 10x26cm"}]},{"@type":"WebSite","@id":"https:\/\/www.daisho.be\/de\/#website","url":"https:\/\/www.daisho.be\/de\/","name":"Daisho","description":"Sp&eacute;cialiste de l'&eacute;quipement sportif d'arts martiaux","publisher":{"@id":"https:\/\/www.daisho.be\/de\/#organization"},"potentialAction":[{"@type":"SearchAction","target":{"@type":"EntryPoint","urlTemplate":"https:\/\/www.daisho.be\/de\/?s={search_term_string}"},"query-input":{"@type":"PropertyValueSpecification","valueRequired":true,"valueName":"search_term_string"}}],"inLanguage":"de"},{"@type":"Organization","@id":"https:\/\/www.daisho.be\/de\/#organization","name":"Daisho","url":"https:\/\/www.daisho.be\/de\/","logo":{"@type":"ImageObject","inLanguage":"de","@id":"https:\/\/www.daisho.be\/de\/#\/schema\/logo\/image\/","url":"https:\/\/www.daisho.be\/wp-content\/uploads\/2019\/07\/color-nothing-horizontale4x-e1564486100247.png","contentUrl":"https:\/\/www.daisho.be\/wp-content\/uploads\/2019\/07\/color-nothing-horizontale4x-e1564486100247.png","width":1547,"height":385,"caption":"Daisho"},"image":{"@id":"https:\/\/www.daisho.be\/de\/#\/schema\/logo\/image\/"}}]}},"_links":{"self":[{"href":"https:\/\/www.daisho.be\/de\/wp-json\/wp\/v2\/product\/644475","targetHints":{"allow":["GET"]}}],"collection":[{"href":"https:\/\/www.daisho.be\/de\/wp-json\/wp\/v2\/product"}],"about":[{"href":"https:\/\/www.daisho.be\/de\/wp-json\/wp\/v2\/types\/product"}],"replies":[{"embeddable":true,"href":"https:\/\/www.daisho.be\/de\/wp-json\/wp\/v2\/comments?post=644475"}],"wp:featuredmedia":[{"embeddable":true,"href":"https:\/\/www.daisho.be\/de\/wp-json\/wp\/v2\/media\/644461"}],"wp:attachment":[{"href":"https:\/\/www.daisho.be\/de\/wp-json\/wp\/v2\/media?parent=644475"}],"wp:term":[{"taxonomy":"product_brand","embeddable":true,"href":"https:\/\/www.daisho.be\/de\/wp-json\/wp\/v2\/product_brand?post=644475"},{"taxonomy":"product_cat","embeddable":true,"href":"https:\/\/www.daisho.be\/de\/wp-json\/wp\/v2\/product_cat?post=644475"},{"taxonomy":"product_tag","embeddable":true,"href":"https:\/\/www.daisho.be\/de\/wp-json\/wp\/v2\/product_tag?post=644475"},{"taxonomy":"sport","embeddable":true,"href":"https:\/\/www.daisho.be\/de\/wp-json\/wp\/v2\/sport?post=644475"}],"curies":[{"name":"wp","href":"https:\/\/api.w.org\/{rel}","templated":true}]}}