{"id":643080,"date":"2025-12-16T14:59:08","date_gmt":"2025-12-16T13:59:08","guid":{"rendered":"https:\/\/www.daisho.be\/produit\/schlitten-antrieb\/"},"modified":"2025-12-16T14:59:08","modified_gmt":"2025-12-16T13:59:08","slug":"schlitten-antrieb","status":"publish","type":"product","link":"https:\/\/www.daisho.be\/de\/produit\/schlitten-antrieb\/","title":{"rendered":"SCHLITTEN ANTRIEB"},"content":{"rendered":"<p>Schlitten zur Bereitstellung einer zus\u00e4tzlichen Belastung w\u00e4hrend der Trainingseinheiten.<br \/>\nSie k\u00f6nnen ihn ziehen, schieben oder gleiten lassen, wobei das Gewicht beliebig ist.<br \/>\nMetallbasis mit Halterung zum Laden von Discs mit einem Durchmesser von 30 mm.<br \/>\nEnth\u00e4lt Gurte. Scheiben nicht enthalten.<br \/>\nMa\u00dfe: 38 x 54 cm.<\/p>\n<p>Schlittentraining ist eine vielseitige Fitnessmethode, bei der ein beschwerter Schlitten geschoben, gezogen oder geschleppt wird, um funktionelle Kraft, St\u00e4rke, Geschwindigkeit und Ausdauer zu entwickeln, w\u00e4hrend es aufgrund seiner konzentrischen Wirkung gelenkschonend ist.  <\/p>\n<p>Es spricht viele Muskelgruppen an (Beine, Ges\u00e4\u00df, Rumpf, R\u00fccken) und kann an alle Niveaus angepasst werden, vom Anf\u00e4nger bis zum fortgeschrittenen Athleten, indem das Gewicht und die Intensit\u00e4t angepasst werden, wodurch es ideal f\u00fcr sportliche Leistung und Fettabbau ist.<\/p>\n<p>Hauptvorteile<\/p>\n<p>Kraft und St\u00e4rke: Entwickelt eine grobe und funktionelle Kraft ohne \u00fcberm\u00e4\u00dfigen Volumenaufbau.<\/p>\n<p>Geschwindigkeit und Beweglichkeit: Verbessert die Beschleunigung und die F\u00e4higkeit, die Richtung zu \u00e4ndern.<\/p>\n<p>Herz-Kreislauf-Ausdauer: Verbrennt viele Kalorien und verbessert die Kondition.<\/p>\n<p>Geringe Auswirkung: Konzentriert sich eher auf konzentrische (Schub-\/Zugphase) als auf exzentrische Kontraktionen und reduziert Muskelkater und Gelenkschmerzen.<\/p>\n<p>Kraft des Rumpfes : St\u00e4rkt die Stabilit\u00e4t des K\u00f6rpers und die Haltung.  <\/p>\n","protected":false},"excerpt":{"rendered":"<p>Schlitten zur Bereitstellung einer zus\u00e4tzlichen Belastung w\u00e4hrend der Trainingseinheiten. Sie k\u00f6nnen ihn ziehen, schieben oder gleiten lassen, wobei das Gewicht beliebig ist. Metallbasis mit Halterung zum Laden von Discs mit einem Durchmesser von 30 mm. Enth\u00e4lt Gurte. Scheiben nicht enthalten. Ma\u00dfe: 38 x 54 cm. Schlittentraining ist eine vielseitige Fitnessmethode, bei der ein beschwerter Schlitten [&hellip;]<\/p>\n","protected":false},"featured_media":643068,"comment_status":"open","ping_status":"closed","template":"","meta":{"inline_featured_image":false},"product_brand":[],"product_cat":[2054],"product_tag":[2578],"sport":[],"class_list":{"0":"post-643080","1":"product","2":"type-product","3":"status-publish","4":"has-post-thumbnail","6":"product_cat-trainingsmaterial","7":"product_tag-softee","8":"pa_size-sans-taille-defaut","10":"first","11":"instock","12":"taxable","13":"shipping-taxable","14":"purchasable","15":"product-type-variable"},"yoast_head":"<!-- This site is optimized with the Yoast SEO plugin v27.2 - https:\/\/yoast.com\/product\/yoast-seo-wordpress\/ -->\n<title>SCHLITTEN ANTRIEB &#8211; Daisho<\/title>\n<meta name=\"robots\" content=\"index, follow, max-snippet:-1, max-image-preview:large, max-video-preview:-1\" \/>\n<link rel=\"canonical\" href=\"https:\/\/www.daisho.be\/de\/produit\/schlitten-antrieb\/\" \/>\n<meta property=\"og:locale\" content=\"de_DE\" \/>\n<meta property=\"og:type\" content=\"article\" \/>\n<meta property=\"og:title\" content=\"SCHLITTEN ANTRIEB &#8211; Daisho\" \/>\n<meta property=\"og:description\" content=\"Schlitten zur Bereitstellung einer zus\u00e4tzlichen Belastung w\u00e4hrend der Trainingseinheiten. Sie k\u00f6nnen ihn ziehen, schieben oder gleiten lassen, wobei das Gewicht beliebig ist. Metallbasis mit Halterung zum Laden von Discs mit einem Durchmesser von 30 mm. Enth\u00e4lt Gurte. Scheiben nicht enthalten. Ma\u00dfe: 38 x 54 cm. Schlittentraining ist eine vielseitige Fitnessmethode, bei der ein beschwerter Schlitten [&hellip;]\" \/>\n<meta property=\"og:url\" content=\"https:\/\/www.daisho.be\/de\/produit\/schlitten-antrieb\/\" \/>\n<meta property=\"og:site_name\" content=\"Daisho\" \/>\n<meta property=\"og:image\" content=\"https:\/\/www.daisho.be\/wp-content\/uploads\/2025\/12\/image-62.jpg\" \/>\n\t<meta property=\"og:image:width\" content=\"1920\" \/>\n\t<meta property=\"og:image:height\" content=\"1920\" \/>\n\t<meta property=\"og:image:type\" content=\"image\/jpeg\" \/>\n<meta name=\"twitter:card\" content=\"summary_large_image\" \/>\n<meta name=\"twitter:label1\" content=\"Gesch\u00e4tzte Lesezeit\" \/>\n\t<meta name=\"twitter:data1\" content=\"1\u00a0Minute\" \/>\n<script type=\"application\/ld+json\" class=\"yoast-schema-graph\">{\"@context\":\"https:\/\/schema.org\",\"@graph\":[{\"@type\":\"WebPage\",\"@id\":\"https:\/\/www.daisho.be\/de\/produit\/schlitten-antrieb\/\",\"url\":\"https:\/\/www.daisho.be\/de\/produit\/schlitten-antrieb\/\",\"name\":\"SCHLITTEN ANTRIEB &#8211; Daisho\",\"isPartOf\":{\"@id\":\"https:\/\/www.daisho.be\/de\/#website\"},\"primaryImageOfPage\":{\"@id\":\"https:\/\/www.daisho.be\/de\/produit\/schlitten-antrieb\/#primaryimage\"},\"image\":{\"@id\":\"https:\/\/www.daisho.be\/de\/produit\/schlitten-antrieb\/#primaryimage\"},\"thumbnailUrl\":\"https:\/\/www.daisho.be\/wp-content\/uploads\/2025\/12\/image-62.jpg\",\"datePublished\":\"2025-12-16T13:59:08+00:00\",\"breadcrumb\":{\"@id\":\"https:\/\/www.daisho.be\/de\/produit\/schlitten-antrieb\/#breadcrumb\"},\"inLanguage\":\"de\",\"potentialAction\":[{\"@type\":\"ReadAction\",\"target\":[\"https:\/\/www.daisho.be\/de\/produit\/schlitten-antrieb\/\"]}]},{\"@type\":\"ImageObject\",\"inLanguage\":\"de\",\"@id\":\"https:\/\/www.daisho.be\/de\/produit\/schlitten-antrieb\/#primaryimage\",\"url\":\"https:\/\/www.daisho.be\/wp-content\/uploads\/2025\/12\/image-62.jpg\",\"contentUrl\":\"https:\/\/www.daisho.be\/wp-content\/uploads\/2025\/12\/image-62.jpg\",\"width\":1920,\"height\":1920,\"caption\":\"SCHLITTEN ANTRIEB-1\"},{\"@type\":\"BreadcrumbList\",\"@id\":\"https:\/\/www.daisho.be\/de\/produit\/schlitten-antrieb\/#breadcrumb\",\"itemListElement\":[{\"@type\":\"ListItem\",\"position\":1,\"name\":\"Accueil\",\"item\":\"https:\/\/www.daisho.be\/de\/\"},{\"@type\":\"ListItem\",\"position\":2,\"name\":\"Produkte\",\"item\":\"https:\/\/www.daisho.be\/de\/produkte\/\"},{\"@type\":\"ListItem\",\"position\":3,\"name\":\"Kampfsportarten\",\"item\":\"https:\/\/www.daisho.be\/de\/categorie-produit\/kampfsportarten\/\"},{\"@type\":\"ListItem\",\"position\":4,\"name\":\"Trainingsmaterial\",\"item\":\"https:\/\/www.daisho.be\/de\/categorie-produit\/kampfsportarten\/trainingsmaterial\/\"},{\"@type\":\"ListItem\",\"position\":5,\"name\":\"SCHLITTEN ANTRIEB\"}]},{\"@type\":\"WebSite\",\"@id\":\"https:\/\/www.daisho.be\/de\/#website\",\"url\":\"https:\/\/www.daisho.be\/de\/\",\"name\":\"Daisho\",\"description\":\"Sp&eacute;cialiste de l'&eacute;quipement sportif d'arts martiaux\",\"publisher\":{\"@id\":\"https:\/\/www.daisho.be\/de\/#organization\"},\"potentialAction\":[{\"@type\":\"SearchAction\",\"target\":{\"@type\":\"EntryPoint\",\"urlTemplate\":\"https:\/\/www.daisho.be\/de\/?s={search_term_string}\"},\"query-input\":{\"@type\":\"PropertyValueSpecification\",\"valueRequired\":true,\"valueName\":\"search_term_string\"}}],\"inLanguage\":\"de\"},{\"@type\":\"Organization\",\"@id\":\"https:\/\/www.daisho.be\/de\/#organization\",\"name\":\"Daisho\",\"url\":\"https:\/\/www.daisho.be\/de\/\",\"logo\":{\"@type\":\"ImageObject\",\"inLanguage\":\"de\",\"@id\":\"https:\/\/www.daisho.be\/de\/#\/schema\/logo\/image\/\",\"url\":\"https:\/\/www.daisho.be\/wp-content\/uploads\/2019\/07\/color-nothing-horizontale4x-e1564486100247.png\",\"contentUrl\":\"https:\/\/www.daisho.be\/wp-content\/uploads\/2019\/07\/color-nothing-horizontale4x-e1564486100247.png\",\"width\":1547,\"height\":385,\"caption\":\"Daisho\"},\"image\":{\"@id\":\"https:\/\/www.daisho.be\/de\/#\/schema\/logo\/image\/\"}}]}<\/script>\n<!-- \/ Yoast SEO plugin. -->","yoast_head_json":{"title":"SCHLITTEN ANTRIEB &#8211; Daisho","robots":{"index":"index","follow":"follow","max-snippet":"max-snippet:-1","max-image-preview":"max-image-preview:large","max-video-preview":"max-video-preview:-1"},"canonical":"https:\/\/www.daisho.be\/de\/produit\/schlitten-antrieb\/","og_locale":"de_DE","og_type":"article","og_title":"SCHLITTEN ANTRIEB &#8211; Daisho","og_description":"Schlitten zur Bereitstellung einer zus\u00e4tzlichen Belastung w\u00e4hrend der Trainingseinheiten. Sie k\u00f6nnen ihn ziehen, schieben oder gleiten lassen, wobei das Gewicht beliebig ist. Metallbasis mit Halterung zum Laden von Discs mit einem Durchmesser von 30 mm. Enth\u00e4lt Gurte. Scheiben nicht enthalten. Ma\u00dfe: 38 x 54 cm. Schlittentraining ist eine vielseitige Fitnessmethode, bei der ein beschwerter Schlitten [&hellip;]","og_url":"https:\/\/www.daisho.be\/de\/produit\/schlitten-antrieb\/","og_site_name":"Daisho","og_image":[{"width":1920,"height":1920,"url":"https:\/\/www.daisho.be\/wp-content\/uploads\/2025\/12\/image-62.jpg","type":"image\/jpeg"}],"twitter_card":"summary_large_image","twitter_misc":{"Gesch\u00e4tzte Lesezeit":"1\u00a0Minute"},"schema":{"@context":"https:\/\/schema.org","@graph":[{"@type":"WebPage","@id":"https:\/\/www.daisho.be\/de\/produit\/schlitten-antrieb\/","url":"https:\/\/www.daisho.be\/de\/produit\/schlitten-antrieb\/","name":"SCHLITTEN ANTRIEB &#8211; Daisho","isPartOf":{"@id":"https:\/\/www.daisho.be\/de\/#website"},"primaryImageOfPage":{"@id":"https:\/\/www.daisho.be\/de\/produit\/schlitten-antrieb\/#primaryimage"},"image":{"@id":"https:\/\/www.daisho.be\/de\/produit\/schlitten-antrieb\/#primaryimage"},"thumbnailUrl":"https:\/\/www.daisho.be\/wp-content\/uploads\/2025\/12\/image-62.jpg","datePublished":"2025-12-16T13:59:08+00:00","breadcrumb":{"@id":"https:\/\/www.daisho.be\/de\/produit\/schlitten-antrieb\/#breadcrumb"},"inLanguage":"de","potentialAction":[{"@type":"ReadAction","target":["https:\/\/www.daisho.be\/de\/produit\/schlitten-antrieb\/"]}]},{"@type":"ImageObject","inLanguage":"de","@id":"https:\/\/www.daisho.be\/de\/produit\/schlitten-antrieb\/#primaryimage","url":"https:\/\/www.daisho.be\/wp-content\/uploads\/2025\/12\/image-62.jpg","contentUrl":"https:\/\/www.daisho.be\/wp-content\/uploads\/2025\/12\/image-62.jpg","width":1920,"height":1920,"caption":"SCHLITTEN ANTRIEB-1"},{"@type":"BreadcrumbList","@id":"https:\/\/www.daisho.be\/de\/produit\/schlitten-antrieb\/#breadcrumb","itemListElement":[{"@type":"ListItem","position":1,"name":"Accueil","item":"https:\/\/www.daisho.be\/de\/"},{"@type":"ListItem","position":2,"name":"Produkte","item":"https:\/\/www.daisho.be\/de\/produkte\/"},{"@type":"ListItem","position":3,"name":"Kampfsportarten","item":"https:\/\/www.daisho.be\/de\/categorie-produit\/kampfsportarten\/"},{"@type":"ListItem","position":4,"name":"Trainingsmaterial","item":"https:\/\/www.daisho.be\/de\/categorie-produit\/kampfsportarten\/trainingsmaterial\/"},{"@type":"ListItem","position":5,"name":"SCHLITTEN ANTRIEB"}]},{"@type":"WebSite","@id":"https:\/\/www.daisho.be\/de\/#website","url":"https:\/\/www.daisho.be\/de\/","name":"Daisho","description":"Sp&eacute;cialiste de l'&eacute;quipement sportif d'arts martiaux","publisher":{"@id":"https:\/\/www.daisho.be\/de\/#organization"},"potentialAction":[{"@type":"SearchAction","target":{"@type":"EntryPoint","urlTemplate":"https:\/\/www.daisho.be\/de\/?s={search_term_string}"},"query-input":{"@type":"PropertyValueSpecification","valueRequired":true,"valueName":"search_term_string"}}],"inLanguage":"de"},{"@type":"Organization","@id":"https:\/\/www.daisho.be\/de\/#organization","name":"Daisho","url":"https:\/\/www.daisho.be\/de\/","logo":{"@type":"ImageObject","inLanguage":"de","@id":"https:\/\/www.daisho.be\/de\/#\/schema\/logo\/image\/","url":"https:\/\/www.daisho.be\/wp-content\/uploads\/2019\/07\/color-nothing-horizontale4x-e1564486100247.png","contentUrl":"https:\/\/www.daisho.be\/wp-content\/uploads\/2019\/07\/color-nothing-horizontale4x-e1564486100247.png","width":1547,"height":385,"caption":"Daisho"},"image":{"@id":"https:\/\/www.daisho.be\/de\/#\/schema\/logo\/image\/"}}]}},"_links":{"self":[{"href":"https:\/\/www.daisho.be\/de\/wp-json\/wp\/v2\/product\/643080","targetHints":{"allow":["GET"]}}],"collection":[{"href":"https:\/\/www.daisho.be\/de\/wp-json\/wp\/v2\/product"}],"about":[{"href":"https:\/\/www.daisho.be\/de\/wp-json\/wp\/v2\/types\/product"}],"replies":[{"embeddable":true,"href":"https:\/\/www.daisho.be\/de\/wp-json\/wp\/v2\/comments?post=643080"}],"wp:featuredmedia":[{"embeddable":true,"href":"https:\/\/www.daisho.be\/de\/wp-json\/wp\/v2\/media\/643068"}],"wp:attachment":[{"href":"https:\/\/www.daisho.be\/de\/wp-json\/wp\/v2\/media?parent=643080"}],"wp:term":[{"taxonomy":"product_brand","embeddable":true,"href":"https:\/\/www.daisho.be\/de\/wp-json\/wp\/v2\/product_brand?post=643080"},{"taxonomy":"product_cat","embeddable":true,"href":"https:\/\/www.daisho.be\/de\/wp-json\/wp\/v2\/product_cat?post=643080"},{"taxonomy":"product_tag","embeddable":true,"href":"https:\/\/www.daisho.be\/de\/wp-json\/wp\/v2\/product_tag?post=643080"},{"taxonomy":"sport","embeddable":true,"href":"https:\/\/www.daisho.be\/de\/wp-json\/wp\/v2\/sport?post=643080"}],"curies":[{"name":"wp","href":"https:\/\/api.w.org\/{rel}","templated":true}]}}