{"id":643056,"date":"2025-12-16T14:40:31","date_gmt":"2025-12-16T13:40:31","guid":{"rendered":"https:\/\/www.daisho.be\/produit\/metallstaender-fuer-reifen-und-seile\/"},"modified":"2025-12-16T14:40:31","modified_gmt":"2025-12-16T13:40:31","slug":"metallstaender-fuer-reifen-und-seile","status":"publish","type":"product","link":"https:\/\/www.daisho.be\/de\/produit\/metallstaender-fuer-reifen-und-seile\/","title":{"rendered":"METALLST\u00c4NDER F\u00dcR REIFEN UND SEILE"},"content":{"rendered":"<p>Metallstruktur zur Befestigung an der Wand.<br \/>\nIdeal f\u00fcr die Aufbewahrung von Seilen, Reifen&#8230;<br \/>\nSchutzstopp am Ende der Stangen. <\/p>\n<p>Material: Metall. <\/p>\n<p>Abmessungen:<br \/>\nStange: 25,5 cm<br \/>\nDurchmesser: 2,5 cm.<br \/>\nNutzung: Gemeinschaftlich.<br \/>\nSport: Multisport.<\/p>\n","protected":false},"excerpt":{"rendered":"<p>Metallstruktur zur Befestigung an der Wand. Ideal f\u00fcr die Aufbewahrung von Seilen, Reifen&#8230; Schutzstopp am Ende der Stangen. Material: Metall. Abmessungen: Stange: 25,5 cm Durchmesser: 2,5 cm. Nutzung: Gemeinschaftlich. Sport: Multisport.<\/p>\n","protected":false},"featured_media":643030,"comment_status":"open","ping_status":"closed","template":"","meta":{"inline_featured_image":false},"product_brand":[],"product_cat":[2054],"product_tag":[2578],"sport":[],"class_list":{"0":"post-643056","1":"product","2":"type-product","3":"status-publish","4":"has-post-thumbnail","6":"product_cat-trainingsmaterial","7":"product_tag-softee","8":"pa_size-sans-taille-defaut","10":"first","11":"instock","12":"taxable","13":"shipping-taxable","14":"purchasable","15":"product-type-variable"},"yoast_head":"<!-- This site is optimized with the Yoast SEO plugin v27.2 - https:\/\/yoast.com\/product\/yoast-seo-wordpress\/ -->\n<title>METALLST\u00c4NDER F\u00dcR REIFEN UND SEILE &#8211; Daisho<\/title>\n<meta name=\"robots\" content=\"index, follow, max-snippet:-1, max-image-preview:large, max-video-preview:-1\" \/>\n<link rel=\"canonical\" href=\"https:\/\/www.daisho.be\/de\/produit\/metallstaender-fuer-reifen-und-seile\/\" \/>\n<meta property=\"og:locale\" content=\"de_DE\" \/>\n<meta property=\"og:type\" content=\"article\" \/>\n<meta property=\"og:title\" content=\"METALLST\u00c4NDER F\u00dcR REIFEN UND SEILE &#8211; Daisho\" \/>\n<meta property=\"og:description\" content=\"Metallstruktur zur Befestigung an der Wand. Ideal f\u00fcr die Aufbewahrung von Seilen, Reifen&#8230; Schutzstopp am Ende der Stangen. Material: Metall. Abmessungen: Stange: 25,5 cm Durchmesser: 2,5 cm. Nutzung: Gemeinschaftlich. Sport: Multisport.\" \/>\n<meta property=\"og:url\" content=\"https:\/\/www.daisho.be\/de\/produit\/metallstaender-fuer-reifen-und-seile\/\" \/>\n<meta property=\"og:site_name\" content=\"Daisho\" \/>\n<meta property=\"og:image\" content=\"https:\/\/www.daisho.be\/wp-content\/uploads\/2025\/12\/image-1.png\" \/>\n\t<meta property=\"og:image:width\" content=\"258\" \/>\n\t<meta property=\"og:image:height\" content=\"167\" \/>\n\t<meta property=\"og:image:type\" content=\"image\/png\" \/>\n<meta name=\"twitter:card\" content=\"summary_large_image\" \/>\n<script type=\"application\/ld+json\" class=\"yoast-schema-graph\">{\"@context\":\"https:\/\/schema.org\",\"@graph\":[{\"@type\":\"WebPage\",\"@id\":\"https:\/\/www.daisho.be\/de\/produit\/metallstaender-fuer-reifen-und-seile\/\",\"url\":\"https:\/\/www.daisho.be\/de\/produit\/metallstaender-fuer-reifen-und-seile\/\",\"name\":\"METALLST\u00c4NDER F\u00dcR REIFEN UND SEILE &#8211; Daisho\",\"isPartOf\":{\"@id\":\"https:\/\/www.daisho.be\/de\/#website\"},\"primaryImageOfPage\":{\"@id\":\"https:\/\/www.daisho.be\/de\/produit\/metallstaender-fuer-reifen-und-seile\/#primaryimage\"},\"image\":{\"@id\":\"https:\/\/www.daisho.be\/de\/produit\/metallstaender-fuer-reifen-und-seile\/#primaryimage\"},\"thumbnailUrl\":\"https:\/\/www.daisho.be\/wp-content\/uploads\/2025\/12\/image-1.png\",\"datePublished\":\"2025-12-16T13:40:31+00:00\",\"breadcrumb\":{\"@id\":\"https:\/\/www.daisho.be\/de\/produit\/metallstaender-fuer-reifen-und-seile\/#breadcrumb\"},\"inLanguage\":\"de\",\"potentialAction\":[{\"@type\":\"ReadAction\",\"target\":[\"https:\/\/www.daisho.be\/de\/produit\/metallstaender-fuer-reifen-und-seile\/\"]}]},{\"@type\":\"ImageObject\",\"inLanguage\":\"de\",\"@id\":\"https:\/\/www.daisho.be\/de\/produit\/metallstaender-fuer-reifen-und-seile\/#primaryimage\",\"url\":\"https:\/\/www.daisho.be\/wp-content\/uploads\/2025\/12\/image-1.png\",\"contentUrl\":\"https:\/\/www.daisho.be\/wp-content\/uploads\/2025\/12\/image-1.png\",\"width\":258,\"height\":167,\"caption\":\"METALLST\u00c4NDER F\u00dcR REIFEN UND SEILE-1\"},{\"@type\":\"BreadcrumbList\",\"@id\":\"https:\/\/www.daisho.be\/de\/produit\/metallstaender-fuer-reifen-und-seile\/#breadcrumb\",\"itemListElement\":[{\"@type\":\"ListItem\",\"position\":1,\"name\":\"Accueil\",\"item\":\"https:\/\/www.daisho.be\/de\/\"},{\"@type\":\"ListItem\",\"position\":2,\"name\":\"Produkte\",\"item\":\"https:\/\/www.daisho.be\/de\/produkte\/\"},{\"@type\":\"ListItem\",\"position\":3,\"name\":\"Kampfsportarten\",\"item\":\"https:\/\/www.daisho.be\/de\/categorie-produit\/kampfsportarten\/\"},{\"@type\":\"ListItem\",\"position\":4,\"name\":\"Trainingsmaterial\",\"item\":\"https:\/\/www.daisho.be\/de\/categorie-produit\/kampfsportarten\/trainingsmaterial\/\"},{\"@type\":\"ListItem\",\"position\":5,\"name\":\"METALLST\u00c4NDER F\u00dcR REIFEN UND SEILE\"}]},{\"@type\":\"WebSite\",\"@id\":\"https:\/\/www.daisho.be\/de\/#website\",\"url\":\"https:\/\/www.daisho.be\/de\/\",\"name\":\"Daisho\",\"description\":\"Sp&eacute;cialiste de l'&eacute;quipement sportif d'arts martiaux\",\"publisher\":{\"@id\":\"https:\/\/www.daisho.be\/de\/#organization\"},\"potentialAction\":[{\"@type\":\"SearchAction\",\"target\":{\"@type\":\"EntryPoint\",\"urlTemplate\":\"https:\/\/www.daisho.be\/de\/?s={search_term_string}\"},\"query-input\":{\"@type\":\"PropertyValueSpecification\",\"valueRequired\":true,\"valueName\":\"search_term_string\"}}],\"inLanguage\":\"de\"},{\"@type\":\"Organization\",\"@id\":\"https:\/\/www.daisho.be\/de\/#organization\",\"name\":\"Daisho\",\"url\":\"https:\/\/www.daisho.be\/de\/\",\"logo\":{\"@type\":\"ImageObject\",\"inLanguage\":\"de\",\"@id\":\"https:\/\/www.daisho.be\/de\/#\/schema\/logo\/image\/\",\"url\":\"https:\/\/www.daisho.be\/wp-content\/uploads\/2019\/07\/color-nothing-horizontale4x-e1564486100247.png\",\"contentUrl\":\"https:\/\/www.daisho.be\/wp-content\/uploads\/2019\/07\/color-nothing-horizontale4x-e1564486100247.png\",\"width\":1547,\"height\":385,\"caption\":\"Daisho\"},\"image\":{\"@id\":\"https:\/\/www.daisho.be\/de\/#\/schema\/logo\/image\/\"}}]}<\/script>\n<!-- \/ Yoast SEO plugin. -->","yoast_head_json":{"title":"METALLST\u00c4NDER F\u00dcR REIFEN UND SEILE &#8211; Daisho","robots":{"index":"index","follow":"follow","max-snippet":"max-snippet:-1","max-image-preview":"max-image-preview:large","max-video-preview":"max-video-preview:-1"},"canonical":"https:\/\/www.daisho.be\/de\/produit\/metallstaender-fuer-reifen-und-seile\/","og_locale":"de_DE","og_type":"article","og_title":"METALLST\u00c4NDER F\u00dcR REIFEN UND SEILE &#8211; Daisho","og_description":"Metallstruktur zur Befestigung an der Wand. Ideal f\u00fcr die Aufbewahrung von Seilen, Reifen&#8230; Schutzstopp am Ende der Stangen. Material: Metall. Abmessungen: Stange: 25,5 cm Durchmesser: 2,5 cm. Nutzung: Gemeinschaftlich. Sport: Multisport.","og_url":"https:\/\/www.daisho.be\/de\/produit\/metallstaender-fuer-reifen-und-seile\/","og_site_name":"Daisho","og_image":[{"width":258,"height":167,"url":"https:\/\/www.daisho.be\/wp-content\/uploads\/2025\/12\/image-1.png","type":"image\/png"}],"twitter_card":"summary_large_image","schema":{"@context":"https:\/\/schema.org","@graph":[{"@type":"WebPage","@id":"https:\/\/www.daisho.be\/de\/produit\/metallstaender-fuer-reifen-und-seile\/","url":"https:\/\/www.daisho.be\/de\/produit\/metallstaender-fuer-reifen-und-seile\/","name":"METALLST\u00c4NDER F\u00dcR REIFEN UND SEILE &#8211; Daisho","isPartOf":{"@id":"https:\/\/www.daisho.be\/de\/#website"},"primaryImageOfPage":{"@id":"https:\/\/www.daisho.be\/de\/produit\/metallstaender-fuer-reifen-und-seile\/#primaryimage"},"image":{"@id":"https:\/\/www.daisho.be\/de\/produit\/metallstaender-fuer-reifen-und-seile\/#primaryimage"},"thumbnailUrl":"https:\/\/www.daisho.be\/wp-content\/uploads\/2025\/12\/image-1.png","datePublished":"2025-12-16T13:40:31+00:00","breadcrumb":{"@id":"https:\/\/www.daisho.be\/de\/produit\/metallstaender-fuer-reifen-und-seile\/#breadcrumb"},"inLanguage":"de","potentialAction":[{"@type":"ReadAction","target":["https:\/\/www.daisho.be\/de\/produit\/metallstaender-fuer-reifen-und-seile\/"]}]},{"@type":"ImageObject","inLanguage":"de","@id":"https:\/\/www.daisho.be\/de\/produit\/metallstaender-fuer-reifen-und-seile\/#primaryimage","url":"https:\/\/www.daisho.be\/wp-content\/uploads\/2025\/12\/image-1.png","contentUrl":"https:\/\/www.daisho.be\/wp-content\/uploads\/2025\/12\/image-1.png","width":258,"height":167,"caption":"METALLST\u00c4NDER F\u00dcR REIFEN UND SEILE-1"},{"@type":"BreadcrumbList","@id":"https:\/\/www.daisho.be\/de\/produit\/metallstaender-fuer-reifen-und-seile\/#breadcrumb","itemListElement":[{"@type":"ListItem","position":1,"name":"Accueil","item":"https:\/\/www.daisho.be\/de\/"},{"@type":"ListItem","position":2,"name":"Produkte","item":"https:\/\/www.daisho.be\/de\/produkte\/"},{"@type":"ListItem","position":3,"name":"Kampfsportarten","item":"https:\/\/www.daisho.be\/de\/categorie-produit\/kampfsportarten\/"},{"@type":"ListItem","position":4,"name":"Trainingsmaterial","item":"https:\/\/www.daisho.be\/de\/categorie-produit\/kampfsportarten\/trainingsmaterial\/"},{"@type":"ListItem","position":5,"name":"METALLST\u00c4NDER F\u00dcR REIFEN UND SEILE"}]},{"@type":"WebSite","@id":"https:\/\/www.daisho.be\/de\/#website","url":"https:\/\/www.daisho.be\/de\/","name":"Daisho","description":"Sp&eacute;cialiste de l'&eacute;quipement sportif d'arts martiaux","publisher":{"@id":"https:\/\/www.daisho.be\/de\/#organization"},"potentialAction":[{"@type":"SearchAction","target":{"@type":"EntryPoint","urlTemplate":"https:\/\/www.daisho.be\/de\/?s={search_term_string}"},"query-input":{"@type":"PropertyValueSpecification","valueRequired":true,"valueName":"search_term_string"}}],"inLanguage":"de"},{"@type":"Organization","@id":"https:\/\/www.daisho.be\/de\/#organization","name":"Daisho","url":"https:\/\/www.daisho.be\/de\/","logo":{"@type":"ImageObject","inLanguage":"de","@id":"https:\/\/www.daisho.be\/de\/#\/schema\/logo\/image\/","url":"https:\/\/www.daisho.be\/wp-content\/uploads\/2019\/07\/color-nothing-horizontale4x-e1564486100247.png","contentUrl":"https:\/\/www.daisho.be\/wp-content\/uploads\/2019\/07\/color-nothing-horizontale4x-e1564486100247.png","width":1547,"height":385,"caption":"Daisho"},"image":{"@id":"https:\/\/www.daisho.be\/de\/#\/schema\/logo\/image\/"}}]}},"_links":{"self":[{"href":"https:\/\/www.daisho.be\/de\/wp-json\/wp\/v2\/product\/643056","targetHints":{"allow":["GET"]}}],"collection":[{"href":"https:\/\/www.daisho.be\/de\/wp-json\/wp\/v2\/product"}],"about":[{"href":"https:\/\/www.daisho.be\/de\/wp-json\/wp\/v2\/types\/product"}],"replies":[{"embeddable":true,"href":"https:\/\/www.daisho.be\/de\/wp-json\/wp\/v2\/comments?post=643056"}],"wp:featuredmedia":[{"embeddable":true,"href":"https:\/\/www.daisho.be\/de\/wp-json\/wp\/v2\/media\/643030"}],"wp:attachment":[{"href":"https:\/\/www.daisho.be\/de\/wp-json\/wp\/v2\/media?parent=643056"}],"wp:term":[{"taxonomy":"product_brand","embeddable":true,"href":"https:\/\/www.daisho.be\/de\/wp-json\/wp\/v2\/product_brand?post=643056"},{"taxonomy":"product_cat","embeddable":true,"href":"https:\/\/www.daisho.be\/de\/wp-json\/wp\/v2\/product_cat?post=643056"},{"taxonomy":"product_tag","embeddable":true,"href":"https:\/\/www.daisho.be\/de\/wp-json\/wp\/v2\/product_tag?post=643056"},{"taxonomy":"sport","embeddable":true,"href":"https:\/\/www.daisho.be\/de\/wp-json\/wp\/v2\/sport?post=643056"}],"curies":[{"name":"wp","href":"https:\/\/api.w.org\/{rel}","templated":true}]}}