{"id":642981,"date":"2025-12-16T14:22:20","date_gmt":"2025-12-16T13:22:20","guid":{"rendered":"https:\/\/www.daisho.be\/produit\/ellenbogenstuetze-neopren-cv\/"},"modified":"2025-12-16T14:22:20","modified_gmt":"2025-12-16T13:22:20","slug":"ellenbogenstuetze-neopren-cv","status":"publish","type":"product","link":"https:\/\/www.daisho.be\/de\/produit\/ellenbogenstuetze-neopren-cv\/","title":{"rendered":"ELLENBOGENST\u00dcTZE NEOPREN CV"},"content":{"rendered":"<p>Die Carvic Protektoren sind aus hochwertigem Neopren gefertigt, das auf beiden Seiten mit dehnbarem Nylon \u00fcberzogen ist, um den Komfort zu erh\u00f6hen.<br \/>\nNeopren ist das ultimative Material f\u00fcr Kompression und W\u00e4rmespeicherung, das zur Verbesserung der Blutzirkulation beitr\u00e4gt.<br \/>\nDiese Kombination erm\u00f6glicht eine therapeutische Behandlung von Muskel- und Gelenkschmerzen oder Verletzungen.<br \/>\nBietet zus\u00e4tzlichen Schutz f\u00fcr die Handgelenke.<br \/>\nEntfernen Sie die Metallplatte im Laufe des Heilungsprozesses.<br \/>\nReduziert das Risiko m\u00f6glicher Verletzungen.<br \/>\nBietet eine bequeme Kompression f\u00fcr \u00fcberlastete Handgelenke.<br \/>\nGr\u00f6\u00dfe: Messung des Umfangs des linken oder rechten Handgelenks.<br \/>\nM: 16,5 &#8211; 18,7 cm,<br \/>\nL: 19 &#8211; 21,3 cm,<br \/>\nXL: 21,6 &#8211; 23,8 cm.<\/p>\n","protected":false},"excerpt":{"rendered":"<p>Die Carvic Protektoren sind aus hochwertigem Neopren gefertigt, das auf beiden Seiten mit dehnbarem Nylon \u00fcberzogen ist, um den Komfort zu erh\u00f6hen. Neopren ist das ultimative Material f\u00fcr Kompression und W\u00e4rmespeicherung, das zur Verbesserung der Blutzirkulation beitr\u00e4gt. Diese Kombination erm\u00f6glicht eine therapeutische Behandlung von Muskel- und Gelenkschmerzen oder Verletzungen. Bietet zus\u00e4tzlichen Schutz f\u00fcr die Handgelenke. [&hellip;]<\/p>\n","protected":false},"featured_media":642955,"comment_status":"open","ping_status":"closed","template":"","meta":{"inline_featured_image":false},"product_brand":[],"product_cat":[2169,2078],"product_tag":[2578],"sport":[],"class_list":{"0":"post-642981","1":"product","2":"type-product","3":"status-publish","4":"has-post-thumbnail","6":"product_cat-pflege","7":"product_cat-streifen-tapes","8":"product_tag-softee","9":"pa_size-l","10":"pa_size-m","11":"pa_size-xl","13":"first","14":"instock","15":"taxable","16":"shipping-taxable","17":"purchasable","18":"product-type-variable"},"yoast_head":"<!-- This site is optimized with the Yoast SEO plugin v27.2 - https:\/\/yoast.com\/product\/yoast-seo-wordpress\/ -->\n<title>ELLENBOGENST\u00dcTZE NEOPREN CV &#8211; Daisho<\/title>\n<meta name=\"robots\" content=\"index, follow, max-snippet:-1, max-image-preview:large, max-video-preview:-1\" \/>\n<link rel=\"canonical\" href=\"https:\/\/www.daisho.be\/de\/produit\/ellenbogenstuetze-neopren-cv\/\" \/>\n<meta property=\"og:locale\" content=\"de_DE\" \/>\n<meta property=\"og:type\" content=\"article\" \/>\n<meta property=\"og:title\" content=\"ELLENBOGENST\u00dcTZE NEOPREN CV &#8211; Daisho\" \/>\n<meta property=\"og:description\" content=\"Die Carvic Protektoren sind aus hochwertigem Neopren gefertigt, das auf beiden Seiten mit dehnbarem Nylon \u00fcberzogen ist, um den Komfort zu erh\u00f6hen. Neopren ist das ultimative Material f\u00fcr Kompression und W\u00e4rmespeicherung, das zur Verbesserung der Blutzirkulation beitr\u00e4gt. Diese Kombination erm\u00f6glicht eine therapeutische Behandlung von Muskel- und Gelenkschmerzen oder Verletzungen. Bietet zus\u00e4tzlichen Schutz f\u00fcr die Handgelenke. [&hellip;]\" \/>\n<meta property=\"og:url\" content=\"https:\/\/www.daisho.be\/de\/produit\/ellenbogenstuetze-neopren-cv\/\" \/>\n<meta property=\"og:site_name\" content=\"Daisho\" \/>\n<meta property=\"og:image\" content=\"https:\/\/www.daisho.be\/wp-content\/uploads\/2025\/12\/image-58.jpg\" \/>\n\t<meta property=\"og:image:width\" content=\"1920\" \/>\n\t<meta property=\"og:image:height\" content=\"1920\" \/>\n\t<meta property=\"og:image:type\" content=\"image\/jpeg\" \/>\n<meta name=\"twitter:card\" content=\"summary_large_image\" \/>\n<meta name=\"twitter:label1\" content=\"Gesch\u00e4tzte Lesezeit\" \/>\n\t<meta name=\"twitter:data1\" content=\"1\u00a0Minute\" \/>\n<script type=\"application\/ld+json\" class=\"yoast-schema-graph\">{\"@context\":\"https:\/\/schema.org\",\"@graph\":[{\"@type\":\"WebPage\",\"@id\":\"https:\/\/www.daisho.be\/de\/produit\/ellenbogenstuetze-neopren-cv\/\",\"url\":\"https:\/\/www.daisho.be\/de\/produit\/ellenbogenstuetze-neopren-cv\/\",\"name\":\"ELLENBOGENST\u00dcTZE NEOPREN CV &#8211; Daisho\",\"isPartOf\":{\"@id\":\"https:\/\/www.daisho.be\/de\/#website\"},\"primaryImageOfPage\":{\"@id\":\"https:\/\/www.daisho.be\/de\/produit\/ellenbogenstuetze-neopren-cv\/#primaryimage\"},\"image\":{\"@id\":\"https:\/\/www.daisho.be\/de\/produit\/ellenbogenstuetze-neopren-cv\/#primaryimage\"},\"thumbnailUrl\":\"https:\/\/www.daisho.be\/wp-content\/uploads\/2025\/12\/image-58.jpg\",\"datePublished\":\"2025-12-16T13:22:20+00:00\",\"breadcrumb\":{\"@id\":\"https:\/\/www.daisho.be\/de\/produit\/ellenbogenstuetze-neopren-cv\/#breadcrumb\"},\"inLanguage\":\"de\",\"potentialAction\":[{\"@type\":\"ReadAction\",\"target\":[\"https:\/\/www.daisho.be\/de\/produit\/ellenbogenstuetze-neopren-cv\/\"]}]},{\"@type\":\"ImageObject\",\"inLanguage\":\"de\",\"@id\":\"https:\/\/www.daisho.be\/de\/produit\/ellenbogenstuetze-neopren-cv\/#primaryimage\",\"url\":\"https:\/\/www.daisho.be\/wp-content\/uploads\/2025\/12\/image-58.jpg\",\"contentUrl\":\"https:\/\/www.daisho.be\/wp-content\/uploads\/2025\/12\/image-58.jpg\",\"width\":1920,\"height\":1920,\"caption\":\"COUDI\u00c8RE NEOPRENE CV-1\"},{\"@type\":\"BreadcrumbList\",\"@id\":\"https:\/\/www.daisho.be\/de\/produit\/ellenbogenstuetze-neopren-cv\/#breadcrumb\",\"itemListElement\":[{\"@type\":\"ListItem\",\"position\":1,\"name\":\"Accueil\",\"item\":\"https:\/\/www.daisho.be\/de\/\"},{\"@type\":\"ListItem\",\"position\":2,\"name\":\"Produkte\",\"item\":\"https:\/\/www.daisho.be\/de\/produkte\/\"},{\"@type\":\"ListItem\",\"position\":3,\"name\":\"Kampfsportarten\",\"item\":\"https:\/\/www.daisho.be\/de\/categorie-produit\/kampfsportarten\/\"},{\"@type\":\"ListItem\",\"position\":4,\"name\":\"Pflege\",\"item\":\"https:\/\/www.daisho.be\/de\/categorie-produit\/kampfsportarten\/pflege\/\"},{\"@type\":\"ListItem\",\"position\":5,\"name\":\"ELLENBOGENST\u00dcTZE NEOPREN CV\"}]},{\"@type\":\"WebSite\",\"@id\":\"https:\/\/www.daisho.be\/de\/#website\",\"url\":\"https:\/\/www.daisho.be\/de\/\",\"name\":\"Daisho\",\"description\":\"Sp&eacute;cialiste de l'&eacute;quipement sportif d'arts martiaux\",\"publisher\":{\"@id\":\"https:\/\/www.daisho.be\/de\/#organization\"},\"potentialAction\":[{\"@type\":\"SearchAction\",\"target\":{\"@type\":\"EntryPoint\",\"urlTemplate\":\"https:\/\/www.daisho.be\/de\/?s={search_term_string}\"},\"query-input\":{\"@type\":\"PropertyValueSpecification\",\"valueRequired\":true,\"valueName\":\"search_term_string\"}}],\"inLanguage\":\"de\"},{\"@type\":\"Organization\",\"@id\":\"https:\/\/www.daisho.be\/de\/#organization\",\"name\":\"Daisho\",\"url\":\"https:\/\/www.daisho.be\/de\/\",\"logo\":{\"@type\":\"ImageObject\",\"inLanguage\":\"de\",\"@id\":\"https:\/\/www.daisho.be\/de\/#\/schema\/logo\/image\/\",\"url\":\"https:\/\/www.daisho.be\/wp-content\/uploads\/2019\/07\/color-nothing-horizontale4x-e1564486100247.png\",\"contentUrl\":\"https:\/\/www.daisho.be\/wp-content\/uploads\/2019\/07\/color-nothing-horizontale4x-e1564486100247.png\",\"width\":1547,\"height\":385,\"caption\":\"Daisho\"},\"image\":{\"@id\":\"https:\/\/www.daisho.be\/de\/#\/schema\/logo\/image\/\"}}]}<\/script>\n<!-- \/ Yoast SEO plugin. -->","yoast_head_json":{"title":"ELLENBOGENST\u00dcTZE NEOPREN CV &#8211; Daisho","robots":{"index":"index","follow":"follow","max-snippet":"max-snippet:-1","max-image-preview":"max-image-preview:large","max-video-preview":"max-video-preview:-1"},"canonical":"https:\/\/www.daisho.be\/de\/produit\/ellenbogenstuetze-neopren-cv\/","og_locale":"de_DE","og_type":"article","og_title":"ELLENBOGENST\u00dcTZE NEOPREN CV &#8211; Daisho","og_description":"Die Carvic Protektoren sind aus hochwertigem Neopren gefertigt, das auf beiden Seiten mit dehnbarem Nylon \u00fcberzogen ist, um den Komfort zu erh\u00f6hen. Neopren ist das ultimative Material f\u00fcr Kompression und W\u00e4rmespeicherung, das zur Verbesserung der Blutzirkulation beitr\u00e4gt. Diese Kombination erm\u00f6glicht eine therapeutische Behandlung von Muskel- und Gelenkschmerzen oder Verletzungen. Bietet zus\u00e4tzlichen Schutz f\u00fcr die Handgelenke. [&hellip;]","og_url":"https:\/\/www.daisho.be\/de\/produit\/ellenbogenstuetze-neopren-cv\/","og_site_name":"Daisho","og_image":[{"width":1920,"height":1920,"url":"https:\/\/www.daisho.be\/wp-content\/uploads\/2025\/12\/image-58.jpg","type":"image\/jpeg"}],"twitter_card":"summary_large_image","twitter_misc":{"Gesch\u00e4tzte Lesezeit":"1\u00a0Minute"},"schema":{"@context":"https:\/\/schema.org","@graph":[{"@type":"WebPage","@id":"https:\/\/www.daisho.be\/de\/produit\/ellenbogenstuetze-neopren-cv\/","url":"https:\/\/www.daisho.be\/de\/produit\/ellenbogenstuetze-neopren-cv\/","name":"ELLENBOGENST\u00dcTZE NEOPREN CV &#8211; Daisho","isPartOf":{"@id":"https:\/\/www.daisho.be\/de\/#website"},"primaryImageOfPage":{"@id":"https:\/\/www.daisho.be\/de\/produit\/ellenbogenstuetze-neopren-cv\/#primaryimage"},"image":{"@id":"https:\/\/www.daisho.be\/de\/produit\/ellenbogenstuetze-neopren-cv\/#primaryimage"},"thumbnailUrl":"https:\/\/www.daisho.be\/wp-content\/uploads\/2025\/12\/image-58.jpg","datePublished":"2025-12-16T13:22:20+00:00","breadcrumb":{"@id":"https:\/\/www.daisho.be\/de\/produit\/ellenbogenstuetze-neopren-cv\/#breadcrumb"},"inLanguage":"de","potentialAction":[{"@type":"ReadAction","target":["https:\/\/www.daisho.be\/de\/produit\/ellenbogenstuetze-neopren-cv\/"]}]},{"@type":"ImageObject","inLanguage":"de","@id":"https:\/\/www.daisho.be\/de\/produit\/ellenbogenstuetze-neopren-cv\/#primaryimage","url":"https:\/\/www.daisho.be\/wp-content\/uploads\/2025\/12\/image-58.jpg","contentUrl":"https:\/\/www.daisho.be\/wp-content\/uploads\/2025\/12\/image-58.jpg","width":1920,"height":1920,"caption":"COUDI\u00c8RE NEOPRENE CV-1"},{"@type":"BreadcrumbList","@id":"https:\/\/www.daisho.be\/de\/produit\/ellenbogenstuetze-neopren-cv\/#breadcrumb","itemListElement":[{"@type":"ListItem","position":1,"name":"Accueil","item":"https:\/\/www.daisho.be\/de\/"},{"@type":"ListItem","position":2,"name":"Produkte","item":"https:\/\/www.daisho.be\/de\/produkte\/"},{"@type":"ListItem","position":3,"name":"Kampfsportarten","item":"https:\/\/www.daisho.be\/de\/categorie-produit\/kampfsportarten\/"},{"@type":"ListItem","position":4,"name":"Pflege","item":"https:\/\/www.daisho.be\/de\/categorie-produit\/kampfsportarten\/pflege\/"},{"@type":"ListItem","position":5,"name":"ELLENBOGENST\u00dcTZE NEOPREN CV"}]},{"@type":"WebSite","@id":"https:\/\/www.daisho.be\/de\/#website","url":"https:\/\/www.daisho.be\/de\/","name":"Daisho","description":"Sp&eacute;cialiste de l'&eacute;quipement sportif d'arts martiaux","publisher":{"@id":"https:\/\/www.daisho.be\/de\/#organization"},"potentialAction":[{"@type":"SearchAction","target":{"@type":"EntryPoint","urlTemplate":"https:\/\/www.daisho.be\/de\/?s={search_term_string}"},"query-input":{"@type":"PropertyValueSpecification","valueRequired":true,"valueName":"search_term_string"}}],"inLanguage":"de"},{"@type":"Organization","@id":"https:\/\/www.daisho.be\/de\/#organization","name":"Daisho","url":"https:\/\/www.daisho.be\/de\/","logo":{"@type":"ImageObject","inLanguage":"de","@id":"https:\/\/www.daisho.be\/de\/#\/schema\/logo\/image\/","url":"https:\/\/www.daisho.be\/wp-content\/uploads\/2019\/07\/color-nothing-horizontale4x-e1564486100247.png","contentUrl":"https:\/\/www.daisho.be\/wp-content\/uploads\/2019\/07\/color-nothing-horizontale4x-e1564486100247.png","width":1547,"height":385,"caption":"Daisho"},"image":{"@id":"https:\/\/www.daisho.be\/de\/#\/schema\/logo\/image\/"}}]}},"_links":{"self":[{"href":"https:\/\/www.daisho.be\/de\/wp-json\/wp\/v2\/product\/642981","targetHints":{"allow":["GET"]}}],"collection":[{"href":"https:\/\/www.daisho.be\/de\/wp-json\/wp\/v2\/product"}],"about":[{"href":"https:\/\/www.daisho.be\/de\/wp-json\/wp\/v2\/types\/product"}],"replies":[{"embeddable":true,"href":"https:\/\/www.daisho.be\/de\/wp-json\/wp\/v2\/comments?post=642981"}],"wp:featuredmedia":[{"embeddable":true,"href":"https:\/\/www.daisho.be\/de\/wp-json\/wp\/v2\/media\/642955"}],"wp:attachment":[{"href":"https:\/\/www.daisho.be\/de\/wp-json\/wp\/v2\/media?parent=642981"}],"wp:term":[{"taxonomy":"product_brand","embeddable":true,"href":"https:\/\/www.daisho.be\/de\/wp-json\/wp\/v2\/product_brand?post=642981"},{"taxonomy":"product_cat","embeddable":true,"href":"https:\/\/www.daisho.be\/de\/wp-json\/wp\/v2\/product_cat?post=642981"},{"taxonomy":"product_tag","embeddable":true,"href":"https:\/\/www.daisho.be\/de\/wp-json\/wp\/v2\/product_tag?post=642981"},{"taxonomy":"sport","embeddable":true,"href":"https:\/\/www.daisho.be\/de\/wp-json\/wp\/v2\/sport?post=642981"}],"curies":[{"name":"wp","href":"https:\/\/api.w.org\/{rel}","templated":true}]}}