{"id":636192,"date":"2025-12-09T22:09:38","date_gmt":"2025-12-09T21:09:38","guid":{"rendered":"https:\/\/www.daisho.be\/produit\/blauer-rutschfester-dome-trainer\/"},"modified":"2026-01-29T15:28:37","modified_gmt":"2026-01-29T14:28:37","slug":"blauer-rutschfester-dome-trainer","status":"publish","type":"product","link":"https:\/\/www.daisho.be\/de\/produit\/blauer-rutschfester-dome-trainer\/","title":{"rendered":"Blauer rutschfester Dome-Trainer"},"content":{"rendered":"<p>Die Gleichgewichts\u00fcbungen mit diesem Zubeh\u00f6r helfen Ihnen, die Koordination der Bewegungen zu entwickeln und die f\u00fcr die Stabilit\u00e4t wichtigen Muskelbereiche zu aktivieren und zu st\u00e4rken.<br \/>\nAusdauertraining beim Kardio-Training. Ideal f\u00fcr die Kinesitherapie.<br \/>\nDie rutschfeste Unterlage erm\u00f6glicht ein sicheres Training.<br \/>\nNicht \u00fcber 22 cm aufblasen.<br \/>\nIm Lieferumfang sind 2 elastische R\u00f6hren mit je einem Griff enthalten, die eine Gesamtl\u00e4nge von 104 cm haben.<br \/>\nDie R\u00f6hren des Dome-Trainers sind mit einem Karabinerhaken befestigt. <\/p>\n<p>Breite: 67 cm<br \/>\n&#8211; H\u00f6he: 22 cm<br \/>\n&#8211; Durchmesser der Kuppel: 63 cm<br \/>\n&#8211; L\u00e4nge des Rohres: 82 cm<br \/>\n&#8211; L\u00e4nge des Griffes: 12.5 cm<br \/>\n&#8211; Durchmesser des Griffes: 3.5 cm<br \/>\n&#8211; Maximale Belastung: 150 kg<br \/>\n&#8211; Gewicht: 7 kg<br \/>\n&#8211; Material Polypropylen &#8211; PVC<\/p>\n","protected":false},"excerpt":{"rendered":"<p>Die Gleichgewichts\u00fcbungen mit diesem Zubeh\u00f6r helfen Ihnen, die Koordination der Bewegungen zu entwickeln und die f\u00fcr die Stabilit\u00e4t wichtigen Muskelbereiche zu aktivieren und zu st\u00e4rken. Ausdauertraining beim Kardio-Training. Ideal f\u00fcr die Kinesitherapie. Die rutschfeste Unterlage erm\u00f6glicht ein sicheres Training. Nicht \u00fcber 22 cm aufblasen. Im Lieferumfang sind 2 elastische R\u00f6hren mit je einem Griff enthalten, [&hellip;]<\/p>\n","protected":false},"featured_media":636154,"comment_status":"open","ping_status":"closed","template":"","meta":{"inline_featured_image":false},"product_brand":[],"product_cat":[2054],"product_tag":[2225],"sport":[],"class_list":{"0":"post-636192","1":"product","2":"type-product","3":"status-publish","4":"has-post-thumbnail","6":"product_cat-trainingsmaterial","7":"product_tag-sveltus-de","8":"pa_size-sans-taille-defaut","10":"first","11":"instock","12":"taxable","13":"shipping-taxable","14":"purchasable","15":"product-type-variable"},"yoast_head":"<!-- This site is optimized with the Yoast SEO plugin v27.2 - https:\/\/yoast.com\/product\/yoast-seo-wordpress\/ -->\n<title>Blauer rutschfester Dome-Trainer &#8211; Daisho<\/title>\n<meta name=\"robots\" content=\"index, follow, max-snippet:-1, max-image-preview:large, max-video-preview:-1\" \/>\n<link rel=\"canonical\" href=\"https:\/\/www.daisho.be\/de\/produit\/blauer-rutschfester-dome-trainer\/\" \/>\n<meta property=\"og:locale\" content=\"de_DE\" \/>\n<meta property=\"og:type\" content=\"article\" \/>\n<meta property=\"og:title\" content=\"Blauer rutschfester Dome-Trainer &#8211; Daisho\" \/>\n<meta property=\"og:description\" content=\"Die Gleichgewichts\u00fcbungen mit diesem Zubeh\u00f6r helfen Ihnen, die Koordination der Bewegungen zu entwickeln und die f\u00fcr die Stabilit\u00e4t wichtigen Muskelbereiche zu aktivieren und zu st\u00e4rken. Ausdauertraining beim Kardio-Training. Ideal f\u00fcr die Kinesitherapie. Die rutschfeste Unterlage erm\u00f6glicht ein sicheres Training. Nicht \u00fcber 22 cm aufblasen. Im Lieferumfang sind 2 elastische R\u00f6hren mit je einem Griff enthalten, [&hellip;]\" \/>\n<meta property=\"og:url\" content=\"https:\/\/www.daisho.be\/de\/produit\/blauer-rutschfester-dome-trainer\/\" \/>\n<meta property=\"og:site_name\" content=\"Daisho\" \/>\n<meta property=\"article:modified_time\" content=\"2026-01-29T14:28:37+00:00\" \/>\n<meta property=\"og:image\" content=\"https:\/\/www.daisho.be\/wp-content\/uploads\/2025\/12\/image-33.jpg\" \/>\n\t<meta property=\"og:image:width\" content=\"945\" \/>\n\t<meta property=\"og:image:height\" content=\"787\" \/>\n\t<meta property=\"og:image:type\" content=\"image\/jpeg\" \/>\n<meta name=\"twitter:card\" content=\"summary_large_image\" \/>\n<meta name=\"twitter:label1\" content=\"Gesch\u00e4tzte Lesezeit\" \/>\n\t<meta name=\"twitter:data1\" content=\"1\u00a0Minute\" \/>\n<script type=\"application\/ld+json\" class=\"yoast-schema-graph\">{\"@context\":\"https:\/\/schema.org\",\"@graph\":[{\"@type\":\"WebPage\",\"@id\":\"https:\/\/www.daisho.be\/de\/produit\/blauer-rutschfester-dome-trainer\/\",\"url\":\"https:\/\/www.daisho.be\/de\/produit\/blauer-rutschfester-dome-trainer\/\",\"name\":\"Blauer rutschfester Dome-Trainer &#8211; Daisho\",\"isPartOf\":{\"@id\":\"https:\/\/www.daisho.be\/de\/#website\"},\"primaryImageOfPage\":{\"@id\":\"https:\/\/www.daisho.be\/de\/produit\/blauer-rutschfester-dome-trainer\/#primaryimage\"},\"image\":{\"@id\":\"https:\/\/www.daisho.be\/de\/produit\/blauer-rutschfester-dome-trainer\/#primaryimage\"},\"thumbnailUrl\":\"https:\/\/www.daisho.be\/wp-content\/uploads\/2025\/12\/image-33.jpg\",\"datePublished\":\"2025-12-09T21:09:38+00:00\",\"dateModified\":\"2026-01-29T14:28:37+00:00\",\"breadcrumb\":{\"@id\":\"https:\/\/www.daisho.be\/de\/produit\/blauer-rutschfester-dome-trainer\/#breadcrumb\"},\"inLanguage\":\"de\",\"potentialAction\":[{\"@type\":\"ReadAction\",\"target\":[\"https:\/\/www.daisho.be\/de\/produit\/blauer-rutschfester-dome-trainer\/\"]}]},{\"@type\":\"ImageObject\",\"inLanguage\":\"de\",\"@id\":\"https:\/\/www.daisho.be\/de\/produit\/blauer-rutschfester-dome-trainer\/#primaryimage\",\"url\":\"https:\/\/www.daisho.be\/wp-content\/uploads\/2025\/12\/image-33.jpg\",\"contentUrl\":\"https:\/\/www.daisho.be\/wp-content\/uploads\/2025\/12\/image-33.jpg\",\"width\":945,\"height\":787,\"caption\":\"Blauer Dome-Trainer Anti-Rutsch-1\"},{\"@type\":\"BreadcrumbList\",\"@id\":\"https:\/\/www.daisho.be\/de\/produit\/blauer-rutschfester-dome-trainer\/#breadcrumb\",\"itemListElement\":[{\"@type\":\"ListItem\",\"position\":1,\"name\":\"Accueil\",\"item\":\"https:\/\/www.daisho.be\/de\/\"},{\"@type\":\"ListItem\",\"position\":2,\"name\":\"Produkte\",\"item\":\"https:\/\/www.daisho.be\/de\/produkte\/\"},{\"@type\":\"ListItem\",\"position\":3,\"name\":\"Kampfsportarten\",\"item\":\"https:\/\/www.daisho.be\/de\/categorie-produit\/kampfsportarten\/\"},{\"@type\":\"ListItem\",\"position\":4,\"name\":\"Trainingsmaterial\",\"item\":\"https:\/\/www.daisho.be\/de\/categorie-produit\/kampfsportarten\/trainingsmaterial\/\"},{\"@type\":\"ListItem\",\"position\":5,\"name\":\"Blauer rutschfester Dome-Trainer\"}]},{\"@type\":\"WebSite\",\"@id\":\"https:\/\/www.daisho.be\/de\/#website\",\"url\":\"https:\/\/www.daisho.be\/de\/\",\"name\":\"Daisho\",\"description\":\"Sp&eacute;cialiste de l'&eacute;quipement sportif d'arts martiaux\",\"publisher\":{\"@id\":\"https:\/\/www.daisho.be\/de\/#organization\"},\"potentialAction\":[{\"@type\":\"SearchAction\",\"target\":{\"@type\":\"EntryPoint\",\"urlTemplate\":\"https:\/\/www.daisho.be\/de\/?s={search_term_string}\"},\"query-input\":{\"@type\":\"PropertyValueSpecification\",\"valueRequired\":true,\"valueName\":\"search_term_string\"}}],\"inLanguage\":\"de\"},{\"@type\":\"Organization\",\"@id\":\"https:\/\/www.daisho.be\/de\/#organization\",\"name\":\"Daisho\",\"url\":\"https:\/\/www.daisho.be\/de\/\",\"logo\":{\"@type\":\"ImageObject\",\"inLanguage\":\"de\",\"@id\":\"https:\/\/www.daisho.be\/de\/#\/schema\/logo\/image\/\",\"url\":\"https:\/\/www.daisho.be\/wp-content\/uploads\/2019\/07\/color-nothing-horizontale4x-e1564486100247.png\",\"contentUrl\":\"https:\/\/www.daisho.be\/wp-content\/uploads\/2019\/07\/color-nothing-horizontale4x-e1564486100247.png\",\"width\":1547,\"height\":385,\"caption\":\"Daisho\"},\"image\":{\"@id\":\"https:\/\/www.daisho.be\/de\/#\/schema\/logo\/image\/\"}}]}<\/script>\n<!-- \/ Yoast SEO plugin. -->","yoast_head_json":{"title":"Blauer rutschfester Dome-Trainer &#8211; Daisho","robots":{"index":"index","follow":"follow","max-snippet":"max-snippet:-1","max-image-preview":"max-image-preview:large","max-video-preview":"max-video-preview:-1"},"canonical":"https:\/\/www.daisho.be\/de\/produit\/blauer-rutschfester-dome-trainer\/","og_locale":"de_DE","og_type":"article","og_title":"Blauer rutschfester Dome-Trainer &#8211; Daisho","og_description":"Die Gleichgewichts\u00fcbungen mit diesem Zubeh\u00f6r helfen Ihnen, die Koordination der Bewegungen zu entwickeln und die f\u00fcr die Stabilit\u00e4t wichtigen Muskelbereiche zu aktivieren und zu st\u00e4rken. Ausdauertraining beim Kardio-Training. Ideal f\u00fcr die Kinesitherapie. Die rutschfeste Unterlage erm\u00f6glicht ein sicheres Training. Nicht \u00fcber 22 cm aufblasen. Im Lieferumfang sind 2 elastische R\u00f6hren mit je einem Griff enthalten, [&hellip;]","og_url":"https:\/\/www.daisho.be\/de\/produit\/blauer-rutschfester-dome-trainer\/","og_site_name":"Daisho","article_modified_time":"2026-01-29T14:28:37+00:00","og_image":[{"width":945,"height":787,"url":"https:\/\/www.daisho.be\/wp-content\/uploads\/2025\/12\/image-33.jpg","type":"image\/jpeg"}],"twitter_card":"summary_large_image","twitter_misc":{"Gesch\u00e4tzte Lesezeit":"1\u00a0Minute"},"schema":{"@context":"https:\/\/schema.org","@graph":[{"@type":"WebPage","@id":"https:\/\/www.daisho.be\/de\/produit\/blauer-rutschfester-dome-trainer\/","url":"https:\/\/www.daisho.be\/de\/produit\/blauer-rutschfester-dome-trainer\/","name":"Blauer rutschfester Dome-Trainer &#8211; Daisho","isPartOf":{"@id":"https:\/\/www.daisho.be\/de\/#website"},"primaryImageOfPage":{"@id":"https:\/\/www.daisho.be\/de\/produit\/blauer-rutschfester-dome-trainer\/#primaryimage"},"image":{"@id":"https:\/\/www.daisho.be\/de\/produit\/blauer-rutschfester-dome-trainer\/#primaryimage"},"thumbnailUrl":"https:\/\/www.daisho.be\/wp-content\/uploads\/2025\/12\/image-33.jpg","datePublished":"2025-12-09T21:09:38+00:00","dateModified":"2026-01-29T14:28:37+00:00","breadcrumb":{"@id":"https:\/\/www.daisho.be\/de\/produit\/blauer-rutschfester-dome-trainer\/#breadcrumb"},"inLanguage":"de","potentialAction":[{"@type":"ReadAction","target":["https:\/\/www.daisho.be\/de\/produit\/blauer-rutschfester-dome-trainer\/"]}]},{"@type":"ImageObject","inLanguage":"de","@id":"https:\/\/www.daisho.be\/de\/produit\/blauer-rutschfester-dome-trainer\/#primaryimage","url":"https:\/\/www.daisho.be\/wp-content\/uploads\/2025\/12\/image-33.jpg","contentUrl":"https:\/\/www.daisho.be\/wp-content\/uploads\/2025\/12\/image-33.jpg","width":945,"height":787,"caption":"Blauer Dome-Trainer Anti-Rutsch-1"},{"@type":"BreadcrumbList","@id":"https:\/\/www.daisho.be\/de\/produit\/blauer-rutschfester-dome-trainer\/#breadcrumb","itemListElement":[{"@type":"ListItem","position":1,"name":"Accueil","item":"https:\/\/www.daisho.be\/de\/"},{"@type":"ListItem","position":2,"name":"Produkte","item":"https:\/\/www.daisho.be\/de\/produkte\/"},{"@type":"ListItem","position":3,"name":"Kampfsportarten","item":"https:\/\/www.daisho.be\/de\/categorie-produit\/kampfsportarten\/"},{"@type":"ListItem","position":4,"name":"Trainingsmaterial","item":"https:\/\/www.daisho.be\/de\/categorie-produit\/kampfsportarten\/trainingsmaterial\/"},{"@type":"ListItem","position":5,"name":"Blauer rutschfester Dome-Trainer"}]},{"@type":"WebSite","@id":"https:\/\/www.daisho.be\/de\/#website","url":"https:\/\/www.daisho.be\/de\/","name":"Daisho","description":"Sp&eacute;cialiste de l'&eacute;quipement sportif d'arts martiaux","publisher":{"@id":"https:\/\/www.daisho.be\/de\/#organization"},"potentialAction":[{"@type":"SearchAction","target":{"@type":"EntryPoint","urlTemplate":"https:\/\/www.daisho.be\/de\/?s={search_term_string}"},"query-input":{"@type":"PropertyValueSpecification","valueRequired":true,"valueName":"search_term_string"}}],"inLanguage":"de"},{"@type":"Organization","@id":"https:\/\/www.daisho.be\/de\/#organization","name":"Daisho","url":"https:\/\/www.daisho.be\/de\/","logo":{"@type":"ImageObject","inLanguage":"de","@id":"https:\/\/www.daisho.be\/de\/#\/schema\/logo\/image\/","url":"https:\/\/www.daisho.be\/wp-content\/uploads\/2019\/07\/color-nothing-horizontale4x-e1564486100247.png","contentUrl":"https:\/\/www.daisho.be\/wp-content\/uploads\/2019\/07\/color-nothing-horizontale4x-e1564486100247.png","width":1547,"height":385,"caption":"Daisho"},"image":{"@id":"https:\/\/www.daisho.be\/de\/#\/schema\/logo\/image\/"}}]}},"_links":{"self":[{"href":"https:\/\/www.daisho.be\/de\/wp-json\/wp\/v2\/product\/636192","targetHints":{"allow":["GET"]}}],"collection":[{"href":"https:\/\/www.daisho.be\/de\/wp-json\/wp\/v2\/product"}],"about":[{"href":"https:\/\/www.daisho.be\/de\/wp-json\/wp\/v2\/types\/product"}],"replies":[{"embeddable":true,"href":"https:\/\/www.daisho.be\/de\/wp-json\/wp\/v2\/comments?post=636192"}],"wp:featuredmedia":[{"embeddable":true,"href":"https:\/\/www.daisho.be\/de\/wp-json\/wp\/v2\/media\/636154"}],"wp:attachment":[{"href":"https:\/\/www.daisho.be\/de\/wp-json\/wp\/v2\/media?parent=636192"}],"wp:term":[{"taxonomy":"product_brand","embeddable":true,"href":"https:\/\/www.daisho.be\/de\/wp-json\/wp\/v2\/product_brand?post=636192"},{"taxonomy":"product_cat","embeddable":true,"href":"https:\/\/www.daisho.be\/de\/wp-json\/wp\/v2\/product_cat?post=636192"},{"taxonomy":"product_tag","embeddable":true,"href":"https:\/\/www.daisho.be\/de\/wp-json\/wp\/v2\/product_tag?post=636192"},{"taxonomy":"sport","embeddable":true,"href":"https:\/\/www.daisho.be\/de\/wp-json\/wp\/v2\/sport?post=636192"}],"curies":[{"name":"wp","href":"https:\/\/api.w.org\/{rel}","templated":true}]}}