{"id":630746,"date":"2025-12-01T12:06:00","date_gmt":"2025-12-01T11:06:00","guid":{"rendered":"https:\/\/www.daisho.be\/produit\/schluesselanhaenger-pluesch-flamingo\/"},"modified":"2025-12-01T12:06:00","modified_gmt":"2025-12-01T11:06:00","slug":"schluesselanhaenger-pluesch-flamingo","status":"publish","type":"product","link":"https:\/\/www.daisho.be\/de\/produit\/schluesselanhaenger-pluesch-flamingo\/","title":{"rendered":"SCHL\u00dcSSELANH\u00c4NGER PL\u00dcSCH FLAMINGO"},"content":{"rendered":"<p>Schl\u00fcsselanh\u00e4nger Pl\u00fcschtier FLAMANT ROSE<br \/>\nOb Sie sich selbst oder jemand anderem eine Freude machen wollen, dieses Pl\u00fcschtier als Schl\u00fcsselanh\u00e4nger ist der ideale Partner.<br \/>\nMa\u00dfe: +\/- ca. 10 cm<\/p>\n","protected":false},"excerpt":{"rendered":"<p>Schl\u00fcsselanh\u00e4nger Pl\u00fcschtier FLAMANT ROSE Ob Sie sich selbst oder jemand anderem eine Freude machen wollen, dieses Pl\u00fcschtier als Schl\u00fcsselanh\u00e4nger ist der ideale Partner. Ma\u00dfe: +\/- ca. 10 cm<\/p>\n","protected":false},"featured_media":630716,"comment_status":"open","ping_status":"closed","template":"","meta":{"inline_featured_image":false},"product_brand":[],"product_cat":[2003],"product_tag":[2040],"sport":[],"class_list":{"0":"post-630746","1":"product","2":"type-product","3":"status-publish","4":"has-post-thumbnail","6":"product_cat-geschenke","7":"product_tag-dax-de","8":"pa_size-sans-taille-defaut","10":"first","11":"instock","12":"taxable","13":"shipping-taxable","14":"purchasable","15":"product-type-variable"},"yoast_head":"<!-- This site is optimized with the Yoast SEO plugin v27.2 - https:\/\/yoast.com\/product\/yoast-seo-wordpress\/ -->\n<title>SCHL\u00dcSSELANH\u00c4NGER PL\u00dcSCH FLAMINGO &#8211; Daisho<\/title>\n<meta name=\"robots\" content=\"index, follow, max-snippet:-1, max-image-preview:large, max-video-preview:-1\" \/>\n<link rel=\"canonical\" href=\"https:\/\/www.daisho.be\/de\/produit\/schluesselanhaenger-pluesch-flamingo\/\" \/>\n<meta property=\"og:locale\" content=\"de_DE\" \/>\n<meta property=\"og:type\" content=\"article\" \/>\n<meta property=\"og:title\" content=\"SCHL\u00dcSSELANH\u00c4NGER PL\u00dcSCH FLAMINGO &#8211; Daisho\" \/>\n<meta property=\"og:description\" content=\"Schl\u00fcsselanh\u00e4nger Pl\u00fcschtier FLAMANT ROSE Ob Sie sich selbst oder jemand anderem eine Freude machen wollen, dieses Pl\u00fcschtier als Schl\u00fcsselanh\u00e4nger ist der ideale Partner. Ma\u00dfe: +\/- ca. 10 cm\" \/>\n<meta property=\"og:url\" content=\"https:\/\/www.daisho.be\/de\/produit\/schluesselanhaenger-pluesch-flamingo\/\" \/>\n<meta property=\"og:site_name\" content=\"Daisho\" \/>\n<meta property=\"og:image\" content=\"https:\/\/www.daisho.be\/wp-content\/uploads\/2025\/12\/image-5.jpg\" \/>\n\t<meta property=\"og:image:width\" content=\"800\" \/>\n\t<meta property=\"og:image:height\" content=\"1280\" \/>\n\t<meta property=\"og:image:type\" content=\"image\/jpeg\" \/>\n<meta name=\"twitter:card\" content=\"summary_large_image\" \/>\n<script type=\"application\/ld+json\" class=\"yoast-schema-graph\">{\"@context\":\"https:\/\/schema.org\",\"@graph\":[{\"@type\":\"WebPage\",\"@id\":\"https:\/\/www.daisho.be\/de\/produit\/schluesselanhaenger-pluesch-flamingo\/\",\"url\":\"https:\/\/www.daisho.be\/de\/produit\/schluesselanhaenger-pluesch-flamingo\/\",\"name\":\"SCHL\u00dcSSELANH\u00c4NGER PL\u00dcSCH FLAMINGO &#8211; Daisho\",\"isPartOf\":{\"@id\":\"https:\/\/www.daisho.be\/de\/#website\"},\"primaryImageOfPage\":{\"@id\":\"https:\/\/www.daisho.be\/de\/produit\/schluesselanhaenger-pluesch-flamingo\/#primaryimage\"},\"image\":{\"@id\":\"https:\/\/www.daisho.be\/de\/produit\/schluesselanhaenger-pluesch-flamingo\/#primaryimage\"},\"thumbnailUrl\":\"https:\/\/www.daisho.be\/wp-content\/uploads\/2025\/12\/image-5.jpg\",\"datePublished\":\"2025-12-01T11:06:00+00:00\",\"breadcrumb\":{\"@id\":\"https:\/\/www.daisho.be\/de\/produit\/schluesselanhaenger-pluesch-flamingo\/#breadcrumb\"},\"inLanguage\":\"de\",\"potentialAction\":[{\"@type\":\"ReadAction\",\"target\":[\"https:\/\/www.daisho.be\/de\/produit\/schluesselanhaenger-pluesch-flamingo\/\"]}]},{\"@type\":\"ImageObject\",\"inLanguage\":\"de\",\"@id\":\"https:\/\/www.daisho.be\/de\/produit\/schluesselanhaenger-pluesch-flamingo\/#primaryimage\",\"url\":\"https:\/\/www.daisho.be\/wp-content\/uploads\/2025\/12\/image-5.jpg\",\"contentUrl\":\"https:\/\/www.daisho.be\/wp-content\/uploads\/2025\/12\/image-5.jpg\",\"width\":800,\"height\":1280,\"caption\":\"PORTE-CLE PELUCHE FLAMANT ROSE-1\"},{\"@type\":\"BreadcrumbList\",\"@id\":\"https:\/\/www.daisho.be\/de\/produit\/schluesselanhaenger-pluesch-flamingo\/#breadcrumb\",\"itemListElement\":[{\"@type\":\"ListItem\",\"position\":1,\"name\":\"Accueil\",\"item\":\"https:\/\/www.daisho.be\/de\/\"},{\"@type\":\"ListItem\",\"position\":2,\"name\":\"Produkte\",\"item\":\"https:\/\/www.daisho.be\/de\/produkte\/\"},{\"@type\":\"ListItem\",\"position\":3,\"name\":\"Kampfsportarten\",\"item\":\"https:\/\/www.daisho.be\/de\/categorie-produit\/kampfsportarten\/\"},{\"@type\":\"ListItem\",\"position\":4,\"name\":\"Geschenke\",\"item\":\"https:\/\/www.daisho.be\/de\/categorie-produit\/kampfsportarten\/geschenke\/\"},{\"@type\":\"ListItem\",\"position\":5,\"name\":\"SCHL\u00dcSSELANH\u00c4NGER PL\u00dcSCH FLAMINGO\"}]},{\"@type\":\"WebSite\",\"@id\":\"https:\/\/www.daisho.be\/de\/#website\",\"url\":\"https:\/\/www.daisho.be\/de\/\",\"name\":\"Daisho\",\"description\":\"Sp&eacute;cialiste de l'&eacute;quipement sportif d'arts martiaux\",\"publisher\":{\"@id\":\"https:\/\/www.daisho.be\/de\/#organization\"},\"potentialAction\":[{\"@type\":\"SearchAction\",\"target\":{\"@type\":\"EntryPoint\",\"urlTemplate\":\"https:\/\/www.daisho.be\/de\/?s={search_term_string}\"},\"query-input\":{\"@type\":\"PropertyValueSpecification\",\"valueRequired\":true,\"valueName\":\"search_term_string\"}}],\"inLanguage\":\"de\"},{\"@type\":\"Organization\",\"@id\":\"https:\/\/www.daisho.be\/de\/#organization\",\"name\":\"Daisho\",\"url\":\"https:\/\/www.daisho.be\/de\/\",\"logo\":{\"@type\":\"ImageObject\",\"inLanguage\":\"de\",\"@id\":\"https:\/\/www.daisho.be\/de\/#\/schema\/logo\/image\/\",\"url\":\"https:\/\/www.daisho.be\/wp-content\/uploads\/2019\/07\/color-nothing-horizontale4x-e1564486100247.png\",\"contentUrl\":\"https:\/\/www.daisho.be\/wp-content\/uploads\/2019\/07\/color-nothing-horizontale4x-e1564486100247.png\",\"width\":1547,\"height\":385,\"caption\":\"Daisho\"},\"image\":{\"@id\":\"https:\/\/www.daisho.be\/de\/#\/schema\/logo\/image\/\"}}]}<\/script>\n<!-- \/ Yoast SEO plugin. -->","yoast_head_json":{"title":"SCHL\u00dcSSELANH\u00c4NGER PL\u00dcSCH FLAMINGO &#8211; Daisho","robots":{"index":"index","follow":"follow","max-snippet":"max-snippet:-1","max-image-preview":"max-image-preview:large","max-video-preview":"max-video-preview:-1"},"canonical":"https:\/\/www.daisho.be\/de\/produit\/schluesselanhaenger-pluesch-flamingo\/","og_locale":"de_DE","og_type":"article","og_title":"SCHL\u00dcSSELANH\u00c4NGER PL\u00dcSCH FLAMINGO &#8211; Daisho","og_description":"Schl\u00fcsselanh\u00e4nger Pl\u00fcschtier FLAMANT ROSE Ob Sie sich selbst oder jemand anderem eine Freude machen wollen, dieses Pl\u00fcschtier als Schl\u00fcsselanh\u00e4nger ist der ideale Partner. Ma\u00dfe: +\/- ca. 10 cm","og_url":"https:\/\/www.daisho.be\/de\/produit\/schluesselanhaenger-pluesch-flamingo\/","og_site_name":"Daisho","og_image":[{"width":800,"height":1280,"url":"https:\/\/www.daisho.be\/wp-content\/uploads\/2025\/12\/image-5.jpg","type":"image\/jpeg"}],"twitter_card":"summary_large_image","schema":{"@context":"https:\/\/schema.org","@graph":[{"@type":"WebPage","@id":"https:\/\/www.daisho.be\/de\/produit\/schluesselanhaenger-pluesch-flamingo\/","url":"https:\/\/www.daisho.be\/de\/produit\/schluesselanhaenger-pluesch-flamingo\/","name":"SCHL\u00dcSSELANH\u00c4NGER PL\u00dcSCH FLAMINGO &#8211; Daisho","isPartOf":{"@id":"https:\/\/www.daisho.be\/de\/#website"},"primaryImageOfPage":{"@id":"https:\/\/www.daisho.be\/de\/produit\/schluesselanhaenger-pluesch-flamingo\/#primaryimage"},"image":{"@id":"https:\/\/www.daisho.be\/de\/produit\/schluesselanhaenger-pluesch-flamingo\/#primaryimage"},"thumbnailUrl":"https:\/\/www.daisho.be\/wp-content\/uploads\/2025\/12\/image-5.jpg","datePublished":"2025-12-01T11:06:00+00:00","breadcrumb":{"@id":"https:\/\/www.daisho.be\/de\/produit\/schluesselanhaenger-pluesch-flamingo\/#breadcrumb"},"inLanguage":"de","potentialAction":[{"@type":"ReadAction","target":["https:\/\/www.daisho.be\/de\/produit\/schluesselanhaenger-pluesch-flamingo\/"]}]},{"@type":"ImageObject","inLanguage":"de","@id":"https:\/\/www.daisho.be\/de\/produit\/schluesselanhaenger-pluesch-flamingo\/#primaryimage","url":"https:\/\/www.daisho.be\/wp-content\/uploads\/2025\/12\/image-5.jpg","contentUrl":"https:\/\/www.daisho.be\/wp-content\/uploads\/2025\/12\/image-5.jpg","width":800,"height":1280,"caption":"PORTE-CLE PELUCHE FLAMANT ROSE-1"},{"@type":"BreadcrumbList","@id":"https:\/\/www.daisho.be\/de\/produit\/schluesselanhaenger-pluesch-flamingo\/#breadcrumb","itemListElement":[{"@type":"ListItem","position":1,"name":"Accueil","item":"https:\/\/www.daisho.be\/de\/"},{"@type":"ListItem","position":2,"name":"Produkte","item":"https:\/\/www.daisho.be\/de\/produkte\/"},{"@type":"ListItem","position":3,"name":"Kampfsportarten","item":"https:\/\/www.daisho.be\/de\/categorie-produit\/kampfsportarten\/"},{"@type":"ListItem","position":4,"name":"Geschenke","item":"https:\/\/www.daisho.be\/de\/categorie-produit\/kampfsportarten\/geschenke\/"},{"@type":"ListItem","position":5,"name":"SCHL\u00dcSSELANH\u00c4NGER PL\u00dcSCH FLAMINGO"}]},{"@type":"WebSite","@id":"https:\/\/www.daisho.be\/de\/#website","url":"https:\/\/www.daisho.be\/de\/","name":"Daisho","description":"Sp&eacute;cialiste de l'&eacute;quipement sportif d'arts martiaux","publisher":{"@id":"https:\/\/www.daisho.be\/de\/#organization"},"potentialAction":[{"@type":"SearchAction","target":{"@type":"EntryPoint","urlTemplate":"https:\/\/www.daisho.be\/de\/?s={search_term_string}"},"query-input":{"@type":"PropertyValueSpecification","valueRequired":true,"valueName":"search_term_string"}}],"inLanguage":"de"},{"@type":"Organization","@id":"https:\/\/www.daisho.be\/de\/#organization","name":"Daisho","url":"https:\/\/www.daisho.be\/de\/","logo":{"@type":"ImageObject","inLanguage":"de","@id":"https:\/\/www.daisho.be\/de\/#\/schema\/logo\/image\/","url":"https:\/\/www.daisho.be\/wp-content\/uploads\/2019\/07\/color-nothing-horizontale4x-e1564486100247.png","contentUrl":"https:\/\/www.daisho.be\/wp-content\/uploads\/2019\/07\/color-nothing-horizontale4x-e1564486100247.png","width":1547,"height":385,"caption":"Daisho"},"image":{"@id":"https:\/\/www.daisho.be\/de\/#\/schema\/logo\/image\/"}}]}},"_links":{"self":[{"href":"https:\/\/www.daisho.be\/de\/wp-json\/wp\/v2\/product\/630746","targetHints":{"allow":["GET"]}}],"collection":[{"href":"https:\/\/www.daisho.be\/de\/wp-json\/wp\/v2\/product"}],"about":[{"href":"https:\/\/www.daisho.be\/de\/wp-json\/wp\/v2\/types\/product"}],"replies":[{"embeddable":true,"href":"https:\/\/www.daisho.be\/de\/wp-json\/wp\/v2\/comments?post=630746"}],"wp:featuredmedia":[{"embeddable":true,"href":"https:\/\/www.daisho.be\/de\/wp-json\/wp\/v2\/media\/630716"}],"wp:attachment":[{"href":"https:\/\/www.daisho.be\/de\/wp-json\/wp\/v2\/media?parent=630746"}],"wp:term":[{"taxonomy":"product_brand","embeddable":true,"href":"https:\/\/www.daisho.be\/de\/wp-json\/wp\/v2\/product_brand?post=630746"},{"taxonomy":"product_cat","embeddable":true,"href":"https:\/\/www.daisho.be\/de\/wp-json\/wp\/v2\/product_cat?post=630746"},{"taxonomy":"product_tag","embeddable":true,"href":"https:\/\/www.daisho.be\/de\/wp-json\/wp\/v2\/product_tag?post=630746"},{"taxonomy":"sport","embeddable":true,"href":"https:\/\/www.daisho.be\/de\/wp-json\/wp\/v2\/sport?post=630746"}],"curies":[{"name":"wp","href":"https:\/\/api.w.org\/{rel}","templated":true}]}}