{"id":629710,"date":"2025-11-29T15:58:03","date_gmt":"2025-11-29T14:58:03","guid":{"rendered":"https:\/\/www.daisho.be\/produit\/akupressur-kissen\/"},"modified":"2025-11-29T15:58:03","modified_gmt":"2025-11-29T14:58:03","slug":"akupressur-kissen","status":"publish","type":"product","link":"https:\/\/www.daisho.be\/de\/produit\/akupressur-kissen\/","title":{"rendered":"Akupressur-Kissen"},"content":{"rendered":"<p>Dank des weichen Schaumstoffs passt sich dieses Kissen perfekt an Ihren Nacken und Kopf an.<br \/>\nNach und nach gew\u00f6hnt sich Ihr K\u00f6rper w\u00e4hrend der Sitzung an die Noppen. Sie werden die entspannende Wirkung der Akupressur sp\u00fcren, Stress- und M\u00fcdigkeitsspannungen werden gel\u00f6st.<x id=\"gid_1\"><\/x>Abnehmbarer Bezug mit Rei\u00dfverschluss. Handw\u00e4sche.<br \/>\n-\u00a2 L\u00e4nge: 40 cm<br \/>\n-\u00a2 Breite: 15 cm<br \/>\n-\u00a2 H\u00f6he: 10 cm<br \/>\n-\u00a2 Dichte: 45 kg\/m3<br \/>\n-\u00a2 Gewicht: 200 g<br \/>\n-\u00a2 Material: Frottee Polyurethan -\u00a2 ABS-Noppen -\u00a2 Baumwolle  <\/p>\n","protected":false},"excerpt":{"rendered":"<p>Dank des weichen Schaumstoffs passt sich dieses Kissen perfekt an Ihren Nacken und Kopf an. Nach und nach gew\u00f6hnt sich Ihr K\u00f6rper w\u00e4hrend der Sitzung an die Noppen. Sie werden die entspannende Wirkung der Akupressur sp\u00fcren, Stress- und M\u00fcdigkeitsspannungen werden gel\u00f6st.Abnehmbarer Bezug mit Rei\u00dfverschluss. Handw\u00e4sche. -\u00a2 L\u00e4nge: 40 cm -\u00a2 Breite: 15 cm -\u00a2 H\u00f6he: [&hellip;]<\/p>\n","protected":false},"featured_media":629684,"comment_status":"open","ping_status":"closed","template":"","meta":{"inline_featured_image":false},"product_brand":[],"product_cat":[2210,2169],"product_tag":[2225],"sport":[],"class_list":{"0":"post-629710","1":"product","2":"type-product","3":"status-publish","4":"has-post-thumbnail","6":"product_cat-massage-therapie","7":"product_cat-pflege","8":"product_tag-sveltus-de","9":"pa_size-sans-taille-defaut","11":"first","12":"instock","13":"taxable","14":"shipping-taxable","15":"purchasable","16":"product-type-variable"},"yoast_head":"<!-- This site is optimized with the Yoast SEO plugin v27.2 - https:\/\/yoast.com\/product\/yoast-seo-wordpress\/ -->\n<title>Akupressur-Kissen &#8211; Daisho<\/title>\n<meta name=\"robots\" content=\"index, follow, max-snippet:-1, max-image-preview:large, max-video-preview:-1\" \/>\n<link rel=\"canonical\" href=\"https:\/\/www.daisho.be\/de\/produit\/akupressur-kissen\/\" \/>\n<meta property=\"og:locale\" content=\"de_DE\" \/>\n<meta property=\"og:type\" content=\"article\" \/>\n<meta property=\"og:title\" content=\"Akupressur-Kissen &#8211; Daisho\" \/>\n<meta property=\"og:description\" content=\"Dank des weichen Schaumstoffs passt sich dieses Kissen perfekt an Ihren Nacken und Kopf an. Nach und nach gew\u00f6hnt sich Ihr K\u00f6rper w\u00e4hrend der Sitzung an die Noppen. Sie werden die entspannende Wirkung der Akupressur sp\u00fcren, Stress- und M\u00fcdigkeitsspannungen werden gel\u00f6st.Abnehmbarer Bezug mit Rei\u00dfverschluss. Handw\u00e4sche. -\u00a2 L\u00e4nge: 40 cm -\u00a2 Breite: 15 cm -\u00a2 H\u00f6he: [&hellip;]\" \/>\n<meta property=\"og:url\" content=\"https:\/\/www.daisho.be\/de\/produit\/akupressur-kissen\/\" \/>\n<meta property=\"og:site_name\" content=\"Daisho\" \/>\n<meta property=\"og:image\" content=\"https:\/\/www.daisho.be\/wp-content\/uploads\/2025\/11\/image-134.jpg\" \/>\n\t<meta property=\"og:image:width\" content=\"1981\" \/>\n\t<meta property=\"og:image:height\" content=\"1603\" \/>\n\t<meta property=\"og:image:type\" content=\"image\/jpeg\" \/>\n<meta name=\"twitter:card\" content=\"summary_large_image\" \/>\n<script type=\"application\/ld+json\" class=\"yoast-schema-graph\">{\"@context\":\"https:\/\/schema.org\",\"@graph\":[{\"@type\":\"WebPage\",\"@id\":\"https:\/\/www.daisho.be\/de\/produit\/akupressur-kissen\/\",\"url\":\"https:\/\/www.daisho.be\/de\/produit\/akupressur-kissen\/\",\"name\":\"Akupressur-Kissen &#8211; Daisho\",\"isPartOf\":{\"@id\":\"https:\/\/www.daisho.be\/de\/#website\"},\"primaryImageOfPage\":{\"@id\":\"https:\/\/www.daisho.be\/de\/produit\/akupressur-kissen\/#primaryimage\"},\"image\":{\"@id\":\"https:\/\/www.daisho.be\/de\/produit\/akupressur-kissen\/#primaryimage\"},\"thumbnailUrl\":\"https:\/\/www.daisho.be\/wp-content\/uploads\/2025\/11\/image-134.jpg\",\"datePublished\":\"2025-11-29T14:58:03+00:00\",\"breadcrumb\":{\"@id\":\"https:\/\/www.daisho.be\/de\/produit\/akupressur-kissen\/#breadcrumb\"},\"inLanguage\":\"de\",\"potentialAction\":[{\"@type\":\"ReadAction\",\"target\":[\"https:\/\/www.daisho.be\/de\/produit\/akupressur-kissen\/\"]}]},{\"@type\":\"ImageObject\",\"inLanguage\":\"de\",\"@id\":\"https:\/\/www.daisho.be\/de\/produit\/akupressur-kissen\/#primaryimage\",\"url\":\"https:\/\/www.daisho.be\/wp-content\/uploads\/2025\/11\/image-134.jpg\",\"contentUrl\":\"https:\/\/www.daisho.be\/wp-content\/uploads\/2025\/11\/image-134.jpg\",\"width\":1981,\"height\":1603,\"caption\":\"dav\"},{\"@type\":\"BreadcrumbList\",\"@id\":\"https:\/\/www.daisho.be\/de\/produit\/akupressur-kissen\/#breadcrumb\",\"itemListElement\":[{\"@type\":\"ListItem\",\"position\":1,\"name\":\"Accueil\",\"item\":\"https:\/\/www.daisho.be\/de\/\"},{\"@type\":\"ListItem\",\"position\":2,\"name\":\"Produkte\",\"item\":\"https:\/\/www.daisho.be\/de\/produkte\/\"},{\"@type\":\"ListItem\",\"position\":3,\"name\":\"Sportlerpflege\",\"item\":\"https:\/\/www.daisho.be\/de\/categorie-produit\/sportlerpflege\/\"},{\"@type\":\"ListItem\",\"position\":4,\"name\":\"Massage-Therapie\",\"item\":\"https:\/\/www.daisho.be\/de\/categorie-produit\/sportlerpflege\/massage-therapie\/\"},{\"@type\":\"ListItem\",\"position\":5,\"name\":\"Akupressur-Kissen\"}]},{\"@type\":\"WebSite\",\"@id\":\"https:\/\/www.daisho.be\/de\/#website\",\"url\":\"https:\/\/www.daisho.be\/de\/\",\"name\":\"Daisho\",\"description\":\"Sp&eacute;cialiste de l'&eacute;quipement sportif d'arts martiaux\",\"publisher\":{\"@id\":\"https:\/\/www.daisho.be\/de\/#organization\"},\"potentialAction\":[{\"@type\":\"SearchAction\",\"target\":{\"@type\":\"EntryPoint\",\"urlTemplate\":\"https:\/\/www.daisho.be\/de\/?s={search_term_string}\"},\"query-input\":{\"@type\":\"PropertyValueSpecification\",\"valueRequired\":true,\"valueName\":\"search_term_string\"}}],\"inLanguage\":\"de\"},{\"@type\":\"Organization\",\"@id\":\"https:\/\/www.daisho.be\/de\/#organization\",\"name\":\"Daisho\",\"url\":\"https:\/\/www.daisho.be\/de\/\",\"logo\":{\"@type\":\"ImageObject\",\"inLanguage\":\"de\",\"@id\":\"https:\/\/www.daisho.be\/de\/#\/schema\/logo\/image\/\",\"url\":\"https:\/\/www.daisho.be\/wp-content\/uploads\/2019\/07\/color-nothing-horizontale4x-e1564486100247.png\",\"contentUrl\":\"https:\/\/www.daisho.be\/wp-content\/uploads\/2019\/07\/color-nothing-horizontale4x-e1564486100247.png\",\"width\":1547,\"height\":385,\"caption\":\"Daisho\"},\"image\":{\"@id\":\"https:\/\/www.daisho.be\/de\/#\/schema\/logo\/image\/\"}}]}<\/script>\n<!-- \/ Yoast SEO plugin. -->","yoast_head_json":{"title":"Akupressur-Kissen &#8211; Daisho","robots":{"index":"index","follow":"follow","max-snippet":"max-snippet:-1","max-image-preview":"max-image-preview:large","max-video-preview":"max-video-preview:-1"},"canonical":"https:\/\/www.daisho.be\/de\/produit\/akupressur-kissen\/","og_locale":"de_DE","og_type":"article","og_title":"Akupressur-Kissen &#8211; Daisho","og_description":"Dank des weichen Schaumstoffs passt sich dieses Kissen perfekt an Ihren Nacken und Kopf an. Nach und nach gew\u00f6hnt sich Ihr K\u00f6rper w\u00e4hrend der Sitzung an die Noppen. Sie werden die entspannende Wirkung der Akupressur sp\u00fcren, Stress- und M\u00fcdigkeitsspannungen werden gel\u00f6st.Abnehmbarer Bezug mit Rei\u00dfverschluss. Handw\u00e4sche. -\u00a2 L\u00e4nge: 40 cm -\u00a2 Breite: 15 cm -\u00a2 H\u00f6he: [&hellip;]","og_url":"https:\/\/www.daisho.be\/de\/produit\/akupressur-kissen\/","og_site_name":"Daisho","og_image":[{"width":1981,"height":1603,"url":"https:\/\/www.daisho.be\/wp-content\/uploads\/2025\/11\/image-134.jpg","type":"image\/jpeg"}],"twitter_card":"summary_large_image","schema":{"@context":"https:\/\/schema.org","@graph":[{"@type":"WebPage","@id":"https:\/\/www.daisho.be\/de\/produit\/akupressur-kissen\/","url":"https:\/\/www.daisho.be\/de\/produit\/akupressur-kissen\/","name":"Akupressur-Kissen &#8211; Daisho","isPartOf":{"@id":"https:\/\/www.daisho.be\/de\/#website"},"primaryImageOfPage":{"@id":"https:\/\/www.daisho.be\/de\/produit\/akupressur-kissen\/#primaryimage"},"image":{"@id":"https:\/\/www.daisho.be\/de\/produit\/akupressur-kissen\/#primaryimage"},"thumbnailUrl":"https:\/\/www.daisho.be\/wp-content\/uploads\/2025\/11\/image-134.jpg","datePublished":"2025-11-29T14:58:03+00:00","breadcrumb":{"@id":"https:\/\/www.daisho.be\/de\/produit\/akupressur-kissen\/#breadcrumb"},"inLanguage":"de","potentialAction":[{"@type":"ReadAction","target":["https:\/\/www.daisho.be\/de\/produit\/akupressur-kissen\/"]}]},{"@type":"ImageObject","inLanguage":"de","@id":"https:\/\/www.daisho.be\/de\/produit\/akupressur-kissen\/#primaryimage","url":"https:\/\/www.daisho.be\/wp-content\/uploads\/2025\/11\/image-134.jpg","contentUrl":"https:\/\/www.daisho.be\/wp-content\/uploads\/2025\/11\/image-134.jpg","width":1981,"height":1603,"caption":"dav"},{"@type":"BreadcrumbList","@id":"https:\/\/www.daisho.be\/de\/produit\/akupressur-kissen\/#breadcrumb","itemListElement":[{"@type":"ListItem","position":1,"name":"Accueil","item":"https:\/\/www.daisho.be\/de\/"},{"@type":"ListItem","position":2,"name":"Produkte","item":"https:\/\/www.daisho.be\/de\/produkte\/"},{"@type":"ListItem","position":3,"name":"Sportlerpflege","item":"https:\/\/www.daisho.be\/de\/categorie-produit\/sportlerpflege\/"},{"@type":"ListItem","position":4,"name":"Massage-Therapie","item":"https:\/\/www.daisho.be\/de\/categorie-produit\/sportlerpflege\/massage-therapie\/"},{"@type":"ListItem","position":5,"name":"Akupressur-Kissen"}]},{"@type":"WebSite","@id":"https:\/\/www.daisho.be\/de\/#website","url":"https:\/\/www.daisho.be\/de\/","name":"Daisho","description":"Sp&eacute;cialiste de l'&eacute;quipement sportif d'arts martiaux","publisher":{"@id":"https:\/\/www.daisho.be\/de\/#organization"},"potentialAction":[{"@type":"SearchAction","target":{"@type":"EntryPoint","urlTemplate":"https:\/\/www.daisho.be\/de\/?s={search_term_string}"},"query-input":{"@type":"PropertyValueSpecification","valueRequired":true,"valueName":"search_term_string"}}],"inLanguage":"de"},{"@type":"Organization","@id":"https:\/\/www.daisho.be\/de\/#organization","name":"Daisho","url":"https:\/\/www.daisho.be\/de\/","logo":{"@type":"ImageObject","inLanguage":"de","@id":"https:\/\/www.daisho.be\/de\/#\/schema\/logo\/image\/","url":"https:\/\/www.daisho.be\/wp-content\/uploads\/2019\/07\/color-nothing-horizontale4x-e1564486100247.png","contentUrl":"https:\/\/www.daisho.be\/wp-content\/uploads\/2019\/07\/color-nothing-horizontale4x-e1564486100247.png","width":1547,"height":385,"caption":"Daisho"},"image":{"@id":"https:\/\/www.daisho.be\/de\/#\/schema\/logo\/image\/"}}]}},"_links":{"self":[{"href":"https:\/\/www.daisho.be\/de\/wp-json\/wp\/v2\/product\/629710","targetHints":{"allow":["GET"]}}],"collection":[{"href":"https:\/\/www.daisho.be\/de\/wp-json\/wp\/v2\/product"}],"about":[{"href":"https:\/\/www.daisho.be\/de\/wp-json\/wp\/v2\/types\/product"}],"replies":[{"embeddable":true,"href":"https:\/\/www.daisho.be\/de\/wp-json\/wp\/v2\/comments?post=629710"}],"wp:featuredmedia":[{"embeddable":true,"href":"https:\/\/www.daisho.be\/de\/wp-json\/wp\/v2\/media\/629684"}],"wp:attachment":[{"href":"https:\/\/www.daisho.be\/de\/wp-json\/wp\/v2\/media?parent=629710"}],"wp:term":[{"taxonomy":"product_brand","embeddable":true,"href":"https:\/\/www.daisho.be\/de\/wp-json\/wp\/v2\/product_brand?post=629710"},{"taxonomy":"product_cat","embeddable":true,"href":"https:\/\/www.daisho.be\/de\/wp-json\/wp\/v2\/product_cat?post=629710"},{"taxonomy":"product_tag","embeddable":true,"href":"https:\/\/www.daisho.be\/de\/wp-json\/wp\/v2\/product_tag?post=629710"},{"taxonomy":"sport","embeddable":true,"href":"https:\/\/www.daisho.be\/de\/wp-json\/wp\/v2\/sport?post=629710"}],"curies":[{"name":"wp","href":"https:\/\/api.w.org\/{rel}","templated":true}]}}