{"id":629597,"date":"2025-11-29T12:55:32","date_gmt":"2025-11-29T11:55:32","guid":{"rendered":"https:\/\/www.daisho.be\/produit\/antriebsstange\/"},"modified":"2026-04-07T10:50:52","modified_gmt":"2026-04-07T08:50:52","slug":"antriebsstange","status":"publish","type":"product","link":"https:\/\/www.daisho.be\/de\/produit\/antriebsstange\/","title":{"rendered":"Antriebsstange"},"content":{"rendered":"<p>Mit dieser multifunktionalen Klimmzugstange k\u00f6nnen Sie mehrere \u00dcbungen durchf\u00fchren, darunter die ber\u00fchmten Klimmz\u00fcge, die so effektiv sind, um Arme, R\u00fccken, Brust, Schultern und Bauchmuskeln zu trainieren.<br \/>\nPasst in 60 bis 90 cm breite T\u00fcren mit einem Rahmen mit Rand.<br \/>\nEs wird empfohlen, die T\u00fcr nicht mit dem Kopf nach unten zu benutzen.<\/p>\n<p>&#8211; L\u00e4nge: 103 cm<br \/>\n&#8211; Breite: 45 cm<br \/>\n&#8211; H\u00f6he: 20 cm<br \/>\n&#8211; Durchmesser des Griffs: 3,5 cm<br \/>\n&#8211; Gewicht: 120 kg<br \/>\n&#8211; Gewicht: 3,5 kg<br \/>\n&#8211; Material: Stahl<br \/>\n&#8211; Griffe aus Schaumstoff<\/p>\n","protected":false},"excerpt":{"rendered":"<p>Mit dieser multifunktionalen Klimmzugstange k\u00f6nnen Sie mehrere \u00dcbungen durchf\u00fchren, darunter die ber\u00fchmten Klimmz\u00fcge, die so effektiv sind, um Arme, R\u00fccken, Brust, Schultern und Bauchmuskeln zu trainieren. Passt in 60 bis 90 cm breite T\u00fcren mit einem Rahmen mit Rand. Es wird empfohlen, die T\u00fcr nicht mit dem Kopf nach unten zu benutzen. &#8211; L\u00e4nge: 103 [&hellip;]<\/p>\n","protected":false},"featured_media":629572,"comment_status":"open","ping_status":"closed","template":"","meta":{"inline_featured_image":false},"product_brand":[],"product_cat":[2356],"product_tag":[2225],"sport":[],"class_list":{"0":"post-629597","1":"product","2":"type-product","3":"status-publish","4":"has-post-thumbnail","6":"product_cat-andere-de","7":"product_tag-sveltus-de","8":"pa_size-sans-taille-defaut","10":"first","11":"instock","12":"taxable","13":"shipping-taxable","14":"purchasable","15":"product-type-simple"},"yoast_head":"<!-- This site is optimized with the Yoast SEO plugin v27.2 - https:\/\/yoast.com\/product\/yoast-seo-wordpress\/ -->\n<title>Antriebsstange &#8211; Daisho<\/title>\n<meta name=\"robots\" content=\"index, follow, max-snippet:-1, max-image-preview:large, max-video-preview:-1\" \/>\n<link rel=\"canonical\" href=\"https:\/\/www.daisho.be\/de\/produit\/antriebsstange\/\" \/>\n<meta property=\"og:locale\" content=\"de_DE\" \/>\n<meta property=\"og:type\" content=\"article\" \/>\n<meta property=\"og:title\" content=\"Antriebsstange &#8211; Daisho\" \/>\n<meta property=\"og:description\" content=\"Mit dieser multifunktionalen Klimmzugstange k\u00f6nnen Sie mehrere \u00dcbungen durchf\u00fchren, darunter die ber\u00fchmten Klimmz\u00fcge, die so effektiv sind, um Arme, R\u00fccken, Brust, Schultern und Bauchmuskeln zu trainieren. Passt in 60 bis 90 cm breite T\u00fcren mit einem Rahmen mit Rand. Es wird empfohlen, die T\u00fcr nicht mit dem Kopf nach unten zu benutzen. &#8211; L\u00e4nge: 103 [&hellip;]\" \/>\n<meta property=\"og:url\" content=\"https:\/\/www.daisho.be\/de\/produit\/antriebsstange\/\" \/>\n<meta property=\"og:site_name\" content=\"Daisho\" \/>\n<meta property=\"article:modified_time\" content=\"2026-04-07T08:50:52+00:00\" \/>\n<meta property=\"og:image\" content=\"https:\/\/www.daisho.be\/wp-content\/uploads\/2025\/11\/image-128-scaled.jpg\" \/>\n\t<meta property=\"og:image:width\" content=\"2048\" \/>\n\t<meta property=\"og:image:height\" content=\"1365\" \/>\n\t<meta property=\"og:image:type\" content=\"image\/jpeg\" \/>\n<meta name=\"twitter:card\" content=\"summary_large_image\" \/>\n<script type=\"application\/ld+json\" class=\"yoast-schema-graph\">{\"@context\":\"https:\/\/schema.org\",\"@graph\":[{\"@type\":\"WebPage\",\"@id\":\"https:\/\/www.daisho.be\/de\/produit\/antriebsstange\/\",\"url\":\"https:\/\/www.daisho.be\/de\/produit\/antriebsstange\/\",\"name\":\"Antriebsstange &#8211; Daisho\",\"isPartOf\":{\"@id\":\"https:\/\/www.daisho.be\/de\/#website\"},\"primaryImageOfPage\":{\"@id\":\"https:\/\/www.daisho.be\/de\/produit\/antriebsstange\/#primaryimage\"},\"image\":{\"@id\":\"https:\/\/www.daisho.be\/de\/produit\/antriebsstange\/#primaryimage\"},\"thumbnailUrl\":\"https:\/\/www.daisho.be\/wp-content\/uploads\/2025\/11\/image-128-scaled.jpg\",\"datePublished\":\"2025-11-29T11:55:32+00:00\",\"dateModified\":\"2026-04-07T08:50:52+00:00\",\"breadcrumb\":{\"@id\":\"https:\/\/www.daisho.be\/de\/produit\/antriebsstange\/#breadcrumb\"},\"inLanguage\":\"de\",\"potentialAction\":[{\"@type\":\"ReadAction\",\"target\":[\"https:\/\/www.daisho.be\/de\/produit\/antriebsstange\/\"]}]},{\"@type\":\"ImageObject\",\"inLanguage\":\"de\",\"@id\":\"https:\/\/www.daisho.be\/de\/produit\/antriebsstange\/#primaryimage\",\"url\":\"https:\/\/www.daisho.be\/wp-content\/uploads\/2025\/11\/image-128-scaled.jpg\",\"contentUrl\":\"https:\/\/www.daisho.be\/wp-content\/uploads\/2025\/11\/image-128-scaled.jpg\",\"width\":2048,\"height\":1365,\"caption\":\"Antriebsstange-1\"},{\"@type\":\"BreadcrumbList\",\"@id\":\"https:\/\/www.daisho.be\/de\/produit\/antriebsstange\/#breadcrumb\",\"itemListElement\":[{\"@type\":\"ListItem\",\"position\":1,\"name\":\"Accueil\",\"item\":\"https:\/\/www.daisho.be\/de\/\"},{\"@type\":\"ListItem\",\"position\":2,\"name\":\"Produkte\",\"item\":\"https:\/\/www.daisho.be\/de\/produkte\/\"},{\"@type\":\"ListItem\",\"position\":3,\"name\":\"Andere\",\"item\":\"https:\/\/www.daisho.be\/de\/categorie-produit\/andere-de\/\"},{\"@type\":\"ListItem\",\"position\":4,\"name\":\"Antriebsstange\"}]},{\"@type\":\"WebSite\",\"@id\":\"https:\/\/www.daisho.be\/de\/#website\",\"url\":\"https:\/\/www.daisho.be\/de\/\",\"name\":\"Daisho\",\"description\":\"Sp&eacute;cialiste de l'&eacute;quipement sportif d'arts martiaux\",\"publisher\":{\"@id\":\"https:\/\/www.daisho.be\/de\/#organization\"},\"potentialAction\":[{\"@type\":\"SearchAction\",\"target\":{\"@type\":\"EntryPoint\",\"urlTemplate\":\"https:\/\/www.daisho.be\/de\/?s={search_term_string}\"},\"query-input\":{\"@type\":\"PropertyValueSpecification\",\"valueRequired\":true,\"valueName\":\"search_term_string\"}}],\"inLanguage\":\"de\"},{\"@type\":\"Organization\",\"@id\":\"https:\/\/www.daisho.be\/de\/#organization\",\"name\":\"Daisho\",\"url\":\"https:\/\/www.daisho.be\/de\/\",\"logo\":{\"@type\":\"ImageObject\",\"inLanguage\":\"de\",\"@id\":\"https:\/\/www.daisho.be\/de\/#\/schema\/logo\/image\/\",\"url\":\"https:\/\/www.daisho.be\/wp-content\/uploads\/2019\/07\/color-nothing-horizontale4x-e1564486100247.png\",\"contentUrl\":\"https:\/\/www.daisho.be\/wp-content\/uploads\/2019\/07\/color-nothing-horizontale4x-e1564486100247.png\",\"width\":1547,\"height\":385,\"caption\":\"Daisho\"},\"image\":{\"@id\":\"https:\/\/www.daisho.be\/de\/#\/schema\/logo\/image\/\"}}]}<\/script>\n<!-- \/ Yoast SEO plugin. -->","yoast_head_json":{"title":"Antriebsstange &#8211; Daisho","robots":{"index":"index","follow":"follow","max-snippet":"max-snippet:-1","max-image-preview":"max-image-preview:large","max-video-preview":"max-video-preview:-1"},"canonical":"https:\/\/www.daisho.be\/de\/produit\/antriebsstange\/","og_locale":"de_DE","og_type":"article","og_title":"Antriebsstange &#8211; Daisho","og_description":"Mit dieser multifunktionalen Klimmzugstange k\u00f6nnen Sie mehrere \u00dcbungen durchf\u00fchren, darunter die ber\u00fchmten Klimmz\u00fcge, die so effektiv sind, um Arme, R\u00fccken, Brust, Schultern und Bauchmuskeln zu trainieren. Passt in 60 bis 90 cm breite T\u00fcren mit einem Rahmen mit Rand. Es wird empfohlen, die T\u00fcr nicht mit dem Kopf nach unten zu benutzen. &#8211; L\u00e4nge: 103 [&hellip;]","og_url":"https:\/\/www.daisho.be\/de\/produit\/antriebsstange\/","og_site_name":"Daisho","article_modified_time":"2026-04-07T08:50:52+00:00","og_image":[{"width":2048,"height":1365,"url":"https:\/\/www.daisho.be\/wp-content\/uploads\/2025\/11\/image-128-scaled.jpg","type":"image\/jpeg"}],"twitter_card":"summary_large_image","schema":{"@context":"https:\/\/schema.org","@graph":[{"@type":"WebPage","@id":"https:\/\/www.daisho.be\/de\/produit\/antriebsstange\/","url":"https:\/\/www.daisho.be\/de\/produit\/antriebsstange\/","name":"Antriebsstange &#8211; Daisho","isPartOf":{"@id":"https:\/\/www.daisho.be\/de\/#website"},"primaryImageOfPage":{"@id":"https:\/\/www.daisho.be\/de\/produit\/antriebsstange\/#primaryimage"},"image":{"@id":"https:\/\/www.daisho.be\/de\/produit\/antriebsstange\/#primaryimage"},"thumbnailUrl":"https:\/\/www.daisho.be\/wp-content\/uploads\/2025\/11\/image-128-scaled.jpg","datePublished":"2025-11-29T11:55:32+00:00","dateModified":"2026-04-07T08:50:52+00:00","breadcrumb":{"@id":"https:\/\/www.daisho.be\/de\/produit\/antriebsstange\/#breadcrumb"},"inLanguage":"de","potentialAction":[{"@type":"ReadAction","target":["https:\/\/www.daisho.be\/de\/produit\/antriebsstange\/"]}]},{"@type":"ImageObject","inLanguage":"de","@id":"https:\/\/www.daisho.be\/de\/produit\/antriebsstange\/#primaryimage","url":"https:\/\/www.daisho.be\/wp-content\/uploads\/2025\/11\/image-128-scaled.jpg","contentUrl":"https:\/\/www.daisho.be\/wp-content\/uploads\/2025\/11\/image-128-scaled.jpg","width":2048,"height":1365,"caption":"Antriebsstange-1"},{"@type":"BreadcrumbList","@id":"https:\/\/www.daisho.be\/de\/produit\/antriebsstange\/#breadcrumb","itemListElement":[{"@type":"ListItem","position":1,"name":"Accueil","item":"https:\/\/www.daisho.be\/de\/"},{"@type":"ListItem","position":2,"name":"Produkte","item":"https:\/\/www.daisho.be\/de\/produkte\/"},{"@type":"ListItem","position":3,"name":"Andere","item":"https:\/\/www.daisho.be\/de\/categorie-produit\/andere-de\/"},{"@type":"ListItem","position":4,"name":"Antriebsstange"}]},{"@type":"WebSite","@id":"https:\/\/www.daisho.be\/de\/#website","url":"https:\/\/www.daisho.be\/de\/","name":"Daisho","description":"Sp&eacute;cialiste de l'&eacute;quipement sportif d'arts martiaux","publisher":{"@id":"https:\/\/www.daisho.be\/de\/#organization"},"potentialAction":[{"@type":"SearchAction","target":{"@type":"EntryPoint","urlTemplate":"https:\/\/www.daisho.be\/de\/?s={search_term_string}"},"query-input":{"@type":"PropertyValueSpecification","valueRequired":true,"valueName":"search_term_string"}}],"inLanguage":"de"},{"@type":"Organization","@id":"https:\/\/www.daisho.be\/de\/#organization","name":"Daisho","url":"https:\/\/www.daisho.be\/de\/","logo":{"@type":"ImageObject","inLanguage":"de","@id":"https:\/\/www.daisho.be\/de\/#\/schema\/logo\/image\/","url":"https:\/\/www.daisho.be\/wp-content\/uploads\/2019\/07\/color-nothing-horizontale4x-e1564486100247.png","contentUrl":"https:\/\/www.daisho.be\/wp-content\/uploads\/2019\/07\/color-nothing-horizontale4x-e1564486100247.png","width":1547,"height":385,"caption":"Daisho"},"image":{"@id":"https:\/\/www.daisho.be\/de\/#\/schema\/logo\/image\/"}}]}},"_links":{"self":[{"href":"https:\/\/www.daisho.be\/de\/wp-json\/wp\/v2\/product\/629597","targetHints":{"allow":["GET"]}}],"collection":[{"href":"https:\/\/www.daisho.be\/de\/wp-json\/wp\/v2\/product"}],"about":[{"href":"https:\/\/www.daisho.be\/de\/wp-json\/wp\/v2\/types\/product"}],"replies":[{"embeddable":true,"href":"https:\/\/www.daisho.be\/de\/wp-json\/wp\/v2\/comments?post=629597"}],"wp:featuredmedia":[{"embeddable":true,"href":"https:\/\/www.daisho.be\/de\/wp-json\/wp\/v2\/media\/629572"}],"wp:attachment":[{"href":"https:\/\/www.daisho.be\/de\/wp-json\/wp\/v2\/media?parent=629597"}],"wp:term":[{"taxonomy":"product_brand","embeddable":true,"href":"https:\/\/www.daisho.be\/de\/wp-json\/wp\/v2\/product_brand?post=629597"},{"taxonomy":"product_cat","embeddable":true,"href":"https:\/\/www.daisho.be\/de\/wp-json\/wp\/v2\/product_cat?post=629597"},{"taxonomy":"product_tag","embeddable":true,"href":"https:\/\/www.daisho.be\/de\/wp-json\/wp\/v2\/product_tag?post=629597"},{"taxonomy":"sport","embeddable":true,"href":"https:\/\/www.daisho.be\/de\/wp-json\/wp\/v2\/sport?post=629597"}],"curies":[{"name":"wp","href":"https:\/\/api.w.org\/{rel}","templated":true}]}}