{"id":627460,"date":"2025-11-21T14:42:02","date_gmt":"2025-11-21T13:42:02","guid":{"rendered":"https:\/\/www.daisho.be\/produit\/adidas-duffle-bag-tr-schwarz-weiss\/"},"modified":"2025-11-21T14:42:02","modified_gmt":"2025-11-21T13:42:02","slug":"adidas-duffle-bag-tr-schwarz-weiss","status":"publish","type":"product","link":"https:\/\/www.daisho.be\/de\/produit\/adidas-duffle-bag-tr-schwarz-weiss\/","title":{"rendered":"adidas Duffle Bag TR schwarz\/wei\u00df"},"content":{"rendered":"<p>Diese adidas Sporttasche wurde entworfen, um Ihre sportlichen und t\u00e4glichen Reisen zu erleichtern.<br \/>\nSie verf\u00fcgt \u00fcber ein gro\u00dfes Hauptfach, eine Vordertasche mit Rei\u00dfverschluss und einen verstellbaren Schultergurt f\u00fcr bequemes Tragen.<br \/>\nDer wetterfeste, beschichtete Boden sorgt f\u00fcr einen guten Halt und eine lange Lebensdauer.<br \/>\nGeeignet f\u00fcr Training, Vereine und regelm\u00e4\u00dfige Aktivit\u00e4ten.<\/p>\n<p>Schl\u00fcsselvorteile:<\/p>\n<p>Einfache Organisation durch das Hauptfach und die Rei\u00dfverschlusstasche<\/p>\n<p>Verstellbarer Schultergurt f\u00fcr individuelles Tragen<\/p>\n<p>Strapazierf\u00e4higer, spritzwassergesch\u00fctzter, beschichteter Boden<\/p>\n<p>Ideales Format f\u00fcr Sport oder Kurzreisen.<\/p>\n","protected":false},"excerpt":{"rendered":"<p>Diese adidas Sporttasche wurde entworfen, um Ihre sportlichen und t\u00e4glichen Reisen zu erleichtern. Sie verf\u00fcgt \u00fcber ein gro\u00dfes Hauptfach, eine Vordertasche mit Rei\u00dfverschluss und einen verstellbaren Schultergurt f\u00fcr bequemes Tragen. Der wetterfeste, beschichtete Boden sorgt f\u00fcr einen guten Halt und eine lange Lebensdauer. Geeignet f\u00fcr Training, Vereine und regelm\u00e4\u00dfige Aktivit\u00e4ten. Schl\u00fcsselvorteile: Einfache Organisation durch das [&hellip;]<\/p>\n","protected":false},"featured_media":627449,"comment_status":"open","ping_status":"closed","template":"","meta":{"inline_featured_image":false},"product_brand":[],"product_cat":[2263,2063,2300],"product_tag":[2178],"sport":[],"class_list":{"0":"post-627460","1":"product","2":"type-product","3":"status-publish","4":"has-post-thumbnail","6":"product_cat-karate-tasche-adidas","7":"product_cat-karate-taschen","8":"product_cat-taschen-adidas-combat-sports","9":"product_tag-adidas-de","10":"pa_size-m","12":"first","13":"instock","14":"taxable","15":"shipping-taxable","16":"purchasable","17":"product-type-variable"},"yoast_head":"<!-- This site is optimized with the Yoast SEO plugin v27.2 - https:\/\/yoast.com\/product\/yoast-seo-wordpress\/ -->\n<title>adidas Duffle Bag TR schwarz\/wei\u00df &#8211; Daisho<\/title>\n<meta name=\"robots\" content=\"index, follow, max-snippet:-1, max-image-preview:large, max-video-preview:-1\" \/>\n<link rel=\"canonical\" href=\"https:\/\/www.daisho.be\/de\/produit\/adidas-duffle-bag-tr-schwarz-weiss\/\" \/>\n<meta property=\"og:locale\" content=\"de_DE\" \/>\n<meta property=\"og:type\" content=\"article\" \/>\n<meta property=\"og:title\" content=\"adidas Duffle Bag TR schwarz\/wei\u00df &#8211; Daisho\" \/>\n<meta property=\"og:description\" content=\"Diese adidas Sporttasche wurde entworfen, um Ihre sportlichen und t\u00e4glichen Reisen zu erleichtern. Sie verf\u00fcgt \u00fcber ein gro\u00dfes Hauptfach, eine Vordertasche mit Rei\u00dfverschluss und einen verstellbaren Schultergurt f\u00fcr bequemes Tragen. Der wetterfeste, beschichtete Boden sorgt f\u00fcr einen guten Halt und eine lange Lebensdauer. Geeignet f\u00fcr Training, Vereine und regelm\u00e4\u00dfige Aktivit\u00e4ten. Schl\u00fcsselvorteile: Einfache Organisation durch das [&hellip;]\" \/>\n<meta property=\"og:url\" content=\"https:\/\/www.daisho.be\/de\/produit\/adidas-duffle-bag-tr-schwarz-weiss\/\" \/>\n<meta property=\"og:site_name\" content=\"Daisho\" \/>\n<meta property=\"og:image\" content=\"https:\/\/www.daisho.be\/wp-content\/uploads\/2025\/11\/image-5.webp\" \/>\n\t<meta property=\"og:image:width\" content=\"1200\" \/>\n\t<meta property=\"og:image:height\" content=\"1138\" \/>\n\t<meta property=\"og:image:type\" content=\"image\/webp\" \/>\n<meta name=\"twitter:card\" content=\"summary_large_image\" \/>\n<script type=\"application\/ld+json\" class=\"yoast-schema-graph\">{\"@context\":\"https:\/\/schema.org\",\"@graph\":[{\"@type\":\"WebPage\",\"@id\":\"https:\/\/www.daisho.be\/de\/produit\/adidas-duffle-bag-tr-schwarz-weiss\/\",\"url\":\"https:\/\/www.daisho.be\/de\/produit\/adidas-duffle-bag-tr-schwarz-weiss\/\",\"name\":\"adidas Duffle Bag TR schwarz\/wei\u00df &#8211; Daisho\",\"isPartOf\":{\"@id\":\"https:\/\/www.daisho.be\/de\/#website\"},\"primaryImageOfPage\":{\"@id\":\"https:\/\/www.daisho.be\/de\/produit\/adidas-duffle-bag-tr-schwarz-weiss\/#primaryimage\"},\"image\":{\"@id\":\"https:\/\/www.daisho.be\/de\/produit\/adidas-duffle-bag-tr-schwarz-weiss\/#primaryimage\"},\"thumbnailUrl\":\"https:\/\/www.daisho.be\/wp-content\/uploads\/2025\/11\/image-5.webp\",\"datePublished\":\"2025-11-21T13:42:02+00:00\",\"breadcrumb\":{\"@id\":\"https:\/\/www.daisho.be\/de\/produit\/adidas-duffle-bag-tr-schwarz-weiss\/#breadcrumb\"},\"inLanguage\":\"de\",\"potentialAction\":[{\"@type\":\"ReadAction\",\"target\":[\"https:\/\/www.daisho.be\/de\/produit\/adidas-duffle-bag-tr-schwarz-weiss\/\"]}]},{\"@type\":\"ImageObject\",\"inLanguage\":\"de\",\"@id\":\"https:\/\/www.daisho.be\/de\/produit\/adidas-duffle-bag-tr-schwarz-weiss\/#primaryimage\",\"url\":\"https:\/\/www.daisho.be\/wp-content\/uploads\/2025\/11\/image-5.webp\",\"contentUrl\":\"https:\/\/www.daisho.be\/wp-content\/uploads\/2025\/11\/image-5.webp\",\"width\":1200,\"height\":1138,\"caption\":\"Sac adidas Duffle Bag TR noir\/blanc-1\"},{\"@type\":\"BreadcrumbList\",\"@id\":\"https:\/\/www.daisho.be\/de\/produit\/adidas-duffle-bag-tr-schwarz-weiss\/#breadcrumb\",\"itemListElement\":[{\"@type\":\"ListItem\",\"position\":1,\"name\":\"Accueil\",\"item\":\"https:\/\/www.daisho.be\/de\/\"},{\"@type\":\"ListItem\",\"position\":2,\"name\":\"Produkte\",\"item\":\"https:\/\/www.daisho.be\/de\/produkte\/\"},{\"@type\":\"ListItem\",\"position\":3,\"name\":\"ADIDAS COMBAT SPORTS\",\"item\":\"https:\/\/www.daisho.be\/de\/categorie-produit\/adidas-combat-sports-de\/\"},{\"@type\":\"ListItem\",\"position\":4,\"name\":\"Karate\",\"item\":\"https:\/\/www.daisho.be\/de\/categorie-produit\/adidas-combat-sports-de\/karate-de\/\"},{\"@type\":\"ListItem\",\"position\":5,\"name\":\"Karate Tasche Adidas\",\"item\":\"https:\/\/www.daisho.be\/de\/categorie-produit\/adidas-combat-sports-de\/karate-de\/karate-tasche-adidas\/\"},{\"@type\":\"ListItem\",\"position\":6,\"name\":\"adidas Duffle Bag TR schwarz\/wei\u00df\"}]},{\"@type\":\"WebSite\",\"@id\":\"https:\/\/www.daisho.be\/de\/#website\",\"url\":\"https:\/\/www.daisho.be\/de\/\",\"name\":\"Daisho\",\"description\":\"Sp&eacute;cialiste de l'&eacute;quipement sportif d'arts martiaux\",\"publisher\":{\"@id\":\"https:\/\/www.daisho.be\/de\/#organization\"},\"potentialAction\":[{\"@type\":\"SearchAction\",\"target\":{\"@type\":\"EntryPoint\",\"urlTemplate\":\"https:\/\/www.daisho.be\/de\/?s={search_term_string}\"},\"query-input\":{\"@type\":\"PropertyValueSpecification\",\"valueRequired\":true,\"valueName\":\"search_term_string\"}}],\"inLanguage\":\"de\"},{\"@type\":\"Organization\",\"@id\":\"https:\/\/www.daisho.be\/de\/#organization\",\"name\":\"Daisho\",\"url\":\"https:\/\/www.daisho.be\/de\/\",\"logo\":{\"@type\":\"ImageObject\",\"inLanguage\":\"de\",\"@id\":\"https:\/\/www.daisho.be\/de\/#\/schema\/logo\/image\/\",\"url\":\"https:\/\/www.daisho.be\/wp-content\/uploads\/2019\/07\/color-nothing-horizontale4x-e1564486100247.png\",\"contentUrl\":\"https:\/\/www.daisho.be\/wp-content\/uploads\/2019\/07\/color-nothing-horizontale4x-e1564486100247.png\",\"width\":1547,\"height\":385,\"caption\":\"Daisho\"},\"image\":{\"@id\":\"https:\/\/www.daisho.be\/de\/#\/schema\/logo\/image\/\"}}]}<\/script>\n<!-- \/ Yoast SEO plugin. -->","yoast_head_json":{"title":"adidas Duffle Bag TR schwarz\/wei\u00df &#8211; Daisho","robots":{"index":"index","follow":"follow","max-snippet":"max-snippet:-1","max-image-preview":"max-image-preview:large","max-video-preview":"max-video-preview:-1"},"canonical":"https:\/\/www.daisho.be\/de\/produit\/adidas-duffle-bag-tr-schwarz-weiss\/","og_locale":"de_DE","og_type":"article","og_title":"adidas Duffle Bag TR schwarz\/wei\u00df &#8211; Daisho","og_description":"Diese adidas Sporttasche wurde entworfen, um Ihre sportlichen und t\u00e4glichen Reisen zu erleichtern. Sie verf\u00fcgt \u00fcber ein gro\u00dfes Hauptfach, eine Vordertasche mit Rei\u00dfverschluss und einen verstellbaren Schultergurt f\u00fcr bequemes Tragen. Der wetterfeste, beschichtete Boden sorgt f\u00fcr einen guten Halt und eine lange Lebensdauer. Geeignet f\u00fcr Training, Vereine und regelm\u00e4\u00dfige Aktivit\u00e4ten. Schl\u00fcsselvorteile: Einfache Organisation durch das [&hellip;]","og_url":"https:\/\/www.daisho.be\/de\/produit\/adidas-duffle-bag-tr-schwarz-weiss\/","og_site_name":"Daisho","og_image":[{"width":1200,"height":1138,"url":"https:\/\/www.daisho.be\/wp-content\/uploads\/2025\/11\/image-5.webp","type":"image\/webp"}],"twitter_card":"summary_large_image","schema":{"@context":"https:\/\/schema.org","@graph":[{"@type":"WebPage","@id":"https:\/\/www.daisho.be\/de\/produit\/adidas-duffle-bag-tr-schwarz-weiss\/","url":"https:\/\/www.daisho.be\/de\/produit\/adidas-duffle-bag-tr-schwarz-weiss\/","name":"adidas Duffle Bag TR schwarz\/wei\u00df &#8211; Daisho","isPartOf":{"@id":"https:\/\/www.daisho.be\/de\/#website"},"primaryImageOfPage":{"@id":"https:\/\/www.daisho.be\/de\/produit\/adidas-duffle-bag-tr-schwarz-weiss\/#primaryimage"},"image":{"@id":"https:\/\/www.daisho.be\/de\/produit\/adidas-duffle-bag-tr-schwarz-weiss\/#primaryimage"},"thumbnailUrl":"https:\/\/www.daisho.be\/wp-content\/uploads\/2025\/11\/image-5.webp","datePublished":"2025-11-21T13:42:02+00:00","breadcrumb":{"@id":"https:\/\/www.daisho.be\/de\/produit\/adidas-duffle-bag-tr-schwarz-weiss\/#breadcrumb"},"inLanguage":"de","potentialAction":[{"@type":"ReadAction","target":["https:\/\/www.daisho.be\/de\/produit\/adidas-duffle-bag-tr-schwarz-weiss\/"]}]},{"@type":"ImageObject","inLanguage":"de","@id":"https:\/\/www.daisho.be\/de\/produit\/adidas-duffle-bag-tr-schwarz-weiss\/#primaryimage","url":"https:\/\/www.daisho.be\/wp-content\/uploads\/2025\/11\/image-5.webp","contentUrl":"https:\/\/www.daisho.be\/wp-content\/uploads\/2025\/11\/image-5.webp","width":1200,"height":1138,"caption":"Sac adidas Duffle Bag TR noir\/blanc-1"},{"@type":"BreadcrumbList","@id":"https:\/\/www.daisho.be\/de\/produit\/adidas-duffle-bag-tr-schwarz-weiss\/#breadcrumb","itemListElement":[{"@type":"ListItem","position":1,"name":"Accueil","item":"https:\/\/www.daisho.be\/de\/"},{"@type":"ListItem","position":2,"name":"Produkte","item":"https:\/\/www.daisho.be\/de\/produkte\/"},{"@type":"ListItem","position":3,"name":"ADIDAS COMBAT SPORTS","item":"https:\/\/www.daisho.be\/de\/categorie-produit\/adidas-combat-sports-de\/"},{"@type":"ListItem","position":4,"name":"Karate","item":"https:\/\/www.daisho.be\/de\/categorie-produit\/adidas-combat-sports-de\/karate-de\/"},{"@type":"ListItem","position":5,"name":"Karate Tasche Adidas","item":"https:\/\/www.daisho.be\/de\/categorie-produit\/adidas-combat-sports-de\/karate-de\/karate-tasche-adidas\/"},{"@type":"ListItem","position":6,"name":"adidas Duffle Bag TR schwarz\/wei\u00df"}]},{"@type":"WebSite","@id":"https:\/\/www.daisho.be\/de\/#website","url":"https:\/\/www.daisho.be\/de\/","name":"Daisho","description":"Sp&eacute;cialiste de l'&eacute;quipement sportif d'arts martiaux","publisher":{"@id":"https:\/\/www.daisho.be\/de\/#organization"},"potentialAction":[{"@type":"SearchAction","target":{"@type":"EntryPoint","urlTemplate":"https:\/\/www.daisho.be\/de\/?s={search_term_string}"},"query-input":{"@type":"PropertyValueSpecification","valueRequired":true,"valueName":"search_term_string"}}],"inLanguage":"de"},{"@type":"Organization","@id":"https:\/\/www.daisho.be\/de\/#organization","name":"Daisho","url":"https:\/\/www.daisho.be\/de\/","logo":{"@type":"ImageObject","inLanguage":"de","@id":"https:\/\/www.daisho.be\/de\/#\/schema\/logo\/image\/","url":"https:\/\/www.daisho.be\/wp-content\/uploads\/2019\/07\/color-nothing-horizontale4x-e1564486100247.png","contentUrl":"https:\/\/www.daisho.be\/wp-content\/uploads\/2019\/07\/color-nothing-horizontale4x-e1564486100247.png","width":1547,"height":385,"caption":"Daisho"},"image":{"@id":"https:\/\/www.daisho.be\/de\/#\/schema\/logo\/image\/"}}]}},"_links":{"self":[{"href":"https:\/\/www.daisho.be\/de\/wp-json\/wp\/v2\/product\/627460","targetHints":{"allow":["GET"]}}],"collection":[{"href":"https:\/\/www.daisho.be\/de\/wp-json\/wp\/v2\/product"}],"about":[{"href":"https:\/\/www.daisho.be\/de\/wp-json\/wp\/v2\/types\/product"}],"replies":[{"embeddable":true,"href":"https:\/\/www.daisho.be\/de\/wp-json\/wp\/v2\/comments?post=627460"}],"wp:featuredmedia":[{"embeddable":true,"href":"https:\/\/www.daisho.be\/de\/wp-json\/wp\/v2\/media\/627449"}],"wp:attachment":[{"href":"https:\/\/www.daisho.be\/de\/wp-json\/wp\/v2\/media?parent=627460"}],"wp:term":[{"taxonomy":"product_brand","embeddable":true,"href":"https:\/\/www.daisho.be\/de\/wp-json\/wp\/v2\/product_brand?post=627460"},{"taxonomy":"product_cat","embeddable":true,"href":"https:\/\/www.daisho.be\/de\/wp-json\/wp\/v2\/product_cat?post=627460"},{"taxonomy":"product_tag","embeddable":true,"href":"https:\/\/www.daisho.be\/de\/wp-json\/wp\/v2\/product_tag?post=627460"},{"taxonomy":"sport","embeddable":true,"href":"https:\/\/www.daisho.be\/de\/wp-json\/wp\/v2\/sport?post=627460"}],"curies":[{"name":"wp","href":"https:\/\/api.w.org\/{rel}","templated":true}]}}