{"id":624469,"date":"2025-11-19T15:51:12","date_gmt":"2025-11-19T14:51:12","guid":{"rendered":"https:\/\/www.daisho.be\/produit\/liniment-fuer-das-boxen-muay\/"},"modified":"2025-11-28T17:43:46","modified_gmt":"2025-11-28T16:43:46","slug":"liniment-fuer-das-boxen-muay","status":"publish","type":"product","link":"https:\/\/www.daisho.be\/de\/produit\/liniment-fuer-das-boxen-muay\/","title":{"rendered":"Liniment f\u00fcr das Boxen MUAY"},"content":{"rendered":"<p>Das Pre-Workout Massage\u00f6l ist ein Muss f\u00fcr jeden anspruchsvollen Sportler.<br \/>\nDie neue 100% nat\u00fcrliche Formel mit 7 w\u00e4rmenden Wirkstoffen bereitet Muskeln und Gelenke effektiv auf das Training vor.<br \/>\nEs regt die Durchblutung an, erh\u00f6ht die Beweglichkeit und verringert das Verletzungsrisiko f\u00fcr ein sichereres und leistungsf\u00e4higeres Aufw\u00e4rmen.<\/p>\n<p>Ideal f\u00fcr Karate, Kampfsport, Krafttraining und andere intensive k\u00f6rperliche Aktivit\u00e4ten.<\/p>\n<p>Merkmale :<\/p>\n<p>&#8211; Nat\u00fcrliche Formel, entwickelt f\u00fcr das Aufw\u00e4rmen beim Sport<\/p>\n<p>&#8211; 7 Heizmittel zur Aktivierung von Muskeln und Gelenken<\/p>\n<p>&#8211; Verbessert die Durchblutung und die Flexibilit\u00e4t der Muskeln<\/p>\n<p>&#8211; Hilft, Verletzungen durch unzureichendes Aufw\u00e4rmen zu reduzieren<\/p>\n<p>&#8211; Fl\u00fcssige Textur, schnelle Aufnahme, klebt nicht<\/p>\n<p>&#8211; Perfekt vor dem Training, Wettkampf oder intensiven Sitzungen.<\/p>\n<p>Vorteile :<\/p>\n<p>&#8211; Bereitet den K\u00f6rper schneller auf die Belastung vor<\/p>\n<p>&#8211; Tiefes und allm\u00e4hliches W\u00e4rmegef\u00fchl<\/p>\n<p>&#8211; Wirksam f\u00fcr h\u00e4ufig beanspruchte Bereiche: Schultern, R\u00fccken, Beine, H\u00fcften<\/p>\n<p>&#8211; Empfohlen von Trainern und regelm\u00e4\u00dfigen Sportlern<\/p>\n","protected":false},"excerpt":{"rendered":"<p>Das Pre-Workout Massage\u00f6l ist ein Muss f\u00fcr jeden anspruchsvollen Sportler. Die neue 100% nat\u00fcrliche Formel mit 7 w\u00e4rmenden Wirkstoffen bereitet Muskeln und Gelenke effektiv auf das Training vor. Es regt die Durchblutung an, erh\u00f6ht die Beweglichkeit und verringert das Verletzungsrisiko f\u00fcr ein sichereres und leistungsf\u00e4higeres Aufw\u00e4rmen. Ideal f\u00fcr Karate, Kampfsport, Krafttraining und andere intensive k\u00f6rperliche [&hellip;]<\/p>\n","protected":false},"featured_media":624442,"comment_status":"open","ping_status":"closed","template":"","meta":{"inline_featured_image":false},"product_brand":[],"product_cat":[2088,2169],"product_tag":[2556],"sport":[],"class_list":{"0":"post-624469","1":"product","2":"type-product","3":"status-publish","4":"has-post-thumbnail","6":"product_cat-cremes-de","7":"product_cat-pflege","8":"product_tag-namman-muay","9":"pa_size-sans-taille-defaut","11":"first","12":"instock","13":"taxable","14":"shipping-taxable","15":"purchasable","16":"product-type-variable"},"yoast_head":"<!-- This site is optimized with the Yoast SEO plugin v27.2 - https:\/\/yoast.com\/product\/yoast-seo-wordpress\/ -->\n<title>Liniment f\u00fcr das Boxen MUAY &#8211; Daisho<\/title>\n<meta name=\"description\" content=\"Entdecken Sie das Massage\u00f6l f\u00fcr Ihr Training vor dem Training. Das \u00d6l bereitet Ihre Muskeln vor der k\u00f6rperlichen Anstrengung vor. Finden Sie es auf www.daisho.be|Daisho\" \/>\n<meta name=\"robots\" content=\"index, follow, max-snippet:-1, max-image-preview:large, max-video-preview:-1\" \/>\n<link rel=\"canonical\" href=\"https:\/\/www.daisho.be\/de\/produit\/liniment-fuer-das-boxen-muay\/\" \/>\n<meta property=\"og:locale\" content=\"de_DE\" \/>\n<meta property=\"og:type\" content=\"article\" \/>\n<meta property=\"og:title\" content=\"Liniment f\u00fcr das Boxen MUAY &#8211; Daisho\" \/>\n<meta property=\"og:description\" content=\"Entdecken Sie das Massage\u00f6l f\u00fcr Ihr Training vor dem Training. Das \u00d6l bereitet Ihre Muskeln vor der k\u00f6rperlichen Anstrengung vor. Finden Sie es auf www.daisho.be|Daisho\" \/>\n<meta property=\"og:url\" content=\"https:\/\/www.daisho.be\/de\/produit\/liniment-fuer-das-boxen-muay\/\" \/>\n<meta property=\"og:site_name\" content=\"Daisho\" \/>\n<meta property=\"article:modified_time\" content=\"2025-11-28T16:43:46+00:00\" \/>\n<meta property=\"og:image\" content=\"https:\/\/www.daisho.be\/wp-content\/uploads\/2025\/11\/image-125.jpg\" \/>\n\t<meta property=\"og:image:width\" content=\"1080\" \/>\n\t<meta property=\"og:image:height\" content=\"1080\" \/>\n\t<meta property=\"og:image:type\" content=\"image\/jpeg\" \/>\n<meta name=\"twitter:card\" content=\"summary_large_image\" \/>\n<meta name=\"twitter:label1\" content=\"Gesch\u00e4tzte Lesezeit\" \/>\n\t<meta name=\"twitter:data1\" content=\"1\u00a0Minute\" \/>\n<script type=\"application\/ld+json\" class=\"yoast-schema-graph\">{\"@context\":\"https:\/\/schema.org\",\"@graph\":[{\"@type\":\"WebPage\",\"@id\":\"https:\/\/www.daisho.be\/de\/produit\/liniment-fuer-das-boxen-muay\/\",\"url\":\"https:\/\/www.daisho.be\/de\/produit\/liniment-fuer-das-boxen-muay\/\",\"name\":\"Liniment f\u00fcr das Boxen MUAY &#8211; Daisho\",\"isPartOf\":{\"@id\":\"https:\/\/www.daisho.be\/de\/#website\"},\"primaryImageOfPage\":{\"@id\":\"https:\/\/www.daisho.be\/de\/produit\/liniment-fuer-das-boxen-muay\/#primaryimage\"},\"image\":{\"@id\":\"https:\/\/www.daisho.be\/de\/produit\/liniment-fuer-das-boxen-muay\/#primaryimage\"},\"thumbnailUrl\":\"https:\/\/www.daisho.be\/wp-content\/uploads\/2025\/11\/image-125.jpg\",\"datePublished\":\"2025-11-19T14:51:12+00:00\",\"dateModified\":\"2025-11-28T16:43:46+00:00\",\"description\":\"Entdecken Sie das Massage\u00f6l f\u00fcr Ihr Training vor dem Training. Das \u00d6l bereitet Ihre Muskeln vor der k\u00f6rperlichen Anstrengung vor. Finden Sie es auf www.daisho.be|Daisho\",\"breadcrumb\":{\"@id\":\"https:\/\/www.daisho.be\/de\/produit\/liniment-fuer-das-boxen-muay\/#breadcrumb\"},\"inLanguage\":\"de\",\"potentialAction\":[{\"@type\":\"ReadAction\",\"target\":[\"https:\/\/www.daisho.be\/de\/produit\/liniment-fuer-das-boxen-muay\/\"]}]},{\"@type\":\"ImageObject\",\"inLanguage\":\"de\",\"@id\":\"https:\/\/www.daisho.be\/de\/produit\/liniment-fuer-das-boxen-muay\/#primaryimage\",\"url\":\"https:\/\/www.daisho.be\/wp-content\/uploads\/2025\/11\/image-125.jpg\",\"contentUrl\":\"https:\/\/www.daisho.be\/wp-content\/uploads\/2025\/11\/image-125.jpg\",\"width\":1080,\"height\":1080,\"caption\":\"MUAY-1 Boxing Liniment\"},{\"@type\":\"BreadcrumbList\",\"@id\":\"https:\/\/www.daisho.be\/de\/produit\/liniment-fuer-das-boxen-muay\/#breadcrumb\",\"itemListElement\":[{\"@type\":\"ListItem\",\"position\":1,\"name\":\"Accueil\",\"item\":\"https:\/\/www.daisho.be\/de\/\"},{\"@type\":\"ListItem\",\"position\":2,\"name\":\"Produkte\",\"item\":\"https:\/\/www.daisho.be\/de\/produkte\/\"},{\"@type\":\"ListItem\",\"position\":3,\"name\":\"Sportlerpflege\",\"item\":\"https:\/\/www.daisho.be\/de\/categorie-produit\/sportlerpflege\/\"},{\"@type\":\"ListItem\",\"position\":4,\"name\":\"Cremes\",\"item\":\"https:\/\/www.daisho.be\/de\/categorie-produit\/sportlerpflege\/cremes-de\/\"},{\"@type\":\"ListItem\",\"position\":5,\"name\":\"Liniment f\u00fcr das Boxen MUAY\"}]},{\"@type\":\"WebSite\",\"@id\":\"https:\/\/www.daisho.be\/de\/#website\",\"url\":\"https:\/\/www.daisho.be\/de\/\",\"name\":\"Daisho\",\"description\":\"Sp&eacute;cialiste de l'&eacute;quipement sportif d'arts martiaux\",\"publisher\":{\"@id\":\"https:\/\/www.daisho.be\/de\/#organization\"},\"potentialAction\":[{\"@type\":\"SearchAction\",\"target\":{\"@type\":\"EntryPoint\",\"urlTemplate\":\"https:\/\/www.daisho.be\/de\/?s={search_term_string}\"},\"query-input\":{\"@type\":\"PropertyValueSpecification\",\"valueRequired\":true,\"valueName\":\"search_term_string\"}}],\"inLanguage\":\"de\"},{\"@type\":\"Organization\",\"@id\":\"https:\/\/www.daisho.be\/de\/#organization\",\"name\":\"Daisho\",\"url\":\"https:\/\/www.daisho.be\/de\/\",\"logo\":{\"@type\":\"ImageObject\",\"inLanguage\":\"de\",\"@id\":\"https:\/\/www.daisho.be\/de\/#\/schema\/logo\/image\/\",\"url\":\"https:\/\/www.daisho.be\/wp-content\/uploads\/2019\/07\/color-nothing-horizontale4x-e1564486100247.png\",\"contentUrl\":\"https:\/\/www.daisho.be\/wp-content\/uploads\/2019\/07\/color-nothing-horizontale4x-e1564486100247.png\",\"width\":1547,\"height\":385,\"caption\":\"Daisho\"},\"image\":{\"@id\":\"https:\/\/www.daisho.be\/de\/#\/schema\/logo\/image\/\"}}]}<\/script>\n<!-- \/ Yoast SEO plugin. -->","yoast_head_json":{"title":"Liniment f\u00fcr das Boxen MUAY &#8211; Daisho","description":"Entdecken Sie das Massage\u00f6l f\u00fcr Ihr Training vor dem Training. Das \u00d6l bereitet Ihre Muskeln vor der k\u00f6rperlichen Anstrengung vor. Finden Sie es auf www.daisho.be|Daisho","robots":{"index":"index","follow":"follow","max-snippet":"max-snippet:-1","max-image-preview":"max-image-preview:large","max-video-preview":"max-video-preview:-1"},"canonical":"https:\/\/www.daisho.be\/de\/produit\/liniment-fuer-das-boxen-muay\/","og_locale":"de_DE","og_type":"article","og_title":"Liniment f\u00fcr das Boxen MUAY &#8211; Daisho","og_description":"Entdecken Sie das Massage\u00f6l f\u00fcr Ihr Training vor dem Training. Das \u00d6l bereitet Ihre Muskeln vor der k\u00f6rperlichen Anstrengung vor. Finden Sie es auf www.daisho.be|Daisho","og_url":"https:\/\/www.daisho.be\/de\/produit\/liniment-fuer-das-boxen-muay\/","og_site_name":"Daisho","article_modified_time":"2025-11-28T16:43:46+00:00","og_image":[{"width":1080,"height":1080,"url":"https:\/\/www.daisho.be\/wp-content\/uploads\/2025\/11\/image-125.jpg","type":"image\/jpeg"}],"twitter_card":"summary_large_image","twitter_misc":{"Gesch\u00e4tzte Lesezeit":"1\u00a0Minute"},"schema":{"@context":"https:\/\/schema.org","@graph":[{"@type":"WebPage","@id":"https:\/\/www.daisho.be\/de\/produit\/liniment-fuer-das-boxen-muay\/","url":"https:\/\/www.daisho.be\/de\/produit\/liniment-fuer-das-boxen-muay\/","name":"Liniment f\u00fcr das Boxen MUAY &#8211; Daisho","isPartOf":{"@id":"https:\/\/www.daisho.be\/de\/#website"},"primaryImageOfPage":{"@id":"https:\/\/www.daisho.be\/de\/produit\/liniment-fuer-das-boxen-muay\/#primaryimage"},"image":{"@id":"https:\/\/www.daisho.be\/de\/produit\/liniment-fuer-das-boxen-muay\/#primaryimage"},"thumbnailUrl":"https:\/\/www.daisho.be\/wp-content\/uploads\/2025\/11\/image-125.jpg","datePublished":"2025-11-19T14:51:12+00:00","dateModified":"2025-11-28T16:43:46+00:00","description":"Entdecken Sie das Massage\u00f6l f\u00fcr Ihr Training vor dem Training. Das \u00d6l bereitet Ihre Muskeln vor der k\u00f6rperlichen Anstrengung vor. Finden Sie es auf www.daisho.be|Daisho","breadcrumb":{"@id":"https:\/\/www.daisho.be\/de\/produit\/liniment-fuer-das-boxen-muay\/#breadcrumb"},"inLanguage":"de","potentialAction":[{"@type":"ReadAction","target":["https:\/\/www.daisho.be\/de\/produit\/liniment-fuer-das-boxen-muay\/"]}]},{"@type":"ImageObject","inLanguage":"de","@id":"https:\/\/www.daisho.be\/de\/produit\/liniment-fuer-das-boxen-muay\/#primaryimage","url":"https:\/\/www.daisho.be\/wp-content\/uploads\/2025\/11\/image-125.jpg","contentUrl":"https:\/\/www.daisho.be\/wp-content\/uploads\/2025\/11\/image-125.jpg","width":1080,"height":1080,"caption":"MUAY-1 Boxing Liniment"},{"@type":"BreadcrumbList","@id":"https:\/\/www.daisho.be\/de\/produit\/liniment-fuer-das-boxen-muay\/#breadcrumb","itemListElement":[{"@type":"ListItem","position":1,"name":"Accueil","item":"https:\/\/www.daisho.be\/de\/"},{"@type":"ListItem","position":2,"name":"Produkte","item":"https:\/\/www.daisho.be\/de\/produkte\/"},{"@type":"ListItem","position":3,"name":"Sportlerpflege","item":"https:\/\/www.daisho.be\/de\/categorie-produit\/sportlerpflege\/"},{"@type":"ListItem","position":4,"name":"Cremes","item":"https:\/\/www.daisho.be\/de\/categorie-produit\/sportlerpflege\/cremes-de\/"},{"@type":"ListItem","position":5,"name":"Liniment f\u00fcr das Boxen MUAY"}]},{"@type":"WebSite","@id":"https:\/\/www.daisho.be\/de\/#website","url":"https:\/\/www.daisho.be\/de\/","name":"Daisho","description":"Sp&eacute;cialiste de l'&eacute;quipement sportif d'arts martiaux","publisher":{"@id":"https:\/\/www.daisho.be\/de\/#organization"},"potentialAction":[{"@type":"SearchAction","target":{"@type":"EntryPoint","urlTemplate":"https:\/\/www.daisho.be\/de\/?s={search_term_string}"},"query-input":{"@type":"PropertyValueSpecification","valueRequired":true,"valueName":"search_term_string"}}],"inLanguage":"de"},{"@type":"Organization","@id":"https:\/\/www.daisho.be\/de\/#organization","name":"Daisho","url":"https:\/\/www.daisho.be\/de\/","logo":{"@type":"ImageObject","inLanguage":"de","@id":"https:\/\/www.daisho.be\/de\/#\/schema\/logo\/image\/","url":"https:\/\/www.daisho.be\/wp-content\/uploads\/2019\/07\/color-nothing-horizontale4x-e1564486100247.png","contentUrl":"https:\/\/www.daisho.be\/wp-content\/uploads\/2019\/07\/color-nothing-horizontale4x-e1564486100247.png","width":1547,"height":385,"caption":"Daisho"},"image":{"@id":"https:\/\/www.daisho.be\/de\/#\/schema\/logo\/image\/"}}]}},"_links":{"self":[{"href":"https:\/\/www.daisho.be\/de\/wp-json\/wp\/v2\/product\/624469","targetHints":{"allow":["GET"]}}],"collection":[{"href":"https:\/\/www.daisho.be\/de\/wp-json\/wp\/v2\/product"}],"about":[{"href":"https:\/\/www.daisho.be\/de\/wp-json\/wp\/v2\/types\/product"}],"replies":[{"embeddable":true,"href":"https:\/\/www.daisho.be\/de\/wp-json\/wp\/v2\/comments?post=624469"}],"wp:featuredmedia":[{"embeddable":true,"href":"https:\/\/www.daisho.be\/de\/wp-json\/wp\/v2\/media\/624442"}],"wp:attachment":[{"href":"https:\/\/www.daisho.be\/de\/wp-json\/wp\/v2\/media?parent=624469"}],"wp:term":[{"taxonomy":"product_brand","embeddable":true,"href":"https:\/\/www.daisho.be\/de\/wp-json\/wp\/v2\/product_brand?post=624469"},{"taxonomy":"product_cat","embeddable":true,"href":"https:\/\/www.daisho.be\/de\/wp-json\/wp\/v2\/product_cat?post=624469"},{"taxonomy":"product_tag","embeddable":true,"href":"https:\/\/www.daisho.be\/de\/wp-json\/wp\/v2\/product_tag?post=624469"},{"taxonomy":"sport","embeddable":true,"href":"https:\/\/www.daisho.be\/de\/wp-json\/wp\/v2\/sport?post=624469"}],"curies":[{"name":"wp","href":"https:\/\/api.w.org\/{rel}","templated":true}]}}