{"id":624450,"date":"2025-11-19T15:50:53","date_gmt":"2025-11-19T14:50:53","guid":{"rendered":"https:\/\/www.daisho.be\/produit\/kryo-roll-on-muay\/"},"modified":"2025-11-28T17:46:32","modified_gmt":"2025-11-28T16:46:32","slug":"kryo-roll-on-muay","status":"publish","type":"product","link":"https:\/\/www.daisho.be\/de\/produit\/kryo-roll-on-muay\/","title":{"rendered":"Kryo-Roll-on MUAY"},"content":{"rendered":"<p>Dieser Massageroller erm\u00f6glicht eine tiefe Gewebestimulation und gibt gleichzeitig eine speziell formulierte k\u00fchlende Mischung ab.<br \/>\nF\u00fcr eine sofortige beruhigende Wirkung und eine optimierte Erholung der Muskeln.<br \/>\nDie kombinierte Wirkung der mechanischen Massage und der nat\u00fcrlichen Wirkstoffe hilft, Verspannungen abzubauen, die beanspruchten Bereiche zu entlasten und die Durchblutung anzuregen.<br \/>\nMerkmale :<\/p>\n<p>Robuste und hygienische Metallrolle<\/p>\n<p>Deep Tissue Action<\/p>\n<p>Aktive Mischung: 500 mg CBD, Boswellia Serrata, MSM, Eukalyptus, Menthol<\/p>\n<p>K\u00fchlende und beruhigende Wirkung<\/p>\n<p>Ideal nach Sport, Bodybuilding oder intensivem Training<\/p>\n<p>Sauberes und pr\u00e4zises Auftragen ohne direkten Kontakt mit den H\u00e4nden<\/p>\n<p>Vorteile :<\/p>\n<p>&#8211; Schnelle Entlastung verspannter Muskeln<\/p>\n<p>&#8211; Reduziert Steifheit und leichte Entz\u00fcndungen<\/p>\n<p>&#8211; Doppelte Wirkung: Massage + nat\u00fcrliche Aktivstoffe<\/p>\n<p>&#8211; Kompaktes Format, perfekt f\u00fcr die Sporttasche<\/p>\n<p>&#8211; Sofortiges Frischegef\u00fchl<\/p>\n","protected":false},"excerpt":{"rendered":"<p>Dieser Massageroller erm\u00f6glicht eine tiefe Gewebestimulation und gibt gleichzeitig eine speziell formulierte k\u00fchlende Mischung ab. F\u00fcr eine sofortige beruhigende Wirkung und eine optimierte Erholung der Muskeln. Die kombinierte Wirkung der mechanischen Massage und der nat\u00fcrlichen Wirkstoffe hilft, Verspannungen abzubauen, die beanspruchten Bereiche zu entlasten und die Durchblutung anzuregen. Merkmale : Robuste und hygienische Metallrolle Deep [&hellip;]<\/p>\n","protected":false},"featured_media":624421,"comment_status":"open","ping_status":"closed","template":"","meta":{"inline_featured_image":false},"product_brand":[],"product_cat":[2088,2210,2169],"product_tag":[2556],"sport":[],"class_list":{"0":"post-624450","1":"product","2":"type-product","3":"status-publish","4":"has-post-thumbnail","6":"product_cat-cremes-de","7":"product_cat-massage-therapie","8":"product_cat-pflege","9":"product_tag-namman-muay","10":"pa_size-sans-taille-defaut","12":"first","13":"instock","14":"taxable","15":"shipping-taxable","16":"purchasable","17":"product-type-variable"},"yoast_head":"<!-- This site is optimized with the Yoast SEO plugin v27.2 - https:\/\/yoast.com\/product\/yoast-seo-wordpress\/ -->\n<title>Kryo-Roll-on MUAY &#8211; Daisho<\/title>\n<meta name=\"description\" content=\"Entdecken Sie den Massageroller, der Ihre verspannten Muskeln nach dem Training schnell entlasten wird. Finden Sie ihn unter www.daisho.be|Daisho\" \/>\n<meta name=\"robots\" content=\"index, follow, max-snippet:-1, max-image-preview:large, max-video-preview:-1\" \/>\n<link rel=\"canonical\" href=\"https:\/\/www.daisho.be\/de\/produit\/kryo-roll-on-muay\/\" \/>\n<meta property=\"og:locale\" content=\"de_DE\" \/>\n<meta property=\"og:type\" content=\"article\" \/>\n<meta property=\"og:title\" content=\"Kryo-Roll-on MUAY &#8211; Daisho\" \/>\n<meta property=\"og:description\" content=\"Entdecken Sie den Massageroller, der Ihre verspannten Muskeln nach dem Training schnell entlasten wird. Finden Sie ihn unter www.daisho.be|Daisho\" \/>\n<meta property=\"og:url\" content=\"https:\/\/www.daisho.be\/de\/produit\/kryo-roll-on-muay\/\" \/>\n<meta property=\"og:site_name\" content=\"Daisho\" \/>\n<meta property=\"article:modified_time\" content=\"2025-11-28T16:46:32+00:00\" \/>\n<meta property=\"og:image\" content=\"https:\/\/www.daisho.be\/wp-content\/uploads\/2025\/11\/image-124.jpg\" \/>\n\t<meta property=\"og:image:width\" content=\"1080\" \/>\n\t<meta property=\"og:image:height\" content=\"1080\" \/>\n\t<meta property=\"og:image:type\" content=\"image\/jpeg\" \/>\n<meta name=\"twitter:card\" content=\"summary_large_image\" \/>\n<meta name=\"twitter:label1\" content=\"Gesch\u00e4tzte Lesezeit\" \/>\n\t<meta name=\"twitter:data1\" content=\"1\u00a0Minute\" \/>\n<script type=\"application\/ld+json\" class=\"yoast-schema-graph\">{\"@context\":\"https:\/\/schema.org\",\"@graph\":[{\"@type\":\"WebPage\",\"@id\":\"https:\/\/www.daisho.be\/de\/produit\/kryo-roll-on-muay\/\",\"url\":\"https:\/\/www.daisho.be\/de\/produit\/kryo-roll-on-muay\/\",\"name\":\"Kryo-Roll-on MUAY &#8211; Daisho\",\"isPartOf\":{\"@id\":\"https:\/\/www.daisho.be\/de\/#website\"},\"primaryImageOfPage\":{\"@id\":\"https:\/\/www.daisho.be\/de\/produit\/kryo-roll-on-muay\/#primaryimage\"},\"image\":{\"@id\":\"https:\/\/www.daisho.be\/de\/produit\/kryo-roll-on-muay\/#primaryimage\"},\"thumbnailUrl\":\"https:\/\/www.daisho.be\/wp-content\/uploads\/2025\/11\/image-124.jpg\",\"datePublished\":\"2025-11-19T14:50:53+00:00\",\"dateModified\":\"2025-11-28T16:46:32+00:00\",\"description\":\"Entdecken Sie den Massageroller, der Ihre verspannten Muskeln nach dem Training schnell entlasten wird. Finden Sie ihn unter www.daisho.be|Daisho\",\"breadcrumb\":{\"@id\":\"https:\/\/www.daisho.be\/de\/produit\/kryo-roll-on-muay\/#breadcrumb\"},\"inLanguage\":\"de\",\"potentialAction\":[{\"@type\":\"ReadAction\",\"target\":[\"https:\/\/www.daisho.be\/de\/produit\/kryo-roll-on-muay\/\"]}]},{\"@type\":\"ImageObject\",\"inLanguage\":\"de\",\"@id\":\"https:\/\/www.daisho.be\/de\/produit\/kryo-roll-on-muay\/#primaryimage\",\"url\":\"https:\/\/www.daisho.be\/wp-content\/uploads\/2025\/11\/image-124.jpg\",\"contentUrl\":\"https:\/\/www.daisho.be\/wp-content\/uploads\/2025\/11\/image-124.jpg\",\"width\":1080,\"height\":1080,\"caption\":\"Kryo-Roll-on MUAY-1\"},{\"@type\":\"BreadcrumbList\",\"@id\":\"https:\/\/www.daisho.be\/de\/produit\/kryo-roll-on-muay\/#breadcrumb\",\"itemListElement\":[{\"@type\":\"ListItem\",\"position\":1,\"name\":\"Accueil\",\"item\":\"https:\/\/www.daisho.be\/de\/\"},{\"@type\":\"ListItem\",\"position\":2,\"name\":\"Produkte\",\"item\":\"https:\/\/www.daisho.be\/de\/produkte\/\"},{\"@type\":\"ListItem\",\"position\":3,\"name\":\"Sportlerpflege\",\"item\":\"https:\/\/www.daisho.be\/de\/categorie-produit\/sportlerpflege\/\"},{\"@type\":\"ListItem\",\"position\":4,\"name\":\"Cremes\",\"item\":\"https:\/\/www.daisho.be\/de\/categorie-produit\/sportlerpflege\/cremes-de\/\"},{\"@type\":\"ListItem\",\"position\":5,\"name\":\"Kryo-Roll-on MUAY\"}]},{\"@type\":\"WebSite\",\"@id\":\"https:\/\/www.daisho.be\/de\/#website\",\"url\":\"https:\/\/www.daisho.be\/de\/\",\"name\":\"Daisho\",\"description\":\"Sp&eacute;cialiste de l'&eacute;quipement sportif d'arts martiaux\",\"publisher\":{\"@id\":\"https:\/\/www.daisho.be\/de\/#organization\"},\"potentialAction\":[{\"@type\":\"SearchAction\",\"target\":{\"@type\":\"EntryPoint\",\"urlTemplate\":\"https:\/\/www.daisho.be\/de\/?s={search_term_string}\"},\"query-input\":{\"@type\":\"PropertyValueSpecification\",\"valueRequired\":true,\"valueName\":\"search_term_string\"}}],\"inLanguage\":\"de\"},{\"@type\":\"Organization\",\"@id\":\"https:\/\/www.daisho.be\/de\/#organization\",\"name\":\"Daisho\",\"url\":\"https:\/\/www.daisho.be\/de\/\",\"logo\":{\"@type\":\"ImageObject\",\"inLanguage\":\"de\",\"@id\":\"https:\/\/www.daisho.be\/de\/#\/schema\/logo\/image\/\",\"url\":\"https:\/\/www.daisho.be\/wp-content\/uploads\/2019\/07\/color-nothing-horizontale4x-e1564486100247.png\",\"contentUrl\":\"https:\/\/www.daisho.be\/wp-content\/uploads\/2019\/07\/color-nothing-horizontale4x-e1564486100247.png\",\"width\":1547,\"height\":385,\"caption\":\"Daisho\"},\"image\":{\"@id\":\"https:\/\/www.daisho.be\/de\/#\/schema\/logo\/image\/\"}}]}<\/script>\n<!-- \/ Yoast SEO plugin. -->","yoast_head_json":{"title":"Kryo-Roll-on MUAY &#8211; Daisho","description":"Entdecken Sie den Massageroller, der Ihre verspannten Muskeln nach dem Training schnell entlasten wird. Finden Sie ihn unter www.daisho.be|Daisho","robots":{"index":"index","follow":"follow","max-snippet":"max-snippet:-1","max-image-preview":"max-image-preview:large","max-video-preview":"max-video-preview:-1"},"canonical":"https:\/\/www.daisho.be\/de\/produit\/kryo-roll-on-muay\/","og_locale":"de_DE","og_type":"article","og_title":"Kryo-Roll-on MUAY &#8211; Daisho","og_description":"Entdecken Sie den Massageroller, der Ihre verspannten Muskeln nach dem Training schnell entlasten wird. Finden Sie ihn unter www.daisho.be|Daisho","og_url":"https:\/\/www.daisho.be\/de\/produit\/kryo-roll-on-muay\/","og_site_name":"Daisho","article_modified_time":"2025-11-28T16:46:32+00:00","og_image":[{"width":1080,"height":1080,"url":"https:\/\/www.daisho.be\/wp-content\/uploads\/2025\/11\/image-124.jpg","type":"image\/jpeg"}],"twitter_card":"summary_large_image","twitter_misc":{"Gesch\u00e4tzte Lesezeit":"1\u00a0Minute"},"schema":{"@context":"https:\/\/schema.org","@graph":[{"@type":"WebPage","@id":"https:\/\/www.daisho.be\/de\/produit\/kryo-roll-on-muay\/","url":"https:\/\/www.daisho.be\/de\/produit\/kryo-roll-on-muay\/","name":"Kryo-Roll-on MUAY &#8211; Daisho","isPartOf":{"@id":"https:\/\/www.daisho.be\/de\/#website"},"primaryImageOfPage":{"@id":"https:\/\/www.daisho.be\/de\/produit\/kryo-roll-on-muay\/#primaryimage"},"image":{"@id":"https:\/\/www.daisho.be\/de\/produit\/kryo-roll-on-muay\/#primaryimage"},"thumbnailUrl":"https:\/\/www.daisho.be\/wp-content\/uploads\/2025\/11\/image-124.jpg","datePublished":"2025-11-19T14:50:53+00:00","dateModified":"2025-11-28T16:46:32+00:00","description":"Entdecken Sie den Massageroller, der Ihre verspannten Muskeln nach dem Training schnell entlasten wird. Finden Sie ihn unter www.daisho.be|Daisho","breadcrumb":{"@id":"https:\/\/www.daisho.be\/de\/produit\/kryo-roll-on-muay\/#breadcrumb"},"inLanguage":"de","potentialAction":[{"@type":"ReadAction","target":["https:\/\/www.daisho.be\/de\/produit\/kryo-roll-on-muay\/"]}]},{"@type":"ImageObject","inLanguage":"de","@id":"https:\/\/www.daisho.be\/de\/produit\/kryo-roll-on-muay\/#primaryimage","url":"https:\/\/www.daisho.be\/wp-content\/uploads\/2025\/11\/image-124.jpg","contentUrl":"https:\/\/www.daisho.be\/wp-content\/uploads\/2025\/11\/image-124.jpg","width":1080,"height":1080,"caption":"Kryo-Roll-on MUAY-1"},{"@type":"BreadcrumbList","@id":"https:\/\/www.daisho.be\/de\/produit\/kryo-roll-on-muay\/#breadcrumb","itemListElement":[{"@type":"ListItem","position":1,"name":"Accueil","item":"https:\/\/www.daisho.be\/de\/"},{"@type":"ListItem","position":2,"name":"Produkte","item":"https:\/\/www.daisho.be\/de\/produkte\/"},{"@type":"ListItem","position":3,"name":"Sportlerpflege","item":"https:\/\/www.daisho.be\/de\/categorie-produit\/sportlerpflege\/"},{"@type":"ListItem","position":4,"name":"Cremes","item":"https:\/\/www.daisho.be\/de\/categorie-produit\/sportlerpflege\/cremes-de\/"},{"@type":"ListItem","position":5,"name":"Kryo-Roll-on MUAY"}]},{"@type":"WebSite","@id":"https:\/\/www.daisho.be\/de\/#website","url":"https:\/\/www.daisho.be\/de\/","name":"Daisho","description":"Sp&eacute;cialiste de l'&eacute;quipement sportif d'arts martiaux","publisher":{"@id":"https:\/\/www.daisho.be\/de\/#organization"},"potentialAction":[{"@type":"SearchAction","target":{"@type":"EntryPoint","urlTemplate":"https:\/\/www.daisho.be\/de\/?s={search_term_string}"},"query-input":{"@type":"PropertyValueSpecification","valueRequired":true,"valueName":"search_term_string"}}],"inLanguage":"de"},{"@type":"Organization","@id":"https:\/\/www.daisho.be\/de\/#organization","name":"Daisho","url":"https:\/\/www.daisho.be\/de\/","logo":{"@type":"ImageObject","inLanguage":"de","@id":"https:\/\/www.daisho.be\/de\/#\/schema\/logo\/image\/","url":"https:\/\/www.daisho.be\/wp-content\/uploads\/2019\/07\/color-nothing-horizontale4x-e1564486100247.png","contentUrl":"https:\/\/www.daisho.be\/wp-content\/uploads\/2019\/07\/color-nothing-horizontale4x-e1564486100247.png","width":1547,"height":385,"caption":"Daisho"},"image":{"@id":"https:\/\/www.daisho.be\/de\/#\/schema\/logo\/image\/"}}]}},"_links":{"self":[{"href":"https:\/\/www.daisho.be\/de\/wp-json\/wp\/v2\/product\/624450","targetHints":{"allow":["GET"]}}],"collection":[{"href":"https:\/\/www.daisho.be\/de\/wp-json\/wp\/v2\/product"}],"about":[{"href":"https:\/\/www.daisho.be\/de\/wp-json\/wp\/v2\/types\/product"}],"replies":[{"embeddable":true,"href":"https:\/\/www.daisho.be\/de\/wp-json\/wp\/v2\/comments?post=624450"}],"wp:featuredmedia":[{"embeddable":true,"href":"https:\/\/www.daisho.be\/de\/wp-json\/wp\/v2\/media\/624421"}],"wp:attachment":[{"href":"https:\/\/www.daisho.be\/de\/wp-json\/wp\/v2\/media?parent=624450"}],"wp:term":[{"taxonomy":"product_brand","embeddable":true,"href":"https:\/\/www.daisho.be\/de\/wp-json\/wp\/v2\/product_brand?post=624450"},{"taxonomy":"product_cat","embeddable":true,"href":"https:\/\/www.daisho.be\/de\/wp-json\/wp\/v2\/product_cat?post=624450"},{"taxonomy":"product_tag","embeddable":true,"href":"https:\/\/www.daisho.be\/de\/wp-json\/wp\/v2\/product_tag?post=624450"},{"taxonomy":"sport","embeddable":true,"href":"https:\/\/www.daisho.be\/de\/wp-json\/wp\/v2\/sport?post=624450"}],"curies":[{"name":"wp","href":"https:\/\/api.w.org\/{rel}","templated":true}]}}