{"id":624428,"date":"2025-11-19T15:50:40","date_gmt":"2025-11-19T14:50:40","guid":{"rendered":"https:\/\/www.daisho.be\/produit\/muay-active-cream\/"},"modified":"2025-11-19T15:50:40","modified_gmt":"2025-11-19T14:50:40","slug":"muay-active-cream","status":"publish","type":"product","link":"https:\/\/www.daisho.be\/de\/produit\/muay-active-cream\/","title":{"rendered":"MUAY Active Cream"},"content":{"rendered":"<p>Creme mit f\u00fcnf nat\u00fcrlichen Inhaltsstoffen mit anerkannter Wirkung: Wacholder, MSM, Kampfer, Menthol und Gew\u00fcrznelke.<br \/>\nDiese einzigartige Formel hilft, steife Gelenke zu entlasten, verspannte Muskeln zu entspannen und sorgt f\u00fcr ein sofortiges Frischegef\u00fchl.<br \/>\nIdeal nach dem Sport oder am Ende des Tages, f\u00f6rdert die Erholung der Muskeln und hinterl\u00e4sst eine weiche, nicht fettende Haut.<\/p>\n<p>Eigenschaften:<\/p>\n<p>&#8211; Enth\u00e4lt 5 aktive nat\u00fcrliche Inhaltsstoffe<\/p>\n<p>&#8211; Kombinierte W\u00e4rme- und K\u00fchlwirkung<\/p>\n<p>&#8211; Lindert Muskelverspannungen und steife Gelenke<\/p>\n<p>&#8211; Zieht schnell ein, ohne fettige R\u00fcckst\u00e4nde<\/p>\n<p>&#8211; F\u00fcr den t\u00e4glichen Gebrauch nach dem Sport oder Training geeignet.<\/p>\n","protected":false},"excerpt":{"rendered":"<p>Creme mit f\u00fcnf nat\u00fcrlichen Inhaltsstoffen mit anerkannter Wirkung: Wacholder, MSM, Kampfer, Menthol und Gew\u00fcrznelke. Diese einzigartige Formel hilft, steife Gelenke zu entlasten, verspannte Muskeln zu entspannen und sorgt f\u00fcr ein sofortiges Frischegef\u00fchl. Ideal nach dem Sport oder am Ende des Tages, f\u00f6rdert die Erholung der Muskeln und hinterl\u00e4sst eine weiche, nicht fettende Haut. Eigenschaften: &#8211; [&hellip;]<\/p>\n","protected":false},"featured_media":624407,"comment_status":"open","ping_status":"closed","template":"","meta":{"inline_featured_image":false},"product_brand":[],"product_cat":[2088,2169],"product_tag":[2556],"sport":[],"class_list":{"0":"post-624428","1":"product","2":"type-product","3":"status-publish","4":"has-post-thumbnail","6":"product_cat-cremes-de","7":"product_cat-pflege","8":"product_tag-namman-muay","9":"pa_size-sans-taille-defaut","11":"first","12":"instock","13":"taxable","14":"shipping-taxable","15":"purchasable","16":"product-type-variable"},"yoast_head":"<!-- This site is optimized with the Yoast SEO plugin v27.2 - https:\/\/yoast.com\/product\/yoast-seo-wordpress\/ -->\n<title>MUAY Active Cream &#8211; Daisho<\/title>\n<meta name=\"robots\" content=\"index, follow, max-snippet:-1, max-image-preview:large, max-video-preview:-1\" \/>\n<link rel=\"canonical\" href=\"https:\/\/www.daisho.be\/de\/produit\/muay-active-cream\/\" \/>\n<meta property=\"og:locale\" content=\"de_DE\" \/>\n<meta property=\"og:type\" content=\"article\" \/>\n<meta property=\"og:title\" content=\"MUAY Active Cream &#8211; Daisho\" \/>\n<meta property=\"og:description\" content=\"Creme mit f\u00fcnf nat\u00fcrlichen Inhaltsstoffen mit anerkannter Wirkung: Wacholder, MSM, Kampfer, Menthol und Gew\u00fcrznelke. Diese einzigartige Formel hilft, steife Gelenke zu entlasten, verspannte Muskeln zu entspannen und sorgt f\u00fcr ein sofortiges Frischegef\u00fchl. Ideal nach dem Sport oder am Ende des Tages, f\u00f6rdert die Erholung der Muskeln und hinterl\u00e4sst eine weiche, nicht fettende Haut. Eigenschaften: &#8211; [&hellip;]\" \/>\n<meta property=\"og:url\" content=\"https:\/\/www.daisho.be\/de\/produit\/muay-active-cream\/\" \/>\n<meta property=\"og:site_name\" content=\"Daisho\" \/>\n<meta property=\"og:image\" content=\"https:\/\/www.daisho.be\/wp-content\/uploads\/2025\/11\/image-123.jpg\" \/>\n\t<meta property=\"og:image:width\" content=\"1080\" \/>\n\t<meta property=\"og:image:height\" content=\"1080\" \/>\n\t<meta property=\"og:image:type\" content=\"image\/jpeg\" \/>\n<meta name=\"twitter:card\" content=\"summary_large_image\" \/>\n<meta name=\"twitter:label1\" content=\"Gesch\u00e4tzte Lesezeit\" \/>\n\t<meta name=\"twitter:data1\" content=\"1\u00a0Minute\" \/>\n<script type=\"application\/ld+json\" class=\"yoast-schema-graph\">{\"@context\":\"https:\/\/schema.org\",\"@graph\":[{\"@type\":\"WebPage\",\"@id\":\"https:\/\/www.daisho.be\/de\/produit\/muay-active-cream\/\",\"url\":\"https:\/\/www.daisho.be\/de\/produit\/muay-active-cream\/\",\"name\":\"MUAY Active Cream &#8211; Daisho\",\"isPartOf\":{\"@id\":\"https:\/\/www.daisho.be\/de\/#website\"},\"primaryImageOfPage\":{\"@id\":\"https:\/\/www.daisho.be\/de\/produit\/muay-active-cream\/#primaryimage\"},\"image\":{\"@id\":\"https:\/\/www.daisho.be\/de\/produit\/muay-active-cream\/#primaryimage\"},\"thumbnailUrl\":\"https:\/\/www.daisho.be\/wp-content\/uploads\/2025\/11\/image-123.jpg\",\"datePublished\":\"2025-11-19T14:50:40+00:00\",\"breadcrumb\":{\"@id\":\"https:\/\/www.daisho.be\/de\/produit\/muay-active-cream\/#breadcrumb\"},\"inLanguage\":\"de\",\"potentialAction\":[{\"@type\":\"ReadAction\",\"target\":[\"https:\/\/www.daisho.be\/de\/produit\/muay-active-cream\/\"]}]},{\"@type\":\"ImageObject\",\"inLanguage\":\"de\",\"@id\":\"https:\/\/www.daisho.be\/de\/produit\/muay-active-cream\/#primaryimage\",\"url\":\"https:\/\/www.daisho.be\/wp-content\/uploads\/2025\/11\/image-123.jpg\",\"contentUrl\":\"https:\/\/www.daisho.be\/wp-content\/uploads\/2025\/11\/image-123.jpg\",\"width\":1080,\"height\":1080,\"caption\":\"Cr\u00e8me Active MUAY -1\"},{\"@type\":\"BreadcrumbList\",\"@id\":\"https:\/\/www.daisho.be\/de\/produit\/muay-active-cream\/#breadcrumb\",\"itemListElement\":[{\"@type\":\"ListItem\",\"position\":1,\"name\":\"Accueil\",\"item\":\"https:\/\/www.daisho.be\/de\/\"},{\"@type\":\"ListItem\",\"position\":2,\"name\":\"Produkte\",\"item\":\"https:\/\/www.daisho.be\/de\/produkte\/\"},{\"@type\":\"ListItem\",\"position\":3,\"name\":\"Sportlerpflege\",\"item\":\"https:\/\/www.daisho.be\/de\/categorie-produit\/sportlerpflege\/\"},{\"@type\":\"ListItem\",\"position\":4,\"name\":\"Cremes\",\"item\":\"https:\/\/www.daisho.be\/de\/categorie-produit\/sportlerpflege\/cremes-de\/\"},{\"@type\":\"ListItem\",\"position\":5,\"name\":\"MUAY Active Cream\"}]},{\"@type\":\"WebSite\",\"@id\":\"https:\/\/www.daisho.be\/de\/#website\",\"url\":\"https:\/\/www.daisho.be\/de\/\",\"name\":\"Daisho\",\"description\":\"Sp&eacute;cialiste de l'&eacute;quipement sportif d'arts martiaux\",\"publisher\":{\"@id\":\"https:\/\/www.daisho.be\/de\/#organization\"},\"potentialAction\":[{\"@type\":\"SearchAction\",\"target\":{\"@type\":\"EntryPoint\",\"urlTemplate\":\"https:\/\/www.daisho.be\/de\/?s={search_term_string}\"},\"query-input\":{\"@type\":\"PropertyValueSpecification\",\"valueRequired\":true,\"valueName\":\"search_term_string\"}}],\"inLanguage\":\"de\"},{\"@type\":\"Organization\",\"@id\":\"https:\/\/www.daisho.be\/de\/#organization\",\"name\":\"Daisho\",\"url\":\"https:\/\/www.daisho.be\/de\/\",\"logo\":{\"@type\":\"ImageObject\",\"inLanguage\":\"de\",\"@id\":\"https:\/\/www.daisho.be\/de\/#\/schema\/logo\/image\/\",\"url\":\"https:\/\/www.daisho.be\/wp-content\/uploads\/2019\/07\/color-nothing-horizontale4x-e1564486100247.png\",\"contentUrl\":\"https:\/\/www.daisho.be\/wp-content\/uploads\/2019\/07\/color-nothing-horizontale4x-e1564486100247.png\",\"width\":1547,\"height\":385,\"caption\":\"Daisho\"},\"image\":{\"@id\":\"https:\/\/www.daisho.be\/de\/#\/schema\/logo\/image\/\"}}]}<\/script>\n<!-- \/ Yoast SEO plugin. -->","yoast_head_json":{"title":"MUAY Active Cream &#8211; Daisho","robots":{"index":"index","follow":"follow","max-snippet":"max-snippet:-1","max-image-preview":"max-image-preview:large","max-video-preview":"max-video-preview:-1"},"canonical":"https:\/\/www.daisho.be\/de\/produit\/muay-active-cream\/","og_locale":"de_DE","og_type":"article","og_title":"MUAY Active Cream &#8211; Daisho","og_description":"Creme mit f\u00fcnf nat\u00fcrlichen Inhaltsstoffen mit anerkannter Wirkung: Wacholder, MSM, Kampfer, Menthol und Gew\u00fcrznelke. Diese einzigartige Formel hilft, steife Gelenke zu entlasten, verspannte Muskeln zu entspannen und sorgt f\u00fcr ein sofortiges Frischegef\u00fchl. Ideal nach dem Sport oder am Ende des Tages, f\u00f6rdert die Erholung der Muskeln und hinterl\u00e4sst eine weiche, nicht fettende Haut. Eigenschaften: &#8211; [&hellip;]","og_url":"https:\/\/www.daisho.be\/de\/produit\/muay-active-cream\/","og_site_name":"Daisho","og_image":[{"width":1080,"height":1080,"url":"https:\/\/www.daisho.be\/wp-content\/uploads\/2025\/11\/image-123.jpg","type":"image\/jpeg"}],"twitter_card":"summary_large_image","twitter_misc":{"Gesch\u00e4tzte Lesezeit":"1\u00a0Minute"},"schema":{"@context":"https:\/\/schema.org","@graph":[{"@type":"WebPage","@id":"https:\/\/www.daisho.be\/de\/produit\/muay-active-cream\/","url":"https:\/\/www.daisho.be\/de\/produit\/muay-active-cream\/","name":"MUAY Active Cream &#8211; Daisho","isPartOf":{"@id":"https:\/\/www.daisho.be\/de\/#website"},"primaryImageOfPage":{"@id":"https:\/\/www.daisho.be\/de\/produit\/muay-active-cream\/#primaryimage"},"image":{"@id":"https:\/\/www.daisho.be\/de\/produit\/muay-active-cream\/#primaryimage"},"thumbnailUrl":"https:\/\/www.daisho.be\/wp-content\/uploads\/2025\/11\/image-123.jpg","datePublished":"2025-11-19T14:50:40+00:00","breadcrumb":{"@id":"https:\/\/www.daisho.be\/de\/produit\/muay-active-cream\/#breadcrumb"},"inLanguage":"de","potentialAction":[{"@type":"ReadAction","target":["https:\/\/www.daisho.be\/de\/produit\/muay-active-cream\/"]}]},{"@type":"ImageObject","inLanguage":"de","@id":"https:\/\/www.daisho.be\/de\/produit\/muay-active-cream\/#primaryimage","url":"https:\/\/www.daisho.be\/wp-content\/uploads\/2025\/11\/image-123.jpg","contentUrl":"https:\/\/www.daisho.be\/wp-content\/uploads\/2025\/11\/image-123.jpg","width":1080,"height":1080,"caption":"Cr\u00e8me Active MUAY -1"},{"@type":"BreadcrumbList","@id":"https:\/\/www.daisho.be\/de\/produit\/muay-active-cream\/#breadcrumb","itemListElement":[{"@type":"ListItem","position":1,"name":"Accueil","item":"https:\/\/www.daisho.be\/de\/"},{"@type":"ListItem","position":2,"name":"Produkte","item":"https:\/\/www.daisho.be\/de\/produkte\/"},{"@type":"ListItem","position":3,"name":"Sportlerpflege","item":"https:\/\/www.daisho.be\/de\/categorie-produit\/sportlerpflege\/"},{"@type":"ListItem","position":4,"name":"Cremes","item":"https:\/\/www.daisho.be\/de\/categorie-produit\/sportlerpflege\/cremes-de\/"},{"@type":"ListItem","position":5,"name":"MUAY Active Cream"}]},{"@type":"WebSite","@id":"https:\/\/www.daisho.be\/de\/#website","url":"https:\/\/www.daisho.be\/de\/","name":"Daisho","description":"Sp&eacute;cialiste de l'&eacute;quipement sportif d'arts martiaux","publisher":{"@id":"https:\/\/www.daisho.be\/de\/#organization"},"potentialAction":[{"@type":"SearchAction","target":{"@type":"EntryPoint","urlTemplate":"https:\/\/www.daisho.be\/de\/?s={search_term_string}"},"query-input":{"@type":"PropertyValueSpecification","valueRequired":true,"valueName":"search_term_string"}}],"inLanguage":"de"},{"@type":"Organization","@id":"https:\/\/www.daisho.be\/de\/#organization","name":"Daisho","url":"https:\/\/www.daisho.be\/de\/","logo":{"@type":"ImageObject","inLanguage":"de","@id":"https:\/\/www.daisho.be\/de\/#\/schema\/logo\/image\/","url":"https:\/\/www.daisho.be\/wp-content\/uploads\/2019\/07\/color-nothing-horizontale4x-e1564486100247.png","contentUrl":"https:\/\/www.daisho.be\/wp-content\/uploads\/2019\/07\/color-nothing-horizontale4x-e1564486100247.png","width":1547,"height":385,"caption":"Daisho"},"image":{"@id":"https:\/\/www.daisho.be\/de\/#\/schema\/logo\/image\/"}}]}},"_links":{"self":[{"href":"https:\/\/www.daisho.be\/de\/wp-json\/wp\/v2\/product\/624428","targetHints":{"allow":["GET"]}}],"collection":[{"href":"https:\/\/www.daisho.be\/de\/wp-json\/wp\/v2\/product"}],"about":[{"href":"https:\/\/www.daisho.be\/de\/wp-json\/wp\/v2\/types\/product"}],"replies":[{"embeddable":true,"href":"https:\/\/www.daisho.be\/de\/wp-json\/wp\/v2\/comments?post=624428"}],"wp:featuredmedia":[{"embeddable":true,"href":"https:\/\/www.daisho.be\/de\/wp-json\/wp\/v2\/media\/624407"}],"wp:attachment":[{"href":"https:\/\/www.daisho.be\/de\/wp-json\/wp\/v2\/media?parent=624428"}],"wp:term":[{"taxonomy":"product_brand","embeddable":true,"href":"https:\/\/www.daisho.be\/de\/wp-json\/wp\/v2\/product_brand?post=624428"},{"taxonomy":"product_cat","embeddable":true,"href":"https:\/\/www.daisho.be\/de\/wp-json\/wp\/v2\/product_cat?post=624428"},{"taxonomy":"product_tag","embeddable":true,"href":"https:\/\/www.daisho.be\/de\/wp-json\/wp\/v2\/product_tag?post=624428"},{"taxonomy":"sport","embeddable":true,"href":"https:\/\/www.daisho.be\/de\/wp-json\/wp\/v2\/sport?post=624428"}],"curies":[{"name":"wp","href":"https:\/\/api.w.org\/{rel}","templated":true}]}}