{"id":622465,"date":"2025-11-17T15:46:04","date_gmt":"2025-11-17T14:46:04","guid":{"rendered":"https:\/\/www.daisho.be\/produit\/professionelle-hoehenverstellbare-mobile-ballettstange-isa-2m\/"},"modified":"2026-03-26T13:32:45","modified_gmt":"2026-03-26T12:32:45","slug":"professionelle-hoehenverstellbare-mobile-ballettstange-isa-2m","status":"publish","type":"product","link":"https:\/\/www.daisho.be\/de\/produit\/professionelle-hoehenverstellbare-mobile-ballettstange-isa-2m\/","title":{"rendered":"Professionelle h\u00f6henverstellbare mobile Ballettstange Isa &#8211; 2m"},"content":{"rendered":"<p>Isa ist die beliebteste professionelle h\u00f6henverstellbare mobile Stange von Dinamica Ballet. Mit zwei verschiedenen Sockeltypen (mit und ohne Rollen) und 14 verschiedenen H\u00f6hen hat die Isa-Stange das Vertrauen von Tanzprofis und -liebhabern auf der ganzen Welt gewonnen.<br \/>\nEine Stange f\u00fcr T\u00e4nzerinnen aller Gr\u00f6\u00dfen und Niveaus<br \/>\nDie verstellbare Isa-Stange wird sowohl in Tanzschulen als auch in Privathaushalten verwendet. Mit einem Abstand von 39 cm zwischen der minimalen und der maximalen H\u00f6he und der ausgezeichneten Stabilit\u00e4t der Stahlsockel ist diese Stange f\u00fcr T\u00e4nzer jeden Alters, jeder Gr\u00f6\u00dfe und jedes Gewichts geeignet. Sie k\u00f6nnen die H\u00f6he der Isa-Bar mit einem schnellen und einfachen Mechanismus auf 14 verschiedene Positionen einstellen. Die exklusiven Stahlsockel aus dem professionellen Sortiment von Dinamica Ballet halten die Stange fest an ihrem Platz, ohne dass L\u00f6cher in das Holz gebohrt werden m\u00fcssen, und garantieren so viele Stunden entspanntes Training.<br \/>\nSockel mit oder ohne Rollen, Sie haben die Wahl<br \/>\nDas Modell Isa ist Teil unseres Sortiments an professionellen mobilen Stangen. Wir bieten zwei Arten von Stahlsockeln an: einen Sockel mit zwei Rollen, der 20 kg wiegt, und einen flachen Sockel ohne Rollen, der 10 kg wiegt. Der Sockel mit hochdichten Gummirollen bietet eine hohe Stabilit\u00e4t und erm\u00f6glicht es Ihnen, den Barren m\u00fchelos in einem Winkel von 45 Grad zu bewegen. Der flache Sockel ist so konzipiert, dass Sie die Stange durch Anheben bewegen k\u00f6nnen, ohne dass sie den Boden ber\u00fchrt.<br \/>\nIn beiden F\u00e4llen sind die Sockel mit PVC-Gleitern ausgestattet, um den Boden zu sch\u00fctzen, auch wenn er aus Holz ist. Wenn Sie die Isa-Bar mit auf Tournee nehmen oder sie h\u00e4ufig bewegen m\u00fcssen, empfehlen wir Ihnen das Modell mit Rollen. Wenn Sie die Isa-Bar nur gelegentlich bewegen wollen oder wenn Sie zu zweit sind, ist der flache Sockel besser geeignet. Das Gesamtgewicht mit den Rollensockeln und der 2 Meter langen Holzstange betr\u00e4gt 50 kg. Das Gesamtgewicht mit den Sockeln ohne Rollen betr\u00e4gt 31 kg.<br \/>\nStahl und Holz, eine perfekte Materialkombination f\u00fcr den Tanz<br \/>\nUnserer Meinung nach muss eine Ballettstange, um perfekt zu sein, aus Holz sein. Unsere Stangen werden aus gelbem Kiefernholz hergestellt, das aus nachhaltiger Forstwirtschaft stammt. Sie sind stark und leicht biegsam, was ideal f\u00fcr Tanz\u00fcbungen ist. Unser perfekt poliertes und unlackiertes Holz f\u00fchlt sich angenehm an, liegt gut in der Hand und ist von nat\u00fcrlicher Sch\u00f6nheit, um Ihre Beinarbeit zu perfektionieren. In Kombination mit unseren exklusiven Stahlst\u00e4ndern und -sockeln sind diese Stangen ein Produkt, dem professionelle und Amateurt\u00e4nzer auf der ganzen Welt vertrauen.<br \/>\nSockel mit oder ohne Rollen<br \/>\nAuf 14 verschiedene H\u00f6hen einstellbar<br \/>\nHalterung f\u00fcr eine Holzstange               <\/p>\n","protected":false},"excerpt":{"rendered":"<p>Isa ist die beliebteste professionelle h\u00f6henverstellbare mobile Stange von Dinamica Ballet. Mit zwei verschiedenen Sockeltypen (mit und ohne Rollen) und 14 verschiedenen H\u00f6hen hat die Isa-Stange das Vertrauen von Tanzprofis und -liebhabern auf der ganzen Welt gewonnen. Eine Stange f\u00fcr T\u00e4nzerinnen aller Gr\u00f6\u00dfen und Niveaus Die verstellbare Isa-Stange wird sowohl in Tanzschulen als auch in [&hellip;]<\/p>\n","protected":false},"featured_media":622449,"comment_status":"open","ping_status":"closed","template":"","meta":{"inline_featured_image":false},"product_brand":[],"product_cat":[2544],"product_tag":[2349],"sport":[],"class_list":{"0":"post-622465","1":"product","2":"type-product","3":"status-publish","4":"has-post-thumbnail","6":"product_cat-stretching-material","7":"product_tag-dinamica-ballet-de","8":"pa_size-2-m","10":"first","11":"instock","12":"taxable","13":"shipping-taxable","14":"purchasable","15":"product-type-variable"},"yoast_head":"<!-- This site is optimized with the Yoast SEO plugin v27.2 - https:\/\/yoast.com\/product\/yoast-seo-wordpress\/ -->\n<title>Professionelle h\u00f6henverstellbare mobile Ballettstange Isa - 2m &#8211; Daisho<\/title>\n<meta name=\"description\" content=\"Professionelle mobile Isa-Tanzstange, die in 14 H\u00f6hen verstellbar ist und f\u00fcr alle Niveaus geeignet ist. Sie finden sie unter www.daisho.be | Daisho\" \/>\n<meta name=\"robots\" content=\"index, follow, max-snippet:-1, max-image-preview:large, max-video-preview:-1\" \/>\n<link rel=\"canonical\" href=\"https:\/\/www.daisho.be\/de\/produit\/professionelle-hoehenverstellbare-mobile-ballettstange-isa-2m\/\" \/>\n<meta property=\"og:locale\" content=\"de_DE\" \/>\n<meta property=\"og:type\" content=\"article\" \/>\n<meta property=\"og:title\" content=\"Professionelle h\u00f6henverstellbare mobile Ballettstange Isa - 2m &#8211; Daisho\" \/>\n<meta property=\"og:description\" content=\"Professionelle mobile Isa-Tanzstange, die in 14 H\u00f6hen verstellbar ist und f\u00fcr alle Niveaus geeignet ist. Sie finden sie unter www.daisho.be | Daisho\" \/>\n<meta property=\"og:url\" content=\"https:\/\/www.daisho.be\/de\/produit\/professionelle-hoehenverstellbare-mobile-ballettstange-isa-2m\/\" \/>\n<meta property=\"og:site_name\" content=\"Daisho\" \/>\n<meta property=\"article:modified_time\" content=\"2026-03-26T12:32:45+00:00\" \/>\n<meta property=\"og:image\" content=\"https:\/\/www.daisho.be\/wp-content\/uploads\/2025\/11\/image-97-scaled.jpg\" \/>\n\t<meta property=\"og:image:width\" content=\"2048\" \/>\n\t<meta property=\"og:image:height\" content=\"1365\" \/>\n\t<meta property=\"og:image:type\" content=\"image\/jpeg\" \/>\n<meta name=\"twitter:card\" content=\"summary_large_image\" \/>\n<meta name=\"twitter:label1\" content=\"Gesch\u00e4tzte Lesezeit\" \/>\n\t<meta name=\"twitter:data1\" content=\"2\u00a0Minuten\" \/>\n<script type=\"application\/ld+json\" class=\"yoast-schema-graph\">{\"@context\":\"https:\/\/schema.org\",\"@graph\":[{\"@type\":\"WebPage\",\"@id\":\"https:\/\/www.daisho.be\/de\/produit\/professionelle-hoehenverstellbare-mobile-ballettstange-isa-2m\/\",\"url\":\"https:\/\/www.daisho.be\/de\/produit\/professionelle-hoehenverstellbare-mobile-ballettstange-isa-2m\/\",\"name\":\"Professionelle h\u00f6henverstellbare mobile Ballettstange Isa - 2m &#8211; Daisho\",\"isPartOf\":{\"@id\":\"https:\/\/www.daisho.be\/de\/#website\"},\"primaryImageOfPage\":{\"@id\":\"https:\/\/www.daisho.be\/de\/produit\/professionelle-hoehenverstellbare-mobile-ballettstange-isa-2m\/#primaryimage\"},\"image\":{\"@id\":\"https:\/\/www.daisho.be\/de\/produit\/professionelle-hoehenverstellbare-mobile-ballettstange-isa-2m\/#primaryimage\"},\"thumbnailUrl\":\"https:\/\/www.daisho.be\/wp-content\/uploads\/2025\/11\/image-97-scaled.jpg\",\"datePublished\":\"2025-11-17T14:46:04+00:00\",\"dateModified\":\"2026-03-26T12:32:45+00:00\",\"description\":\"Professionelle mobile Isa-Tanzstange, die in 14 H\u00f6hen verstellbar ist und f\u00fcr alle Niveaus geeignet ist. Sie finden sie unter www.daisho.be | Daisho\",\"breadcrumb\":{\"@id\":\"https:\/\/www.daisho.be\/de\/produit\/professionelle-hoehenverstellbare-mobile-ballettstange-isa-2m\/#breadcrumb\"},\"inLanguage\":\"de\",\"potentialAction\":[{\"@type\":\"ReadAction\",\"target\":[\"https:\/\/www.daisho.be\/de\/produit\/professionelle-hoehenverstellbare-mobile-ballettstange-isa-2m\/\"]}]},{\"@type\":\"ImageObject\",\"inLanguage\":\"de\",\"@id\":\"https:\/\/www.daisho.be\/de\/produit\/professionelle-hoehenverstellbare-mobile-ballettstange-isa-2m\/#primaryimage\",\"url\":\"https:\/\/www.daisho.be\/wp-content\/uploads\/2025\/11\/image-97-scaled.jpg\",\"contentUrl\":\"https:\/\/www.daisho.be\/wp-content\/uploads\/2025\/11\/image-97-scaled.jpg\",\"width\":2048,\"height\":1365,\"caption\":\"Professionelle h\u00f6henverstellbare mobile Ballettstange Isa - 2m-1\"},{\"@type\":\"BreadcrumbList\",\"@id\":\"https:\/\/www.daisho.be\/de\/produit\/professionelle-hoehenverstellbare-mobile-ballettstange-isa-2m\/#breadcrumb\",\"itemListElement\":[{\"@type\":\"ListItem\",\"position\":1,\"name\":\"Accueil\",\"item\":\"https:\/\/www.daisho.be\/de\/\"},{\"@type\":\"ListItem\",\"position\":2,\"name\":\"Produkte\",\"item\":\"https:\/\/www.daisho.be\/de\/produkte\/\"},{\"@type\":\"ListItem\",\"position\":3,\"name\":\"Sportlerpflege\",\"item\":\"https:\/\/www.daisho.be\/de\/categorie-produit\/sportlerpflege\/\"},{\"@type\":\"ListItem\",\"position\":4,\"name\":\"Stretching-Material\",\"item\":\"https:\/\/www.daisho.be\/de\/categorie-produit\/sportlerpflege\/stretching-material\/\"},{\"@type\":\"ListItem\",\"position\":5,\"name\":\"Professionelle h\u00f6henverstellbare mobile Ballettstange Isa &#8211; 2m\"}]},{\"@type\":\"WebSite\",\"@id\":\"https:\/\/www.daisho.be\/de\/#website\",\"url\":\"https:\/\/www.daisho.be\/de\/\",\"name\":\"Daisho\",\"description\":\"Sp&eacute;cialiste de l'&eacute;quipement sportif d'arts martiaux\",\"publisher\":{\"@id\":\"https:\/\/www.daisho.be\/de\/#organization\"},\"potentialAction\":[{\"@type\":\"SearchAction\",\"target\":{\"@type\":\"EntryPoint\",\"urlTemplate\":\"https:\/\/www.daisho.be\/de\/?s={search_term_string}\"},\"query-input\":{\"@type\":\"PropertyValueSpecification\",\"valueRequired\":true,\"valueName\":\"search_term_string\"}}],\"inLanguage\":\"de\"},{\"@type\":\"Organization\",\"@id\":\"https:\/\/www.daisho.be\/de\/#organization\",\"name\":\"Daisho\",\"url\":\"https:\/\/www.daisho.be\/de\/\",\"logo\":{\"@type\":\"ImageObject\",\"inLanguage\":\"de\",\"@id\":\"https:\/\/www.daisho.be\/de\/#\/schema\/logo\/image\/\",\"url\":\"https:\/\/www.daisho.be\/wp-content\/uploads\/2019\/07\/color-nothing-horizontale4x-e1564486100247.png\",\"contentUrl\":\"https:\/\/www.daisho.be\/wp-content\/uploads\/2019\/07\/color-nothing-horizontale4x-e1564486100247.png\",\"width\":1547,\"height\":385,\"caption\":\"Daisho\"},\"image\":{\"@id\":\"https:\/\/www.daisho.be\/de\/#\/schema\/logo\/image\/\"}}]}<\/script>\n<!-- \/ Yoast SEO plugin. -->","yoast_head_json":{"title":"Professionelle h\u00f6henverstellbare mobile Ballettstange Isa - 2m &#8211; Daisho","description":"Professionelle mobile Isa-Tanzstange, die in 14 H\u00f6hen verstellbar ist und f\u00fcr alle Niveaus geeignet ist. Sie finden sie unter www.daisho.be | Daisho","robots":{"index":"index","follow":"follow","max-snippet":"max-snippet:-1","max-image-preview":"max-image-preview:large","max-video-preview":"max-video-preview:-1"},"canonical":"https:\/\/www.daisho.be\/de\/produit\/professionelle-hoehenverstellbare-mobile-ballettstange-isa-2m\/","og_locale":"de_DE","og_type":"article","og_title":"Professionelle h\u00f6henverstellbare mobile Ballettstange Isa - 2m &#8211; Daisho","og_description":"Professionelle mobile Isa-Tanzstange, die in 14 H\u00f6hen verstellbar ist und f\u00fcr alle Niveaus geeignet ist. Sie finden sie unter www.daisho.be | Daisho","og_url":"https:\/\/www.daisho.be\/de\/produit\/professionelle-hoehenverstellbare-mobile-ballettstange-isa-2m\/","og_site_name":"Daisho","article_modified_time":"2026-03-26T12:32:45+00:00","og_image":[{"width":2048,"height":1365,"url":"https:\/\/www.daisho.be\/wp-content\/uploads\/2025\/11\/image-97-scaled.jpg","type":"image\/jpeg"}],"twitter_card":"summary_large_image","twitter_misc":{"Gesch\u00e4tzte Lesezeit":"2\u00a0Minuten"},"schema":{"@context":"https:\/\/schema.org","@graph":[{"@type":"WebPage","@id":"https:\/\/www.daisho.be\/de\/produit\/professionelle-hoehenverstellbare-mobile-ballettstange-isa-2m\/","url":"https:\/\/www.daisho.be\/de\/produit\/professionelle-hoehenverstellbare-mobile-ballettstange-isa-2m\/","name":"Professionelle h\u00f6henverstellbare mobile Ballettstange Isa - 2m &#8211; Daisho","isPartOf":{"@id":"https:\/\/www.daisho.be\/de\/#website"},"primaryImageOfPage":{"@id":"https:\/\/www.daisho.be\/de\/produit\/professionelle-hoehenverstellbare-mobile-ballettstange-isa-2m\/#primaryimage"},"image":{"@id":"https:\/\/www.daisho.be\/de\/produit\/professionelle-hoehenverstellbare-mobile-ballettstange-isa-2m\/#primaryimage"},"thumbnailUrl":"https:\/\/www.daisho.be\/wp-content\/uploads\/2025\/11\/image-97-scaled.jpg","datePublished":"2025-11-17T14:46:04+00:00","dateModified":"2026-03-26T12:32:45+00:00","description":"Professionelle mobile Isa-Tanzstange, die in 14 H\u00f6hen verstellbar ist und f\u00fcr alle Niveaus geeignet ist. Sie finden sie unter www.daisho.be | Daisho","breadcrumb":{"@id":"https:\/\/www.daisho.be\/de\/produit\/professionelle-hoehenverstellbare-mobile-ballettstange-isa-2m\/#breadcrumb"},"inLanguage":"de","potentialAction":[{"@type":"ReadAction","target":["https:\/\/www.daisho.be\/de\/produit\/professionelle-hoehenverstellbare-mobile-ballettstange-isa-2m\/"]}]},{"@type":"ImageObject","inLanguage":"de","@id":"https:\/\/www.daisho.be\/de\/produit\/professionelle-hoehenverstellbare-mobile-ballettstange-isa-2m\/#primaryimage","url":"https:\/\/www.daisho.be\/wp-content\/uploads\/2025\/11\/image-97-scaled.jpg","contentUrl":"https:\/\/www.daisho.be\/wp-content\/uploads\/2025\/11\/image-97-scaled.jpg","width":2048,"height":1365,"caption":"Professionelle h\u00f6henverstellbare mobile Ballettstange Isa - 2m-1"},{"@type":"BreadcrumbList","@id":"https:\/\/www.daisho.be\/de\/produit\/professionelle-hoehenverstellbare-mobile-ballettstange-isa-2m\/#breadcrumb","itemListElement":[{"@type":"ListItem","position":1,"name":"Accueil","item":"https:\/\/www.daisho.be\/de\/"},{"@type":"ListItem","position":2,"name":"Produkte","item":"https:\/\/www.daisho.be\/de\/produkte\/"},{"@type":"ListItem","position":3,"name":"Sportlerpflege","item":"https:\/\/www.daisho.be\/de\/categorie-produit\/sportlerpflege\/"},{"@type":"ListItem","position":4,"name":"Stretching-Material","item":"https:\/\/www.daisho.be\/de\/categorie-produit\/sportlerpflege\/stretching-material\/"},{"@type":"ListItem","position":5,"name":"Professionelle h\u00f6henverstellbare mobile Ballettstange Isa &#8211; 2m"}]},{"@type":"WebSite","@id":"https:\/\/www.daisho.be\/de\/#website","url":"https:\/\/www.daisho.be\/de\/","name":"Daisho","description":"Sp&eacute;cialiste de l'&eacute;quipement sportif d'arts martiaux","publisher":{"@id":"https:\/\/www.daisho.be\/de\/#organization"},"potentialAction":[{"@type":"SearchAction","target":{"@type":"EntryPoint","urlTemplate":"https:\/\/www.daisho.be\/de\/?s={search_term_string}"},"query-input":{"@type":"PropertyValueSpecification","valueRequired":true,"valueName":"search_term_string"}}],"inLanguage":"de"},{"@type":"Organization","@id":"https:\/\/www.daisho.be\/de\/#organization","name":"Daisho","url":"https:\/\/www.daisho.be\/de\/","logo":{"@type":"ImageObject","inLanguage":"de","@id":"https:\/\/www.daisho.be\/de\/#\/schema\/logo\/image\/","url":"https:\/\/www.daisho.be\/wp-content\/uploads\/2019\/07\/color-nothing-horizontale4x-e1564486100247.png","contentUrl":"https:\/\/www.daisho.be\/wp-content\/uploads\/2019\/07\/color-nothing-horizontale4x-e1564486100247.png","width":1547,"height":385,"caption":"Daisho"},"image":{"@id":"https:\/\/www.daisho.be\/de\/#\/schema\/logo\/image\/"}}]}},"_links":{"self":[{"href":"https:\/\/www.daisho.be\/de\/wp-json\/wp\/v2\/product\/622465","targetHints":{"allow":["GET"]}}],"collection":[{"href":"https:\/\/www.daisho.be\/de\/wp-json\/wp\/v2\/product"}],"about":[{"href":"https:\/\/www.daisho.be\/de\/wp-json\/wp\/v2\/types\/product"}],"replies":[{"embeddable":true,"href":"https:\/\/www.daisho.be\/de\/wp-json\/wp\/v2\/comments?post=622465"}],"wp:featuredmedia":[{"embeddable":true,"href":"https:\/\/www.daisho.be\/de\/wp-json\/wp\/v2\/media\/622449"}],"wp:attachment":[{"href":"https:\/\/www.daisho.be\/de\/wp-json\/wp\/v2\/media?parent=622465"}],"wp:term":[{"taxonomy":"product_brand","embeddable":true,"href":"https:\/\/www.daisho.be\/de\/wp-json\/wp\/v2\/product_brand?post=622465"},{"taxonomy":"product_cat","embeddable":true,"href":"https:\/\/www.daisho.be\/de\/wp-json\/wp\/v2\/product_cat?post=622465"},{"taxonomy":"product_tag","embeddable":true,"href":"https:\/\/www.daisho.be\/de\/wp-json\/wp\/v2\/product_tag?post=622465"},{"taxonomy":"sport","embeddable":true,"href":"https:\/\/www.daisho.be\/de\/wp-json\/wp\/v2\/sport?post=622465"}],"curies":[{"name":"wp","href":"https:\/\/api.w.org\/{rel}","templated":true}]}}