{"id":622299,"date":"2025-11-17T15:18:31","date_gmt":"2025-11-17T14:18:31","guid":{"rendered":"https:\/\/www.daisho.be\/produit\/isa-fix-hoehenverstellbare-bodenkonsolen\/"},"modified":"2026-03-26T16:23:08","modified_gmt":"2026-03-26T15:23:08","slug":"isa-fix-hoehenverstellbare-bodenkonsolen","status":"publish","type":"product","link":"https:\/\/www.daisho.be\/de\/produit\/isa-fix-hoehenverstellbare-bodenkonsolen\/","title":{"rendered":"Isa-Fix h\u00f6henverstellbare Bodenkonsolen"},"content":{"rendered":"<p>Die h\u00f6henverstellbaren Bodenkonsolen von Isa-Fix sind ideal f\u00fcr kleine und mittelgro\u00dfe Klassenzimmer mit Sch\u00fclern unterschiedlichen Alters.<br \/>\nDie 14 Positionen, in denen sie befestigt werden k\u00f6nnen, garantieren die notwendige Flexibilit\u00e4t, um sowohl kleinen als auch gro\u00dfen T\u00e4nzern gerecht zu werden.<br \/>\nPerfekte H\u00f6he f\u00fcr alle Sch\u00fcler.<br \/>\nMit 14 nummerierten Positionen und einem Abstand von 39 Zentimetern zwischen der niedrigsten und der h\u00f6chsten Position ist der Isa-Fix Barren ideal f\u00fcr Schulen mit altersgemischten Sch\u00fclergruppen.<br \/>\nDie 10 x 18 cm gro\u00dfen Stahlsockel bieten trotz ihrer geringen Gr\u00f6\u00dfe eine hohe Stabilit\u00e4t, so dass die Barren nahe an der Wand aufgestellt werden k\u00f6nnen, um die Fl\u00e4che des Saals optimal zu nutzen.<br \/>\nMedien, die f\u00fcr eine hervorragende Leistung konzipiert sind.<br \/>\nDie Isa-Fix Konsole umschlie\u00dft die Holzstange rundum und verteilt den vom T\u00e4nzer ausge\u00fcbten Druck auf die gesamte Oberfl\u00e4che.<br \/>\nSeine Abmessungen sind so konzipiert, dass zwei Holzst\u00e4be im Inneren zusammengesteckt werden k\u00f6nnen, ohne an Stabilit\u00e4t zu verlieren.<br \/>\nDadurch wird vermieden, dass L\u00f6cher in den Stab gebohrt werden, die seine Festigkeit beeintr\u00e4chtigen k\u00f6nnten.<br \/>\nDie vier 10 cm langen Sechskantschrauben sorgen f\u00fcr eine solide Befestigung der Stange am Boden.<br \/>\nDie Sockel, Pfosten und Halterungen sind aus hochwertigem Stahl mit einer silberfarbenen Epoxydharzbeschichtung, die sehr schlag- und kratzfest ist.<br \/>\nSie k\u00f6nnen beliebig viele Isa-Fix Konsolen mit einem Abstand von maximal 2 Metern aufstellen.<br \/>\nGelbes Kiefernholz aus nachhaltiger Forstwirtschaft.<br \/>\nUnsere St\u00e4be mit einem Durchmesser von 40 mm sind aus gelbem Kiefernholz gefertigt, das eine hohe Festigkeit, leichte Flexibilit\u00e4t, optimale Unterst\u00fctzung und ein angenehmes Gef\u00fchl beim Anfassen bietet.<br \/>\nDie St\u00e4be wurden aus einem einzigen St\u00fcck Holz geschnitzt und poliert und stammen aus kontrollierten W\u00e4ldern, die den Prinzipien der nachhaltigen Bewirtschaftung entsprechen.<\/p>\n","protected":false},"excerpt":{"rendered":"<p>Die h\u00f6henverstellbaren Bodenkonsolen von Isa-Fix sind ideal f\u00fcr kleine und mittelgro\u00dfe Klassenzimmer mit Sch\u00fclern unterschiedlichen Alters. Die 14 Positionen, in denen sie befestigt werden k\u00f6nnen, garantieren die notwendige Flexibilit\u00e4t, um sowohl kleinen als auch gro\u00dfen T\u00e4nzern gerecht zu werden. Perfekte H\u00f6he f\u00fcr alle Sch\u00fcler. Mit 14 nummerierten Positionen und einem Abstand von 39 Zentimetern zwischen [&hellip;]<\/p>\n","protected":false},"featured_media":622277,"comment_status":"open","ping_status":"closed","template":"","meta":{"inline_featured_image":false},"product_brand":[],"product_cat":[2544],"product_tag":[2349],"sport":[],"class_list":{"0":"post-622299","1":"product","2":"type-product","3":"status-publish","4":"has-post-thumbnail","6":"product_cat-stretching-material","7":"product_tag-dinamica-ballet-de","8":"pa_size-sans-taille-defaut","10":"first","11":"instock","12":"taxable","13":"shipping-taxable","14":"purchasable","15":"product-type-simple"},"yoast_head":"<!-- This site is optimized with the Yoast SEO plugin v27.2 - https:\/\/yoast.com\/product\/yoast-seo-wordpress\/ -->\n<title>Isa-Fix h\u00f6henverstellbare Bodenkonsolen &#8211; Daisho<\/title>\n<meta name=\"description\" content=\"14-fach h\u00f6henverstellbare Bodenkonsole aus robustem Stahl, ideal f\u00fcr Tanzschulen. Finden Sie ihn auf www.daisho.be | Daisho\" \/>\n<meta name=\"robots\" content=\"index, follow, max-snippet:-1, max-image-preview:large, max-video-preview:-1\" \/>\n<link rel=\"canonical\" href=\"https:\/\/www.daisho.be\/de\/produit\/isa-fix-hoehenverstellbare-bodenkonsolen\/\" \/>\n<meta property=\"og:locale\" content=\"de_DE\" \/>\n<meta property=\"og:type\" content=\"article\" \/>\n<meta property=\"og:title\" content=\"Isa-Fix h\u00f6henverstellbare Bodenkonsolen &#8211; Daisho\" \/>\n<meta property=\"og:description\" content=\"14-fach h\u00f6henverstellbare Bodenkonsole aus robustem Stahl, ideal f\u00fcr Tanzschulen. Finden Sie ihn auf www.daisho.be | Daisho\" \/>\n<meta property=\"og:url\" content=\"https:\/\/www.daisho.be\/de\/produit\/isa-fix-hoehenverstellbare-bodenkonsolen\/\" \/>\n<meta property=\"og:site_name\" content=\"Daisho\" \/>\n<meta property=\"article:modified_time\" content=\"2026-03-26T15:23:08+00:00\" \/>\n<meta property=\"og:image\" content=\"https:\/\/www.daisho.be\/wp-content\/uploads\/2025\/11\/image-89-scaled.jpg\" \/>\n\t<meta property=\"og:image:width\" content=\"1365\" \/>\n\t<meta property=\"og:image:height\" content=\"2048\" \/>\n\t<meta property=\"og:image:type\" content=\"image\/jpeg\" \/>\n<meta name=\"twitter:card\" content=\"summary_large_image\" \/>\n<meta name=\"twitter:label1\" content=\"Gesch\u00e4tzte Lesezeit\" \/>\n\t<meta name=\"twitter:data1\" content=\"1\u00a0Minute\" \/>\n<script type=\"application\/ld+json\" class=\"yoast-schema-graph\">{\"@context\":\"https:\/\/schema.org\",\"@graph\":[{\"@type\":\"WebPage\",\"@id\":\"https:\/\/www.daisho.be\/de\/produit\/isa-fix-hoehenverstellbare-bodenkonsolen\/\",\"url\":\"https:\/\/www.daisho.be\/de\/produit\/isa-fix-hoehenverstellbare-bodenkonsolen\/\",\"name\":\"Isa-Fix h\u00f6henverstellbare Bodenkonsolen &#8211; Daisho\",\"isPartOf\":{\"@id\":\"https:\/\/www.daisho.be\/de\/#website\"},\"primaryImageOfPage\":{\"@id\":\"https:\/\/www.daisho.be\/de\/produit\/isa-fix-hoehenverstellbare-bodenkonsolen\/#primaryimage\"},\"image\":{\"@id\":\"https:\/\/www.daisho.be\/de\/produit\/isa-fix-hoehenverstellbare-bodenkonsolen\/#primaryimage\"},\"thumbnailUrl\":\"https:\/\/www.daisho.be\/wp-content\/uploads\/2025\/11\/image-89-scaled.jpg\",\"datePublished\":\"2025-11-17T14:18:31+00:00\",\"dateModified\":\"2026-03-26T15:23:08+00:00\",\"description\":\"14-fach h\u00f6henverstellbare Bodenkonsole aus robustem Stahl, ideal f\u00fcr Tanzschulen. Finden Sie ihn auf www.daisho.be | Daisho\",\"breadcrumb\":{\"@id\":\"https:\/\/www.daisho.be\/de\/produit\/isa-fix-hoehenverstellbare-bodenkonsolen\/#breadcrumb\"},\"inLanguage\":\"de\",\"potentialAction\":[{\"@type\":\"ReadAction\",\"target\":[\"https:\/\/www.daisho.be\/de\/produit\/isa-fix-hoehenverstellbare-bodenkonsolen\/\"]}]},{\"@type\":\"ImageObject\",\"inLanguage\":\"de\",\"@id\":\"https:\/\/www.daisho.be\/de\/produit\/isa-fix-hoehenverstellbare-bodenkonsolen\/#primaryimage\",\"url\":\"https:\/\/www.daisho.be\/wp-content\/uploads\/2025\/11\/image-89-scaled.jpg\",\"contentUrl\":\"https:\/\/www.daisho.be\/wp-content\/uploads\/2025\/11\/image-89-scaled.jpg\",\"width\":1365,\"height\":2048,\"caption\":\"H\u00f6henverstellbare Bodenkonsolen Isa-Fix -1\"},{\"@type\":\"BreadcrumbList\",\"@id\":\"https:\/\/www.daisho.be\/de\/produit\/isa-fix-hoehenverstellbare-bodenkonsolen\/#breadcrumb\",\"itemListElement\":[{\"@type\":\"ListItem\",\"position\":1,\"name\":\"Accueil\",\"item\":\"https:\/\/www.daisho.be\/de\/\"},{\"@type\":\"ListItem\",\"position\":2,\"name\":\"Produkte\",\"item\":\"https:\/\/www.daisho.be\/de\/produkte\/\"},{\"@type\":\"ListItem\",\"position\":3,\"name\":\"Sportlerpflege\",\"item\":\"https:\/\/www.daisho.be\/de\/categorie-produit\/sportlerpflege\/\"},{\"@type\":\"ListItem\",\"position\":4,\"name\":\"Stretching-Material\",\"item\":\"https:\/\/www.daisho.be\/de\/categorie-produit\/sportlerpflege\/stretching-material\/\"},{\"@type\":\"ListItem\",\"position\":5,\"name\":\"Isa-Fix h\u00f6henverstellbare Bodenkonsolen\"}]},{\"@type\":\"WebSite\",\"@id\":\"https:\/\/www.daisho.be\/de\/#website\",\"url\":\"https:\/\/www.daisho.be\/de\/\",\"name\":\"Daisho\",\"description\":\"Sp&eacute;cialiste de l'&eacute;quipement sportif d'arts martiaux\",\"publisher\":{\"@id\":\"https:\/\/www.daisho.be\/de\/#organization\"},\"potentialAction\":[{\"@type\":\"SearchAction\",\"target\":{\"@type\":\"EntryPoint\",\"urlTemplate\":\"https:\/\/www.daisho.be\/de\/?s={search_term_string}\"},\"query-input\":{\"@type\":\"PropertyValueSpecification\",\"valueRequired\":true,\"valueName\":\"search_term_string\"}}],\"inLanguage\":\"de\"},{\"@type\":\"Organization\",\"@id\":\"https:\/\/www.daisho.be\/de\/#organization\",\"name\":\"Daisho\",\"url\":\"https:\/\/www.daisho.be\/de\/\",\"logo\":{\"@type\":\"ImageObject\",\"inLanguage\":\"de\",\"@id\":\"https:\/\/www.daisho.be\/de\/#\/schema\/logo\/image\/\",\"url\":\"https:\/\/www.daisho.be\/wp-content\/uploads\/2019\/07\/color-nothing-horizontale4x-e1564486100247.png\",\"contentUrl\":\"https:\/\/www.daisho.be\/wp-content\/uploads\/2019\/07\/color-nothing-horizontale4x-e1564486100247.png\",\"width\":1547,\"height\":385,\"caption\":\"Daisho\"},\"image\":{\"@id\":\"https:\/\/www.daisho.be\/de\/#\/schema\/logo\/image\/\"}}]}<\/script>\n<!-- \/ Yoast SEO plugin. -->","yoast_head_json":{"title":"Isa-Fix h\u00f6henverstellbare Bodenkonsolen &#8211; Daisho","description":"14-fach h\u00f6henverstellbare Bodenkonsole aus robustem Stahl, ideal f\u00fcr Tanzschulen. Finden Sie ihn auf www.daisho.be | Daisho","robots":{"index":"index","follow":"follow","max-snippet":"max-snippet:-1","max-image-preview":"max-image-preview:large","max-video-preview":"max-video-preview:-1"},"canonical":"https:\/\/www.daisho.be\/de\/produit\/isa-fix-hoehenverstellbare-bodenkonsolen\/","og_locale":"de_DE","og_type":"article","og_title":"Isa-Fix h\u00f6henverstellbare Bodenkonsolen &#8211; Daisho","og_description":"14-fach h\u00f6henverstellbare Bodenkonsole aus robustem Stahl, ideal f\u00fcr Tanzschulen. Finden Sie ihn auf www.daisho.be | Daisho","og_url":"https:\/\/www.daisho.be\/de\/produit\/isa-fix-hoehenverstellbare-bodenkonsolen\/","og_site_name":"Daisho","article_modified_time":"2026-03-26T15:23:08+00:00","og_image":[{"width":1365,"height":2048,"url":"https:\/\/www.daisho.be\/wp-content\/uploads\/2025\/11\/image-89-scaled.jpg","type":"image\/jpeg"}],"twitter_card":"summary_large_image","twitter_misc":{"Gesch\u00e4tzte Lesezeit":"1\u00a0Minute"},"schema":{"@context":"https:\/\/schema.org","@graph":[{"@type":"WebPage","@id":"https:\/\/www.daisho.be\/de\/produit\/isa-fix-hoehenverstellbare-bodenkonsolen\/","url":"https:\/\/www.daisho.be\/de\/produit\/isa-fix-hoehenverstellbare-bodenkonsolen\/","name":"Isa-Fix h\u00f6henverstellbare Bodenkonsolen &#8211; Daisho","isPartOf":{"@id":"https:\/\/www.daisho.be\/de\/#website"},"primaryImageOfPage":{"@id":"https:\/\/www.daisho.be\/de\/produit\/isa-fix-hoehenverstellbare-bodenkonsolen\/#primaryimage"},"image":{"@id":"https:\/\/www.daisho.be\/de\/produit\/isa-fix-hoehenverstellbare-bodenkonsolen\/#primaryimage"},"thumbnailUrl":"https:\/\/www.daisho.be\/wp-content\/uploads\/2025\/11\/image-89-scaled.jpg","datePublished":"2025-11-17T14:18:31+00:00","dateModified":"2026-03-26T15:23:08+00:00","description":"14-fach h\u00f6henverstellbare Bodenkonsole aus robustem Stahl, ideal f\u00fcr Tanzschulen. Finden Sie ihn auf www.daisho.be | Daisho","breadcrumb":{"@id":"https:\/\/www.daisho.be\/de\/produit\/isa-fix-hoehenverstellbare-bodenkonsolen\/#breadcrumb"},"inLanguage":"de","potentialAction":[{"@type":"ReadAction","target":["https:\/\/www.daisho.be\/de\/produit\/isa-fix-hoehenverstellbare-bodenkonsolen\/"]}]},{"@type":"ImageObject","inLanguage":"de","@id":"https:\/\/www.daisho.be\/de\/produit\/isa-fix-hoehenverstellbare-bodenkonsolen\/#primaryimage","url":"https:\/\/www.daisho.be\/wp-content\/uploads\/2025\/11\/image-89-scaled.jpg","contentUrl":"https:\/\/www.daisho.be\/wp-content\/uploads\/2025\/11\/image-89-scaled.jpg","width":1365,"height":2048,"caption":"H\u00f6henverstellbare Bodenkonsolen Isa-Fix -1"},{"@type":"BreadcrumbList","@id":"https:\/\/www.daisho.be\/de\/produit\/isa-fix-hoehenverstellbare-bodenkonsolen\/#breadcrumb","itemListElement":[{"@type":"ListItem","position":1,"name":"Accueil","item":"https:\/\/www.daisho.be\/de\/"},{"@type":"ListItem","position":2,"name":"Produkte","item":"https:\/\/www.daisho.be\/de\/produkte\/"},{"@type":"ListItem","position":3,"name":"Sportlerpflege","item":"https:\/\/www.daisho.be\/de\/categorie-produit\/sportlerpflege\/"},{"@type":"ListItem","position":4,"name":"Stretching-Material","item":"https:\/\/www.daisho.be\/de\/categorie-produit\/sportlerpflege\/stretching-material\/"},{"@type":"ListItem","position":5,"name":"Isa-Fix h\u00f6henverstellbare Bodenkonsolen"}]},{"@type":"WebSite","@id":"https:\/\/www.daisho.be\/de\/#website","url":"https:\/\/www.daisho.be\/de\/","name":"Daisho","description":"Sp&eacute;cialiste de l'&eacute;quipement sportif d'arts martiaux","publisher":{"@id":"https:\/\/www.daisho.be\/de\/#organization"},"potentialAction":[{"@type":"SearchAction","target":{"@type":"EntryPoint","urlTemplate":"https:\/\/www.daisho.be\/de\/?s={search_term_string}"},"query-input":{"@type":"PropertyValueSpecification","valueRequired":true,"valueName":"search_term_string"}}],"inLanguage":"de"},{"@type":"Organization","@id":"https:\/\/www.daisho.be\/de\/#organization","name":"Daisho","url":"https:\/\/www.daisho.be\/de\/","logo":{"@type":"ImageObject","inLanguage":"de","@id":"https:\/\/www.daisho.be\/de\/#\/schema\/logo\/image\/","url":"https:\/\/www.daisho.be\/wp-content\/uploads\/2019\/07\/color-nothing-horizontale4x-e1564486100247.png","contentUrl":"https:\/\/www.daisho.be\/wp-content\/uploads\/2019\/07\/color-nothing-horizontale4x-e1564486100247.png","width":1547,"height":385,"caption":"Daisho"},"image":{"@id":"https:\/\/www.daisho.be\/de\/#\/schema\/logo\/image\/"}}]}},"_links":{"self":[{"href":"https:\/\/www.daisho.be\/de\/wp-json\/wp\/v2\/product\/622299","targetHints":{"allow":["GET"]}}],"collection":[{"href":"https:\/\/www.daisho.be\/de\/wp-json\/wp\/v2\/product"}],"about":[{"href":"https:\/\/www.daisho.be\/de\/wp-json\/wp\/v2\/types\/product"}],"replies":[{"embeddable":true,"href":"https:\/\/www.daisho.be\/de\/wp-json\/wp\/v2\/comments?post=622299"}],"wp:featuredmedia":[{"embeddable":true,"href":"https:\/\/www.daisho.be\/de\/wp-json\/wp\/v2\/media\/622277"}],"wp:attachment":[{"href":"https:\/\/www.daisho.be\/de\/wp-json\/wp\/v2\/media?parent=622299"}],"wp:term":[{"taxonomy":"product_brand","embeddable":true,"href":"https:\/\/www.daisho.be\/de\/wp-json\/wp\/v2\/product_brand?post=622299"},{"taxonomy":"product_cat","embeddable":true,"href":"https:\/\/www.daisho.be\/de\/wp-json\/wp\/v2\/product_cat?post=622299"},{"taxonomy":"product_tag","embeddable":true,"href":"https:\/\/www.daisho.be\/de\/wp-json\/wp\/v2\/product_tag?post=622299"},{"taxonomy":"sport","embeddable":true,"href":"https:\/\/www.daisho.be\/de\/wp-json\/wp\/v2\/sport?post=622299"}],"curies":[{"name":"wp","href":"https:\/\/api.w.org\/{rel}","templated":true}]}}