{"id":622287,"date":"2025-11-17T15:18:14","date_gmt":"2025-11-17T14:18:14","guid":{"rendered":"https:\/\/www.daisho.be\/produit\/pina-fix-bodenkonsolen-fuer-2-holzstangen\/"},"modified":"2026-03-02T12:49:05","modified_gmt":"2026-03-02T11:49:05","slug":"pina-fix-bodenkonsolen-fuer-2-holzstangen","status":"publish","type":"product","link":"https:\/\/www.daisho.be\/de\/produit\/pina-fix-bodenkonsolen-fuer-2-holzstangen\/","title":{"rendered":"Pina-Fix Bodenkonsolen f\u00fcr 2 Holzstangen"},"content":{"rendered":"<p>Die Pina-Fix Bodenkonsolen f\u00fcr zwei Holzstangen, die 19 cm voneinander entfernt sind, erm\u00f6glichen es T\u00e4nzern unterschiedlicher Gr\u00f6\u00dfe, die Stangen gleichzeitig zu benutzen. Das sorgf\u00e4ltige Design sorgt f\u00fcr Stabilit\u00e4t bei den \u00dcbungen und spart Platz, so dass Sie funktionale und \u00e4sthetische R\u00e4ume schaffen k\u00f6nnen.<br \/>\nZwei H\u00f6hen f\u00fcr viele T\u00e4nzer.<br \/>\nIn Bezug auf die H\u00f6he empfehlen wir, dass eine Ballettstange zwischen dem Ellbogen (wenn der Arm ruht) und der Handposition in der zweiten Position im klassischen Tanz platziert wird. Mit der unteren Stange 77,5 cm \u00fcber dem Boden und der oberen Stange 101 cm \u00fcber dem Boden ist die Pina-Fix ein Modell, das Flexibilit\u00e4t bietet und die Arbeit mit T\u00e4nzern unterschiedlicher Gr\u00f6\u00dfe erm\u00f6glicht.<br \/>\nDie vier 10 cm langen Sechskantschrauben sorgen f\u00fcr eine stabile Befestigung der Stange am Boden. Die Sockel, Pfosten und Halterungen sind aus hochwertigem Stahl mit einer silberfarbenen Epoxidbeschichtung, die sehr schlag- und kratzfest ist.<br \/>\nOptimieren und nutzen Sie Ihren Platz.<br \/>\nDie Halterungen der Pina-Fix Konsole umschlie\u00dfen die Holzstangen rundherum und verteilen den Druck der T\u00e4nzer \u00fcber die gesamte Fl\u00e4che. Mit den 18 x 10 cm gro\u00dfen Stahlsockeln k\u00f6nnen Sie die Pina-Fix nahe an der Wand oder an Spiegeln aufstellen und den verf\u00fcgbaren Platz optimal nutzen, ohne an Stabilit\u00e4t zu verlieren.<br \/>\nMit den Halterungen des Pina-Fix k\u00f6nnen Sie vier Stangen im Inneren zusammenf\u00fcgen, zwei oben und zwei unten. So schaffen Sie eine durchgehende Reihe von Stangen, die es mehreren T\u00e4nzern erm\u00f6glicht, gleichzeitig zu arbeiten. Sie k\u00f6nnen beliebig viele Stangen in einem Abstand von maximal 2 Metern aufstellen.<br \/>\nPerfekter Griff, angenehme Ber\u00fchrung und pr\u00e4zise Biegung.<br \/>\nUnsere Stangen mit einem Durchmesser von 40 Millimetern sind aus gelbem Kiefernholz und bieten hohe Festigkeit, leichte Flexibilit\u00e4t, optimale Unterst\u00fctzung und ein angenehmes Gef\u00fchl beim Ber\u00fchren.   Die St\u00e4be wurden aus einem einzigen St\u00fcck Holz geschnitzt und poliert und stammen aus kontrollierten W\u00e4ldern, die den Prinzipien der nachhaltigen Bewirtschaftung entsprechen. Mit ihren exklusiven Halterungen und Stahlsockeln sind diese bodenbefestigten Stangen ein Produkt, dem T\u00e4nzer auf der ganzen Welt vertrauen.<\/p>\n","protected":false},"excerpt":{"rendered":"<p>Die Pina-Fix Bodenkonsolen f\u00fcr zwei Holzstangen, die 19 cm voneinander entfernt sind, erm\u00f6glichen es T\u00e4nzern unterschiedlicher Gr\u00f6\u00dfe, die Stangen gleichzeitig zu benutzen. Das sorgf\u00e4ltige Design sorgt f\u00fcr Stabilit\u00e4t bei den \u00dcbungen und spart Platz, so dass Sie funktionale und \u00e4sthetische R\u00e4ume schaffen k\u00f6nnen. Zwei H\u00f6hen f\u00fcr viele T\u00e4nzer. In Bezug auf die H\u00f6he empfehlen wir, [&hellip;]<\/p>\n","protected":false},"featured_media":622266,"comment_status":"open","ping_status":"closed","template":"","meta":{"inline_featured_image":false},"product_brand":[],"product_cat":[2544],"product_tag":[2349],"sport":[],"class_list":{"0":"post-622287","1":"product","2":"type-product","3":"status-publish","4":"has-post-thumbnail","6":"product_cat-stretching-material","7":"product_tag-dinamica-ballet-de","8":"pa_size-sans-taille-defaut","10":"first","11":"instock","12":"taxable","13":"shipping-taxable","14":"purchasable","15":"product-type-variable"},"yoast_head":"<!-- This site is optimized with the Yoast SEO plugin v27.2 - https:\/\/yoast.com\/product\/yoast-seo-wordpress\/ -->\n<title>Pina-Fix Bodenkonsolen f\u00fcr 2 Holzstangen &#8211; Daisho<\/title>\n<meta name=\"description\" content=\"Pina-Fix Bodenkonsole mit zwei Stangen (2 H\u00f6hen) aus robustem Stahl, ideal f\u00fcr Ballett. Zu finden auf www.daisho.be | Daisho\" \/>\n<meta name=\"robots\" content=\"index, follow, max-snippet:-1, max-image-preview:large, max-video-preview:-1\" \/>\n<link rel=\"canonical\" href=\"https:\/\/www.daisho.be\/de\/produit\/pina-fix-bodenkonsolen-fuer-2-holzstangen\/\" \/>\n<meta property=\"og:locale\" content=\"de_DE\" \/>\n<meta property=\"og:type\" content=\"article\" \/>\n<meta property=\"og:title\" content=\"Pina-Fix Bodenkonsolen f\u00fcr 2 Holzstangen &#8211; Daisho\" \/>\n<meta property=\"og:description\" content=\"Pina-Fix Bodenkonsole mit zwei Stangen (2 H\u00f6hen) aus robustem Stahl, ideal f\u00fcr Ballett. Zu finden auf www.daisho.be | Daisho\" \/>\n<meta property=\"og:url\" content=\"https:\/\/www.daisho.be\/de\/produit\/pina-fix-bodenkonsolen-fuer-2-holzstangen\/\" \/>\n<meta property=\"og:site_name\" content=\"Daisho\" \/>\n<meta property=\"article:modified_time\" content=\"2026-03-02T11:49:05+00:00\" \/>\n<meta property=\"og:image\" content=\"https:\/\/www.daisho.be\/wp-content\/uploads\/2025\/11\/image-88-scaled.jpg\" \/>\n\t<meta property=\"og:image:width\" content=\"1365\" \/>\n\t<meta property=\"og:image:height\" content=\"2048\" \/>\n\t<meta property=\"og:image:type\" content=\"image\/jpeg\" \/>\n<meta name=\"twitter:card\" content=\"summary_large_image\" \/>\n<meta name=\"twitter:label1\" content=\"Gesch\u00e4tzte Lesezeit\" \/>\n\t<meta name=\"twitter:data1\" content=\"2\u00a0Minuten\" \/>\n<script type=\"application\/ld+json\" class=\"yoast-schema-graph\">{\"@context\":\"https:\/\/schema.org\",\"@graph\":[{\"@type\":\"WebPage\",\"@id\":\"https:\/\/www.daisho.be\/de\/produit\/pina-fix-bodenkonsolen-fuer-2-holzstangen\/\",\"url\":\"https:\/\/www.daisho.be\/de\/produit\/pina-fix-bodenkonsolen-fuer-2-holzstangen\/\",\"name\":\"Pina-Fix Bodenkonsolen f\u00fcr 2 Holzstangen &#8211; Daisho\",\"isPartOf\":{\"@id\":\"https:\/\/www.daisho.be\/de\/#website\"},\"primaryImageOfPage\":{\"@id\":\"https:\/\/www.daisho.be\/de\/produit\/pina-fix-bodenkonsolen-fuer-2-holzstangen\/#primaryimage\"},\"image\":{\"@id\":\"https:\/\/www.daisho.be\/de\/produit\/pina-fix-bodenkonsolen-fuer-2-holzstangen\/#primaryimage\"},\"thumbnailUrl\":\"https:\/\/www.daisho.be\/wp-content\/uploads\/2025\/11\/image-88-scaled.jpg\",\"datePublished\":\"2025-11-17T14:18:14+00:00\",\"dateModified\":\"2026-03-02T11:49:05+00:00\",\"description\":\"Pina-Fix Bodenkonsole mit zwei Stangen (2 H\u00f6hen) aus robustem Stahl, ideal f\u00fcr Ballett. Zu finden auf www.daisho.be | Daisho\",\"breadcrumb\":{\"@id\":\"https:\/\/www.daisho.be\/de\/produit\/pina-fix-bodenkonsolen-fuer-2-holzstangen\/#breadcrumb\"},\"inLanguage\":\"de\",\"potentialAction\":[{\"@type\":\"ReadAction\",\"target\":[\"https:\/\/www.daisho.be\/de\/produit\/pina-fix-bodenkonsolen-fuer-2-holzstangen\/\"]}]},{\"@type\":\"ImageObject\",\"inLanguage\":\"de\",\"@id\":\"https:\/\/www.daisho.be\/de\/produit\/pina-fix-bodenkonsolen-fuer-2-holzstangen\/#primaryimage\",\"url\":\"https:\/\/www.daisho.be\/wp-content\/uploads\/2025\/11\/image-88-scaled.jpg\",\"contentUrl\":\"https:\/\/www.daisho.be\/wp-content\/uploads\/2025\/11\/image-88-scaled.jpg\",\"width\":1365,\"height\":2048,\"caption\":\"Pina-Fix Bodenkonsolen f\u00fcr 2 Holzstangen-1\"},{\"@type\":\"BreadcrumbList\",\"@id\":\"https:\/\/www.daisho.be\/de\/produit\/pina-fix-bodenkonsolen-fuer-2-holzstangen\/#breadcrumb\",\"itemListElement\":[{\"@type\":\"ListItem\",\"position\":1,\"name\":\"Accueil\",\"item\":\"https:\/\/www.daisho.be\/de\/\"},{\"@type\":\"ListItem\",\"position\":2,\"name\":\"Produkte\",\"item\":\"https:\/\/www.daisho.be\/de\/produkte\/\"},{\"@type\":\"ListItem\",\"position\":3,\"name\":\"Sportlerpflege\",\"item\":\"https:\/\/www.daisho.be\/de\/categorie-produit\/sportlerpflege\/\"},{\"@type\":\"ListItem\",\"position\":4,\"name\":\"Stretching-Material\",\"item\":\"https:\/\/www.daisho.be\/de\/categorie-produit\/sportlerpflege\/stretching-material\/\"},{\"@type\":\"ListItem\",\"position\":5,\"name\":\"Pina-Fix Bodenkonsolen f\u00fcr 2 Holzstangen\"}]},{\"@type\":\"WebSite\",\"@id\":\"https:\/\/www.daisho.be\/de\/#website\",\"url\":\"https:\/\/www.daisho.be\/de\/\",\"name\":\"Daisho\",\"description\":\"Sp&eacute;cialiste de l'&eacute;quipement sportif d'arts martiaux\",\"publisher\":{\"@id\":\"https:\/\/www.daisho.be\/de\/#organization\"},\"potentialAction\":[{\"@type\":\"SearchAction\",\"target\":{\"@type\":\"EntryPoint\",\"urlTemplate\":\"https:\/\/www.daisho.be\/de\/?s={search_term_string}\"},\"query-input\":{\"@type\":\"PropertyValueSpecification\",\"valueRequired\":true,\"valueName\":\"search_term_string\"}}],\"inLanguage\":\"de\"},{\"@type\":\"Organization\",\"@id\":\"https:\/\/www.daisho.be\/de\/#organization\",\"name\":\"Daisho\",\"url\":\"https:\/\/www.daisho.be\/de\/\",\"logo\":{\"@type\":\"ImageObject\",\"inLanguage\":\"de\",\"@id\":\"https:\/\/www.daisho.be\/de\/#\/schema\/logo\/image\/\",\"url\":\"https:\/\/www.daisho.be\/wp-content\/uploads\/2019\/07\/color-nothing-horizontale4x-e1564486100247.png\",\"contentUrl\":\"https:\/\/www.daisho.be\/wp-content\/uploads\/2019\/07\/color-nothing-horizontale4x-e1564486100247.png\",\"width\":1547,\"height\":385,\"caption\":\"Daisho\"},\"image\":{\"@id\":\"https:\/\/www.daisho.be\/de\/#\/schema\/logo\/image\/\"}}]}<\/script>\n<!-- \/ Yoast SEO plugin. -->","yoast_head_json":{"title":"Pina-Fix Bodenkonsolen f\u00fcr 2 Holzstangen &#8211; Daisho","description":"Pina-Fix Bodenkonsole mit zwei Stangen (2 H\u00f6hen) aus robustem Stahl, ideal f\u00fcr Ballett. Zu finden auf www.daisho.be | Daisho","robots":{"index":"index","follow":"follow","max-snippet":"max-snippet:-1","max-image-preview":"max-image-preview:large","max-video-preview":"max-video-preview:-1"},"canonical":"https:\/\/www.daisho.be\/de\/produit\/pina-fix-bodenkonsolen-fuer-2-holzstangen\/","og_locale":"de_DE","og_type":"article","og_title":"Pina-Fix Bodenkonsolen f\u00fcr 2 Holzstangen &#8211; Daisho","og_description":"Pina-Fix Bodenkonsole mit zwei Stangen (2 H\u00f6hen) aus robustem Stahl, ideal f\u00fcr Ballett. Zu finden auf www.daisho.be | Daisho","og_url":"https:\/\/www.daisho.be\/de\/produit\/pina-fix-bodenkonsolen-fuer-2-holzstangen\/","og_site_name":"Daisho","article_modified_time":"2026-03-02T11:49:05+00:00","og_image":[{"width":1365,"height":2048,"url":"https:\/\/www.daisho.be\/wp-content\/uploads\/2025\/11\/image-88-scaled.jpg","type":"image\/jpeg"}],"twitter_card":"summary_large_image","twitter_misc":{"Gesch\u00e4tzte Lesezeit":"2\u00a0Minuten"},"schema":{"@context":"https:\/\/schema.org","@graph":[{"@type":"WebPage","@id":"https:\/\/www.daisho.be\/de\/produit\/pina-fix-bodenkonsolen-fuer-2-holzstangen\/","url":"https:\/\/www.daisho.be\/de\/produit\/pina-fix-bodenkonsolen-fuer-2-holzstangen\/","name":"Pina-Fix Bodenkonsolen f\u00fcr 2 Holzstangen &#8211; Daisho","isPartOf":{"@id":"https:\/\/www.daisho.be\/de\/#website"},"primaryImageOfPage":{"@id":"https:\/\/www.daisho.be\/de\/produit\/pina-fix-bodenkonsolen-fuer-2-holzstangen\/#primaryimage"},"image":{"@id":"https:\/\/www.daisho.be\/de\/produit\/pina-fix-bodenkonsolen-fuer-2-holzstangen\/#primaryimage"},"thumbnailUrl":"https:\/\/www.daisho.be\/wp-content\/uploads\/2025\/11\/image-88-scaled.jpg","datePublished":"2025-11-17T14:18:14+00:00","dateModified":"2026-03-02T11:49:05+00:00","description":"Pina-Fix Bodenkonsole mit zwei Stangen (2 H\u00f6hen) aus robustem Stahl, ideal f\u00fcr Ballett. Zu finden auf www.daisho.be | Daisho","breadcrumb":{"@id":"https:\/\/www.daisho.be\/de\/produit\/pina-fix-bodenkonsolen-fuer-2-holzstangen\/#breadcrumb"},"inLanguage":"de","potentialAction":[{"@type":"ReadAction","target":["https:\/\/www.daisho.be\/de\/produit\/pina-fix-bodenkonsolen-fuer-2-holzstangen\/"]}]},{"@type":"ImageObject","inLanguage":"de","@id":"https:\/\/www.daisho.be\/de\/produit\/pina-fix-bodenkonsolen-fuer-2-holzstangen\/#primaryimage","url":"https:\/\/www.daisho.be\/wp-content\/uploads\/2025\/11\/image-88-scaled.jpg","contentUrl":"https:\/\/www.daisho.be\/wp-content\/uploads\/2025\/11\/image-88-scaled.jpg","width":1365,"height":2048,"caption":"Pina-Fix Bodenkonsolen f\u00fcr 2 Holzstangen-1"},{"@type":"BreadcrumbList","@id":"https:\/\/www.daisho.be\/de\/produit\/pina-fix-bodenkonsolen-fuer-2-holzstangen\/#breadcrumb","itemListElement":[{"@type":"ListItem","position":1,"name":"Accueil","item":"https:\/\/www.daisho.be\/de\/"},{"@type":"ListItem","position":2,"name":"Produkte","item":"https:\/\/www.daisho.be\/de\/produkte\/"},{"@type":"ListItem","position":3,"name":"Sportlerpflege","item":"https:\/\/www.daisho.be\/de\/categorie-produit\/sportlerpflege\/"},{"@type":"ListItem","position":4,"name":"Stretching-Material","item":"https:\/\/www.daisho.be\/de\/categorie-produit\/sportlerpflege\/stretching-material\/"},{"@type":"ListItem","position":5,"name":"Pina-Fix Bodenkonsolen f\u00fcr 2 Holzstangen"}]},{"@type":"WebSite","@id":"https:\/\/www.daisho.be\/de\/#website","url":"https:\/\/www.daisho.be\/de\/","name":"Daisho","description":"Sp&eacute;cialiste de l'&eacute;quipement sportif d'arts martiaux","publisher":{"@id":"https:\/\/www.daisho.be\/de\/#organization"},"potentialAction":[{"@type":"SearchAction","target":{"@type":"EntryPoint","urlTemplate":"https:\/\/www.daisho.be\/de\/?s={search_term_string}"},"query-input":{"@type":"PropertyValueSpecification","valueRequired":true,"valueName":"search_term_string"}}],"inLanguage":"de"},{"@type":"Organization","@id":"https:\/\/www.daisho.be\/de\/#organization","name":"Daisho","url":"https:\/\/www.daisho.be\/de\/","logo":{"@type":"ImageObject","inLanguage":"de","@id":"https:\/\/www.daisho.be\/de\/#\/schema\/logo\/image\/","url":"https:\/\/www.daisho.be\/wp-content\/uploads\/2019\/07\/color-nothing-horizontale4x-e1564486100247.png","contentUrl":"https:\/\/www.daisho.be\/wp-content\/uploads\/2019\/07\/color-nothing-horizontale4x-e1564486100247.png","width":1547,"height":385,"caption":"Daisho"},"image":{"@id":"https:\/\/www.daisho.be\/de\/#\/schema\/logo\/image\/"}}]}},"_links":{"self":[{"href":"https:\/\/www.daisho.be\/de\/wp-json\/wp\/v2\/product\/622287","targetHints":{"allow":["GET"]}}],"collection":[{"href":"https:\/\/www.daisho.be\/de\/wp-json\/wp\/v2\/product"}],"about":[{"href":"https:\/\/www.daisho.be\/de\/wp-json\/wp\/v2\/types\/product"}],"replies":[{"embeddable":true,"href":"https:\/\/www.daisho.be\/de\/wp-json\/wp\/v2\/comments?post=622287"}],"wp:featuredmedia":[{"embeddable":true,"href":"https:\/\/www.daisho.be\/de\/wp-json\/wp\/v2\/media\/622266"}],"wp:attachment":[{"href":"https:\/\/www.daisho.be\/de\/wp-json\/wp\/v2\/media?parent=622287"}],"wp:term":[{"taxonomy":"product_brand","embeddable":true,"href":"https:\/\/www.daisho.be\/de\/wp-json\/wp\/v2\/product_brand?post=622287"},{"taxonomy":"product_cat","embeddable":true,"href":"https:\/\/www.daisho.be\/de\/wp-json\/wp\/v2\/product_cat?post=622287"},{"taxonomy":"product_tag","embeddable":true,"href":"https:\/\/www.daisho.be\/de\/wp-json\/wp\/v2\/product_tag?post=622287"},{"taxonomy":"sport","embeddable":true,"href":"https:\/\/www.daisho.be\/de\/wp-json\/wp\/v2\/sport?post=622287"}],"curies":[{"name":"wp","href":"https:\/\/api.w.org\/{rel}","templated":true}]}}