{"id":622213,"date":"2025-11-17T14:59:06","date_gmt":"2025-11-17T13:59:06","guid":{"rendered":"https:\/\/www.daisho.be\/produit\/arabesque-wandkonsole-einfach-silber\/"},"modified":"2026-03-26T16:15:23","modified_gmt":"2026-03-26T15:15:23","slug":"arabesque-wandkonsole-einfach-silber","status":"publish","type":"product","link":"https:\/\/www.daisho.be\/de\/produit\/arabesque-wandkonsole-einfach-silber\/","title":{"rendered":"Arabesque Wandkonsole einfach Silber"},"content":{"rendered":"<p>Das Design der Arabesque-Wandkonsolen bietet maximale Druckfestigkeit und eine perfekte Verbindung zwischen den St\u00e4ben, so dass Sie Konfigurationen mit beliebig vielen durchgehenden St\u00e4ben erstellen k\u00f6nnen. Diese Konsole ist aus Stahl mit silberfarbener Oberfl\u00e4che gefertigt und so konzipiert, dass sie eine einzelne Holzstange mit einem Durchmesser von 40 mm tragen kann. Sie ist sehr beliebt und wird in Tanzschulen auf der ganzen Welt und in vielen Privathaushalten verwendet.<br \/>\nGemeinsam sind wir stark.<br \/>\nBei den Arabesque-Konsolen werden zwei Holzst\u00e4be im Inneren miteinander verbunden. Mit diesem System k\u00f6nnen Sie eine durchgehende Stange in Ihrem Studio installieren, die an allen Stellen stabil ist. Die Holzst\u00e4be werden mit kleinen, unsichtbaren Schrauben, die das Holz nicht besch\u00e4digen, in der Mitte der Konsole zusammengesetzt. So behalten sie alle ihre Eigenschaften.<br \/>\nWidersteht Druck aus jedem Winkel.<br \/>\nDie Abmessungen des Stahlwandsockels sind so berechnet, dass er absolut stabil ist. Die zylindrische Halterung, die die Holzstange umgibt, verteilt den Druck, der von den T\u00e4nzerinnen ausge\u00fcbt wird. Einige Sch\u00fcler strecken sich, w\u00e4hrend andere ihre \u00dcbungen machen? Keine Sorge, die Arabesque-Konsole h\u00e4lt Kr\u00e4ften aus jedem Winkel stand und wird sich keinen Millimeter bewegen.<br \/>\nExtrem widerstandsf\u00e4hige Materialien.<br \/>\nStahl ist eine Eisenlegierung mit einem geringen nat\u00fcrlichen Anteil an Kohlenstoff, die die Festigkeit und Widerstandsf\u00e4higkeit gegen St\u00f6\u00dfe, Temperaturschwankungen und Korrosion bietet, die f\u00fcr eine intensiv genutzte Tanzkonsole erforderlich sind.<br \/>\nDie Robustheit und Widerstandsf\u00e4higkeit von Stahl kombiniert mit der Flexibilit\u00e4t, Griffigkeit und W\u00e4rme von Holz wird Ihnen helfen, Ihre Aufw\u00e4rm-, \u00dcbungs- und Dehnungs\u00fcbungen voll zu genie\u00dfen. Wir liefern vier Fischer Schrauben und vier Fischer D\u00fcbel, um jede Konsole an der Wand zu befestigen und die Holzstangen zu verbinden. Wir garantieren, dass Sie die Arabesque Wandstange viele Jahre lang nutzen k\u00f6nnen.          <\/p>\n","protected":false},"excerpt":{"rendered":"<p>Das Design der Arabesque-Wandkonsolen bietet maximale Druckfestigkeit und eine perfekte Verbindung zwischen den St\u00e4ben, so dass Sie Konfigurationen mit beliebig vielen durchgehenden St\u00e4ben erstellen k\u00f6nnen. Diese Konsole ist aus Stahl mit silberfarbener Oberfl\u00e4che gefertigt und so konzipiert, dass sie eine einzelne Holzstange mit einem Durchmesser von 40 mm tragen kann. Sie ist sehr beliebt und [&hellip;]<\/p>\n","protected":false},"featured_media":622192,"comment_status":"open","ping_status":"closed","template":"","meta":{"inline_featured_image":false},"product_brand":[],"product_cat":[2544],"product_tag":[2349],"sport":[],"class_list":{"0":"post-622213","1":"product","2":"type-product","3":"status-publish","4":"has-post-thumbnail","6":"product_cat-stretching-material","7":"product_tag-dinamica-ballet-de","8":"pa_size-sans-taille-defaut","10":"first","11":"instock","12":"taxable","13":"shipping-taxable","14":"purchasable","15":"product-type-simple"},"yoast_head":"<!-- This site is optimized with the Yoast SEO plugin v27.2 - https:\/\/yoast.com\/product\/yoast-seo-wordpress\/ -->\n<title>Arabesque Wandkonsole einfach Silber &#8211; Daisho<\/title>\n<meta name=\"description\" content=\"Wandkonsole aus Stahl f\u00fcr Ballettstangen, maximale Stabilit\u00e4t. Robustes Design, sichere Befestigung. Besuchen Sie uns auf www.daisho.be | Daisho\" \/>\n<meta name=\"robots\" content=\"index, follow, max-snippet:-1, max-image-preview:large, max-video-preview:-1\" \/>\n<link rel=\"canonical\" href=\"https:\/\/www.daisho.be\/de\/produit\/arabesque-wandkonsole-einfach-silber\/\" \/>\n<meta property=\"og:locale\" content=\"de_DE\" \/>\n<meta property=\"og:type\" content=\"article\" \/>\n<meta property=\"og:title\" content=\"Arabesque Wandkonsole einfach Silber &#8211; Daisho\" \/>\n<meta property=\"og:description\" content=\"Wandkonsole aus Stahl f\u00fcr Ballettstangen, maximale Stabilit\u00e4t. Robustes Design, sichere Befestigung. Besuchen Sie uns auf www.daisho.be | Daisho\" \/>\n<meta property=\"og:url\" content=\"https:\/\/www.daisho.be\/de\/produit\/arabesque-wandkonsole-einfach-silber\/\" \/>\n<meta property=\"og:site_name\" content=\"Daisho\" \/>\n<meta property=\"article:modified_time\" content=\"2026-03-26T15:15:23+00:00\" \/>\n<meta property=\"og:image\" content=\"https:\/\/www.daisho.be\/wp-content\/uploads\/2025\/11\/image-86-scaled.jpg\" \/>\n\t<meta property=\"og:image:width\" content=\"2048\" \/>\n\t<meta property=\"og:image:height\" content=\"1367\" \/>\n\t<meta property=\"og:image:type\" content=\"image\/jpeg\" \/>\n<meta name=\"twitter:card\" content=\"summary_large_image\" \/>\n<meta name=\"twitter:label1\" content=\"Gesch\u00e4tzte Lesezeit\" \/>\n\t<meta name=\"twitter:data1\" content=\"2\u00a0Minuten\" \/>\n<script type=\"application\/ld+json\" class=\"yoast-schema-graph\">{\"@context\":\"https:\/\/schema.org\",\"@graph\":[{\"@type\":\"WebPage\",\"@id\":\"https:\/\/www.daisho.be\/de\/produit\/arabesque-wandkonsole-einfach-silber\/\",\"url\":\"https:\/\/www.daisho.be\/de\/produit\/arabesque-wandkonsole-einfach-silber\/\",\"name\":\"Arabesque Wandkonsole einfach Silber &#8211; Daisho\",\"isPartOf\":{\"@id\":\"https:\/\/www.daisho.be\/de\/#website\"},\"primaryImageOfPage\":{\"@id\":\"https:\/\/www.daisho.be\/de\/produit\/arabesque-wandkonsole-einfach-silber\/#primaryimage\"},\"image\":{\"@id\":\"https:\/\/www.daisho.be\/de\/produit\/arabesque-wandkonsole-einfach-silber\/#primaryimage\"},\"thumbnailUrl\":\"https:\/\/www.daisho.be\/wp-content\/uploads\/2025\/11\/image-86-scaled.jpg\",\"datePublished\":\"2025-11-17T13:59:06+00:00\",\"dateModified\":\"2026-03-26T15:15:23+00:00\",\"description\":\"Wandkonsole aus Stahl f\u00fcr Ballettstangen, maximale Stabilit\u00e4t. Robustes Design, sichere Befestigung. Besuchen Sie uns auf www.daisho.be | Daisho\",\"breadcrumb\":{\"@id\":\"https:\/\/www.daisho.be\/de\/produit\/arabesque-wandkonsole-einfach-silber\/#breadcrumb\"},\"inLanguage\":\"de\",\"potentialAction\":[{\"@type\":\"ReadAction\",\"target\":[\"https:\/\/www.daisho.be\/de\/produit\/arabesque-wandkonsole-einfach-silber\/\"]}]},{\"@type\":\"ImageObject\",\"inLanguage\":\"de\",\"@id\":\"https:\/\/www.daisho.be\/de\/produit\/arabesque-wandkonsole-einfach-silber\/#primaryimage\",\"url\":\"https:\/\/www.daisho.be\/wp-content\/uploads\/2025\/11\/image-86-scaled.jpg\",\"contentUrl\":\"https:\/\/www.daisho.be\/wp-content\/uploads\/2025\/11\/image-86-scaled.jpg\",\"width\":2048,\"height\":1367,\"caption\":\"Arabesque Wandkonsole einfach Silber-1\"},{\"@type\":\"BreadcrumbList\",\"@id\":\"https:\/\/www.daisho.be\/de\/produit\/arabesque-wandkonsole-einfach-silber\/#breadcrumb\",\"itemListElement\":[{\"@type\":\"ListItem\",\"position\":1,\"name\":\"Accueil\",\"item\":\"https:\/\/www.daisho.be\/de\/\"},{\"@type\":\"ListItem\",\"position\":2,\"name\":\"Produkte\",\"item\":\"https:\/\/www.daisho.be\/de\/produkte\/\"},{\"@type\":\"ListItem\",\"position\":3,\"name\":\"Sportlerpflege\",\"item\":\"https:\/\/www.daisho.be\/de\/categorie-produit\/sportlerpflege\/\"},{\"@type\":\"ListItem\",\"position\":4,\"name\":\"Stretching-Material\",\"item\":\"https:\/\/www.daisho.be\/de\/categorie-produit\/sportlerpflege\/stretching-material\/\"},{\"@type\":\"ListItem\",\"position\":5,\"name\":\"Arabesque Wandkonsole einfach Silber\"}]},{\"@type\":\"WebSite\",\"@id\":\"https:\/\/www.daisho.be\/de\/#website\",\"url\":\"https:\/\/www.daisho.be\/de\/\",\"name\":\"Daisho\",\"description\":\"Sp&eacute;cialiste de l'&eacute;quipement sportif d'arts martiaux\",\"publisher\":{\"@id\":\"https:\/\/www.daisho.be\/de\/#organization\"},\"potentialAction\":[{\"@type\":\"SearchAction\",\"target\":{\"@type\":\"EntryPoint\",\"urlTemplate\":\"https:\/\/www.daisho.be\/de\/?s={search_term_string}\"},\"query-input\":{\"@type\":\"PropertyValueSpecification\",\"valueRequired\":true,\"valueName\":\"search_term_string\"}}],\"inLanguage\":\"de\"},{\"@type\":\"Organization\",\"@id\":\"https:\/\/www.daisho.be\/de\/#organization\",\"name\":\"Daisho\",\"url\":\"https:\/\/www.daisho.be\/de\/\",\"logo\":{\"@type\":\"ImageObject\",\"inLanguage\":\"de\",\"@id\":\"https:\/\/www.daisho.be\/de\/#\/schema\/logo\/image\/\",\"url\":\"https:\/\/www.daisho.be\/wp-content\/uploads\/2019\/07\/color-nothing-horizontale4x-e1564486100247.png\",\"contentUrl\":\"https:\/\/www.daisho.be\/wp-content\/uploads\/2019\/07\/color-nothing-horizontale4x-e1564486100247.png\",\"width\":1547,\"height\":385,\"caption\":\"Daisho\"},\"image\":{\"@id\":\"https:\/\/www.daisho.be\/de\/#\/schema\/logo\/image\/\"}}]}<\/script>\n<!-- \/ Yoast SEO plugin. -->","yoast_head_json":{"title":"Arabesque Wandkonsole einfach Silber &#8211; Daisho","description":"Wandkonsole aus Stahl f\u00fcr Ballettstangen, maximale Stabilit\u00e4t. Robustes Design, sichere Befestigung. Besuchen Sie uns auf www.daisho.be | Daisho","robots":{"index":"index","follow":"follow","max-snippet":"max-snippet:-1","max-image-preview":"max-image-preview:large","max-video-preview":"max-video-preview:-1"},"canonical":"https:\/\/www.daisho.be\/de\/produit\/arabesque-wandkonsole-einfach-silber\/","og_locale":"de_DE","og_type":"article","og_title":"Arabesque Wandkonsole einfach Silber &#8211; Daisho","og_description":"Wandkonsole aus Stahl f\u00fcr Ballettstangen, maximale Stabilit\u00e4t. Robustes Design, sichere Befestigung. Besuchen Sie uns auf www.daisho.be | Daisho","og_url":"https:\/\/www.daisho.be\/de\/produit\/arabesque-wandkonsole-einfach-silber\/","og_site_name":"Daisho","article_modified_time":"2026-03-26T15:15:23+00:00","og_image":[{"width":2048,"height":1367,"url":"https:\/\/www.daisho.be\/wp-content\/uploads\/2025\/11\/image-86-scaled.jpg","type":"image\/jpeg"}],"twitter_card":"summary_large_image","twitter_misc":{"Gesch\u00e4tzte Lesezeit":"2\u00a0Minuten"},"schema":{"@context":"https:\/\/schema.org","@graph":[{"@type":"WebPage","@id":"https:\/\/www.daisho.be\/de\/produit\/arabesque-wandkonsole-einfach-silber\/","url":"https:\/\/www.daisho.be\/de\/produit\/arabesque-wandkonsole-einfach-silber\/","name":"Arabesque Wandkonsole einfach Silber &#8211; Daisho","isPartOf":{"@id":"https:\/\/www.daisho.be\/de\/#website"},"primaryImageOfPage":{"@id":"https:\/\/www.daisho.be\/de\/produit\/arabesque-wandkonsole-einfach-silber\/#primaryimage"},"image":{"@id":"https:\/\/www.daisho.be\/de\/produit\/arabesque-wandkonsole-einfach-silber\/#primaryimage"},"thumbnailUrl":"https:\/\/www.daisho.be\/wp-content\/uploads\/2025\/11\/image-86-scaled.jpg","datePublished":"2025-11-17T13:59:06+00:00","dateModified":"2026-03-26T15:15:23+00:00","description":"Wandkonsole aus Stahl f\u00fcr Ballettstangen, maximale Stabilit\u00e4t. Robustes Design, sichere Befestigung. Besuchen Sie uns auf www.daisho.be | Daisho","breadcrumb":{"@id":"https:\/\/www.daisho.be\/de\/produit\/arabesque-wandkonsole-einfach-silber\/#breadcrumb"},"inLanguage":"de","potentialAction":[{"@type":"ReadAction","target":["https:\/\/www.daisho.be\/de\/produit\/arabesque-wandkonsole-einfach-silber\/"]}]},{"@type":"ImageObject","inLanguage":"de","@id":"https:\/\/www.daisho.be\/de\/produit\/arabesque-wandkonsole-einfach-silber\/#primaryimage","url":"https:\/\/www.daisho.be\/wp-content\/uploads\/2025\/11\/image-86-scaled.jpg","contentUrl":"https:\/\/www.daisho.be\/wp-content\/uploads\/2025\/11\/image-86-scaled.jpg","width":2048,"height":1367,"caption":"Arabesque Wandkonsole einfach Silber-1"},{"@type":"BreadcrumbList","@id":"https:\/\/www.daisho.be\/de\/produit\/arabesque-wandkonsole-einfach-silber\/#breadcrumb","itemListElement":[{"@type":"ListItem","position":1,"name":"Accueil","item":"https:\/\/www.daisho.be\/de\/"},{"@type":"ListItem","position":2,"name":"Produkte","item":"https:\/\/www.daisho.be\/de\/produkte\/"},{"@type":"ListItem","position":3,"name":"Sportlerpflege","item":"https:\/\/www.daisho.be\/de\/categorie-produit\/sportlerpflege\/"},{"@type":"ListItem","position":4,"name":"Stretching-Material","item":"https:\/\/www.daisho.be\/de\/categorie-produit\/sportlerpflege\/stretching-material\/"},{"@type":"ListItem","position":5,"name":"Arabesque Wandkonsole einfach Silber"}]},{"@type":"WebSite","@id":"https:\/\/www.daisho.be\/de\/#website","url":"https:\/\/www.daisho.be\/de\/","name":"Daisho","description":"Sp&eacute;cialiste de l'&eacute;quipement sportif d'arts martiaux","publisher":{"@id":"https:\/\/www.daisho.be\/de\/#organization"},"potentialAction":[{"@type":"SearchAction","target":{"@type":"EntryPoint","urlTemplate":"https:\/\/www.daisho.be\/de\/?s={search_term_string}"},"query-input":{"@type":"PropertyValueSpecification","valueRequired":true,"valueName":"search_term_string"}}],"inLanguage":"de"},{"@type":"Organization","@id":"https:\/\/www.daisho.be\/de\/#organization","name":"Daisho","url":"https:\/\/www.daisho.be\/de\/","logo":{"@type":"ImageObject","inLanguage":"de","@id":"https:\/\/www.daisho.be\/de\/#\/schema\/logo\/image\/","url":"https:\/\/www.daisho.be\/wp-content\/uploads\/2019\/07\/color-nothing-horizontale4x-e1564486100247.png","contentUrl":"https:\/\/www.daisho.be\/wp-content\/uploads\/2019\/07\/color-nothing-horizontale4x-e1564486100247.png","width":1547,"height":385,"caption":"Daisho"},"image":{"@id":"https:\/\/www.daisho.be\/de\/#\/schema\/logo\/image\/"}}]}},"_links":{"self":[{"href":"https:\/\/www.daisho.be\/de\/wp-json\/wp\/v2\/product\/622213","targetHints":{"allow":["GET"]}}],"collection":[{"href":"https:\/\/www.daisho.be\/de\/wp-json\/wp\/v2\/product"}],"about":[{"href":"https:\/\/www.daisho.be\/de\/wp-json\/wp\/v2\/types\/product"}],"replies":[{"embeddable":true,"href":"https:\/\/www.daisho.be\/de\/wp-json\/wp\/v2\/comments?post=622213"}],"wp:featuredmedia":[{"embeddable":true,"href":"https:\/\/www.daisho.be\/de\/wp-json\/wp\/v2\/media\/622192"}],"wp:attachment":[{"href":"https:\/\/www.daisho.be\/de\/wp-json\/wp\/v2\/media?parent=622213"}],"wp:term":[{"taxonomy":"product_brand","embeddable":true,"href":"https:\/\/www.daisho.be\/de\/wp-json\/wp\/v2\/product_brand?post=622213"},{"taxonomy":"product_cat","embeddable":true,"href":"https:\/\/www.daisho.be\/de\/wp-json\/wp\/v2\/product_cat?post=622213"},{"taxonomy":"product_tag","embeddable":true,"href":"https:\/\/www.daisho.be\/de\/wp-json\/wp\/v2\/product_tag?post=622213"},{"taxonomy":"sport","embeddable":true,"href":"https:\/\/www.daisho.be\/de\/wp-json\/wp\/v2\/sport?post=622213"}],"curies":[{"name":"wp","href":"https:\/\/api.w.org\/{rel}","templated":true}]}}