{"id":622185,"date":"2025-11-17T14:58:51","date_gmt":"2025-11-17T13:58:51","guid":{"rendered":"https:\/\/www.daisho.be\/produit\/arabesque-double-wandkonsole-schwarz\/"},"modified":"2026-03-26T16:07:30","modified_gmt":"2026-03-26T15:07:30","slug":"arabesque-double-wandkonsole-schwarz","status":"publish","type":"product","link":"https:\/\/www.daisho.be\/de\/produit\/arabesque-double-wandkonsole-schwarz\/","title":{"rendered":"Arabesque Double Wandkonsole Schwarz"},"content":{"rendered":"<p>Die Arabesque Double Wandkonsolen bieten maximale Druckfestigkeit und eine perfekte Verbindung zwischen den St\u00e4ben, so dass Sie Konfigurationen mit beliebig vielen durchgehenden St\u00e4ben erstellen k\u00f6nnen. Hergestellt aus silberfarbenem Stahl und mit zwei Holzstangen ausgestattet, ist die Arabesque Double Konsole ein Muss f\u00fcr Tanzliebhaber und Profis, die mit Sch\u00fclern verschiedener Altersgruppen arbeiten.<br \/>\nEine 4-in-1 Konsole.<br \/>\nDie Arabesque Double Konsolen verbinden vier Holzstangen, d.h. zwei Stangen in jeder zylindrischen Halterung. Mit diesem System k\u00f6nnen Sie zwei durchgehende Stangen in Ihrem Studio aufstellen, die an allen Stellen absolut stabil sind. Die Holzst\u00e4be werden in der Mitte der Konsole mit kleinen unsichtbaren Schrauben, die das Holz nicht besch\u00e4digen, zusammengesetzt. So behalten sie alle ihre Eigenschaften.<br \/>\nHohe Zug- und Druckfestigkeit.<br \/>\nDie Abmessungen des Stahlwandsockels sind so berechnet, dass er absolut stabil ist. Die zylindrische Halterung, die die Holzstangen umgibt, verteilt den von den T\u00e4nzerinnen ausge\u00fcbten Druck. Einige Sch\u00fcler strecken sich, w\u00e4hrend andere gleichzeitig an beiden Stangen trainieren? Keine Sorge, die Arabesque Double Konsole h\u00e4lt Kr\u00e4ften aus jedem Winkel stand und wird sich keinen Millimeter bewegen.<br \/>\nDie Arabesque Double wird nicht loslassen.<br \/>\nDie Stahlkonsole und die Stangen aus gelbem Kiefernholz bieten ideale Eigenschaften f\u00fcr die Tanzpraxis. Die St\u00e4rke und Widerstandsf\u00e4higkeit des Stahls und die Flexibilit\u00e4t, Griffigkeit und W\u00e4rme des Holzes sorgen daf\u00fcr, dass Sie Ihre Aufw\u00e4rm-, \u00dcbungs- und Dehnungs\u00fcbungen in vollen Z\u00fcgen genie\u00dfen k\u00f6nnen. Wir liefern Fischer Schrauben und D\u00fcbel, um jede Konsole an der Wand zu befestigen und die Holzstangen zusammenzubauen.         <\/p>\n","protected":false},"excerpt":{"rendered":"<p>Die Arabesque Double Wandkonsolen bieten maximale Druckfestigkeit und eine perfekte Verbindung zwischen den St\u00e4ben, so dass Sie Konfigurationen mit beliebig vielen durchgehenden St\u00e4ben erstellen k\u00f6nnen. Hergestellt aus silberfarbenem Stahl und mit zwei Holzstangen ausgestattet, ist die Arabesque Double Konsole ein Muss f\u00fcr Tanzliebhaber und Profis, die mit Sch\u00fclern verschiedener Altersgruppen arbeiten. Eine 4-in-1 Konsole. Die [&hellip;]<\/p>\n","protected":false},"featured_media":622169,"comment_status":"open","ping_status":"closed","template":"","meta":{"inline_featured_image":false},"product_brand":[],"product_cat":[2544],"product_tag":[2349],"sport":[],"class_list":{"0":"post-622185","1":"product","2":"type-product","3":"status-publish","4":"has-post-thumbnail","6":"product_cat-stretching-material","7":"product_tag-dinamica-ballet-de","8":"pa_size-sans-taille-defaut","10":"first","11":"instock","12":"taxable","13":"shipping-taxable","14":"purchasable","15":"product-type-simple"},"yoast_head":"<!-- This site is optimized with the Yoast SEO plugin v27.2 - https:\/\/yoast.com\/product\/yoast-seo-wordpress\/ -->\n<title>Arabesque Double Wandkonsole Schwarz &#8211; Daisho<\/title>\n<meta name=\"description\" content=\"Arabesque Double Wandkonsole aus Stahl f\u00fcr zwei Ballettstangen mit maximaler Stabilit\u00e4t und Widerstandsf\u00e4higkeit. Zu finden unter www.daisho.be | Daisho\" \/>\n<meta name=\"robots\" content=\"index, follow, max-snippet:-1, max-image-preview:large, max-video-preview:-1\" \/>\n<link rel=\"canonical\" href=\"https:\/\/www.daisho.be\/de\/produit\/arabesque-double-wandkonsole-schwarz\/\" \/>\n<meta property=\"og:locale\" content=\"de_DE\" \/>\n<meta property=\"og:type\" content=\"article\" \/>\n<meta property=\"og:title\" content=\"Arabesque Double Wandkonsole Schwarz &#8211; Daisho\" \/>\n<meta property=\"og:description\" content=\"Arabesque Double Wandkonsole aus Stahl f\u00fcr zwei Ballettstangen mit maximaler Stabilit\u00e4t und Widerstandsf\u00e4higkeit. Zu finden unter www.daisho.be | Daisho\" \/>\n<meta property=\"og:url\" content=\"https:\/\/www.daisho.be\/de\/produit\/arabesque-double-wandkonsole-schwarz\/\" \/>\n<meta property=\"og:site_name\" content=\"Daisho\" \/>\n<meta property=\"article:modified_time\" content=\"2026-03-26T15:07:30+00:00\" \/>\n<meta property=\"og:image\" content=\"https:\/\/www.daisho.be\/wp-content\/uploads\/2025\/11\/image-85-scaled.jpg\" \/>\n\t<meta property=\"og:image:width\" content=\"2048\" \/>\n\t<meta property=\"og:image:height\" content=\"1367\" \/>\n\t<meta property=\"og:image:type\" content=\"image\/jpeg\" \/>\n<meta name=\"twitter:card\" content=\"summary_large_image\" \/>\n<meta name=\"twitter:label1\" content=\"Gesch\u00e4tzte Lesezeit\" \/>\n\t<meta name=\"twitter:data1\" content=\"1\u00a0Minute\" \/>\n<script type=\"application\/ld+json\" class=\"yoast-schema-graph\">{\"@context\":\"https:\/\/schema.org\",\"@graph\":[{\"@type\":\"WebPage\",\"@id\":\"https:\/\/www.daisho.be\/de\/produit\/arabesque-double-wandkonsole-schwarz\/\",\"url\":\"https:\/\/www.daisho.be\/de\/produit\/arabesque-double-wandkonsole-schwarz\/\",\"name\":\"Arabesque Double Wandkonsole Schwarz &#8211; Daisho\",\"isPartOf\":{\"@id\":\"https:\/\/www.daisho.be\/de\/#website\"},\"primaryImageOfPage\":{\"@id\":\"https:\/\/www.daisho.be\/de\/produit\/arabesque-double-wandkonsole-schwarz\/#primaryimage\"},\"image\":{\"@id\":\"https:\/\/www.daisho.be\/de\/produit\/arabesque-double-wandkonsole-schwarz\/#primaryimage\"},\"thumbnailUrl\":\"https:\/\/www.daisho.be\/wp-content\/uploads\/2025\/11\/image-85-scaled.jpg\",\"datePublished\":\"2025-11-17T13:58:51+00:00\",\"dateModified\":\"2026-03-26T15:07:30+00:00\",\"description\":\"Arabesque Double Wandkonsole aus Stahl f\u00fcr zwei Ballettstangen mit maximaler Stabilit\u00e4t und Widerstandsf\u00e4higkeit. Zu finden unter www.daisho.be | Daisho\",\"breadcrumb\":{\"@id\":\"https:\/\/www.daisho.be\/de\/produit\/arabesque-double-wandkonsole-schwarz\/#breadcrumb\"},\"inLanguage\":\"de\",\"potentialAction\":[{\"@type\":\"ReadAction\",\"target\":[\"https:\/\/www.daisho.be\/de\/produit\/arabesque-double-wandkonsole-schwarz\/\"]}]},{\"@type\":\"ImageObject\",\"inLanguage\":\"de\",\"@id\":\"https:\/\/www.daisho.be\/de\/produit\/arabesque-double-wandkonsole-schwarz\/#primaryimage\",\"url\":\"https:\/\/www.daisho.be\/wp-content\/uploads\/2025\/11\/image-85-scaled.jpg\",\"contentUrl\":\"https:\/\/www.daisho.be\/wp-content\/uploads\/2025\/11\/image-85-scaled.jpg\",\"width\":2048,\"height\":1367,\"caption\":\"Arabesque Double Wandkonsole Schwarz-1\"},{\"@type\":\"BreadcrumbList\",\"@id\":\"https:\/\/www.daisho.be\/de\/produit\/arabesque-double-wandkonsole-schwarz\/#breadcrumb\",\"itemListElement\":[{\"@type\":\"ListItem\",\"position\":1,\"name\":\"Accueil\",\"item\":\"https:\/\/www.daisho.be\/de\/\"},{\"@type\":\"ListItem\",\"position\":2,\"name\":\"Produkte\",\"item\":\"https:\/\/www.daisho.be\/de\/produkte\/\"},{\"@type\":\"ListItem\",\"position\":3,\"name\":\"Sportlerpflege\",\"item\":\"https:\/\/www.daisho.be\/de\/categorie-produit\/sportlerpflege\/\"},{\"@type\":\"ListItem\",\"position\":4,\"name\":\"Stretching-Material\",\"item\":\"https:\/\/www.daisho.be\/de\/categorie-produit\/sportlerpflege\/stretching-material\/\"},{\"@type\":\"ListItem\",\"position\":5,\"name\":\"Arabesque Double Wandkonsole Schwarz\"}]},{\"@type\":\"WebSite\",\"@id\":\"https:\/\/www.daisho.be\/de\/#website\",\"url\":\"https:\/\/www.daisho.be\/de\/\",\"name\":\"Daisho\",\"description\":\"Sp&eacute;cialiste de l'&eacute;quipement sportif d'arts martiaux\",\"publisher\":{\"@id\":\"https:\/\/www.daisho.be\/de\/#organization\"},\"potentialAction\":[{\"@type\":\"SearchAction\",\"target\":{\"@type\":\"EntryPoint\",\"urlTemplate\":\"https:\/\/www.daisho.be\/de\/?s={search_term_string}\"},\"query-input\":{\"@type\":\"PropertyValueSpecification\",\"valueRequired\":true,\"valueName\":\"search_term_string\"}}],\"inLanguage\":\"de\"},{\"@type\":\"Organization\",\"@id\":\"https:\/\/www.daisho.be\/de\/#organization\",\"name\":\"Daisho\",\"url\":\"https:\/\/www.daisho.be\/de\/\",\"logo\":{\"@type\":\"ImageObject\",\"inLanguage\":\"de\",\"@id\":\"https:\/\/www.daisho.be\/de\/#\/schema\/logo\/image\/\",\"url\":\"https:\/\/www.daisho.be\/wp-content\/uploads\/2019\/07\/color-nothing-horizontale4x-e1564486100247.png\",\"contentUrl\":\"https:\/\/www.daisho.be\/wp-content\/uploads\/2019\/07\/color-nothing-horizontale4x-e1564486100247.png\",\"width\":1547,\"height\":385,\"caption\":\"Daisho\"},\"image\":{\"@id\":\"https:\/\/www.daisho.be\/de\/#\/schema\/logo\/image\/\"}}]}<\/script>\n<!-- \/ Yoast SEO plugin. -->","yoast_head_json":{"title":"Arabesque Double Wandkonsole Schwarz &#8211; Daisho","description":"Arabesque Double Wandkonsole aus Stahl f\u00fcr zwei Ballettstangen mit maximaler Stabilit\u00e4t und Widerstandsf\u00e4higkeit. Zu finden unter www.daisho.be | Daisho","robots":{"index":"index","follow":"follow","max-snippet":"max-snippet:-1","max-image-preview":"max-image-preview:large","max-video-preview":"max-video-preview:-1"},"canonical":"https:\/\/www.daisho.be\/de\/produit\/arabesque-double-wandkonsole-schwarz\/","og_locale":"de_DE","og_type":"article","og_title":"Arabesque Double Wandkonsole Schwarz &#8211; Daisho","og_description":"Arabesque Double Wandkonsole aus Stahl f\u00fcr zwei Ballettstangen mit maximaler Stabilit\u00e4t und Widerstandsf\u00e4higkeit. Zu finden unter www.daisho.be | Daisho","og_url":"https:\/\/www.daisho.be\/de\/produit\/arabesque-double-wandkonsole-schwarz\/","og_site_name":"Daisho","article_modified_time":"2026-03-26T15:07:30+00:00","og_image":[{"width":2048,"height":1367,"url":"https:\/\/www.daisho.be\/wp-content\/uploads\/2025\/11\/image-85-scaled.jpg","type":"image\/jpeg"}],"twitter_card":"summary_large_image","twitter_misc":{"Gesch\u00e4tzte Lesezeit":"1\u00a0Minute"},"schema":{"@context":"https:\/\/schema.org","@graph":[{"@type":"WebPage","@id":"https:\/\/www.daisho.be\/de\/produit\/arabesque-double-wandkonsole-schwarz\/","url":"https:\/\/www.daisho.be\/de\/produit\/arabesque-double-wandkonsole-schwarz\/","name":"Arabesque Double Wandkonsole Schwarz &#8211; Daisho","isPartOf":{"@id":"https:\/\/www.daisho.be\/de\/#website"},"primaryImageOfPage":{"@id":"https:\/\/www.daisho.be\/de\/produit\/arabesque-double-wandkonsole-schwarz\/#primaryimage"},"image":{"@id":"https:\/\/www.daisho.be\/de\/produit\/arabesque-double-wandkonsole-schwarz\/#primaryimage"},"thumbnailUrl":"https:\/\/www.daisho.be\/wp-content\/uploads\/2025\/11\/image-85-scaled.jpg","datePublished":"2025-11-17T13:58:51+00:00","dateModified":"2026-03-26T15:07:30+00:00","description":"Arabesque Double Wandkonsole aus Stahl f\u00fcr zwei Ballettstangen mit maximaler Stabilit\u00e4t und Widerstandsf\u00e4higkeit. Zu finden unter www.daisho.be | Daisho","breadcrumb":{"@id":"https:\/\/www.daisho.be\/de\/produit\/arabesque-double-wandkonsole-schwarz\/#breadcrumb"},"inLanguage":"de","potentialAction":[{"@type":"ReadAction","target":["https:\/\/www.daisho.be\/de\/produit\/arabesque-double-wandkonsole-schwarz\/"]}]},{"@type":"ImageObject","inLanguage":"de","@id":"https:\/\/www.daisho.be\/de\/produit\/arabesque-double-wandkonsole-schwarz\/#primaryimage","url":"https:\/\/www.daisho.be\/wp-content\/uploads\/2025\/11\/image-85-scaled.jpg","contentUrl":"https:\/\/www.daisho.be\/wp-content\/uploads\/2025\/11\/image-85-scaled.jpg","width":2048,"height":1367,"caption":"Arabesque Double Wandkonsole Schwarz-1"},{"@type":"BreadcrumbList","@id":"https:\/\/www.daisho.be\/de\/produit\/arabesque-double-wandkonsole-schwarz\/#breadcrumb","itemListElement":[{"@type":"ListItem","position":1,"name":"Accueil","item":"https:\/\/www.daisho.be\/de\/"},{"@type":"ListItem","position":2,"name":"Produkte","item":"https:\/\/www.daisho.be\/de\/produkte\/"},{"@type":"ListItem","position":3,"name":"Sportlerpflege","item":"https:\/\/www.daisho.be\/de\/categorie-produit\/sportlerpflege\/"},{"@type":"ListItem","position":4,"name":"Stretching-Material","item":"https:\/\/www.daisho.be\/de\/categorie-produit\/sportlerpflege\/stretching-material\/"},{"@type":"ListItem","position":5,"name":"Arabesque Double Wandkonsole Schwarz"}]},{"@type":"WebSite","@id":"https:\/\/www.daisho.be\/de\/#website","url":"https:\/\/www.daisho.be\/de\/","name":"Daisho","description":"Sp&eacute;cialiste de l'&eacute;quipement sportif d'arts martiaux","publisher":{"@id":"https:\/\/www.daisho.be\/de\/#organization"},"potentialAction":[{"@type":"SearchAction","target":{"@type":"EntryPoint","urlTemplate":"https:\/\/www.daisho.be\/de\/?s={search_term_string}"},"query-input":{"@type":"PropertyValueSpecification","valueRequired":true,"valueName":"search_term_string"}}],"inLanguage":"de"},{"@type":"Organization","@id":"https:\/\/www.daisho.be\/de\/#organization","name":"Daisho","url":"https:\/\/www.daisho.be\/de\/","logo":{"@type":"ImageObject","inLanguage":"de","@id":"https:\/\/www.daisho.be\/de\/#\/schema\/logo\/image\/","url":"https:\/\/www.daisho.be\/wp-content\/uploads\/2019\/07\/color-nothing-horizontale4x-e1564486100247.png","contentUrl":"https:\/\/www.daisho.be\/wp-content\/uploads\/2019\/07\/color-nothing-horizontale4x-e1564486100247.png","width":1547,"height":385,"caption":"Daisho"},"image":{"@id":"https:\/\/www.daisho.be\/de\/#\/schema\/logo\/image\/"}}]}},"_links":{"self":[{"href":"https:\/\/www.daisho.be\/de\/wp-json\/wp\/v2\/product\/622185","targetHints":{"allow":["GET"]}}],"collection":[{"href":"https:\/\/www.daisho.be\/de\/wp-json\/wp\/v2\/product"}],"about":[{"href":"https:\/\/www.daisho.be\/de\/wp-json\/wp\/v2\/types\/product"}],"replies":[{"embeddable":true,"href":"https:\/\/www.daisho.be\/de\/wp-json\/wp\/v2\/comments?post=622185"}],"wp:featuredmedia":[{"embeddable":true,"href":"https:\/\/www.daisho.be\/de\/wp-json\/wp\/v2\/media\/622169"}],"wp:attachment":[{"href":"https:\/\/www.daisho.be\/de\/wp-json\/wp\/v2\/media?parent=622185"}],"wp:term":[{"taxonomy":"product_brand","embeddable":true,"href":"https:\/\/www.daisho.be\/de\/wp-json\/wp\/v2\/product_brand?post=622185"},{"taxonomy":"product_cat","embeddable":true,"href":"https:\/\/www.daisho.be\/de\/wp-json\/wp\/v2\/product_cat?post=622185"},{"taxonomy":"product_tag","embeddable":true,"href":"https:\/\/www.daisho.be\/de\/wp-json\/wp\/v2\/product_tag?post=622185"},{"taxonomy":"sport","embeddable":true,"href":"https:\/\/www.daisho.be\/de\/wp-json\/wp\/v2\/sport?post=622185"}],"curies":[{"name":"wp","href":"https:\/\/api.w.org\/{rel}","templated":true}]}}