{"id":622132,"date":"2025-11-17T14:47:39","date_gmt":"2025-11-17T13:47:39","guid":{"rendered":"https:\/\/www.daisho.be\/produit\/avant-fix-bodenkonsole-aus-stahl-schwarz\/"},"modified":"2026-03-26T15:56:02","modified_gmt":"2026-03-26T14:56:02","slug":"avant-fix-bodenkonsole-aus-stahl-schwarz","status":"publish","type":"product","link":"https:\/\/www.daisho.be\/de\/produit\/avant-fix-bodenkonsole-aus-stahl-schwarz\/","title":{"rendered":"Avant-Fix Bodenkonsole aus Stahl schwarz"},"content":{"rendered":"<p>Die Avant-Fix Bodenkonsolen aus Stahl sind so konzipiert, dass sie eine einzelne Holzstange tragen k\u00f6nnen, um eine durchgehende Reihe von Stangen zu schaffen und den Platz im Tanzsaal optimal zu nutzen. Dank der hochwertigen Materialien und der geringen Gr\u00f6\u00dfe des Sockels k\u00f6nnen Sie die Stange nahe an einer Wand montieren und haben so mehr Platz zum Trainieren. Das exklusive Design der Konsole bietet die Stabilit\u00e4t und Druckfestigkeit, die Sie brauchen.<br \/>\nFunktionalit\u00e4t und Raumausnutzung.<br \/>\nDie vier 10 cm langen Sechskantschrauben sorgen f\u00fcr eine stabile Befestigung der Avant-Fix Stange am Boden. Die Sockel, Pfosten und Halterungen sind aus hochwertigem Stahl mit einer silberfarbenen Epoxydharzbeschichtung, die sehr schlag- und kratzfest ist.<br \/>\nDie Halterungen umschlie\u00dfen die Stangen fest, ohne dass L\u00f6cher gebohrt werden m\u00fcssen, wodurch die Eigenschaften der Stange erhalten bleiben und ihre Haltbarkeit gew\u00e4hrleistet wird. Sie k\u00f6nnen also beliebig viele Stangen neben einer Wand oder einem Spiegel aufstellen, um mit Ihren Sch\u00fclern optimal zu arbeiten.<br \/>\nEine Stange in der L\u00e4nge Ihrer Wahl.<br \/>\nDie Avant-Fix Bodenstangen von Dinamica Ballet sind so konzipiert, dass sie von mehreren T\u00e4nzern gleichzeitig benutzt werden k\u00f6nnen, unabh\u00e4ngig von der L\u00e4nge der Installation. Die Stangen werden innerhalb der 20 cm hohen St\u00fctzen befestigt und garantieren so eine perfekte Stabilit\u00e4t. Sie k\u00f6nnen beliebig viele Konsolen mit einem Abstand von maximal 2 Metern aufstellen.<br \/>\nNat\u00fcrliches Holzgef\u00fchl und guter Griff.<br \/>\nUnsere Stangen mit einem Durchmesser von 40 mm sind aus gelbem Kiefernholz gefertigt, das eine hohe Festigkeit, leichte Biegsamkeit, optimale Unterst\u00fctzung und ein angenehmes Gef\u00fchl beim Anfassen bietet. Die Stangen wurden aus einem einzigen St\u00fcck Holz geschnitzt und poliert und stammen aus kontrollierten, nachhaltig bewirtschafteten W\u00e4ldern. Die Stange ist ohne Schrauben in der Halterung befestigt, wodurch eine Besch\u00e4digung der Halterung vermieden wird. Mit der Avant-Fix Bodenstange schaffen Sie sich den Raum, der Ihnen am besten passt.         <\/p>\n","protected":false},"excerpt":{"rendered":"<p>Die Avant-Fix Bodenkonsolen aus Stahl sind so konzipiert, dass sie eine einzelne Holzstange tragen k\u00f6nnen, um eine durchgehende Reihe von Stangen zu schaffen und den Platz im Tanzsaal optimal zu nutzen. Dank der hochwertigen Materialien und der geringen Gr\u00f6\u00dfe des Sockels k\u00f6nnen Sie die Stange nahe an einer Wand montieren und haben so mehr Platz [&hellip;]<\/p>\n","protected":false},"featured_media":622115,"comment_status":"open","ping_status":"closed","template":"","meta":{"inline_featured_image":false},"product_brand":[],"product_cat":[2544],"product_tag":[2349],"sport":[],"class_list":{"0":"post-622132","1":"product","2":"type-product","3":"status-publish","4":"has-post-thumbnail","6":"product_cat-stretching-material","7":"product_tag-dinamica-ballet-de","8":"pa_size-sans-taille-defaut","10":"first","11":"instock","12":"taxable","13":"shipping-taxable","14":"purchasable","15":"product-type-simple"},"yoast_head":"<!-- This site is optimized with the Yoast SEO plugin v27.2 - https:\/\/yoast.com\/product\/yoast-seo-wordpress\/ -->\n<title>Avant-Fix Bodenkonsole aus Stahl schwarz &#8211; Daisho<\/title>\n<meta name=\"description\" content=\"Avant-Fix Bodenkonsole aus Stahl f\u00fcr 40 mm Ballettstangen, stabil und druckfest. Zu finden unter www.daisho.be | Daisho\" \/>\n<meta name=\"robots\" content=\"index, follow, max-snippet:-1, max-image-preview:large, max-video-preview:-1\" \/>\n<link rel=\"canonical\" href=\"https:\/\/www.daisho.be\/de\/produit\/avant-fix-bodenkonsole-aus-stahl-schwarz\/\" \/>\n<meta property=\"og:locale\" content=\"de_DE\" \/>\n<meta property=\"og:type\" content=\"article\" \/>\n<meta property=\"og:title\" content=\"Avant-Fix Bodenkonsole aus Stahl schwarz &#8211; Daisho\" \/>\n<meta property=\"og:description\" content=\"Avant-Fix Bodenkonsole aus Stahl f\u00fcr 40 mm Ballettstangen, stabil und druckfest. Zu finden unter www.daisho.be | Daisho\" \/>\n<meta property=\"og:url\" content=\"https:\/\/www.daisho.be\/de\/produit\/avant-fix-bodenkonsole-aus-stahl-schwarz\/\" \/>\n<meta property=\"og:site_name\" content=\"Daisho\" \/>\n<meta property=\"article:modified_time\" content=\"2026-03-26T14:56:02+00:00\" \/>\n<meta property=\"og:image\" content=\"https:\/\/www.daisho.be\/wp-content\/uploads\/2025\/11\/image-83-scaled.jpg\" \/>\n\t<meta property=\"og:image:width\" content=\"1365\" \/>\n\t<meta property=\"og:image:height\" content=\"2048\" \/>\n\t<meta property=\"og:image:type\" content=\"image\/jpeg\" \/>\n<meta name=\"twitter:card\" content=\"summary_large_image\" \/>\n<meta name=\"twitter:label1\" content=\"Gesch\u00e4tzte Lesezeit\" \/>\n\t<meta name=\"twitter:data1\" content=\"2\u00a0Minuten\" \/>\n<script type=\"application\/ld+json\" class=\"yoast-schema-graph\">{\"@context\":\"https:\/\/schema.org\",\"@graph\":[{\"@type\":\"WebPage\",\"@id\":\"https:\/\/www.daisho.be\/de\/produit\/avant-fix-bodenkonsole-aus-stahl-schwarz\/\",\"url\":\"https:\/\/www.daisho.be\/de\/produit\/avant-fix-bodenkonsole-aus-stahl-schwarz\/\",\"name\":\"Avant-Fix Bodenkonsole aus Stahl schwarz &#8211; Daisho\",\"isPartOf\":{\"@id\":\"https:\/\/www.daisho.be\/de\/#website\"},\"primaryImageOfPage\":{\"@id\":\"https:\/\/www.daisho.be\/de\/produit\/avant-fix-bodenkonsole-aus-stahl-schwarz\/#primaryimage\"},\"image\":{\"@id\":\"https:\/\/www.daisho.be\/de\/produit\/avant-fix-bodenkonsole-aus-stahl-schwarz\/#primaryimage\"},\"thumbnailUrl\":\"https:\/\/www.daisho.be\/wp-content\/uploads\/2025\/11\/image-83-scaled.jpg\",\"datePublished\":\"2025-11-17T13:47:39+00:00\",\"dateModified\":\"2026-03-26T14:56:02+00:00\",\"description\":\"Avant-Fix Bodenkonsole aus Stahl f\u00fcr 40 mm Ballettstangen, stabil und druckfest. Zu finden unter www.daisho.be | Daisho\",\"breadcrumb\":{\"@id\":\"https:\/\/www.daisho.be\/de\/produit\/avant-fix-bodenkonsole-aus-stahl-schwarz\/#breadcrumb\"},\"inLanguage\":\"de\",\"potentialAction\":[{\"@type\":\"ReadAction\",\"target\":[\"https:\/\/www.daisho.be\/de\/produit\/avant-fix-bodenkonsole-aus-stahl-schwarz\/\"]}]},{\"@type\":\"ImageObject\",\"inLanguage\":\"de\",\"@id\":\"https:\/\/www.daisho.be\/de\/produit\/avant-fix-bodenkonsole-aus-stahl-schwarz\/#primaryimage\",\"url\":\"https:\/\/www.daisho.be\/wp-content\/uploads\/2025\/11\/image-83-scaled.jpg\",\"contentUrl\":\"https:\/\/www.daisho.be\/wp-content\/uploads\/2025\/11\/image-83-scaled.jpg\",\"width\":1365,\"height\":2048,\"caption\":\"Bodenkonsole aus Stahl Avant-Fix schwarz-1\"},{\"@type\":\"BreadcrumbList\",\"@id\":\"https:\/\/www.daisho.be\/de\/produit\/avant-fix-bodenkonsole-aus-stahl-schwarz\/#breadcrumb\",\"itemListElement\":[{\"@type\":\"ListItem\",\"position\":1,\"name\":\"Accueil\",\"item\":\"https:\/\/www.daisho.be\/de\/\"},{\"@type\":\"ListItem\",\"position\":2,\"name\":\"Produkte\",\"item\":\"https:\/\/www.daisho.be\/de\/produkte\/\"},{\"@type\":\"ListItem\",\"position\":3,\"name\":\"Sportlerpflege\",\"item\":\"https:\/\/www.daisho.be\/de\/categorie-produit\/sportlerpflege\/\"},{\"@type\":\"ListItem\",\"position\":4,\"name\":\"Stretching-Material\",\"item\":\"https:\/\/www.daisho.be\/de\/categorie-produit\/sportlerpflege\/stretching-material\/\"},{\"@type\":\"ListItem\",\"position\":5,\"name\":\"Avant-Fix Bodenkonsole aus Stahl schwarz\"}]},{\"@type\":\"WebSite\",\"@id\":\"https:\/\/www.daisho.be\/de\/#website\",\"url\":\"https:\/\/www.daisho.be\/de\/\",\"name\":\"Daisho\",\"description\":\"Sp&eacute;cialiste de l'&eacute;quipement sportif d'arts martiaux\",\"publisher\":{\"@id\":\"https:\/\/www.daisho.be\/de\/#organization\"},\"potentialAction\":[{\"@type\":\"SearchAction\",\"target\":{\"@type\":\"EntryPoint\",\"urlTemplate\":\"https:\/\/www.daisho.be\/de\/?s={search_term_string}\"},\"query-input\":{\"@type\":\"PropertyValueSpecification\",\"valueRequired\":true,\"valueName\":\"search_term_string\"}}],\"inLanguage\":\"de\"},{\"@type\":\"Organization\",\"@id\":\"https:\/\/www.daisho.be\/de\/#organization\",\"name\":\"Daisho\",\"url\":\"https:\/\/www.daisho.be\/de\/\",\"logo\":{\"@type\":\"ImageObject\",\"inLanguage\":\"de\",\"@id\":\"https:\/\/www.daisho.be\/de\/#\/schema\/logo\/image\/\",\"url\":\"https:\/\/www.daisho.be\/wp-content\/uploads\/2019\/07\/color-nothing-horizontale4x-e1564486100247.png\",\"contentUrl\":\"https:\/\/www.daisho.be\/wp-content\/uploads\/2019\/07\/color-nothing-horizontale4x-e1564486100247.png\",\"width\":1547,\"height\":385,\"caption\":\"Daisho\"},\"image\":{\"@id\":\"https:\/\/www.daisho.be\/de\/#\/schema\/logo\/image\/\"}}]}<\/script>\n<!-- \/ Yoast SEO plugin. -->","yoast_head_json":{"title":"Avant-Fix Bodenkonsole aus Stahl schwarz &#8211; Daisho","description":"Avant-Fix Bodenkonsole aus Stahl f\u00fcr 40 mm Ballettstangen, stabil und druckfest. Zu finden unter www.daisho.be | Daisho","robots":{"index":"index","follow":"follow","max-snippet":"max-snippet:-1","max-image-preview":"max-image-preview:large","max-video-preview":"max-video-preview:-1"},"canonical":"https:\/\/www.daisho.be\/de\/produit\/avant-fix-bodenkonsole-aus-stahl-schwarz\/","og_locale":"de_DE","og_type":"article","og_title":"Avant-Fix Bodenkonsole aus Stahl schwarz &#8211; Daisho","og_description":"Avant-Fix Bodenkonsole aus Stahl f\u00fcr 40 mm Ballettstangen, stabil und druckfest. Zu finden unter www.daisho.be | Daisho","og_url":"https:\/\/www.daisho.be\/de\/produit\/avant-fix-bodenkonsole-aus-stahl-schwarz\/","og_site_name":"Daisho","article_modified_time":"2026-03-26T14:56:02+00:00","og_image":[{"width":1365,"height":2048,"url":"https:\/\/www.daisho.be\/wp-content\/uploads\/2025\/11\/image-83-scaled.jpg","type":"image\/jpeg"}],"twitter_card":"summary_large_image","twitter_misc":{"Gesch\u00e4tzte Lesezeit":"2\u00a0Minuten"},"schema":{"@context":"https:\/\/schema.org","@graph":[{"@type":"WebPage","@id":"https:\/\/www.daisho.be\/de\/produit\/avant-fix-bodenkonsole-aus-stahl-schwarz\/","url":"https:\/\/www.daisho.be\/de\/produit\/avant-fix-bodenkonsole-aus-stahl-schwarz\/","name":"Avant-Fix Bodenkonsole aus Stahl schwarz &#8211; Daisho","isPartOf":{"@id":"https:\/\/www.daisho.be\/de\/#website"},"primaryImageOfPage":{"@id":"https:\/\/www.daisho.be\/de\/produit\/avant-fix-bodenkonsole-aus-stahl-schwarz\/#primaryimage"},"image":{"@id":"https:\/\/www.daisho.be\/de\/produit\/avant-fix-bodenkonsole-aus-stahl-schwarz\/#primaryimage"},"thumbnailUrl":"https:\/\/www.daisho.be\/wp-content\/uploads\/2025\/11\/image-83-scaled.jpg","datePublished":"2025-11-17T13:47:39+00:00","dateModified":"2026-03-26T14:56:02+00:00","description":"Avant-Fix Bodenkonsole aus Stahl f\u00fcr 40 mm Ballettstangen, stabil und druckfest. Zu finden unter www.daisho.be | Daisho","breadcrumb":{"@id":"https:\/\/www.daisho.be\/de\/produit\/avant-fix-bodenkonsole-aus-stahl-schwarz\/#breadcrumb"},"inLanguage":"de","potentialAction":[{"@type":"ReadAction","target":["https:\/\/www.daisho.be\/de\/produit\/avant-fix-bodenkonsole-aus-stahl-schwarz\/"]}]},{"@type":"ImageObject","inLanguage":"de","@id":"https:\/\/www.daisho.be\/de\/produit\/avant-fix-bodenkonsole-aus-stahl-schwarz\/#primaryimage","url":"https:\/\/www.daisho.be\/wp-content\/uploads\/2025\/11\/image-83-scaled.jpg","contentUrl":"https:\/\/www.daisho.be\/wp-content\/uploads\/2025\/11\/image-83-scaled.jpg","width":1365,"height":2048,"caption":"Bodenkonsole aus Stahl Avant-Fix schwarz-1"},{"@type":"BreadcrumbList","@id":"https:\/\/www.daisho.be\/de\/produit\/avant-fix-bodenkonsole-aus-stahl-schwarz\/#breadcrumb","itemListElement":[{"@type":"ListItem","position":1,"name":"Accueil","item":"https:\/\/www.daisho.be\/de\/"},{"@type":"ListItem","position":2,"name":"Produkte","item":"https:\/\/www.daisho.be\/de\/produkte\/"},{"@type":"ListItem","position":3,"name":"Sportlerpflege","item":"https:\/\/www.daisho.be\/de\/categorie-produit\/sportlerpflege\/"},{"@type":"ListItem","position":4,"name":"Stretching-Material","item":"https:\/\/www.daisho.be\/de\/categorie-produit\/sportlerpflege\/stretching-material\/"},{"@type":"ListItem","position":5,"name":"Avant-Fix Bodenkonsole aus Stahl schwarz"}]},{"@type":"WebSite","@id":"https:\/\/www.daisho.be\/de\/#website","url":"https:\/\/www.daisho.be\/de\/","name":"Daisho","description":"Sp&eacute;cialiste de l'&eacute;quipement sportif d'arts martiaux","publisher":{"@id":"https:\/\/www.daisho.be\/de\/#organization"},"potentialAction":[{"@type":"SearchAction","target":{"@type":"EntryPoint","urlTemplate":"https:\/\/www.daisho.be\/de\/?s={search_term_string}"},"query-input":{"@type":"PropertyValueSpecification","valueRequired":true,"valueName":"search_term_string"}}],"inLanguage":"de"},{"@type":"Organization","@id":"https:\/\/www.daisho.be\/de\/#organization","name":"Daisho","url":"https:\/\/www.daisho.be\/de\/","logo":{"@type":"ImageObject","inLanguage":"de","@id":"https:\/\/www.daisho.be\/de\/#\/schema\/logo\/image\/","url":"https:\/\/www.daisho.be\/wp-content\/uploads\/2019\/07\/color-nothing-horizontale4x-e1564486100247.png","contentUrl":"https:\/\/www.daisho.be\/wp-content\/uploads\/2019\/07\/color-nothing-horizontale4x-e1564486100247.png","width":1547,"height":385,"caption":"Daisho"},"image":{"@id":"https:\/\/www.daisho.be\/de\/#\/schema\/logo\/image\/"}}]}},"_links":{"self":[{"href":"https:\/\/www.daisho.be\/de\/wp-json\/wp\/v2\/product\/622132","targetHints":{"allow":["GET"]}}],"collection":[{"href":"https:\/\/www.daisho.be\/de\/wp-json\/wp\/v2\/product"}],"about":[{"href":"https:\/\/www.daisho.be\/de\/wp-json\/wp\/v2\/types\/product"}],"replies":[{"embeddable":true,"href":"https:\/\/www.daisho.be\/de\/wp-json\/wp\/v2\/comments?post=622132"}],"wp:featuredmedia":[{"embeddable":true,"href":"https:\/\/www.daisho.be\/de\/wp-json\/wp\/v2\/media\/622115"}],"wp:attachment":[{"href":"https:\/\/www.daisho.be\/de\/wp-json\/wp\/v2\/media?parent=622132"}],"wp:term":[{"taxonomy":"product_brand","embeddable":true,"href":"https:\/\/www.daisho.be\/de\/wp-json\/wp\/v2\/product_brand?post=622132"},{"taxonomy":"product_cat","embeddable":true,"href":"https:\/\/www.daisho.be\/de\/wp-json\/wp\/v2\/product_cat?post=622132"},{"taxonomy":"product_tag","embeddable":true,"href":"https:\/\/www.daisho.be\/de\/wp-json\/wp\/v2\/product_tag?post=622132"},{"taxonomy":"sport","embeddable":true,"href":"https:\/\/www.daisho.be\/de\/wp-json\/wp\/v2\/sport?post=622132"}],"curies":[{"name":"wp","href":"https:\/\/api.w.org\/{rel}","templated":true}]}}