{"id":622077,"date":"2025-11-17T14:46:44","date_gmt":"2025-11-17T13:46:44","guid":{"rendered":"https:\/\/www.daisho.be\/produit\/bodenbefestigte-stange-giselle-fix\/"},"modified":"2026-03-30T10:37:51","modified_gmt":"2026-03-30T08:37:51","slug":"bodenbefestigte-stange-giselle-fix","status":"publish","type":"product","link":"https:\/\/www.daisho.be\/de\/produit\/bodenbefestigte-stange-giselle-fix\/","title":{"rendered":"Bodenbefestigte Stange Giselle-Fix"},"content":{"rendered":"<p>Die Giselle-Fix ist die am Boden befestigte Stange, die die meisten M\u00f6glichkeiten bietet. Sie erm\u00f6glicht es, mit zwei Stangen durchgehende R\u00e4ume zu schaffen und die H\u00f6he in 10 verschiedenen Positionen einzustellen, so dass sie sich an T\u00e4nzer aller Gr\u00f6\u00dfen anpassen kann. Die hochwertigen Materialien und die geringen Abmessungen des Sockels erm\u00f6glichen es Ihnen, die Stange in der N\u00e4he einer Wand zu montieren und so mehr Platz zum Trainieren zu haben. Das exklusive Design der doppelten Halterung sorgt f\u00fcr die Stabilit\u00e4t und Druckfestigkeit, die Sie ben\u00f6tigen.<br \/>\nDie Reckstange, die sich jedem anpasst.<br \/>\nMit zwei 19 cm auseinander liegenden Stangen und 10 einstellbaren Positionen passt sich die Giselle-Fix perfekt an T\u00e4nzer aller Gr\u00f6\u00dfen an. Der Verstellmechanismus ist so konzipiert, dass die H\u00f6he schnell ge\u00e4ndert werden kann und bietet einen Gesamtabstand von 27 cm zwischen der minimalen und maximalen H\u00f6he.<br \/>\nDurchgehend funktionale R\u00e4ume.<br \/>\nAlle Bodenkonsolen von Dinamica Ballet wurden mit dem Ziel entworfen, die Nutzung Ihres Raumes zu optimieren. Wir haben den Sockel so entworfen, dass er absolute Stabilit\u00e4t bei minimalem Platzbedarf bietet, so dass die Giselle-Fix sehr nah an einer Wand oder einem Spiegel platziert werden kann, was wiederum Platz spart.<br \/>\nDie Konsolen aus hochwertigem Stahl verteilen den Druck und garantieren maximale Leistung bei hochintensiven \u00dcbungen. Die vier Stangen werden in den Halterungen montiert, zwei unten und zwei oben, ohne dass L\u00f6cher gebohrt werden m\u00fcssen, die das Holz besch\u00e4digen k\u00f6nnten. Sie k\u00f6nnen beliebig viele Konsolen in einem Abstand von maximal 2 Metern aufstellen.<br \/>\nHolzst\u00e4be f\u00fcr ein nat\u00fcrliches Gef\u00fchl und optimale Unterst\u00fctzung.<br \/>\nDie Giselle-Fix-Konsole st\u00fctzt zwei Holzst\u00e4be mit einem Durchmesser von 40 mm. Unsere Holzstangen aus nachhaltig bewirtschafteter gelber Kiefer sind stark und leicht flexibel, was ideal f\u00fcr fortgeschrittene \u00dcbungen ist. Das perfekt polierte und unlackierte Holz f\u00fchlt sich angenehm an, liegt gut in der Hand und ist von nat\u00fcrlicher Sch\u00f6nheit.<br \/>\nDie Halterungen umschlie\u00dfen die Stangen fest, ohne dass L\u00f6cher in das Holz gebohrt werden m\u00fcssen, was tausende von Stunden der Nutzung und eine einfache Installation garantiert.         <\/p>\n","protected":false},"excerpt":{"rendered":"<p>Die Giselle-Fix ist die am Boden befestigte Stange, die die meisten M\u00f6glichkeiten bietet. Sie erm\u00f6glicht es, mit zwei Stangen durchgehende R\u00e4ume zu schaffen und die H\u00f6he in 10 verschiedenen Positionen einzustellen, so dass sie sich an T\u00e4nzer aller Gr\u00f6\u00dfen anpassen kann. Die hochwertigen Materialien und die geringen Abmessungen des Sockels erm\u00f6glichen es Ihnen, die Stange [&hellip;]<\/p>\n","protected":false},"featured_media":622059,"comment_status":"open","ping_status":"closed","template":"","meta":{"inline_featured_image":false},"product_brand":[],"product_cat":[2544],"product_tag":[2349],"sport":[],"class_list":{"0":"post-622077","1":"product","2":"type-product","3":"status-publish","4":"has-post-thumbnail","6":"product_cat-stretching-material","7":"product_tag-dinamica-ballet-de","8":"pa_size-sans-taille-defaut","10":"first","11":"instock","12":"taxable","13":"shipping-taxable","14":"purchasable","15":"product-type-simple"},"yoast_head":"<!-- This site is optimized with the Yoast SEO plugin v27.2 - https:\/\/yoast.com\/product\/yoast-seo-wordpress\/ -->\n<title>Bodenbefestigte Stange Giselle-Fix &#8211; Daisho<\/title>\n<meta name=\"description\" content=\"Giselle-Fix Bodenstange, einstellbare Doppelstange (10 Positionen), stabil, kompakt und ideal f\u00fcr alle T\u00e4nzer. Finden Sie ihn auf www.daisho.be | Daisho\" \/>\n<meta name=\"robots\" content=\"index, follow, max-snippet:-1, max-image-preview:large, max-video-preview:-1\" \/>\n<link rel=\"canonical\" href=\"https:\/\/www.daisho.be\/de\/produit\/bodenbefestigte-stange-giselle-fix\/\" \/>\n<meta property=\"og:locale\" content=\"de_DE\" \/>\n<meta property=\"og:type\" content=\"article\" \/>\n<meta property=\"og:title\" content=\"Bodenbefestigte Stange Giselle-Fix &#8211; Daisho\" \/>\n<meta property=\"og:description\" content=\"Giselle-Fix Bodenstange, einstellbare Doppelstange (10 Positionen), stabil, kompakt und ideal f\u00fcr alle T\u00e4nzer. Finden Sie ihn auf www.daisho.be | Daisho\" \/>\n<meta property=\"og:url\" content=\"https:\/\/www.daisho.be\/de\/produit\/bodenbefestigte-stange-giselle-fix\/\" \/>\n<meta property=\"og:site_name\" content=\"Daisho\" \/>\n<meta property=\"article:modified_time\" content=\"2026-03-30T08:37:51+00:00\" \/>\n<meta property=\"og:image\" content=\"https:\/\/www.daisho.be\/wp-content\/uploads\/2025\/11\/image-20.png\" \/>\n\t<meta property=\"og:image:width\" content=\"800\" \/>\n\t<meta property=\"og:image:height\" content=\"800\" \/>\n\t<meta property=\"og:image:type\" content=\"image\/png\" \/>\n<meta name=\"twitter:card\" content=\"summary_large_image\" \/>\n<meta name=\"twitter:label1\" content=\"Gesch\u00e4tzte Lesezeit\" \/>\n\t<meta name=\"twitter:data1\" content=\"2\u00a0Minuten\" \/>\n<script type=\"application\/ld+json\" class=\"yoast-schema-graph\">{\"@context\":\"https:\/\/schema.org\",\"@graph\":[{\"@type\":\"WebPage\",\"@id\":\"https:\/\/www.daisho.be\/de\/produit\/bodenbefestigte-stange-giselle-fix\/\",\"url\":\"https:\/\/www.daisho.be\/de\/produit\/bodenbefestigte-stange-giselle-fix\/\",\"name\":\"Bodenbefestigte Stange Giselle-Fix &#8211; Daisho\",\"isPartOf\":{\"@id\":\"https:\/\/www.daisho.be\/de\/#website\"},\"primaryImageOfPage\":{\"@id\":\"https:\/\/www.daisho.be\/de\/produit\/bodenbefestigte-stange-giselle-fix\/#primaryimage\"},\"image\":{\"@id\":\"https:\/\/www.daisho.be\/de\/produit\/bodenbefestigte-stange-giselle-fix\/#primaryimage\"},\"thumbnailUrl\":\"https:\/\/www.daisho.be\/wp-content\/uploads\/2025\/11\/image-20.png\",\"datePublished\":\"2025-11-17T13:46:44+00:00\",\"dateModified\":\"2026-03-30T08:37:51+00:00\",\"description\":\"Giselle-Fix Bodenstange, einstellbare Doppelstange (10 Positionen), stabil, kompakt und ideal f\u00fcr alle T\u00e4nzer. Finden Sie ihn auf www.daisho.be | Daisho\",\"breadcrumb\":{\"@id\":\"https:\/\/www.daisho.be\/de\/produit\/bodenbefestigte-stange-giselle-fix\/#breadcrumb\"},\"inLanguage\":\"de\",\"potentialAction\":[{\"@type\":\"ReadAction\",\"target\":[\"https:\/\/www.daisho.be\/de\/produit\/bodenbefestigte-stange-giselle-fix\/\"]}]},{\"@type\":\"ImageObject\",\"inLanguage\":\"de\",\"@id\":\"https:\/\/www.daisho.be\/de\/produit\/bodenbefestigte-stange-giselle-fix\/#primaryimage\",\"url\":\"https:\/\/www.daisho.be\/wp-content\/uploads\/2025\/11\/image-20.png\",\"contentUrl\":\"https:\/\/www.daisho.be\/wp-content\/uploads\/2025\/11\/image-20.png\",\"width\":800,\"height\":800,\"caption\":\"Am Boden befestigte Stange Giselle-Fix -1\"},{\"@type\":\"BreadcrumbList\",\"@id\":\"https:\/\/www.daisho.be\/de\/produit\/bodenbefestigte-stange-giselle-fix\/#breadcrumb\",\"itemListElement\":[{\"@type\":\"ListItem\",\"position\":1,\"name\":\"Accueil\",\"item\":\"https:\/\/www.daisho.be\/de\/\"},{\"@type\":\"ListItem\",\"position\":2,\"name\":\"Produkte\",\"item\":\"https:\/\/www.daisho.be\/de\/produkte\/\"},{\"@type\":\"ListItem\",\"position\":3,\"name\":\"Sportlerpflege\",\"item\":\"https:\/\/www.daisho.be\/de\/categorie-produit\/sportlerpflege\/\"},{\"@type\":\"ListItem\",\"position\":4,\"name\":\"Stretching-Material\",\"item\":\"https:\/\/www.daisho.be\/de\/categorie-produit\/sportlerpflege\/stretching-material\/\"},{\"@type\":\"ListItem\",\"position\":5,\"name\":\"Bodenbefestigte Stange Giselle-Fix\"}]},{\"@type\":\"WebSite\",\"@id\":\"https:\/\/www.daisho.be\/de\/#website\",\"url\":\"https:\/\/www.daisho.be\/de\/\",\"name\":\"Daisho\",\"description\":\"Sp&eacute;cialiste de l'&eacute;quipement sportif d'arts martiaux\",\"publisher\":{\"@id\":\"https:\/\/www.daisho.be\/de\/#organization\"},\"potentialAction\":[{\"@type\":\"SearchAction\",\"target\":{\"@type\":\"EntryPoint\",\"urlTemplate\":\"https:\/\/www.daisho.be\/de\/?s={search_term_string}\"},\"query-input\":{\"@type\":\"PropertyValueSpecification\",\"valueRequired\":true,\"valueName\":\"search_term_string\"}}],\"inLanguage\":\"de\"},{\"@type\":\"Organization\",\"@id\":\"https:\/\/www.daisho.be\/de\/#organization\",\"name\":\"Daisho\",\"url\":\"https:\/\/www.daisho.be\/de\/\",\"logo\":{\"@type\":\"ImageObject\",\"inLanguage\":\"de\",\"@id\":\"https:\/\/www.daisho.be\/de\/#\/schema\/logo\/image\/\",\"url\":\"https:\/\/www.daisho.be\/wp-content\/uploads\/2019\/07\/color-nothing-horizontale4x-e1564486100247.png\",\"contentUrl\":\"https:\/\/www.daisho.be\/wp-content\/uploads\/2019\/07\/color-nothing-horizontale4x-e1564486100247.png\",\"width\":1547,\"height\":385,\"caption\":\"Daisho\"},\"image\":{\"@id\":\"https:\/\/www.daisho.be\/de\/#\/schema\/logo\/image\/\"}}]}<\/script>\n<!-- \/ Yoast SEO plugin. -->","yoast_head_json":{"title":"Bodenbefestigte Stange Giselle-Fix &#8211; Daisho","description":"Giselle-Fix Bodenstange, einstellbare Doppelstange (10 Positionen), stabil, kompakt und ideal f\u00fcr alle T\u00e4nzer. Finden Sie ihn auf www.daisho.be | Daisho","robots":{"index":"index","follow":"follow","max-snippet":"max-snippet:-1","max-image-preview":"max-image-preview:large","max-video-preview":"max-video-preview:-1"},"canonical":"https:\/\/www.daisho.be\/de\/produit\/bodenbefestigte-stange-giselle-fix\/","og_locale":"de_DE","og_type":"article","og_title":"Bodenbefestigte Stange Giselle-Fix &#8211; Daisho","og_description":"Giselle-Fix Bodenstange, einstellbare Doppelstange (10 Positionen), stabil, kompakt und ideal f\u00fcr alle T\u00e4nzer. Finden Sie ihn auf www.daisho.be | Daisho","og_url":"https:\/\/www.daisho.be\/de\/produit\/bodenbefestigte-stange-giselle-fix\/","og_site_name":"Daisho","article_modified_time":"2026-03-30T08:37:51+00:00","og_image":[{"width":800,"height":800,"url":"https:\/\/www.daisho.be\/wp-content\/uploads\/2025\/11\/image-20.png","type":"image\/png"}],"twitter_card":"summary_large_image","twitter_misc":{"Gesch\u00e4tzte Lesezeit":"2\u00a0Minuten"},"schema":{"@context":"https:\/\/schema.org","@graph":[{"@type":"WebPage","@id":"https:\/\/www.daisho.be\/de\/produit\/bodenbefestigte-stange-giselle-fix\/","url":"https:\/\/www.daisho.be\/de\/produit\/bodenbefestigte-stange-giselle-fix\/","name":"Bodenbefestigte Stange Giselle-Fix &#8211; Daisho","isPartOf":{"@id":"https:\/\/www.daisho.be\/de\/#website"},"primaryImageOfPage":{"@id":"https:\/\/www.daisho.be\/de\/produit\/bodenbefestigte-stange-giselle-fix\/#primaryimage"},"image":{"@id":"https:\/\/www.daisho.be\/de\/produit\/bodenbefestigte-stange-giselle-fix\/#primaryimage"},"thumbnailUrl":"https:\/\/www.daisho.be\/wp-content\/uploads\/2025\/11\/image-20.png","datePublished":"2025-11-17T13:46:44+00:00","dateModified":"2026-03-30T08:37:51+00:00","description":"Giselle-Fix Bodenstange, einstellbare Doppelstange (10 Positionen), stabil, kompakt und ideal f\u00fcr alle T\u00e4nzer. Finden Sie ihn auf www.daisho.be | Daisho","breadcrumb":{"@id":"https:\/\/www.daisho.be\/de\/produit\/bodenbefestigte-stange-giselle-fix\/#breadcrumb"},"inLanguage":"de","potentialAction":[{"@type":"ReadAction","target":["https:\/\/www.daisho.be\/de\/produit\/bodenbefestigte-stange-giselle-fix\/"]}]},{"@type":"ImageObject","inLanguage":"de","@id":"https:\/\/www.daisho.be\/de\/produit\/bodenbefestigte-stange-giselle-fix\/#primaryimage","url":"https:\/\/www.daisho.be\/wp-content\/uploads\/2025\/11\/image-20.png","contentUrl":"https:\/\/www.daisho.be\/wp-content\/uploads\/2025\/11\/image-20.png","width":800,"height":800,"caption":"Am Boden befestigte Stange Giselle-Fix -1"},{"@type":"BreadcrumbList","@id":"https:\/\/www.daisho.be\/de\/produit\/bodenbefestigte-stange-giselle-fix\/#breadcrumb","itemListElement":[{"@type":"ListItem","position":1,"name":"Accueil","item":"https:\/\/www.daisho.be\/de\/"},{"@type":"ListItem","position":2,"name":"Produkte","item":"https:\/\/www.daisho.be\/de\/produkte\/"},{"@type":"ListItem","position":3,"name":"Sportlerpflege","item":"https:\/\/www.daisho.be\/de\/categorie-produit\/sportlerpflege\/"},{"@type":"ListItem","position":4,"name":"Stretching-Material","item":"https:\/\/www.daisho.be\/de\/categorie-produit\/sportlerpflege\/stretching-material\/"},{"@type":"ListItem","position":5,"name":"Bodenbefestigte Stange Giselle-Fix"}]},{"@type":"WebSite","@id":"https:\/\/www.daisho.be\/de\/#website","url":"https:\/\/www.daisho.be\/de\/","name":"Daisho","description":"Sp&eacute;cialiste de l'&eacute;quipement sportif d'arts martiaux","publisher":{"@id":"https:\/\/www.daisho.be\/de\/#organization"},"potentialAction":[{"@type":"SearchAction","target":{"@type":"EntryPoint","urlTemplate":"https:\/\/www.daisho.be\/de\/?s={search_term_string}"},"query-input":{"@type":"PropertyValueSpecification","valueRequired":true,"valueName":"search_term_string"}}],"inLanguage":"de"},{"@type":"Organization","@id":"https:\/\/www.daisho.be\/de\/#organization","name":"Daisho","url":"https:\/\/www.daisho.be\/de\/","logo":{"@type":"ImageObject","inLanguage":"de","@id":"https:\/\/www.daisho.be\/de\/#\/schema\/logo\/image\/","url":"https:\/\/www.daisho.be\/wp-content\/uploads\/2019\/07\/color-nothing-horizontale4x-e1564486100247.png","contentUrl":"https:\/\/www.daisho.be\/wp-content\/uploads\/2019\/07\/color-nothing-horizontale4x-e1564486100247.png","width":1547,"height":385,"caption":"Daisho"},"image":{"@id":"https:\/\/www.daisho.be\/de\/#\/schema\/logo\/image\/"}}]}},"_links":{"self":[{"href":"https:\/\/www.daisho.be\/de\/wp-json\/wp\/v2\/product\/622077","targetHints":{"allow":["GET"]}}],"collection":[{"href":"https:\/\/www.daisho.be\/de\/wp-json\/wp\/v2\/product"}],"about":[{"href":"https:\/\/www.daisho.be\/de\/wp-json\/wp\/v2\/types\/product"}],"replies":[{"embeddable":true,"href":"https:\/\/www.daisho.be\/de\/wp-json\/wp\/v2\/comments?post=622077"}],"wp:featuredmedia":[{"embeddable":true,"href":"https:\/\/www.daisho.be\/de\/wp-json\/wp\/v2\/media\/622059"}],"wp:attachment":[{"href":"https:\/\/www.daisho.be\/de\/wp-json\/wp\/v2\/media?parent=622077"}],"wp:term":[{"taxonomy":"product_brand","embeddable":true,"href":"https:\/\/www.daisho.be\/de\/wp-json\/wp\/v2\/product_brand?post=622077"},{"taxonomy":"product_cat","embeddable":true,"href":"https:\/\/www.daisho.be\/de\/wp-json\/wp\/v2\/product_cat?post=622077"},{"taxonomy":"product_tag","embeddable":true,"href":"https:\/\/www.daisho.be\/de\/wp-json\/wp\/v2\/product_tag?post=622077"},{"taxonomy":"sport","embeddable":true,"href":"https:\/\/www.daisho.be\/de\/wp-json\/wp\/v2\/sport?post=622077"}],"curies":[{"name":"wp","href":"https:\/\/api.w.org\/{rel}","templated":true}]}}