{"id":621928,"date":"2025-11-17T13:45:28","date_gmt":"2025-11-17T12:45:28","guid":{"rendered":"https:\/\/www.daisho.be\/produit\/holzstab-beams-gelbe-kiefer-15m\/"},"modified":"2026-03-30T13:51:13","modified_gmt":"2026-03-30T11:51:13","slug":"holzstab-beams-gelbe-kiefer-15m","status":"publish","type":"product","link":"https:\/\/www.daisho.be\/de\/produit\/holzstab-beams-gelbe-kiefer-15m\/","title":{"rendered":"Holzstab Beams &#8211; gelbe Kiefer &#8211; 1,5m"},"content":{"rendered":"<p>Bei Dinamica Ballet arbeiten wir nur mit den H\u00f6lzern, die f\u00fcr die Aus\u00fcbung des klassischen Tanzes am besten geeignet sind. Holz ist ein lebendiges Material, das eine hohe Druckfestigkeit, eine leichte Flexibilit\u00e4t und einen perfekten Griff bietet. Alle unsere St\u00e4be werden mit h\u00f6chster Pr\u00e4zision poliert, um Ihnen ein weiches und warmes Gef\u00fchl zu geben und ihre Verwendung sowohl angenehm als auch sicher zu machen.<br \/>\nGelbkiefernholzstab.<br \/>\nUnsere Gelbkiefernholzst\u00e4be sind die am h\u00e4ufigsten verwendeten. Sie sind sehr widerstandsf\u00e4hig und bieten gleichzeitig eine leichte Flexibilit\u00e4t, die f\u00fcr das Ballett unerl\u00e4sslich ist.<br \/>\nDas perfekt polierte und unlackierte Holz f\u00fchlt sich angenehm an, liegt gut in der Hand und ist von nat\u00fcrlicher Sch\u00f6nheit, so dass Sie Ihre \u00dcbungen an der Stange noch mehr genie\u00dfen k\u00f6nnen. Das Holz der Gelbkiefer hat eine halbsteife, gerade Faser und eine helle Farbe.<br \/>\nDas von uns verwendete Holz der Gelbkiefer stammt aus zertifizierter, nachhaltiger Forstwirtschaft und unsere St\u00e4be haben einen Durchmesser von 40 mm. Die von uns angebotenen Standardl\u00e4ngen sind 1 Meter, 1,5 Meter, 2 Meter und 3 Meter. Auf Anfrage bieten wir auch individuelle Gr\u00f6\u00dfen und die M\u00f6glichkeit, das Holz zu lackieren.<br \/>\nStangen aus Buchenholz.<br \/>\nBuchenholz ist etwas h\u00e4rter, dichter und schwerer als Kiefernholz und hat im nat\u00fcrlichen Zustand einen r\u00f6tlicheren Farbton. Es ist ein hochwertiges Holz, das gegen Pilze und Insekten resistent ist. Unsere Buchenholzst\u00e4be sind perfekt poliert, um ein angenehmes Gef\u00fchl und einen idealen Griff zu bieten.<br \/>\nDas von uns verwendete Buchenholz stammt aus zertifizierten W\u00e4ldern f\u00fcr nachhaltige Forstwirtschaft in Katalonien und S\u00fcdfrankreich. Der Durchmesser unserer Stangen betr\u00e4gt 40 mm. Die Standardl\u00e4ngen, die wir anbieten, sind 1,5 Meter und 2 Meter. Auf Wunsch k\u00f6nnen wir auch individuelle Gr\u00f6\u00dfen herstellen und das Holz lackieren.<br \/>\nWir arbeiten mit H\u00f6lzern, die Festigkeit, Flexibilit\u00e4t und einen guten Griff bieten, um die \u00dcbungen pr\u00e4zise und sicher ausf\u00fchren zu k\u00f6nnen.           <\/p>\n","protected":false},"excerpt":{"rendered":"<p>Bei Dinamica Ballet arbeiten wir nur mit den H\u00f6lzern, die f\u00fcr die Aus\u00fcbung des klassischen Tanzes am besten geeignet sind. Holz ist ein lebendiges Material, das eine hohe Druckfestigkeit, eine leichte Flexibilit\u00e4t und einen perfekten Griff bietet. Alle unsere St\u00e4be werden mit h\u00f6chster Pr\u00e4zision poliert, um Ihnen ein weiches und warmes Gef\u00fchl zu geben und [&hellip;]<\/p>\n","protected":false},"featured_media":621903,"comment_status":"open","ping_status":"closed","template":"","meta":{"inline_featured_image":false},"product_brand":[],"product_cat":[2544],"product_tag":[2349],"sport":[],"class_list":{"0":"post-621928","1":"product","2":"type-product","3":"status-publish","4":"has-post-thumbnail","6":"product_cat-stretching-material","7":"product_tag-dinamica-ballet-de","8":"pa_size-15-m","10":"first","11":"instock","12":"taxable","13":"shipping-taxable","14":"purchasable","15":"product-type-variable"},"yoast_head":"<!-- This site is optimized with the Yoast SEO plugin v27.2 - https:\/\/yoast.com\/product\/yoast-seo-wordpress\/ -->\n<title>Holzstab Beams - gelbe Kiefer - 1,5m &#8211; Daisho<\/title>\n<meta name=\"description\" content=\"Widerstandsf\u00e4hige, flexible und langlebige Ballettstangen aus Holz (Kiefer oder Buche) f\u00fcr ein sicheres und bequemes Training. Sie finden sie auf www.daisho.be|Daisho\" \/>\n<meta name=\"robots\" content=\"index, follow, max-snippet:-1, max-image-preview:large, max-video-preview:-1\" \/>\n<link rel=\"canonical\" href=\"https:\/\/www.daisho.be\/de\/produit\/holzstab-beams-gelbe-kiefer-15m\/\" \/>\n<meta property=\"og:locale\" content=\"de_DE\" \/>\n<meta property=\"og:type\" content=\"article\" \/>\n<meta property=\"og:title\" content=\"Holzstab Beams - gelbe Kiefer - 1,5m &#8211; Daisho\" \/>\n<meta property=\"og:description\" content=\"Widerstandsf\u00e4hige, flexible und langlebige Ballettstangen aus Holz (Kiefer oder Buche) f\u00fcr ein sicheres und bequemes Training. Sie finden sie auf www.daisho.be|Daisho\" \/>\n<meta property=\"og:url\" content=\"https:\/\/www.daisho.be\/de\/produit\/holzstab-beams-gelbe-kiefer-15m\/\" \/>\n<meta property=\"og:site_name\" content=\"Daisho\" \/>\n<meta property=\"article:modified_time\" content=\"2026-03-30T11:51:13+00:00\" \/>\n<meta property=\"og:image\" content=\"https:\/\/www.daisho.be\/wp-content\/uploads\/2025\/11\/image-76-scaled.jpg\" \/>\n\t<meta property=\"og:image:width\" content=\"2048\" \/>\n\t<meta property=\"og:image:height\" content=\"1365\" \/>\n\t<meta property=\"og:image:type\" content=\"image\/jpeg\" \/>\n<meta name=\"twitter:card\" content=\"summary_large_image\" \/>\n<meta name=\"twitter:label1\" content=\"Gesch\u00e4tzte Lesezeit\" \/>\n\t<meta name=\"twitter:data1\" content=\"2\u00a0Minuten\" \/>\n<script type=\"application\/ld+json\" class=\"yoast-schema-graph\">{\"@context\":\"https:\/\/schema.org\",\"@graph\":[{\"@type\":\"WebPage\",\"@id\":\"https:\/\/www.daisho.be\/de\/produit\/holzstab-beams-gelbe-kiefer-15m\/\",\"url\":\"https:\/\/www.daisho.be\/de\/produit\/holzstab-beams-gelbe-kiefer-15m\/\",\"name\":\"Holzstab Beams - gelbe Kiefer - 1,5m &#8211; Daisho\",\"isPartOf\":{\"@id\":\"https:\/\/www.daisho.be\/de\/#website\"},\"primaryImageOfPage\":{\"@id\":\"https:\/\/www.daisho.be\/de\/produit\/holzstab-beams-gelbe-kiefer-15m\/#primaryimage\"},\"image\":{\"@id\":\"https:\/\/www.daisho.be\/de\/produit\/holzstab-beams-gelbe-kiefer-15m\/#primaryimage\"},\"thumbnailUrl\":\"https:\/\/www.daisho.be\/wp-content\/uploads\/2025\/11\/image-76-scaled.jpg\",\"datePublished\":\"2025-11-17T12:45:28+00:00\",\"dateModified\":\"2026-03-30T11:51:13+00:00\",\"description\":\"Widerstandsf\u00e4hige, flexible und langlebige Ballettstangen aus Holz (Kiefer oder Buche) f\u00fcr ein sicheres und bequemes Training. Sie finden sie auf www.daisho.be|Daisho\",\"breadcrumb\":{\"@id\":\"https:\/\/www.daisho.be\/de\/produit\/holzstab-beams-gelbe-kiefer-15m\/#breadcrumb\"},\"inLanguage\":\"de\",\"potentialAction\":[{\"@type\":\"ReadAction\",\"target\":[\"https:\/\/www.daisho.be\/de\/produit\/holzstab-beams-gelbe-kiefer-15m\/\"]}]},{\"@type\":\"ImageObject\",\"inLanguage\":\"de\",\"@id\":\"https:\/\/www.daisho.be\/de\/produit\/holzstab-beams-gelbe-kiefer-15m\/#primaryimage\",\"url\":\"https:\/\/www.daisho.be\/wp-content\/uploads\/2025\/11\/image-76-scaled.jpg\",\"contentUrl\":\"https:\/\/www.daisho.be\/wp-content\/uploads\/2025\/11\/image-76-scaled.jpg\",\"width\":2048,\"height\":1365,\"caption\":\"Holzbalken Beams - gelbe Kiefer - 1,5m-1\"},{\"@type\":\"BreadcrumbList\",\"@id\":\"https:\/\/www.daisho.be\/de\/produit\/holzstab-beams-gelbe-kiefer-15m\/#breadcrumb\",\"itemListElement\":[{\"@type\":\"ListItem\",\"position\":1,\"name\":\"Accueil\",\"item\":\"https:\/\/www.daisho.be\/de\/\"},{\"@type\":\"ListItem\",\"position\":2,\"name\":\"Produkte\",\"item\":\"https:\/\/www.daisho.be\/de\/produkte\/\"},{\"@type\":\"ListItem\",\"position\":3,\"name\":\"Sportlerpflege\",\"item\":\"https:\/\/www.daisho.be\/de\/categorie-produit\/sportlerpflege\/\"},{\"@type\":\"ListItem\",\"position\":4,\"name\":\"Stretching-Material\",\"item\":\"https:\/\/www.daisho.be\/de\/categorie-produit\/sportlerpflege\/stretching-material\/\"},{\"@type\":\"ListItem\",\"position\":5,\"name\":\"Holzstab Beams &#8211; gelbe Kiefer &#8211; 1,5m\"}]},{\"@type\":\"WebSite\",\"@id\":\"https:\/\/www.daisho.be\/de\/#website\",\"url\":\"https:\/\/www.daisho.be\/de\/\",\"name\":\"Daisho\",\"description\":\"Sp&eacute;cialiste de l'&eacute;quipement sportif d'arts martiaux\",\"publisher\":{\"@id\":\"https:\/\/www.daisho.be\/de\/#organization\"},\"potentialAction\":[{\"@type\":\"SearchAction\",\"target\":{\"@type\":\"EntryPoint\",\"urlTemplate\":\"https:\/\/www.daisho.be\/de\/?s={search_term_string}\"},\"query-input\":{\"@type\":\"PropertyValueSpecification\",\"valueRequired\":true,\"valueName\":\"search_term_string\"}}],\"inLanguage\":\"de\"},{\"@type\":\"Organization\",\"@id\":\"https:\/\/www.daisho.be\/de\/#organization\",\"name\":\"Daisho\",\"url\":\"https:\/\/www.daisho.be\/de\/\",\"logo\":{\"@type\":\"ImageObject\",\"inLanguage\":\"de\",\"@id\":\"https:\/\/www.daisho.be\/de\/#\/schema\/logo\/image\/\",\"url\":\"https:\/\/www.daisho.be\/wp-content\/uploads\/2019\/07\/color-nothing-horizontale4x-e1564486100247.png\",\"contentUrl\":\"https:\/\/www.daisho.be\/wp-content\/uploads\/2019\/07\/color-nothing-horizontale4x-e1564486100247.png\",\"width\":1547,\"height\":385,\"caption\":\"Daisho\"},\"image\":{\"@id\":\"https:\/\/www.daisho.be\/de\/#\/schema\/logo\/image\/\"}}]}<\/script>\n<!-- \/ Yoast SEO plugin. -->","yoast_head_json":{"title":"Holzstab Beams - gelbe Kiefer - 1,5m &#8211; Daisho","description":"Widerstandsf\u00e4hige, flexible und langlebige Ballettstangen aus Holz (Kiefer oder Buche) f\u00fcr ein sicheres und bequemes Training. Sie finden sie auf www.daisho.be|Daisho","robots":{"index":"index","follow":"follow","max-snippet":"max-snippet:-1","max-image-preview":"max-image-preview:large","max-video-preview":"max-video-preview:-1"},"canonical":"https:\/\/www.daisho.be\/de\/produit\/holzstab-beams-gelbe-kiefer-15m\/","og_locale":"de_DE","og_type":"article","og_title":"Holzstab Beams - gelbe Kiefer - 1,5m &#8211; Daisho","og_description":"Widerstandsf\u00e4hige, flexible und langlebige Ballettstangen aus Holz (Kiefer oder Buche) f\u00fcr ein sicheres und bequemes Training. Sie finden sie auf www.daisho.be|Daisho","og_url":"https:\/\/www.daisho.be\/de\/produit\/holzstab-beams-gelbe-kiefer-15m\/","og_site_name":"Daisho","article_modified_time":"2026-03-30T11:51:13+00:00","og_image":[{"width":2048,"height":1365,"url":"https:\/\/www.daisho.be\/wp-content\/uploads\/2025\/11\/image-76-scaled.jpg","type":"image\/jpeg"}],"twitter_card":"summary_large_image","twitter_misc":{"Gesch\u00e4tzte Lesezeit":"2\u00a0Minuten"},"schema":{"@context":"https:\/\/schema.org","@graph":[{"@type":"WebPage","@id":"https:\/\/www.daisho.be\/de\/produit\/holzstab-beams-gelbe-kiefer-15m\/","url":"https:\/\/www.daisho.be\/de\/produit\/holzstab-beams-gelbe-kiefer-15m\/","name":"Holzstab Beams - gelbe Kiefer - 1,5m &#8211; Daisho","isPartOf":{"@id":"https:\/\/www.daisho.be\/de\/#website"},"primaryImageOfPage":{"@id":"https:\/\/www.daisho.be\/de\/produit\/holzstab-beams-gelbe-kiefer-15m\/#primaryimage"},"image":{"@id":"https:\/\/www.daisho.be\/de\/produit\/holzstab-beams-gelbe-kiefer-15m\/#primaryimage"},"thumbnailUrl":"https:\/\/www.daisho.be\/wp-content\/uploads\/2025\/11\/image-76-scaled.jpg","datePublished":"2025-11-17T12:45:28+00:00","dateModified":"2026-03-30T11:51:13+00:00","description":"Widerstandsf\u00e4hige, flexible und langlebige Ballettstangen aus Holz (Kiefer oder Buche) f\u00fcr ein sicheres und bequemes Training. Sie finden sie auf www.daisho.be|Daisho","breadcrumb":{"@id":"https:\/\/www.daisho.be\/de\/produit\/holzstab-beams-gelbe-kiefer-15m\/#breadcrumb"},"inLanguage":"de","potentialAction":[{"@type":"ReadAction","target":["https:\/\/www.daisho.be\/de\/produit\/holzstab-beams-gelbe-kiefer-15m\/"]}]},{"@type":"ImageObject","inLanguage":"de","@id":"https:\/\/www.daisho.be\/de\/produit\/holzstab-beams-gelbe-kiefer-15m\/#primaryimage","url":"https:\/\/www.daisho.be\/wp-content\/uploads\/2025\/11\/image-76-scaled.jpg","contentUrl":"https:\/\/www.daisho.be\/wp-content\/uploads\/2025\/11\/image-76-scaled.jpg","width":2048,"height":1365,"caption":"Holzbalken Beams - gelbe Kiefer - 1,5m-1"},{"@type":"BreadcrumbList","@id":"https:\/\/www.daisho.be\/de\/produit\/holzstab-beams-gelbe-kiefer-15m\/#breadcrumb","itemListElement":[{"@type":"ListItem","position":1,"name":"Accueil","item":"https:\/\/www.daisho.be\/de\/"},{"@type":"ListItem","position":2,"name":"Produkte","item":"https:\/\/www.daisho.be\/de\/produkte\/"},{"@type":"ListItem","position":3,"name":"Sportlerpflege","item":"https:\/\/www.daisho.be\/de\/categorie-produit\/sportlerpflege\/"},{"@type":"ListItem","position":4,"name":"Stretching-Material","item":"https:\/\/www.daisho.be\/de\/categorie-produit\/sportlerpflege\/stretching-material\/"},{"@type":"ListItem","position":5,"name":"Holzstab Beams &#8211; gelbe Kiefer &#8211; 1,5m"}]},{"@type":"WebSite","@id":"https:\/\/www.daisho.be\/de\/#website","url":"https:\/\/www.daisho.be\/de\/","name":"Daisho","description":"Sp&eacute;cialiste de l'&eacute;quipement sportif d'arts martiaux","publisher":{"@id":"https:\/\/www.daisho.be\/de\/#organization"},"potentialAction":[{"@type":"SearchAction","target":{"@type":"EntryPoint","urlTemplate":"https:\/\/www.daisho.be\/de\/?s={search_term_string}"},"query-input":{"@type":"PropertyValueSpecification","valueRequired":true,"valueName":"search_term_string"}}],"inLanguage":"de"},{"@type":"Organization","@id":"https:\/\/www.daisho.be\/de\/#organization","name":"Daisho","url":"https:\/\/www.daisho.be\/de\/","logo":{"@type":"ImageObject","inLanguage":"de","@id":"https:\/\/www.daisho.be\/de\/#\/schema\/logo\/image\/","url":"https:\/\/www.daisho.be\/wp-content\/uploads\/2019\/07\/color-nothing-horizontale4x-e1564486100247.png","contentUrl":"https:\/\/www.daisho.be\/wp-content\/uploads\/2019\/07\/color-nothing-horizontale4x-e1564486100247.png","width":1547,"height":385,"caption":"Daisho"},"image":{"@id":"https:\/\/www.daisho.be\/de\/#\/schema\/logo\/image\/"}}]}},"_links":{"self":[{"href":"https:\/\/www.daisho.be\/de\/wp-json\/wp\/v2\/product\/621928","targetHints":{"allow":["GET"]}}],"collection":[{"href":"https:\/\/www.daisho.be\/de\/wp-json\/wp\/v2\/product"}],"about":[{"href":"https:\/\/www.daisho.be\/de\/wp-json\/wp\/v2\/types\/product"}],"replies":[{"embeddable":true,"href":"https:\/\/www.daisho.be\/de\/wp-json\/wp\/v2\/comments?post=621928"}],"wp:featuredmedia":[{"embeddable":true,"href":"https:\/\/www.daisho.be\/de\/wp-json\/wp\/v2\/media\/621903"}],"wp:attachment":[{"href":"https:\/\/www.daisho.be\/de\/wp-json\/wp\/v2\/media?parent=621928"}],"wp:term":[{"taxonomy":"product_brand","embeddable":true,"href":"https:\/\/www.daisho.be\/de\/wp-json\/wp\/v2\/product_brand?post=621928"},{"taxonomy":"product_cat","embeddable":true,"href":"https:\/\/www.daisho.be\/de\/wp-json\/wp\/v2\/product_cat?post=621928"},{"taxonomy":"product_tag","embeddable":true,"href":"https:\/\/www.daisho.be\/de\/wp-json\/wp\/v2\/product_tag?post=621928"},{"taxonomy":"sport","embeddable":true,"href":"https:\/\/www.daisho.be\/de\/wp-json\/wp\/v2\/sport?post=621928"}],"curies":[{"name":"wp","href":"https:\/\/api.w.org\/{rel}","templated":true}]}}