{"id":621819,"date":"2025-11-17T13:22:39","date_gmt":"2025-11-17T12:22:39","guid":{"rendered":"https:\/\/www.daisho.be\/produit\/professionelle-ballettstange-giselle-4m\/"},"modified":"2026-03-30T13:51:46","modified_gmt":"2026-03-30T11:51:46","slug":"professionelle-ballettstange-giselle-4m","status":"publish","type":"product","link":"https:\/\/www.daisho.be\/de\/produit\/professionelle-ballettstange-giselle-4m\/","title":{"rendered":"Professionelle Ballettstange Giselle &#8211; 4m"},"content":{"rendered":"<p>Die Giselle ist eine professionelle Stange mit Halterungen f\u00fcr zwei Holzstangen und einem Mechanismus, mit dem Sie die H\u00f6he zwischen 70 und 120 Zentimetern einstellen k\u00f6nnen. Wir haben sie f\u00fcr den intensiven professionellen Gebrauch durch T\u00e4nzer und Sportler jeden Alters und jeder Gr\u00f6\u00dfe entworfen. Sie k\u00f6nnen einen von zwei Sockeltypen w\u00e4hlen, mit oder ohne Rollen, um die Stange zwischen den Stunden leicht zu transportieren.<br \/>\n20 verschiedene H\u00f6hen f\u00fcr jeden.<br \/>\nMit zwei 19 cm auseinander liegenden Stangen und 10 verstellbaren Positionen bietet die Giselle viele M\u00f6glichkeiten. Die H\u00f6he l\u00e4sst sich sehr einfach verstellen, so dass sie schnell an verschiedene Personen und \u00dcbungen angepasst werden kann.<br \/>\nDas exklusive Design der Doppelst\u00e4nder von Dinamica Ballet verteilt den Druck, den der T\u00e4nzer auf die Stangen aus\u00fcbt. Die hohe Stabilit\u00e4t erm\u00f6glicht es T\u00e4nzerinnen jeden Alters und jeder Gr\u00f6\u00dfe gleichzeitig zu arbeiten. Diese Stange ist mit 2 und 3 Meter langen Holzstangen erh\u00e4ltlich.<br \/>\nSockel mit oder ohne Rollen, zwei Optionen f\u00fcr noch mehr Flexibilit\u00e4t<br \/>\nDas Modell Giselle ist Teil unseres Sortiments an professionellen mobilen Stangen. Wir bieten zwei Arten von Stahlsockeln an: einen Sockel mit zwei Rollen, der 20 kg wiegt, und einen flachen Sockel ohne Rollen, der 10 kg wiegt. Der Sockel mit hochdichten Gummirollen bietet eine hohe Stabilit\u00e4t und erm\u00f6glicht es Ihnen, die Stange m\u00fchelos in einem Winkel von 45 Grad zu bewegen.<br \/>\nDer flache Sockel ist so konzipiert, dass Sie die Stange durch Anheben bewegen k\u00f6nnen, ohne dass sie den Boden ber\u00fchrt. In beiden F\u00e4llen sind die Sockel mit PVC-Gleitern ausgestattet, um den Boden nicht zu besch\u00e4digen. Wenn Sie die Stange h\u00e4ufig bewegen m\u00fcssen, empfehlen wir Ihnen das Modell mit Rollen. Wenn Sie die Stange nur gelegentlich bewegen wollen oder wenn Sie zu zweit sind, sollten Sie sich f\u00fcr den Sockel ohne Rollen entscheiden. Das Gesamtgewicht mit den Rollensockeln und der 2 Meter langen Holzstange betr\u00e4gt 53 kg. Das Gesamtgewicht mit den Sockeln ohne Rollen betr\u00e4gt 34 kg.<br \/>\nHergestellt aus den besten Materialien f\u00fcr garantierte Haltbarkeit.<br \/>\nUnsere Holzstangen aus gelber Kiefer aus nachhaltiger Forstwirtschaft sind stark und leicht biegsam, was ideal f\u00fcr \u00dcbungen auf fortgeschrittenem Niveau ist. Das perfekt polierte und unlackierte Holz bietet ein angenehmes Gef\u00fchl, einen guten Griff und eine nat\u00fcrliche Sch\u00f6nheit. Die Halterungen umschlie\u00dfen die Stangen fest, ohne dass L\u00f6cher in das Holz gebohrt werden m\u00fcssen, was Tausende von Stunden der Nutzung und eine einfache Installation garantiert.<br \/>\nWir haben Studien im Labor f\u00fcr Elastizit\u00e4t und Materialfestigkeit der Polytechnischen Universit\u00e4t Barcelona durchgef\u00fchrt, die belegen, dass die Stange Kr\u00e4ften von fast 400 kg standh\u00e4lt. Die Sockel und Halterungen sind aus hochwertigem Stahl mit einer silbernen Epoxidbeschichtung gefertigt, die eine hohe Sto\u00df- und Kratzfestigkeit bietet.               <\/p>\n","protected":false},"excerpt":{"rendered":"<p>Die Giselle ist eine professionelle Stange mit Halterungen f\u00fcr zwei Holzstangen und einem Mechanismus, mit dem Sie die H\u00f6he zwischen 70 und 120 Zentimetern einstellen k\u00f6nnen. Wir haben sie f\u00fcr den intensiven professionellen Gebrauch durch T\u00e4nzer und Sportler jeden Alters und jeder Gr\u00f6\u00dfe entworfen. Sie k\u00f6nnen einen von zwei Sockeltypen w\u00e4hlen, mit oder ohne Rollen, [&hellip;]<\/p>\n","protected":false},"featured_media":621797,"comment_status":"open","ping_status":"closed","template":"","meta":{"inline_featured_image":false},"product_brand":[],"product_cat":[2544],"product_tag":[2349],"sport":[],"class_list":{"0":"post-621819","1":"product","2":"type-product","3":"status-publish","4":"has-post-thumbnail","6":"product_cat-stretching-material","7":"product_tag-dinamica-ballet-de","8":"pa_size-4-m","10":"first","11":"instock","12":"taxable","13":"shipping-taxable","14":"purchasable","15":"product-type-variable"},"yoast_head":"<!-- This site is optimized with the Yoast SEO plugin v27.2 - https:\/\/yoast.com\/product\/yoast-seo-wordpress\/ -->\n<title>Professionelle Ballettstange Giselle - 4m &#8211; Daisho<\/title>\n<meta name=\"description\" content=\"Giselle Ballettstange, verstellbare Doppelstange, stabil und beweglich, ideal f\u00fcr intensive professionelle Nutzung. Finden Sie sie auf www.daisho.be|Daisho\" \/>\n<meta name=\"robots\" content=\"index, follow, max-snippet:-1, max-image-preview:large, max-video-preview:-1\" \/>\n<link rel=\"canonical\" href=\"https:\/\/www.daisho.be\/de\/produit\/professionelle-ballettstange-giselle-4m\/\" \/>\n<meta property=\"og:locale\" content=\"de_DE\" \/>\n<meta property=\"og:type\" content=\"article\" \/>\n<meta property=\"og:title\" content=\"Professionelle Ballettstange Giselle - 4m &#8211; Daisho\" \/>\n<meta property=\"og:description\" content=\"Giselle Ballettstange, verstellbare Doppelstange, stabil und beweglich, ideal f\u00fcr intensive professionelle Nutzung. Finden Sie sie auf www.daisho.be|Daisho\" \/>\n<meta property=\"og:url\" content=\"https:\/\/www.daisho.be\/de\/produit\/professionelle-ballettstange-giselle-4m\/\" \/>\n<meta property=\"og:site_name\" content=\"Daisho\" \/>\n<meta property=\"article:modified_time\" content=\"2026-03-30T11:51:46+00:00\" \/>\n<meta property=\"og:image\" content=\"https:\/\/www.daisho.be\/wp-content\/uploads\/2025\/11\/image-72-scaled.jpg\" \/>\n\t<meta property=\"og:image:width\" content=\"2048\" \/>\n\t<meta property=\"og:image:height\" content=\"1367\" \/>\n\t<meta property=\"og:image:type\" content=\"image\/jpeg\" \/>\n<meta name=\"twitter:card\" content=\"summary_large_image\" \/>\n<meta name=\"twitter:label1\" content=\"Gesch\u00e4tzte Lesezeit\" \/>\n\t<meta name=\"twitter:data1\" content=\"2\u00a0Minuten\" \/>\n<script type=\"application\/ld+json\" class=\"yoast-schema-graph\">{\"@context\":\"https:\/\/schema.org\",\"@graph\":[{\"@type\":\"WebPage\",\"@id\":\"https:\/\/www.daisho.be\/de\/produit\/professionelle-ballettstange-giselle-4m\/\",\"url\":\"https:\/\/www.daisho.be\/de\/produit\/professionelle-ballettstange-giselle-4m\/\",\"name\":\"Professionelle Ballettstange Giselle - 4m &#8211; Daisho\",\"isPartOf\":{\"@id\":\"https:\/\/www.daisho.be\/de\/#website\"},\"primaryImageOfPage\":{\"@id\":\"https:\/\/www.daisho.be\/de\/produit\/professionelle-ballettstange-giselle-4m\/#primaryimage\"},\"image\":{\"@id\":\"https:\/\/www.daisho.be\/de\/produit\/professionelle-ballettstange-giselle-4m\/#primaryimage\"},\"thumbnailUrl\":\"https:\/\/www.daisho.be\/wp-content\/uploads\/2025\/11\/image-72-scaled.jpg\",\"datePublished\":\"2025-11-17T12:22:39+00:00\",\"dateModified\":\"2026-03-30T11:51:46+00:00\",\"description\":\"Giselle Ballettstange, verstellbare Doppelstange, stabil und beweglich, ideal f\u00fcr intensive professionelle Nutzung. Finden Sie sie auf www.daisho.be|Daisho\",\"breadcrumb\":{\"@id\":\"https:\/\/www.daisho.be\/de\/produit\/professionelle-ballettstange-giselle-4m\/#breadcrumb\"},\"inLanguage\":\"de\",\"potentialAction\":[{\"@type\":\"ReadAction\",\"target\":[\"https:\/\/www.daisho.be\/de\/produit\/professionelle-ballettstange-giselle-4m\/\"]}]},{\"@type\":\"ImageObject\",\"inLanguage\":\"de\",\"@id\":\"https:\/\/www.daisho.be\/de\/produit\/professionelle-ballettstange-giselle-4m\/#primaryimage\",\"url\":\"https:\/\/www.daisho.be\/wp-content\/uploads\/2025\/11\/image-72-scaled.jpg\",\"contentUrl\":\"https:\/\/www.daisho.be\/wp-content\/uploads\/2025\/11\/image-72-scaled.jpg\",\"width\":2048,\"height\":1367,\"caption\":\"Giselle Professional Ballettstange - 4m-1\"},{\"@type\":\"BreadcrumbList\",\"@id\":\"https:\/\/www.daisho.be\/de\/produit\/professionelle-ballettstange-giselle-4m\/#breadcrumb\",\"itemListElement\":[{\"@type\":\"ListItem\",\"position\":1,\"name\":\"Accueil\",\"item\":\"https:\/\/www.daisho.be\/de\/\"},{\"@type\":\"ListItem\",\"position\":2,\"name\":\"Produkte\",\"item\":\"https:\/\/www.daisho.be\/de\/produkte\/\"},{\"@type\":\"ListItem\",\"position\":3,\"name\":\"Sportlerpflege\",\"item\":\"https:\/\/www.daisho.be\/de\/categorie-produit\/sportlerpflege\/\"},{\"@type\":\"ListItem\",\"position\":4,\"name\":\"Stretching-Material\",\"item\":\"https:\/\/www.daisho.be\/de\/categorie-produit\/sportlerpflege\/stretching-material\/\"},{\"@type\":\"ListItem\",\"position\":5,\"name\":\"Professionelle Ballettstange Giselle &#8211; 4m\"}]},{\"@type\":\"WebSite\",\"@id\":\"https:\/\/www.daisho.be\/de\/#website\",\"url\":\"https:\/\/www.daisho.be\/de\/\",\"name\":\"Daisho\",\"description\":\"Sp&eacute;cialiste de l'&eacute;quipement sportif d'arts martiaux\",\"publisher\":{\"@id\":\"https:\/\/www.daisho.be\/de\/#organization\"},\"potentialAction\":[{\"@type\":\"SearchAction\",\"target\":{\"@type\":\"EntryPoint\",\"urlTemplate\":\"https:\/\/www.daisho.be\/de\/?s={search_term_string}\"},\"query-input\":{\"@type\":\"PropertyValueSpecification\",\"valueRequired\":true,\"valueName\":\"search_term_string\"}}],\"inLanguage\":\"de\"},{\"@type\":\"Organization\",\"@id\":\"https:\/\/www.daisho.be\/de\/#organization\",\"name\":\"Daisho\",\"url\":\"https:\/\/www.daisho.be\/de\/\",\"logo\":{\"@type\":\"ImageObject\",\"inLanguage\":\"de\",\"@id\":\"https:\/\/www.daisho.be\/de\/#\/schema\/logo\/image\/\",\"url\":\"https:\/\/www.daisho.be\/wp-content\/uploads\/2019\/07\/color-nothing-horizontale4x-e1564486100247.png\",\"contentUrl\":\"https:\/\/www.daisho.be\/wp-content\/uploads\/2019\/07\/color-nothing-horizontale4x-e1564486100247.png\",\"width\":1547,\"height\":385,\"caption\":\"Daisho\"},\"image\":{\"@id\":\"https:\/\/www.daisho.be\/de\/#\/schema\/logo\/image\/\"}}]}<\/script>\n<!-- \/ Yoast SEO plugin. -->","yoast_head_json":{"title":"Professionelle Ballettstange Giselle - 4m &#8211; Daisho","description":"Giselle Ballettstange, verstellbare Doppelstange, stabil und beweglich, ideal f\u00fcr intensive professionelle Nutzung. Finden Sie sie auf www.daisho.be|Daisho","robots":{"index":"index","follow":"follow","max-snippet":"max-snippet:-1","max-image-preview":"max-image-preview:large","max-video-preview":"max-video-preview:-1"},"canonical":"https:\/\/www.daisho.be\/de\/produit\/professionelle-ballettstange-giselle-4m\/","og_locale":"de_DE","og_type":"article","og_title":"Professionelle Ballettstange Giselle - 4m &#8211; Daisho","og_description":"Giselle Ballettstange, verstellbare Doppelstange, stabil und beweglich, ideal f\u00fcr intensive professionelle Nutzung. Finden Sie sie auf www.daisho.be|Daisho","og_url":"https:\/\/www.daisho.be\/de\/produit\/professionelle-ballettstange-giselle-4m\/","og_site_name":"Daisho","article_modified_time":"2026-03-30T11:51:46+00:00","og_image":[{"width":2048,"height":1367,"url":"https:\/\/www.daisho.be\/wp-content\/uploads\/2025\/11\/image-72-scaled.jpg","type":"image\/jpeg"}],"twitter_card":"summary_large_image","twitter_misc":{"Gesch\u00e4tzte Lesezeit":"2\u00a0Minuten"},"schema":{"@context":"https:\/\/schema.org","@graph":[{"@type":"WebPage","@id":"https:\/\/www.daisho.be\/de\/produit\/professionelle-ballettstange-giselle-4m\/","url":"https:\/\/www.daisho.be\/de\/produit\/professionelle-ballettstange-giselle-4m\/","name":"Professionelle Ballettstange Giselle - 4m &#8211; Daisho","isPartOf":{"@id":"https:\/\/www.daisho.be\/de\/#website"},"primaryImageOfPage":{"@id":"https:\/\/www.daisho.be\/de\/produit\/professionelle-ballettstange-giselle-4m\/#primaryimage"},"image":{"@id":"https:\/\/www.daisho.be\/de\/produit\/professionelle-ballettstange-giselle-4m\/#primaryimage"},"thumbnailUrl":"https:\/\/www.daisho.be\/wp-content\/uploads\/2025\/11\/image-72-scaled.jpg","datePublished":"2025-11-17T12:22:39+00:00","dateModified":"2026-03-30T11:51:46+00:00","description":"Giselle Ballettstange, verstellbare Doppelstange, stabil und beweglich, ideal f\u00fcr intensive professionelle Nutzung. Finden Sie sie auf www.daisho.be|Daisho","breadcrumb":{"@id":"https:\/\/www.daisho.be\/de\/produit\/professionelle-ballettstange-giselle-4m\/#breadcrumb"},"inLanguage":"de","potentialAction":[{"@type":"ReadAction","target":["https:\/\/www.daisho.be\/de\/produit\/professionelle-ballettstange-giselle-4m\/"]}]},{"@type":"ImageObject","inLanguage":"de","@id":"https:\/\/www.daisho.be\/de\/produit\/professionelle-ballettstange-giselle-4m\/#primaryimage","url":"https:\/\/www.daisho.be\/wp-content\/uploads\/2025\/11\/image-72-scaled.jpg","contentUrl":"https:\/\/www.daisho.be\/wp-content\/uploads\/2025\/11\/image-72-scaled.jpg","width":2048,"height":1367,"caption":"Giselle Professional Ballettstange - 4m-1"},{"@type":"BreadcrumbList","@id":"https:\/\/www.daisho.be\/de\/produit\/professionelle-ballettstange-giselle-4m\/#breadcrumb","itemListElement":[{"@type":"ListItem","position":1,"name":"Accueil","item":"https:\/\/www.daisho.be\/de\/"},{"@type":"ListItem","position":2,"name":"Produkte","item":"https:\/\/www.daisho.be\/de\/produkte\/"},{"@type":"ListItem","position":3,"name":"Sportlerpflege","item":"https:\/\/www.daisho.be\/de\/categorie-produit\/sportlerpflege\/"},{"@type":"ListItem","position":4,"name":"Stretching-Material","item":"https:\/\/www.daisho.be\/de\/categorie-produit\/sportlerpflege\/stretching-material\/"},{"@type":"ListItem","position":5,"name":"Professionelle Ballettstange Giselle &#8211; 4m"}]},{"@type":"WebSite","@id":"https:\/\/www.daisho.be\/de\/#website","url":"https:\/\/www.daisho.be\/de\/","name":"Daisho","description":"Sp&eacute;cialiste de l'&eacute;quipement sportif d'arts martiaux","publisher":{"@id":"https:\/\/www.daisho.be\/de\/#organization"},"potentialAction":[{"@type":"SearchAction","target":{"@type":"EntryPoint","urlTemplate":"https:\/\/www.daisho.be\/de\/?s={search_term_string}"},"query-input":{"@type":"PropertyValueSpecification","valueRequired":true,"valueName":"search_term_string"}}],"inLanguage":"de"},{"@type":"Organization","@id":"https:\/\/www.daisho.be\/de\/#organization","name":"Daisho","url":"https:\/\/www.daisho.be\/de\/","logo":{"@type":"ImageObject","inLanguage":"de","@id":"https:\/\/www.daisho.be\/de\/#\/schema\/logo\/image\/","url":"https:\/\/www.daisho.be\/wp-content\/uploads\/2019\/07\/color-nothing-horizontale4x-e1564486100247.png","contentUrl":"https:\/\/www.daisho.be\/wp-content\/uploads\/2019\/07\/color-nothing-horizontale4x-e1564486100247.png","width":1547,"height":385,"caption":"Daisho"},"image":{"@id":"https:\/\/www.daisho.be\/de\/#\/schema\/logo\/image\/"}}]}},"_links":{"self":[{"href":"https:\/\/www.daisho.be\/de\/wp-json\/wp\/v2\/product\/621819","targetHints":{"allow":["GET"]}}],"collection":[{"href":"https:\/\/www.daisho.be\/de\/wp-json\/wp\/v2\/product"}],"about":[{"href":"https:\/\/www.daisho.be\/de\/wp-json\/wp\/v2\/types\/product"}],"replies":[{"embeddable":true,"href":"https:\/\/www.daisho.be\/de\/wp-json\/wp\/v2\/comments?post=621819"}],"wp:featuredmedia":[{"embeddable":true,"href":"https:\/\/www.daisho.be\/de\/wp-json\/wp\/v2\/media\/621797"}],"wp:attachment":[{"href":"https:\/\/www.daisho.be\/de\/wp-json\/wp\/v2\/media?parent=621819"}],"wp:term":[{"taxonomy":"product_brand","embeddable":true,"href":"https:\/\/www.daisho.be\/de\/wp-json\/wp\/v2\/product_brand?post=621819"},{"taxonomy":"product_cat","embeddable":true,"href":"https:\/\/www.daisho.be\/de\/wp-json\/wp\/v2\/product_cat?post=621819"},{"taxonomy":"product_tag","embeddable":true,"href":"https:\/\/www.daisho.be\/de\/wp-json\/wp\/v2\/product_tag?post=621819"},{"taxonomy":"sport","embeddable":true,"href":"https:\/\/www.daisho.be\/de\/wp-json\/wp\/v2\/sport?post=621819"}],"curies":[{"name":"wp","href":"https:\/\/api.w.org\/{rel}","templated":true}]}}