{"id":621567,"date":"2025-11-17T12:50:31","date_gmt":"2025-11-17T11:50:31","guid":{"rendered":"https:\/\/www.daisho.be\/produit\/professionelle-ballettstange-avant-4m-mit-rollen\/"},"modified":"2026-03-30T14:01:01","modified_gmt":"2026-03-30T12:01:01","slug":"professionelle-ballettstange-avant-4m-mit-rollen","status":"publish","type":"product","link":"https:\/\/www.daisho.be\/de\/produit\/professionelle-ballettstange-avant-4m-mit-rollen\/","title":{"rendered":"Professionelle Ballettstange Avant &#8211; 4m &#8211; mit Rollen"},"content":{"rendered":"<p>Die Avant Bar ist ein professionelles Modell mit zwei verschiedenen Sockelvarianten. Mit einer H\u00f6he von 103 cm ist sie die ideale Stange f\u00fcr ein effektives Training in der Tanzschule oder zu Hause.<br \/>\nAu\u00dfergew\u00f6hnliche Stabilit\u00e4t und Festigkeit<br \/>\nDas exklusive Design der St\u00fctzen unserer professionellen Serie verteilt den Druck, den die T\u00e4nzerin auf die Stange aus\u00fcbt, und die Stahlsockel sorgen f\u00fcr eine hohe Stabilit\u00e4t. Wir haben Studien im Labor f\u00fcr Materialelastizit\u00e4t der Polytechnischen Universit\u00e4t von Katalonien durchgef\u00fchrt, die belegen, dass die Stange Kr\u00e4ften von bis zu 400 kg standh\u00e4lt. Der Avant ist sowohl bei Profis, die nach hohen Leistungen suchen, als auch bei Amateuren, die nach Stabilit\u00e4t f\u00fcr die anspruchsvollsten \u00dcbungen zu Hause suchen, beliebt.<br \/>\nSockel mit oder ohne Rollen, um sich Ihren Bed\u00fcrfnissen anzupassen<br \/>\nDer Avant ist Teil unseres Sortiments an professionellen mobilen Barren. Wir bieten zwei Arten von Stahlsockeln an: einen Sockel mit zwei Rollen, der 20 kg wiegt, und einen flachen Sockel ohne Rollen, der 10 kg wiegt. Der Sockel mit hochdichten Gummirollen bietet eine hohe Stabilit\u00e4t und erm\u00f6glicht es Ihnen, den Barren m\u00fchelos in einem Winkel von 45 Grad zu bewegen. Der flache Sockel ist so konzipiert, dass Sie die Stange bewegen k\u00f6nnen, ohne dass sie den Boden ber\u00fchrt.<br \/>\nIn beiden F\u00e4llen sind die Sockel mit PVC-Gleitern ausgestattet, um den Boden zu sch\u00fctzen, auch wenn dieser aus Holz ist. Wenn Sie den Avant Barren mit auf Tournee nehmen oder ihn h\u00e4ufig bewegen m\u00fcssen, empfehlen wir Ihnen das Modell mit Rollen. Wenn Sie das Ger\u00e4t nur gelegentlich bewegen wollen oder wenn Sie zu zweit sind, ist ein flacher Sockel besser geeignet. Das Gesamtgewicht mit den Rollensockeln und der 2 Meter langen Holzstange betr\u00e4gt 48 kg. Das Gesamtgewicht mit Sockeln ohne Rollen betr\u00e4gt 32 kg.<br \/>\nGenie\u00dfen Sie das unnachahmliche Gef\u00fchl von Holz<br \/>\nUnsere Holzstangen aus gelber Kiefer aus nachhaltiger Forstwirtschaft sind stark und leicht biegsam, was ideal f\u00fcr \u00dcbungen auf fortgeschrittenem Niveau ist. Das perfekt polierte und unlackierte Holz bietet ein angenehmes Gef\u00fchl, einen guten Griff und nat\u00fcrliche Sch\u00f6nheit. Das Modell Avant ist mit 1,5 m, 2 m und 3 m langen Holzstangen erh\u00e4ltlich.<br \/>\nSockel mit oder ohne Rollen<br \/>\nHalterung f\u00fcr eine Holzstange<br \/>\nErh\u00e4ltlich mit 1,5 m, 2 m und 3 m langen Stangen.            <\/p>\n","protected":false},"excerpt":{"rendered":"<p>Die Avant Bar ist ein professionelles Modell mit zwei verschiedenen Sockelvarianten. Mit einer H\u00f6he von 103 cm ist sie die ideale Stange f\u00fcr ein effektives Training in der Tanzschule oder zu Hause. Au\u00dfergew\u00f6hnliche Stabilit\u00e4t und Festigkeit Das exklusive Design der St\u00fctzen unserer professionellen Serie verteilt den Druck, den die T\u00e4nzerin auf die Stange aus\u00fcbt, und [&hellip;]<\/p>\n","protected":false},"featured_media":621542,"comment_status":"open","ping_status":"closed","template":"","meta":{"inline_featured_image":false},"product_brand":[],"product_cat":[2544],"product_tag":[2349],"sport":[],"class_list":{"0":"post-621567","1":"product","2":"type-product","3":"status-publish","4":"has-post-thumbnail","6":"product_cat-stretching-material","7":"product_tag-dinamica-ballet-de","8":"pa_size-4-m","10":"first","11":"instock","12":"taxable","13":"shipping-taxable","14":"purchasable","15":"product-type-variable"},"yoast_head":"<!-- This site is optimized with the Yoast SEO plugin v27.2 - https:\/\/yoast.com\/product\/yoast-seo-wordpress\/ -->\n<title>Professionelle Ballettstange Avant - 4m - mit Rollen &#8211; Daisho<\/title>\n<meta name=\"description\" content=\"Ballettstange, die Stabilit\u00e4t, St\u00e4rke und Qualit\u00e4t f\u00fcr ein optimales Training in der Tanzschule oder zu Hause vereint. Finden Sie sie unter www.daisho.be|Daisho\" \/>\n<meta name=\"robots\" content=\"index, follow, max-snippet:-1, max-image-preview:large, max-video-preview:-1\" \/>\n<link rel=\"canonical\" href=\"https:\/\/www.daisho.be\/de\/produit\/professionelle-ballettstange-avant-4m-mit-rollen\/\" \/>\n<meta property=\"og:locale\" content=\"de_DE\" \/>\n<meta property=\"og:type\" content=\"article\" \/>\n<meta property=\"og:title\" content=\"Professionelle Ballettstange Avant - 4m - mit Rollen &#8211; Daisho\" \/>\n<meta property=\"og:description\" content=\"Ballettstange, die Stabilit\u00e4t, St\u00e4rke und Qualit\u00e4t f\u00fcr ein optimales Training in der Tanzschule oder zu Hause vereint. Finden Sie sie unter www.daisho.be|Daisho\" \/>\n<meta property=\"og:url\" content=\"https:\/\/www.daisho.be\/de\/produit\/professionelle-ballettstange-avant-4m-mit-rollen\/\" \/>\n<meta property=\"og:site_name\" content=\"Daisho\" \/>\n<meta property=\"article:modified_time\" content=\"2026-03-30T12:01:01+00:00\" \/>\n<meta property=\"og:image\" content=\"https:\/\/www.daisho.be\/wp-content\/uploads\/2025\/11\/image-63-scaled.jpg\" \/>\n\t<meta property=\"og:image:width\" content=\"2048\" \/>\n\t<meta property=\"og:image:height\" content=\"1367\" \/>\n\t<meta property=\"og:image:type\" content=\"image\/jpeg\" \/>\n<meta name=\"twitter:card\" content=\"summary_large_image\" \/>\n<meta name=\"twitter:label1\" content=\"Gesch\u00e4tzte Lesezeit\" \/>\n\t<meta name=\"twitter:data1\" content=\"2\u00a0Minuten\" \/>\n<script type=\"application\/ld+json\" class=\"yoast-schema-graph\">{\"@context\":\"https:\/\/schema.org\",\"@graph\":[{\"@type\":\"WebPage\",\"@id\":\"https:\/\/www.daisho.be\/de\/produit\/professionelle-ballettstange-avant-4m-mit-rollen\/\",\"url\":\"https:\/\/www.daisho.be\/de\/produit\/professionelle-ballettstange-avant-4m-mit-rollen\/\",\"name\":\"Professionelle Ballettstange Avant - 4m - mit Rollen &#8211; Daisho\",\"isPartOf\":{\"@id\":\"https:\/\/www.daisho.be\/de\/#website\"},\"primaryImageOfPage\":{\"@id\":\"https:\/\/www.daisho.be\/de\/produit\/professionelle-ballettstange-avant-4m-mit-rollen\/#primaryimage\"},\"image\":{\"@id\":\"https:\/\/www.daisho.be\/de\/produit\/professionelle-ballettstange-avant-4m-mit-rollen\/#primaryimage\"},\"thumbnailUrl\":\"https:\/\/www.daisho.be\/wp-content\/uploads\/2025\/11\/image-63-scaled.jpg\",\"datePublished\":\"2025-11-17T11:50:31+00:00\",\"dateModified\":\"2026-03-30T12:01:01+00:00\",\"description\":\"Ballettstange, die Stabilit\u00e4t, St\u00e4rke und Qualit\u00e4t f\u00fcr ein optimales Training in der Tanzschule oder zu Hause vereint. Finden Sie sie unter www.daisho.be|Daisho\",\"breadcrumb\":{\"@id\":\"https:\/\/www.daisho.be\/de\/produit\/professionelle-ballettstange-avant-4m-mit-rollen\/#breadcrumb\"},\"inLanguage\":\"de\",\"potentialAction\":[{\"@type\":\"ReadAction\",\"target\":[\"https:\/\/www.daisho.be\/de\/produit\/professionelle-ballettstange-avant-4m-mit-rollen\/\"]}]},{\"@type\":\"ImageObject\",\"inLanguage\":\"de\",\"@id\":\"https:\/\/www.daisho.be\/de\/produit\/professionelle-ballettstange-avant-4m-mit-rollen\/#primaryimage\",\"url\":\"https:\/\/www.daisho.be\/wp-content\/uploads\/2025\/11\/image-63-scaled.jpg\",\"contentUrl\":\"https:\/\/www.daisho.be\/wp-content\/uploads\/2025\/11\/image-63-scaled.jpg\",\"width\":2048,\"height\":1367,\"caption\":\"Professionelle Ballettstange Avant - 4m - mit Rollen-1\"},{\"@type\":\"BreadcrumbList\",\"@id\":\"https:\/\/www.daisho.be\/de\/produit\/professionelle-ballettstange-avant-4m-mit-rollen\/#breadcrumb\",\"itemListElement\":[{\"@type\":\"ListItem\",\"position\":1,\"name\":\"Accueil\",\"item\":\"https:\/\/www.daisho.be\/de\/\"},{\"@type\":\"ListItem\",\"position\":2,\"name\":\"Produkte\",\"item\":\"https:\/\/www.daisho.be\/de\/produkte\/\"},{\"@type\":\"ListItem\",\"position\":3,\"name\":\"Sportlerpflege\",\"item\":\"https:\/\/www.daisho.be\/de\/categorie-produit\/sportlerpflege\/\"},{\"@type\":\"ListItem\",\"position\":4,\"name\":\"Stretching-Material\",\"item\":\"https:\/\/www.daisho.be\/de\/categorie-produit\/sportlerpflege\/stretching-material\/\"},{\"@type\":\"ListItem\",\"position\":5,\"name\":\"Professionelle Ballettstange Avant &#8211; 4m &#8211; mit Rollen\"}]},{\"@type\":\"WebSite\",\"@id\":\"https:\/\/www.daisho.be\/de\/#website\",\"url\":\"https:\/\/www.daisho.be\/de\/\",\"name\":\"Daisho\",\"description\":\"Sp&eacute;cialiste de l'&eacute;quipement sportif d'arts martiaux\",\"publisher\":{\"@id\":\"https:\/\/www.daisho.be\/de\/#organization\"},\"potentialAction\":[{\"@type\":\"SearchAction\",\"target\":{\"@type\":\"EntryPoint\",\"urlTemplate\":\"https:\/\/www.daisho.be\/de\/?s={search_term_string}\"},\"query-input\":{\"@type\":\"PropertyValueSpecification\",\"valueRequired\":true,\"valueName\":\"search_term_string\"}}],\"inLanguage\":\"de\"},{\"@type\":\"Organization\",\"@id\":\"https:\/\/www.daisho.be\/de\/#organization\",\"name\":\"Daisho\",\"url\":\"https:\/\/www.daisho.be\/de\/\",\"logo\":{\"@type\":\"ImageObject\",\"inLanguage\":\"de\",\"@id\":\"https:\/\/www.daisho.be\/de\/#\/schema\/logo\/image\/\",\"url\":\"https:\/\/www.daisho.be\/wp-content\/uploads\/2019\/07\/color-nothing-horizontale4x-e1564486100247.png\",\"contentUrl\":\"https:\/\/www.daisho.be\/wp-content\/uploads\/2019\/07\/color-nothing-horizontale4x-e1564486100247.png\",\"width\":1547,\"height\":385,\"caption\":\"Daisho\"},\"image\":{\"@id\":\"https:\/\/www.daisho.be\/de\/#\/schema\/logo\/image\/\"}}]}<\/script>\n<!-- \/ Yoast SEO plugin. -->","yoast_head_json":{"title":"Professionelle Ballettstange Avant - 4m - mit Rollen &#8211; Daisho","description":"Ballettstange, die Stabilit\u00e4t, St\u00e4rke und Qualit\u00e4t f\u00fcr ein optimales Training in der Tanzschule oder zu Hause vereint. Finden Sie sie unter www.daisho.be|Daisho","robots":{"index":"index","follow":"follow","max-snippet":"max-snippet:-1","max-image-preview":"max-image-preview:large","max-video-preview":"max-video-preview:-1"},"canonical":"https:\/\/www.daisho.be\/de\/produit\/professionelle-ballettstange-avant-4m-mit-rollen\/","og_locale":"de_DE","og_type":"article","og_title":"Professionelle Ballettstange Avant - 4m - mit Rollen &#8211; Daisho","og_description":"Ballettstange, die Stabilit\u00e4t, St\u00e4rke und Qualit\u00e4t f\u00fcr ein optimales Training in der Tanzschule oder zu Hause vereint. Finden Sie sie unter www.daisho.be|Daisho","og_url":"https:\/\/www.daisho.be\/de\/produit\/professionelle-ballettstange-avant-4m-mit-rollen\/","og_site_name":"Daisho","article_modified_time":"2026-03-30T12:01:01+00:00","og_image":[{"width":2048,"height":1367,"url":"https:\/\/www.daisho.be\/wp-content\/uploads\/2025\/11\/image-63-scaled.jpg","type":"image\/jpeg"}],"twitter_card":"summary_large_image","twitter_misc":{"Gesch\u00e4tzte Lesezeit":"2\u00a0Minuten"},"schema":{"@context":"https:\/\/schema.org","@graph":[{"@type":"WebPage","@id":"https:\/\/www.daisho.be\/de\/produit\/professionelle-ballettstange-avant-4m-mit-rollen\/","url":"https:\/\/www.daisho.be\/de\/produit\/professionelle-ballettstange-avant-4m-mit-rollen\/","name":"Professionelle Ballettstange Avant - 4m - mit Rollen &#8211; Daisho","isPartOf":{"@id":"https:\/\/www.daisho.be\/de\/#website"},"primaryImageOfPage":{"@id":"https:\/\/www.daisho.be\/de\/produit\/professionelle-ballettstange-avant-4m-mit-rollen\/#primaryimage"},"image":{"@id":"https:\/\/www.daisho.be\/de\/produit\/professionelle-ballettstange-avant-4m-mit-rollen\/#primaryimage"},"thumbnailUrl":"https:\/\/www.daisho.be\/wp-content\/uploads\/2025\/11\/image-63-scaled.jpg","datePublished":"2025-11-17T11:50:31+00:00","dateModified":"2026-03-30T12:01:01+00:00","description":"Ballettstange, die Stabilit\u00e4t, St\u00e4rke und Qualit\u00e4t f\u00fcr ein optimales Training in der Tanzschule oder zu Hause vereint. Finden Sie sie unter www.daisho.be|Daisho","breadcrumb":{"@id":"https:\/\/www.daisho.be\/de\/produit\/professionelle-ballettstange-avant-4m-mit-rollen\/#breadcrumb"},"inLanguage":"de","potentialAction":[{"@type":"ReadAction","target":["https:\/\/www.daisho.be\/de\/produit\/professionelle-ballettstange-avant-4m-mit-rollen\/"]}]},{"@type":"ImageObject","inLanguage":"de","@id":"https:\/\/www.daisho.be\/de\/produit\/professionelle-ballettstange-avant-4m-mit-rollen\/#primaryimage","url":"https:\/\/www.daisho.be\/wp-content\/uploads\/2025\/11\/image-63-scaled.jpg","contentUrl":"https:\/\/www.daisho.be\/wp-content\/uploads\/2025\/11\/image-63-scaled.jpg","width":2048,"height":1367,"caption":"Professionelle Ballettstange Avant - 4m - mit Rollen-1"},{"@type":"BreadcrumbList","@id":"https:\/\/www.daisho.be\/de\/produit\/professionelle-ballettstange-avant-4m-mit-rollen\/#breadcrumb","itemListElement":[{"@type":"ListItem","position":1,"name":"Accueil","item":"https:\/\/www.daisho.be\/de\/"},{"@type":"ListItem","position":2,"name":"Produkte","item":"https:\/\/www.daisho.be\/de\/produkte\/"},{"@type":"ListItem","position":3,"name":"Sportlerpflege","item":"https:\/\/www.daisho.be\/de\/categorie-produit\/sportlerpflege\/"},{"@type":"ListItem","position":4,"name":"Stretching-Material","item":"https:\/\/www.daisho.be\/de\/categorie-produit\/sportlerpflege\/stretching-material\/"},{"@type":"ListItem","position":5,"name":"Professionelle Ballettstange Avant &#8211; 4m &#8211; mit Rollen"}]},{"@type":"WebSite","@id":"https:\/\/www.daisho.be\/de\/#website","url":"https:\/\/www.daisho.be\/de\/","name":"Daisho","description":"Sp&eacute;cialiste de l'&eacute;quipement sportif d'arts martiaux","publisher":{"@id":"https:\/\/www.daisho.be\/de\/#organization"},"potentialAction":[{"@type":"SearchAction","target":{"@type":"EntryPoint","urlTemplate":"https:\/\/www.daisho.be\/de\/?s={search_term_string}"},"query-input":{"@type":"PropertyValueSpecification","valueRequired":true,"valueName":"search_term_string"}}],"inLanguage":"de"},{"@type":"Organization","@id":"https:\/\/www.daisho.be\/de\/#organization","name":"Daisho","url":"https:\/\/www.daisho.be\/de\/","logo":{"@type":"ImageObject","inLanguage":"de","@id":"https:\/\/www.daisho.be\/de\/#\/schema\/logo\/image\/","url":"https:\/\/www.daisho.be\/wp-content\/uploads\/2019\/07\/color-nothing-horizontale4x-e1564486100247.png","contentUrl":"https:\/\/www.daisho.be\/wp-content\/uploads\/2019\/07\/color-nothing-horizontale4x-e1564486100247.png","width":1547,"height":385,"caption":"Daisho"},"image":{"@id":"https:\/\/www.daisho.be\/de\/#\/schema\/logo\/image\/"}}]}},"_links":{"self":[{"href":"https:\/\/www.daisho.be\/de\/wp-json\/wp\/v2\/product\/621567","targetHints":{"allow":["GET"]}}],"collection":[{"href":"https:\/\/www.daisho.be\/de\/wp-json\/wp\/v2\/product"}],"about":[{"href":"https:\/\/www.daisho.be\/de\/wp-json\/wp\/v2\/types\/product"}],"replies":[{"embeddable":true,"href":"https:\/\/www.daisho.be\/de\/wp-json\/wp\/v2\/comments?post=621567"}],"wp:featuredmedia":[{"embeddable":true,"href":"https:\/\/www.daisho.be\/de\/wp-json\/wp\/v2\/media\/621542"}],"wp:attachment":[{"href":"https:\/\/www.daisho.be\/de\/wp-json\/wp\/v2\/media?parent=621567"}],"wp:term":[{"taxonomy":"product_brand","embeddable":true,"href":"https:\/\/www.daisho.be\/de\/wp-json\/wp\/v2\/product_brand?post=621567"},{"taxonomy":"product_cat","embeddable":true,"href":"https:\/\/www.daisho.be\/de\/wp-json\/wp\/v2\/product_cat?post=621567"},{"taxonomy":"product_tag","embeddable":true,"href":"https:\/\/www.daisho.be\/de\/wp-json\/wp\/v2\/product_tag?post=621567"},{"taxonomy":"sport","embeddable":true,"href":"https:\/\/www.daisho.be\/de\/wp-json\/wp\/v2\/sport?post=621567"}],"curies":[{"name":"wp","href":"https:\/\/api.w.org\/{rel}","templated":true}]}}