{"id":619068,"date":"2025-11-12T16:47:27","date_gmt":"2025-11-12T15:47:27","guid":{"rendered":"https:\/\/www.daisho.be\/produit\/mobile-ballettstange-royale-4m\/"},"modified":"2026-03-30T14:56:33","modified_gmt":"2026-03-30T12:56:33","slug":"mobile-ballettstange-royale-4m","status":"publish","type":"product","link":"https:\/\/www.daisho.be\/de\/produit\/mobile-ballettstange-royale-4m\/","title":{"rendered":"Mobile Ballettstange Royale &#8211; 4m"},"content":{"rendered":"<p>Wenn Sie eine h\u00f6henverstellbare Barre mit der Stabilit\u00e4t einer festen Barre suchen, ist das Modell Royale genau das Richtige f\u00fcr Sie. Mit einem Gesamtgewicht von 76 kg, Halterungen f\u00fcr zwei Stangen und 10 m\u00f6glichen H\u00f6hen ist die Royale ein Muss f\u00fcr die anspruchsvollsten Tanzschulen.<br \/>\nDie stabilste h\u00f6henverstellbare Stange, die Sie finden werden.<br \/>\nDie Royale ist eine Stange f\u00fcr Tanzprofis, die nach mobilen Modellen mit maximaler Leistung suchen. Die Sockel, die jeweils 30 kg wiegen, sind aus Gusseisen gefertigt und mit 4 Rollen aus hochdichtem Gummi ausgestattet. So kann die Stange leicht von einer Person bewegt werden. Die Sockel sind so konzipiert, dass die Rollen den Boden nicht ber\u00fchren, wenn der Barren aufgestellt wird, was eine un\u00fcbertroffene Festigkeit in einem tragbaren Modell gew\u00e4hrleistet. Volle Stabilit\u00e4t f\u00fcr Sch\u00fcler jeden Alters und Mobilit\u00e4t, um Ihren Raum nach dem Aufw\u00e4rmen frei zu machen, die Royale Bar erf\u00fcllt alle Ihre Bed\u00fcrfnisse.<br \/>\nSchnelle H\u00f6henverstellungen f\u00fcr maximale Flexibilit\u00e4t<br \/>\nDer Dinamica Ballett Doppelst\u00e4nder enth\u00e4lt zwei Holzstangen, die 19 cm voneinander entfernt sind. Dank der H\u00f6henverstellung k\u00f6nnen Sie mit einer minimalen H\u00f6he von 73 cm und einer maximalen H\u00f6he von 123 cm arbeiten, so dass Sie sich keine Sorgen um die Gr\u00f6\u00dfe der T\u00e4nzer in Ihrem Unterricht machen m\u00fcssen. Unabh\u00e4ngig von der Position, die Sie w\u00e4hlen, beh\u00e4lt die Royale Bar ihre au\u00dfergew\u00f6hnliche Stabilit\u00e4t und Leistung bei. Das exklusive Design der doppelten St\u00fctzen von Dinamica Ballet verteilt den Druck, den der T\u00e4nzer auf die Stangen aus\u00fcbt. Diese Stange ist mit 2 und 3 Meter langen Holzstangen erh\u00e4ltlich.<br \/>\nGusseisen, Stahl und Kiefernholz &#8211; Materialien, die jahrzehntelange Nutzung garantieren<br \/>\nDie Stahlstangen sind mit einer silberfarbenen Epoxydbeschichtung versehen, die sie vor St\u00f6\u00dfen und Kratzern sch\u00fctzt. Die Stangen aus gelbem Kiefernholz aus nachhaltiger Forstwirtschaft werden aus einem einzigen St\u00fcck Holz gefertigt und sorgf\u00e4ltig poliert, um Ihre H\u00e4nde zu sch\u00fctzen. Holz ist ein lebendiges Material, das eine hohe Festigkeit, leichte Flexibilit\u00e4t, optimale Unterst\u00fctzung und ein angenehmes Gef\u00fchl von Weichheit und W\u00e4rme bietet. Wir liefern die Pfosten mit dem H\u00f6henverstellsystem und den Sockeln bereits montiert. So k\u00f6nnen Sie schon nach wenigen Minuten mit der Nutzung beginnen.<br \/>\nGusseiserne Sockel f\u00fcr maximale Stabilit\u00e4t<br \/>\nAuf 10 verschiedene H\u00f6hen einstellbar<br \/>\nHalterungen f\u00fcr zwei Holzstangen<br \/>\nErh\u00e4ltlich f\u00fcr 2 und 3 m lange Stangen             <\/p>\n","protected":false},"excerpt":{"rendered":"<p>Wenn Sie eine h\u00f6henverstellbare Barre mit der Stabilit\u00e4t einer festen Barre suchen, ist das Modell Royale genau das Richtige f\u00fcr Sie. Mit einem Gesamtgewicht von 76 kg, Halterungen f\u00fcr zwei Stangen und 10 m\u00f6glichen H\u00f6hen ist die Royale ein Muss f\u00fcr die anspruchsvollsten Tanzschulen. Die stabilste h\u00f6henverstellbare Stange, die Sie finden werden. Die Royale ist [&hellip;]<\/p>\n","protected":false},"featured_media":619032,"comment_status":"open","ping_status":"closed","template":"","meta":{"inline_featured_image":false},"product_brand":[],"product_cat":[2544],"product_tag":[2349],"sport":[],"class_list":{"0":"post-619068","1":"product","2":"type-product","3":"status-publish","4":"has-post-thumbnail","6":"product_cat-stretching-material","7":"product_tag-dinamica-ballet-de","8":"pa_size-4-m","10":"first","11":"instock","12":"taxable","13":"shipping-taxable","14":"purchasable","15":"product-type-variable"},"yoast_head":"<!-- This site is optimized with the Yoast SEO plugin v27.2 - https:\/\/yoast.com\/product\/yoast-seo-wordpress\/ -->\n<title>Mobile Ballettstange Royale - 4m &#8211; Daisho<\/title>\n<meta name=\"description\" content=\"Entscheiden Sie sich f\u00fcr die Royale Barre: mobil und robust mit un\u00fcbertroffener Stabilit\u00e4t f\u00fcr anspruchsvolle Tanzschulen. Sie finden sie auf www.daisho.be|Daisho\" \/>\n<meta name=\"robots\" content=\"index, follow, max-snippet:-1, max-image-preview:large, max-video-preview:-1\" \/>\n<link rel=\"canonical\" href=\"https:\/\/www.daisho.be\/de\/produit\/mobile-ballettstange-royale-4m\/\" \/>\n<meta property=\"og:locale\" content=\"de_DE\" \/>\n<meta property=\"og:type\" content=\"article\" \/>\n<meta property=\"og:title\" content=\"Mobile Ballettstange Royale - 4m &#8211; Daisho\" \/>\n<meta property=\"og:description\" content=\"Entscheiden Sie sich f\u00fcr die Royale Barre: mobil und robust mit un\u00fcbertroffener Stabilit\u00e4t f\u00fcr anspruchsvolle Tanzschulen. Sie finden sie auf www.daisho.be|Daisho\" \/>\n<meta property=\"og:url\" content=\"https:\/\/www.daisho.be\/de\/produit\/mobile-ballettstange-royale-4m\/\" \/>\n<meta property=\"og:site_name\" content=\"Daisho\" \/>\n<meta property=\"article:modified_time\" content=\"2026-03-30T12:56:33+00:00\" \/>\n<meta property=\"og:image\" content=\"https:\/\/www.daisho.be\/wp-content\/uploads\/2025\/11\/image-44-scaled.jpg\" \/>\n\t<meta property=\"og:image:width\" content=\"2048\" \/>\n\t<meta property=\"og:image:height\" content=\"1465\" \/>\n\t<meta property=\"og:image:type\" content=\"image\/jpeg\" \/>\n<meta name=\"twitter:card\" content=\"summary_large_image\" \/>\n<meta name=\"twitter:label1\" content=\"Gesch\u00e4tzte Lesezeit\" \/>\n\t<meta name=\"twitter:data1\" content=\"2\u00a0Minuten\" \/>\n<script type=\"application\/ld+json\" class=\"yoast-schema-graph\">{\"@context\":\"https:\/\/schema.org\",\"@graph\":[{\"@type\":\"WebPage\",\"@id\":\"https:\/\/www.daisho.be\/de\/produit\/mobile-ballettstange-royale-4m\/\",\"url\":\"https:\/\/www.daisho.be\/de\/produit\/mobile-ballettstange-royale-4m\/\",\"name\":\"Mobile Ballettstange Royale - 4m &#8211; Daisho\",\"isPartOf\":{\"@id\":\"https:\/\/www.daisho.be\/de\/#website\"},\"primaryImageOfPage\":{\"@id\":\"https:\/\/www.daisho.be\/de\/produit\/mobile-ballettstange-royale-4m\/#primaryimage\"},\"image\":{\"@id\":\"https:\/\/www.daisho.be\/de\/produit\/mobile-ballettstange-royale-4m\/#primaryimage\"},\"thumbnailUrl\":\"https:\/\/www.daisho.be\/wp-content\/uploads\/2025\/11\/image-44-scaled.jpg\",\"datePublished\":\"2025-11-12T15:47:27+00:00\",\"dateModified\":\"2026-03-30T12:56:33+00:00\",\"description\":\"Entscheiden Sie sich f\u00fcr die Royale Barre: mobil und robust mit un\u00fcbertroffener Stabilit\u00e4t f\u00fcr anspruchsvolle Tanzschulen. Sie finden sie auf www.daisho.be|Daisho\",\"breadcrumb\":{\"@id\":\"https:\/\/www.daisho.be\/de\/produit\/mobile-ballettstange-royale-4m\/#breadcrumb\"},\"inLanguage\":\"de\",\"potentialAction\":[{\"@type\":\"ReadAction\",\"target\":[\"https:\/\/www.daisho.be\/de\/produit\/mobile-ballettstange-royale-4m\/\"]}]},{\"@type\":\"ImageObject\",\"inLanguage\":\"de\",\"@id\":\"https:\/\/www.daisho.be\/de\/produit\/mobile-ballettstange-royale-4m\/#primaryimage\",\"url\":\"https:\/\/www.daisho.be\/wp-content\/uploads\/2025\/11\/image-44-scaled.jpg\",\"contentUrl\":\"https:\/\/www.daisho.be\/wp-content\/uploads\/2025\/11\/image-44-scaled.jpg\",\"width\":2048,\"height\":1465,\"caption\":\"Royale mobile Ballettstange - 4m-1\"},{\"@type\":\"BreadcrumbList\",\"@id\":\"https:\/\/www.daisho.be\/de\/produit\/mobile-ballettstange-royale-4m\/#breadcrumb\",\"itemListElement\":[{\"@type\":\"ListItem\",\"position\":1,\"name\":\"Accueil\",\"item\":\"https:\/\/www.daisho.be\/de\/\"},{\"@type\":\"ListItem\",\"position\":2,\"name\":\"Produkte\",\"item\":\"https:\/\/www.daisho.be\/de\/produkte\/\"},{\"@type\":\"ListItem\",\"position\":3,\"name\":\"Sportlerpflege\",\"item\":\"https:\/\/www.daisho.be\/de\/categorie-produit\/sportlerpflege\/\"},{\"@type\":\"ListItem\",\"position\":4,\"name\":\"Stretching-Material\",\"item\":\"https:\/\/www.daisho.be\/de\/categorie-produit\/sportlerpflege\/stretching-material\/\"},{\"@type\":\"ListItem\",\"position\":5,\"name\":\"Mobile Ballettstange Royale &#8211; 4m\"}]},{\"@type\":\"WebSite\",\"@id\":\"https:\/\/www.daisho.be\/de\/#website\",\"url\":\"https:\/\/www.daisho.be\/de\/\",\"name\":\"Daisho\",\"description\":\"Sp&eacute;cialiste de l'&eacute;quipement sportif d'arts martiaux\",\"publisher\":{\"@id\":\"https:\/\/www.daisho.be\/de\/#organization\"},\"potentialAction\":[{\"@type\":\"SearchAction\",\"target\":{\"@type\":\"EntryPoint\",\"urlTemplate\":\"https:\/\/www.daisho.be\/de\/?s={search_term_string}\"},\"query-input\":{\"@type\":\"PropertyValueSpecification\",\"valueRequired\":true,\"valueName\":\"search_term_string\"}}],\"inLanguage\":\"de\"},{\"@type\":\"Organization\",\"@id\":\"https:\/\/www.daisho.be\/de\/#organization\",\"name\":\"Daisho\",\"url\":\"https:\/\/www.daisho.be\/de\/\",\"logo\":{\"@type\":\"ImageObject\",\"inLanguage\":\"de\",\"@id\":\"https:\/\/www.daisho.be\/de\/#\/schema\/logo\/image\/\",\"url\":\"https:\/\/www.daisho.be\/wp-content\/uploads\/2019\/07\/color-nothing-horizontale4x-e1564486100247.png\",\"contentUrl\":\"https:\/\/www.daisho.be\/wp-content\/uploads\/2019\/07\/color-nothing-horizontale4x-e1564486100247.png\",\"width\":1547,\"height\":385,\"caption\":\"Daisho\"},\"image\":{\"@id\":\"https:\/\/www.daisho.be\/de\/#\/schema\/logo\/image\/\"}}]}<\/script>\n<!-- \/ Yoast SEO plugin. -->","yoast_head_json":{"title":"Mobile Ballettstange Royale - 4m &#8211; Daisho","description":"Entscheiden Sie sich f\u00fcr die Royale Barre: mobil und robust mit un\u00fcbertroffener Stabilit\u00e4t f\u00fcr anspruchsvolle Tanzschulen. Sie finden sie auf www.daisho.be|Daisho","robots":{"index":"index","follow":"follow","max-snippet":"max-snippet:-1","max-image-preview":"max-image-preview:large","max-video-preview":"max-video-preview:-1"},"canonical":"https:\/\/www.daisho.be\/de\/produit\/mobile-ballettstange-royale-4m\/","og_locale":"de_DE","og_type":"article","og_title":"Mobile Ballettstange Royale - 4m &#8211; Daisho","og_description":"Entscheiden Sie sich f\u00fcr die Royale Barre: mobil und robust mit un\u00fcbertroffener Stabilit\u00e4t f\u00fcr anspruchsvolle Tanzschulen. Sie finden sie auf www.daisho.be|Daisho","og_url":"https:\/\/www.daisho.be\/de\/produit\/mobile-ballettstange-royale-4m\/","og_site_name":"Daisho","article_modified_time":"2026-03-30T12:56:33+00:00","og_image":[{"width":2048,"height":1465,"url":"https:\/\/www.daisho.be\/wp-content\/uploads\/2025\/11\/image-44-scaled.jpg","type":"image\/jpeg"}],"twitter_card":"summary_large_image","twitter_misc":{"Gesch\u00e4tzte Lesezeit":"2\u00a0Minuten"},"schema":{"@context":"https:\/\/schema.org","@graph":[{"@type":"WebPage","@id":"https:\/\/www.daisho.be\/de\/produit\/mobile-ballettstange-royale-4m\/","url":"https:\/\/www.daisho.be\/de\/produit\/mobile-ballettstange-royale-4m\/","name":"Mobile Ballettstange Royale - 4m &#8211; Daisho","isPartOf":{"@id":"https:\/\/www.daisho.be\/de\/#website"},"primaryImageOfPage":{"@id":"https:\/\/www.daisho.be\/de\/produit\/mobile-ballettstange-royale-4m\/#primaryimage"},"image":{"@id":"https:\/\/www.daisho.be\/de\/produit\/mobile-ballettstange-royale-4m\/#primaryimage"},"thumbnailUrl":"https:\/\/www.daisho.be\/wp-content\/uploads\/2025\/11\/image-44-scaled.jpg","datePublished":"2025-11-12T15:47:27+00:00","dateModified":"2026-03-30T12:56:33+00:00","description":"Entscheiden Sie sich f\u00fcr die Royale Barre: mobil und robust mit un\u00fcbertroffener Stabilit\u00e4t f\u00fcr anspruchsvolle Tanzschulen. Sie finden sie auf www.daisho.be|Daisho","breadcrumb":{"@id":"https:\/\/www.daisho.be\/de\/produit\/mobile-ballettstange-royale-4m\/#breadcrumb"},"inLanguage":"de","potentialAction":[{"@type":"ReadAction","target":["https:\/\/www.daisho.be\/de\/produit\/mobile-ballettstange-royale-4m\/"]}]},{"@type":"ImageObject","inLanguage":"de","@id":"https:\/\/www.daisho.be\/de\/produit\/mobile-ballettstange-royale-4m\/#primaryimage","url":"https:\/\/www.daisho.be\/wp-content\/uploads\/2025\/11\/image-44-scaled.jpg","contentUrl":"https:\/\/www.daisho.be\/wp-content\/uploads\/2025\/11\/image-44-scaled.jpg","width":2048,"height":1465,"caption":"Royale mobile Ballettstange - 4m-1"},{"@type":"BreadcrumbList","@id":"https:\/\/www.daisho.be\/de\/produit\/mobile-ballettstange-royale-4m\/#breadcrumb","itemListElement":[{"@type":"ListItem","position":1,"name":"Accueil","item":"https:\/\/www.daisho.be\/de\/"},{"@type":"ListItem","position":2,"name":"Produkte","item":"https:\/\/www.daisho.be\/de\/produkte\/"},{"@type":"ListItem","position":3,"name":"Sportlerpflege","item":"https:\/\/www.daisho.be\/de\/categorie-produit\/sportlerpflege\/"},{"@type":"ListItem","position":4,"name":"Stretching-Material","item":"https:\/\/www.daisho.be\/de\/categorie-produit\/sportlerpflege\/stretching-material\/"},{"@type":"ListItem","position":5,"name":"Mobile Ballettstange Royale &#8211; 4m"}]},{"@type":"WebSite","@id":"https:\/\/www.daisho.be\/de\/#website","url":"https:\/\/www.daisho.be\/de\/","name":"Daisho","description":"Sp&eacute;cialiste de l'&eacute;quipement sportif d'arts martiaux","publisher":{"@id":"https:\/\/www.daisho.be\/de\/#organization"},"potentialAction":[{"@type":"SearchAction","target":{"@type":"EntryPoint","urlTemplate":"https:\/\/www.daisho.be\/de\/?s={search_term_string}"},"query-input":{"@type":"PropertyValueSpecification","valueRequired":true,"valueName":"search_term_string"}}],"inLanguage":"de"},{"@type":"Organization","@id":"https:\/\/www.daisho.be\/de\/#organization","name":"Daisho","url":"https:\/\/www.daisho.be\/de\/","logo":{"@type":"ImageObject","inLanguage":"de","@id":"https:\/\/www.daisho.be\/de\/#\/schema\/logo\/image\/","url":"https:\/\/www.daisho.be\/wp-content\/uploads\/2019\/07\/color-nothing-horizontale4x-e1564486100247.png","contentUrl":"https:\/\/www.daisho.be\/wp-content\/uploads\/2019\/07\/color-nothing-horizontale4x-e1564486100247.png","width":1547,"height":385,"caption":"Daisho"},"image":{"@id":"https:\/\/www.daisho.be\/de\/#\/schema\/logo\/image\/"}}]}},"_links":{"self":[{"href":"https:\/\/www.daisho.be\/de\/wp-json\/wp\/v2\/product\/619068","targetHints":{"allow":["GET"]}}],"collection":[{"href":"https:\/\/www.daisho.be\/de\/wp-json\/wp\/v2\/product"}],"about":[{"href":"https:\/\/www.daisho.be\/de\/wp-json\/wp\/v2\/types\/product"}],"replies":[{"embeddable":true,"href":"https:\/\/www.daisho.be\/de\/wp-json\/wp\/v2\/comments?post=619068"}],"wp:featuredmedia":[{"embeddable":true,"href":"https:\/\/www.daisho.be\/de\/wp-json\/wp\/v2\/media\/619032"}],"wp:attachment":[{"href":"https:\/\/www.daisho.be\/de\/wp-json\/wp\/v2\/media?parent=619068"}],"wp:term":[{"taxonomy":"product_brand","embeddable":true,"href":"https:\/\/www.daisho.be\/de\/wp-json\/wp\/v2\/product_brand?post=619068"},{"taxonomy":"product_cat","embeddable":true,"href":"https:\/\/www.daisho.be\/de\/wp-json\/wp\/v2\/product_cat?post=619068"},{"taxonomy":"product_tag","embeddable":true,"href":"https:\/\/www.daisho.be\/de\/wp-json\/wp\/v2\/product_tag?post=619068"},{"taxonomy":"sport","embeddable":true,"href":"https:\/\/www.daisho.be\/de\/wp-json\/wp\/v2\/sport?post=619068"}],"curies":[{"name":"wp","href":"https:\/\/api.w.org\/{rel}","templated":true}]}}