{"id":619054,"date":"2025-11-12T16:35:21","date_gmt":"2025-11-12T15:35:21","guid":{"rendered":"https:\/\/www.daisho.be\/produit\/bewegliche-ballettstange-mauritius-5-m\/"},"modified":"2026-03-30T15:25:26","modified_gmt":"2026-03-30T13:25:26","slug":"bewegliche-ballettstange-mauritius-5-m","status":"publish","type":"product","link":"https:\/\/www.daisho.be\/de\/produit\/bewegliche-ballettstange-mauritius-5-m\/","title":{"rendered":"Bewegliche Ballettstange Mauritius &#8211; 5 m"},"content":{"rendered":"<p>Die Maurice ist eine mobile Premium-Stange, die aus zwei Stangen und gusseisernen Sockeln besteht. Mit einem Gesamtgewicht von 74 kg ist sie f\u00fcr Tanzspezialisten konzipiert, die eine hervorragende mobile Stange suchen.<br \/>\nAbsolute Stabilit\u00e4t f\u00fcr h\u00f6chste Anspr\u00fcche<br \/>\nLa Maurice bietet eine beeindruckende Stabilit\u00e4t, die es mehreren T\u00e4nzerinnen erm\u00f6glicht, gleichzeitig intensive \u00dcbungen auszuf\u00fchren. Die Sockel, die jeweils 30 kg wiegen, sind aus Gusseisen gefertigt und mit 4 Rollen aus hochdichtem Gummi ausgestattet. So kann die Stange leicht von einer Person bewegt werden. Sobald die Stange steht, ist der Sockel so konstruiert, dass die Rollen den Boden nicht ber\u00fchren, was eine un\u00fcbertroffene Festigkeit in einem tragbaren Modell gew\u00e4hrleistet.<br \/>\nZwei H\u00f6hen f\u00fcr T\u00e4nzerinnen unterschiedlicher Gr\u00f6\u00dfe.<br \/>\nMit den beiden Holzstangen, die 83 und 105 cm \u00fcber dem Boden angebracht sind, k\u00f6nnen T\u00e4nzerinnen unterschiedlichen Alters und unterschiedlicher Gr\u00f6\u00dfe bequem an ihren Schl\u00e4gen und Freistilen arbeiten. Die exklusiven Halterungen von Dinamica Ballet halten die Holzstange, ohne sie zu besch\u00e4digen, und verteilen die Spannung, die von der T\u00e4nzerin aus jedem Winkel ausge\u00fcbt wird. Die Kombination aus gusseisernen Sockeln und doppelten St\u00fctzen sorgt f\u00fcr absolute Stabilit\u00e4t, so dass Sie sich voll und ganz auf Ihre Technik konzentrieren k\u00f6nnen. Diese Stange ist mit 2 und 3 Meter langen Holzstangen erh\u00e4ltlich.<br \/>\nGusseisen, Stahl und Kiefernholz sind die Materialien f\u00fcr eine unverw\u00fcstliche Stange.<br \/>\nDie Maurice-Stange, benannt nach dem franz\u00f6sischen Choreographen Maurice B\u00e9jart, war das erste Modell, das wir entworfen haben. Die erste Maurice befindet sich noch immer im Institut del Teatre in Barcelona, wo sie noch immer in den Tanzkursen verwendet wird. Die hochwertigen Stahlpfosten sind mit einer silberfarbenen Epoxydharzbeschichtung versehen, die sie vor St\u00f6\u00dfen und Kratzern sch\u00fctzt. Die Stangen aus gelbem Kiefernholz aus nachhaltiger Forstwirtschaft sind widerstandsf\u00e4hig und leicht biegsam, was ideal f\u00fcr fortgeschrittene \u00dcbungen ist. Das perfekt polierte und unlackierte Holz bietet ein angenehmes, warmes Gef\u00fchl und einen guten Griff. Wir liefern den Mauritius Barren mit bereits montierten Pfosten und Sockeln. Sie k\u00f6nnen also sofort mit der Arbeit beginnen, wenn Sie ihn erhalten.<br \/>\nGusseiserne Sockel f\u00fcr maximale Stabilit\u00e4t.<br \/>\nHalterungen f\u00fcr zwei Holzstangen.<br \/>\nErh\u00e4ltlich mit 2 und 3 m langen Stangen.             <\/p>\n","protected":false},"excerpt":{"rendered":"<p>Die Maurice ist eine mobile Premium-Stange, die aus zwei Stangen und gusseisernen Sockeln besteht. Mit einem Gesamtgewicht von 74 kg ist sie f\u00fcr Tanzspezialisten konzipiert, die eine hervorragende mobile Stange suchen. Absolute Stabilit\u00e4t f\u00fcr h\u00f6chste Anspr\u00fcche La Maurice bietet eine beeindruckende Stabilit\u00e4t, die es mehreren T\u00e4nzerinnen erm\u00f6glicht, gleichzeitig intensive \u00dcbungen auszuf\u00fchren. Die Sockel, die jeweils [&hellip;]<\/p>\n","protected":false},"featured_media":619016,"comment_status":"open","ping_status":"closed","template":"","meta":{"inline_featured_image":false},"product_brand":[],"product_cat":[2544],"product_tag":[2349],"sport":[],"class_list":{"0":"post-619054","1":"product","2":"type-product","3":"status-publish","4":"has-post-thumbnail","6":"product_cat-stretching-material","7":"product_tag-dinamica-ballet-de","8":"pa_size-5-m","10":"first","11":"instock","12":"taxable","13":"shipping-taxable","14":"purchasable","15":"product-type-variable"},"yoast_head":"<!-- This site is optimized with the Yoast SEO plugin v27.2 - https:\/\/yoast.com\/product\/yoast-seo-wordpress\/ -->\n<title>Bewegliche Ballettstange Mauritius - 5 m &#8211; Daisho<\/title>\n<meta name=\"description\" content=\"Die Mauritius-Stange: beweglich, stabil und f\u00fcr anspruchsvolle T\u00e4nzer konzipiert, mit zwei H\u00f6hen f\u00fcr optimalen Komfort. Sie finden sie auf www.daisho.be|Daisho\" \/>\n<meta name=\"robots\" content=\"index, follow, max-snippet:-1, max-image-preview:large, max-video-preview:-1\" \/>\n<link rel=\"canonical\" href=\"https:\/\/www.daisho.be\/de\/produit\/bewegliche-ballettstange-mauritius-5-m\/\" \/>\n<meta property=\"og:locale\" content=\"de_DE\" \/>\n<meta property=\"og:type\" content=\"article\" \/>\n<meta property=\"og:title\" content=\"Bewegliche Ballettstange Mauritius - 5 m &#8211; Daisho\" \/>\n<meta property=\"og:description\" content=\"Die Mauritius-Stange: beweglich, stabil und f\u00fcr anspruchsvolle T\u00e4nzer konzipiert, mit zwei H\u00f6hen f\u00fcr optimalen Komfort. Sie finden sie auf www.daisho.be|Daisho\" \/>\n<meta property=\"og:url\" content=\"https:\/\/www.daisho.be\/de\/produit\/bewegliche-ballettstange-mauritius-5-m\/\" \/>\n<meta property=\"og:site_name\" content=\"Daisho\" \/>\n<meta property=\"article:modified_time\" content=\"2026-03-30T13:25:26+00:00\" \/>\n<meta property=\"og:image\" content=\"https:\/\/www.daisho.be\/wp-content\/uploads\/2025\/11\/image-43-scaled.jpg\" \/>\n\t<meta property=\"og:image:width\" content=\"2048\" \/>\n\t<meta property=\"og:image:height\" content=\"1365\" \/>\n\t<meta property=\"og:image:type\" content=\"image\/jpeg\" \/>\n<meta name=\"twitter:card\" content=\"summary_large_image\" \/>\n<meta name=\"twitter:label1\" content=\"Gesch\u00e4tzte Lesezeit\" \/>\n\t<meta name=\"twitter:data1\" content=\"2\u00a0Minuten\" \/>\n<script type=\"application\/ld+json\" class=\"yoast-schema-graph\">{\"@context\":\"https:\/\/schema.org\",\"@graph\":[{\"@type\":\"WebPage\",\"@id\":\"https:\/\/www.daisho.be\/de\/produit\/bewegliche-ballettstange-mauritius-5-m\/\",\"url\":\"https:\/\/www.daisho.be\/de\/produit\/bewegliche-ballettstange-mauritius-5-m\/\",\"name\":\"Bewegliche Ballettstange Mauritius - 5 m &#8211; Daisho\",\"isPartOf\":{\"@id\":\"https:\/\/www.daisho.be\/de\/#website\"},\"primaryImageOfPage\":{\"@id\":\"https:\/\/www.daisho.be\/de\/produit\/bewegliche-ballettstange-mauritius-5-m\/#primaryimage\"},\"image\":{\"@id\":\"https:\/\/www.daisho.be\/de\/produit\/bewegliche-ballettstange-mauritius-5-m\/#primaryimage\"},\"thumbnailUrl\":\"https:\/\/www.daisho.be\/wp-content\/uploads\/2025\/11\/image-43-scaled.jpg\",\"datePublished\":\"2025-11-12T15:35:21+00:00\",\"dateModified\":\"2026-03-30T13:25:26+00:00\",\"description\":\"Die Mauritius-Stange: beweglich, stabil und f\u00fcr anspruchsvolle T\u00e4nzer konzipiert, mit zwei H\u00f6hen f\u00fcr optimalen Komfort. Sie finden sie auf www.daisho.be|Daisho\",\"breadcrumb\":{\"@id\":\"https:\/\/www.daisho.be\/de\/produit\/bewegliche-ballettstange-mauritius-5-m\/#breadcrumb\"},\"inLanguage\":\"de\",\"potentialAction\":[{\"@type\":\"ReadAction\",\"target\":[\"https:\/\/www.daisho.be\/de\/produit\/bewegliche-ballettstange-mauritius-5-m\/\"]}]},{\"@type\":\"ImageObject\",\"inLanguage\":\"de\",\"@id\":\"https:\/\/www.daisho.be\/de\/produit\/bewegliche-ballettstange-mauritius-5-m\/#primaryimage\",\"url\":\"https:\/\/www.daisho.be\/wp-content\/uploads\/2025\/11\/image-43-scaled.jpg\",\"contentUrl\":\"https:\/\/www.daisho.be\/wp-content\/uploads\/2025\/11\/image-43-scaled.jpg\",\"width\":2048,\"height\":1365,\"caption\":\"Bewegliche Ballettstange Mauritius - 5 m-1\"},{\"@type\":\"BreadcrumbList\",\"@id\":\"https:\/\/www.daisho.be\/de\/produit\/bewegliche-ballettstange-mauritius-5-m\/#breadcrumb\",\"itemListElement\":[{\"@type\":\"ListItem\",\"position\":1,\"name\":\"Accueil\",\"item\":\"https:\/\/www.daisho.be\/de\/\"},{\"@type\":\"ListItem\",\"position\":2,\"name\":\"Produkte\",\"item\":\"https:\/\/www.daisho.be\/de\/produkte\/\"},{\"@type\":\"ListItem\",\"position\":3,\"name\":\"Sportlerpflege\",\"item\":\"https:\/\/www.daisho.be\/de\/categorie-produit\/sportlerpflege\/\"},{\"@type\":\"ListItem\",\"position\":4,\"name\":\"Stretching-Material\",\"item\":\"https:\/\/www.daisho.be\/de\/categorie-produit\/sportlerpflege\/stretching-material\/\"},{\"@type\":\"ListItem\",\"position\":5,\"name\":\"Bewegliche Ballettstange Mauritius &#8211; 5 m\"}]},{\"@type\":\"WebSite\",\"@id\":\"https:\/\/www.daisho.be\/de\/#website\",\"url\":\"https:\/\/www.daisho.be\/de\/\",\"name\":\"Daisho\",\"description\":\"Sp&eacute;cialiste de l'&eacute;quipement sportif d'arts martiaux\",\"publisher\":{\"@id\":\"https:\/\/www.daisho.be\/de\/#organization\"},\"potentialAction\":[{\"@type\":\"SearchAction\",\"target\":{\"@type\":\"EntryPoint\",\"urlTemplate\":\"https:\/\/www.daisho.be\/de\/?s={search_term_string}\"},\"query-input\":{\"@type\":\"PropertyValueSpecification\",\"valueRequired\":true,\"valueName\":\"search_term_string\"}}],\"inLanguage\":\"de\"},{\"@type\":\"Organization\",\"@id\":\"https:\/\/www.daisho.be\/de\/#organization\",\"name\":\"Daisho\",\"url\":\"https:\/\/www.daisho.be\/de\/\",\"logo\":{\"@type\":\"ImageObject\",\"inLanguage\":\"de\",\"@id\":\"https:\/\/www.daisho.be\/de\/#\/schema\/logo\/image\/\",\"url\":\"https:\/\/www.daisho.be\/wp-content\/uploads\/2019\/07\/color-nothing-horizontale4x-e1564486100247.png\",\"contentUrl\":\"https:\/\/www.daisho.be\/wp-content\/uploads\/2019\/07\/color-nothing-horizontale4x-e1564486100247.png\",\"width\":1547,\"height\":385,\"caption\":\"Daisho\"},\"image\":{\"@id\":\"https:\/\/www.daisho.be\/de\/#\/schema\/logo\/image\/\"}}]}<\/script>\n<!-- \/ Yoast SEO plugin. -->","yoast_head_json":{"title":"Bewegliche Ballettstange Mauritius - 5 m &#8211; Daisho","description":"Die Mauritius-Stange: beweglich, stabil und f\u00fcr anspruchsvolle T\u00e4nzer konzipiert, mit zwei H\u00f6hen f\u00fcr optimalen Komfort. Sie finden sie auf www.daisho.be|Daisho","robots":{"index":"index","follow":"follow","max-snippet":"max-snippet:-1","max-image-preview":"max-image-preview:large","max-video-preview":"max-video-preview:-1"},"canonical":"https:\/\/www.daisho.be\/de\/produit\/bewegliche-ballettstange-mauritius-5-m\/","og_locale":"de_DE","og_type":"article","og_title":"Bewegliche Ballettstange Mauritius - 5 m &#8211; Daisho","og_description":"Die Mauritius-Stange: beweglich, stabil und f\u00fcr anspruchsvolle T\u00e4nzer konzipiert, mit zwei H\u00f6hen f\u00fcr optimalen Komfort. Sie finden sie auf www.daisho.be|Daisho","og_url":"https:\/\/www.daisho.be\/de\/produit\/bewegliche-ballettstange-mauritius-5-m\/","og_site_name":"Daisho","article_modified_time":"2026-03-30T13:25:26+00:00","og_image":[{"width":2048,"height":1365,"url":"https:\/\/www.daisho.be\/wp-content\/uploads\/2025\/11\/image-43-scaled.jpg","type":"image\/jpeg"}],"twitter_card":"summary_large_image","twitter_misc":{"Gesch\u00e4tzte Lesezeit":"2\u00a0Minuten"},"schema":{"@context":"https:\/\/schema.org","@graph":[{"@type":"WebPage","@id":"https:\/\/www.daisho.be\/de\/produit\/bewegliche-ballettstange-mauritius-5-m\/","url":"https:\/\/www.daisho.be\/de\/produit\/bewegliche-ballettstange-mauritius-5-m\/","name":"Bewegliche Ballettstange Mauritius - 5 m &#8211; Daisho","isPartOf":{"@id":"https:\/\/www.daisho.be\/de\/#website"},"primaryImageOfPage":{"@id":"https:\/\/www.daisho.be\/de\/produit\/bewegliche-ballettstange-mauritius-5-m\/#primaryimage"},"image":{"@id":"https:\/\/www.daisho.be\/de\/produit\/bewegliche-ballettstange-mauritius-5-m\/#primaryimage"},"thumbnailUrl":"https:\/\/www.daisho.be\/wp-content\/uploads\/2025\/11\/image-43-scaled.jpg","datePublished":"2025-11-12T15:35:21+00:00","dateModified":"2026-03-30T13:25:26+00:00","description":"Die Mauritius-Stange: beweglich, stabil und f\u00fcr anspruchsvolle T\u00e4nzer konzipiert, mit zwei H\u00f6hen f\u00fcr optimalen Komfort. Sie finden sie auf www.daisho.be|Daisho","breadcrumb":{"@id":"https:\/\/www.daisho.be\/de\/produit\/bewegliche-ballettstange-mauritius-5-m\/#breadcrumb"},"inLanguage":"de","potentialAction":[{"@type":"ReadAction","target":["https:\/\/www.daisho.be\/de\/produit\/bewegliche-ballettstange-mauritius-5-m\/"]}]},{"@type":"ImageObject","inLanguage":"de","@id":"https:\/\/www.daisho.be\/de\/produit\/bewegliche-ballettstange-mauritius-5-m\/#primaryimage","url":"https:\/\/www.daisho.be\/wp-content\/uploads\/2025\/11\/image-43-scaled.jpg","contentUrl":"https:\/\/www.daisho.be\/wp-content\/uploads\/2025\/11\/image-43-scaled.jpg","width":2048,"height":1365,"caption":"Bewegliche Ballettstange Mauritius - 5 m-1"},{"@type":"BreadcrumbList","@id":"https:\/\/www.daisho.be\/de\/produit\/bewegliche-ballettstange-mauritius-5-m\/#breadcrumb","itemListElement":[{"@type":"ListItem","position":1,"name":"Accueil","item":"https:\/\/www.daisho.be\/de\/"},{"@type":"ListItem","position":2,"name":"Produkte","item":"https:\/\/www.daisho.be\/de\/produkte\/"},{"@type":"ListItem","position":3,"name":"Sportlerpflege","item":"https:\/\/www.daisho.be\/de\/categorie-produit\/sportlerpflege\/"},{"@type":"ListItem","position":4,"name":"Stretching-Material","item":"https:\/\/www.daisho.be\/de\/categorie-produit\/sportlerpflege\/stretching-material\/"},{"@type":"ListItem","position":5,"name":"Bewegliche Ballettstange Mauritius &#8211; 5 m"}]},{"@type":"WebSite","@id":"https:\/\/www.daisho.be\/de\/#website","url":"https:\/\/www.daisho.be\/de\/","name":"Daisho","description":"Sp&eacute;cialiste de l'&eacute;quipement sportif d'arts martiaux","publisher":{"@id":"https:\/\/www.daisho.be\/de\/#organization"},"potentialAction":[{"@type":"SearchAction","target":{"@type":"EntryPoint","urlTemplate":"https:\/\/www.daisho.be\/de\/?s={search_term_string}"},"query-input":{"@type":"PropertyValueSpecification","valueRequired":true,"valueName":"search_term_string"}}],"inLanguage":"de"},{"@type":"Organization","@id":"https:\/\/www.daisho.be\/de\/#organization","name":"Daisho","url":"https:\/\/www.daisho.be\/de\/","logo":{"@type":"ImageObject","inLanguage":"de","@id":"https:\/\/www.daisho.be\/de\/#\/schema\/logo\/image\/","url":"https:\/\/www.daisho.be\/wp-content\/uploads\/2019\/07\/color-nothing-horizontale4x-e1564486100247.png","contentUrl":"https:\/\/www.daisho.be\/wp-content\/uploads\/2019\/07\/color-nothing-horizontale4x-e1564486100247.png","width":1547,"height":385,"caption":"Daisho"},"image":{"@id":"https:\/\/www.daisho.be\/de\/#\/schema\/logo\/image\/"}}]}},"_links":{"self":[{"href":"https:\/\/www.daisho.be\/de\/wp-json\/wp\/v2\/product\/619054","targetHints":{"allow":["GET"]}}],"collection":[{"href":"https:\/\/www.daisho.be\/de\/wp-json\/wp\/v2\/product"}],"about":[{"href":"https:\/\/www.daisho.be\/de\/wp-json\/wp\/v2\/types\/product"}],"replies":[{"embeddable":true,"href":"https:\/\/www.daisho.be\/de\/wp-json\/wp\/v2\/comments?post=619054"}],"wp:featuredmedia":[{"embeddable":true,"href":"https:\/\/www.daisho.be\/de\/wp-json\/wp\/v2\/media\/619016"}],"wp:attachment":[{"href":"https:\/\/www.daisho.be\/de\/wp-json\/wp\/v2\/media?parent=619054"}],"wp:term":[{"taxonomy":"product_brand","embeddable":true,"href":"https:\/\/www.daisho.be\/de\/wp-json\/wp\/v2\/product_brand?post=619054"},{"taxonomy":"product_cat","embeddable":true,"href":"https:\/\/www.daisho.be\/de\/wp-json\/wp\/v2\/product_cat?post=619054"},{"taxonomy":"product_tag","embeddable":true,"href":"https:\/\/www.daisho.be\/de\/wp-json\/wp\/v2\/product_tag?post=619054"},{"taxonomy":"sport","embeddable":true,"href":"https:\/\/www.daisho.be\/de\/wp-json\/wp\/v2\/sport?post=619054"}],"curies":[{"name":"wp","href":"https:\/\/api.w.org\/{rel}","templated":true}]}}