{"id":618932,"date":"2025-11-12T16:10:21","date_gmt":"2025-11-12T15:10:21","guid":{"rendered":"https:\/\/www.daisho.be\/produit\/prima-ballettstange-fuer-den-hausgebrauch-15m\/"},"modified":"2026-03-30T15:26:08","modified_gmt":"2026-03-30T13:26:08","slug":"prima-ballettstange-fuer-den-hausgebrauch-15m","status":"publish","type":"product","link":"https:\/\/www.daisho.be\/de\/produit\/prima-ballettstange-fuer-den-hausgebrauch-15m\/","title":{"rendered":"Prima Ballettstange f\u00fcr den Hausgebrauch &#8211; 1,5m"},"content":{"rendered":"<p>Die Prima Bar wurde entwickelt, damit jeder zu Hause trainieren kann und ist f\u00fcr Kinder und Erwachsene gleicherma\u00dfen geeignet. Die Prima ist eine leichte Stange, die Sie leicht von einem Raum in den anderen transportieren k\u00f6nnen und die stabil genug ist, damit Sie in aller Ruhe Ihre Fondues \u00fcben k\u00f6nnen.<br \/>\nDie mobile Stange f\u00fcr das Training zu Hause.<br \/>\nDie Prima ist eine ideale Stange f\u00fcr Anf\u00e4nger, die sich weiterentwickeln m\u00f6chten. Die Stahlsockel, die jeweils 6 kg wiegen, sind mit PVC-Gleitern ausgestattet, um den Boden zu sch\u00fctzen, und bieten die n\u00f6tige Stabilit\u00e4t, um Aufw\u00e4rm\u00fcbungen und \u00dcbungen pr\u00e4zise durchzuf\u00fchren.<br \/>\nMit einem Gesamtgewicht von 17 kg ist die Prima unsere leichteste mobile Stange. Sie k\u00f6nnen sie nach dem Training verstauen oder stehen lassen, da sie sich dank ihres eleganten Designs in Ihre Einrichtung einf\u00fcgt.<br \/>\nMinimalistisches Design und professionelle Materialien.<br \/>\nDie Prima wird aus den gleichen Materialien hergestellt, die wir auch f\u00fcr unsere professionellen Barren verwenden. Die Sockel und Pfosten sind aus Stahl mit einer silberfarbenen Epoxidbeschichtung f\u00fcr einen besseren Schutz gegen St\u00f6\u00dfe und Kratzer.<br \/>\nDie Stange aus gelbem Kiefernholz, die direkt auf die St\u00e4nder geschraubt ist, f\u00fchlt sich gut an und liegt gut in der Hand. Die Prima ist die preisg\u00fcnstigste mobile Stange in unserer Kollektion, aber wir garantieren Ihnen, dass ihre Qualit\u00e4t Sie beeindrucken wird und sie Ihnen viele Jahre lang erhalten bleibt.<br \/>\nEs sind drei Gr\u00f6\u00dfen erh\u00e4ltlich: 1 Meter, 1,5 Meter und 2 Meter.<br \/>\nLieferung zu Ihnen nach Hause und Aufbau in weniger als 5 Minuten.<br \/>\nDie Prima ist unsere beliebteste Stange. Wenn Sie die Stange direkt zu sich nach Hause geliefert haben m\u00f6chten, k\u00f6nnen Sie sie einfach in unserem Online-Shop kaufen. Sie wird mit einem Schraubendreher und einem Inbusschl\u00fcssel geliefert, so dass Sie sie in k\u00fcrzester Zeit installieren und benutzen k\u00f6nnen.<br \/>\nFlache Stahlsockel mit einem Gewicht von 6 kg f\u00fcr einen einfachen Transport.<br \/>\nHolzstab auf die St\u00fctzen geschraubt.<br \/>\nSt\u00e4be von 1 m, 1,5 m und 2 m L\u00e4nge.       <\/p>\n","protected":false},"excerpt":{"rendered":"<p>Die Prima Bar wurde entwickelt, damit jeder zu Hause trainieren kann und ist f\u00fcr Kinder und Erwachsene gleicherma\u00dfen geeignet. Die Prima ist eine leichte Stange, die Sie leicht von einem Raum in den anderen transportieren k\u00f6nnen und die stabil genug ist, damit Sie in aller Ruhe Ihre Fondues \u00fcben k\u00f6nnen. Die mobile Stange f\u00fcr das [&hellip;]<\/p>\n","protected":false},"featured_media":618849,"comment_status":"open","ping_status":"closed","template":"","meta":{"inline_featured_image":false},"product_brand":[],"product_cat":[2544],"product_tag":[2349],"sport":[],"class_list":{"0":"post-618932","1":"product","2":"type-product","3":"status-publish","4":"has-post-thumbnail","6":"product_cat-stretching-material","7":"product_tag-dinamica-ballet-de","8":"pa_size-15-m","10":"first","11":"instock","12":"taxable","13":"shipping-taxable","14":"purchasable","15":"product-type-variable"},"yoast_head":"<!-- This site is optimized with the Yoast SEO plugin v27.2 - https:\/\/yoast.com\/product\/yoast-seo-wordpress\/ -->\n<title>Prima Ballettstange f\u00fcr den Hausgebrauch - 1,5m &#8211; Daisho<\/title>\n<meta name=\"description\" content=\"Die Prima Stange: leicht, beweglich und ideal f\u00fcr alle Niveaus, perfekt f\u00fcr das Training zu Hause. Sie finden sie auf www.daisho.be|Daisho.\" \/>\n<meta name=\"robots\" content=\"index, follow, max-snippet:-1, max-image-preview:large, max-video-preview:-1\" \/>\n<link rel=\"canonical\" href=\"https:\/\/www.daisho.be\/de\/produit\/prima-ballettstange-fuer-den-hausgebrauch-15m\/\" \/>\n<meta property=\"og:locale\" content=\"de_DE\" \/>\n<meta property=\"og:type\" content=\"article\" \/>\n<meta property=\"og:title\" content=\"Prima Ballettstange f\u00fcr den Hausgebrauch - 1,5m &#8211; Daisho\" \/>\n<meta property=\"og:description\" content=\"Die Prima Stange: leicht, beweglich und ideal f\u00fcr alle Niveaus, perfekt f\u00fcr das Training zu Hause. Sie finden sie auf www.daisho.be|Daisho.\" \/>\n<meta property=\"og:url\" content=\"https:\/\/www.daisho.be\/de\/produit\/prima-ballettstange-fuer-den-hausgebrauch-15m\/\" \/>\n<meta property=\"og:site_name\" content=\"Daisho\" \/>\n<meta property=\"article:modified_time\" content=\"2026-03-30T13:26:08+00:00\" \/>\n<meta property=\"og:image\" content=\"https:\/\/www.daisho.be\/wp-content\/uploads\/2025\/11\/image-37-scaled.jpg\" \/>\n\t<meta property=\"og:image:width\" content=\"2048\" \/>\n\t<meta property=\"og:image:height\" content=\"1365\" \/>\n\t<meta property=\"og:image:type\" content=\"image\/jpeg\" \/>\n<meta name=\"twitter:card\" content=\"summary_large_image\" \/>\n<meta name=\"twitter:label1\" content=\"Gesch\u00e4tzte Lesezeit\" \/>\n\t<meta name=\"twitter:data1\" content=\"2\u00a0Minuten\" \/>\n<script type=\"application\/ld+json\" class=\"yoast-schema-graph\">{\"@context\":\"https:\/\/schema.org\",\"@graph\":[{\"@type\":\"WebPage\",\"@id\":\"https:\/\/www.daisho.be\/de\/produit\/prima-ballettstange-fuer-den-hausgebrauch-15m\/\",\"url\":\"https:\/\/www.daisho.be\/de\/produit\/prima-ballettstange-fuer-den-hausgebrauch-15m\/\",\"name\":\"Prima Ballettstange f\u00fcr den Hausgebrauch - 1,5m &#8211; Daisho\",\"isPartOf\":{\"@id\":\"https:\/\/www.daisho.be\/de\/#website\"},\"primaryImageOfPage\":{\"@id\":\"https:\/\/www.daisho.be\/de\/produit\/prima-ballettstange-fuer-den-hausgebrauch-15m\/#primaryimage\"},\"image\":{\"@id\":\"https:\/\/www.daisho.be\/de\/produit\/prima-ballettstange-fuer-den-hausgebrauch-15m\/#primaryimage\"},\"thumbnailUrl\":\"https:\/\/www.daisho.be\/wp-content\/uploads\/2025\/11\/image-37-scaled.jpg\",\"datePublished\":\"2025-11-12T15:10:21+00:00\",\"dateModified\":\"2026-03-30T13:26:08+00:00\",\"description\":\"Die Prima Stange: leicht, beweglich und ideal f\u00fcr alle Niveaus, perfekt f\u00fcr das Training zu Hause. Sie finden sie auf www.daisho.be|Daisho.\",\"breadcrumb\":{\"@id\":\"https:\/\/www.daisho.be\/de\/produit\/prima-ballettstange-fuer-den-hausgebrauch-15m\/#breadcrumb\"},\"inLanguage\":\"de\",\"potentialAction\":[{\"@type\":\"ReadAction\",\"target\":[\"https:\/\/www.daisho.be\/de\/produit\/prima-ballettstange-fuer-den-hausgebrauch-15m\/\"]}]},{\"@type\":\"ImageObject\",\"inLanguage\":\"de\",\"@id\":\"https:\/\/www.daisho.be\/de\/produit\/prima-ballettstange-fuer-den-hausgebrauch-15m\/#primaryimage\",\"url\":\"https:\/\/www.daisho.be\/wp-content\/uploads\/2025\/11\/image-37-scaled.jpg\",\"contentUrl\":\"https:\/\/www.daisho.be\/wp-content\/uploads\/2025\/11\/image-37-scaled.jpg\",\"width\":2048,\"height\":1365,\"caption\":\"Prima Ballettstange f\u00fcr den Hausgebrauch - 1,5m-1\"},{\"@type\":\"BreadcrumbList\",\"@id\":\"https:\/\/www.daisho.be\/de\/produit\/prima-ballettstange-fuer-den-hausgebrauch-15m\/#breadcrumb\",\"itemListElement\":[{\"@type\":\"ListItem\",\"position\":1,\"name\":\"Accueil\",\"item\":\"https:\/\/www.daisho.be\/de\/\"},{\"@type\":\"ListItem\",\"position\":2,\"name\":\"Produkte\",\"item\":\"https:\/\/www.daisho.be\/de\/produkte\/\"},{\"@type\":\"ListItem\",\"position\":3,\"name\":\"Sportlerpflege\",\"item\":\"https:\/\/www.daisho.be\/de\/categorie-produit\/sportlerpflege\/\"},{\"@type\":\"ListItem\",\"position\":4,\"name\":\"Stretching-Material\",\"item\":\"https:\/\/www.daisho.be\/de\/categorie-produit\/sportlerpflege\/stretching-material\/\"},{\"@type\":\"ListItem\",\"position\":5,\"name\":\"Prima Ballettstange f\u00fcr den Hausgebrauch &#8211; 1,5m\"}]},{\"@type\":\"WebSite\",\"@id\":\"https:\/\/www.daisho.be\/de\/#website\",\"url\":\"https:\/\/www.daisho.be\/de\/\",\"name\":\"Daisho\",\"description\":\"Sp&eacute;cialiste de l'&eacute;quipement sportif d'arts martiaux\",\"publisher\":{\"@id\":\"https:\/\/www.daisho.be\/de\/#organization\"},\"potentialAction\":[{\"@type\":\"SearchAction\",\"target\":{\"@type\":\"EntryPoint\",\"urlTemplate\":\"https:\/\/www.daisho.be\/de\/?s={search_term_string}\"},\"query-input\":{\"@type\":\"PropertyValueSpecification\",\"valueRequired\":true,\"valueName\":\"search_term_string\"}}],\"inLanguage\":\"de\"},{\"@type\":\"Organization\",\"@id\":\"https:\/\/www.daisho.be\/de\/#organization\",\"name\":\"Daisho\",\"url\":\"https:\/\/www.daisho.be\/de\/\",\"logo\":{\"@type\":\"ImageObject\",\"inLanguage\":\"de\",\"@id\":\"https:\/\/www.daisho.be\/de\/#\/schema\/logo\/image\/\",\"url\":\"https:\/\/www.daisho.be\/wp-content\/uploads\/2019\/07\/color-nothing-horizontale4x-e1564486100247.png\",\"contentUrl\":\"https:\/\/www.daisho.be\/wp-content\/uploads\/2019\/07\/color-nothing-horizontale4x-e1564486100247.png\",\"width\":1547,\"height\":385,\"caption\":\"Daisho\"},\"image\":{\"@id\":\"https:\/\/www.daisho.be\/de\/#\/schema\/logo\/image\/\"}}]}<\/script>\n<!-- \/ Yoast SEO plugin. -->","yoast_head_json":{"title":"Prima Ballettstange f\u00fcr den Hausgebrauch - 1,5m &#8211; Daisho","description":"Die Prima Stange: leicht, beweglich und ideal f\u00fcr alle Niveaus, perfekt f\u00fcr das Training zu Hause. Sie finden sie auf www.daisho.be|Daisho.","robots":{"index":"index","follow":"follow","max-snippet":"max-snippet:-1","max-image-preview":"max-image-preview:large","max-video-preview":"max-video-preview:-1"},"canonical":"https:\/\/www.daisho.be\/de\/produit\/prima-ballettstange-fuer-den-hausgebrauch-15m\/","og_locale":"de_DE","og_type":"article","og_title":"Prima Ballettstange f\u00fcr den Hausgebrauch - 1,5m &#8211; Daisho","og_description":"Die Prima Stange: leicht, beweglich und ideal f\u00fcr alle Niveaus, perfekt f\u00fcr das Training zu Hause. Sie finden sie auf www.daisho.be|Daisho.","og_url":"https:\/\/www.daisho.be\/de\/produit\/prima-ballettstange-fuer-den-hausgebrauch-15m\/","og_site_name":"Daisho","article_modified_time":"2026-03-30T13:26:08+00:00","og_image":[{"width":2048,"height":1365,"url":"https:\/\/www.daisho.be\/wp-content\/uploads\/2025\/11\/image-37-scaled.jpg","type":"image\/jpeg"}],"twitter_card":"summary_large_image","twitter_misc":{"Gesch\u00e4tzte Lesezeit":"2\u00a0Minuten"},"schema":{"@context":"https:\/\/schema.org","@graph":[{"@type":"WebPage","@id":"https:\/\/www.daisho.be\/de\/produit\/prima-ballettstange-fuer-den-hausgebrauch-15m\/","url":"https:\/\/www.daisho.be\/de\/produit\/prima-ballettstange-fuer-den-hausgebrauch-15m\/","name":"Prima Ballettstange f\u00fcr den Hausgebrauch - 1,5m &#8211; Daisho","isPartOf":{"@id":"https:\/\/www.daisho.be\/de\/#website"},"primaryImageOfPage":{"@id":"https:\/\/www.daisho.be\/de\/produit\/prima-ballettstange-fuer-den-hausgebrauch-15m\/#primaryimage"},"image":{"@id":"https:\/\/www.daisho.be\/de\/produit\/prima-ballettstange-fuer-den-hausgebrauch-15m\/#primaryimage"},"thumbnailUrl":"https:\/\/www.daisho.be\/wp-content\/uploads\/2025\/11\/image-37-scaled.jpg","datePublished":"2025-11-12T15:10:21+00:00","dateModified":"2026-03-30T13:26:08+00:00","description":"Die Prima Stange: leicht, beweglich und ideal f\u00fcr alle Niveaus, perfekt f\u00fcr das Training zu Hause. Sie finden sie auf www.daisho.be|Daisho.","breadcrumb":{"@id":"https:\/\/www.daisho.be\/de\/produit\/prima-ballettstange-fuer-den-hausgebrauch-15m\/#breadcrumb"},"inLanguage":"de","potentialAction":[{"@type":"ReadAction","target":["https:\/\/www.daisho.be\/de\/produit\/prima-ballettstange-fuer-den-hausgebrauch-15m\/"]}]},{"@type":"ImageObject","inLanguage":"de","@id":"https:\/\/www.daisho.be\/de\/produit\/prima-ballettstange-fuer-den-hausgebrauch-15m\/#primaryimage","url":"https:\/\/www.daisho.be\/wp-content\/uploads\/2025\/11\/image-37-scaled.jpg","contentUrl":"https:\/\/www.daisho.be\/wp-content\/uploads\/2025\/11\/image-37-scaled.jpg","width":2048,"height":1365,"caption":"Prima Ballettstange f\u00fcr den Hausgebrauch - 1,5m-1"},{"@type":"BreadcrumbList","@id":"https:\/\/www.daisho.be\/de\/produit\/prima-ballettstange-fuer-den-hausgebrauch-15m\/#breadcrumb","itemListElement":[{"@type":"ListItem","position":1,"name":"Accueil","item":"https:\/\/www.daisho.be\/de\/"},{"@type":"ListItem","position":2,"name":"Produkte","item":"https:\/\/www.daisho.be\/de\/produkte\/"},{"@type":"ListItem","position":3,"name":"Sportlerpflege","item":"https:\/\/www.daisho.be\/de\/categorie-produit\/sportlerpflege\/"},{"@type":"ListItem","position":4,"name":"Stretching-Material","item":"https:\/\/www.daisho.be\/de\/categorie-produit\/sportlerpflege\/stretching-material\/"},{"@type":"ListItem","position":5,"name":"Prima Ballettstange f\u00fcr den Hausgebrauch &#8211; 1,5m"}]},{"@type":"WebSite","@id":"https:\/\/www.daisho.be\/de\/#website","url":"https:\/\/www.daisho.be\/de\/","name":"Daisho","description":"Sp&eacute;cialiste de l'&eacute;quipement sportif d'arts martiaux","publisher":{"@id":"https:\/\/www.daisho.be\/de\/#organization"},"potentialAction":[{"@type":"SearchAction","target":{"@type":"EntryPoint","urlTemplate":"https:\/\/www.daisho.be\/de\/?s={search_term_string}"},"query-input":{"@type":"PropertyValueSpecification","valueRequired":true,"valueName":"search_term_string"}}],"inLanguage":"de"},{"@type":"Organization","@id":"https:\/\/www.daisho.be\/de\/#organization","name":"Daisho","url":"https:\/\/www.daisho.be\/de\/","logo":{"@type":"ImageObject","inLanguage":"de","@id":"https:\/\/www.daisho.be\/de\/#\/schema\/logo\/image\/","url":"https:\/\/www.daisho.be\/wp-content\/uploads\/2019\/07\/color-nothing-horizontale4x-e1564486100247.png","contentUrl":"https:\/\/www.daisho.be\/wp-content\/uploads\/2019\/07\/color-nothing-horizontale4x-e1564486100247.png","width":1547,"height":385,"caption":"Daisho"},"image":{"@id":"https:\/\/www.daisho.be\/de\/#\/schema\/logo\/image\/"}}]}},"_links":{"self":[{"href":"https:\/\/www.daisho.be\/de\/wp-json\/wp\/v2\/product\/618932","targetHints":{"allow":["GET"]}}],"collection":[{"href":"https:\/\/www.daisho.be\/de\/wp-json\/wp\/v2\/product"}],"about":[{"href":"https:\/\/www.daisho.be\/de\/wp-json\/wp\/v2\/types\/product"}],"replies":[{"embeddable":true,"href":"https:\/\/www.daisho.be\/de\/wp-json\/wp\/v2\/comments?post=618932"}],"wp:featuredmedia":[{"embeddable":true,"href":"https:\/\/www.daisho.be\/de\/wp-json\/wp\/v2\/media\/618849"}],"wp:attachment":[{"href":"https:\/\/www.daisho.be\/de\/wp-json\/wp\/v2\/media?parent=618932"}],"wp:term":[{"taxonomy":"product_brand","embeddable":true,"href":"https:\/\/www.daisho.be\/de\/wp-json\/wp\/v2\/product_brand?post=618932"},{"taxonomy":"product_cat","embeddable":true,"href":"https:\/\/www.daisho.be\/de\/wp-json\/wp\/v2\/product_cat?post=618932"},{"taxonomy":"product_tag","embeddable":true,"href":"https:\/\/www.daisho.be\/de\/wp-json\/wp\/v2\/product_tag?post=618932"},{"taxonomy":"sport","embeddable":true,"href":"https:\/\/www.daisho.be\/de\/wp-json\/wp\/v2\/sport?post=618932"}],"curies":[{"name":"wp","href":"https:\/\/api.w.org\/{rel}","templated":true}]}}