{"id":618897,"date":"2025-11-12T16:00:45","date_gmt":"2025-11-12T15:00:45","guid":{"rendered":"https:\/\/www.daisho.be\/produit\/juliette-hoehenverstellbare-ballettstange-fuer-den-hausgebrauch-1m\/"},"modified":"2026-03-30T15:26:15","modified_gmt":"2026-03-30T13:26:15","slug":"juliette-hoehenverstellbare-ballettstange-fuer-den-hausgebrauch-1m","status":"publish","type":"product","link":"https:\/\/www.daisho.be\/de\/produit\/juliette-hoehenverstellbare-ballettstange-fuer-den-hausgebrauch-1m\/","title":{"rendered":"Juliette h\u00f6henverstellbare Ballettstange f\u00fcr den Hausgebrauch &#8211; 1m"},"content":{"rendered":"<p>Die Juliette ist eine h\u00f6henverstellbare Ballettstange, mit der Sie zu Hause trainieren k\u00f6nnen. Es handelt sich um eine leichte Stange, die leicht zu transportieren ist und dennoch eine hohe Stabilit\u00e4t bietet, so dass Sie sich in aller Ruhe aufw\u00e4rmen k\u00f6nnen. Das Modell Juliette ist auf 12 verschiedene H\u00f6hen einstellbar und kann daher leicht an Kinder und Erwachsene jeder Gr\u00f6\u00dfe angepasst werden.<br \/>\nDie Stange f\u00fcr die ganze Familie.<br \/>\nDie Ballettstange Juliette l\u00e4sst sich schnell und einfach auf 12 verschiedene Positionen einstellen, mit einem Unterschied von 33 cm zwischen der maximalen und der minimalen H\u00f6he. Sie wurde f\u00fcr Anf\u00e4nger im klassischen Tanz entworfen und passt sich perfekt an kleine und gro\u00dfe Kinder an. Seine Stahlsockel mit einem Gewicht von jeweils 6 kg bieten ausreichend Stabilit\u00e4t f\u00fcr einfache \u00dcbungen und sind mit PVC-Gleitern ausgestattet, die die Haftung verbessern und Abdr\u00fccke auf dem Boden vermeiden.<br \/>\nDas nat\u00fcrliche, zarte und angenehme Gef\u00fchl von gelbem Kiefernholz.<br \/>\nBei Dinamica Ballet verwenden wir nur die f\u00fcr den klassischen Tanz am besten geeigneten H\u00f6lzer. Die Juliette kann mit 1m, 1,5m und 2m langen Stangen aus Gelbkiefer verwendet werden, die aus zertifizierten W\u00e4ldern f\u00fcr nachhaltige Bewirtschaftung stammt. Holz ist ein lebendiges Material, das eine hohe Druckfestigkeit, eine leichte Flexibilit\u00e4t und einen perfekten Griff bietet.<br \/>\nDie Juliette l\u00e4sst sich in Rekordzeit aufbauen.<br \/>\nBei der Entwicklung unserer Produkte \u00fcberlegen wir, wie wir mit m\u00f6glichst wenigen Teilen auskommen k\u00f6nnen, wobei wir zwei Ziele im Auge haben: die Haltbarkeit unserer Produkte zu maximieren und eine einfache und schnelle Installation zu gew\u00e4hrleisten. Wenn Sie unserer Anleitung folgen, k\u00f6nnen Sie den Juliette-Riegel in wenigen Minuten mit nur einem Schraubendreher und einem Inbusschl\u00fcssel, die wir mitliefern, montieren. Sie k\u00f6nnen die Juliette in unserem Online-Shop kaufen und wir liefern sie zu Ihnen nach Hause.<br \/>\n6 kg Sockel f\u00fcr einfachen Transport.<br \/>\nAuf 12 verschiedene H\u00f6hen einstellbar.<br \/>\nHolzsockel, die auf die Sockel geschraubt werden.<br \/>\nStangen von 1 m, 1,5 m und 2 m L\u00e4nge.        <\/p>\n","protected":false},"excerpt":{"rendered":"<p>Die Juliette ist eine h\u00f6henverstellbare Ballettstange, mit der Sie zu Hause trainieren k\u00f6nnen. Es handelt sich um eine leichte Stange, die leicht zu transportieren ist und dennoch eine hohe Stabilit\u00e4t bietet, so dass Sie sich in aller Ruhe aufw\u00e4rmen k\u00f6nnen. Das Modell Juliette ist auf 12 verschiedene H\u00f6hen einstellbar und kann daher leicht an Kinder [&hellip;]<\/p>\n","protected":false},"featured_media":618824,"comment_status":"open","ping_status":"closed","template":"","meta":{"inline_featured_image":false},"product_brand":[],"product_cat":[2544],"product_tag":[2349],"sport":[],"class_list":{"0":"post-618897","1":"product","2":"type-product","3":"status-publish","4":"has-post-thumbnail","6":"product_cat-stretching-material","7":"product_tag-dinamica-ballet-de","8":"pa_size-1-m","10":"first","11":"instock","12":"taxable","13":"shipping-taxable","14":"purchasable","15":"product-type-variable"},"yoast_head":"<!-- This site is optimized with the Yoast SEO plugin v27.2 - https:\/\/yoast.com\/product\/yoast-seo-wordpress\/ -->\n<title>Juliette h\u00f6henverstellbare Ballettstange f\u00fcr den Hausgebrauch - 1m &#8211; Daisho<\/title>\n<meta name=\"description\" content=\"Die Juliette-Stange: leicht, beweglich und sehr stabil, perfekt f\u00fcr das Training zu Hause. Sie finden sie auf www.daisho.be|Daisho.\" \/>\n<meta name=\"robots\" content=\"index, follow, max-snippet:-1, max-image-preview:large, max-video-preview:-1\" \/>\n<link rel=\"canonical\" href=\"https:\/\/www.daisho.be\/de\/produit\/juliette-hoehenverstellbare-ballettstange-fuer-den-hausgebrauch-1m\/\" \/>\n<meta property=\"og:locale\" content=\"de_DE\" \/>\n<meta property=\"og:type\" content=\"article\" \/>\n<meta property=\"og:title\" content=\"Juliette h\u00f6henverstellbare Ballettstange f\u00fcr den Hausgebrauch - 1m &#8211; Daisho\" \/>\n<meta property=\"og:description\" content=\"Die Juliette-Stange: leicht, beweglich und sehr stabil, perfekt f\u00fcr das Training zu Hause. Sie finden sie auf www.daisho.be|Daisho.\" \/>\n<meta property=\"og:url\" content=\"https:\/\/www.daisho.be\/de\/produit\/juliette-hoehenverstellbare-ballettstange-fuer-den-hausgebrauch-1m\/\" \/>\n<meta property=\"og:site_name\" content=\"Daisho\" \/>\n<meta property=\"article:modified_time\" content=\"2026-03-30T13:26:15+00:00\" \/>\n<meta property=\"og:image\" content=\"https:\/\/www.daisho.be\/wp-content\/uploads\/2025\/11\/image-35-scaled.jpg\" \/>\n\t<meta property=\"og:image:width\" content=\"2048\" \/>\n\t<meta property=\"og:image:height\" content=\"1365\" \/>\n\t<meta property=\"og:image:type\" content=\"image\/jpeg\" \/>\n<meta name=\"twitter:card\" content=\"summary_large_image\" \/>\n<meta name=\"twitter:label1\" content=\"Gesch\u00e4tzte Lesezeit\" \/>\n\t<meta name=\"twitter:data1\" content=\"2\u00a0Minuten\" \/>\n<script type=\"application\/ld+json\" class=\"yoast-schema-graph\">{\"@context\":\"https:\/\/schema.org\",\"@graph\":[{\"@type\":\"WebPage\",\"@id\":\"https:\/\/www.daisho.be\/de\/produit\/juliette-hoehenverstellbare-ballettstange-fuer-den-hausgebrauch-1m\/\",\"url\":\"https:\/\/www.daisho.be\/de\/produit\/juliette-hoehenverstellbare-ballettstange-fuer-den-hausgebrauch-1m\/\",\"name\":\"Juliette h\u00f6henverstellbare Ballettstange f\u00fcr den Hausgebrauch - 1m &#8211; Daisho\",\"isPartOf\":{\"@id\":\"https:\/\/www.daisho.be\/de\/#website\"},\"primaryImageOfPage\":{\"@id\":\"https:\/\/www.daisho.be\/de\/produit\/juliette-hoehenverstellbare-ballettstange-fuer-den-hausgebrauch-1m\/#primaryimage\"},\"image\":{\"@id\":\"https:\/\/www.daisho.be\/de\/produit\/juliette-hoehenverstellbare-ballettstange-fuer-den-hausgebrauch-1m\/#primaryimage\"},\"thumbnailUrl\":\"https:\/\/www.daisho.be\/wp-content\/uploads\/2025\/11\/image-35-scaled.jpg\",\"datePublished\":\"2025-11-12T15:00:45+00:00\",\"dateModified\":\"2026-03-30T13:26:15+00:00\",\"description\":\"Die Juliette-Stange: leicht, beweglich und sehr stabil, perfekt f\u00fcr das Training zu Hause. Sie finden sie auf www.daisho.be|Daisho.\",\"breadcrumb\":{\"@id\":\"https:\/\/www.daisho.be\/de\/produit\/juliette-hoehenverstellbare-ballettstange-fuer-den-hausgebrauch-1m\/#breadcrumb\"},\"inLanguage\":\"de\",\"potentialAction\":[{\"@type\":\"ReadAction\",\"target\":[\"https:\/\/www.daisho.be\/de\/produit\/juliette-hoehenverstellbare-ballettstange-fuer-den-hausgebrauch-1m\/\"]}]},{\"@type\":\"ImageObject\",\"inLanguage\":\"de\",\"@id\":\"https:\/\/www.daisho.be\/de\/produit\/juliette-hoehenverstellbare-ballettstange-fuer-den-hausgebrauch-1m\/#primaryimage\",\"url\":\"https:\/\/www.daisho.be\/wp-content\/uploads\/2025\/11\/image-35-scaled.jpg\",\"contentUrl\":\"https:\/\/www.daisho.be\/wp-content\/uploads\/2025\/11\/image-35-scaled.jpg\",\"width\":2048,\"height\":1365,\"caption\":\"Juliette h\u00f6henverstellbare Ballettstange f\u00fcr den Hausgebrauch - 1m-1\"},{\"@type\":\"BreadcrumbList\",\"@id\":\"https:\/\/www.daisho.be\/de\/produit\/juliette-hoehenverstellbare-ballettstange-fuer-den-hausgebrauch-1m\/#breadcrumb\",\"itemListElement\":[{\"@type\":\"ListItem\",\"position\":1,\"name\":\"Accueil\",\"item\":\"https:\/\/www.daisho.be\/de\/\"},{\"@type\":\"ListItem\",\"position\":2,\"name\":\"Produkte\",\"item\":\"https:\/\/www.daisho.be\/de\/produkte\/\"},{\"@type\":\"ListItem\",\"position\":3,\"name\":\"Sportlerpflege\",\"item\":\"https:\/\/www.daisho.be\/de\/categorie-produit\/sportlerpflege\/\"},{\"@type\":\"ListItem\",\"position\":4,\"name\":\"Stretching-Material\",\"item\":\"https:\/\/www.daisho.be\/de\/categorie-produit\/sportlerpflege\/stretching-material\/\"},{\"@type\":\"ListItem\",\"position\":5,\"name\":\"Juliette h\u00f6henverstellbare Ballettstange f\u00fcr den Hausgebrauch &#8211; 1m\"}]},{\"@type\":\"WebSite\",\"@id\":\"https:\/\/www.daisho.be\/de\/#website\",\"url\":\"https:\/\/www.daisho.be\/de\/\",\"name\":\"Daisho\",\"description\":\"Sp&eacute;cialiste de l'&eacute;quipement sportif d'arts martiaux\",\"publisher\":{\"@id\":\"https:\/\/www.daisho.be\/de\/#organization\"},\"potentialAction\":[{\"@type\":\"SearchAction\",\"target\":{\"@type\":\"EntryPoint\",\"urlTemplate\":\"https:\/\/www.daisho.be\/de\/?s={search_term_string}\"},\"query-input\":{\"@type\":\"PropertyValueSpecification\",\"valueRequired\":true,\"valueName\":\"search_term_string\"}}],\"inLanguage\":\"de\"},{\"@type\":\"Organization\",\"@id\":\"https:\/\/www.daisho.be\/de\/#organization\",\"name\":\"Daisho\",\"url\":\"https:\/\/www.daisho.be\/de\/\",\"logo\":{\"@type\":\"ImageObject\",\"inLanguage\":\"de\",\"@id\":\"https:\/\/www.daisho.be\/de\/#\/schema\/logo\/image\/\",\"url\":\"https:\/\/www.daisho.be\/wp-content\/uploads\/2019\/07\/color-nothing-horizontale4x-e1564486100247.png\",\"contentUrl\":\"https:\/\/www.daisho.be\/wp-content\/uploads\/2019\/07\/color-nothing-horizontale4x-e1564486100247.png\",\"width\":1547,\"height\":385,\"caption\":\"Daisho\"},\"image\":{\"@id\":\"https:\/\/www.daisho.be\/de\/#\/schema\/logo\/image\/\"}}]}<\/script>\n<!-- \/ Yoast SEO plugin. -->","yoast_head_json":{"title":"Juliette h\u00f6henverstellbare Ballettstange f\u00fcr den Hausgebrauch - 1m &#8211; Daisho","description":"Die Juliette-Stange: leicht, beweglich und sehr stabil, perfekt f\u00fcr das Training zu Hause. Sie finden sie auf www.daisho.be|Daisho.","robots":{"index":"index","follow":"follow","max-snippet":"max-snippet:-1","max-image-preview":"max-image-preview:large","max-video-preview":"max-video-preview:-1"},"canonical":"https:\/\/www.daisho.be\/de\/produit\/juliette-hoehenverstellbare-ballettstange-fuer-den-hausgebrauch-1m\/","og_locale":"de_DE","og_type":"article","og_title":"Juliette h\u00f6henverstellbare Ballettstange f\u00fcr den Hausgebrauch - 1m &#8211; Daisho","og_description":"Die Juliette-Stange: leicht, beweglich und sehr stabil, perfekt f\u00fcr das Training zu Hause. Sie finden sie auf www.daisho.be|Daisho.","og_url":"https:\/\/www.daisho.be\/de\/produit\/juliette-hoehenverstellbare-ballettstange-fuer-den-hausgebrauch-1m\/","og_site_name":"Daisho","article_modified_time":"2026-03-30T13:26:15+00:00","og_image":[{"width":2048,"height":1365,"url":"https:\/\/www.daisho.be\/wp-content\/uploads\/2025\/11\/image-35-scaled.jpg","type":"image\/jpeg"}],"twitter_card":"summary_large_image","twitter_misc":{"Gesch\u00e4tzte Lesezeit":"2\u00a0Minuten"},"schema":{"@context":"https:\/\/schema.org","@graph":[{"@type":"WebPage","@id":"https:\/\/www.daisho.be\/de\/produit\/juliette-hoehenverstellbare-ballettstange-fuer-den-hausgebrauch-1m\/","url":"https:\/\/www.daisho.be\/de\/produit\/juliette-hoehenverstellbare-ballettstange-fuer-den-hausgebrauch-1m\/","name":"Juliette h\u00f6henverstellbare Ballettstange f\u00fcr den Hausgebrauch - 1m &#8211; Daisho","isPartOf":{"@id":"https:\/\/www.daisho.be\/de\/#website"},"primaryImageOfPage":{"@id":"https:\/\/www.daisho.be\/de\/produit\/juliette-hoehenverstellbare-ballettstange-fuer-den-hausgebrauch-1m\/#primaryimage"},"image":{"@id":"https:\/\/www.daisho.be\/de\/produit\/juliette-hoehenverstellbare-ballettstange-fuer-den-hausgebrauch-1m\/#primaryimage"},"thumbnailUrl":"https:\/\/www.daisho.be\/wp-content\/uploads\/2025\/11\/image-35-scaled.jpg","datePublished":"2025-11-12T15:00:45+00:00","dateModified":"2026-03-30T13:26:15+00:00","description":"Die Juliette-Stange: leicht, beweglich und sehr stabil, perfekt f\u00fcr das Training zu Hause. Sie finden sie auf www.daisho.be|Daisho.","breadcrumb":{"@id":"https:\/\/www.daisho.be\/de\/produit\/juliette-hoehenverstellbare-ballettstange-fuer-den-hausgebrauch-1m\/#breadcrumb"},"inLanguage":"de","potentialAction":[{"@type":"ReadAction","target":["https:\/\/www.daisho.be\/de\/produit\/juliette-hoehenverstellbare-ballettstange-fuer-den-hausgebrauch-1m\/"]}]},{"@type":"ImageObject","inLanguage":"de","@id":"https:\/\/www.daisho.be\/de\/produit\/juliette-hoehenverstellbare-ballettstange-fuer-den-hausgebrauch-1m\/#primaryimage","url":"https:\/\/www.daisho.be\/wp-content\/uploads\/2025\/11\/image-35-scaled.jpg","contentUrl":"https:\/\/www.daisho.be\/wp-content\/uploads\/2025\/11\/image-35-scaled.jpg","width":2048,"height":1365,"caption":"Juliette h\u00f6henverstellbare Ballettstange f\u00fcr den Hausgebrauch - 1m-1"},{"@type":"BreadcrumbList","@id":"https:\/\/www.daisho.be\/de\/produit\/juliette-hoehenverstellbare-ballettstange-fuer-den-hausgebrauch-1m\/#breadcrumb","itemListElement":[{"@type":"ListItem","position":1,"name":"Accueil","item":"https:\/\/www.daisho.be\/de\/"},{"@type":"ListItem","position":2,"name":"Produkte","item":"https:\/\/www.daisho.be\/de\/produkte\/"},{"@type":"ListItem","position":3,"name":"Sportlerpflege","item":"https:\/\/www.daisho.be\/de\/categorie-produit\/sportlerpflege\/"},{"@type":"ListItem","position":4,"name":"Stretching-Material","item":"https:\/\/www.daisho.be\/de\/categorie-produit\/sportlerpflege\/stretching-material\/"},{"@type":"ListItem","position":5,"name":"Juliette h\u00f6henverstellbare Ballettstange f\u00fcr den Hausgebrauch &#8211; 1m"}]},{"@type":"WebSite","@id":"https:\/\/www.daisho.be\/de\/#website","url":"https:\/\/www.daisho.be\/de\/","name":"Daisho","description":"Sp&eacute;cialiste de l'&eacute;quipement sportif d'arts martiaux","publisher":{"@id":"https:\/\/www.daisho.be\/de\/#organization"},"potentialAction":[{"@type":"SearchAction","target":{"@type":"EntryPoint","urlTemplate":"https:\/\/www.daisho.be\/de\/?s={search_term_string}"},"query-input":{"@type":"PropertyValueSpecification","valueRequired":true,"valueName":"search_term_string"}}],"inLanguage":"de"},{"@type":"Organization","@id":"https:\/\/www.daisho.be\/de\/#organization","name":"Daisho","url":"https:\/\/www.daisho.be\/de\/","logo":{"@type":"ImageObject","inLanguage":"de","@id":"https:\/\/www.daisho.be\/de\/#\/schema\/logo\/image\/","url":"https:\/\/www.daisho.be\/wp-content\/uploads\/2019\/07\/color-nothing-horizontale4x-e1564486100247.png","contentUrl":"https:\/\/www.daisho.be\/wp-content\/uploads\/2019\/07\/color-nothing-horizontale4x-e1564486100247.png","width":1547,"height":385,"caption":"Daisho"},"image":{"@id":"https:\/\/www.daisho.be\/de\/#\/schema\/logo\/image\/"}}]}},"_links":{"self":[{"href":"https:\/\/www.daisho.be\/de\/wp-json\/wp\/v2\/product\/618897","targetHints":{"allow":["GET"]}}],"collection":[{"href":"https:\/\/www.daisho.be\/de\/wp-json\/wp\/v2\/product"}],"about":[{"href":"https:\/\/www.daisho.be\/de\/wp-json\/wp\/v2\/types\/product"}],"replies":[{"embeddable":true,"href":"https:\/\/www.daisho.be\/de\/wp-json\/wp\/v2\/comments?post=618897"}],"wp:featuredmedia":[{"embeddable":true,"href":"https:\/\/www.daisho.be\/de\/wp-json\/wp\/v2\/media\/618824"}],"wp:attachment":[{"href":"https:\/\/www.daisho.be\/de\/wp-json\/wp\/v2\/media?parent=618897"}],"wp:term":[{"taxonomy":"product_brand","embeddable":true,"href":"https:\/\/www.daisho.be\/de\/wp-json\/wp\/v2\/product_brand?post=618897"},{"taxonomy":"product_cat","embeddable":true,"href":"https:\/\/www.daisho.be\/de\/wp-json\/wp\/v2\/product_cat?post=618897"},{"taxonomy":"product_tag","embeddable":true,"href":"https:\/\/www.daisho.be\/de\/wp-json\/wp\/v2\/product_tag?post=618897"},{"taxonomy":"sport","embeddable":true,"href":"https:\/\/www.daisho.be\/de\/wp-json\/wp\/v2\/sport?post=618897"}],"curies":[{"name":"wp","href":"https:\/\/api.w.org\/{rel}","templated":true}]}}