{"id":618769,"date":"2025-11-12T15:35:36","date_gmt":"2025-11-12T14:35:36","guid":{"rendered":"https:\/\/www.daisho.be\/produit\/bewegliche-ballettstange-pina-15m\/"},"modified":"2026-03-31T08:37:31","modified_gmt":"2026-03-31T06:37:31","slug":"bewegliche-ballettstange-pina-15m","status":"publish","type":"product","link":"https:\/\/www.daisho.be\/de\/produit\/bewegliche-ballettstange-pina-15m\/","title":{"rendered":"Bewegliche Ballettstange Pina &#8211; 1,5m- mit Rollen"},"content":{"rendered":"<p>Die Pina ist eine mobile Ballettstange aus unserem professionellen Sortiment, die mit Halterungen f\u00fcr zwei Holzstangen ausgestattet ist, die in zwei verschiedenen H\u00f6hen angebracht sind: 79,5 und 102 cm. Die Pina ist seit \u00fcber 10 Jahren auf dem Markt und ist eines der am h\u00e4ufigsten verwendeten Modelle in Tanzschulen auf der ganzen Welt, die T\u00e4nzer verschiedener Altersgruppen und Gr\u00f6\u00dfen aufnehmen. Die beiden verf\u00fcgbaren Standf\u00fc\u00dfe, mit oder ohne Rollen, bieten Ihnen Flexibilit\u00e4t bei der Gestaltung des Trainings.<br \/>\nEine Stange, die f\u00fcr den Unterricht mit T\u00e4nzerinnen unterschiedlichen Alters entwickelt wurde<br \/>\nDie beiden Holzstangen, die 19 cm auseinander liegen, erm\u00f6glichen es zwei T\u00e4nzern unterschiedlicher Gr\u00f6\u00dfe, die Stange gleichzeitig zu benutzen, so dass Sie mit Gruppen unterschiedlichen Alters arbeiten k\u00f6nnen. Das exklusive Design der Doppelst\u00e4nder von Dinamica Ballet verteilt den Druck, den der T\u00e4nzer auf die Stangen aus\u00fcbt. Wir haben Studien im Labor f\u00fcr Elastizit\u00e4t und Materialfestigkeit der Polytechnischen Universit\u00e4t Barcelona durchgef\u00fchrt, die belegen, dass die Stange Kr\u00e4ften von fast 400 kg standh\u00e4lt.<br \/>\nSockel mit oder ohne Rollen, je nach Ihrem Arbeitsbereich<br \/>\nDas Modell PINA ist Teil unseres Sortiments an professionellen mobilen Barren. Wir bieten zwei Arten von Stahlsockeln an: einen Sockel mit zwei Rollen, der 20 kg wiegt, und einen flachen Sockel ohne Rollen, der 10 kg wiegt. Der Sockel mit Rollen aus hochdichtem Gummi bietet eine hohe Stabilit\u00e4t und erm\u00f6glicht es Ihnen, den Barren m\u00fchelos in einem Winkel von 45 Grad zu bewegen. Der flache Sockel ist so konzipiert, dass Sie den Barren durch Anheben bewegen k\u00f6nnen, ohne dass er den Boden ber\u00fchrt. In beiden F\u00e4llen sind die Sockel mit PVC-Gleitern ausgestattet, um den Boden zu sch\u00fctzen, auch wenn es sich um Parkett handelt.<br \/>\nWenn Sie die Stange h\u00e4ufig bewegen m\u00fcssen, empfehlen wir Ihnen das Modell mit Rollen. Wenn Sie die Stange nur gelegentlich bewegen wollen oder wenn Sie zu zweit sind, ist der flache Sockel besser geeignet. Das Gesamtgewicht mit den Rollensockeln und der 2 Meter langen Holzstange betr\u00e4gt 52 kg. Das Gesamtgewicht mit den Sockeln ohne Rollen betr\u00e4gt 36 kg.<br \/>\nStahl und Holz, die ideale Kombination f\u00fcr eine hervorragende Ballettstange<br \/>\nUnsere Stangen aus gelbem Kiefernholz aus nachhaltiger Forstwirtschaft sind stark und leicht biegsam, was ideal f\u00fcr \u00dcbungen auf fortgeschrittenem Niveau ist. Das perfekt polierte und unlackierte Holz f\u00fchlt sich angenehm an, liegt gut in der Hand und ist von nat\u00fcrlicher Sch\u00f6nheit. Die Halterungen umschlie\u00dfen die Stangen fest, ohne dass L\u00f6cher in das Holz gebohrt werden m\u00fcssen, was Tausende von Stunden der Nutzung und eine einfache Installation garantiert. Die Sockel und Halterungen sind aus hochwertigem Stahl gefertigt und mit einer silberfarbenen Epoxydharzbeschichtung versehen, die eine hohe Sto\u00df- und Kratzfestigkeit bietet. Der Pina ist mit 2 m und 3 m langen Holzstangen erh\u00e4ltlich.<br \/>\nSockel mit oder ohne Rollen<br \/>\nHalterung f\u00fcr zwei Stangen<br \/>\nErh\u00e4ltlich mit 2 m und 3 m langen Stangen.               <\/p>\n","protected":false},"excerpt":{"rendered":"<p>Die Pina ist eine mobile Ballettstange aus unserem professionellen Sortiment, die mit Halterungen f\u00fcr zwei Holzstangen ausgestattet ist, die in zwei verschiedenen H\u00f6hen angebracht sind: 79,5 und 102 cm. Die Pina ist seit \u00fcber 10 Jahren auf dem Markt und ist eines der am h\u00e4ufigsten verwendeten Modelle in Tanzschulen auf der ganzen Welt, die T\u00e4nzer [&hellip;]<\/p>\n","protected":false},"featured_media":618725,"comment_status":"open","ping_status":"closed","template":"","meta":{"inline_featured_image":false},"product_brand":[],"product_cat":[2356],"product_tag":[2349],"sport":[],"class_list":{"0":"post-618769","1":"product","2":"type-product","3":"status-publish","4":"has-post-thumbnail","6":"product_cat-andere-de","7":"product_tag-dinamica-ballet-de","8":"pa_size-15-m","10":"first","11":"instock","12":"taxable","13":"shipping-taxable","14":"purchasable","15":"product-type-variable"},"yoast_head":"<!-- This site is optimized with the Yoast SEO plugin v27.2 - https:\/\/yoast.com\/product\/yoast-seo-wordpress\/ -->\n<title>Bewegliche Ballettstange Pina - 1,5m- mit Rollen &#8211; Daisho<\/title>\n<meta name=\"description\" content=\"Pina: Doppelte Ballettstange auf Profi-Niveau. Stabil und flexibel, ideal f\u00fcr alle Altersgruppen. Finden Sie sie auf www.daisho.be|Daisho\" \/>\n<meta name=\"robots\" content=\"index, follow, max-snippet:-1, max-image-preview:large, max-video-preview:-1\" \/>\n<link rel=\"canonical\" href=\"https:\/\/www.daisho.be\/de\/produit\/bewegliche-ballettstange-pina-15m\/\" \/>\n<meta property=\"og:locale\" content=\"de_DE\" \/>\n<meta property=\"og:type\" content=\"article\" \/>\n<meta property=\"og:title\" content=\"Bewegliche Ballettstange Pina - 1,5m- mit Rollen &#8211; Daisho\" \/>\n<meta property=\"og:description\" content=\"Pina: Doppelte Ballettstange auf Profi-Niveau. Stabil und flexibel, ideal f\u00fcr alle Altersgruppen. Finden Sie sie auf www.daisho.be|Daisho\" \/>\n<meta property=\"og:url\" content=\"https:\/\/www.daisho.be\/de\/produit\/bewegliche-ballettstange-pina-15m\/\" \/>\n<meta property=\"og:site_name\" content=\"Daisho\" \/>\n<meta property=\"article:modified_time\" content=\"2026-03-31T06:37:31+00:00\" \/>\n<meta property=\"og:image\" content=\"https:\/\/www.daisho.be\/wp-content\/uploads\/2025\/11\/image-30-scaled.jpg\" \/>\n\t<meta property=\"og:image:width\" content=\"2048\" \/>\n\t<meta property=\"og:image:height\" content=\"1365\" \/>\n\t<meta property=\"og:image:type\" content=\"image\/jpeg\" \/>\n<meta name=\"twitter:card\" content=\"summary_large_image\" \/>\n<meta name=\"twitter:label1\" content=\"Gesch\u00e4tzte Lesezeit\" \/>\n\t<meta name=\"twitter:data1\" content=\"2\u00a0Minuten\" \/>\n<script type=\"application\/ld+json\" class=\"yoast-schema-graph\">{\"@context\":\"https:\/\/schema.org\",\"@graph\":[{\"@type\":\"WebPage\",\"@id\":\"https:\/\/www.daisho.be\/de\/produit\/bewegliche-ballettstange-pina-15m\/\",\"url\":\"https:\/\/www.daisho.be\/de\/produit\/bewegliche-ballettstange-pina-15m\/\",\"name\":\"Bewegliche Ballettstange Pina - 1,5m- mit Rollen &#8211; Daisho\",\"isPartOf\":{\"@id\":\"https:\/\/www.daisho.be\/de\/#website\"},\"primaryImageOfPage\":{\"@id\":\"https:\/\/www.daisho.be\/de\/produit\/bewegliche-ballettstange-pina-15m\/#primaryimage\"},\"image\":{\"@id\":\"https:\/\/www.daisho.be\/de\/produit\/bewegliche-ballettstange-pina-15m\/#primaryimage\"},\"thumbnailUrl\":\"https:\/\/www.daisho.be\/wp-content\/uploads\/2025\/11\/image-30-scaled.jpg\",\"datePublished\":\"2025-11-12T14:35:36+00:00\",\"dateModified\":\"2026-03-31T06:37:31+00:00\",\"description\":\"Pina: Doppelte Ballettstange auf Profi-Niveau. Stabil und flexibel, ideal f\u00fcr alle Altersgruppen. Finden Sie sie auf www.daisho.be|Daisho\",\"breadcrumb\":{\"@id\":\"https:\/\/www.daisho.be\/de\/produit\/bewegliche-ballettstange-pina-15m\/#breadcrumb\"},\"inLanguage\":\"de\",\"potentialAction\":[{\"@type\":\"ReadAction\",\"target\":[\"https:\/\/www.daisho.be\/de\/produit\/bewegliche-ballettstange-pina-15m\/\"]}]},{\"@type\":\"ImageObject\",\"inLanguage\":\"de\",\"@id\":\"https:\/\/www.daisho.be\/de\/produit\/bewegliche-ballettstange-pina-15m\/#primaryimage\",\"url\":\"https:\/\/www.daisho.be\/wp-content\/uploads\/2025\/11\/image-30-scaled.jpg\",\"contentUrl\":\"https:\/\/www.daisho.be\/wp-content\/uploads\/2025\/11\/image-30-scaled.jpg\",\"width\":2048,\"height\":1365,\"caption\":\"Bewegliche Ballettstange Pina - 1,5m- mit R\u00e4dern-1\"},{\"@type\":\"BreadcrumbList\",\"@id\":\"https:\/\/www.daisho.be\/de\/produit\/bewegliche-ballettstange-pina-15m\/#breadcrumb\",\"itemListElement\":[{\"@type\":\"ListItem\",\"position\":1,\"name\":\"Accueil\",\"item\":\"https:\/\/www.daisho.be\/de\/\"},{\"@type\":\"ListItem\",\"position\":2,\"name\":\"Produkte\",\"item\":\"https:\/\/www.daisho.be\/de\/produkte\/\"},{\"@type\":\"ListItem\",\"position\":3,\"name\":\"Andere\",\"item\":\"https:\/\/www.daisho.be\/de\/categorie-produit\/andere-de\/\"},{\"@type\":\"ListItem\",\"position\":4,\"name\":\"Bewegliche Ballettstange Pina &#8211; 1,5m- mit Rollen\"}]},{\"@type\":\"WebSite\",\"@id\":\"https:\/\/www.daisho.be\/de\/#website\",\"url\":\"https:\/\/www.daisho.be\/de\/\",\"name\":\"Daisho\",\"description\":\"Sp&eacute;cialiste de l'&eacute;quipement sportif d'arts martiaux\",\"publisher\":{\"@id\":\"https:\/\/www.daisho.be\/de\/#organization\"},\"potentialAction\":[{\"@type\":\"SearchAction\",\"target\":{\"@type\":\"EntryPoint\",\"urlTemplate\":\"https:\/\/www.daisho.be\/de\/?s={search_term_string}\"},\"query-input\":{\"@type\":\"PropertyValueSpecification\",\"valueRequired\":true,\"valueName\":\"search_term_string\"}}],\"inLanguage\":\"de\"},{\"@type\":\"Organization\",\"@id\":\"https:\/\/www.daisho.be\/de\/#organization\",\"name\":\"Daisho\",\"url\":\"https:\/\/www.daisho.be\/de\/\",\"logo\":{\"@type\":\"ImageObject\",\"inLanguage\":\"de\",\"@id\":\"https:\/\/www.daisho.be\/de\/#\/schema\/logo\/image\/\",\"url\":\"https:\/\/www.daisho.be\/wp-content\/uploads\/2019\/07\/color-nothing-horizontale4x-e1564486100247.png\",\"contentUrl\":\"https:\/\/www.daisho.be\/wp-content\/uploads\/2019\/07\/color-nothing-horizontale4x-e1564486100247.png\",\"width\":1547,\"height\":385,\"caption\":\"Daisho\"},\"image\":{\"@id\":\"https:\/\/www.daisho.be\/de\/#\/schema\/logo\/image\/\"}}]}<\/script>\n<!-- \/ Yoast SEO plugin. -->","yoast_head_json":{"title":"Bewegliche Ballettstange Pina - 1,5m- mit Rollen &#8211; Daisho","description":"Pina: Doppelte Ballettstange auf Profi-Niveau. Stabil und flexibel, ideal f\u00fcr alle Altersgruppen. Finden Sie sie auf www.daisho.be|Daisho","robots":{"index":"index","follow":"follow","max-snippet":"max-snippet:-1","max-image-preview":"max-image-preview:large","max-video-preview":"max-video-preview:-1"},"canonical":"https:\/\/www.daisho.be\/de\/produit\/bewegliche-ballettstange-pina-15m\/","og_locale":"de_DE","og_type":"article","og_title":"Bewegliche Ballettstange Pina - 1,5m- mit Rollen &#8211; Daisho","og_description":"Pina: Doppelte Ballettstange auf Profi-Niveau. Stabil und flexibel, ideal f\u00fcr alle Altersgruppen. Finden Sie sie auf www.daisho.be|Daisho","og_url":"https:\/\/www.daisho.be\/de\/produit\/bewegliche-ballettstange-pina-15m\/","og_site_name":"Daisho","article_modified_time":"2026-03-31T06:37:31+00:00","og_image":[{"width":2048,"height":1365,"url":"https:\/\/www.daisho.be\/wp-content\/uploads\/2025\/11\/image-30-scaled.jpg","type":"image\/jpeg"}],"twitter_card":"summary_large_image","twitter_misc":{"Gesch\u00e4tzte Lesezeit":"2\u00a0Minuten"},"schema":{"@context":"https:\/\/schema.org","@graph":[{"@type":"WebPage","@id":"https:\/\/www.daisho.be\/de\/produit\/bewegliche-ballettstange-pina-15m\/","url":"https:\/\/www.daisho.be\/de\/produit\/bewegliche-ballettstange-pina-15m\/","name":"Bewegliche Ballettstange Pina - 1,5m- mit Rollen &#8211; Daisho","isPartOf":{"@id":"https:\/\/www.daisho.be\/de\/#website"},"primaryImageOfPage":{"@id":"https:\/\/www.daisho.be\/de\/produit\/bewegliche-ballettstange-pina-15m\/#primaryimage"},"image":{"@id":"https:\/\/www.daisho.be\/de\/produit\/bewegliche-ballettstange-pina-15m\/#primaryimage"},"thumbnailUrl":"https:\/\/www.daisho.be\/wp-content\/uploads\/2025\/11\/image-30-scaled.jpg","datePublished":"2025-11-12T14:35:36+00:00","dateModified":"2026-03-31T06:37:31+00:00","description":"Pina: Doppelte Ballettstange auf Profi-Niveau. Stabil und flexibel, ideal f\u00fcr alle Altersgruppen. Finden Sie sie auf www.daisho.be|Daisho","breadcrumb":{"@id":"https:\/\/www.daisho.be\/de\/produit\/bewegliche-ballettstange-pina-15m\/#breadcrumb"},"inLanguage":"de","potentialAction":[{"@type":"ReadAction","target":["https:\/\/www.daisho.be\/de\/produit\/bewegliche-ballettstange-pina-15m\/"]}]},{"@type":"ImageObject","inLanguage":"de","@id":"https:\/\/www.daisho.be\/de\/produit\/bewegliche-ballettstange-pina-15m\/#primaryimage","url":"https:\/\/www.daisho.be\/wp-content\/uploads\/2025\/11\/image-30-scaled.jpg","contentUrl":"https:\/\/www.daisho.be\/wp-content\/uploads\/2025\/11\/image-30-scaled.jpg","width":2048,"height":1365,"caption":"Bewegliche Ballettstange Pina - 1,5m- mit R\u00e4dern-1"},{"@type":"BreadcrumbList","@id":"https:\/\/www.daisho.be\/de\/produit\/bewegliche-ballettstange-pina-15m\/#breadcrumb","itemListElement":[{"@type":"ListItem","position":1,"name":"Accueil","item":"https:\/\/www.daisho.be\/de\/"},{"@type":"ListItem","position":2,"name":"Produkte","item":"https:\/\/www.daisho.be\/de\/produkte\/"},{"@type":"ListItem","position":3,"name":"Andere","item":"https:\/\/www.daisho.be\/de\/categorie-produit\/andere-de\/"},{"@type":"ListItem","position":4,"name":"Bewegliche Ballettstange Pina &#8211; 1,5m- mit Rollen"}]},{"@type":"WebSite","@id":"https:\/\/www.daisho.be\/de\/#website","url":"https:\/\/www.daisho.be\/de\/","name":"Daisho","description":"Sp&eacute;cialiste de l'&eacute;quipement sportif d'arts martiaux","publisher":{"@id":"https:\/\/www.daisho.be\/de\/#organization"},"potentialAction":[{"@type":"SearchAction","target":{"@type":"EntryPoint","urlTemplate":"https:\/\/www.daisho.be\/de\/?s={search_term_string}"},"query-input":{"@type":"PropertyValueSpecification","valueRequired":true,"valueName":"search_term_string"}}],"inLanguage":"de"},{"@type":"Organization","@id":"https:\/\/www.daisho.be\/de\/#organization","name":"Daisho","url":"https:\/\/www.daisho.be\/de\/","logo":{"@type":"ImageObject","inLanguage":"de","@id":"https:\/\/www.daisho.be\/de\/#\/schema\/logo\/image\/","url":"https:\/\/www.daisho.be\/wp-content\/uploads\/2019\/07\/color-nothing-horizontale4x-e1564486100247.png","contentUrl":"https:\/\/www.daisho.be\/wp-content\/uploads\/2019\/07\/color-nothing-horizontale4x-e1564486100247.png","width":1547,"height":385,"caption":"Daisho"},"image":{"@id":"https:\/\/www.daisho.be\/de\/#\/schema\/logo\/image\/"}}]}},"_links":{"self":[{"href":"https:\/\/www.daisho.be\/de\/wp-json\/wp\/v2\/product\/618769","targetHints":{"allow":["GET"]}}],"collection":[{"href":"https:\/\/www.daisho.be\/de\/wp-json\/wp\/v2\/product"}],"about":[{"href":"https:\/\/www.daisho.be\/de\/wp-json\/wp\/v2\/types\/product"}],"replies":[{"embeddable":true,"href":"https:\/\/www.daisho.be\/de\/wp-json\/wp\/v2\/comments?post=618769"}],"wp:featuredmedia":[{"embeddable":true,"href":"https:\/\/www.daisho.be\/de\/wp-json\/wp\/v2\/media\/618725"}],"wp:attachment":[{"href":"https:\/\/www.daisho.be\/de\/wp-json\/wp\/v2\/media?parent=618769"}],"wp:term":[{"taxonomy":"product_brand","embeddable":true,"href":"https:\/\/www.daisho.be\/de\/wp-json\/wp\/v2\/product_brand?post=618769"},{"taxonomy":"product_cat","embeddable":true,"href":"https:\/\/www.daisho.be\/de\/wp-json\/wp\/v2\/product_cat?post=618769"},{"taxonomy":"product_tag","embeddable":true,"href":"https:\/\/www.daisho.be\/de\/wp-json\/wp\/v2\/product_tag?post=618769"},{"taxonomy":"sport","embeddable":true,"href":"https:\/\/www.daisho.be\/de\/wp-json\/wp\/v2\/sport?post=618769"}],"curies":[{"name":"wp","href":"https:\/\/api.w.org\/{rel}","templated":true}]}}