{"id":617206,"date":"2025-11-10T10:15:58","date_gmt":"2025-11-10T09:15:58","guid":{"rendered":"https:\/\/www.daisho.be\/produit\/rucksack-adidas-hybrid-bp2-silver-pebble-schwarz-olivgruen\/"},"modified":"2025-11-10T10:15:58","modified_gmt":"2025-11-10T09:15:58","slug":"rucksack-adidas-hybrid-bp2-silver-pebble-schwarz-olivgruen","status":"publish","type":"product","link":"https:\/\/www.daisho.be\/de\/produit\/rucksack-adidas-hybrid-bp2-silver-pebble-schwarz-olivgruen\/","title":{"rendered":"Rucksack adidas Hybrid BP2 Silver Pebble\/Schwarz (Olivgr\u00fcn)"},"content":{"rendered":"<p>Wenn Sie viel zu tragen haben, ist dieser Rucksack der ideale Begleiter. Er ist sehr ger\u00e4umig und verf\u00fcgt \u00fcber gepolsterte Schultergurte f\u00fcr optimalen Tragekomfort. Der beschichtete Boden ist widerstandsf\u00e4hig und perlend. Die gepolsterten Schultergurte und das atmungsaktive R\u00fcckenpanel sorgen f\u00fcr maximalen Komfort.<\/p>\n<p>Eigenschaften:<br \/>\n Gepolstertes Laptopfach<br \/>\n Netzseitentaschen<br \/>\n Eine Netzseitentasche f?r z.B. eine Flasche<br \/>\n Hauptfach mit Rei\u00dfverschluss;<br \/>\n langlebiges Material und beschichtet<br \/>\n Verstellbare Schultertr?ger; Brustgurt<br \/>\n Abmessungen: 17 cm x 28 cm x 46 cm<br \/>\n Material: Hergestellt aus mindestens 50 % recyceltem Material. <\/p>\n","protected":false},"excerpt":{"rendered":"<p>Wenn Sie viel zu tragen haben, ist dieser Rucksack der ideale Begleiter. Er ist sehr ger\u00e4umig und verf\u00fcgt \u00fcber gepolsterte Schultergurte f\u00fcr optimalen Tragekomfort. Der beschichtete Boden ist widerstandsf\u00e4hig und perlend. Die gepolsterten Schultergurte und das atmungsaktive R\u00fcckenpanel sorgen f\u00fcr maximalen Komfort. Eigenschaften: Gepolstertes Laptopfach Netzseitentaschen Eine Netzseitentasche f?r z.B. eine Flasche Hauptfach mit Rei\u00dfverschluss; [&hellip;]<\/p>\n","protected":false},"featured_media":617177,"comment_status":"open","ping_status":"closed","template":"","meta":{"inline_featured_image":false},"product_brand":[],"product_cat":[2263,2063,2061],"product_tag":[2178],"sport":[],"class_list":{"0":"post-617206","1":"product","2":"type-product","3":"status-publish","4":"has-post-thumbnail","6":"product_cat-karate-tasche-adidas","7":"product_cat-karate-taschen","8":"product_cat-sporttaschen","9":"product_tag-adidas-de","10":"pa_size-sans-taille-defaut","12":"first","13":"instock","14":"taxable","15":"shipping-taxable","16":"purchasable","17":"product-type-variable"},"yoast_head":"<!-- This site is optimized with the Yoast SEO plugin v27.2 - https:\/\/yoast.com\/product\/yoast-seo-wordpress\/ -->\n<title>Rucksack adidas Hybrid BP2 Silver Pebble\/Schwarz (Olivgr\u00fcn) &#8211; Daisho<\/title>\n<meta name=\"robots\" content=\"index, follow, max-snippet:-1, max-image-preview:large, max-video-preview:-1\" \/>\n<link rel=\"canonical\" href=\"https:\/\/www.daisho.be\/de\/produit\/rucksack-adidas-hybrid-bp2-silver-pebble-schwarz-olivgruen\/\" \/>\n<meta property=\"og:locale\" content=\"de_DE\" \/>\n<meta property=\"og:type\" content=\"article\" \/>\n<meta property=\"og:title\" content=\"Rucksack adidas Hybrid BP2 Silver Pebble\/Schwarz (Olivgr\u00fcn) &#8211; Daisho\" \/>\n<meta property=\"og:description\" content=\"Wenn Sie viel zu tragen haben, ist dieser Rucksack der ideale Begleiter. Er ist sehr ger\u00e4umig und verf\u00fcgt \u00fcber gepolsterte Schultergurte f\u00fcr optimalen Tragekomfort. Der beschichtete Boden ist widerstandsf\u00e4hig und perlend. Die gepolsterten Schultergurte und das atmungsaktive R\u00fcckenpanel sorgen f\u00fcr maximalen Komfort. Eigenschaften: Gepolstertes Laptopfach Netzseitentaschen Eine Netzseitentasche f?r z.B. eine Flasche Hauptfach mit Rei\u00dfverschluss; [&hellip;]\" \/>\n<meta property=\"og:url\" content=\"https:\/\/www.daisho.be\/de\/produit\/rucksack-adidas-hybrid-bp2-silver-pebble-schwarz-olivgruen\/\" \/>\n<meta property=\"og:site_name\" content=\"Daisho\" \/>\n<meta property=\"og:image\" content=\"https:\/\/www.daisho.be\/wp-content\/uploads\/2025\/11\/image-2.webp\" \/>\n\t<meta property=\"og:image:width\" content=\"1131\" \/>\n\t<meta property=\"og:image:height\" content=\"1200\" \/>\n\t<meta property=\"og:image:type\" content=\"image\/webp\" \/>\n<meta name=\"twitter:card\" content=\"summary_large_image\" \/>\n<script type=\"application\/ld+json\" class=\"yoast-schema-graph\">{\"@context\":\"https:\/\/schema.org\",\"@graph\":[{\"@type\":\"WebPage\",\"@id\":\"https:\/\/www.daisho.be\/de\/produit\/rucksack-adidas-hybrid-bp2-silver-pebble-schwarz-olivgruen\/\",\"url\":\"https:\/\/www.daisho.be\/de\/produit\/rucksack-adidas-hybrid-bp2-silver-pebble-schwarz-olivgruen\/\",\"name\":\"Rucksack adidas Hybrid BP2 Silver Pebble\/Schwarz (Olivgr\u00fcn) &#8211; Daisho\",\"isPartOf\":{\"@id\":\"https:\/\/www.daisho.be\/de\/#website\"},\"primaryImageOfPage\":{\"@id\":\"https:\/\/www.daisho.be\/de\/produit\/rucksack-adidas-hybrid-bp2-silver-pebble-schwarz-olivgruen\/#primaryimage\"},\"image\":{\"@id\":\"https:\/\/www.daisho.be\/de\/produit\/rucksack-adidas-hybrid-bp2-silver-pebble-schwarz-olivgruen\/#primaryimage\"},\"thumbnailUrl\":\"https:\/\/www.daisho.be\/wp-content\/uploads\/2025\/11\/image-2.webp\",\"datePublished\":\"2025-11-10T09:15:58+00:00\",\"breadcrumb\":{\"@id\":\"https:\/\/www.daisho.be\/de\/produit\/rucksack-adidas-hybrid-bp2-silver-pebble-schwarz-olivgruen\/#breadcrumb\"},\"inLanguage\":\"de\",\"potentialAction\":[{\"@type\":\"ReadAction\",\"target\":[\"https:\/\/www.daisho.be\/de\/produit\/rucksack-adidas-hybrid-bp2-silver-pebble-schwarz-olivgruen\/\"]}]},{\"@type\":\"ImageObject\",\"inLanguage\":\"de\",\"@id\":\"https:\/\/www.daisho.be\/de\/produit\/rucksack-adidas-hybrid-bp2-silver-pebble-schwarz-olivgruen\/#primaryimage\",\"url\":\"https:\/\/www.daisho.be\/wp-content\/uploads\/2025\/11\/image-2.webp\",\"contentUrl\":\"https:\/\/www.daisho.be\/wp-content\/uploads\/2025\/11\/image-2.webp\",\"width\":1131,\"height\":1200,\"caption\":\"Sac \u00e0 dos adidas Hybrid BP2 Silver Pebble\/Noir (Vert olive)-1\"},{\"@type\":\"BreadcrumbList\",\"@id\":\"https:\/\/www.daisho.be\/de\/produit\/rucksack-adidas-hybrid-bp2-silver-pebble-schwarz-olivgruen\/#breadcrumb\",\"itemListElement\":[{\"@type\":\"ListItem\",\"position\":1,\"name\":\"Accueil\",\"item\":\"https:\/\/www.daisho.be\/de\/\"},{\"@type\":\"ListItem\",\"position\":2,\"name\":\"Produkte\",\"item\":\"https:\/\/www.daisho.be\/de\/produkte\/\"},{\"@type\":\"ListItem\",\"position\":3,\"name\":\"ADIDAS COMBAT SPORTS\",\"item\":\"https:\/\/www.daisho.be\/de\/categorie-produit\/adidas-combat-sports-de\/\"},{\"@type\":\"ListItem\",\"position\":4,\"name\":\"Karate\",\"item\":\"https:\/\/www.daisho.be\/de\/categorie-produit\/adidas-combat-sports-de\/karate-de\/\"},{\"@type\":\"ListItem\",\"position\":5,\"name\":\"Karate Tasche Adidas\",\"item\":\"https:\/\/www.daisho.be\/de\/categorie-produit\/adidas-combat-sports-de\/karate-de\/karate-tasche-adidas\/\"},{\"@type\":\"ListItem\",\"position\":6,\"name\":\"Rucksack adidas Hybrid BP2 Silver Pebble\/Schwarz (Olivgr\u00fcn)\"}]},{\"@type\":\"WebSite\",\"@id\":\"https:\/\/www.daisho.be\/de\/#website\",\"url\":\"https:\/\/www.daisho.be\/de\/\",\"name\":\"Daisho\",\"description\":\"Sp&eacute;cialiste de l'&eacute;quipement sportif d'arts martiaux\",\"publisher\":{\"@id\":\"https:\/\/www.daisho.be\/de\/#organization\"},\"potentialAction\":[{\"@type\":\"SearchAction\",\"target\":{\"@type\":\"EntryPoint\",\"urlTemplate\":\"https:\/\/www.daisho.be\/de\/?s={search_term_string}\"},\"query-input\":{\"@type\":\"PropertyValueSpecification\",\"valueRequired\":true,\"valueName\":\"search_term_string\"}}],\"inLanguage\":\"de\"},{\"@type\":\"Organization\",\"@id\":\"https:\/\/www.daisho.be\/de\/#organization\",\"name\":\"Daisho\",\"url\":\"https:\/\/www.daisho.be\/de\/\",\"logo\":{\"@type\":\"ImageObject\",\"inLanguage\":\"de\",\"@id\":\"https:\/\/www.daisho.be\/de\/#\/schema\/logo\/image\/\",\"url\":\"https:\/\/www.daisho.be\/wp-content\/uploads\/2019\/07\/color-nothing-horizontale4x-e1564486100247.png\",\"contentUrl\":\"https:\/\/www.daisho.be\/wp-content\/uploads\/2019\/07\/color-nothing-horizontale4x-e1564486100247.png\",\"width\":1547,\"height\":385,\"caption\":\"Daisho\"},\"image\":{\"@id\":\"https:\/\/www.daisho.be\/de\/#\/schema\/logo\/image\/\"}}]}<\/script>\n<!-- \/ Yoast SEO plugin. -->","yoast_head_json":{"title":"Rucksack adidas Hybrid BP2 Silver Pebble\/Schwarz (Olivgr\u00fcn) &#8211; Daisho","robots":{"index":"index","follow":"follow","max-snippet":"max-snippet:-1","max-image-preview":"max-image-preview:large","max-video-preview":"max-video-preview:-1"},"canonical":"https:\/\/www.daisho.be\/de\/produit\/rucksack-adidas-hybrid-bp2-silver-pebble-schwarz-olivgruen\/","og_locale":"de_DE","og_type":"article","og_title":"Rucksack adidas Hybrid BP2 Silver Pebble\/Schwarz (Olivgr\u00fcn) &#8211; Daisho","og_description":"Wenn Sie viel zu tragen haben, ist dieser Rucksack der ideale Begleiter. Er ist sehr ger\u00e4umig und verf\u00fcgt \u00fcber gepolsterte Schultergurte f\u00fcr optimalen Tragekomfort. Der beschichtete Boden ist widerstandsf\u00e4hig und perlend. Die gepolsterten Schultergurte und das atmungsaktive R\u00fcckenpanel sorgen f\u00fcr maximalen Komfort. Eigenschaften: Gepolstertes Laptopfach Netzseitentaschen Eine Netzseitentasche f?r z.B. eine Flasche Hauptfach mit Rei\u00dfverschluss; [&hellip;]","og_url":"https:\/\/www.daisho.be\/de\/produit\/rucksack-adidas-hybrid-bp2-silver-pebble-schwarz-olivgruen\/","og_site_name":"Daisho","og_image":[{"width":1131,"height":1200,"url":"https:\/\/www.daisho.be\/wp-content\/uploads\/2025\/11\/image-2.webp","type":"image\/webp"}],"twitter_card":"summary_large_image","schema":{"@context":"https:\/\/schema.org","@graph":[{"@type":"WebPage","@id":"https:\/\/www.daisho.be\/de\/produit\/rucksack-adidas-hybrid-bp2-silver-pebble-schwarz-olivgruen\/","url":"https:\/\/www.daisho.be\/de\/produit\/rucksack-adidas-hybrid-bp2-silver-pebble-schwarz-olivgruen\/","name":"Rucksack adidas Hybrid BP2 Silver Pebble\/Schwarz (Olivgr\u00fcn) &#8211; Daisho","isPartOf":{"@id":"https:\/\/www.daisho.be\/de\/#website"},"primaryImageOfPage":{"@id":"https:\/\/www.daisho.be\/de\/produit\/rucksack-adidas-hybrid-bp2-silver-pebble-schwarz-olivgruen\/#primaryimage"},"image":{"@id":"https:\/\/www.daisho.be\/de\/produit\/rucksack-adidas-hybrid-bp2-silver-pebble-schwarz-olivgruen\/#primaryimage"},"thumbnailUrl":"https:\/\/www.daisho.be\/wp-content\/uploads\/2025\/11\/image-2.webp","datePublished":"2025-11-10T09:15:58+00:00","breadcrumb":{"@id":"https:\/\/www.daisho.be\/de\/produit\/rucksack-adidas-hybrid-bp2-silver-pebble-schwarz-olivgruen\/#breadcrumb"},"inLanguage":"de","potentialAction":[{"@type":"ReadAction","target":["https:\/\/www.daisho.be\/de\/produit\/rucksack-adidas-hybrid-bp2-silver-pebble-schwarz-olivgruen\/"]}]},{"@type":"ImageObject","inLanguage":"de","@id":"https:\/\/www.daisho.be\/de\/produit\/rucksack-adidas-hybrid-bp2-silver-pebble-schwarz-olivgruen\/#primaryimage","url":"https:\/\/www.daisho.be\/wp-content\/uploads\/2025\/11\/image-2.webp","contentUrl":"https:\/\/www.daisho.be\/wp-content\/uploads\/2025\/11\/image-2.webp","width":1131,"height":1200,"caption":"Sac \u00e0 dos adidas Hybrid BP2 Silver Pebble\/Noir (Vert olive)-1"},{"@type":"BreadcrumbList","@id":"https:\/\/www.daisho.be\/de\/produit\/rucksack-adidas-hybrid-bp2-silver-pebble-schwarz-olivgruen\/#breadcrumb","itemListElement":[{"@type":"ListItem","position":1,"name":"Accueil","item":"https:\/\/www.daisho.be\/de\/"},{"@type":"ListItem","position":2,"name":"Produkte","item":"https:\/\/www.daisho.be\/de\/produkte\/"},{"@type":"ListItem","position":3,"name":"ADIDAS COMBAT SPORTS","item":"https:\/\/www.daisho.be\/de\/categorie-produit\/adidas-combat-sports-de\/"},{"@type":"ListItem","position":4,"name":"Karate","item":"https:\/\/www.daisho.be\/de\/categorie-produit\/adidas-combat-sports-de\/karate-de\/"},{"@type":"ListItem","position":5,"name":"Karate Tasche Adidas","item":"https:\/\/www.daisho.be\/de\/categorie-produit\/adidas-combat-sports-de\/karate-de\/karate-tasche-adidas\/"},{"@type":"ListItem","position":6,"name":"Rucksack adidas Hybrid BP2 Silver Pebble\/Schwarz (Olivgr\u00fcn)"}]},{"@type":"WebSite","@id":"https:\/\/www.daisho.be\/de\/#website","url":"https:\/\/www.daisho.be\/de\/","name":"Daisho","description":"Sp&eacute;cialiste de l'&eacute;quipement sportif d'arts martiaux","publisher":{"@id":"https:\/\/www.daisho.be\/de\/#organization"},"potentialAction":[{"@type":"SearchAction","target":{"@type":"EntryPoint","urlTemplate":"https:\/\/www.daisho.be\/de\/?s={search_term_string}"},"query-input":{"@type":"PropertyValueSpecification","valueRequired":true,"valueName":"search_term_string"}}],"inLanguage":"de"},{"@type":"Organization","@id":"https:\/\/www.daisho.be\/de\/#organization","name":"Daisho","url":"https:\/\/www.daisho.be\/de\/","logo":{"@type":"ImageObject","inLanguage":"de","@id":"https:\/\/www.daisho.be\/de\/#\/schema\/logo\/image\/","url":"https:\/\/www.daisho.be\/wp-content\/uploads\/2019\/07\/color-nothing-horizontale4x-e1564486100247.png","contentUrl":"https:\/\/www.daisho.be\/wp-content\/uploads\/2019\/07\/color-nothing-horizontale4x-e1564486100247.png","width":1547,"height":385,"caption":"Daisho"},"image":{"@id":"https:\/\/www.daisho.be\/de\/#\/schema\/logo\/image\/"}}]}},"_links":{"self":[{"href":"https:\/\/www.daisho.be\/de\/wp-json\/wp\/v2\/product\/617206","targetHints":{"allow":["GET"]}}],"collection":[{"href":"https:\/\/www.daisho.be\/de\/wp-json\/wp\/v2\/product"}],"about":[{"href":"https:\/\/www.daisho.be\/de\/wp-json\/wp\/v2\/types\/product"}],"replies":[{"embeddable":true,"href":"https:\/\/www.daisho.be\/de\/wp-json\/wp\/v2\/comments?post=617206"}],"wp:featuredmedia":[{"embeddable":true,"href":"https:\/\/www.daisho.be\/de\/wp-json\/wp\/v2\/media\/617177"}],"wp:attachment":[{"href":"https:\/\/www.daisho.be\/de\/wp-json\/wp\/v2\/media?parent=617206"}],"wp:term":[{"taxonomy":"product_brand","embeddable":true,"href":"https:\/\/www.daisho.be\/de\/wp-json\/wp\/v2\/product_brand?post=617206"},{"taxonomy":"product_cat","embeddable":true,"href":"https:\/\/www.daisho.be\/de\/wp-json\/wp\/v2\/product_cat?post=617206"},{"taxonomy":"product_tag","embeddable":true,"href":"https:\/\/www.daisho.be\/de\/wp-json\/wp\/v2\/product_tag?post=617206"},{"taxonomy":"sport","embeddable":true,"href":"https:\/\/www.daisho.be\/de\/wp-json\/wp\/v2\/sport?post=617206"}],"curies":[{"name":"wp","href":"https:\/\/api.w.org\/{rel}","templated":true}]}}