{"id":578386,"date":"2025-10-27T16:54:33","date_gmt":"2025-10-27T15:54:33","guid":{"rendered":"https:\/\/www.daisho.be\/produit\/adidas-2-in-1-running-short-schwarz\/"},"modified":"2025-10-27T16:55:34","modified_gmt":"2025-10-27T15:55:34","slug":"adidas-2-in-1-running-short-schwarz","status":"publish","type":"product","link":"https:\/\/www.daisho.be\/de\/produit\/adidas-2-in-1-running-short-schwarz\/","title":{"rendered":"Adidas 2-in-1 Running Short schwarz"},"content":{"rendered":"<p>Diese kurze Laufhose mit integrierter Leggings von adidas kleidet Sie perfekt f\u00fcr jede Sportart.<br \/>\nIn der Taille ist ein Kordelzug eingearbeitet.<br \/>\nSie ist sowohl f\u00fcr Tempotraining als auch f\u00fcr lange L\u00e4ufe geeignet.<br \/>\nIn den beiden Taschen kannst du wichtige Kleinigkeiten mitnehmen.<br \/>\nDas feuchtigkeitsabsorbierende AEROREADY sorgt daf\u00fcr, dass du trocken bleibst. Die Hose ist in Schwarz erh\u00e4ltlich.<br \/>\nWir empfehlen, die Hose auf links zu waschen und keinen Weichsp\u00fcler zu verwenden, um die Farbe zu erhalten.<br \/>\nEigenschaften:<br \/>\n&#8211; Farbe: Schwarz<br \/>\n&#8211; Gr\u00f6\u00dfen: S, M, L und XL<br \/>\n&#8211; Material: 100% recyceltes Polyester<br \/>\n&#8211; Garn besteht aus 50% Parley Ocean Plastic<br \/>\n&#8211; Shorts (au\u00dfen) Rei\u00dfverschlusstasche, elastischer Bund mit Kordelzug<br \/>\n&#8211; Leggings: Smartphone-Tasche<br \/>\n&#8211; AEROREADY<br \/>\n&#8211; Regul\u00e4re Passform<br \/>\n&#8211; Reflektierende Details <\/p>\n","protected":false},"excerpt":{"rendered":"<p>Diese kurze Laufhose mit integrierter Leggings von adidas kleidet Sie perfekt f\u00fcr jede Sportart. In der Taille ist ein Kordelzug eingearbeitet. Sie ist sowohl f\u00fcr Tempotraining als auch f\u00fcr lange L\u00e4ufe geeignet. In den beiden Taschen kannst du wichtige Kleinigkeiten mitnehmen. Das feuchtigkeitsabsorbierende AEROREADY sorgt daf\u00fcr, dass du trocken bleibst. Die Hose ist in Schwarz [&hellip;]<\/p>\n","protected":false},"featured_media":578357,"comment_status":"open","ping_status":"closed","template":"","meta":{"inline_featured_image":false},"product_brand":[],"product_cat":[2076],"product_tag":[2178],"sport":[],"class_list":{"0":"post-578386","1":"product","2":"type-product","3":"status-publish","4":"has-post-thumbnail","6":"product_cat-kleidung","7":"product_tag-adidas-de","8":"pa_size-l","9":"pa_size-m","10":"pa_size-s","11":"pa_size-xl","13":"first","14":"instock","15":"taxable","16":"shipping-taxable","17":"purchasable","18":"product-type-variable"},"yoast_head":"<!-- This site is optimized with the Yoast SEO plugin v27.2 - https:\/\/yoast.com\/product\/yoast-seo-wordpress\/ -->\n<title>Adidas 2-in-1 Running Short schwarz &#8211; Daisho<\/title>\n<meta name=\"robots\" content=\"index, follow, max-snippet:-1, max-image-preview:large, max-video-preview:-1\" \/>\n<link rel=\"canonical\" href=\"https:\/\/www.daisho.be\/de\/produit\/adidas-2-in-1-running-short-schwarz\/\" \/>\n<meta property=\"og:locale\" content=\"de_DE\" \/>\n<meta property=\"og:type\" content=\"article\" \/>\n<meta property=\"og:title\" content=\"Adidas 2-in-1 Running Short schwarz &#8211; Daisho\" \/>\n<meta property=\"og:description\" content=\"Diese kurze Laufhose mit integrierter Leggings von adidas kleidet Sie perfekt f\u00fcr jede Sportart. In der Taille ist ein Kordelzug eingearbeitet. Sie ist sowohl f\u00fcr Tempotraining als auch f\u00fcr lange L\u00e4ufe geeignet. In den beiden Taschen kannst du wichtige Kleinigkeiten mitnehmen. Das feuchtigkeitsabsorbierende AEROREADY sorgt daf\u00fcr, dass du trocken bleibst. Die Hose ist in Schwarz [&hellip;]\" \/>\n<meta property=\"og:url\" content=\"https:\/\/www.daisho.be\/de\/produit\/adidas-2-in-1-running-short-schwarz\/\" \/>\n<meta property=\"og:site_name\" content=\"Daisho\" \/>\n<meta property=\"article:modified_time\" content=\"2025-10-27T15:55:34+00:00\" \/>\n<meta property=\"og:image\" content=\"https:\/\/www.daisho.be\/wp-content\/uploads\/2025\/10\/image-32.jpg\" \/>\n\t<meta property=\"og:image:width\" content=\"1200\" \/>\n\t<meta property=\"og:image:height\" content=\"1200\" \/>\n\t<meta property=\"og:image:type\" content=\"image\/jpeg\" \/>\n<meta name=\"twitter:card\" content=\"summary_large_image\" \/>\n<meta name=\"twitter:label1\" content=\"Gesch\u00e4tzte Lesezeit\" \/>\n\t<meta name=\"twitter:data1\" content=\"1\u00a0Minute\" \/>\n<script type=\"application\/ld+json\" class=\"yoast-schema-graph\">{\"@context\":\"https:\/\/schema.org\",\"@graph\":[{\"@type\":\"WebPage\",\"@id\":\"https:\/\/www.daisho.be\/de\/produit\/adidas-2-in-1-running-short-schwarz\/\",\"url\":\"https:\/\/www.daisho.be\/de\/produit\/adidas-2-in-1-running-short-schwarz\/\",\"name\":\"Adidas 2-in-1 Running Short schwarz &#8211; Daisho\",\"isPartOf\":{\"@id\":\"https:\/\/www.daisho.be\/de\/#website\"},\"primaryImageOfPage\":{\"@id\":\"https:\/\/www.daisho.be\/de\/produit\/adidas-2-in-1-running-short-schwarz\/#primaryimage\"},\"image\":{\"@id\":\"https:\/\/www.daisho.be\/de\/produit\/adidas-2-in-1-running-short-schwarz\/#primaryimage\"},\"thumbnailUrl\":\"https:\/\/www.daisho.be\/wp-content\/uploads\/2025\/10\/image-32.jpg\",\"datePublished\":\"2025-10-27T15:54:33+00:00\",\"dateModified\":\"2025-10-27T15:55:34+00:00\",\"breadcrumb\":{\"@id\":\"https:\/\/www.daisho.be\/de\/produit\/adidas-2-in-1-running-short-schwarz\/#breadcrumb\"},\"inLanguage\":\"de\",\"potentialAction\":[{\"@type\":\"ReadAction\",\"target\":[\"https:\/\/www.daisho.be\/de\/produit\/adidas-2-in-1-running-short-schwarz\/\"]}]},{\"@type\":\"ImageObject\",\"inLanguage\":\"de\",\"@id\":\"https:\/\/www.daisho.be\/de\/produit\/adidas-2-in-1-running-short-schwarz\/#primaryimage\",\"url\":\"https:\/\/www.daisho.be\/wp-content\/uploads\/2025\/10\/image-32.jpg\",\"contentUrl\":\"https:\/\/www.daisho.be\/wp-content\/uploads\/2025\/10\/image-32.jpg\",\"width\":1200,\"height\":1200,\"caption\":\"Adidas 2-in-1 Running Short noir-1\"},{\"@type\":\"BreadcrumbList\",\"@id\":\"https:\/\/www.daisho.be\/de\/produit\/adidas-2-in-1-running-short-schwarz\/#breadcrumb\",\"itemListElement\":[{\"@type\":\"ListItem\",\"position\":1,\"name\":\"Accueil\",\"item\":\"https:\/\/www.daisho.be\/de\/\"},{\"@type\":\"ListItem\",\"position\":2,\"name\":\"Produkte\",\"item\":\"https:\/\/www.daisho.be\/de\/produkte\/\"},{\"@type\":\"ListItem\",\"position\":3,\"name\":\"Kampfsportarten\",\"item\":\"https:\/\/www.daisho.be\/de\/categorie-produit\/kampfsportarten\/\"},{\"@type\":\"ListItem\",\"position\":4,\"name\":\"Kleidung\",\"item\":\"https:\/\/www.daisho.be\/de\/categorie-produit\/kampfsportarten\/kleidung\/\"},{\"@type\":\"ListItem\",\"position\":5,\"name\":\"Adidas 2-in-1 Running Short schwarz\"}]},{\"@type\":\"WebSite\",\"@id\":\"https:\/\/www.daisho.be\/de\/#website\",\"url\":\"https:\/\/www.daisho.be\/de\/\",\"name\":\"Daisho\",\"description\":\"Sp&eacute;cialiste de l'&eacute;quipement sportif d'arts martiaux\",\"publisher\":{\"@id\":\"https:\/\/www.daisho.be\/de\/#organization\"},\"potentialAction\":[{\"@type\":\"SearchAction\",\"target\":{\"@type\":\"EntryPoint\",\"urlTemplate\":\"https:\/\/www.daisho.be\/de\/?s={search_term_string}\"},\"query-input\":{\"@type\":\"PropertyValueSpecification\",\"valueRequired\":true,\"valueName\":\"search_term_string\"}}],\"inLanguage\":\"de\"},{\"@type\":\"Organization\",\"@id\":\"https:\/\/www.daisho.be\/de\/#organization\",\"name\":\"Daisho\",\"url\":\"https:\/\/www.daisho.be\/de\/\",\"logo\":{\"@type\":\"ImageObject\",\"inLanguage\":\"de\",\"@id\":\"https:\/\/www.daisho.be\/de\/#\/schema\/logo\/image\/\",\"url\":\"https:\/\/www.daisho.be\/wp-content\/uploads\/2019\/07\/color-nothing-horizontale4x-e1564486100247.png\",\"contentUrl\":\"https:\/\/www.daisho.be\/wp-content\/uploads\/2019\/07\/color-nothing-horizontale4x-e1564486100247.png\",\"width\":1547,\"height\":385,\"caption\":\"Daisho\"},\"image\":{\"@id\":\"https:\/\/www.daisho.be\/de\/#\/schema\/logo\/image\/\"}}]}<\/script>\n<!-- \/ Yoast SEO plugin. -->","yoast_head_json":{"title":"Adidas 2-in-1 Running Short schwarz &#8211; Daisho","robots":{"index":"index","follow":"follow","max-snippet":"max-snippet:-1","max-image-preview":"max-image-preview:large","max-video-preview":"max-video-preview:-1"},"canonical":"https:\/\/www.daisho.be\/de\/produit\/adidas-2-in-1-running-short-schwarz\/","og_locale":"de_DE","og_type":"article","og_title":"Adidas 2-in-1 Running Short schwarz &#8211; Daisho","og_description":"Diese kurze Laufhose mit integrierter Leggings von adidas kleidet Sie perfekt f\u00fcr jede Sportart. In der Taille ist ein Kordelzug eingearbeitet. Sie ist sowohl f\u00fcr Tempotraining als auch f\u00fcr lange L\u00e4ufe geeignet. In den beiden Taschen kannst du wichtige Kleinigkeiten mitnehmen. Das feuchtigkeitsabsorbierende AEROREADY sorgt daf\u00fcr, dass du trocken bleibst. Die Hose ist in Schwarz [&hellip;]","og_url":"https:\/\/www.daisho.be\/de\/produit\/adidas-2-in-1-running-short-schwarz\/","og_site_name":"Daisho","article_modified_time":"2025-10-27T15:55:34+00:00","og_image":[{"width":1200,"height":1200,"url":"https:\/\/www.daisho.be\/wp-content\/uploads\/2025\/10\/image-32.jpg","type":"image\/jpeg"}],"twitter_card":"summary_large_image","twitter_misc":{"Gesch\u00e4tzte Lesezeit":"1\u00a0Minute"},"schema":{"@context":"https:\/\/schema.org","@graph":[{"@type":"WebPage","@id":"https:\/\/www.daisho.be\/de\/produit\/adidas-2-in-1-running-short-schwarz\/","url":"https:\/\/www.daisho.be\/de\/produit\/adidas-2-in-1-running-short-schwarz\/","name":"Adidas 2-in-1 Running Short schwarz &#8211; Daisho","isPartOf":{"@id":"https:\/\/www.daisho.be\/de\/#website"},"primaryImageOfPage":{"@id":"https:\/\/www.daisho.be\/de\/produit\/adidas-2-in-1-running-short-schwarz\/#primaryimage"},"image":{"@id":"https:\/\/www.daisho.be\/de\/produit\/adidas-2-in-1-running-short-schwarz\/#primaryimage"},"thumbnailUrl":"https:\/\/www.daisho.be\/wp-content\/uploads\/2025\/10\/image-32.jpg","datePublished":"2025-10-27T15:54:33+00:00","dateModified":"2025-10-27T15:55:34+00:00","breadcrumb":{"@id":"https:\/\/www.daisho.be\/de\/produit\/adidas-2-in-1-running-short-schwarz\/#breadcrumb"},"inLanguage":"de","potentialAction":[{"@type":"ReadAction","target":["https:\/\/www.daisho.be\/de\/produit\/adidas-2-in-1-running-short-schwarz\/"]}]},{"@type":"ImageObject","inLanguage":"de","@id":"https:\/\/www.daisho.be\/de\/produit\/adidas-2-in-1-running-short-schwarz\/#primaryimage","url":"https:\/\/www.daisho.be\/wp-content\/uploads\/2025\/10\/image-32.jpg","contentUrl":"https:\/\/www.daisho.be\/wp-content\/uploads\/2025\/10\/image-32.jpg","width":1200,"height":1200,"caption":"Adidas 2-in-1 Running Short noir-1"},{"@type":"BreadcrumbList","@id":"https:\/\/www.daisho.be\/de\/produit\/adidas-2-in-1-running-short-schwarz\/#breadcrumb","itemListElement":[{"@type":"ListItem","position":1,"name":"Accueil","item":"https:\/\/www.daisho.be\/de\/"},{"@type":"ListItem","position":2,"name":"Produkte","item":"https:\/\/www.daisho.be\/de\/produkte\/"},{"@type":"ListItem","position":3,"name":"Kampfsportarten","item":"https:\/\/www.daisho.be\/de\/categorie-produit\/kampfsportarten\/"},{"@type":"ListItem","position":4,"name":"Kleidung","item":"https:\/\/www.daisho.be\/de\/categorie-produit\/kampfsportarten\/kleidung\/"},{"@type":"ListItem","position":5,"name":"Adidas 2-in-1 Running Short schwarz"}]},{"@type":"WebSite","@id":"https:\/\/www.daisho.be\/de\/#website","url":"https:\/\/www.daisho.be\/de\/","name":"Daisho","description":"Sp&eacute;cialiste de l'&eacute;quipement sportif d'arts martiaux","publisher":{"@id":"https:\/\/www.daisho.be\/de\/#organization"},"potentialAction":[{"@type":"SearchAction","target":{"@type":"EntryPoint","urlTemplate":"https:\/\/www.daisho.be\/de\/?s={search_term_string}"},"query-input":{"@type":"PropertyValueSpecification","valueRequired":true,"valueName":"search_term_string"}}],"inLanguage":"de"},{"@type":"Organization","@id":"https:\/\/www.daisho.be\/de\/#organization","name":"Daisho","url":"https:\/\/www.daisho.be\/de\/","logo":{"@type":"ImageObject","inLanguage":"de","@id":"https:\/\/www.daisho.be\/de\/#\/schema\/logo\/image\/","url":"https:\/\/www.daisho.be\/wp-content\/uploads\/2019\/07\/color-nothing-horizontale4x-e1564486100247.png","contentUrl":"https:\/\/www.daisho.be\/wp-content\/uploads\/2019\/07\/color-nothing-horizontale4x-e1564486100247.png","width":1547,"height":385,"caption":"Daisho"},"image":{"@id":"https:\/\/www.daisho.be\/de\/#\/schema\/logo\/image\/"}}]}},"_links":{"self":[{"href":"https:\/\/www.daisho.be\/de\/wp-json\/wp\/v2\/product\/578386","targetHints":{"allow":["GET"]}}],"collection":[{"href":"https:\/\/www.daisho.be\/de\/wp-json\/wp\/v2\/product"}],"about":[{"href":"https:\/\/www.daisho.be\/de\/wp-json\/wp\/v2\/types\/product"}],"replies":[{"embeddable":true,"href":"https:\/\/www.daisho.be\/de\/wp-json\/wp\/v2\/comments?post=578386"}],"wp:featuredmedia":[{"embeddable":true,"href":"https:\/\/www.daisho.be\/de\/wp-json\/wp\/v2\/media\/578357"}],"wp:attachment":[{"href":"https:\/\/www.daisho.be\/de\/wp-json\/wp\/v2\/media?parent=578386"}],"wp:term":[{"taxonomy":"product_brand","embeddable":true,"href":"https:\/\/www.daisho.be\/de\/wp-json\/wp\/v2\/product_brand?post=578386"},{"taxonomy":"product_cat","embeddable":true,"href":"https:\/\/www.daisho.be\/de\/wp-json\/wp\/v2\/product_cat?post=578386"},{"taxonomy":"product_tag","embeddable":true,"href":"https:\/\/www.daisho.be\/de\/wp-json\/wp\/v2\/product_tag?post=578386"},{"taxonomy":"sport","embeddable":true,"href":"https:\/\/www.daisho.be\/de\/wp-json\/wp\/v2\/sport?post=578386"}],"curies":[{"name":"wp","href":"https:\/\/api.w.org\/{rel}","templated":true}]}}