{"id":571548,"date":"2025-10-20T16:38:44","date_gmt":"2025-10-20T14:38:44","guid":{"rendered":"https:\/\/www.daisho.be\/produit\/karate-helm-mit-visier-wkf-adidas\/"},"modified":"2026-03-24T10:29:02","modified_gmt":"2026-03-24T09:29:02","slug":"karate-helm-mit-visier-wkf-adidas","status":"publish","type":"product","link":"https:\/\/www.daisho.be\/de\/produit\/karate-helm-mit-visier-wkf-adidas\/","title":{"rendered":"Karate-Helm mit Visier WKF adidas"},"content":{"rendered":"<p><span style=\"color:#e60000;font-weight:bold\"><br \/>\n<i class=\"fa fa-clock-o\"><\/i>  VERF\u00dcGBARKEIT VON HELMEN DER GR\u00d6SSE M: MAI 2026<br \/>\n<\/span><\/p>\n<p>Dieser Adidas Karatehelm mit Vollmaske ist von der WKF zugelassen und f\u00fcr Youth League-Wettbewerbe geeignet.<br \/>\nEr bietet eine effektive Sto\u00dfd\u00e4mpfung auf allen Seiten des Kopfes.<br \/>\nSein Polycarbonat-Visier bietet einen leichten und strapazierf\u00e4higen Gesichtsschutz, w\u00e4hrend die integrierten Bel\u00fcftungs\u00f6ffnungen die Atmungsaktivit\u00e4t verbessern.<br \/>\nSein Klettverschluss und das elastische Band sorgen f\u00fcr einen sicheren und bequemen Sitz.<\/p>\n<p>Technische Merkmale<\/p>\n<p>WKF-Zulassung<br \/>\nVerwendung: Youth League-Wettbewerbe<br \/>\nVisier: leichtes und haltbares Polycarbonat<br \/>\n360\u00b0-Schutz: Seiten, oben, vorne, hinten<br \/>\nBel\u00fcftung: L\u00f6cher rund um den Helm<br \/>\nVerschluss: Klettverschluss + elastischer Riemen<br \/>\nFarbe: wei\u00df<\/p>\n<p><span style=\"display: flex;align-items: flex-start\"><img loading=\"lazy\" decoding=\"async\" class=\"alignleft\" src=\"https:\/\/www.daisho.be\/wp-content\/uploads\/2025\/09\/thgm01kt.png\" alt=\"\" width=\"600\" height=\"420\"><\/span><\/p>\n","protected":false},"excerpt":{"rendered":"<p>VERF\u00dcGBARKEIT VON HELMEN DER GR\u00d6SSE M: MAI 2026 Dieser Adidas Karatehelm mit Vollmaske ist von der WKF zugelassen und f\u00fcr Youth League-Wettbewerbe geeignet. Er bietet eine effektive Sto\u00dfd\u00e4mpfung auf allen Seiten des Kopfes. Sein Polycarbonat-Visier bietet einen leichten und strapazierf\u00e4higen Gesichtsschutz, w\u00e4hrend die integrierten Bel\u00fcftungs\u00f6ffnungen die Atmungsaktivit\u00e4t verbessern. Sein Klettverschluss und das elastische Band sorgen [&hellip;]<\/p>\n","protected":false},"featured_media":571577,"comment_status":"open","ping_status":"closed","template":"","meta":{"inline_featured_image":false},"product_brand":[],"product_cat":[2062,2180,2051],"product_tag":[2178],"sport":[],"class_list":{"0":"post-571548","1":"product","2":"type-product","3":"status-publish","4":"has-post-thumbnail","6":"product_cat-karate-schutzkleidung","7":"product_cat-karate-schutzkleidung-adidas","8":"product_cat-schutz","9":"product_tag-adidas-de","10":"pa_size-l","11":"pa_size-m","12":"pa_size-s","13":"pa_size-xl","14":"pa_size-xs","16":"first","17":"instock","18":"taxable","19":"shipping-taxable","20":"purchasable","21":"product-type-variable"},"yoast_head":"<!-- This site is optimized with the Yoast SEO plugin v27.2 - https:\/\/yoast.com\/product\/yoast-seo-wordpress\/ -->\n<title>Karate-Helm mit Visier WKF adidas &#8211; Daisho<\/title>\n<meta name=\"robots\" content=\"index, follow, max-snippet:-1, max-image-preview:large, max-video-preview:-1\" \/>\n<link rel=\"canonical\" href=\"https:\/\/www.daisho.be\/de\/produit\/karate-helm-mit-visier-wkf-adidas\/\" \/>\n<meta property=\"og:locale\" content=\"de_DE\" \/>\n<meta property=\"og:type\" content=\"article\" \/>\n<meta property=\"og:title\" content=\"Karate-Helm mit Visier WKF adidas &#8211; Daisho\" \/>\n<meta property=\"og:description\" content=\"VERF\u00dcGBARKEIT VON HELMEN DER GR\u00d6SSE M: MAI 2026 Dieser Adidas Karatehelm mit Vollmaske ist von der WKF zugelassen und f\u00fcr Youth League-Wettbewerbe geeignet. Er bietet eine effektive Sto\u00dfd\u00e4mpfung auf allen Seiten des Kopfes. Sein Polycarbonat-Visier bietet einen leichten und strapazierf\u00e4higen Gesichtsschutz, w\u00e4hrend die integrierten Bel\u00fcftungs\u00f6ffnungen die Atmungsaktivit\u00e4t verbessern. Sein Klettverschluss und das elastische Band sorgen [&hellip;]\" \/>\n<meta property=\"og:url\" content=\"https:\/\/www.daisho.be\/de\/produit\/karate-helm-mit-visier-wkf-adidas\/\" \/>\n<meta property=\"og:site_name\" content=\"Daisho\" \/>\n<meta property=\"article:modified_time\" content=\"2026-03-24T09:29:02+00:00\" \/>\n<meta property=\"og:image\" content=\"https:\/\/www.daisho.be\/wp-content\/uploads\/2025\/10\/image-5.png\" \/>\n\t<meta property=\"og:image:width\" content=\"683\" \/>\n\t<meta property=\"og:image:height\" content=\"661\" \/>\n\t<meta property=\"og:image:type\" content=\"image\/png\" \/>\n<meta name=\"twitter:card\" content=\"summary_large_image\" \/>\n<meta name=\"twitter:label1\" content=\"Gesch\u00e4tzte Lesezeit\" \/>\n\t<meta name=\"twitter:data1\" content=\"1\u00a0Minute\" \/>\n<script type=\"application\/ld+json\" class=\"yoast-schema-graph\">{\"@context\":\"https:\/\/schema.org\",\"@graph\":[{\"@type\":\"WebPage\",\"@id\":\"https:\/\/www.daisho.be\/de\/produit\/karate-helm-mit-visier-wkf-adidas\/\",\"url\":\"https:\/\/www.daisho.be\/de\/produit\/karate-helm-mit-visier-wkf-adidas\/\",\"name\":\"Karate-Helm mit Visier WKF adidas &#8211; Daisho\",\"isPartOf\":{\"@id\":\"https:\/\/www.daisho.be\/de\/#website\"},\"primaryImageOfPage\":{\"@id\":\"https:\/\/www.daisho.be\/de\/produit\/karate-helm-mit-visier-wkf-adidas\/#primaryimage\"},\"image\":{\"@id\":\"https:\/\/www.daisho.be\/de\/produit\/karate-helm-mit-visier-wkf-adidas\/#primaryimage\"},\"thumbnailUrl\":\"https:\/\/www.daisho.be\/wp-content\/uploads\/2025\/10\/image-5.png\",\"datePublished\":\"2025-10-20T14:38:44+00:00\",\"dateModified\":\"2026-03-24T09:29:02+00:00\",\"breadcrumb\":{\"@id\":\"https:\/\/www.daisho.be\/de\/produit\/karate-helm-mit-visier-wkf-adidas\/#breadcrumb\"},\"inLanguage\":\"de\",\"potentialAction\":[{\"@type\":\"ReadAction\",\"target\":[\"https:\/\/www.daisho.be\/de\/produit\/karate-helm-mit-visier-wkf-adidas\/\"]}]},{\"@type\":\"ImageObject\",\"inLanguage\":\"de\",\"@id\":\"https:\/\/www.daisho.be\/de\/produit\/karate-helm-mit-visier-wkf-adidas\/#primaryimage\",\"url\":\"https:\/\/www.daisho.be\/wp-content\/uploads\/2025\/10\/image-5.png\",\"contentUrl\":\"https:\/\/www.daisho.be\/wp-content\/uploads\/2025\/10\/image-5.png\",\"width\":683,\"height\":661,\"caption\":\"Karate-Helm mit Visier WKF adidas-1\"},{\"@type\":\"BreadcrumbList\",\"@id\":\"https:\/\/www.daisho.be\/de\/produit\/karate-helm-mit-visier-wkf-adidas\/#breadcrumb\",\"itemListElement\":[{\"@type\":\"ListItem\",\"position\":1,\"name\":\"Accueil\",\"item\":\"https:\/\/www.daisho.be\/de\/\"},{\"@type\":\"ListItem\",\"position\":2,\"name\":\"Produkte\",\"item\":\"https:\/\/www.daisho.be\/de\/produkte\/\"},{\"@type\":\"ListItem\",\"position\":3,\"name\":\"Ausr\u00fcstung und Kleidung f\u00fcr Kampfkunst und Kampfsport\",\"item\":\"https:\/\/www.daisho.be\/de\/categorie-produit\/ausrustung-und-kleidung-fur-kampfkunst-und-kampfsport\/\"},{\"@type\":\"ListItem\",\"position\":4,\"name\":\"Karate\",\"item\":\"https:\/\/www.daisho.be\/de\/categorie-produit\/ausrustung-und-kleidung-fur-kampfkunst-und-kampfsport\/karate-de-2\/\"},{\"@type\":\"ListItem\",\"position\":5,\"name\":\"Karate-Schutzkleidung\",\"item\":\"https:\/\/www.daisho.be\/de\/categorie-produit\/ausrustung-und-kleidung-fur-kampfkunst-und-kampfsport\/karate-de-2\/karate-schutzkleidung\/\"},{\"@type\":\"ListItem\",\"position\":6,\"name\":\"Karate-Helm mit Visier WKF adidas\"}]},{\"@type\":\"WebSite\",\"@id\":\"https:\/\/www.daisho.be\/de\/#website\",\"url\":\"https:\/\/www.daisho.be\/de\/\",\"name\":\"Daisho\",\"description\":\"Sp&eacute;cialiste de l'&eacute;quipement sportif d'arts martiaux\",\"publisher\":{\"@id\":\"https:\/\/www.daisho.be\/de\/#organization\"},\"potentialAction\":[{\"@type\":\"SearchAction\",\"target\":{\"@type\":\"EntryPoint\",\"urlTemplate\":\"https:\/\/www.daisho.be\/de\/?s={search_term_string}\"},\"query-input\":{\"@type\":\"PropertyValueSpecification\",\"valueRequired\":true,\"valueName\":\"search_term_string\"}}],\"inLanguage\":\"de\"},{\"@type\":\"Organization\",\"@id\":\"https:\/\/www.daisho.be\/de\/#organization\",\"name\":\"Daisho\",\"url\":\"https:\/\/www.daisho.be\/de\/\",\"logo\":{\"@type\":\"ImageObject\",\"inLanguage\":\"de\",\"@id\":\"https:\/\/www.daisho.be\/de\/#\/schema\/logo\/image\/\",\"url\":\"https:\/\/www.daisho.be\/wp-content\/uploads\/2019\/07\/color-nothing-horizontale4x-e1564486100247.png\",\"contentUrl\":\"https:\/\/www.daisho.be\/wp-content\/uploads\/2019\/07\/color-nothing-horizontale4x-e1564486100247.png\",\"width\":1547,\"height\":385,\"caption\":\"Daisho\"},\"image\":{\"@id\":\"https:\/\/www.daisho.be\/de\/#\/schema\/logo\/image\/\"}}]}<\/script>\n<!-- \/ Yoast SEO plugin. -->","yoast_head_json":{"title":"Karate-Helm mit Visier WKF adidas &#8211; Daisho","robots":{"index":"index","follow":"follow","max-snippet":"max-snippet:-1","max-image-preview":"max-image-preview:large","max-video-preview":"max-video-preview:-1"},"canonical":"https:\/\/www.daisho.be\/de\/produit\/karate-helm-mit-visier-wkf-adidas\/","og_locale":"de_DE","og_type":"article","og_title":"Karate-Helm mit Visier WKF adidas &#8211; Daisho","og_description":"VERF\u00dcGBARKEIT VON HELMEN DER GR\u00d6SSE M: MAI 2026 Dieser Adidas Karatehelm mit Vollmaske ist von der WKF zugelassen und f\u00fcr Youth League-Wettbewerbe geeignet. Er bietet eine effektive Sto\u00dfd\u00e4mpfung auf allen Seiten des Kopfes. Sein Polycarbonat-Visier bietet einen leichten und strapazierf\u00e4higen Gesichtsschutz, w\u00e4hrend die integrierten Bel\u00fcftungs\u00f6ffnungen die Atmungsaktivit\u00e4t verbessern. Sein Klettverschluss und das elastische Band sorgen [&hellip;]","og_url":"https:\/\/www.daisho.be\/de\/produit\/karate-helm-mit-visier-wkf-adidas\/","og_site_name":"Daisho","article_modified_time":"2026-03-24T09:29:02+00:00","og_image":[{"width":683,"height":661,"url":"https:\/\/www.daisho.be\/wp-content\/uploads\/2025\/10\/image-5.png","type":"image\/png"}],"twitter_card":"summary_large_image","twitter_misc":{"Gesch\u00e4tzte Lesezeit":"1\u00a0Minute"},"schema":{"@context":"https:\/\/schema.org","@graph":[{"@type":"WebPage","@id":"https:\/\/www.daisho.be\/de\/produit\/karate-helm-mit-visier-wkf-adidas\/","url":"https:\/\/www.daisho.be\/de\/produit\/karate-helm-mit-visier-wkf-adidas\/","name":"Karate-Helm mit Visier WKF adidas &#8211; Daisho","isPartOf":{"@id":"https:\/\/www.daisho.be\/de\/#website"},"primaryImageOfPage":{"@id":"https:\/\/www.daisho.be\/de\/produit\/karate-helm-mit-visier-wkf-adidas\/#primaryimage"},"image":{"@id":"https:\/\/www.daisho.be\/de\/produit\/karate-helm-mit-visier-wkf-adidas\/#primaryimage"},"thumbnailUrl":"https:\/\/www.daisho.be\/wp-content\/uploads\/2025\/10\/image-5.png","datePublished":"2025-10-20T14:38:44+00:00","dateModified":"2026-03-24T09:29:02+00:00","breadcrumb":{"@id":"https:\/\/www.daisho.be\/de\/produit\/karate-helm-mit-visier-wkf-adidas\/#breadcrumb"},"inLanguage":"de","potentialAction":[{"@type":"ReadAction","target":["https:\/\/www.daisho.be\/de\/produit\/karate-helm-mit-visier-wkf-adidas\/"]}]},{"@type":"ImageObject","inLanguage":"de","@id":"https:\/\/www.daisho.be\/de\/produit\/karate-helm-mit-visier-wkf-adidas\/#primaryimage","url":"https:\/\/www.daisho.be\/wp-content\/uploads\/2025\/10\/image-5.png","contentUrl":"https:\/\/www.daisho.be\/wp-content\/uploads\/2025\/10\/image-5.png","width":683,"height":661,"caption":"Karate-Helm mit Visier WKF adidas-1"},{"@type":"BreadcrumbList","@id":"https:\/\/www.daisho.be\/de\/produit\/karate-helm-mit-visier-wkf-adidas\/#breadcrumb","itemListElement":[{"@type":"ListItem","position":1,"name":"Accueil","item":"https:\/\/www.daisho.be\/de\/"},{"@type":"ListItem","position":2,"name":"Produkte","item":"https:\/\/www.daisho.be\/de\/produkte\/"},{"@type":"ListItem","position":3,"name":"Ausr\u00fcstung und Kleidung f\u00fcr Kampfkunst und Kampfsport","item":"https:\/\/www.daisho.be\/de\/categorie-produit\/ausrustung-und-kleidung-fur-kampfkunst-und-kampfsport\/"},{"@type":"ListItem","position":4,"name":"Karate","item":"https:\/\/www.daisho.be\/de\/categorie-produit\/ausrustung-und-kleidung-fur-kampfkunst-und-kampfsport\/karate-de-2\/"},{"@type":"ListItem","position":5,"name":"Karate-Schutzkleidung","item":"https:\/\/www.daisho.be\/de\/categorie-produit\/ausrustung-und-kleidung-fur-kampfkunst-und-kampfsport\/karate-de-2\/karate-schutzkleidung\/"},{"@type":"ListItem","position":6,"name":"Karate-Helm mit Visier WKF adidas"}]},{"@type":"WebSite","@id":"https:\/\/www.daisho.be\/de\/#website","url":"https:\/\/www.daisho.be\/de\/","name":"Daisho","description":"Sp&eacute;cialiste de l'&eacute;quipement sportif d'arts martiaux","publisher":{"@id":"https:\/\/www.daisho.be\/de\/#organization"},"potentialAction":[{"@type":"SearchAction","target":{"@type":"EntryPoint","urlTemplate":"https:\/\/www.daisho.be\/de\/?s={search_term_string}"},"query-input":{"@type":"PropertyValueSpecification","valueRequired":true,"valueName":"search_term_string"}}],"inLanguage":"de"},{"@type":"Organization","@id":"https:\/\/www.daisho.be\/de\/#organization","name":"Daisho","url":"https:\/\/www.daisho.be\/de\/","logo":{"@type":"ImageObject","inLanguage":"de","@id":"https:\/\/www.daisho.be\/de\/#\/schema\/logo\/image\/","url":"https:\/\/www.daisho.be\/wp-content\/uploads\/2019\/07\/color-nothing-horizontale4x-e1564486100247.png","contentUrl":"https:\/\/www.daisho.be\/wp-content\/uploads\/2019\/07\/color-nothing-horizontale4x-e1564486100247.png","width":1547,"height":385,"caption":"Daisho"},"image":{"@id":"https:\/\/www.daisho.be\/de\/#\/schema\/logo\/image\/"}}]}},"_links":{"self":[{"href":"https:\/\/www.daisho.be\/de\/wp-json\/wp\/v2\/product\/571548","targetHints":{"allow":["GET"]}}],"collection":[{"href":"https:\/\/www.daisho.be\/de\/wp-json\/wp\/v2\/product"}],"about":[{"href":"https:\/\/www.daisho.be\/de\/wp-json\/wp\/v2\/types\/product"}],"replies":[{"embeddable":true,"href":"https:\/\/www.daisho.be\/de\/wp-json\/wp\/v2\/comments?post=571548"}],"wp:featuredmedia":[{"embeddable":true,"href":"https:\/\/www.daisho.be\/de\/wp-json\/wp\/v2\/media\/571577"}],"wp:attachment":[{"href":"https:\/\/www.daisho.be\/de\/wp-json\/wp\/v2\/media?parent=571548"}],"wp:term":[{"taxonomy":"product_brand","embeddable":true,"href":"https:\/\/www.daisho.be\/de\/wp-json\/wp\/v2\/product_brand?post=571548"},{"taxonomy":"product_cat","embeddable":true,"href":"https:\/\/www.daisho.be\/de\/wp-json\/wp\/v2\/product_cat?post=571548"},{"taxonomy":"product_tag","embeddable":true,"href":"https:\/\/www.daisho.be\/de\/wp-json\/wp\/v2\/product_tag?post=571548"},{"taxonomy":"sport","embeddable":true,"href":"https:\/\/www.daisho.be\/de\/wp-json\/wp\/v2\/sport?post=571548"}],"curies":[{"name":"wp","href":"https:\/\/api.w.org\/{rel}","templated":true}]}}