{"id":564863,"date":"2025-10-16T11:23:04","date_gmt":"2025-10-16T09:23:04","guid":{"rendered":"https:\/\/www.daisho.be\/produit\/pao-adidas-standard\/"},"modified":"2025-12-24T16:22:46","modified_gmt":"2025-12-24T15:22:46","slug":"pao-adidas-standard","status":"publish","type":"product","link":"https:\/\/www.daisho.be\/de\/produit\/pao-adidas-standard\/","title":{"rendered":"PAO ADIDAS STANDARD"},"content":{"rendered":"<p>Dieses Pao (Schlagschild) aus verst\u00e4rktem PU wurde entwickelt, um auch dem intensivsten Training standzuhalten.<br \/>\nMit starken Nylonriemen auf der R\u00fcckseite ausgestattet, bietet es einen ausgezeichneten Griff und eine vollst\u00e4ndige Kontrolle \u00fcber die Schl\u00e4ge.<br \/>\nDie Polsterung aus extra starkem Polyetherschaum absorbiert effektiv Schl\u00e4ge und Tritte, begrenzt die Vibrationen und bietet gleichzeitig maximalen Komfort f\u00fcr den Partner.<br \/>\nDie Bel\u00fcftungsl\u00f6cher sorgen daf\u00fcr, dass die Luft bei jedem Aufprall flie\u00dfend entweicht und verhindern, dass sich das Kissen verformt oder rei\u00dft.<\/p>\n<p>Dieser Pao wird mit einem sicheren Rei\u00dfverschluss geschlossen und ist ideal f\u00fcr Clubs, Trainer und anspruchsvolle Praktizierende &#8211; perfekt f\u00fcr sicheres Punch- und Kick-Training.<\/p>\n<p>Merkmale :<\/p>\n<p>Die Beschichtung : Ultra-robuste PU<\/p>\n<p>Schaumstoff: Polyether mit hoher Dichte<\/p>\n<p>Verst\u00e4rkte hintere Nylongurte<\/p>\n<p>Bel\u00fcftungsl\u00f6cher f\u00fcr zus\u00e4tzliche Haltbarkeit<\/p>\n<p>Rei\u00dfverschluss unten f\u00fcr einfache Pflege<\/p>\n<p>Geeignet f\u00fcr alle Niveaus: Anf\u00e4nger bis Profis<\/p>\n<p>Vorteile :<\/p>\n<p>Ausgezeichnete Sto\u00dfd\u00e4mpfung<\/p>\n<p>Stabil und komfortabel in der Anwendung<\/p>\n<p>Sicher f\u00fcr H\u00e4nde und F\u00fc\u00dfe<\/p>\n<p>Optimale Haftung durch starke Riemen<\/p>\n<p>Ideal f\u00fcr Schlag- und Tritt\u00fcbungen in Karate, Kickboxen, Muay Thai oder MMA.<\/p>\n","protected":false},"excerpt":{"rendered":"<p>Dieses Pao (Schlagschild) aus verst\u00e4rktem PU wurde entwickelt, um auch dem intensivsten Training standzuhalten. Mit starken Nylonriemen auf der R\u00fcckseite ausgestattet, bietet es einen ausgezeichneten Griff und eine vollst\u00e4ndige Kontrolle \u00fcber die Schl\u00e4ge. Die Polsterung aus extra starkem Polyetherschaum absorbiert effektiv Schl\u00e4ge und Tritte, begrenzt die Vibrationen und bietet gleichzeitig maximalen Komfort f\u00fcr den Partner. [&hellip;]<\/p>\n","protected":false},"featured_media":564837,"comment_status":"open","ping_status":"closed","template":"","meta":{"inline_featured_image":false},"product_brand":[],"product_cat":[2132,2252,2251,2055],"product_tag":[2178],"sport":[],"class_list":{"0":"post-564863","1":"product","2":"type-product","3":"status-publish","4":"has-post-thumbnail","6":"product_cat-boxsacke","7":"product_cat-boxsacke-und-trainingszubehor","8":"product_cat-boxsacke-und-trainingszubehor-karate","9":"product_cat-karate-trainingsmaterial","10":"product_tag-adidas-de","11":"pa_size-sans-taille-defaut","13":"first","14":"instock","15":"taxable","16":"shipping-taxable","17":"purchasable","18":"product-type-variable"},"yoast_head":"<!-- This site is optimized with the Yoast SEO plugin v27.2 - https:\/\/yoast.com\/product\/yoast-seo-wordpress\/ -->\n<title>PAO ADIDAS STANDARD &#8211; Daisho<\/title>\n<meta name=\"robots\" content=\"index, follow, max-snippet:-1, max-image-preview:large, max-video-preview:-1\" \/>\n<link rel=\"canonical\" href=\"https:\/\/www.daisho.be\/de\/produit\/pao-adidas-standard\/\" \/>\n<meta property=\"og:locale\" content=\"de_DE\" \/>\n<meta property=\"og:type\" content=\"article\" \/>\n<meta property=\"og:title\" content=\"PAO ADIDAS STANDARD &#8211; Daisho\" \/>\n<meta property=\"og:description\" content=\"Dieses Pao (Schlagschild) aus verst\u00e4rktem PU wurde entwickelt, um auch dem intensivsten Training standzuhalten. Mit starken Nylonriemen auf der R\u00fcckseite ausgestattet, bietet es einen ausgezeichneten Griff und eine vollst\u00e4ndige Kontrolle \u00fcber die Schl\u00e4ge. Die Polsterung aus extra starkem Polyetherschaum absorbiert effektiv Schl\u00e4ge und Tritte, begrenzt die Vibrationen und bietet gleichzeitig maximalen Komfort f\u00fcr den Partner. [&hellip;]\" \/>\n<meta property=\"og:url\" content=\"https:\/\/www.daisho.be\/de\/produit\/pao-adidas-standard\/\" \/>\n<meta property=\"og:site_name\" content=\"Daisho\" \/>\n<meta property=\"article:modified_time\" content=\"2025-12-24T15:22:46+00:00\" \/>\n<meta property=\"og:image\" content=\"https:\/\/www.daisho.be\/wp-content\/uploads\/2025\/10\/image-25.jpg\" \/>\n\t<meta property=\"og:image:width\" content=\"650\" \/>\n\t<meta property=\"og:image:height\" content=\"650\" \/>\n\t<meta property=\"og:image:type\" content=\"image\/jpeg\" \/>\n<meta name=\"twitter:card\" content=\"summary_large_image\" \/>\n<meta name=\"twitter:label1\" content=\"Gesch\u00e4tzte Lesezeit\" \/>\n\t<meta name=\"twitter:data1\" content=\"1\u00a0Minute\" \/>\n<script type=\"application\/ld+json\" class=\"yoast-schema-graph\">{\"@context\":\"https:\/\/schema.org\",\"@graph\":[{\"@type\":\"WebPage\",\"@id\":\"https:\/\/www.daisho.be\/de\/produit\/pao-adidas-standard\/\",\"url\":\"https:\/\/www.daisho.be\/de\/produit\/pao-adidas-standard\/\",\"name\":\"PAO ADIDAS STANDARD &#8211; Daisho\",\"isPartOf\":{\"@id\":\"https:\/\/www.daisho.be\/de\/#website\"},\"primaryImageOfPage\":{\"@id\":\"https:\/\/www.daisho.be\/de\/produit\/pao-adidas-standard\/#primaryimage\"},\"image\":{\"@id\":\"https:\/\/www.daisho.be\/de\/produit\/pao-adidas-standard\/#primaryimage\"},\"thumbnailUrl\":\"https:\/\/www.daisho.be\/wp-content\/uploads\/2025\/10\/image-25.jpg\",\"datePublished\":\"2025-10-16T09:23:04+00:00\",\"dateModified\":\"2025-12-24T15:22:46+00:00\",\"breadcrumb\":{\"@id\":\"https:\/\/www.daisho.be\/de\/produit\/pao-adidas-standard\/#breadcrumb\"},\"inLanguage\":\"de\",\"potentialAction\":[{\"@type\":\"ReadAction\",\"target\":[\"https:\/\/www.daisho.be\/de\/produit\/pao-adidas-standard\/\"]}]},{\"@type\":\"ImageObject\",\"inLanguage\":\"de\",\"@id\":\"https:\/\/www.daisho.be\/de\/produit\/pao-adidas-standard\/#primaryimage\",\"url\":\"https:\/\/www.daisho.be\/wp-content\/uploads\/2025\/10\/image-25.jpg\",\"contentUrl\":\"https:\/\/www.daisho.be\/wp-content\/uploads\/2025\/10\/image-25.jpg\",\"width\":650,\"height\":650,\"caption\":\"PAO ADIDAS STANDARD-1\"},{\"@type\":\"BreadcrumbList\",\"@id\":\"https:\/\/www.daisho.be\/de\/produit\/pao-adidas-standard\/#breadcrumb\",\"itemListElement\":[{\"@type\":\"ListItem\",\"position\":1,\"name\":\"Accueil\",\"item\":\"https:\/\/www.daisho.be\/de\/\"},{\"@type\":\"ListItem\",\"position\":2,\"name\":\"Produkte\",\"item\":\"https:\/\/www.daisho.be\/de\/produkte\/\"},{\"@type\":\"ListItem\",\"position\":3,\"name\":\"ADIDAS COMBAT SPORTS\",\"item\":\"https:\/\/www.daisho.be\/de\/categorie-produit\/adidas-combat-sports-de\/\"},{\"@type\":\"ListItem\",\"position\":4,\"name\":\"MMA\",\"item\":\"https:\/\/www.daisho.be\/de\/categorie-produit\/adidas-combat-sports-de\/mma-de\/\"},{\"@type\":\"ListItem\",\"position\":5,\"name\":\"Boxs\u00e4cke und Trainingszubeh\u00f6r\",\"item\":\"https:\/\/www.daisho.be\/de\/categorie-produit\/adidas-combat-sports-de\/mma-de\/boxsacke-und-trainingszubehor\/\"},{\"@type\":\"ListItem\",\"position\":6,\"name\":\"PAO ADIDAS STANDARD\"}]},{\"@type\":\"WebSite\",\"@id\":\"https:\/\/www.daisho.be\/de\/#website\",\"url\":\"https:\/\/www.daisho.be\/de\/\",\"name\":\"Daisho\",\"description\":\"Sp&eacute;cialiste de l'&eacute;quipement sportif d'arts martiaux\",\"publisher\":{\"@id\":\"https:\/\/www.daisho.be\/de\/#organization\"},\"potentialAction\":[{\"@type\":\"SearchAction\",\"target\":{\"@type\":\"EntryPoint\",\"urlTemplate\":\"https:\/\/www.daisho.be\/de\/?s={search_term_string}\"},\"query-input\":{\"@type\":\"PropertyValueSpecification\",\"valueRequired\":true,\"valueName\":\"search_term_string\"}}],\"inLanguage\":\"de\"},{\"@type\":\"Organization\",\"@id\":\"https:\/\/www.daisho.be\/de\/#organization\",\"name\":\"Daisho\",\"url\":\"https:\/\/www.daisho.be\/de\/\",\"logo\":{\"@type\":\"ImageObject\",\"inLanguage\":\"de\",\"@id\":\"https:\/\/www.daisho.be\/de\/#\/schema\/logo\/image\/\",\"url\":\"https:\/\/www.daisho.be\/wp-content\/uploads\/2019\/07\/color-nothing-horizontale4x-e1564486100247.png\",\"contentUrl\":\"https:\/\/www.daisho.be\/wp-content\/uploads\/2019\/07\/color-nothing-horizontale4x-e1564486100247.png\",\"width\":1547,\"height\":385,\"caption\":\"Daisho\"},\"image\":{\"@id\":\"https:\/\/www.daisho.be\/de\/#\/schema\/logo\/image\/\"}}]}<\/script>\n<!-- \/ Yoast SEO plugin. -->","yoast_head_json":{"title":"PAO ADIDAS STANDARD &#8211; Daisho","robots":{"index":"index","follow":"follow","max-snippet":"max-snippet:-1","max-image-preview":"max-image-preview:large","max-video-preview":"max-video-preview:-1"},"canonical":"https:\/\/www.daisho.be\/de\/produit\/pao-adidas-standard\/","og_locale":"de_DE","og_type":"article","og_title":"PAO ADIDAS STANDARD &#8211; Daisho","og_description":"Dieses Pao (Schlagschild) aus verst\u00e4rktem PU wurde entwickelt, um auch dem intensivsten Training standzuhalten. Mit starken Nylonriemen auf der R\u00fcckseite ausgestattet, bietet es einen ausgezeichneten Griff und eine vollst\u00e4ndige Kontrolle \u00fcber die Schl\u00e4ge. Die Polsterung aus extra starkem Polyetherschaum absorbiert effektiv Schl\u00e4ge und Tritte, begrenzt die Vibrationen und bietet gleichzeitig maximalen Komfort f\u00fcr den Partner. [&hellip;]","og_url":"https:\/\/www.daisho.be\/de\/produit\/pao-adidas-standard\/","og_site_name":"Daisho","article_modified_time":"2025-12-24T15:22:46+00:00","og_image":[{"width":650,"height":650,"url":"https:\/\/www.daisho.be\/wp-content\/uploads\/2025\/10\/image-25.jpg","type":"image\/jpeg"}],"twitter_card":"summary_large_image","twitter_misc":{"Gesch\u00e4tzte Lesezeit":"1\u00a0Minute"},"schema":{"@context":"https:\/\/schema.org","@graph":[{"@type":"WebPage","@id":"https:\/\/www.daisho.be\/de\/produit\/pao-adidas-standard\/","url":"https:\/\/www.daisho.be\/de\/produit\/pao-adidas-standard\/","name":"PAO ADIDAS STANDARD &#8211; Daisho","isPartOf":{"@id":"https:\/\/www.daisho.be\/de\/#website"},"primaryImageOfPage":{"@id":"https:\/\/www.daisho.be\/de\/produit\/pao-adidas-standard\/#primaryimage"},"image":{"@id":"https:\/\/www.daisho.be\/de\/produit\/pao-adidas-standard\/#primaryimage"},"thumbnailUrl":"https:\/\/www.daisho.be\/wp-content\/uploads\/2025\/10\/image-25.jpg","datePublished":"2025-10-16T09:23:04+00:00","dateModified":"2025-12-24T15:22:46+00:00","breadcrumb":{"@id":"https:\/\/www.daisho.be\/de\/produit\/pao-adidas-standard\/#breadcrumb"},"inLanguage":"de","potentialAction":[{"@type":"ReadAction","target":["https:\/\/www.daisho.be\/de\/produit\/pao-adidas-standard\/"]}]},{"@type":"ImageObject","inLanguage":"de","@id":"https:\/\/www.daisho.be\/de\/produit\/pao-adidas-standard\/#primaryimage","url":"https:\/\/www.daisho.be\/wp-content\/uploads\/2025\/10\/image-25.jpg","contentUrl":"https:\/\/www.daisho.be\/wp-content\/uploads\/2025\/10\/image-25.jpg","width":650,"height":650,"caption":"PAO ADIDAS STANDARD-1"},{"@type":"BreadcrumbList","@id":"https:\/\/www.daisho.be\/de\/produit\/pao-adidas-standard\/#breadcrumb","itemListElement":[{"@type":"ListItem","position":1,"name":"Accueil","item":"https:\/\/www.daisho.be\/de\/"},{"@type":"ListItem","position":2,"name":"Produkte","item":"https:\/\/www.daisho.be\/de\/produkte\/"},{"@type":"ListItem","position":3,"name":"ADIDAS COMBAT SPORTS","item":"https:\/\/www.daisho.be\/de\/categorie-produit\/adidas-combat-sports-de\/"},{"@type":"ListItem","position":4,"name":"MMA","item":"https:\/\/www.daisho.be\/de\/categorie-produit\/adidas-combat-sports-de\/mma-de\/"},{"@type":"ListItem","position":5,"name":"Boxs\u00e4cke und Trainingszubeh\u00f6r","item":"https:\/\/www.daisho.be\/de\/categorie-produit\/adidas-combat-sports-de\/mma-de\/boxsacke-und-trainingszubehor\/"},{"@type":"ListItem","position":6,"name":"PAO ADIDAS STANDARD"}]},{"@type":"WebSite","@id":"https:\/\/www.daisho.be\/de\/#website","url":"https:\/\/www.daisho.be\/de\/","name":"Daisho","description":"Sp&eacute;cialiste de l'&eacute;quipement sportif d'arts martiaux","publisher":{"@id":"https:\/\/www.daisho.be\/de\/#organization"},"potentialAction":[{"@type":"SearchAction","target":{"@type":"EntryPoint","urlTemplate":"https:\/\/www.daisho.be\/de\/?s={search_term_string}"},"query-input":{"@type":"PropertyValueSpecification","valueRequired":true,"valueName":"search_term_string"}}],"inLanguage":"de"},{"@type":"Organization","@id":"https:\/\/www.daisho.be\/de\/#organization","name":"Daisho","url":"https:\/\/www.daisho.be\/de\/","logo":{"@type":"ImageObject","inLanguage":"de","@id":"https:\/\/www.daisho.be\/de\/#\/schema\/logo\/image\/","url":"https:\/\/www.daisho.be\/wp-content\/uploads\/2019\/07\/color-nothing-horizontale4x-e1564486100247.png","contentUrl":"https:\/\/www.daisho.be\/wp-content\/uploads\/2019\/07\/color-nothing-horizontale4x-e1564486100247.png","width":1547,"height":385,"caption":"Daisho"},"image":{"@id":"https:\/\/www.daisho.be\/de\/#\/schema\/logo\/image\/"}}]}},"_links":{"self":[{"href":"https:\/\/www.daisho.be\/de\/wp-json\/wp\/v2\/product\/564863","targetHints":{"allow":["GET"]}}],"collection":[{"href":"https:\/\/www.daisho.be\/de\/wp-json\/wp\/v2\/product"}],"about":[{"href":"https:\/\/www.daisho.be\/de\/wp-json\/wp\/v2\/types\/product"}],"replies":[{"embeddable":true,"href":"https:\/\/www.daisho.be\/de\/wp-json\/wp\/v2\/comments?post=564863"}],"wp:featuredmedia":[{"embeddable":true,"href":"https:\/\/www.daisho.be\/de\/wp-json\/wp\/v2\/media\/564837"}],"wp:attachment":[{"href":"https:\/\/www.daisho.be\/de\/wp-json\/wp\/v2\/media?parent=564863"}],"wp:term":[{"taxonomy":"product_brand","embeddable":true,"href":"https:\/\/www.daisho.be\/de\/wp-json\/wp\/v2\/product_brand?post=564863"},{"taxonomy":"product_cat","embeddable":true,"href":"https:\/\/www.daisho.be\/de\/wp-json\/wp\/v2\/product_cat?post=564863"},{"taxonomy":"product_tag","embeddable":true,"href":"https:\/\/www.daisho.be\/de\/wp-json\/wp\/v2\/product_tag?post=564863"},{"taxonomy":"sport","embeddable":true,"href":"https:\/\/www.daisho.be\/de\/wp-json\/wp\/v2\/sport?post=564863"}],"curies":[{"name":"wp","href":"https:\/\/api.w.org\/{rel}","templated":true}]}}