{"id":563751,"date":"2025-10-12T14:04:42","date_gmt":"2025-10-12T12:04:42","guid":{"rendered":"https:\/\/www.daisho.be\/produit\/4tactical-body-armor-set-mutant-tactical-body-armor-set-mutant\/"},"modified":"2026-04-01T16:52:55","modified_gmt":"2026-04-01T14:52:55","slug":"4tactical-body-armor-set-mutant-tactical-body-armor-set-mutant","status":"publish","type":"product","link":"https:\/\/www.daisho.be\/de\/produit\/4tactical-body-armor-set-mutant-tactical-body-armor-set-mutant\/","title":{"rendered":"4Tactical Body Armor Set &#8222;Mutant&#8220; (Tactical Body Armor Set &#8222;Mutant&#8220;)"},"content":{"rendered":"<p>4Tactical Body Armor Set &#8222;Mutant&#8220; &#8211; Vollschutzausr\u00fcstung f\u00fcr professionelles Training<br \/>\nDieses Vollschutzset wurde f\u00fcr die anspruchsvollen Bed\u00fcrfnisse von Ordnungskr\u00e4ften, Milit\u00e4reinheiten und Sicherheitspersonal entwickelt und bietet ein realistisches und sicheres Training ohne Kompromisse.<br \/>\nDank seiner Struktur aus hochwertigen Sandwich-Schaumstoffen und motorrad\u00e4hnlichen Kunststoffeins\u00e4tzen bietet er eine optimale Sto\u00dfd\u00e4mpfung und gleichzeitig volle Bewegungsfreiheit.<br \/>\nJedes Element ist nummeriert, um das Anlegen und die individuelle Anpassung mit Hilfe von strapazierf\u00e4higen Klettverschl\u00fcssen zu erleichtern.<br \/>\nDie innere Bel\u00fcftung aus Polyester-Mesh verbessert den Komfort auch bei intensiver Anstrengung.<br \/>\nWerden Sie zum idealen Trainingspartner, stark und beweglich<\/p>\n<p>Technische Merkmale<br \/>\nAu\u00dfenseite: 100 % Polyester<br \/>\nPolsterung: Mehrschichtiger Schaumstoff, Kunststoffeins\u00e4tze<br \/>\nInnenseite: 100 % Polyester Mesh<\/p>\n<p>Das Schutzset umfasst im Einzelnen :<br \/>\n&#8211; 1 Schutzhelm mit Vollvisier, Kinn- und Nackenschutz<br \/>\n&#8211; 1 Halsband<br \/>\n&#8211; 2 Handsch\u00fctzer<br \/>\n&#8211; 2 Unterarmsch\u00fctzer mit Ellbogenschutz<br \/>\n&#8211; 1 Schutz der Brust und des R\u00fcckens<br \/>\n&#8211; 1 knielange Schutzhose mit niedrigem Schutz<br \/>\n&#8211; 2 Schienbeinsch\u00fctzer mit Kniesch\u00fctzern<br \/>\n&#8211; 2 Kniesch\u00fctzer<\/p>\n","protected":false},"excerpt":{"rendered":"<p>4Tactical Body Armor Set &#8222;Mutant&#8220; &#8211; Vollschutzausr\u00fcstung f\u00fcr professionelles Training Dieses Vollschutzset wurde f\u00fcr die anspruchsvollen Bed\u00fcrfnisse von Ordnungskr\u00e4ften, Milit\u00e4reinheiten und Sicherheitspersonal entwickelt und bietet ein realistisches und sicheres Training ohne Kompromisse. Dank seiner Struktur aus hochwertigen Sandwich-Schaumstoffen und motorrad\u00e4hnlichen Kunststoffeins\u00e4tzen bietet er eine optimale Sto\u00dfd\u00e4mpfung und gleichzeitig volle Bewegungsfreiheit. Jedes Element ist nummeriert, um [&hellip;]<\/p>\n","protected":false},"featured_media":563680,"comment_status":"open","ping_status":"closed","template":"","meta":{"inline_featured_image":false},"product_brand":[],"product_cat":[2051],"product_tag":[2531],"sport":[],"class_list":{"0":"post-563751","1":"product","2":"type-product","3":"status-publish","4":"has-post-thumbnail","6":"product_cat-schutz","7":"product_tag-top-ten","8":"pa_size-sans-taille-defaut","10":"first","11":"instock","12":"taxable","13":"shipping-taxable","14":"purchasable","15":"product-type-simple"},"yoast_head":"<!-- This site is optimized with the Yoast SEO plugin v27.2 - https:\/\/yoast.com\/product\/yoast-seo-wordpress\/ -->\n<title>4Tactical Body Armor Set &quot;Mutant&quot; (Tactical Body Armor Set &quot;Mutant&quot;) &#8211; Daisho<\/title>\n<meta name=\"robots\" content=\"index, follow, max-snippet:-1, max-image-preview:large, max-video-preview:-1\" \/>\n<link rel=\"canonical\" href=\"https:\/\/www.daisho.be\/de\/produit\/4tactical-body-armor-set-mutant-tactical-body-armor-set-mutant\/\" \/>\n<meta property=\"og:locale\" content=\"de_DE\" \/>\n<meta property=\"og:type\" content=\"article\" \/>\n<meta property=\"og:title\" content=\"4Tactical Body Armor Set &quot;Mutant&quot; (Tactical Body Armor Set &quot;Mutant&quot;) &#8211; Daisho\" \/>\n<meta property=\"og:description\" content=\"4Tactical Body Armor Set &#8222;Mutant&#8220; &#8211; Vollschutzausr\u00fcstung f\u00fcr professionelles Training Dieses Vollschutzset wurde f\u00fcr die anspruchsvollen Bed\u00fcrfnisse von Ordnungskr\u00e4ften, Milit\u00e4reinheiten und Sicherheitspersonal entwickelt und bietet ein realistisches und sicheres Training ohne Kompromisse. Dank seiner Struktur aus hochwertigen Sandwich-Schaumstoffen und motorrad\u00e4hnlichen Kunststoffeins\u00e4tzen bietet er eine optimale Sto\u00dfd\u00e4mpfung und gleichzeitig volle Bewegungsfreiheit. Jedes Element ist nummeriert, um [&hellip;]\" \/>\n<meta property=\"og:url\" content=\"https:\/\/www.daisho.be\/de\/produit\/4tactical-body-armor-set-mutant-tactical-body-armor-set-mutant\/\" \/>\n<meta property=\"og:site_name\" content=\"Daisho\" \/>\n<meta property=\"article:modified_time\" content=\"2026-04-01T14:52:55+00:00\" \/>\n<meta property=\"og:image\" content=\"https:\/\/www.daisho.be\/wp-content\/uploads\/2025\/10\/image-5.jpg\" \/>\n\t<meta property=\"og:image:width\" content=\"700\" \/>\n\t<meta property=\"og:image:height\" content=\"700\" \/>\n\t<meta property=\"og:image:type\" content=\"image\/jpeg\" \/>\n<meta name=\"twitter:card\" content=\"summary_large_image\" \/>\n<meta name=\"twitter:label1\" content=\"Gesch\u00e4tzte Lesezeit\" \/>\n\t<meta name=\"twitter:data1\" content=\"1\u00a0Minute\" \/>\n<script type=\"application\/ld+json\" class=\"yoast-schema-graph\">{\"@context\":\"https:\/\/schema.org\",\"@graph\":[{\"@type\":\"WebPage\",\"@id\":\"https:\/\/www.daisho.be\/de\/produit\/4tactical-body-armor-set-mutant-tactical-body-armor-set-mutant\/\",\"url\":\"https:\/\/www.daisho.be\/de\/produit\/4tactical-body-armor-set-mutant-tactical-body-armor-set-mutant\/\",\"name\":\"4Tactical Body Armor Set \\\"Mutant\\\" (Tactical Body Armor Set \\\"Mutant\\\") &#8211; Daisho\",\"isPartOf\":{\"@id\":\"https:\/\/www.daisho.be\/de\/#website\"},\"primaryImageOfPage\":{\"@id\":\"https:\/\/www.daisho.be\/de\/produit\/4tactical-body-armor-set-mutant-tactical-body-armor-set-mutant\/#primaryimage\"},\"image\":{\"@id\":\"https:\/\/www.daisho.be\/de\/produit\/4tactical-body-armor-set-mutant-tactical-body-armor-set-mutant\/#primaryimage\"},\"thumbnailUrl\":\"https:\/\/www.daisho.be\/wp-content\/uploads\/2025\/10\/image-5.jpg\",\"datePublished\":\"2025-10-12T12:04:42+00:00\",\"dateModified\":\"2026-04-01T14:52:55+00:00\",\"breadcrumb\":{\"@id\":\"https:\/\/www.daisho.be\/de\/produit\/4tactical-body-armor-set-mutant-tactical-body-armor-set-mutant\/#breadcrumb\"},\"inLanguage\":\"de\",\"potentialAction\":[{\"@type\":\"ReadAction\",\"target\":[\"https:\/\/www.daisho.be\/de\/produit\/4tactical-body-armor-set-mutant-tactical-body-armor-set-mutant\/\"]}]},{\"@type\":\"ImageObject\",\"inLanguage\":\"de\",\"@id\":\"https:\/\/www.daisho.be\/de\/produit\/4tactical-body-armor-set-mutant-tactical-body-armor-set-mutant\/#primaryimage\",\"url\":\"https:\/\/www.daisho.be\/wp-content\/uploads\/2025\/10\/image-5.jpg\",\"contentUrl\":\"https:\/\/www.daisho.be\/wp-content\/uploads\/2025\/10\/image-5.jpg\",\"width\":700,\"height\":700,\"caption\":\"4Tactical Body Armor Set \\\"Mutant\\\"-1\"},{\"@type\":\"BreadcrumbList\",\"@id\":\"https:\/\/www.daisho.be\/de\/produit\/4tactical-body-armor-set-mutant-tactical-body-armor-set-mutant\/#breadcrumb\",\"itemListElement\":[{\"@type\":\"ListItem\",\"position\":1,\"name\":\"Accueil\",\"item\":\"https:\/\/www.daisho.be\/de\/\"},{\"@type\":\"ListItem\",\"position\":2,\"name\":\"Produkte\",\"item\":\"https:\/\/www.daisho.be\/de\/produkte\/\"},{\"@type\":\"ListItem\",\"position\":3,\"name\":\"Kampfsportarten\",\"item\":\"https:\/\/www.daisho.be\/de\/categorie-produit\/kampfsportarten\/\"},{\"@type\":\"ListItem\",\"position\":4,\"name\":\"Schutz\",\"item\":\"https:\/\/www.daisho.be\/de\/categorie-produit\/kampfsportarten\/schutz\/\"},{\"@type\":\"ListItem\",\"position\":5,\"name\":\"4Tactical Body Armor Set \u00ab\u00a0Mutant\u00a0\u00bb (Tactical Body Armor Set \u00ab\u00a0Mutant\u00a0\u00bb)\"}]},{\"@type\":\"WebSite\",\"@id\":\"https:\/\/www.daisho.be\/de\/#website\",\"url\":\"https:\/\/www.daisho.be\/de\/\",\"name\":\"Daisho\",\"description\":\"Sp&eacute;cialiste de l'&eacute;quipement sportif d'arts martiaux\",\"publisher\":{\"@id\":\"https:\/\/www.daisho.be\/de\/#organization\"},\"potentialAction\":[{\"@type\":\"SearchAction\",\"target\":{\"@type\":\"EntryPoint\",\"urlTemplate\":\"https:\/\/www.daisho.be\/de\/?s={search_term_string}\"},\"query-input\":{\"@type\":\"PropertyValueSpecification\",\"valueRequired\":true,\"valueName\":\"search_term_string\"}}],\"inLanguage\":\"de\"},{\"@type\":\"Organization\",\"@id\":\"https:\/\/www.daisho.be\/de\/#organization\",\"name\":\"Daisho\",\"url\":\"https:\/\/www.daisho.be\/de\/\",\"logo\":{\"@type\":\"ImageObject\",\"inLanguage\":\"de\",\"@id\":\"https:\/\/www.daisho.be\/de\/#\/schema\/logo\/image\/\",\"url\":\"https:\/\/www.daisho.be\/wp-content\/uploads\/2019\/07\/color-nothing-horizontale4x-e1564486100247.png\",\"contentUrl\":\"https:\/\/www.daisho.be\/wp-content\/uploads\/2019\/07\/color-nothing-horizontale4x-e1564486100247.png\",\"width\":1547,\"height\":385,\"caption\":\"Daisho\"},\"image\":{\"@id\":\"https:\/\/www.daisho.be\/de\/#\/schema\/logo\/image\/\"}}]}<\/script>\n<!-- \/ Yoast SEO plugin. -->","yoast_head_json":{"title":"4Tactical Body Armor Set \"Mutant\" (Tactical Body Armor Set \"Mutant\") &#8211; Daisho","robots":{"index":"index","follow":"follow","max-snippet":"max-snippet:-1","max-image-preview":"max-image-preview:large","max-video-preview":"max-video-preview:-1"},"canonical":"https:\/\/www.daisho.be\/de\/produit\/4tactical-body-armor-set-mutant-tactical-body-armor-set-mutant\/","og_locale":"de_DE","og_type":"article","og_title":"4Tactical Body Armor Set \"Mutant\" (Tactical Body Armor Set \"Mutant\") &#8211; Daisho","og_description":"4Tactical Body Armor Set &#8222;Mutant&#8220; &#8211; Vollschutzausr\u00fcstung f\u00fcr professionelles Training Dieses Vollschutzset wurde f\u00fcr die anspruchsvollen Bed\u00fcrfnisse von Ordnungskr\u00e4ften, Milit\u00e4reinheiten und Sicherheitspersonal entwickelt und bietet ein realistisches und sicheres Training ohne Kompromisse. Dank seiner Struktur aus hochwertigen Sandwich-Schaumstoffen und motorrad\u00e4hnlichen Kunststoffeins\u00e4tzen bietet er eine optimale Sto\u00dfd\u00e4mpfung und gleichzeitig volle Bewegungsfreiheit. Jedes Element ist nummeriert, um [&hellip;]","og_url":"https:\/\/www.daisho.be\/de\/produit\/4tactical-body-armor-set-mutant-tactical-body-armor-set-mutant\/","og_site_name":"Daisho","article_modified_time":"2026-04-01T14:52:55+00:00","og_image":[{"width":700,"height":700,"url":"https:\/\/www.daisho.be\/wp-content\/uploads\/2025\/10\/image-5.jpg","type":"image\/jpeg"}],"twitter_card":"summary_large_image","twitter_misc":{"Gesch\u00e4tzte Lesezeit":"1\u00a0Minute"},"schema":{"@context":"https:\/\/schema.org","@graph":[{"@type":"WebPage","@id":"https:\/\/www.daisho.be\/de\/produit\/4tactical-body-armor-set-mutant-tactical-body-armor-set-mutant\/","url":"https:\/\/www.daisho.be\/de\/produit\/4tactical-body-armor-set-mutant-tactical-body-armor-set-mutant\/","name":"4Tactical Body Armor Set \"Mutant\" (Tactical Body Armor Set \"Mutant\") &#8211; Daisho","isPartOf":{"@id":"https:\/\/www.daisho.be\/de\/#website"},"primaryImageOfPage":{"@id":"https:\/\/www.daisho.be\/de\/produit\/4tactical-body-armor-set-mutant-tactical-body-armor-set-mutant\/#primaryimage"},"image":{"@id":"https:\/\/www.daisho.be\/de\/produit\/4tactical-body-armor-set-mutant-tactical-body-armor-set-mutant\/#primaryimage"},"thumbnailUrl":"https:\/\/www.daisho.be\/wp-content\/uploads\/2025\/10\/image-5.jpg","datePublished":"2025-10-12T12:04:42+00:00","dateModified":"2026-04-01T14:52:55+00:00","breadcrumb":{"@id":"https:\/\/www.daisho.be\/de\/produit\/4tactical-body-armor-set-mutant-tactical-body-armor-set-mutant\/#breadcrumb"},"inLanguage":"de","potentialAction":[{"@type":"ReadAction","target":["https:\/\/www.daisho.be\/de\/produit\/4tactical-body-armor-set-mutant-tactical-body-armor-set-mutant\/"]}]},{"@type":"ImageObject","inLanguage":"de","@id":"https:\/\/www.daisho.be\/de\/produit\/4tactical-body-armor-set-mutant-tactical-body-armor-set-mutant\/#primaryimage","url":"https:\/\/www.daisho.be\/wp-content\/uploads\/2025\/10\/image-5.jpg","contentUrl":"https:\/\/www.daisho.be\/wp-content\/uploads\/2025\/10\/image-5.jpg","width":700,"height":700,"caption":"4Tactical Body Armor Set \"Mutant\"-1"},{"@type":"BreadcrumbList","@id":"https:\/\/www.daisho.be\/de\/produit\/4tactical-body-armor-set-mutant-tactical-body-armor-set-mutant\/#breadcrumb","itemListElement":[{"@type":"ListItem","position":1,"name":"Accueil","item":"https:\/\/www.daisho.be\/de\/"},{"@type":"ListItem","position":2,"name":"Produkte","item":"https:\/\/www.daisho.be\/de\/produkte\/"},{"@type":"ListItem","position":3,"name":"Kampfsportarten","item":"https:\/\/www.daisho.be\/de\/categorie-produit\/kampfsportarten\/"},{"@type":"ListItem","position":4,"name":"Schutz","item":"https:\/\/www.daisho.be\/de\/categorie-produit\/kampfsportarten\/schutz\/"},{"@type":"ListItem","position":5,"name":"4Tactical Body Armor Set \u00ab\u00a0Mutant\u00a0\u00bb (Tactical Body Armor Set \u00ab\u00a0Mutant\u00a0\u00bb)"}]},{"@type":"WebSite","@id":"https:\/\/www.daisho.be\/de\/#website","url":"https:\/\/www.daisho.be\/de\/","name":"Daisho","description":"Sp&eacute;cialiste de l'&eacute;quipement sportif d'arts martiaux","publisher":{"@id":"https:\/\/www.daisho.be\/de\/#organization"},"potentialAction":[{"@type":"SearchAction","target":{"@type":"EntryPoint","urlTemplate":"https:\/\/www.daisho.be\/de\/?s={search_term_string}"},"query-input":{"@type":"PropertyValueSpecification","valueRequired":true,"valueName":"search_term_string"}}],"inLanguage":"de"},{"@type":"Organization","@id":"https:\/\/www.daisho.be\/de\/#organization","name":"Daisho","url":"https:\/\/www.daisho.be\/de\/","logo":{"@type":"ImageObject","inLanguage":"de","@id":"https:\/\/www.daisho.be\/de\/#\/schema\/logo\/image\/","url":"https:\/\/www.daisho.be\/wp-content\/uploads\/2019\/07\/color-nothing-horizontale4x-e1564486100247.png","contentUrl":"https:\/\/www.daisho.be\/wp-content\/uploads\/2019\/07\/color-nothing-horizontale4x-e1564486100247.png","width":1547,"height":385,"caption":"Daisho"},"image":{"@id":"https:\/\/www.daisho.be\/de\/#\/schema\/logo\/image\/"}}]}},"_links":{"self":[{"href":"https:\/\/www.daisho.be\/de\/wp-json\/wp\/v2\/product\/563751","targetHints":{"allow":["GET"]}}],"collection":[{"href":"https:\/\/www.daisho.be\/de\/wp-json\/wp\/v2\/product"}],"about":[{"href":"https:\/\/www.daisho.be\/de\/wp-json\/wp\/v2\/types\/product"}],"replies":[{"embeddable":true,"href":"https:\/\/www.daisho.be\/de\/wp-json\/wp\/v2\/comments?post=563751"}],"wp:featuredmedia":[{"embeddable":true,"href":"https:\/\/www.daisho.be\/de\/wp-json\/wp\/v2\/media\/563680"}],"wp:attachment":[{"href":"https:\/\/www.daisho.be\/de\/wp-json\/wp\/v2\/media?parent=563751"}],"wp:term":[{"taxonomy":"product_brand","embeddable":true,"href":"https:\/\/www.daisho.be\/de\/wp-json\/wp\/v2\/product_brand?post=563751"},{"taxonomy":"product_cat","embeddable":true,"href":"https:\/\/www.daisho.be\/de\/wp-json\/wp\/v2\/product_cat?post=563751"},{"taxonomy":"product_tag","embeddable":true,"href":"https:\/\/www.daisho.be\/de\/wp-json\/wp\/v2\/product_tag?post=563751"},{"taxonomy":"sport","embeddable":true,"href":"https:\/\/www.daisho.be\/de\/wp-json\/wp\/v2\/sport?post=563751"}],"curies":[{"name":"wp","href":"https:\/\/api.w.org\/{rel}","templated":true}]}}