{"id":563089,"date":"2025-06-05T16:49:12","date_gmt":"2025-06-05T14:49:12","guid":{"rendered":"https:\/\/www.daisho.be\/produit\/iba-zugelassener-wettkampf-boxring\/"},"modified":"2026-03-17T18:25:37","modified_gmt":"2026-03-17T17:25:37","slug":"iba-zugelassener-wettkampf-boxring","status":"publish","type":"product","link":"https:\/\/www.daisho.be\/de\/produit\/iba-zugelassener-wettkampf-boxring\/","title":{"rendered":"IBA-zugelassener Wettkampf-Boxring"},"content":{"rendered":"<p>Der Wettkampf-Boxring von Taishan ist von der IBA zertifiziert. Das bedeutet, dass er alle Vorschriften des Verbandes erf\u00fcllt. Er bietet Qualit\u00e4t und Langlebigkeit durch die f\u00fcr den Bau verwendeten Materialien.<br \/>\nSpezifikationen: 7800mm \u00d7 7800mm \u00d7 2442mm (H\u00f6he der Plattform: 1000mm)<br \/>\n Material: PU, PVC, kettengewirkter Stoff, Schwamm, Leinwand, hochfester Schwamm, XPE, hochwertiger Kohlenstoff-Konstruktionsstahl, mehrschichtige Birkenholzplatte usw.<br \/>\nEigenschaften: AIBA-zertifiziert, die Gesamtleistung ist stabil und zuverl\u00e4ssig. Es nimmt eine rechteckige Rohrstruktur aus hochwertigem Metall an, mit einer mehrschichtigen Platte, einer flexiblen Schicht und einer Deckfolie. Wurde von professionellen Athleten in zahlreichen Wettbewerben gelobt.<br \/>\n&#8211; Die hohe Plattform besteht haupts\u00e4chlich aus S\u00e4ulen, St\u00fctzbalken und Holzpaneelen:<br \/>\n&#8211; die Hauptmaterialien f\u00fcr den Rahmen und die S\u00e4ulen sind rechteckige Stahlrohre;<br \/>\n&#8211; die Hauptmaterialien f\u00fcr die Holzpaneele sind mehrschichtige Birkenpaneele.<br \/>\n&#8211; Die hohe Plattform verwendet die U-Clip-Methode, die eine starke und zuverl\u00e4ssige Verbindung und ein sch\u00f6nes Aussehen gew\u00e4hrleistet.<br \/>\n&#8211; Bequeme F\u00fc\u00dfe, gute Elastizit\u00e4t, was gut f\u00fcr Sportler ist.<br \/>\n&#8211; Rutschfest, gute Tragf\u00e4higkeit.<br \/>\n&#8211; Einfacher Auf- und Abbau.<\/p>\n","protected":false},"excerpt":{"rendered":"<p>Der Wettkampf-Boxring von Taishan ist von der IBA zertifiziert. Das bedeutet, dass er alle Vorschriften des Verbandes erf\u00fcllt. Er bietet Qualit\u00e4t und Langlebigkeit durch die f\u00fcr den Bau verwendeten Materialien. Spezifikationen: 7800mm \u00d7 7800mm \u00d7 2442mm (H\u00f6he der Plattform: 1000mm) Material: PU, PVC, kettengewirkter Stoff, Schwamm, Leinwand, hochfester Schwamm, XPE, hochwertiger Kohlenstoff-Konstruktionsstahl, mehrschichtige Birkenholzplatte usw. [&hellip;]<\/p>\n","protected":false},"featured_media":524867,"comment_status":"open","ping_status":"closed","template":"","meta":{"inline_featured_image":false},"product_brand":[],"product_cat":[2037],"product_tag":[2526],"sport":[],"class_list":{"0":"post-563089","1":"product","2":"type-product","3":"status-publish","4":"has-post-thumbnail","6":"product_cat-wettbewerbsausrustungen","7":"product_tag-taishan","9":"first","10":"instock","11":"taxable","12":"shipping-taxable","13":"purchasable","14":"product-type-simple"},"yoast_head":"<!-- This site is optimized with the Yoast SEO plugin v27.2 - https:\/\/yoast.com\/product\/yoast-seo-wordpress\/ -->\n<title>IBA-zugelassener Wettkampf-Boxring &#8211; Daisho<\/title>\n<meta name=\"description\" content=\"Entdecken Sie den Boxring f\u00fcr Wettk\u00e4mpfe. Er ist von der IBA Federation zugelassen. Kaufen Sie ihn auf unserer Website www.daihso.be|Daisho\" \/>\n<meta name=\"robots\" content=\"index, follow, max-snippet:-1, max-image-preview:large, max-video-preview:-1\" \/>\n<link rel=\"canonical\" href=\"https:\/\/www.daisho.be\/de\/produit\/iba-zugelassener-wettkampf-boxring\/\" \/>\n<meta property=\"og:locale\" content=\"de_DE\" \/>\n<meta property=\"og:type\" content=\"article\" \/>\n<meta property=\"og:title\" content=\"IBA-zugelassener Wettkampf-Boxring &#8211; Daisho\" \/>\n<meta property=\"og:description\" content=\"Entdecken Sie den Boxring f\u00fcr Wettk\u00e4mpfe. Er ist von der IBA Federation zugelassen. Kaufen Sie ihn auf unserer Website www.daihso.be|Daisho\" \/>\n<meta property=\"og:url\" content=\"https:\/\/www.daisho.be\/de\/produit\/iba-zugelassener-wettkampf-boxring\/\" \/>\n<meta property=\"og:site_name\" content=\"Daisho\" \/>\n<meta property=\"article:modified_time\" content=\"2026-03-17T17:25:37+00:00\" \/>\n<meta property=\"og:image\" content=\"https:\/\/www.daisho.be\/wp-content\/uploads\/2025\/06\/image-14-1024x559.png\" \/>\n\t<meta property=\"og:image:width\" content=\"1024\" \/>\n\t<meta property=\"og:image:height\" content=\"559\" \/>\n\t<meta property=\"og:image:type\" content=\"image\/png\" \/>\n<meta name=\"twitter:card\" content=\"summary_large_image\" \/>\n<meta name=\"twitter:label1\" content=\"Gesch\u00e4tzte Lesezeit\" \/>\n\t<meta name=\"twitter:data1\" content=\"1\u00a0Minute\" \/>\n<script type=\"application\/ld+json\" class=\"yoast-schema-graph\">{\"@context\":\"https:\/\/schema.org\",\"@graph\":[{\"@type\":\"WebPage\",\"@id\":\"https:\/\/www.daisho.be\/de\/produit\/iba-zugelassener-wettkampf-boxring\/\",\"url\":\"https:\/\/www.daisho.be\/de\/produit\/iba-zugelassener-wettkampf-boxring\/\",\"name\":\"IBA-zugelassener Wettkampf-Boxring &#8211; Daisho\",\"isPartOf\":{\"@id\":\"https:\/\/www.daisho.be\/de\/#website\"},\"primaryImageOfPage\":{\"@id\":\"https:\/\/www.daisho.be\/de\/produit\/iba-zugelassener-wettkampf-boxring\/#primaryimage\"},\"image\":{\"@id\":\"https:\/\/www.daisho.be\/de\/produit\/iba-zugelassener-wettkampf-boxring\/#primaryimage\"},\"thumbnailUrl\":\"https:\/\/www.daisho.be\/wp-content\/uploads\/2025\/06\/image-14-scaled.png\",\"datePublished\":\"2025-06-05T14:49:12+00:00\",\"dateModified\":\"2026-03-17T17:25:37+00:00\",\"description\":\"Entdecken Sie den Boxring f\u00fcr Wettk\u00e4mpfe. Er ist von der IBA Federation zugelassen. Kaufen Sie ihn auf unserer Website www.daihso.be|Daisho\",\"breadcrumb\":{\"@id\":\"https:\/\/www.daisho.be\/de\/produit\/iba-zugelassener-wettkampf-boxring\/#breadcrumb\"},\"inLanguage\":\"de\",\"potentialAction\":[{\"@type\":\"ReadAction\",\"target\":[\"https:\/\/www.daisho.be\/de\/produit\/iba-zugelassener-wettkampf-boxring\/\"]}]},{\"@type\":\"ImageObject\",\"inLanguage\":\"de\",\"@id\":\"https:\/\/www.daisho.be\/de\/produit\/iba-zugelassener-wettkampf-boxring\/#primaryimage\",\"url\":\"https:\/\/www.daisho.be\/wp-content\/uploads\/2025\/06\/image-14-scaled.png\",\"contentUrl\":\"https:\/\/www.daisho.be\/wp-content\/uploads\/2025\/06\/image-14-scaled.png\",\"width\":2048,\"height\":1117,\"caption\":\"IBA-zugelassener Wettkampf-Boxring -1\"},{\"@type\":\"BreadcrumbList\",\"@id\":\"https:\/\/www.daisho.be\/de\/produit\/iba-zugelassener-wettkampf-boxring\/#breadcrumb\",\"itemListElement\":[{\"@type\":\"ListItem\",\"position\":1,\"name\":\"Accueil\",\"item\":\"https:\/\/www.daisho.be\/de\/\"},{\"@type\":\"ListItem\",\"position\":2,\"name\":\"Produkte\",\"item\":\"https:\/\/www.daisho.be\/de\/produkte\/\"},{\"@type\":\"ListItem\",\"position\":3,\"name\":\"Kampfsportarten\",\"item\":\"https:\/\/www.daisho.be\/de\/categorie-produit\/kampfsportarten\/\"},{\"@type\":\"ListItem\",\"position\":4,\"name\":\"Wettbewerbsausr\u00fcstungen\",\"item\":\"https:\/\/www.daisho.be\/de\/categorie-produit\/kampfsportarten\/wettbewerbsausrustungen\/\"},{\"@type\":\"ListItem\",\"position\":5,\"name\":\"IBA-zugelassener Wettkampf-Boxring\"}]},{\"@type\":\"WebSite\",\"@id\":\"https:\/\/www.daisho.be\/de\/#website\",\"url\":\"https:\/\/www.daisho.be\/de\/\",\"name\":\"Daisho\",\"description\":\"Sp&eacute;cialiste de l'&eacute;quipement sportif d'arts martiaux\",\"publisher\":{\"@id\":\"https:\/\/www.daisho.be\/de\/#organization\"},\"potentialAction\":[{\"@type\":\"SearchAction\",\"target\":{\"@type\":\"EntryPoint\",\"urlTemplate\":\"https:\/\/www.daisho.be\/de\/?s={search_term_string}\"},\"query-input\":{\"@type\":\"PropertyValueSpecification\",\"valueRequired\":true,\"valueName\":\"search_term_string\"}}],\"inLanguage\":\"de\"},{\"@type\":\"Organization\",\"@id\":\"https:\/\/www.daisho.be\/de\/#organization\",\"name\":\"Daisho\",\"url\":\"https:\/\/www.daisho.be\/de\/\",\"logo\":{\"@type\":\"ImageObject\",\"inLanguage\":\"de\",\"@id\":\"https:\/\/www.daisho.be\/de\/#\/schema\/logo\/image\/\",\"url\":\"https:\/\/www.daisho.be\/wp-content\/uploads\/2019\/07\/color-nothing-horizontale4x-e1564486100247.png\",\"contentUrl\":\"https:\/\/www.daisho.be\/wp-content\/uploads\/2019\/07\/color-nothing-horizontale4x-e1564486100247.png\",\"width\":1547,\"height\":385,\"caption\":\"Daisho\"},\"image\":{\"@id\":\"https:\/\/www.daisho.be\/de\/#\/schema\/logo\/image\/\"}}]}<\/script>\n<!-- \/ Yoast SEO plugin. -->","yoast_head_json":{"title":"IBA-zugelassener Wettkampf-Boxring &#8211; Daisho","description":"Entdecken Sie den Boxring f\u00fcr Wettk\u00e4mpfe. Er ist von der IBA Federation zugelassen. Kaufen Sie ihn auf unserer Website www.daihso.be|Daisho","robots":{"index":"index","follow":"follow","max-snippet":"max-snippet:-1","max-image-preview":"max-image-preview:large","max-video-preview":"max-video-preview:-1"},"canonical":"https:\/\/www.daisho.be\/de\/produit\/iba-zugelassener-wettkampf-boxring\/","og_locale":"de_DE","og_type":"article","og_title":"IBA-zugelassener Wettkampf-Boxring &#8211; Daisho","og_description":"Entdecken Sie den Boxring f\u00fcr Wettk\u00e4mpfe. Er ist von der IBA Federation zugelassen. Kaufen Sie ihn auf unserer Website www.daihso.be|Daisho","og_url":"https:\/\/www.daisho.be\/de\/produit\/iba-zugelassener-wettkampf-boxring\/","og_site_name":"Daisho","article_modified_time":"2026-03-17T17:25:37+00:00","og_image":[{"width":1024,"height":559,"url":"https:\/\/www.daisho.be\/wp-content\/uploads\/2025\/06\/image-14-1024x559.png","type":"image\/png"}],"twitter_card":"summary_large_image","twitter_misc":{"Gesch\u00e4tzte Lesezeit":"1\u00a0Minute"},"schema":{"@context":"https:\/\/schema.org","@graph":[{"@type":"WebPage","@id":"https:\/\/www.daisho.be\/de\/produit\/iba-zugelassener-wettkampf-boxring\/","url":"https:\/\/www.daisho.be\/de\/produit\/iba-zugelassener-wettkampf-boxring\/","name":"IBA-zugelassener Wettkampf-Boxring &#8211; Daisho","isPartOf":{"@id":"https:\/\/www.daisho.be\/de\/#website"},"primaryImageOfPage":{"@id":"https:\/\/www.daisho.be\/de\/produit\/iba-zugelassener-wettkampf-boxring\/#primaryimage"},"image":{"@id":"https:\/\/www.daisho.be\/de\/produit\/iba-zugelassener-wettkampf-boxring\/#primaryimage"},"thumbnailUrl":"https:\/\/www.daisho.be\/wp-content\/uploads\/2025\/06\/image-14-scaled.png","datePublished":"2025-06-05T14:49:12+00:00","dateModified":"2026-03-17T17:25:37+00:00","description":"Entdecken Sie den Boxring f\u00fcr Wettk\u00e4mpfe. Er ist von der IBA Federation zugelassen. Kaufen Sie ihn auf unserer Website www.daihso.be|Daisho","breadcrumb":{"@id":"https:\/\/www.daisho.be\/de\/produit\/iba-zugelassener-wettkampf-boxring\/#breadcrumb"},"inLanguage":"de","potentialAction":[{"@type":"ReadAction","target":["https:\/\/www.daisho.be\/de\/produit\/iba-zugelassener-wettkampf-boxring\/"]}]},{"@type":"ImageObject","inLanguage":"de","@id":"https:\/\/www.daisho.be\/de\/produit\/iba-zugelassener-wettkampf-boxring\/#primaryimage","url":"https:\/\/www.daisho.be\/wp-content\/uploads\/2025\/06\/image-14-scaled.png","contentUrl":"https:\/\/www.daisho.be\/wp-content\/uploads\/2025\/06\/image-14-scaled.png","width":2048,"height":1117,"caption":"IBA-zugelassener Wettkampf-Boxring -1"},{"@type":"BreadcrumbList","@id":"https:\/\/www.daisho.be\/de\/produit\/iba-zugelassener-wettkampf-boxring\/#breadcrumb","itemListElement":[{"@type":"ListItem","position":1,"name":"Accueil","item":"https:\/\/www.daisho.be\/de\/"},{"@type":"ListItem","position":2,"name":"Produkte","item":"https:\/\/www.daisho.be\/de\/produkte\/"},{"@type":"ListItem","position":3,"name":"Kampfsportarten","item":"https:\/\/www.daisho.be\/de\/categorie-produit\/kampfsportarten\/"},{"@type":"ListItem","position":4,"name":"Wettbewerbsausr\u00fcstungen","item":"https:\/\/www.daisho.be\/de\/categorie-produit\/kampfsportarten\/wettbewerbsausrustungen\/"},{"@type":"ListItem","position":5,"name":"IBA-zugelassener Wettkampf-Boxring"}]},{"@type":"WebSite","@id":"https:\/\/www.daisho.be\/de\/#website","url":"https:\/\/www.daisho.be\/de\/","name":"Daisho","description":"Sp&eacute;cialiste de l'&eacute;quipement sportif d'arts martiaux","publisher":{"@id":"https:\/\/www.daisho.be\/de\/#organization"},"potentialAction":[{"@type":"SearchAction","target":{"@type":"EntryPoint","urlTemplate":"https:\/\/www.daisho.be\/de\/?s={search_term_string}"},"query-input":{"@type":"PropertyValueSpecification","valueRequired":true,"valueName":"search_term_string"}}],"inLanguage":"de"},{"@type":"Organization","@id":"https:\/\/www.daisho.be\/de\/#organization","name":"Daisho","url":"https:\/\/www.daisho.be\/de\/","logo":{"@type":"ImageObject","inLanguage":"de","@id":"https:\/\/www.daisho.be\/de\/#\/schema\/logo\/image\/","url":"https:\/\/www.daisho.be\/wp-content\/uploads\/2019\/07\/color-nothing-horizontale4x-e1564486100247.png","contentUrl":"https:\/\/www.daisho.be\/wp-content\/uploads\/2019\/07\/color-nothing-horizontale4x-e1564486100247.png","width":1547,"height":385,"caption":"Daisho"},"image":{"@id":"https:\/\/www.daisho.be\/de\/#\/schema\/logo\/image\/"}}]}},"_links":{"self":[{"href":"https:\/\/www.daisho.be\/de\/wp-json\/wp\/v2\/product\/563089","targetHints":{"allow":["GET"]}}],"collection":[{"href":"https:\/\/www.daisho.be\/de\/wp-json\/wp\/v2\/product"}],"about":[{"href":"https:\/\/www.daisho.be\/de\/wp-json\/wp\/v2\/types\/product"}],"replies":[{"embeddable":true,"href":"https:\/\/www.daisho.be\/de\/wp-json\/wp\/v2\/comments?post=563089"}],"wp:featuredmedia":[{"embeddable":true,"href":"https:\/\/www.daisho.be\/de\/wp-json\/wp\/v2\/media\/524867"}],"wp:attachment":[{"href":"https:\/\/www.daisho.be\/de\/wp-json\/wp\/v2\/media?parent=563089"}],"wp:term":[{"taxonomy":"product_brand","embeddable":true,"href":"https:\/\/www.daisho.be\/de\/wp-json\/wp\/v2\/product_brand?post=563089"},{"taxonomy":"product_cat","embeddable":true,"href":"https:\/\/www.daisho.be\/de\/wp-json\/wp\/v2\/product_cat?post=563089"},{"taxonomy":"product_tag","embeddable":true,"href":"https:\/\/www.daisho.be\/de\/wp-json\/wp\/v2\/product_tag?post=563089"},{"taxonomy":"sport","embeddable":true,"href":"https:\/\/www.daisho.be\/de\/wp-json\/wp\/v2\/sport?post=563089"}],"curies":[{"name":"wp","href":"https:\/\/api.w.org\/{rel}","templated":true}]}}