{"id":563080,"date":"2025-09-23T14:24:30","date_gmt":"2025-09-23T12:24:30","guid":{"rendered":"https:\/\/www.daisho.be\/produit\/adidas-hybrid-50-boxhandschuhe-schwarz-gold\/"},"modified":"2025-12-29T17:15:19","modified_gmt":"2025-12-29T16:15:19","slug":"adidas-hybrid-50-boxhandschuhe-schwarz-gold","status":"publish","type":"product","link":"https:\/\/www.daisho.be\/de\/produit\/adidas-hybrid-50-boxhandschuhe-schwarz-gold\/","title":{"rendered":"adidas Hybrid 50 Boxhandschuhe Schwarz\/Gold"},"content":{"rendered":"<p>Die Boxhandschuhe HYBRID 50 ADIH50 der Marke ADIDAS sind die perfekte Kombination aus Leistung, Haltbarkeit und Komfort.<br \/>\nDiese Handschuhe wurden entwickelt, um die Anforderungen von Boxern aller Niveaus zu erf\u00fcllen und bieten eine optimale Kombination aus Schutz und Beweglichkeit.<br \/>\nDie Konstruktion aus hochwertigem Kunstleder bietet eine au\u00dfergew\u00f6hnliche Strapazierf\u00e4higkeit und ein angenehmes Gef\u00fchl beim Anfassen.<br \/>\nDie Schaumstoffpolsterung im Inneren der Handschuhe wurde speziell entwickelt, um St\u00f6\u00dfe zu absorbieren und so die H\u00e4nde und Gelenke beim Training und im Kampf wirksam zu sch\u00fctzen.<br \/>\nDar\u00fcber hinaus sorgt das ergonomische Design f\u00fcr eine bequeme und sichere Passform, so dass sich der Boxer voll und ganz auf seine Leistung konzentrieren kann.<br \/>\nOb f\u00fcr das regelm\u00e4\u00dfige Training oder f\u00fcr Wettk\u00e4mpfe, die Boxhandschuhe HYBRID 50 ADIH50 sind eine zuverl\u00e4ssige Wahl f\u00fcr alle, die nach einer hochwertigen Ausr\u00fcstung suchen, um im Ring zu gl\u00e4nzen.<br \/>\nVorteile :<br \/>\n&#8211; Maya PU von h\u00f6chster Qualit\u00e4t<br \/>\n&#8211; solide Schutzpolsterung aus mehreren Schichten<br \/>\n&#8211; anatomisch vorgeformt f\u00fcr die Faust<br \/>\n&#8211; Sto\u00dfd\u00e4mpfung f\u00fcr mehr Komfort &#8211; geeignet f\u00fcr Amateure<br \/>\n&#8211; Farbe: Schwarz \/ Gold.<\/p>\n","protected":false},"excerpt":{"rendered":"<p>Die Boxhandschuhe HYBRID 50 ADIH50 der Marke ADIDAS sind die perfekte Kombination aus Leistung, Haltbarkeit und Komfort. Diese Handschuhe wurden entwickelt, um die Anforderungen von Boxern aller Niveaus zu erf\u00fcllen und bieten eine optimale Kombination aus Schutz und Beweglichkeit. Die Konstruktion aus hochwertigem Kunstleder bietet eine au\u00dfergew\u00f6hnliche Strapazierf\u00e4higkeit und ein angenehmes Gef\u00fchl beim Anfassen. Die [&hellip;]<\/p>\n","protected":false},"featured_media":555987,"comment_status":"open","ping_status":"closed","template":"","meta":{"inline_featured_image":false},"product_brand":[],"product_cat":[2072,2306,2277,2051],"product_tag":[2178],"sport":[],"class_list":{"0":"post-563080","1":"product","2":"type-product","3":"status-publish","4":"has-post-thumbnail","6":"product_cat-boxhandschuhe","7":"product_cat-boxhandschuhe-adidas","8":"product_cat-kick-boxing-protektoren-adidas","9":"product_cat-schutz","10":"product_tag-adidas-de","11":"pa_size-372","12":"pa_size-371","13":"pa_size-370","14":"pa_size-440","15":"pa_size-439","17":"first","18":"onbackorder","19":"taxable","20":"shipping-taxable","21":"purchasable","22":"product-type-variable"},"yoast_head":"<!-- This site is optimized with the Yoast SEO plugin v27.2 - https:\/\/yoast.com\/product\/yoast-seo-wordpress\/ -->\n<title>adidas Hybrid 50 Boxhandschuhe Schwarz\/Gold &#8211; Daisho<\/title>\n<meta name=\"robots\" content=\"index, follow, max-snippet:-1, max-image-preview:large, max-video-preview:-1\" \/>\n<link rel=\"canonical\" href=\"https:\/\/www.daisho.be\/de\/produit\/adidas-hybrid-50-boxhandschuhe-schwarz-gold\/\" \/>\n<meta property=\"og:locale\" content=\"de_DE\" \/>\n<meta property=\"og:type\" content=\"article\" \/>\n<meta property=\"og:title\" content=\"adidas Hybrid 50 Boxhandschuhe Schwarz\/Gold &#8211; Daisho\" \/>\n<meta property=\"og:description\" content=\"Die Boxhandschuhe HYBRID 50 ADIH50 der Marke ADIDAS sind die perfekte Kombination aus Leistung, Haltbarkeit und Komfort. Diese Handschuhe wurden entwickelt, um die Anforderungen von Boxern aller Niveaus zu erf\u00fcllen und bieten eine optimale Kombination aus Schutz und Beweglichkeit. Die Konstruktion aus hochwertigem Kunstleder bietet eine au\u00dfergew\u00f6hnliche Strapazierf\u00e4higkeit und ein angenehmes Gef\u00fchl beim Anfassen. Die [&hellip;]\" \/>\n<meta property=\"og:url\" content=\"https:\/\/www.daisho.be\/de\/produit\/adidas-hybrid-50-boxhandschuhe-schwarz-gold\/\" \/>\n<meta property=\"og:site_name\" content=\"Daisho\" \/>\n<meta property=\"article:modified_time\" content=\"2025-12-29T16:15:19+00:00\" \/>\n<meta property=\"og:image\" content=\"https:\/\/www.daisho.be\/wp-content\/uploads\/2025\/09\/image-24.jpg\" \/>\n\t<meta property=\"og:image:width\" content=\"1200\" \/>\n\t<meta property=\"og:image:height\" content=\"660\" \/>\n\t<meta property=\"og:image:type\" content=\"image\/jpeg\" \/>\n<meta name=\"twitter:card\" content=\"summary_large_image\" \/>\n<meta name=\"twitter:label1\" content=\"Gesch\u00e4tzte Lesezeit\" \/>\n\t<meta name=\"twitter:data1\" content=\"1\u00a0Minute\" \/>\n<script type=\"application\/ld+json\" class=\"yoast-schema-graph\">{\"@context\":\"https:\/\/schema.org\",\"@graph\":[{\"@type\":\"WebPage\",\"@id\":\"https:\/\/www.daisho.be\/de\/produit\/adidas-hybrid-50-boxhandschuhe-schwarz-gold\/\",\"url\":\"https:\/\/www.daisho.be\/de\/produit\/adidas-hybrid-50-boxhandschuhe-schwarz-gold\/\",\"name\":\"adidas Hybrid 50 Boxhandschuhe Schwarz\/Gold &#8211; Daisho\",\"isPartOf\":{\"@id\":\"https:\/\/www.daisho.be\/de\/#website\"},\"primaryImageOfPage\":{\"@id\":\"https:\/\/www.daisho.be\/de\/produit\/adidas-hybrid-50-boxhandschuhe-schwarz-gold\/#primaryimage\"},\"image\":{\"@id\":\"https:\/\/www.daisho.be\/de\/produit\/adidas-hybrid-50-boxhandschuhe-schwarz-gold\/#primaryimage\"},\"thumbnailUrl\":\"https:\/\/www.daisho.be\/wp-content\/uploads\/2025\/09\/image-24.jpg\",\"datePublished\":\"2025-09-23T12:24:30+00:00\",\"dateModified\":\"2025-12-29T16:15:19+00:00\",\"breadcrumb\":{\"@id\":\"https:\/\/www.daisho.be\/de\/produit\/adidas-hybrid-50-boxhandschuhe-schwarz-gold\/#breadcrumb\"},\"inLanguage\":\"de\",\"potentialAction\":[{\"@type\":\"ReadAction\",\"target\":[\"https:\/\/www.daisho.be\/de\/produit\/adidas-hybrid-50-boxhandschuhe-schwarz-gold\/\"]}]},{\"@type\":\"ImageObject\",\"inLanguage\":\"de\",\"@id\":\"https:\/\/www.daisho.be\/de\/produit\/adidas-hybrid-50-boxhandschuhe-schwarz-gold\/#primaryimage\",\"url\":\"https:\/\/www.daisho.be\/wp-content\/uploads\/2025\/09\/image-24.jpg\",\"contentUrl\":\"https:\/\/www.daisho.be\/wp-content\/uploads\/2025\/09\/image-24.jpg\",\"width\":1200,\"height\":660,\"caption\":\"adidas Hybrid 50 Boxhandschuhe Schwarz\/Gold-1\"},{\"@type\":\"BreadcrumbList\",\"@id\":\"https:\/\/www.daisho.be\/de\/produit\/adidas-hybrid-50-boxhandschuhe-schwarz-gold\/#breadcrumb\",\"itemListElement\":[{\"@type\":\"ListItem\",\"position\":1,\"name\":\"Accueil\",\"item\":\"https:\/\/www.daisho.be\/de\/\"},{\"@type\":\"ListItem\",\"position\":2,\"name\":\"Produkte\",\"item\":\"https:\/\/www.daisho.be\/de\/produkte\/\"},{\"@type\":\"ListItem\",\"position\":3,\"name\":\"Ausr\u00fcstung und Kleidung f\u00fcr Kampfkunst und Kampfsport\",\"item\":\"https:\/\/www.daisho.be\/de\/categorie-produit\/ausrustung-und-kleidung-fur-kampfkunst-und-kampfsport\/\"},{\"@type\":\"ListItem\",\"position\":4,\"name\":\"Boxen\",\"item\":\"https:\/\/www.daisho.be\/de\/categorie-produit\/ausrustung-und-kleidung-fur-kampfkunst-und-kampfsport\/boxen-de\/\"},{\"@type\":\"ListItem\",\"position\":5,\"name\":\"Boxhandschuhe\",\"item\":\"https:\/\/www.daisho.be\/de\/categorie-produit\/ausrustung-und-kleidung-fur-kampfkunst-und-kampfsport\/boxen-de\/boxhandschuhe\/\"},{\"@type\":\"ListItem\",\"position\":6,\"name\":\"adidas Hybrid 50 Boxhandschuhe Schwarz\/Gold\"}]},{\"@type\":\"WebSite\",\"@id\":\"https:\/\/www.daisho.be\/de\/#website\",\"url\":\"https:\/\/www.daisho.be\/de\/\",\"name\":\"Daisho\",\"description\":\"Sp&eacute;cialiste de l'&eacute;quipement sportif d'arts martiaux\",\"publisher\":{\"@id\":\"https:\/\/www.daisho.be\/de\/#organization\"},\"potentialAction\":[{\"@type\":\"SearchAction\",\"target\":{\"@type\":\"EntryPoint\",\"urlTemplate\":\"https:\/\/www.daisho.be\/de\/?s={search_term_string}\"},\"query-input\":{\"@type\":\"PropertyValueSpecification\",\"valueRequired\":true,\"valueName\":\"search_term_string\"}}],\"inLanguage\":\"de\"},{\"@type\":\"Organization\",\"@id\":\"https:\/\/www.daisho.be\/de\/#organization\",\"name\":\"Daisho\",\"url\":\"https:\/\/www.daisho.be\/de\/\",\"logo\":{\"@type\":\"ImageObject\",\"inLanguage\":\"de\",\"@id\":\"https:\/\/www.daisho.be\/de\/#\/schema\/logo\/image\/\",\"url\":\"https:\/\/www.daisho.be\/wp-content\/uploads\/2019\/07\/color-nothing-horizontale4x-e1564486100247.png\",\"contentUrl\":\"https:\/\/www.daisho.be\/wp-content\/uploads\/2019\/07\/color-nothing-horizontale4x-e1564486100247.png\",\"width\":1547,\"height\":385,\"caption\":\"Daisho\"},\"image\":{\"@id\":\"https:\/\/www.daisho.be\/de\/#\/schema\/logo\/image\/\"}}]}<\/script>\n<!-- \/ Yoast SEO plugin. -->","yoast_head_json":{"title":"adidas Hybrid 50 Boxhandschuhe Schwarz\/Gold &#8211; Daisho","robots":{"index":"index","follow":"follow","max-snippet":"max-snippet:-1","max-image-preview":"max-image-preview:large","max-video-preview":"max-video-preview:-1"},"canonical":"https:\/\/www.daisho.be\/de\/produit\/adidas-hybrid-50-boxhandschuhe-schwarz-gold\/","og_locale":"de_DE","og_type":"article","og_title":"adidas Hybrid 50 Boxhandschuhe Schwarz\/Gold &#8211; Daisho","og_description":"Die Boxhandschuhe HYBRID 50 ADIH50 der Marke ADIDAS sind die perfekte Kombination aus Leistung, Haltbarkeit und Komfort. Diese Handschuhe wurden entwickelt, um die Anforderungen von Boxern aller Niveaus zu erf\u00fcllen und bieten eine optimale Kombination aus Schutz und Beweglichkeit. Die Konstruktion aus hochwertigem Kunstleder bietet eine au\u00dfergew\u00f6hnliche Strapazierf\u00e4higkeit und ein angenehmes Gef\u00fchl beim Anfassen. Die [&hellip;]","og_url":"https:\/\/www.daisho.be\/de\/produit\/adidas-hybrid-50-boxhandschuhe-schwarz-gold\/","og_site_name":"Daisho","article_modified_time":"2025-12-29T16:15:19+00:00","og_image":[{"width":1200,"height":660,"url":"https:\/\/www.daisho.be\/wp-content\/uploads\/2025\/09\/image-24.jpg","type":"image\/jpeg"}],"twitter_card":"summary_large_image","twitter_misc":{"Gesch\u00e4tzte Lesezeit":"1\u00a0Minute"},"schema":{"@context":"https:\/\/schema.org","@graph":[{"@type":"WebPage","@id":"https:\/\/www.daisho.be\/de\/produit\/adidas-hybrid-50-boxhandschuhe-schwarz-gold\/","url":"https:\/\/www.daisho.be\/de\/produit\/adidas-hybrid-50-boxhandschuhe-schwarz-gold\/","name":"adidas Hybrid 50 Boxhandschuhe Schwarz\/Gold &#8211; Daisho","isPartOf":{"@id":"https:\/\/www.daisho.be\/de\/#website"},"primaryImageOfPage":{"@id":"https:\/\/www.daisho.be\/de\/produit\/adidas-hybrid-50-boxhandschuhe-schwarz-gold\/#primaryimage"},"image":{"@id":"https:\/\/www.daisho.be\/de\/produit\/adidas-hybrid-50-boxhandschuhe-schwarz-gold\/#primaryimage"},"thumbnailUrl":"https:\/\/www.daisho.be\/wp-content\/uploads\/2025\/09\/image-24.jpg","datePublished":"2025-09-23T12:24:30+00:00","dateModified":"2025-12-29T16:15:19+00:00","breadcrumb":{"@id":"https:\/\/www.daisho.be\/de\/produit\/adidas-hybrid-50-boxhandschuhe-schwarz-gold\/#breadcrumb"},"inLanguage":"de","potentialAction":[{"@type":"ReadAction","target":["https:\/\/www.daisho.be\/de\/produit\/adidas-hybrid-50-boxhandschuhe-schwarz-gold\/"]}]},{"@type":"ImageObject","inLanguage":"de","@id":"https:\/\/www.daisho.be\/de\/produit\/adidas-hybrid-50-boxhandschuhe-schwarz-gold\/#primaryimage","url":"https:\/\/www.daisho.be\/wp-content\/uploads\/2025\/09\/image-24.jpg","contentUrl":"https:\/\/www.daisho.be\/wp-content\/uploads\/2025\/09\/image-24.jpg","width":1200,"height":660,"caption":"adidas Hybrid 50 Boxhandschuhe Schwarz\/Gold-1"},{"@type":"BreadcrumbList","@id":"https:\/\/www.daisho.be\/de\/produit\/adidas-hybrid-50-boxhandschuhe-schwarz-gold\/#breadcrumb","itemListElement":[{"@type":"ListItem","position":1,"name":"Accueil","item":"https:\/\/www.daisho.be\/de\/"},{"@type":"ListItem","position":2,"name":"Produkte","item":"https:\/\/www.daisho.be\/de\/produkte\/"},{"@type":"ListItem","position":3,"name":"Ausr\u00fcstung und Kleidung f\u00fcr Kampfkunst und Kampfsport","item":"https:\/\/www.daisho.be\/de\/categorie-produit\/ausrustung-und-kleidung-fur-kampfkunst-und-kampfsport\/"},{"@type":"ListItem","position":4,"name":"Boxen","item":"https:\/\/www.daisho.be\/de\/categorie-produit\/ausrustung-und-kleidung-fur-kampfkunst-und-kampfsport\/boxen-de\/"},{"@type":"ListItem","position":5,"name":"Boxhandschuhe","item":"https:\/\/www.daisho.be\/de\/categorie-produit\/ausrustung-und-kleidung-fur-kampfkunst-und-kampfsport\/boxen-de\/boxhandschuhe\/"},{"@type":"ListItem","position":6,"name":"adidas Hybrid 50 Boxhandschuhe Schwarz\/Gold"}]},{"@type":"WebSite","@id":"https:\/\/www.daisho.be\/de\/#website","url":"https:\/\/www.daisho.be\/de\/","name":"Daisho","description":"Sp&eacute;cialiste de l'&eacute;quipement sportif d'arts martiaux","publisher":{"@id":"https:\/\/www.daisho.be\/de\/#organization"},"potentialAction":[{"@type":"SearchAction","target":{"@type":"EntryPoint","urlTemplate":"https:\/\/www.daisho.be\/de\/?s={search_term_string}"},"query-input":{"@type":"PropertyValueSpecification","valueRequired":true,"valueName":"search_term_string"}}],"inLanguage":"de"},{"@type":"Organization","@id":"https:\/\/www.daisho.be\/de\/#organization","name":"Daisho","url":"https:\/\/www.daisho.be\/de\/","logo":{"@type":"ImageObject","inLanguage":"de","@id":"https:\/\/www.daisho.be\/de\/#\/schema\/logo\/image\/","url":"https:\/\/www.daisho.be\/wp-content\/uploads\/2019\/07\/color-nothing-horizontale4x-e1564486100247.png","contentUrl":"https:\/\/www.daisho.be\/wp-content\/uploads\/2019\/07\/color-nothing-horizontale4x-e1564486100247.png","width":1547,"height":385,"caption":"Daisho"},"image":{"@id":"https:\/\/www.daisho.be\/de\/#\/schema\/logo\/image\/"}}]}},"_links":{"self":[{"href":"https:\/\/www.daisho.be\/de\/wp-json\/wp\/v2\/product\/563080","targetHints":{"allow":["GET"]}}],"collection":[{"href":"https:\/\/www.daisho.be\/de\/wp-json\/wp\/v2\/product"}],"about":[{"href":"https:\/\/www.daisho.be\/de\/wp-json\/wp\/v2\/types\/product"}],"replies":[{"embeddable":true,"href":"https:\/\/www.daisho.be\/de\/wp-json\/wp\/v2\/comments?post=563080"}],"wp:featuredmedia":[{"embeddable":true,"href":"https:\/\/www.daisho.be\/de\/wp-json\/wp\/v2\/media\/555987"}],"wp:attachment":[{"href":"https:\/\/www.daisho.be\/de\/wp-json\/wp\/v2\/media?parent=563080"}],"wp:term":[{"taxonomy":"product_brand","embeddable":true,"href":"https:\/\/www.daisho.be\/de\/wp-json\/wp\/v2\/product_brand?post=563080"},{"taxonomy":"product_cat","embeddable":true,"href":"https:\/\/www.daisho.be\/de\/wp-json\/wp\/v2\/product_cat?post=563080"},{"taxonomy":"product_tag","embeddable":true,"href":"https:\/\/www.daisho.be\/de\/wp-json\/wp\/v2\/product_tag?post=563080"},{"taxonomy":"sport","embeddable":true,"href":"https:\/\/www.daisho.be\/de\/wp-json\/wp\/v2\/sport?post=563080"}],"curies":[{"name":"wp","href":"https:\/\/api.w.org\/{rel}","templated":true}]}}