{"id":562966,"date":"2025-10-07T11:24:07","date_gmt":"2025-10-07T09:24:07","guid":{"rendered":"https:\/\/www.daisho.be\/produit\/adidas-knoechelbandage-schwarz\/"},"modified":"2025-12-24T15:31:43","modified_gmt":"2025-12-24T14:31:43","slug":"adidas-knoechelbandage-schwarz","status":"publish","type":"product","link":"https:\/\/www.daisho.be\/de\/produit\/adidas-knoechelbandage-schwarz\/","title":{"rendered":"Adidas Kn\u00f6chelbandage Schwarz"},"content":{"rendered":"<p>Dieser Kn\u00f6chelschutz besteht aus Polyester und Lycra.<br \/>\nDer Kn\u00f6chelschutz st\u00fctzt Ihren Kn\u00f6chel und bietet zus\u00e4tzliche Griffigkeit.<br \/>\nDer Kn\u00f6chelschutz ist elastisch, damit er an Ort und Stelle bleibt.<br \/>\nDieser Kn\u00f6chelschutz eignet sich f\u00fcr Kickboxen, Thaiboxen, MMA, Boxen, Karate usw.<\/p>\n<p>Vorteile:<br \/>\n&#8211; Schutz f\u00fcr Ihre Kn\u00f6chel<br \/>\n&#8211; elastisch<\/p>\n<p>Farbe: Schwarz .<br \/>\nEinheitsgr\u00f6\u00dfe.<\/p>\n","protected":false},"excerpt":{"rendered":"<p>Dieser Kn\u00f6chelschutz besteht aus Polyester und Lycra. Der Kn\u00f6chelschutz st\u00fctzt Ihren Kn\u00f6chel und bietet zus\u00e4tzliche Griffigkeit. Der Kn\u00f6chelschutz ist elastisch, damit er an Ort und Stelle bleibt. Dieser Kn\u00f6chelschutz eignet sich f\u00fcr Kickboxen, Thaiboxen, MMA, Boxen, Karate usw. Vorteile: &#8211; Schutz f\u00fcr Ihre Kn\u00f6chel &#8211; elastisch Farbe: Schwarz . Einheitsgr\u00f6\u00dfe.<\/p>\n","protected":false},"featured_media":558109,"comment_status":"open","ping_status":"closed","template":"","meta":{"inline_featured_image":false},"product_brand":[],"product_cat":[2271,2180,2051,2078],"product_tag":[2178],"sport":[],"class_list":{"0":"post-562966","1":"product","2":"type-product","3":"status-publish","4":"has-post-thumbnail","6":"product_cat-adidas-boxing-protektoren","7":"product_cat-karate-schutzkleidung-adidas","8":"product_cat-schutz","9":"product_cat-streifen-tapes","10":"product_tag-adidas-de","11":"pa_size-sans-taille-defaut","13":"first","14":"instock","15":"taxable","16":"shipping-taxable","17":"purchasable","18":"product-type-variable"},"yoast_head":"<!-- This site is optimized with the Yoast SEO plugin v27.2 - https:\/\/yoast.com\/product\/yoast-seo-wordpress\/ -->\n<title>Adidas Kn\u00f6chelbandage Schwarz &#8211; Daisho<\/title>\n<meta name=\"robots\" content=\"index, follow, max-snippet:-1, max-image-preview:large, max-video-preview:-1\" \/>\n<link rel=\"canonical\" href=\"https:\/\/www.daisho.be\/de\/produit\/adidas-knoechelbandage-schwarz\/\" \/>\n<meta property=\"og:locale\" content=\"de_DE\" \/>\n<meta property=\"og:type\" content=\"article\" \/>\n<meta property=\"og:title\" content=\"Adidas Kn\u00f6chelbandage Schwarz &#8211; Daisho\" \/>\n<meta property=\"og:description\" content=\"Dieser Kn\u00f6chelschutz besteht aus Polyester und Lycra. Der Kn\u00f6chelschutz st\u00fctzt Ihren Kn\u00f6chel und bietet zus\u00e4tzliche Griffigkeit. Der Kn\u00f6chelschutz ist elastisch, damit er an Ort und Stelle bleibt. Dieser Kn\u00f6chelschutz eignet sich f\u00fcr Kickboxen, Thaiboxen, MMA, Boxen, Karate usw. Vorteile: &#8211; Schutz f\u00fcr Ihre Kn\u00f6chel &#8211; elastisch Farbe: Schwarz . Einheitsgr\u00f6\u00dfe.\" \/>\n<meta property=\"og:url\" content=\"https:\/\/www.daisho.be\/de\/produit\/adidas-knoechelbandage-schwarz\/\" \/>\n<meta property=\"og:site_name\" content=\"Daisho\" \/>\n<meta property=\"article:modified_time\" content=\"2025-12-24T14:31:43+00:00\" \/>\n<meta property=\"og:image\" content=\"https:\/\/www.daisho.be\/wp-content\/uploads\/2025\/10\/image.png\" \/>\n\t<meta property=\"og:image:width\" content=\"398\" \/>\n\t<meta property=\"og:image:height\" content=\"684\" \/>\n\t<meta property=\"og:image:type\" content=\"image\/png\" \/>\n<meta name=\"twitter:card\" content=\"summary_large_image\" \/>\n<script type=\"application\/ld+json\" class=\"yoast-schema-graph\">{\"@context\":\"https:\/\/schema.org\",\"@graph\":[{\"@type\":\"WebPage\",\"@id\":\"https:\/\/www.daisho.be\/de\/produit\/adidas-knoechelbandage-schwarz\/\",\"url\":\"https:\/\/www.daisho.be\/de\/produit\/adidas-knoechelbandage-schwarz\/\",\"name\":\"Adidas Kn\u00f6chelbandage Schwarz &#8211; Daisho\",\"isPartOf\":{\"@id\":\"https:\/\/www.daisho.be\/de\/#website\"},\"primaryImageOfPage\":{\"@id\":\"https:\/\/www.daisho.be\/de\/produit\/adidas-knoechelbandage-schwarz\/#primaryimage\"},\"image\":{\"@id\":\"https:\/\/www.daisho.be\/de\/produit\/adidas-knoechelbandage-schwarz\/#primaryimage\"},\"thumbnailUrl\":\"https:\/\/www.daisho.be\/wp-content\/uploads\/2025\/10\/image.png\",\"datePublished\":\"2025-10-07T09:24:07+00:00\",\"dateModified\":\"2025-12-24T14:31:43+00:00\",\"breadcrumb\":{\"@id\":\"https:\/\/www.daisho.be\/de\/produit\/adidas-knoechelbandage-schwarz\/#breadcrumb\"},\"inLanguage\":\"de\",\"potentialAction\":[{\"@type\":\"ReadAction\",\"target\":[\"https:\/\/www.daisho.be\/de\/produit\/adidas-knoechelbandage-schwarz\/\"]}]},{\"@type\":\"ImageObject\",\"inLanguage\":\"de\",\"@id\":\"https:\/\/www.daisho.be\/de\/produit\/adidas-knoechelbandage-schwarz\/#primaryimage\",\"url\":\"https:\/\/www.daisho.be\/wp-content\/uploads\/2025\/10\/image.png\",\"contentUrl\":\"https:\/\/www.daisho.be\/wp-content\/uploads\/2025\/10\/image.png\",\"width\":398,\"height\":684,\"caption\":\"Adidas Kn\u00f6chelbandage Schwarz-1\"},{\"@type\":\"BreadcrumbList\",\"@id\":\"https:\/\/www.daisho.be\/de\/produit\/adidas-knoechelbandage-schwarz\/#breadcrumb\",\"itemListElement\":[{\"@type\":\"ListItem\",\"position\":1,\"name\":\"Accueil\",\"item\":\"https:\/\/www.daisho.be\/de\/\"},{\"@type\":\"ListItem\",\"position\":2,\"name\":\"Produkte\",\"item\":\"https:\/\/www.daisho.be\/de\/produkte\/\"},{\"@type\":\"ListItem\",\"position\":3,\"name\":\"ADIDAS COMBAT SPORTS\",\"item\":\"https:\/\/www.daisho.be\/de\/categorie-produit\/adidas-combat-sports-de\/\"},{\"@type\":\"ListItem\",\"position\":4,\"name\":\"Boxen\",\"item\":\"https:\/\/www.daisho.be\/de\/categorie-produit\/adidas-combat-sports-de\/boxen\/\"},{\"@type\":\"ListItem\",\"position\":5,\"name\":\"Adidas Boxing Protektoren\",\"item\":\"https:\/\/www.daisho.be\/de\/categorie-produit\/adidas-combat-sports-de\/boxen\/adidas-boxing-protektoren\/\"},{\"@type\":\"ListItem\",\"position\":6,\"name\":\"Adidas Kn\u00f6chelbandage Schwarz\"}]},{\"@type\":\"WebSite\",\"@id\":\"https:\/\/www.daisho.be\/de\/#website\",\"url\":\"https:\/\/www.daisho.be\/de\/\",\"name\":\"Daisho\",\"description\":\"Sp&eacute;cialiste de l'&eacute;quipement sportif d'arts martiaux\",\"publisher\":{\"@id\":\"https:\/\/www.daisho.be\/de\/#organization\"},\"potentialAction\":[{\"@type\":\"SearchAction\",\"target\":{\"@type\":\"EntryPoint\",\"urlTemplate\":\"https:\/\/www.daisho.be\/de\/?s={search_term_string}\"},\"query-input\":{\"@type\":\"PropertyValueSpecification\",\"valueRequired\":true,\"valueName\":\"search_term_string\"}}],\"inLanguage\":\"de\"},{\"@type\":\"Organization\",\"@id\":\"https:\/\/www.daisho.be\/de\/#organization\",\"name\":\"Daisho\",\"url\":\"https:\/\/www.daisho.be\/de\/\",\"logo\":{\"@type\":\"ImageObject\",\"inLanguage\":\"de\",\"@id\":\"https:\/\/www.daisho.be\/de\/#\/schema\/logo\/image\/\",\"url\":\"https:\/\/www.daisho.be\/wp-content\/uploads\/2019\/07\/color-nothing-horizontale4x-e1564486100247.png\",\"contentUrl\":\"https:\/\/www.daisho.be\/wp-content\/uploads\/2019\/07\/color-nothing-horizontale4x-e1564486100247.png\",\"width\":1547,\"height\":385,\"caption\":\"Daisho\"},\"image\":{\"@id\":\"https:\/\/www.daisho.be\/de\/#\/schema\/logo\/image\/\"}}]}<\/script>\n<!-- \/ Yoast SEO plugin. -->","yoast_head_json":{"title":"Adidas Kn\u00f6chelbandage Schwarz &#8211; Daisho","robots":{"index":"index","follow":"follow","max-snippet":"max-snippet:-1","max-image-preview":"max-image-preview:large","max-video-preview":"max-video-preview:-1"},"canonical":"https:\/\/www.daisho.be\/de\/produit\/adidas-knoechelbandage-schwarz\/","og_locale":"de_DE","og_type":"article","og_title":"Adidas Kn\u00f6chelbandage Schwarz &#8211; Daisho","og_description":"Dieser Kn\u00f6chelschutz besteht aus Polyester und Lycra. Der Kn\u00f6chelschutz st\u00fctzt Ihren Kn\u00f6chel und bietet zus\u00e4tzliche Griffigkeit. Der Kn\u00f6chelschutz ist elastisch, damit er an Ort und Stelle bleibt. Dieser Kn\u00f6chelschutz eignet sich f\u00fcr Kickboxen, Thaiboxen, MMA, Boxen, Karate usw. Vorteile: &#8211; Schutz f\u00fcr Ihre Kn\u00f6chel &#8211; elastisch Farbe: Schwarz . Einheitsgr\u00f6\u00dfe.","og_url":"https:\/\/www.daisho.be\/de\/produit\/adidas-knoechelbandage-schwarz\/","og_site_name":"Daisho","article_modified_time":"2025-12-24T14:31:43+00:00","og_image":[{"width":398,"height":684,"url":"https:\/\/www.daisho.be\/wp-content\/uploads\/2025\/10\/image.png","type":"image\/png"}],"twitter_card":"summary_large_image","schema":{"@context":"https:\/\/schema.org","@graph":[{"@type":"WebPage","@id":"https:\/\/www.daisho.be\/de\/produit\/adidas-knoechelbandage-schwarz\/","url":"https:\/\/www.daisho.be\/de\/produit\/adidas-knoechelbandage-schwarz\/","name":"Adidas Kn\u00f6chelbandage Schwarz &#8211; Daisho","isPartOf":{"@id":"https:\/\/www.daisho.be\/de\/#website"},"primaryImageOfPage":{"@id":"https:\/\/www.daisho.be\/de\/produit\/adidas-knoechelbandage-schwarz\/#primaryimage"},"image":{"@id":"https:\/\/www.daisho.be\/de\/produit\/adidas-knoechelbandage-schwarz\/#primaryimage"},"thumbnailUrl":"https:\/\/www.daisho.be\/wp-content\/uploads\/2025\/10\/image.png","datePublished":"2025-10-07T09:24:07+00:00","dateModified":"2025-12-24T14:31:43+00:00","breadcrumb":{"@id":"https:\/\/www.daisho.be\/de\/produit\/adidas-knoechelbandage-schwarz\/#breadcrumb"},"inLanguage":"de","potentialAction":[{"@type":"ReadAction","target":["https:\/\/www.daisho.be\/de\/produit\/adidas-knoechelbandage-schwarz\/"]}]},{"@type":"ImageObject","inLanguage":"de","@id":"https:\/\/www.daisho.be\/de\/produit\/adidas-knoechelbandage-schwarz\/#primaryimage","url":"https:\/\/www.daisho.be\/wp-content\/uploads\/2025\/10\/image.png","contentUrl":"https:\/\/www.daisho.be\/wp-content\/uploads\/2025\/10\/image.png","width":398,"height":684,"caption":"Adidas Kn\u00f6chelbandage Schwarz-1"},{"@type":"BreadcrumbList","@id":"https:\/\/www.daisho.be\/de\/produit\/adidas-knoechelbandage-schwarz\/#breadcrumb","itemListElement":[{"@type":"ListItem","position":1,"name":"Accueil","item":"https:\/\/www.daisho.be\/de\/"},{"@type":"ListItem","position":2,"name":"Produkte","item":"https:\/\/www.daisho.be\/de\/produkte\/"},{"@type":"ListItem","position":3,"name":"ADIDAS COMBAT SPORTS","item":"https:\/\/www.daisho.be\/de\/categorie-produit\/adidas-combat-sports-de\/"},{"@type":"ListItem","position":4,"name":"Boxen","item":"https:\/\/www.daisho.be\/de\/categorie-produit\/adidas-combat-sports-de\/boxen\/"},{"@type":"ListItem","position":5,"name":"Adidas Boxing Protektoren","item":"https:\/\/www.daisho.be\/de\/categorie-produit\/adidas-combat-sports-de\/boxen\/adidas-boxing-protektoren\/"},{"@type":"ListItem","position":6,"name":"Adidas Kn\u00f6chelbandage Schwarz"}]},{"@type":"WebSite","@id":"https:\/\/www.daisho.be\/de\/#website","url":"https:\/\/www.daisho.be\/de\/","name":"Daisho","description":"Sp&eacute;cialiste de l'&eacute;quipement sportif d'arts martiaux","publisher":{"@id":"https:\/\/www.daisho.be\/de\/#organization"},"potentialAction":[{"@type":"SearchAction","target":{"@type":"EntryPoint","urlTemplate":"https:\/\/www.daisho.be\/de\/?s={search_term_string}"},"query-input":{"@type":"PropertyValueSpecification","valueRequired":true,"valueName":"search_term_string"}}],"inLanguage":"de"},{"@type":"Organization","@id":"https:\/\/www.daisho.be\/de\/#organization","name":"Daisho","url":"https:\/\/www.daisho.be\/de\/","logo":{"@type":"ImageObject","inLanguage":"de","@id":"https:\/\/www.daisho.be\/de\/#\/schema\/logo\/image\/","url":"https:\/\/www.daisho.be\/wp-content\/uploads\/2019\/07\/color-nothing-horizontale4x-e1564486100247.png","contentUrl":"https:\/\/www.daisho.be\/wp-content\/uploads\/2019\/07\/color-nothing-horizontale4x-e1564486100247.png","width":1547,"height":385,"caption":"Daisho"},"image":{"@id":"https:\/\/www.daisho.be\/de\/#\/schema\/logo\/image\/"}}]}},"_links":{"self":[{"href":"https:\/\/www.daisho.be\/de\/wp-json\/wp\/v2\/product\/562966","targetHints":{"allow":["GET"]}}],"collection":[{"href":"https:\/\/www.daisho.be\/de\/wp-json\/wp\/v2\/product"}],"about":[{"href":"https:\/\/www.daisho.be\/de\/wp-json\/wp\/v2\/types\/product"}],"replies":[{"embeddable":true,"href":"https:\/\/www.daisho.be\/de\/wp-json\/wp\/v2\/comments?post=562966"}],"wp:featuredmedia":[{"embeddable":true,"href":"https:\/\/www.daisho.be\/de\/wp-json\/wp\/v2\/media\/558109"}],"wp:attachment":[{"href":"https:\/\/www.daisho.be\/de\/wp-json\/wp\/v2\/media?parent=562966"}],"wp:term":[{"taxonomy":"product_brand","embeddable":true,"href":"https:\/\/www.daisho.be\/de\/wp-json\/wp\/v2\/product_brand?post=562966"},{"taxonomy":"product_cat","embeddable":true,"href":"https:\/\/www.daisho.be\/de\/wp-json\/wp\/v2\/product_cat?post=562966"},{"taxonomy":"product_tag","embeddable":true,"href":"https:\/\/www.daisho.be\/de\/wp-json\/wp\/v2\/product_tag?post=562966"},{"taxonomy":"sport","embeddable":true,"href":"https:\/\/www.daisho.be\/de\/wp-json\/wp\/v2\/sport?post=562966"}],"curies":[{"name":"wp","href":"https:\/\/api.w.org\/{rel}","templated":true}]}}