{"id":562950,"date":"2025-06-06T09:36:14","date_gmt":"2025-06-06T07:36:14","guid":{"rendered":"https:\/\/www.daisho.be\/produit\/trainings-boxring\/"},"modified":"2026-03-17T18:25:56","modified_gmt":"2026-03-17T17:25:56","slug":"trainings-boxring","status":"publish","type":"product","link":"https:\/\/www.daisho.be\/de\/produit\/trainings-boxring\/","title":{"rendered":"Trainings-Boxring 5m"},"content":{"rendered":"<p>Der 5 Meter lange Boxring wurde speziell f\u00fcr das Training entworfen. Er ist robust und langlebig durch die verwendeten Materialien.<br \/>\nModell: TQ2252\/2<br \/>\nSpezifikationen: 5000 \u00d7 5000 \u00d7 1942 mm (H\u00f6he der Plattform: 500mm)<br \/>\nMaterial: PU, PVC, kettengewirkter Stoff, Schwamm, Leinwand, hochfester Schwamm, XPE, hochwertiger Kohlenstoff-Konstruktionsstahl, mehrschichtige Birkenholzplatte, etc.<br \/>\nMerkmale:<br \/>\n&#8211; Die hohe Plattform besteht haupts\u00e4chlich aus S\u00e4ulen, St\u00fctzbalken und Holzpaneelen: Die Hauptmaterialien des Rahmens und der S\u00e4ulen sind rechteckige Stahlrohre;<br \/>\n Das Hauptmaterial f\u00fcr die Verbindung der Holzpaneele ist Birken-Mehrschichtplatte.<br \/>\n  Die hohe Plattform verwendet die U-Clip-Montagemethode, die eine starke und zuverl\u00e4ssige Verbindung und ein sch\u00f6nes Aussehen gew\u00e4hrleistet;<br \/>\n&#8211; bequeme F\u00fc\u00dfe, gute Elastizit\u00e4t, so dass die Athleten spielen k\u00f6nnen;<br \/>\n&#8211; rutschfest, gute Belastbarkeit;<br \/>\n&#8211; einfache Installation und Demontage.<\/p>\n","protected":false},"excerpt":{"rendered":"<p>Der 5 Meter lange Boxring wurde speziell f\u00fcr das Training entworfen. Er ist robust und langlebig durch die verwendeten Materialien. Modell: TQ2252\/2 Spezifikationen: 5000 \u00d7 5000 \u00d7 1942 mm (H\u00f6he der Plattform: 500mm) Material: PU, PVC, kettengewirkter Stoff, Schwamm, Leinwand, hochfester Schwamm, XPE, hochwertiger Kohlenstoff-Konstruktionsstahl, mehrschichtige Birkenholzplatte, etc. Merkmale: &#8211; Die hohe Plattform besteht haupts\u00e4chlich [&hellip;]<\/p>\n","protected":false},"featured_media":525362,"comment_status":"open","ping_status":"closed","template":"","meta":{"inline_featured_image":false},"product_brand":[],"product_cat":[2037],"product_tag":[2526],"sport":[],"class_list":{"0":"post-562950","1":"product","2":"type-product","3":"status-publish","4":"has-post-thumbnail","6":"product_cat-wettbewerbsausrustungen","7":"product_tag-taishan","9":"first","10":"instock","11":"taxable","12":"shipping-taxable","13":"purchasable","14":"product-type-simple"},"yoast_head":"<!-- This site is optimized with the Yoast SEO plugin v27.2 - https:\/\/yoast.com\/product\/yoast-seo-wordpress\/ -->\n<title>Trainings-Boxring 5m &#8211; Daisho<\/title>\n<meta name=\"description\" content=\"Entdecken Sie den Boxring der Marke Taishan, der speziell f\u00fcr das Training entwickelt wurde. Sie finden ihn auf unserer Website www.daisho.be|Daisho.\" \/>\n<meta name=\"robots\" content=\"index, follow, max-snippet:-1, max-image-preview:large, max-video-preview:-1\" \/>\n<link rel=\"canonical\" href=\"https:\/\/www.daisho.be\/de\/produit\/trainings-boxring\/\" \/>\n<meta property=\"og:locale\" content=\"de_DE\" \/>\n<meta property=\"og:type\" content=\"article\" \/>\n<meta property=\"og:title\" content=\"Trainings-Boxring 5m &#8211; Daisho\" \/>\n<meta property=\"og:description\" content=\"Entdecken Sie den Boxring der Marke Taishan, der speziell f\u00fcr das Training entwickelt wurde. Sie finden ihn auf unserer Website www.daisho.be|Daisho.\" \/>\n<meta property=\"og:url\" content=\"https:\/\/www.daisho.be\/de\/produit\/trainings-boxring\/\" \/>\n<meta property=\"og:site_name\" content=\"Daisho\" \/>\n<meta property=\"article:modified_time\" content=\"2026-03-17T17:25:56+00:00\" \/>\n<meta property=\"og:image\" content=\"https:\/\/www.daisho.be\/wp-content\/uploads\/2025\/06\/image-17.png\" \/>\n\t<meta property=\"og:image:width\" content=\"2000\" \/>\n\t<meta property=\"og:image:height\" content=\"1139\" \/>\n\t<meta property=\"og:image:type\" content=\"image\/png\" \/>\n<meta name=\"twitter:card\" content=\"summary_large_image\" \/>\n<meta name=\"twitter:label1\" content=\"Gesch\u00e4tzte Lesezeit\" \/>\n\t<meta name=\"twitter:data1\" content=\"1\u00a0Minute\" \/>\n<script type=\"application\/ld+json\" class=\"yoast-schema-graph\">{\"@context\":\"https:\/\/schema.org\",\"@graph\":[{\"@type\":\"WebPage\",\"@id\":\"https:\/\/www.daisho.be\/de\/produit\/trainings-boxring\/\",\"url\":\"https:\/\/www.daisho.be\/de\/produit\/trainings-boxring\/\",\"name\":\"Trainings-Boxring 5m &#8211; Daisho\",\"isPartOf\":{\"@id\":\"https:\/\/www.daisho.be\/de\/#website\"},\"primaryImageOfPage\":{\"@id\":\"https:\/\/www.daisho.be\/de\/produit\/trainings-boxring\/#primaryimage\"},\"image\":{\"@id\":\"https:\/\/www.daisho.be\/de\/produit\/trainings-boxring\/#primaryimage\"},\"thumbnailUrl\":\"https:\/\/www.daisho.be\/wp-content\/uploads\/2025\/06\/image-17.png\",\"datePublished\":\"2025-06-06T07:36:14+00:00\",\"dateModified\":\"2026-03-17T17:25:56+00:00\",\"description\":\"Entdecken Sie den Boxring der Marke Taishan, der speziell f\u00fcr das Training entwickelt wurde. Sie finden ihn auf unserer Website www.daisho.be|Daisho.\",\"breadcrumb\":{\"@id\":\"https:\/\/www.daisho.be\/de\/produit\/trainings-boxring\/#breadcrumb\"},\"inLanguage\":\"de\",\"potentialAction\":[{\"@type\":\"ReadAction\",\"target\":[\"https:\/\/www.daisho.be\/de\/produit\/trainings-boxring\/\"]}]},{\"@type\":\"ImageObject\",\"inLanguage\":\"de\",\"@id\":\"https:\/\/www.daisho.be\/de\/produit\/trainings-boxring\/#primaryimage\",\"url\":\"https:\/\/www.daisho.be\/wp-content\/uploads\/2025\/06\/image-17.png\",\"contentUrl\":\"https:\/\/www.daisho.be\/wp-content\/uploads\/2025\/06\/image-17.png\",\"width\":2000,\"height\":1139,\"caption\":\"Trainings-Boxring 7m-1\"},{\"@type\":\"BreadcrumbList\",\"@id\":\"https:\/\/www.daisho.be\/de\/produit\/trainings-boxring\/#breadcrumb\",\"itemListElement\":[{\"@type\":\"ListItem\",\"position\":1,\"name\":\"Accueil\",\"item\":\"https:\/\/www.daisho.be\/de\/\"},{\"@type\":\"ListItem\",\"position\":2,\"name\":\"Produkte\",\"item\":\"https:\/\/www.daisho.be\/de\/produkte\/\"},{\"@type\":\"ListItem\",\"position\":3,\"name\":\"Kampfsportarten\",\"item\":\"https:\/\/www.daisho.be\/de\/categorie-produit\/kampfsportarten\/\"},{\"@type\":\"ListItem\",\"position\":4,\"name\":\"Wettbewerbsausr\u00fcstungen\",\"item\":\"https:\/\/www.daisho.be\/de\/categorie-produit\/kampfsportarten\/wettbewerbsausrustungen\/\"},{\"@type\":\"ListItem\",\"position\":5,\"name\":\"Trainings-Boxring 5m\"}]},{\"@type\":\"WebSite\",\"@id\":\"https:\/\/www.daisho.be\/de\/#website\",\"url\":\"https:\/\/www.daisho.be\/de\/\",\"name\":\"Daisho\",\"description\":\"Sp&eacute;cialiste de l'&eacute;quipement sportif d'arts martiaux\",\"publisher\":{\"@id\":\"https:\/\/www.daisho.be\/de\/#organization\"},\"potentialAction\":[{\"@type\":\"SearchAction\",\"target\":{\"@type\":\"EntryPoint\",\"urlTemplate\":\"https:\/\/www.daisho.be\/de\/?s={search_term_string}\"},\"query-input\":{\"@type\":\"PropertyValueSpecification\",\"valueRequired\":true,\"valueName\":\"search_term_string\"}}],\"inLanguage\":\"de\"},{\"@type\":\"Organization\",\"@id\":\"https:\/\/www.daisho.be\/de\/#organization\",\"name\":\"Daisho\",\"url\":\"https:\/\/www.daisho.be\/de\/\",\"logo\":{\"@type\":\"ImageObject\",\"inLanguage\":\"de\",\"@id\":\"https:\/\/www.daisho.be\/de\/#\/schema\/logo\/image\/\",\"url\":\"https:\/\/www.daisho.be\/wp-content\/uploads\/2019\/07\/color-nothing-horizontale4x-e1564486100247.png\",\"contentUrl\":\"https:\/\/www.daisho.be\/wp-content\/uploads\/2019\/07\/color-nothing-horizontale4x-e1564486100247.png\",\"width\":1547,\"height\":385,\"caption\":\"Daisho\"},\"image\":{\"@id\":\"https:\/\/www.daisho.be\/de\/#\/schema\/logo\/image\/\"}}]}<\/script>\n<!-- \/ Yoast SEO plugin. -->","yoast_head_json":{"title":"Trainings-Boxring 5m &#8211; Daisho","description":"Entdecken Sie den Boxring der Marke Taishan, der speziell f\u00fcr das Training entwickelt wurde. Sie finden ihn auf unserer Website www.daisho.be|Daisho.","robots":{"index":"index","follow":"follow","max-snippet":"max-snippet:-1","max-image-preview":"max-image-preview:large","max-video-preview":"max-video-preview:-1"},"canonical":"https:\/\/www.daisho.be\/de\/produit\/trainings-boxring\/","og_locale":"de_DE","og_type":"article","og_title":"Trainings-Boxring 5m &#8211; Daisho","og_description":"Entdecken Sie den Boxring der Marke Taishan, der speziell f\u00fcr das Training entwickelt wurde. Sie finden ihn auf unserer Website www.daisho.be|Daisho.","og_url":"https:\/\/www.daisho.be\/de\/produit\/trainings-boxring\/","og_site_name":"Daisho","article_modified_time":"2026-03-17T17:25:56+00:00","og_image":[{"width":2000,"height":1139,"url":"https:\/\/www.daisho.be\/wp-content\/uploads\/2025\/06\/image-17.png","type":"image\/png"}],"twitter_card":"summary_large_image","twitter_misc":{"Gesch\u00e4tzte Lesezeit":"1\u00a0Minute"},"schema":{"@context":"https:\/\/schema.org","@graph":[{"@type":"WebPage","@id":"https:\/\/www.daisho.be\/de\/produit\/trainings-boxring\/","url":"https:\/\/www.daisho.be\/de\/produit\/trainings-boxring\/","name":"Trainings-Boxring 5m &#8211; Daisho","isPartOf":{"@id":"https:\/\/www.daisho.be\/de\/#website"},"primaryImageOfPage":{"@id":"https:\/\/www.daisho.be\/de\/produit\/trainings-boxring\/#primaryimage"},"image":{"@id":"https:\/\/www.daisho.be\/de\/produit\/trainings-boxring\/#primaryimage"},"thumbnailUrl":"https:\/\/www.daisho.be\/wp-content\/uploads\/2025\/06\/image-17.png","datePublished":"2025-06-06T07:36:14+00:00","dateModified":"2026-03-17T17:25:56+00:00","description":"Entdecken Sie den Boxring der Marke Taishan, der speziell f\u00fcr das Training entwickelt wurde. Sie finden ihn auf unserer Website www.daisho.be|Daisho.","breadcrumb":{"@id":"https:\/\/www.daisho.be\/de\/produit\/trainings-boxring\/#breadcrumb"},"inLanguage":"de","potentialAction":[{"@type":"ReadAction","target":["https:\/\/www.daisho.be\/de\/produit\/trainings-boxring\/"]}]},{"@type":"ImageObject","inLanguage":"de","@id":"https:\/\/www.daisho.be\/de\/produit\/trainings-boxring\/#primaryimage","url":"https:\/\/www.daisho.be\/wp-content\/uploads\/2025\/06\/image-17.png","contentUrl":"https:\/\/www.daisho.be\/wp-content\/uploads\/2025\/06\/image-17.png","width":2000,"height":1139,"caption":"Trainings-Boxring 7m-1"},{"@type":"BreadcrumbList","@id":"https:\/\/www.daisho.be\/de\/produit\/trainings-boxring\/#breadcrumb","itemListElement":[{"@type":"ListItem","position":1,"name":"Accueil","item":"https:\/\/www.daisho.be\/de\/"},{"@type":"ListItem","position":2,"name":"Produkte","item":"https:\/\/www.daisho.be\/de\/produkte\/"},{"@type":"ListItem","position":3,"name":"Kampfsportarten","item":"https:\/\/www.daisho.be\/de\/categorie-produit\/kampfsportarten\/"},{"@type":"ListItem","position":4,"name":"Wettbewerbsausr\u00fcstungen","item":"https:\/\/www.daisho.be\/de\/categorie-produit\/kampfsportarten\/wettbewerbsausrustungen\/"},{"@type":"ListItem","position":5,"name":"Trainings-Boxring 5m"}]},{"@type":"WebSite","@id":"https:\/\/www.daisho.be\/de\/#website","url":"https:\/\/www.daisho.be\/de\/","name":"Daisho","description":"Sp&eacute;cialiste de l'&eacute;quipement sportif d'arts martiaux","publisher":{"@id":"https:\/\/www.daisho.be\/de\/#organization"},"potentialAction":[{"@type":"SearchAction","target":{"@type":"EntryPoint","urlTemplate":"https:\/\/www.daisho.be\/de\/?s={search_term_string}"},"query-input":{"@type":"PropertyValueSpecification","valueRequired":true,"valueName":"search_term_string"}}],"inLanguage":"de"},{"@type":"Organization","@id":"https:\/\/www.daisho.be\/de\/#organization","name":"Daisho","url":"https:\/\/www.daisho.be\/de\/","logo":{"@type":"ImageObject","inLanguage":"de","@id":"https:\/\/www.daisho.be\/de\/#\/schema\/logo\/image\/","url":"https:\/\/www.daisho.be\/wp-content\/uploads\/2019\/07\/color-nothing-horizontale4x-e1564486100247.png","contentUrl":"https:\/\/www.daisho.be\/wp-content\/uploads\/2019\/07\/color-nothing-horizontale4x-e1564486100247.png","width":1547,"height":385,"caption":"Daisho"},"image":{"@id":"https:\/\/www.daisho.be\/de\/#\/schema\/logo\/image\/"}}]}},"_links":{"self":[{"href":"https:\/\/www.daisho.be\/de\/wp-json\/wp\/v2\/product\/562950","targetHints":{"allow":["GET"]}}],"collection":[{"href":"https:\/\/www.daisho.be\/de\/wp-json\/wp\/v2\/product"}],"about":[{"href":"https:\/\/www.daisho.be\/de\/wp-json\/wp\/v2\/types\/product"}],"replies":[{"embeddable":true,"href":"https:\/\/www.daisho.be\/de\/wp-json\/wp\/v2\/comments?post=562950"}],"wp:featuredmedia":[{"embeddable":true,"href":"https:\/\/www.daisho.be\/de\/wp-json\/wp\/v2\/media\/525362"}],"wp:attachment":[{"href":"https:\/\/www.daisho.be\/de\/wp-json\/wp\/v2\/media?parent=562950"}],"wp:term":[{"taxonomy":"product_brand","embeddable":true,"href":"https:\/\/www.daisho.be\/de\/wp-json\/wp\/v2\/product_brand?post=562950"},{"taxonomy":"product_cat","embeddable":true,"href":"https:\/\/www.daisho.be\/de\/wp-json\/wp\/v2\/product_cat?post=562950"},{"taxonomy":"product_tag","embeddable":true,"href":"https:\/\/www.daisho.be\/de\/wp-json\/wp\/v2\/product_tag?post=562950"},{"taxonomy":"sport","embeddable":true,"href":"https:\/\/www.daisho.be\/de\/wp-json\/wp\/v2\/sport?post=562950"}],"curies":[{"name":"wp","href":"https:\/\/api.w.org\/{rel}","templated":true}]}}