{"id":562941,"date":"2025-06-06T09:59:28","date_gmt":"2025-06-06T07:59:28","guid":{"rendered":"https:\/\/www.daisho.be\/produit\/multifunktionale-trainingsstation\/"},"modified":"2025-06-06T09:59:28","modified_gmt":"2025-06-06T07:59:28","slug":"multifunktionale-trainingsstation","status":"publish","type":"product","link":"https:\/\/www.daisho.be\/de\/produit\/multifunktionale-trainingsstation\/","title":{"rendered":"Multifunktionale Trainingsstation"},"content":{"rendered":"<p>G\u00f6nnen Sie sich v\u00f6llige Freiheit beim Training mit unserer multifunktionalen Station, die so konzipiert ist, dass sie jeden Bereich Ihres K\u00f6rpers effektiv ansprechen kann. Sie ist modular und einfach zu demontieren und passt sich perfekt an Ihre Ziele und Ihren Platz an.<x id=\"gid_0\"><\/x>Spezifikation: 2736mm\u00d72736mm\u00d72600mm<x id=\"gid_1\"><\/x>Material: Kohlenstoff-Baustahl<x id=\"gid_2\"><\/x>Eigenschaften:<x id=\"gid_3\"><\/x>Dieses Produkt ist ein kompletter, multifunktionaler Boxtrainer, der Sands\u00e4cke (4 St\u00fcck), einen Birnenball, ein Wandziel und einen Box-Speedball beinhaltet. Es deckt eine kleine Fl\u00e4che ab und muss nicht befestigt werden.<br \/>\nDie Nutzer k\u00f6nnen das Boxger\u00e4t auseinandernehmen und an ihre eigenen Bed\u00fcrfnisse anpassen, was seine Nutzung flexibler macht.<\/p>\n","protected":false},"excerpt":{"rendered":"<p>G\u00f6nnen Sie sich v\u00f6llige Freiheit beim Training mit unserer multifunktionalen Station, die so konzipiert ist, dass sie jeden Bereich Ihres K\u00f6rpers effektiv ansprechen kann. Sie ist modular und einfach zu demontieren und passt sich perfekt an Ihre Ziele und Ihren Platz an.Spezifikation: 2736mm\u00d72736mm\u00d72600mmMaterial: Kohlenstoff-BaustahlEigenschaften:Dieses Produkt ist ein kompletter, multifunktionaler Boxtrainer, der Sands\u00e4cke (4 St\u00fcck), einen [&hellip;]<\/p>\n","protected":false},"featured_media":525373,"comment_status":"open","ping_status":"closed","template":"","meta":{"inline_featured_image":false},"product_brand":[],"product_cat":[2132,2054,2043],"product_tag":[2526],"sport":[],"class_list":{"0":"post-562941","1":"product","2":"type-product","3":"status-publish","4":"has-post-thumbnail","6":"product_cat-boxsacke","7":"product_cat-trainingsmaterial","8":"product_cat-trainingsmaterial-boxen","9":"product_tag-taishan","11":"first","12":"instock","13":"taxable","14":"shipping-taxable","15":"purchasable","16":"product-type-simple"},"yoast_head":"<!-- This site is optimized with the Yoast SEO plugin v27.2 - https:\/\/yoast.com\/product\/yoast-seo-wordpress\/ -->\n<title>Multifunktionale Trainingsstation &#8211; Daisho<\/title>\n<meta name=\"robots\" content=\"index, follow, max-snippet:-1, max-image-preview:large, max-video-preview:-1\" \/>\n<link rel=\"canonical\" href=\"https:\/\/www.daisho.be\/de\/produit\/multifunktionale-trainingsstation\/\" \/>\n<meta property=\"og:locale\" content=\"de_DE\" \/>\n<meta property=\"og:type\" content=\"article\" \/>\n<meta property=\"og:title\" content=\"Multifunktionale Trainingsstation &#8211; Daisho\" \/>\n<meta property=\"og:description\" content=\"G\u00f6nnen Sie sich v\u00f6llige Freiheit beim Training mit unserer multifunktionalen Station, die so konzipiert ist, dass sie jeden Bereich Ihres K\u00f6rpers effektiv ansprechen kann. Sie ist modular und einfach zu demontieren und passt sich perfekt an Ihre Ziele und Ihren Platz an.Spezifikation: 2736mm\u00d72736mm\u00d72600mmMaterial: Kohlenstoff-BaustahlEigenschaften:Dieses Produkt ist ein kompletter, multifunktionaler Boxtrainer, der Sands\u00e4cke (4 St\u00fcck), einen [&hellip;]\" \/>\n<meta property=\"og:url\" content=\"https:\/\/www.daisho.be\/de\/produit\/multifunktionale-trainingsstation\/\" \/>\n<meta property=\"og:site_name\" content=\"Daisho\" \/>\n<meta property=\"og:image\" content=\"https:\/\/www.daisho.be\/wp-content\/uploads\/2025\/06\/image-18-scaled.png\" \/>\n\t<meta property=\"og:image:width\" content=\"1536\" \/>\n\t<meta property=\"og:image:height\" content=\"2048\" \/>\n\t<meta property=\"og:image:type\" content=\"image\/png\" \/>\n<meta name=\"twitter:card\" content=\"summary_large_image\" \/>\n<meta name=\"twitter:label1\" content=\"Gesch\u00e4tzte Lesezeit\" \/>\n\t<meta name=\"twitter:data1\" content=\"1\u00a0Minute\" \/>\n<script type=\"application\/ld+json\" class=\"yoast-schema-graph\">{\"@context\":\"https:\/\/schema.org\",\"@graph\":[{\"@type\":\"WebPage\",\"@id\":\"https:\/\/www.daisho.be\/de\/produit\/multifunktionale-trainingsstation\/\",\"url\":\"https:\/\/www.daisho.be\/de\/produit\/multifunktionale-trainingsstation\/\",\"name\":\"Multifunktionale Trainingsstation &#8211; Daisho\",\"isPartOf\":{\"@id\":\"https:\/\/www.daisho.be\/de\/#website\"},\"primaryImageOfPage\":{\"@id\":\"https:\/\/www.daisho.be\/de\/produit\/multifunktionale-trainingsstation\/#primaryimage\"},\"image\":{\"@id\":\"https:\/\/www.daisho.be\/de\/produit\/multifunktionale-trainingsstation\/#primaryimage\"},\"thumbnailUrl\":\"https:\/\/www.daisho.be\/wp-content\/uploads\/2025\/06\/image-18-scaled.png\",\"datePublished\":\"2025-06-06T07:59:28+00:00\",\"breadcrumb\":{\"@id\":\"https:\/\/www.daisho.be\/de\/produit\/multifunktionale-trainingsstation\/#breadcrumb\"},\"inLanguage\":\"de\",\"potentialAction\":[{\"@type\":\"ReadAction\",\"target\":[\"https:\/\/www.daisho.be\/de\/produit\/multifunktionale-trainingsstation\/\"]}]},{\"@type\":\"ImageObject\",\"inLanguage\":\"de\",\"@id\":\"https:\/\/www.daisho.be\/de\/produit\/multifunktionale-trainingsstation\/#primaryimage\",\"url\":\"https:\/\/www.daisho.be\/wp-content\/uploads\/2025\/06\/image-18-scaled.png\",\"contentUrl\":\"https:\/\/www.daisho.be\/wp-content\/uploads\/2025\/06\/image-18-scaled.png\",\"width\":1536,\"height\":2048,\"caption\":\"Station d'entra\u00eenement multifonctionnelle -1\"},{\"@type\":\"BreadcrumbList\",\"@id\":\"https:\/\/www.daisho.be\/de\/produit\/multifunktionale-trainingsstation\/#breadcrumb\",\"itemListElement\":[{\"@type\":\"ListItem\",\"position\":1,\"name\":\"Accueil\",\"item\":\"https:\/\/www.daisho.be\/de\/\"},{\"@type\":\"ListItem\",\"position\":2,\"name\":\"Produkte\",\"item\":\"https:\/\/www.daisho.be\/de\/produkte\/\"},{\"@type\":\"ListItem\",\"position\":3,\"name\":\"Ausr\u00fcstung und Kleidung f\u00fcr Kampfkunst und Kampfsport\",\"item\":\"https:\/\/www.daisho.be\/de\/categorie-produit\/ausrustung-und-kleidung-fur-kampfkunst-und-kampfsport\/\"},{\"@type\":\"ListItem\",\"position\":4,\"name\":\"Boxen\",\"item\":\"https:\/\/www.daisho.be\/de\/categorie-produit\/ausrustung-und-kleidung-fur-kampfkunst-und-kampfsport\/boxen-de\/\"},{\"@type\":\"ListItem\",\"position\":5,\"name\":\"Trainingsmaterial Boxen\",\"item\":\"https:\/\/www.daisho.be\/de\/categorie-produit\/ausrustung-und-kleidung-fur-kampfkunst-und-kampfsport\/boxen-de\/trainingsmaterial-boxen\/\"},{\"@type\":\"ListItem\",\"position\":6,\"name\":\"Multifunktionale Trainingsstation\"}]},{\"@type\":\"WebSite\",\"@id\":\"https:\/\/www.daisho.be\/de\/#website\",\"url\":\"https:\/\/www.daisho.be\/de\/\",\"name\":\"Daisho\",\"description\":\"Sp&eacute;cialiste de l'&eacute;quipement sportif d'arts martiaux\",\"publisher\":{\"@id\":\"https:\/\/www.daisho.be\/de\/#organization\"},\"potentialAction\":[{\"@type\":\"SearchAction\",\"target\":{\"@type\":\"EntryPoint\",\"urlTemplate\":\"https:\/\/www.daisho.be\/de\/?s={search_term_string}\"},\"query-input\":{\"@type\":\"PropertyValueSpecification\",\"valueRequired\":true,\"valueName\":\"search_term_string\"}}],\"inLanguage\":\"de\"},{\"@type\":\"Organization\",\"@id\":\"https:\/\/www.daisho.be\/de\/#organization\",\"name\":\"Daisho\",\"url\":\"https:\/\/www.daisho.be\/de\/\",\"logo\":{\"@type\":\"ImageObject\",\"inLanguage\":\"de\",\"@id\":\"https:\/\/www.daisho.be\/de\/#\/schema\/logo\/image\/\",\"url\":\"https:\/\/www.daisho.be\/wp-content\/uploads\/2019\/07\/color-nothing-horizontale4x-e1564486100247.png\",\"contentUrl\":\"https:\/\/www.daisho.be\/wp-content\/uploads\/2019\/07\/color-nothing-horizontale4x-e1564486100247.png\",\"width\":1547,\"height\":385,\"caption\":\"Daisho\"},\"image\":{\"@id\":\"https:\/\/www.daisho.be\/de\/#\/schema\/logo\/image\/\"}}]}<\/script>\n<!-- \/ Yoast SEO plugin. -->","yoast_head_json":{"title":"Multifunktionale Trainingsstation &#8211; Daisho","robots":{"index":"index","follow":"follow","max-snippet":"max-snippet:-1","max-image-preview":"max-image-preview:large","max-video-preview":"max-video-preview:-1"},"canonical":"https:\/\/www.daisho.be\/de\/produit\/multifunktionale-trainingsstation\/","og_locale":"de_DE","og_type":"article","og_title":"Multifunktionale Trainingsstation &#8211; Daisho","og_description":"G\u00f6nnen Sie sich v\u00f6llige Freiheit beim Training mit unserer multifunktionalen Station, die so konzipiert ist, dass sie jeden Bereich Ihres K\u00f6rpers effektiv ansprechen kann. Sie ist modular und einfach zu demontieren und passt sich perfekt an Ihre Ziele und Ihren Platz an.Spezifikation: 2736mm\u00d72736mm\u00d72600mmMaterial: Kohlenstoff-BaustahlEigenschaften:Dieses Produkt ist ein kompletter, multifunktionaler Boxtrainer, der Sands\u00e4cke (4 St\u00fcck), einen [&hellip;]","og_url":"https:\/\/www.daisho.be\/de\/produit\/multifunktionale-trainingsstation\/","og_site_name":"Daisho","og_image":[{"width":1536,"height":2048,"url":"https:\/\/www.daisho.be\/wp-content\/uploads\/2025\/06\/image-18-scaled.png","type":"image\/png"}],"twitter_card":"summary_large_image","twitter_misc":{"Gesch\u00e4tzte Lesezeit":"1\u00a0Minute"},"schema":{"@context":"https:\/\/schema.org","@graph":[{"@type":"WebPage","@id":"https:\/\/www.daisho.be\/de\/produit\/multifunktionale-trainingsstation\/","url":"https:\/\/www.daisho.be\/de\/produit\/multifunktionale-trainingsstation\/","name":"Multifunktionale Trainingsstation &#8211; Daisho","isPartOf":{"@id":"https:\/\/www.daisho.be\/de\/#website"},"primaryImageOfPage":{"@id":"https:\/\/www.daisho.be\/de\/produit\/multifunktionale-trainingsstation\/#primaryimage"},"image":{"@id":"https:\/\/www.daisho.be\/de\/produit\/multifunktionale-trainingsstation\/#primaryimage"},"thumbnailUrl":"https:\/\/www.daisho.be\/wp-content\/uploads\/2025\/06\/image-18-scaled.png","datePublished":"2025-06-06T07:59:28+00:00","breadcrumb":{"@id":"https:\/\/www.daisho.be\/de\/produit\/multifunktionale-trainingsstation\/#breadcrumb"},"inLanguage":"de","potentialAction":[{"@type":"ReadAction","target":["https:\/\/www.daisho.be\/de\/produit\/multifunktionale-trainingsstation\/"]}]},{"@type":"ImageObject","inLanguage":"de","@id":"https:\/\/www.daisho.be\/de\/produit\/multifunktionale-trainingsstation\/#primaryimage","url":"https:\/\/www.daisho.be\/wp-content\/uploads\/2025\/06\/image-18-scaled.png","contentUrl":"https:\/\/www.daisho.be\/wp-content\/uploads\/2025\/06\/image-18-scaled.png","width":1536,"height":2048,"caption":"Station d'entra\u00eenement multifonctionnelle -1"},{"@type":"BreadcrumbList","@id":"https:\/\/www.daisho.be\/de\/produit\/multifunktionale-trainingsstation\/#breadcrumb","itemListElement":[{"@type":"ListItem","position":1,"name":"Accueil","item":"https:\/\/www.daisho.be\/de\/"},{"@type":"ListItem","position":2,"name":"Produkte","item":"https:\/\/www.daisho.be\/de\/produkte\/"},{"@type":"ListItem","position":3,"name":"Ausr\u00fcstung und Kleidung f\u00fcr Kampfkunst und Kampfsport","item":"https:\/\/www.daisho.be\/de\/categorie-produit\/ausrustung-und-kleidung-fur-kampfkunst-und-kampfsport\/"},{"@type":"ListItem","position":4,"name":"Boxen","item":"https:\/\/www.daisho.be\/de\/categorie-produit\/ausrustung-und-kleidung-fur-kampfkunst-und-kampfsport\/boxen-de\/"},{"@type":"ListItem","position":5,"name":"Trainingsmaterial Boxen","item":"https:\/\/www.daisho.be\/de\/categorie-produit\/ausrustung-und-kleidung-fur-kampfkunst-und-kampfsport\/boxen-de\/trainingsmaterial-boxen\/"},{"@type":"ListItem","position":6,"name":"Multifunktionale Trainingsstation"}]},{"@type":"WebSite","@id":"https:\/\/www.daisho.be\/de\/#website","url":"https:\/\/www.daisho.be\/de\/","name":"Daisho","description":"Sp&eacute;cialiste de l'&eacute;quipement sportif d'arts martiaux","publisher":{"@id":"https:\/\/www.daisho.be\/de\/#organization"},"potentialAction":[{"@type":"SearchAction","target":{"@type":"EntryPoint","urlTemplate":"https:\/\/www.daisho.be\/de\/?s={search_term_string}"},"query-input":{"@type":"PropertyValueSpecification","valueRequired":true,"valueName":"search_term_string"}}],"inLanguage":"de"},{"@type":"Organization","@id":"https:\/\/www.daisho.be\/de\/#organization","name":"Daisho","url":"https:\/\/www.daisho.be\/de\/","logo":{"@type":"ImageObject","inLanguage":"de","@id":"https:\/\/www.daisho.be\/de\/#\/schema\/logo\/image\/","url":"https:\/\/www.daisho.be\/wp-content\/uploads\/2019\/07\/color-nothing-horizontale4x-e1564486100247.png","contentUrl":"https:\/\/www.daisho.be\/wp-content\/uploads\/2019\/07\/color-nothing-horizontale4x-e1564486100247.png","width":1547,"height":385,"caption":"Daisho"},"image":{"@id":"https:\/\/www.daisho.be\/de\/#\/schema\/logo\/image\/"}}]}},"_links":{"self":[{"href":"https:\/\/www.daisho.be\/de\/wp-json\/wp\/v2\/product\/562941","targetHints":{"allow":["GET"]}}],"collection":[{"href":"https:\/\/www.daisho.be\/de\/wp-json\/wp\/v2\/product"}],"about":[{"href":"https:\/\/www.daisho.be\/de\/wp-json\/wp\/v2\/types\/product"}],"replies":[{"embeddable":true,"href":"https:\/\/www.daisho.be\/de\/wp-json\/wp\/v2\/comments?post=562941"}],"wp:featuredmedia":[{"embeddable":true,"href":"https:\/\/www.daisho.be\/de\/wp-json\/wp\/v2\/media\/525373"}],"wp:attachment":[{"href":"https:\/\/www.daisho.be\/de\/wp-json\/wp\/v2\/media?parent=562941"}],"wp:term":[{"taxonomy":"product_brand","embeddable":true,"href":"https:\/\/www.daisho.be\/de\/wp-json\/wp\/v2\/product_brand?post=562941"},{"taxonomy":"product_cat","embeddable":true,"href":"https:\/\/www.daisho.be\/de\/wp-json\/wp\/v2\/product_cat?post=562941"},{"taxonomy":"product_tag","embeddable":true,"href":"https:\/\/www.daisho.be\/de\/wp-json\/wp\/v2\/product_tag?post=562941"},{"taxonomy":"sport","embeddable":true,"href":"https:\/\/www.daisho.be\/de\/wp-json\/wp\/v2\/sport?post=562941"}],"curies":[{"name":"wp","href":"https:\/\/api.w.org\/{rel}","templated":true}]}}