{"id":562940,"date":"2025-06-06T10:15:15","date_gmt":"2025-06-06T08:15:15","guid":{"rendered":"https:\/\/www.daisho.be\/produit\/multifunktionale-rotierende-antriebsstation\/"},"modified":"2025-06-06T10:15:15","modified_gmt":"2025-06-06T08:15:15","slug":"multifunktionale-rotierende-antriebsstation","status":"publish","type":"product","link":"https:\/\/www.daisho.be\/de\/produit\/multifunktionale-rotierende-antriebsstation\/","title":{"rendered":"Multifunktionale rotierende Antriebsstation"},"content":{"rendered":"<p>Boosten Sie Ihre Muskelleistung mit unserer multifunktionalen rotierenden Trainingsstation: ein innovatives und umfassendes rotierendes System, das f\u00fcr optimale Ergebnisse bei jeder Bewegung entwickelt wurde.<br \/>\nSpezifikation: 3900mm\u00d73900mm\u00d72695mm<br \/>\nMaterial: Kohlenstoff-Baustahl<br \/>\nEigenschaften:<br \/>\nDieses Produkt ist ein umfassendes multifunktionales Trainingsger\u00e4t, das Sands\u00e4cke, Birnenb\u00e4lle und Wandziele integriert. Es deckt eine kleine Fl\u00e4che ab, muss nicht befestigt werden und die Sands\u00e4cke k\u00f6nnen sich um die S\u00e4ule drehen.<br \/>\nDie Nutzer k\u00f6nnen die Position nach ihren eigenen Bed\u00fcrfnissen einstellen, die Nutzung ist flexibler, geeignet f\u00fcr das Training in der Halle, kann die Explosivkraft und die Reaktionsgeschwindigkeit der Muskeln effektiv verbessern. <\/p>\n","protected":false},"excerpt":{"rendered":"<p>Boosten Sie Ihre Muskelleistung mit unserer multifunktionalen rotierenden Trainingsstation: ein innovatives und umfassendes rotierendes System, das f\u00fcr optimale Ergebnisse bei jeder Bewegung entwickelt wurde. Spezifikation: 3900mm\u00d73900mm\u00d72695mm Material: Kohlenstoff-Baustahl Eigenschaften: Dieses Produkt ist ein umfassendes multifunktionales Trainingsger\u00e4t, das Sands\u00e4cke, Birnenb\u00e4lle und Wandziele integriert. Es deckt eine kleine Fl\u00e4che ab, muss nicht befestigt werden und die Sands\u00e4cke [&hellip;]<\/p>\n","protected":false},"featured_media":525391,"comment_status":"open","ping_status":"closed","template":"","meta":{"inline_featured_image":false},"product_brand":[],"product_cat":[2132,2054,2043],"product_tag":[2526],"sport":[],"class_list":{"0":"post-562940","1":"product","2":"type-product","3":"status-publish","4":"has-post-thumbnail","6":"product_cat-boxsacke","7":"product_cat-trainingsmaterial","8":"product_cat-trainingsmaterial-boxen","9":"product_tag-taishan","11":"first","12":"instock","13":"taxable","14":"shipping-taxable","15":"purchasable","16":"product-type-simple"},"yoast_head":"<!-- This site is optimized with the Yoast SEO plugin v27.2 - https:\/\/yoast.com\/product\/yoast-seo-wordpress\/ -->\n<title>Multifunktionale rotierende Antriebsstation &#8211; Daisho<\/title>\n<meta name=\"robots\" content=\"index, follow, max-snippet:-1, max-image-preview:large, max-video-preview:-1\" \/>\n<link rel=\"canonical\" href=\"https:\/\/www.daisho.be\/de\/produit\/multifunktionale-rotierende-antriebsstation\/\" \/>\n<meta property=\"og:locale\" content=\"de_DE\" \/>\n<meta property=\"og:type\" content=\"article\" \/>\n<meta property=\"og:title\" content=\"Multifunktionale rotierende Antriebsstation &#8211; Daisho\" \/>\n<meta property=\"og:description\" content=\"Boosten Sie Ihre Muskelleistung mit unserer multifunktionalen rotierenden Trainingsstation: ein innovatives und umfassendes rotierendes System, das f\u00fcr optimale Ergebnisse bei jeder Bewegung entwickelt wurde. Spezifikation: 3900mm\u00d73900mm\u00d72695mm Material: Kohlenstoff-Baustahl Eigenschaften: Dieses Produkt ist ein umfassendes multifunktionales Trainingsger\u00e4t, das Sands\u00e4cke, Birnenb\u00e4lle und Wandziele integriert. Es deckt eine kleine Fl\u00e4che ab, muss nicht befestigt werden und die Sands\u00e4cke [&hellip;]\" \/>\n<meta property=\"og:url\" content=\"https:\/\/www.daisho.be\/de\/produit\/multifunktionale-rotierende-antriebsstation\/\" \/>\n<meta property=\"og:site_name\" content=\"Daisho\" \/>\n<meta property=\"og:image\" content=\"https:\/\/www.daisho.be\/wp-content\/uploads\/2025\/06\/image-19.png\" \/>\n\t<meta property=\"og:image:width\" content=\"1663\" \/>\n\t<meta property=\"og:image:height\" content=\"1714\" \/>\n\t<meta property=\"og:image:type\" content=\"image\/png\" \/>\n<meta name=\"twitter:card\" content=\"summary_large_image\" \/>\n<meta name=\"twitter:label1\" content=\"Gesch\u00e4tzte Lesezeit\" \/>\n\t<meta name=\"twitter:data1\" content=\"1\u00a0Minute\" \/>\n<script type=\"application\/ld+json\" class=\"yoast-schema-graph\">{\"@context\":\"https:\/\/schema.org\",\"@graph\":[{\"@type\":\"WebPage\",\"@id\":\"https:\/\/www.daisho.be\/de\/produit\/multifunktionale-rotierende-antriebsstation\/\",\"url\":\"https:\/\/www.daisho.be\/de\/produit\/multifunktionale-rotierende-antriebsstation\/\",\"name\":\"Multifunktionale rotierende Antriebsstation &#8211; Daisho\",\"isPartOf\":{\"@id\":\"https:\/\/www.daisho.be\/de\/#website\"},\"primaryImageOfPage\":{\"@id\":\"https:\/\/www.daisho.be\/de\/produit\/multifunktionale-rotierende-antriebsstation\/#primaryimage\"},\"image\":{\"@id\":\"https:\/\/www.daisho.be\/de\/produit\/multifunktionale-rotierende-antriebsstation\/#primaryimage\"},\"thumbnailUrl\":\"https:\/\/www.daisho.be\/wp-content\/uploads\/2025\/06\/image-19.png\",\"datePublished\":\"2025-06-06T08:15:15+00:00\",\"breadcrumb\":{\"@id\":\"https:\/\/www.daisho.be\/de\/produit\/multifunktionale-rotierende-antriebsstation\/#breadcrumb\"},\"inLanguage\":\"de\",\"potentialAction\":[{\"@type\":\"ReadAction\",\"target\":[\"https:\/\/www.daisho.be\/de\/produit\/multifunktionale-rotierende-antriebsstation\/\"]}]},{\"@type\":\"ImageObject\",\"inLanguage\":\"de\",\"@id\":\"https:\/\/www.daisho.be\/de\/produit\/multifunktionale-rotierende-antriebsstation\/#primaryimage\",\"url\":\"https:\/\/www.daisho.be\/wp-content\/uploads\/2025\/06\/image-19.png\",\"contentUrl\":\"https:\/\/www.daisho.be\/wp-content\/uploads\/2025\/06\/image-19.png\",\"width\":1663,\"height\":1714,\"caption\":\"Poste d'entra\u00eenement rotatif multifonctionnel -1\"},{\"@type\":\"BreadcrumbList\",\"@id\":\"https:\/\/www.daisho.be\/de\/produit\/multifunktionale-rotierende-antriebsstation\/#breadcrumb\",\"itemListElement\":[{\"@type\":\"ListItem\",\"position\":1,\"name\":\"Accueil\",\"item\":\"https:\/\/www.daisho.be\/de\/\"},{\"@type\":\"ListItem\",\"position\":2,\"name\":\"Produkte\",\"item\":\"https:\/\/www.daisho.be\/de\/produkte\/\"},{\"@type\":\"ListItem\",\"position\":3,\"name\":\"Ausr\u00fcstung und Kleidung f\u00fcr Kampfkunst und Kampfsport\",\"item\":\"https:\/\/www.daisho.be\/de\/categorie-produit\/ausrustung-und-kleidung-fur-kampfkunst-und-kampfsport\/\"},{\"@type\":\"ListItem\",\"position\":4,\"name\":\"Boxen\",\"item\":\"https:\/\/www.daisho.be\/de\/categorie-produit\/ausrustung-und-kleidung-fur-kampfkunst-und-kampfsport\/boxen-de\/\"},{\"@type\":\"ListItem\",\"position\":5,\"name\":\"Trainingsmaterial Boxen\",\"item\":\"https:\/\/www.daisho.be\/de\/categorie-produit\/ausrustung-und-kleidung-fur-kampfkunst-und-kampfsport\/boxen-de\/trainingsmaterial-boxen\/\"},{\"@type\":\"ListItem\",\"position\":6,\"name\":\"Multifunktionale rotierende Antriebsstation\"}]},{\"@type\":\"WebSite\",\"@id\":\"https:\/\/www.daisho.be\/de\/#website\",\"url\":\"https:\/\/www.daisho.be\/de\/\",\"name\":\"Daisho\",\"description\":\"Sp&eacute;cialiste de l'&eacute;quipement sportif d'arts martiaux\",\"publisher\":{\"@id\":\"https:\/\/www.daisho.be\/de\/#organization\"},\"potentialAction\":[{\"@type\":\"SearchAction\",\"target\":{\"@type\":\"EntryPoint\",\"urlTemplate\":\"https:\/\/www.daisho.be\/de\/?s={search_term_string}\"},\"query-input\":{\"@type\":\"PropertyValueSpecification\",\"valueRequired\":true,\"valueName\":\"search_term_string\"}}],\"inLanguage\":\"de\"},{\"@type\":\"Organization\",\"@id\":\"https:\/\/www.daisho.be\/de\/#organization\",\"name\":\"Daisho\",\"url\":\"https:\/\/www.daisho.be\/de\/\",\"logo\":{\"@type\":\"ImageObject\",\"inLanguage\":\"de\",\"@id\":\"https:\/\/www.daisho.be\/de\/#\/schema\/logo\/image\/\",\"url\":\"https:\/\/www.daisho.be\/wp-content\/uploads\/2019\/07\/color-nothing-horizontale4x-e1564486100247.png\",\"contentUrl\":\"https:\/\/www.daisho.be\/wp-content\/uploads\/2019\/07\/color-nothing-horizontale4x-e1564486100247.png\",\"width\":1547,\"height\":385,\"caption\":\"Daisho\"},\"image\":{\"@id\":\"https:\/\/www.daisho.be\/de\/#\/schema\/logo\/image\/\"}}]}<\/script>\n<!-- \/ Yoast SEO plugin. -->","yoast_head_json":{"title":"Multifunktionale rotierende Antriebsstation &#8211; Daisho","robots":{"index":"index","follow":"follow","max-snippet":"max-snippet:-1","max-image-preview":"max-image-preview:large","max-video-preview":"max-video-preview:-1"},"canonical":"https:\/\/www.daisho.be\/de\/produit\/multifunktionale-rotierende-antriebsstation\/","og_locale":"de_DE","og_type":"article","og_title":"Multifunktionale rotierende Antriebsstation &#8211; Daisho","og_description":"Boosten Sie Ihre Muskelleistung mit unserer multifunktionalen rotierenden Trainingsstation: ein innovatives und umfassendes rotierendes System, das f\u00fcr optimale Ergebnisse bei jeder Bewegung entwickelt wurde. Spezifikation: 3900mm\u00d73900mm\u00d72695mm Material: Kohlenstoff-Baustahl Eigenschaften: Dieses Produkt ist ein umfassendes multifunktionales Trainingsger\u00e4t, das Sands\u00e4cke, Birnenb\u00e4lle und Wandziele integriert. Es deckt eine kleine Fl\u00e4che ab, muss nicht befestigt werden und die Sands\u00e4cke [&hellip;]","og_url":"https:\/\/www.daisho.be\/de\/produit\/multifunktionale-rotierende-antriebsstation\/","og_site_name":"Daisho","og_image":[{"width":1663,"height":1714,"url":"https:\/\/www.daisho.be\/wp-content\/uploads\/2025\/06\/image-19.png","type":"image\/png"}],"twitter_card":"summary_large_image","twitter_misc":{"Gesch\u00e4tzte Lesezeit":"1\u00a0Minute"},"schema":{"@context":"https:\/\/schema.org","@graph":[{"@type":"WebPage","@id":"https:\/\/www.daisho.be\/de\/produit\/multifunktionale-rotierende-antriebsstation\/","url":"https:\/\/www.daisho.be\/de\/produit\/multifunktionale-rotierende-antriebsstation\/","name":"Multifunktionale rotierende Antriebsstation &#8211; Daisho","isPartOf":{"@id":"https:\/\/www.daisho.be\/de\/#website"},"primaryImageOfPage":{"@id":"https:\/\/www.daisho.be\/de\/produit\/multifunktionale-rotierende-antriebsstation\/#primaryimage"},"image":{"@id":"https:\/\/www.daisho.be\/de\/produit\/multifunktionale-rotierende-antriebsstation\/#primaryimage"},"thumbnailUrl":"https:\/\/www.daisho.be\/wp-content\/uploads\/2025\/06\/image-19.png","datePublished":"2025-06-06T08:15:15+00:00","breadcrumb":{"@id":"https:\/\/www.daisho.be\/de\/produit\/multifunktionale-rotierende-antriebsstation\/#breadcrumb"},"inLanguage":"de","potentialAction":[{"@type":"ReadAction","target":["https:\/\/www.daisho.be\/de\/produit\/multifunktionale-rotierende-antriebsstation\/"]}]},{"@type":"ImageObject","inLanguage":"de","@id":"https:\/\/www.daisho.be\/de\/produit\/multifunktionale-rotierende-antriebsstation\/#primaryimage","url":"https:\/\/www.daisho.be\/wp-content\/uploads\/2025\/06\/image-19.png","contentUrl":"https:\/\/www.daisho.be\/wp-content\/uploads\/2025\/06\/image-19.png","width":1663,"height":1714,"caption":"Poste d'entra\u00eenement rotatif multifonctionnel -1"},{"@type":"BreadcrumbList","@id":"https:\/\/www.daisho.be\/de\/produit\/multifunktionale-rotierende-antriebsstation\/#breadcrumb","itemListElement":[{"@type":"ListItem","position":1,"name":"Accueil","item":"https:\/\/www.daisho.be\/de\/"},{"@type":"ListItem","position":2,"name":"Produkte","item":"https:\/\/www.daisho.be\/de\/produkte\/"},{"@type":"ListItem","position":3,"name":"Ausr\u00fcstung und Kleidung f\u00fcr Kampfkunst und Kampfsport","item":"https:\/\/www.daisho.be\/de\/categorie-produit\/ausrustung-und-kleidung-fur-kampfkunst-und-kampfsport\/"},{"@type":"ListItem","position":4,"name":"Boxen","item":"https:\/\/www.daisho.be\/de\/categorie-produit\/ausrustung-und-kleidung-fur-kampfkunst-und-kampfsport\/boxen-de\/"},{"@type":"ListItem","position":5,"name":"Trainingsmaterial Boxen","item":"https:\/\/www.daisho.be\/de\/categorie-produit\/ausrustung-und-kleidung-fur-kampfkunst-und-kampfsport\/boxen-de\/trainingsmaterial-boxen\/"},{"@type":"ListItem","position":6,"name":"Multifunktionale rotierende Antriebsstation"}]},{"@type":"WebSite","@id":"https:\/\/www.daisho.be\/de\/#website","url":"https:\/\/www.daisho.be\/de\/","name":"Daisho","description":"Sp&eacute;cialiste de l'&eacute;quipement sportif d'arts martiaux","publisher":{"@id":"https:\/\/www.daisho.be\/de\/#organization"},"potentialAction":[{"@type":"SearchAction","target":{"@type":"EntryPoint","urlTemplate":"https:\/\/www.daisho.be\/de\/?s={search_term_string}"},"query-input":{"@type":"PropertyValueSpecification","valueRequired":true,"valueName":"search_term_string"}}],"inLanguage":"de"},{"@type":"Organization","@id":"https:\/\/www.daisho.be\/de\/#organization","name":"Daisho","url":"https:\/\/www.daisho.be\/de\/","logo":{"@type":"ImageObject","inLanguage":"de","@id":"https:\/\/www.daisho.be\/de\/#\/schema\/logo\/image\/","url":"https:\/\/www.daisho.be\/wp-content\/uploads\/2019\/07\/color-nothing-horizontale4x-e1564486100247.png","contentUrl":"https:\/\/www.daisho.be\/wp-content\/uploads\/2019\/07\/color-nothing-horizontale4x-e1564486100247.png","width":1547,"height":385,"caption":"Daisho"},"image":{"@id":"https:\/\/www.daisho.be\/de\/#\/schema\/logo\/image\/"}}]}},"_links":{"self":[{"href":"https:\/\/www.daisho.be\/de\/wp-json\/wp\/v2\/product\/562940","targetHints":{"allow":["GET"]}}],"collection":[{"href":"https:\/\/www.daisho.be\/de\/wp-json\/wp\/v2\/product"}],"about":[{"href":"https:\/\/www.daisho.be\/de\/wp-json\/wp\/v2\/types\/product"}],"replies":[{"embeddable":true,"href":"https:\/\/www.daisho.be\/de\/wp-json\/wp\/v2\/comments?post=562940"}],"wp:featuredmedia":[{"embeddable":true,"href":"https:\/\/www.daisho.be\/de\/wp-json\/wp\/v2\/media\/525391"}],"wp:attachment":[{"href":"https:\/\/www.daisho.be\/de\/wp-json\/wp\/v2\/media?parent=562940"}],"wp:term":[{"taxonomy":"product_brand","embeddable":true,"href":"https:\/\/www.daisho.be\/de\/wp-json\/wp\/v2\/product_brand?post=562940"},{"taxonomy":"product_cat","embeddable":true,"href":"https:\/\/www.daisho.be\/de\/wp-json\/wp\/v2\/product_cat?post=562940"},{"taxonomy":"product_tag","embeddable":true,"href":"https:\/\/www.daisho.be\/de\/wp-json\/wp\/v2\/product_tag?post=562940"},{"taxonomy":"sport","embeddable":true,"href":"https:\/\/www.daisho.be\/de\/wp-json\/wp\/v2\/sport?post=562940"}],"curies":[{"name":"wp","href":"https:\/\/api.w.org\/{rel}","templated":true}]}}