{"id":562934,"date":"2025-06-06T10:33:59","date_gmt":"2025-06-06T08:33:59","guid":{"rendered":"https:\/\/www.daisho.be\/produit\/wushu-wettkampfmatte-iwuf-geprueft\/"},"modified":"2025-06-06T10:33:59","modified_gmt":"2025-06-06T08:33:59","slug":"wushu-wettkampfmatte-iwuf-geprueft","status":"publish","type":"product","link":"https:\/\/www.daisho.be\/de\/produit\/wushu-wettkampfmatte-iwuf-geprueft\/","title":{"rendered":"Wushu-Wettkampfmatte (IWUF-gepr\u00fcft)"},"content":{"rendered":"<p>Die Wushu-Bodenmatte wurde speziell f\u00fcr Wettk\u00e4mpfe entwickelt. Sie ist von der IWUF genehmigt und entspricht daher den Vorschriften des internationalen Wushu-Verbandes. <x id=\"gid_0\"><\/x>Spezifikation: 12000 mm \u00d7 18000 mm \u00d7 90 mm<x id=\"gid_1\"><\/x>Wettkampfbereich: 8000 mm \u00d7 14000 mm<x id=\"gid_2\"><\/x>Material: XPE, Mehrschichtplatte und Matte.<x id=\"gid_3\"><\/x>Eigenschaften: Die Farbe der Oberfl\u00e4che ist einheitlich. Es tritt keine elektrostatische Induktion nach Reibung und keine offensichtliche Verformung nach Druck auf.<br \/>\nHinweis: Dieses Produkt wurde patentiert. Genehmigt von der International Wushu Federation und der Chinese Wushu Association. <\/p>\n","protected":false},"excerpt":{"rendered":"<p>Die Wushu-Bodenmatte wurde speziell f\u00fcr Wettk\u00e4mpfe entwickelt. Sie ist von der IWUF genehmigt und entspricht daher den Vorschriften des internationalen Wushu-Verbandes. Spezifikation: 12000 mm \u00d7 18000 mm \u00d7 90 mmWettkampfbereich: 8000 mm \u00d7 14000 mmMaterial: XPE, Mehrschichtplatte und Matte.Eigenschaften: Die Farbe der Oberfl\u00e4che ist einheitlich. Es tritt keine elektrostatische Induktion nach Reibung und keine offensichtliche [&hellip;]<\/p>\n","protected":false},"featured_media":525405,"comment_status":"open","ping_status":"closed","template":"","meta":{"inline_featured_image":false},"product_brand":[],"product_cat":[2052,2253,2037],"product_tag":[2526],"sport":[],"class_list":{"0":"post-562934","1":"product","2":"type-product","3":"status-publish","4":"has-post-thumbnail","6":"product_cat-protektoren-boxen","7":"product_cat-teppich","8":"product_cat-wettbewerbsausrustungen","9":"product_tag-taishan","11":"first","12":"instock","13":"taxable","14":"shipping-taxable","15":"purchasable","16":"product-type-simple"},"yoast_head":"<!-- This site is optimized with the Yoast SEO plugin v27.2 - https:\/\/yoast.com\/product\/yoast-seo-wordpress\/ -->\n<title>Wushu-Wettkampfmatte (IWUF-gepr\u00fcft) &#8211; Daisho<\/title>\n<meta name=\"robots\" content=\"index, follow, max-snippet:-1, max-image-preview:large, max-video-preview:-1\" \/>\n<link rel=\"canonical\" href=\"https:\/\/www.daisho.be\/de\/produit\/wushu-wettkampfmatte-iwuf-geprueft\/\" \/>\n<meta property=\"og:locale\" content=\"de_DE\" \/>\n<meta property=\"og:type\" content=\"article\" \/>\n<meta property=\"og:title\" content=\"Wushu-Wettkampfmatte (IWUF-gepr\u00fcft) &#8211; Daisho\" \/>\n<meta property=\"og:description\" content=\"Die Wushu-Bodenmatte wurde speziell f\u00fcr Wettk\u00e4mpfe entwickelt. Sie ist von der IWUF genehmigt und entspricht daher den Vorschriften des internationalen Wushu-Verbandes. Spezifikation: 12000 mm \u00d7 18000 mm \u00d7 90 mmWettkampfbereich: 8000 mm \u00d7 14000 mmMaterial: XPE, Mehrschichtplatte und Matte.Eigenschaften: Die Farbe der Oberfl\u00e4che ist einheitlich. Es tritt keine elektrostatische Induktion nach Reibung und keine offensichtliche [&hellip;]\" \/>\n<meta property=\"og:url\" content=\"https:\/\/www.daisho.be\/de\/produit\/wushu-wettkampfmatte-iwuf-geprueft\/\" \/>\n<meta property=\"og:site_name\" content=\"Daisho\" \/>\n<meta property=\"og:image\" content=\"https:\/\/www.daisho.be\/wp-content\/uploads\/2025\/06\/image-17.jpg\" \/>\n\t<meta property=\"og:image:width\" content=\"1920\" \/>\n\t<meta property=\"og:image:height\" content=\"1080\" \/>\n\t<meta property=\"og:image:type\" content=\"image\/jpeg\" \/>\n<meta name=\"twitter:card\" content=\"summary_large_image\" \/>\n<script type=\"application\/ld+json\" class=\"yoast-schema-graph\">{\"@context\":\"https:\/\/schema.org\",\"@graph\":[{\"@type\":\"WebPage\",\"@id\":\"https:\/\/www.daisho.be\/de\/produit\/wushu-wettkampfmatte-iwuf-geprueft\/\",\"url\":\"https:\/\/www.daisho.be\/de\/produit\/wushu-wettkampfmatte-iwuf-geprueft\/\",\"name\":\"Wushu-Wettkampfmatte (IWUF-gepr\u00fcft) &#8211; Daisho\",\"isPartOf\":{\"@id\":\"https:\/\/www.daisho.be\/de\/#website\"},\"primaryImageOfPage\":{\"@id\":\"https:\/\/www.daisho.be\/de\/produit\/wushu-wettkampfmatte-iwuf-geprueft\/#primaryimage\"},\"image\":{\"@id\":\"https:\/\/www.daisho.be\/de\/produit\/wushu-wettkampfmatte-iwuf-geprueft\/#primaryimage\"},\"thumbnailUrl\":\"https:\/\/www.daisho.be\/wp-content\/uploads\/2025\/06\/image-17.jpg\",\"datePublished\":\"2025-06-06T08:33:59+00:00\",\"breadcrumb\":{\"@id\":\"https:\/\/www.daisho.be\/de\/produit\/wushu-wettkampfmatte-iwuf-geprueft\/#breadcrumb\"},\"inLanguage\":\"de\",\"potentialAction\":[{\"@type\":\"ReadAction\",\"target\":[\"https:\/\/www.daisho.be\/de\/produit\/wushu-wettkampfmatte-iwuf-geprueft\/\"]}]},{\"@type\":\"ImageObject\",\"inLanguage\":\"de\",\"@id\":\"https:\/\/www.daisho.be\/de\/produit\/wushu-wettkampfmatte-iwuf-geprueft\/#primaryimage\",\"url\":\"https:\/\/www.daisho.be\/wp-content\/uploads\/2025\/06\/image-17.jpg\",\"contentUrl\":\"https:\/\/www.daisho.be\/wp-content\/uploads\/2025\/06\/image-17.jpg\",\"width\":1920,\"height\":1080,\"caption\":\"Tapis de comp\u00e9tition de wushu (IWUF approuv\u00e9) -1\"},{\"@type\":\"BreadcrumbList\",\"@id\":\"https:\/\/www.daisho.be\/de\/produit\/wushu-wettkampfmatte-iwuf-geprueft\/#breadcrumb\",\"itemListElement\":[{\"@type\":\"ListItem\",\"position\":1,\"name\":\"Accueil\",\"item\":\"https:\/\/www.daisho.be\/de\/\"},{\"@type\":\"ListItem\",\"position\":2,\"name\":\"Produkte\",\"item\":\"https:\/\/www.daisho.be\/de\/produkte\/\"},{\"@type\":\"ListItem\",\"position\":3,\"name\":\"Ausr\u00fcstung und Kleidung f\u00fcr Kampfkunst und Kampfsport\",\"item\":\"https:\/\/www.daisho.be\/de\/categorie-produit\/ausrustung-und-kleidung-fur-kampfkunst-und-kampfsport\/\"},{\"@type\":\"ListItem\",\"position\":4,\"name\":\"Boxen\",\"item\":\"https:\/\/www.daisho.be\/de\/categorie-produit\/ausrustung-und-kleidung-fur-kampfkunst-und-kampfsport\/boxen-de\/\"},{\"@type\":\"ListItem\",\"position\":5,\"name\":\"Protektoren Boxen\",\"item\":\"https:\/\/www.daisho.be\/de\/categorie-produit\/ausrustung-und-kleidung-fur-kampfkunst-und-kampfsport\/boxen-de\/protektoren-boxen\/\"},{\"@type\":\"ListItem\",\"position\":6,\"name\":\"Wushu-Wettkampfmatte (IWUF-gepr\u00fcft)\"}]},{\"@type\":\"WebSite\",\"@id\":\"https:\/\/www.daisho.be\/de\/#website\",\"url\":\"https:\/\/www.daisho.be\/de\/\",\"name\":\"Daisho\",\"description\":\"Sp&eacute;cialiste de l'&eacute;quipement sportif d'arts martiaux\",\"publisher\":{\"@id\":\"https:\/\/www.daisho.be\/de\/#organization\"},\"potentialAction\":[{\"@type\":\"SearchAction\",\"target\":{\"@type\":\"EntryPoint\",\"urlTemplate\":\"https:\/\/www.daisho.be\/de\/?s={search_term_string}\"},\"query-input\":{\"@type\":\"PropertyValueSpecification\",\"valueRequired\":true,\"valueName\":\"search_term_string\"}}],\"inLanguage\":\"de\"},{\"@type\":\"Organization\",\"@id\":\"https:\/\/www.daisho.be\/de\/#organization\",\"name\":\"Daisho\",\"url\":\"https:\/\/www.daisho.be\/de\/\",\"logo\":{\"@type\":\"ImageObject\",\"inLanguage\":\"de\",\"@id\":\"https:\/\/www.daisho.be\/de\/#\/schema\/logo\/image\/\",\"url\":\"https:\/\/www.daisho.be\/wp-content\/uploads\/2019\/07\/color-nothing-horizontale4x-e1564486100247.png\",\"contentUrl\":\"https:\/\/www.daisho.be\/wp-content\/uploads\/2019\/07\/color-nothing-horizontale4x-e1564486100247.png\",\"width\":1547,\"height\":385,\"caption\":\"Daisho\"},\"image\":{\"@id\":\"https:\/\/www.daisho.be\/de\/#\/schema\/logo\/image\/\"}}]}<\/script>\n<!-- \/ Yoast SEO plugin. -->","yoast_head_json":{"title":"Wushu-Wettkampfmatte (IWUF-gepr\u00fcft) &#8211; Daisho","robots":{"index":"index","follow":"follow","max-snippet":"max-snippet:-1","max-image-preview":"max-image-preview:large","max-video-preview":"max-video-preview:-1"},"canonical":"https:\/\/www.daisho.be\/de\/produit\/wushu-wettkampfmatte-iwuf-geprueft\/","og_locale":"de_DE","og_type":"article","og_title":"Wushu-Wettkampfmatte (IWUF-gepr\u00fcft) &#8211; Daisho","og_description":"Die Wushu-Bodenmatte wurde speziell f\u00fcr Wettk\u00e4mpfe entwickelt. Sie ist von der IWUF genehmigt und entspricht daher den Vorschriften des internationalen Wushu-Verbandes. Spezifikation: 12000 mm \u00d7 18000 mm \u00d7 90 mmWettkampfbereich: 8000 mm \u00d7 14000 mmMaterial: XPE, Mehrschichtplatte und Matte.Eigenschaften: Die Farbe der Oberfl\u00e4che ist einheitlich. Es tritt keine elektrostatische Induktion nach Reibung und keine offensichtliche [&hellip;]","og_url":"https:\/\/www.daisho.be\/de\/produit\/wushu-wettkampfmatte-iwuf-geprueft\/","og_site_name":"Daisho","og_image":[{"width":1920,"height":1080,"url":"https:\/\/www.daisho.be\/wp-content\/uploads\/2025\/06\/image-17.jpg","type":"image\/jpeg"}],"twitter_card":"summary_large_image","schema":{"@context":"https:\/\/schema.org","@graph":[{"@type":"WebPage","@id":"https:\/\/www.daisho.be\/de\/produit\/wushu-wettkampfmatte-iwuf-geprueft\/","url":"https:\/\/www.daisho.be\/de\/produit\/wushu-wettkampfmatte-iwuf-geprueft\/","name":"Wushu-Wettkampfmatte (IWUF-gepr\u00fcft) &#8211; Daisho","isPartOf":{"@id":"https:\/\/www.daisho.be\/de\/#website"},"primaryImageOfPage":{"@id":"https:\/\/www.daisho.be\/de\/produit\/wushu-wettkampfmatte-iwuf-geprueft\/#primaryimage"},"image":{"@id":"https:\/\/www.daisho.be\/de\/produit\/wushu-wettkampfmatte-iwuf-geprueft\/#primaryimage"},"thumbnailUrl":"https:\/\/www.daisho.be\/wp-content\/uploads\/2025\/06\/image-17.jpg","datePublished":"2025-06-06T08:33:59+00:00","breadcrumb":{"@id":"https:\/\/www.daisho.be\/de\/produit\/wushu-wettkampfmatte-iwuf-geprueft\/#breadcrumb"},"inLanguage":"de","potentialAction":[{"@type":"ReadAction","target":["https:\/\/www.daisho.be\/de\/produit\/wushu-wettkampfmatte-iwuf-geprueft\/"]}]},{"@type":"ImageObject","inLanguage":"de","@id":"https:\/\/www.daisho.be\/de\/produit\/wushu-wettkampfmatte-iwuf-geprueft\/#primaryimage","url":"https:\/\/www.daisho.be\/wp-content\/uploads\/2025\/06\/image-17.jpg","contentUrl":"https:\/\/www.daisho.be\/wp-content\/uploads\/2025\/06\/image-17.jpg","width":1920,"height":1080,"caption":"Tapis de comp\u00e9tition de wushu (IWUF approuv\u00e9) -1"},{"@type":"BreadcrumbList","@id":"https:\/\/www.daisho.be\/de\/produit\/wushu-wettkampfmatte-iwuf-geprueft\/#breadcrumb","itemListElement":[{"@type":"ListItem","position":1,"name":"Accueil","item":"https:\/\/www.daisho.be\/de\/"},{"@type":"ListItem","position":2,"name":"Produkte","item":"https:\/\/www.daisho.be\/de\/produkte\/"},{"@type":"ListItem","position":3,"name":"Ausr\u00fcstung und Kleidung f\u00fcr Kampfkunst und Kampfsport","item":"https:\/\/www.daisho.be\/de\/categorie-produit\/ausrustung-und-kleidung-fur-kampfkunst-und-kampfsport\/"},{"@type":"ListItem","position":4,"name":"Boxen","item":"https:\/\/www.daisho.be\/de\/categorie-produit\/ausrustung-und-kleidung-fur-kampfkunst-und-kampfsport\/boxen-de\/"},{"@type":"ListItem","position":5,"name":"Protektoren Boxen","item":"https:\/\/www.daisho.be\/de\/categorie-produit\/ausrustung-und-kleidung-fur-kampfkunst-und-kampfsport\/boxen-de\/protektoren-boxen\/"},{"@type":"ListItem","position":6,"name":"Wushu-Wettkampfmatte (IWUF-gepr\u00fcft)"}]},{"@type":"WebSite","@id":"https:\/\/www.daisho.be\/de\/#website","url":"https:\/\/www.daisho.be\/de\/","name":"Daisho","description":"Sp&eacute;cialiste de l'&eacute;quipement sportif d'arts martiaux","publisher":{"@id":"https:\/\/www.daisho.be\/de\/#organization"},"potentialAction":[{"@type":"SearchAction","target":{"@type":"EntryPoint","urlTemplate":"https:\/\/www.daisho.be\/de\/?s={search_term_string}"},"query-input":{"@type":"PropertyValueSpecification","valueRequired":true,"valueName":"search_term_string"}}],"inLanguage":"de"},{"@type":"Organization","@id":"https:\/\/www.daisho.be\/de\/#organization","name":"Daisho","url":"https:\/\/www.daisho.be\/de\/","logo":{"@type":"ImageObject","inLanguage":"de","@id":"https:\/\/www.daisho.be\/de\/#\/schema\/logo\/image\/","url":"https:\/\/www.daisho.be\/wp-content\/uploads\/2019\/07\/color-nothing-horizontale4x-e1564486100247.png","contentUrl":"https:\/\/www.daisho.be\/wp-content\/uploads\/2019\/07\/color-nothing-horizontale4x-e1564486100247.png","width":1547,"height":385,"caption":"Daisho"},"image":{"@id":"https:\/\/www.daisho.be\/de\/#\/schema\/logo\/image\/"}}]}},"_links":{"self":[{"href":"https:\/\/www.daisho.be\/de\/wp-json\/wp\/v2\/product\/562934","targetHints":{"allow":["GET"]}}],"collection":[{"href":"https:\/\/www.daisho.be\/de\/wp-json\/wp\/v2\/product"}],"about":[{"href":"https:\/\/www.daisho.be\/de\/wp-json\/wp\/v2\/types\/product"}],"replies":[{"embeddable":true,"href":"https:\/\/www.daisho.be\/de\/wp-json\/wp\/v2\/comments?post=562934"}],"wp:featuredmedia":[{"embeddable":true,"href":"https:\/\/www.daisho.be\/de\/wp-json\/wp\/v2\/media\/525405"}],"wp:attachment":[{"href":"https:\/\/www.daisho.be\/de\/wp-json\/wp\/v2\/media?parent=562934"}],"wp:term":[{"taxonomy":"product_brand","embeddable":true,"href":"https:\/\/www.daisho.be\/de\/wp-json\/wp\/v2\/product_brand?post=562934"},{"taxonomy":"product_cat","embeddable":true,"href":"https:\/\/www.daisho.be\/de\/wp-json\/wp\/v2\/product_cat?post=562934"},{"taxonomy":"product_tag","embeddable":true,"href":"https:\/\/www.daisho.be\/de\/wp-json\/wp\/v2\/product_tag?post=562934"},{"taxonomy":"sport","embeddable":true,"href":"https:\/\/www.daisho.be\/de\/wp-json\/wp\/v2\/sport?post=562934"}],"curies":[{"name":"wp","href":"https:\/\/api.w.org\/{rel}","templated":true}]}}